{"id":5653,"date":"2025-04-27T13:43:47","date_gmt":"2025-04-27T16:43:47","guid":{"rendered":"https:\/\/atividademapa.com\/?post_type=product&#038;p=5653"},"modified":"2025-04-27T13:43:48","modified_gmt":"2025-04-27T16:43:48","slug":"mapa-eprod-estatistica-e-probabilidade-51_2025","status":"publish","type":"product","link":"https:\/\/atividademapa.com\/?product=mapa-eprod-estatistica-e-probabilidade-51_2025","title":{"rendered":"MAPA &#8211; EPROD &#8211; ESTAT\u00cdSTICA E PROBABILIDADE &#8211; 51_2025"},"content":{"rendered":"<p><strong>MAPA &#8211; EPROD &#8211; ESTAT\u00cdSTICA E PROBABILIDADE &#8211; 51_2025<\/strong><\/p>\n<p><strong>\u00a0<\/strong><\/p>\n<p><strong>QUEST\u00c3O 1<\/strong><\/p>\n<ul>\n<li><\/li>\n<\/ul>\n<p>&#8220;Conhecimentos estat\u00edsticos s\u00e3o fundamentais para o Engenheiro, pois seus fundamentos est\u00e3o presentes em outras disciplinas e, consequentemente, no seu trabalho. Algumas das \u00e1reas de aplica\u00e7\u00e3o s\u00e3o qualidades, Simula\u00e7\u00e3o e Planejamento e Controle da Produ\u00e7\u00e3o. [&#8230;] Adicionalmente, tamb\u00e9m usam-se princ\u00edpios de probabilidade e estat\u00edstica na medi\u00e7\u00e3o de erros de previs\u00e3o e em modelos probabil\u00edsticos de invent\u00e1rio&#8221; (Dias, 2023, on-line).<\/p>\n<p>Fonte: DIAS, J.<strong>\u00a0A import\u00e2ncia da Estat\u00edstica na Engenharia de Produ\u00e7\u00e3o<\/strong>. Em: Engenharia 360. 2023. Dispon\u00edvel em: https:\/\/engenharia360.com\/importancia-da-estatistica-na-engenharia-de-producao\/. Acesso em: 28 jan.2025.<\/p>\n<p>Criada em 1979, a Associa\u00e7\u00e3o Brasileira das Ind\u00fastrias Exportadoras de Carnes (ABIEC) re\u00fane\u00a043 empresas\u00a0do setor no pa\u00eds, respons\u00e1veis por 98% da carne negociada para mercados internacionais. Atualmente, o Brasil exporta cerca de 25% da carne bovina produzida aqui no pa\u00eds, negociada para centenas de pa\u00edses em todo o mundo, seguindo os mais rigorosos padr\u00f5es de qualidade para atender \u00e0s demandas do mercado.<\/p>\n<p>Fonte: adaptado de: https:\/\/www.abiec.com.br\/. Acesso em: 1 nov. 2024.<\/p>\n<p>\u200bCom rela\u00e7\u00e3o \u00e0 exporta\u00e7\u00e3o de carnes, os gr\u00e1ficos a seguir apresentam a evolu\u00e7\u00e3o do abate de bovinos e da participa\u00e7\u00e3o de machos e f\u00eameas, por trimestre (indicado por algarismo romano), segundo informa\u00e7\u00f5es obtidas pelo IBGE.<\/p>\n<p><strong>Gr\u00e1fico 1.<\/strong><\/p>\n<p>..<\/p>\n<p><strong>Grafico 2.<\/strong><br \/>\n..<\/p>\n<p>A partir dos dados observados nos gr\u00e1ficos, para essa atividade voc\u00ea deve fazer:<\/p>\n<p>a) Qual a diferen\u00e7a entre as informa\u00e7\u00f5es mencionadas no gr\u00e1fico 1 e no gr\u00e1fico 2?<\/p>\n<p>b) Qual a maior quantidade de cabe\u00e7as de gado abatida? E quando foi?<\/p>\n<p>c) Qual a maior quantidade de f\u00eameas abatidas? E quando foi? Apresente os c\u00e1lculos.<\/p>\n<p>d) O abate de gado foi sempre crescente? Justifique sua resposta.<\/p>\n<p>e) Qual a diferen\u00e7a entre o n\u00famero de machos e o n\u00famero de f\u00eameas abatidos no primeiro trimestre de 2021? Apresente os c\u00e1lculos.<\/p>\n<p>f) Qual a m\u00e9dia dos valores de abate de bovinos no primeiro trimestre, considerando-se os valores e per\u00edodos mencionados no gr\u00e1fico? Interprete o resultado.<\/p>\n<p>g) Qual a mediana dos valores de abate de bovinos no primeiro trimestre para os per\u00edodos mencionados no gr\u00e1fico? Interprete o resultado.<\/p>\n<p>h) Existe algum valor modal para o abate de bovinos no primeiro trimestre? Se existir, qual \u00e9 o valor? Interprete o resultado.<\/p>\n<p>i) Considerando-se o per\u00edodo\u00a0entre o in\u00edcio de\u00a02019 at\u00e9 o final de 2023, selecionando um trimestre aleatoriamente, qual a probabilidade do trimestre selecionado ser um n\u00famero \u00edmpar e ter a maior quantidade de bovinos abatidos no seu respectivo ano?<\/p>\n<p>&nbsp;<\/p>\n","protected":false},"excerpt":{"rendered":"<p>MAPA &#8211; EPROD &#8211; ESTAT\u00cdSTICA E PROBABILIDADE &#8211; 51_2025 \u00a0 QUEST\u00c3O 1 &#8220;Conhecimentos estat\u00edsticos s\u00e3o fundamentais para o Engenheiro, pois<\/p>\n","protected":false},"featured_media":2326,"template":"","meta":{"_monsterinsights_skip_tracking":false,"_monsterinsights_sitenote_active":false,"_monsterinsights_sitenote_note":"","_monsterinsights_sitenote_category":0},"product_brand":[],"product_cat":[152],"product_tag":[],"class_list":{"0":"post-5653","1":"product","2":"type-product","3":"status-publish","4":"has-post-thumbnail","6":"product_cat-engenharia-da-producao","8":"first","9":"instock","10":"downloadable","11":"virtual","12":"purchasable","13":"product-type-simple"},"yoast_head":"<!-- This site is optimized with the Yoast SEO plugin v27.4 - https:\/\/yoast.com\/product\/yoast-seo-wordpress\/ -->\n<title>MAPA - EPROD - ESTAT\u00cdSTICA E PROBABILIDADE - 51_2025<\/title>\n<meta name=\"description\" content=\"Atividade MAPA - EPROD - ESTAT\u00cdSTICA E PROBABILIDADE - 51_2025 &#8902; Unicesumar. Baixe agora mesmo um Mapa Pronto resolvido!\" \/>\n<meta name=\"robots\" content=\"index, follow, max-snippet:-1, max-image-preview:large, max-video-preview:-1\" \/>\n<link rel=\"canonical\" href=\"https:\/\/atividademapa.com\/?product=mapa-eprod-estatistica-e-probabilidade-51_2025\" \/>\n<meta property=\"og:locale\" content=\"pt_BR\" \/>\n<meta property=\"og:type\" content=\"article\" \/>\n<meta property=\"og:title\" content=\"MAPA - EPROD - ESTAT\u00cdSTICA E PROBABILIDADE - 51_2025\" \/>\n<meta property=\"og:description\" content=\"Atividade MAPA - EPROD - ESTAT\u00cdSTICA E PROBABILIDADE - 51_2025 &#8902; Unicesumar. Baixe agora mesmo um Mapa Pronto resolvido!\" \/>\n<meta property=\"og:url\" content=\"https:\/\/atividademapa.com\/?product=mapa-eprod-estatistica-e-probabilidade-51_2025\" \/>\n<meta property=\"og:site_name\" content=\"Atividade Mapa\" \/>\n<meta property=\"article:modified_time\" content=\"2025-04-27T16:43:48+00:00\" \/>\n<meta property=\"og:image\" content=\"https:\/\/i0.wp.com\/atividademapa.com\/wp-content\/uploads\/2023\/03\/Atividade-M.A.P.A-3.png?fit=300%2C300&ssl=1\" \/>\n\t<meta property=\"og:image:width\" content=\"300\" \/>\n\t<meta property=\"og:image:height\" content=\"300\" \/>\n\t<meta property=\"og:image:type\" content=\"image\/png\" \/>\n<meta name=\"twitter:card\" content=\"summary_large_image\" \/>\n<meta name=\"twitter:label1\" content=\"Est. tempo de leitura\" \/>\n\t<meta name=\"twitter:data1\" content=\"2 minutos\" \/>\n<script type=\"application\/ld+json\" class=\"yoast-schema-graph\">{\"@context\":\"https:\\\/\\\/schema.org\",\"@graph\":[{\"@type\":\"WebPage\",\"@id\":\"https:\\\/\\\/atividademapa.com\\\/?product=mapa-eprod-estatistica-e-probabilidade-51_2025\",\"url\":\"https:\\\/\\\/atividademapa.com\\\/?product=mapa-eprod-estatistica-e-probabilidade-51_2025\",\"name\":\"MAPA - EPROD - ESTAT\u00cdSTICA E PROBABILIDADE - 51_2025\",\"isPartOf\":{\"@id\":\"https:\\\/\\\/atividademapa.com\\\/#website\"},\"primaryImageOfPage\":{\"@id\":\"https:\\\/\\\/atividademapa.com\\\/?product=mapa-eprod-estatistica-e-probabilidade-51_2025#primaryimage\"},\"image\":{\"@id\":\"https:\\\/\\\/atividademapa.com\\\/?product=mapa-eprod-estatistica-e-probabilidade-51_2025#primaryimage\"},\"thumbnailUrl\":\"https:\\\/\\\/i0.wp.com\\\/atividademapa.com\\\/wp-content\\\/uploads\\\/2023\\\/03\\\/Atividade-M.A.P.A-3.png?fit=300%2C300&ssl=1\",\"datePublished\":\"2025-04-27T16:43:47+00:00\",\"dateModified\":\"2025-04-27T16:43:48+00:00\",\"description\":\"Atividade MAPA - EPROD - ESTAT\u00cdSTICA E PROBABILIDADE - 51_2025 &#8902; Unicesumar. Baixe agora mesmo um Mapa Pronto resolvido!\",\"breadcrumb\":{\"@id\":\"https:\\\/\\\/atividademapa.com\\\/?product=mapa-eprod-estatistica-e-probabilidade-51_2025#breadcrumb\"},\"inLanguage\":\"pt-BR\",\"potentialAction\":[{\"@type\":\"ReadAction\",\"target\":[\"https:\\\/\\\/atividademapa.com\\\/?product=mapa-eprod-estatistica-e-probabilidade-51_2025\"]}]},{\"@type\":\"ImageObject\",\"inLanguage\":\"pt-BR\",\"@id\":\"https:\\\/\\\/atividademapa.com\\\/?product=mapa-eprod-estatistica-e-probabilidade-51_2025#primaryimage\",\"url\":\"https:\\\/\\\/i0.wp.com\\\/atividademapa.com\\\/wp-content\\\/uploads\\\/2023\\\/03\\\/Atividade-M.A.P.A-3.png?fit=300%2C300&ssl=1\",\"contentUrl\":\"https:\\\/\\\/i0.wp.com\\\/atividademapa.com\\\/wp-content\\\/uploads\\\/2023\\\/03\\\/Atividade-M.A.P.A-3.png?fit=300%2C300&ssl=1\",\"width\":300,\"height\":300,\"caption\":\"Mapa Unicesumar Atividade\"},{\"@type\":\"BreadcrumbList\",\"@id\":\"https:\\\/\\\/atividademapa.com\\\/?product=mapa-eprod-estatistica-e-probabilidade-51_2025#breadcrumb\",\"itemListElement\":[{\"@type\":\"ListItem\",\"position\":1,\"name\":\"In\u00edcio\",\"item\":\"https:\\\/\\\/atividademapa.com\\\/\"},{\"@type\":\"ListItem\",\"position\":2,\"name\":\"MAPAS\",\"item\":\"https:\\\/\\\/atividademapa.com\\\/?page_id=5\"},{\"@type\":\"ListItem\",\"position\":3,\"name\":\"MAPA &#8211; EPROD &#8211; ESTAT\u00cdSTICA E PROBABILIDADE &#8211; 51_2025\"}]},{\"@type\":\"WebSite\",\"@id\":\"https:\\\/\\\/atividademapa.com\\\/#website\",\"url\":\"https:\\\/\\\/atividademapa.com\\\/\",\"name\":\"Atividade Mapa\",\"description\":\"StudeO | Unicesumar\",\"publisher\":{\"@id\":\"https:\\\/\\\/atividademapa.com\\\/#organization\"},\"potentialAction\":[{\"@type\":\"SearchAction\",\"target\":{\"@type\":\"EntryPoint\",\"urlTemplate\":\"https:\\\/\\\/atividademapa.com\\\/?s={search_term_string}\"},\"query-input\":{\"@type\":\"PropertyValueSpecification\",\"valueRequired\":true,\"valueName\":\"search_term_string\"}}],\"inLanguage\":\"pt-BR\"},{\"@type\":\"Organization\",\"@id\":\"https:\\\/\\\/atividademapa.com\\\/#organization\",\"name\":\"Atividade MAPA\",\"url\":\"https:\\\/\\\/atividademapa.com\\\/\",\"logo\":{\"@type\":\"ImageObject\",\"inLanguage\":\"pt-BR\",\"@id\":\"https:\\\/\\\/atividademapa.com\\\/#\\\/schema\\\/logo\\\/image\\\/\",\"url\":\"https:\\\/\\\/i0.wp.com\\\/atividademapa.com\\\/wp-content\\\/uploads\\\/2023\\\/02\\\/ATIVIDADE.png?fit=600%2C300&ssl=1\",\"contentUrl\":\"https:\\\/\\\/i0.wp.com\\\/atividademapa.com\\\/wp-content\\\/uploads\\\/2023\\\/02\\\/ATIVIDADE.png?fit=600%2C300&ssl=1\",\"width\":600,\"height\":300,\"caption\":\"Atividade MAPA\"},\"image\":{\"@id\":\"https:\\\/\\\/atividademapa.com\\\/#\\\/schema\\\/logo\\\/image\\\/\"}}]}<\/script>\n<!-- \/ Yoast SEO plugin. -->","yoast_head_json":{"title":"MAPA - EPROD - ESTAT\u00cdSTICA E PROBABILIDADE - 51_2025","description":"Atividade MAPA - EPROD - ESTAT\u00cdSTICA E PROBABILIDADE - 51_2025 &#8902; Unicesumar. Baixe agora mesmo um Mapa Pronto resolvido!","robots":{"index":"index","follow":"follow","max-snippet":"max-snippet:-1","max-image-preview":"max-image-preview:large","max-video-preview":"max-video-preview:-1"},"canonical":"https:\/\/atividademapa.com\/?product=mapa-eprod-estatistica-e-probabilidade-51_2025","og_locale":"pt_BR","og_type":"article","og_title":"MAPA - EPROD - ESTAT\u00cdSTICA E PROBABILIDADE - 51_2025","og_description":"Atividade MAPA - EPROD - ESTAT\u00cdSTICA E PROBABILIDADE - 51_2025 &#8902; Unicesumar. Baixe agora mesmo um Mapa Pronto resolvido!","og_url":"https:\/\/atividademapa.com\/?product=mapa-eprod-estatistica-e-probabilidade-51_2025","og_site_name":"Atividade Mapa","article_modified_time":"2025-04-27T16:43:48+00:00","og_image":[{"width":300,"height":300,"url":"https:\/\/i0.wp.com\/atividademapa.com\/wp-content\/uploads\/2023\/03\/Atividade-M.A.P.A-3.png?fit=300%2C300&ssl=1","type":"image\/png"}],"twitter_card":"summary_large_image","twitter_misc":{"Est. tempo de leitura":"2 minutos"},"schema":{"@context":"https:\/\/schema.org","@graph":[{"@type":"WebPage","@id":"https:\/\/atividademapa.com\/?product=mapa-eprod-estatistica-e-probabilidade-51_2025","url":"https:\/\/atividademapa.com\/?product=mapa-eprod-estatistica-e-probabilidade-51_2025","name":"MAPA - EPROD - ESTAT\u00cdSTICA E PROBABILIDADE - 51_2025","isPartOf":{"@id":"https:\/\/atividademapa.com\/#website"},"primaryImageOfPage":{"@id":"https:\/\/atividademapa.com\/?product=mapa-eprod-estatistica-e-probabilidade-51_2025#primaryimage"},"image":{"@id":"https:\/\/atividademapa.com\/?product=mapa-eprod-estatistica-e-probabilidade-51_2025#primaryimage"},"thumbnailUrl":"https:\/\/i0.wp.com\/atividademapa.com\/wp-content\/uploads\/2023\/03\/Atividade-M.A.P.A-3.png?fit=300%2C300&ssl=1","datePublished":"2025-04-27T16:43:47+00:00","dateModified":"2025-04-27T16:43:48+00:00","description":"Atividade MAPA - EPROD - ESTAT\u00cdSTICA E PROBABILIDADE - 51_2025 &#8902; Unicesumar. Baixe agora mesmo um Mapa Pronto resolvido!","breadcrumb":{"@id":"https:\/\/atividademapa.com\/?product=mapa-eprod-estatistica-e-probabilidade-51_2025#breadcrumb"},"inLanguage":"pt-BR","potentialAction":[{"@type":"ReadAction","target":["https:\/\/atividademapa.com\/?product=mapa-eprod-estatistica-e-probabilidade-51_2025"]}]},{"@type":"ImageObject","inLanguage":"pt-BR","@id":"https:\/\/atividademapa.com\/?product=mapa-eprod-estatistica-e-probabilidade-51_2025#primaryimage","url":"https:\/\/i0.wp.com\/atividademapa.com\/wp-content\/uploads\/2023\/03\/Atividade-M.A.P.A-3.png?fit=300%2C300&ssl=1","contentUrl":"https:\/\/i0.wp.com\/atividademapa.com\/wp-content\/uploads\/2023\/03\/Atividade-M.A.P.A-3.png?fit=300%2C300&ssl=1","width":300,"height":300,"caption":"Mapa Unicesumar Atividade"},{"@type":"BreadcrumbList","@id":"https:\/\/atividademapa.com\/?product=mapa-eprod-estatistica-e-probabilidade-51_2025#breadcrumb","itemListElement":[{"@type":"ListItem","position":1,"name":"In\u00edcio","item":"https:\/\/atividademapa.com\/"},{"@type":"ListItem","position":2,"name":"MAPAS","item":"https:\/\/atividademapa.com\/?page_id=5"},{"@type":"ListItem","position":3,"name":"MAPA &#8211; EPROD &#8211; ESTAT\u00cdSTICA E PROBABILIDADE &#8211; 51_2025"}]},{"@type":"WebSite","@id":"https:\/\/atividademapa.com\/#website","url":"https:\/\/atividademapa.com\/","name":"Atividade Mapa","description":"StudeO | Unicesumar","publisher":{"@id":"https:\/\/atividademapa.com\/#organization"},"potentialAction":[{"@type":"SearchAction","target":{"@type":"EntryPoint","urlTemplate":"https:\/\/atividademapa.com\/?s={search_term_string}"},"query-input":{"@type":"PropertyValueSpecification","valueRequired":true,"valueName":"search_term_string"}}],"inLanguage":"pt-BR"},{"@type":"Organization","@id":"https:\/\/atividademapa.com\/#organization","name":"Atividade MAPA","url":"https:\/\/atividademapa.com\/","logo":{"@type":"ImageObject","inLanguage":"pt-BR","@id":"https:\/\/atividademapa.com\/#\/schema\/logo\/image\/","url":"https:\/\/i0.wp.com\/atividademapa.com\/wp-content\/uploads\/2023\/02\/ATIVIDADE.png?fit=600%2C300&ssl=1","contentUrl":"https:\/\/i0.wp.com\/atividademapa.com\/wp-content\/uploads\/2023\/02\/ATIVIDADE.png?fit=600%2C300&ssl=1","width":600,"height":300,"caption":"Atividade MAPA"},"image":{"@id":"https:\/\/atividademapa.com\/#\/schema\/logo\/image\/"}}]}},"_links":{"self":[{"href":"https:\/\/atividademapa.com\/index.php?rest_route=\/wp\/v2\/product\/5653","targetHints":{"allow":["GET"]}}],"collection":[{"href":"https:\/\/atividademapa.com\/index.php?rest_route=\/wp\/v2\/product"}],"about":[{"href":"https:\/\/atividademapa.com\/index.php?rest_route=\/wp\/v2\/types\/product"}],"version-history":[{"count":1,"href":"https:\/\/atividademapa.com\/index.php?rest_route=\/wp\/v2\/product\/5653\/revisions"}],"predecessor-version":[{"id":5656,"href":"https:\/\/atividademapa.com\/index.php?rest_route=\/wp\/v2\/product\/5653\/revisions\/5656"}],"wp:featuredmedia":[{"embeddable":true,"href":"https:\/\/atividademapa.com\/index.php?rest_route=\/wp\/v2\/media\/2326"}],"wp:attachment":[{"href":"https:\/\/atividademapa.com\/index.php?rest_route=%2Fwp%2Fv2%2Fmedia&parent=5653"}],"wp:term":[{"taxonomy":"product_brand","embeddable":true,"href":"https:\/\/atividademapa.com\/index.php?rest_route=%2Fwp%2Fv2%2Fproduct_brand&post=5653"},{"taxonomy":"product_cat","embeddable":true,"href":"https:\/\/atividademapa.com\/index.php?rest_route=%2Fwp%2Fv2%2Fproduct_cat&post=5653"},{"taxonomy":"product_tag","embeddable":true,"href":"https:\/\/atividademapa.com\/index.php?rest_route=%2Fwp%2Fv2%2Fproduct_tag&post=5653"}],"curies":[{"name":"wp","href":"https:\/\/api.w.org\/{rel}","templated":true}]}}