{"id":5699,"date":"2025-05-02T20:51:33","date_gmt":"2025-05-02T23:51:33","guid":{"rendered":"https:\/\/atividademapa.com\/?post_type=product&#038;p=5699"},"modified":"2025-07-05T23:33:04","modified_gmt":"2025-07-06T02:33:04","slug":"mapa-contabilidade-intermediaria-52-2025","status":"publish","type":"product","link":"https:\/\/atividademapa.com\/?product=mapa-contabilidade-intermediaria-52-2025","title":{"rendered":"Mapa &#8211; Contabilidade Intermediaria &#8211; 52\/2025"},"content":{"rendered":"<p>A empresa <strong>Sapatos Ltda<\/strong>., iniciou suas atividades em mar\u00e7o de X1. Segue abaixo os fatos cont\u00e1beis da empresa desde sua constitui\u00e7\u00e3o, at\u00e9 o final do per\u00edodo que analisaremos:<\/p>\n<p>Fato 1 &#8211; 03\/03\/20X1 &#8211; Constitui\u00e7\u00e3o do Capital Social da empresa Sapatos Ltda., no valor total de R$ 500.000,00. Os s\u00f3cios MARCOS MENDES e JOANA LUIZA MENDES, tiveram uma subscri\u00e7\u00e3o de 50% para cada um.<\/p>\n<p>Fato 2 &#8211; 03\/03\/20X1 &#8211; Integraliza\u00e7\u00e3o de capital pelos s\u00f3cios referente ao Capital Social Subscrito da empresa Sapatos Ltda., da seguinte forma:<br \/>\n*Integralizado pelo S\u00f3cio MARCOS MENDES:<br \/>\n*Transfer\u00eancia banc\u00e1ria para o Banco TFG no valor total de R$ 224.880,00;<br \/>\n*Em equipamentos para a empresa, cfe. NF. de entrada n\u00b0 001, da pr\u00f3pria empresa, tendo como emitente a s\u00f3cio MARCOS MENDES:<br \/>\n05 &#8211; Computador Philco DTC2-P844W8 \u2013 Valor Total R$ 9.000,00<br \/>\n05 &#8211; Impressora Multifuncional Epson L355\u2013 Valor Total R$ 4.700,00<br \/>\n01 &#8211; Balc\u00e3o caixa New Comac \u2013 Valor Total R$ 1.070,00<br \/>\n05 &#8211; Estante em MDF Comac \u2013 Valor Total R$ 2.600,00<br \/>\n05 &#8211; Balc\u00e3o atendimento Comac \u2013 Valor Total R$ 2.650,00<br \/>\n02 \u2013 Escrivaninha Mesa Vers\u00e1til \u2013 Valor Total R$ 1.220,00<br \/>\n04 &#8211; Cadeiras presidentes autom\u00e1tica \u2013 Valor Total R$ 3.880,00<br \/>\n*Integralizado pela S\u00f3cia JOANA LUIZA MENDES:<br \/>\n*Transfer\u00eancia banc\u00e1ria para o Banco TFG no valor total de R$ 203.000,00;<br \/>\n*Em 1 carro UNO VIVACE 1.0 EVO FLEX 2P, chassi n\u00ba 9CWDA11KUY5000002, nota fiscal n\u00ba 1.150 emitida pela Fiat Brasil no Valor Total R$ 47.000,00.<\/p>\n<p>Fato 3 &#8211; 06\/03\/20X1 &#8211; Compra a prazo de 250 pares de sapatos masculinos para revenda no valor de R$ 140,00 cada, totalizando R$ 35.000,00. Impostos incidentes sobre a compra: 12% de ICMS, 1,65% de PIS e 7,6% de COFINS.<\/p>\n<p>Fato 4 &#8211; 06\/03\/20X1 &#8211; Pagamento realizado via Banco TFG, de frete no valor de R$ 700,00, referente \u00e0 compra de sapatos masculinos realizada no dia 06\/03. A opera\u00e7\u00e3o tem a incid\u00eancia de 12% de ICMS.<\/p>\n<p>Fato 5 &#8211; 10\/03\/20X1 &#8211; Pagamento antecipado referente a dois meses de aluguel da loja, no valor total de R$ 5.000,00. O pagamento foi efetuado via transfer\u00eancia banc\u00e1ria do Banco TFG.<\/p>\n<p>Fato 6 &#8211; 12\/03\/20X1 &#8211; Venda \u00e0 vista, com transfer\u00eancia imediata para o Banco TFG, de 50 pares de sapatos masculinos no valor de R$ 165,00 cada, totalizando R$ 8.250,00. Essa opera\u00e7\u00e3o teve impostos incidentes sobre a venda: 18% de ICMS, 1,65% de PIS e 7,6% de COFINS.<\/p>\n<p>Fato 7 &#8211; 12\/03\/20X1 &#8211; Recebimento em devolu\u00e7\u00e3o de 10 pares de sapatos masculinos no valor total R$ 1.650,00 que foram vendidos no dia 12\/03\/X1. O cliente foi reembolsado por meio de transfer\u00eancia banc\u00e1ria via Banco TFG.<\/p>\n<p>Fato 8 \u2013 20\/03\/20X1 &#8211; Adiantamento ao fornecedor no valor de R$ 5.040,00. Sendo o pagamento efetuado com cart\u00e3o de d\u00e9bito.<\/p>\n<p>Fato 9 \u2013 21\/03\/20X1 &#8211; Compra de 30 pares de sapatos masculinos no valor de R$ 168,00 cada par, totalizando R$ 5.040,00. O valor havia sido pago, antecipadamente, ao fornecedor, no dia 20\/03\/20X1. Impostos incidentes sobre a compra: 12% de ICMS, 1,65% de PIS e 7,6% de COFINS.<\/p>\n<p>Fato 10 \u2013 25\/03\/20X1 &#8211; Venda a prazo de 80 pares de sapatos masculinos no valor de R$ 165,00 cada par, totalizando R$ 13.200,00. Essa opera\u00e7\u00e3o teve impostos incidentes de: 18% de ICMS, 1,65% de PIS e 7,6% de COFINS.<\/p>\n<p>Fato 11 \u2013 28\/03\/20X1 &#8211; Desconto de duplicata referente \u00e0 venda do dia 25\/03\/X1. O Banco TFG descontou R$ 250,00 referentes a encargos financeiros, depositando R$ 12.950,00 na conta corrente da empresa.<\/p>\n<p>Fato 12 \u2013 31\/03\/20X1 &#8211; Apropria\u00e7\u00e3o da despesa com aluguel referente ao m\u00eas de mar\u00e7o, no valor de R$ 2.500,00.<\/p>\n<p>Fato 13 \u2013 31\/03\/20X1 &#8211; Contabiliza\u00e7\u00e3o da deprecia\u00e7\u00e3o mensal dos bens do imobilizado (computadores e m\u00f3veis e utens\u00edlios). Os computadores e perif\u00e9ricos tem vida \u00fatil de 5 anos, os m\u00f3veis possuem vida \u00fatil de 10 anos, e o ve\u00edculo vida \u00fatil de 5 anos.<\/p>\n<p>Fato 14 \u2013 31\/03\/20X1 \u2013 Fazer apura\u00e7\u00e3o (compensa\u00e7\u00e3o) dos tributos: ICMS, PIS e COFINS.<\/p>\n<p>Fato 15 \u2013 31\/03\/20X1 \u2013 Ap\u00f3s efetuar os lan\u00e7amentos cont\u00e1beis de todos os fatos cont\u00e1beis, realizar o encerramento do exerc\u00edcio no livro di\u00e1rio para apurar o lucro ou preju\u00edzo.<\/p>\n","protected":false},"excerpt":{"rendered":"<p>A empresa Sapatos Ltda., iniciou suas atividades em mar\u00e7o de X1. Segue abaixo os fatos cont\u00e1beis da empresa desde sua<\/p>\n","protected":false},"featured_media":2326,"template":"","meta":{"_monsterinsights_skip_tracking":false,"_monsterinsights_sitenote_active":false,"_monsterinsights_sitenote_note":"","_monsterinsights_sitenote_category":0},"product_brand":[],"product_cat":[46],"product_tag":[],"class_list":{"0":"post-5699","1":"product","2":"type-product","3":"status-publish","4":"has-post-thumbnail","6":"product_cat-ciencias-contabeis","8":"first","9":"instock","10":"downloadable","11":"virtual","12":"purchasable","13":"product-type-simple"},"yoast_head":"<!-- This site is optimized with the Yoast SEO plugin v27.4 - https:\/\/yoast.com\/product\/yoast-seo-wordpress\/ -->\n<title>Mapa - Contabilidade Intermediaria - 52\/2025<\/title>\n<meta name=\"description\" content=\"Atividade Mapa - Contabilidade Intermediaria - 52\/2025 &#8902; Unicesumar. Baixe agora mesmo um Mapa Pronto resolvido!\" \/>\n<meta name=\"robots\" content=\"index, follow, max-snippet:-1, max-image-preview:large, max-video-preview:-1\" \/>\n<link rel=\"canonical\" href=\"https:\/\/atividademapa.com\/?product=mapa-contabilidade-intermediaria-52-2025\" \/>\n<meta property=\"og:locale\" content=\"pt_BR\" \/>\n<meta property=\"og:type\" content=\"article\" \/>\n<meta property=\"og:title\" content=\"Mapa - Contabilidade Intermediaria - 52\/2025\" \/>\n<meta property=\"og:description\" content=\"Atividade Mapa - Contabilidade Intermediaria - 52\/2025 &#8902; Unicesumar. Baixe agora mesmo um Mapa Pronto resolvido!\" \/>\n<meta property=\"og:url\" content=\"https:\/\/atividademapa.com\/?product=mapa-contabilidade-intermediaria-52-2025\" \/>\n<meta property=\"og:site_name\" content=\"Atividade Mapa\" \/>\n<meta property=\"article:modified_time\" content=\"2025-07-06T02:33:04+00:00\" \/>\n<meta property=\"og:image\" content=\"https:\/\/i0.wp.com\/atividademapa.com\/wp-content\/uploads\/2023\/03\/Atividade-M.A.P.A-3.png?fit=300%2C300&ssl=1\" \/>\n\t<meta property=\"og:image:width\" content=\"300\" \/>\n\t<meta property=\"og:image:height\" content=\"300\" \/>\n\t<meta property=\"og:image:type\" content=\"image\/png\" \/>\n<meta name=\"twitter:card\" content=\"summary_large_image\" \/>\n<meta name=\"twitter:label1\" content=\"Est. tempo de leitura\" \/>\n\t<meta name=\"twitter:data1\" content=\"3 minutos\" \/>\n<script type=\"application\/ld+json\" class=\"yoast-schema-graph\">{\"@context\":\"https:\\\/\\\/schema.org\",\"@graph\":[{\"@type\":\"WebPage\",\"@id\":\"https:\\\/\\\/atividademapa.com\\\/?product=mapa-contabilidade-intermediaria-52-2025\",\"url\":\"https:\\\/\\\/atividademapa.com\\\/?product=mapa-contabilidade-intermediaria-52-2025\",\"name\":\"Mapa - Contabilidade Intermediaria - 52\\\/2025\",\"isPartOf\":{\"@id\":\"https:\\\/\\\/atividademapa.com\\\/#website\"},\"primaryImageOfPage\":{\"@id\":\"https:\\\/\\\/atividademapa.com\\\/?product=mapa-contabilidade-intermediaria-52-2025#primaryimage\"},\"image\":{\"@id\":\"https:\\\/\\\/atividademapa.com\\\/?product=mapa-contabilidade-intermediaria-52-2025#primaryimage\"},\"thumbnailUrl\":\"https:\\\/\\\/i0.wp.com\\\/atividademapa.com\\\/wp-content\\\/uploads\\\/2023\\\/03\\\/Atividade-M.A.P.A-3.png?fit=300%2C300&ssl=1\",\"datePublished\":\"2025-05-02T23:51:33+00:00\",\"dateModified\":\"2025-07-06T02:33:04+00:00\",\"description\":\"Atividade Mapa - Contabilidade Intermediaria - 52\\\/2025 &#8902; Unicesumar. Baixe agora mesmo um Mapa Pronto resolvido!\",\"breadcrumb\":{\"@id\":\"https:\\\/\\\/atividademapa.com\\\/?product=mapa-contabilidade-intermediaria-52-2025#breadcrumb\"},\"inLanguage\":\"pt-BR\",\"potentialAction\":[{\"@type\":\"ReadAction\",\"target\":[\"https:\\\/\\\/atividademapa.com\\\/?product=mapa-contabilidade-intermediaria-52-2025\"]}]},{\"@type\":\"ImageObject\",\"inLanguage\":\"pt-BR\",\"@id\":\"https:\\\/\\\/atividademapa.com\\\/?product=mapa-contabilidade-intermediaria-52-2025#primaryimage\",\"url\":\"https:\\\/\\\/i0.wp.com\\\/atividademapa.com\\\/wp-content\\\/uploads\\\/2023\\\/03\\\/Atividade-M.A.P.A-3.png?fit=300%2C300&ssl=1\",\"contentUrl\":\"https:\\\/\\\/i0.wp.com\\\/atividademapa.com\\\/wp-content\\\/uploads\\\/2023\\\/03\\\/Atividade-M.A.P.A-3.png?fit=300%2C300&ssl=1\",\"width\":300,\"height\":300,\"caption\":\"Mapa Unicesumar Atividade\"},{\"@type\":\"BreadcrumbList\",\"@id\":\"https:\\\/\\\/atividademapa.com\\\/?product=mapa-contabilidade-intermediaria-52-2025#breadcrumb\",\"itemListElement\":[{\"@type\":\"ListItem\",\"position\":1,\"name\":\"In\u00edcio\",\"item\":\"https:\\\/\\\/atividademapa.com\\\/\"},{\"@type\":\"ListItem\",\"position\":2,\"name\":\"MAPAS\",\"item\":\"https:\\\/\\\/atividademapa.com\\\/?page_id=5\"},{\"@type\":\"ListItem\",\"position\":3,\"name\":\"Mapa &#8211; Contabilidade Intermediaria &#8211; 52\\\/2025\"}]},{\"@type\":\"WebSite\",\"@id\":\"https:\\\/\\\/atividademapa.com\\\/#website\",\"url\":\"https:\\\/\\\/atividademapa.com\\\/\",\"name\":\"Atividade Mapa\",\"description\":\"StudeO | Unicesumar\",\"publisher\":{\"@id\":\"https:\\\/\\\/atividademapa.com\\\/#organization\"},\"potentialAction\":[{\"@type\":\"SearchAction\",\"target\":{\"@type\":\"EntryPoint\",\"urlTemplate\":\"https:\\\/\\\/atividademapa.com\\\/?s={search_term_string}\"},\"query-input\":{\"@type\":\"PropertyValueSpecification\",\"valueRequired\":true,\"valueName\":\"search_term_string\"}}],\"inLanguage\":\"pt-BR\"},{\"@type\":\"Organization\",\"@id\":\"https:\\\/\\\/atividademapa.com\\\/#organization\",\"name\":\"Atividade MAPA\",\"url\":\"https:\\\/\\\/atividademapa.com\\\/\",\"logo\":{\"@type\":\"ImageObject\",\"inLanguage\":\"pt-BR\",\"@id\":\"https:\\\/\\\/atividademapa.com\\\/#\\\/schema\\\/logo\\\/image\\\/\",\"url\":\"https:\\\/\\\/i0.wp.com\\\/atividademapa.com\\\/wp-content\\\/uploads\\\/2023\\\/02\\\/ATIVIDADE.png?fit=600%2C300&ssl=1\",\"contentUrl\":\"https:\\\/\\\/i0.wp.com\\\/atividademapa.com\\\/wp-content\\\/uploads\\\/2023\\\/02\\\/ATIVIDADE.png?fit=600%2C300&ssl=1\",\"width\":600,\"height\":300,\"caption\":\"Atividade MAPA\"},\"image\":{\"@id\":\"https:\\\/\\\/atividademapa.com\\\/#\\\/schema\\\/logo\\\/image\\\/\"}}]}<\/script>\n<!-- \/ Yoast SEO plugin. -->","yoast_head_json":{"title":"Mapa - Contabilidade Intermediaria - 52\/2025","description":"Atividade Mapa - Contabilidade Intermediaria - 52\/2025 &#8902; Unicesumar. Baixe agora mesmo um Mapa Pronto resolvido!","robots":{"index":"index","follow":"follow","max-snippet":"max-snippet:-1","max-image-preview":"max-image-preview:large","max-video-preview":"max-video-preview:-1"},"canonical":"https:\/\/atividademapa.com\/?product=mapa-contabilidade-intermediaria-52-2025","og_locale":"pt_BR","og_type":"article","og_title":"Mapa - Contabilidade Intermediaria - 52\/2025","og_description":"Atividade Mapa - Contabilidade Intermediaria - 52\/2025 &#8902; Unicesumar. Baixe agora mesmo um Mapa Pronto resolvido!","og_url":"https:\/\/atividademapa.com\/?product=mapa-contabilidade-intermediaria-52-2025","og_site_name":"Atividade Mapa","article_modified_time":"2025-07-06T02:33:04+00:00","og_image":[{"width":300,"height":300,"url":"https:\/\/i0.wp.com\/atividademapa.com\/wp-content\/uploads\/2023\/03\/Atividade-M.A.P.A-3.png?fit=300%2C300&ssl=1","type":"image\/png"}],"twitter_card":"summary_large_image","twitter_misc":{"Est. tempo de leitura":"3 minutos"},"schema":{"@context":"https:\/\/schema.org","@graph":[{"@type":"WebPage","@id":"https:\/\/atividademapa.com\/?product=mapa-contabilidade-intermediaria-52-2025","url":"https:\/\/atividademapa.com\/?product=mapa-contabilidade-intermediaria-52-2025","name":"Mapa - Contabilidade Intermediaria - 52\/2025","isPartOf":{"@id":"https:\/\/atividademapa.com\/#website"},"primaryImageOfPage":{"@id":"https:\/\/atividademapa.com\/?product=mapa-contabilidade-intermediaria-52-2025#primaryimage"},"image":{"@id":"https:\/\/atividademapa.com\/?product=mapa-contabilidade-intermediaria-52-2025#primaryimage"},"thumbnailUrl":"https:\/\/i0.wp.com\/atividademapa.com\/wp-content\/uploads\/2023\/03\/Atividade-M.A.P.A-3.png?fit=300%2C300&ssl=1","datePublished":"2025-05-02T23:51:33+00:00","dateModified":"2025-07-06T02:33:04+00:00","description":"Atividade Mapa - Contabilidade Intermediaria - 52\/2025 &#8902; Unicesumar. Baixe agora mesmo um Mapa Pronto resolvido!","breadcrumb":{"@id":"https:\/\/atividademapa.com\/?product=mapa-contabilidade-intermediaria-52-2025#breadcrumb"},"inLanguage":"pt-BR","potentialAction":[{"@type":"ReadAction","target":["https:\/\/atividademapa.com\/?product=mapa-contabilidade-intermediaria-52-2025"]}]},{"@type":"ImageObject","inLanguage":"pt-BR","@id":"https:\/\/atividademapa.com\/?product=mapa-contabilidade-intermediaria-52-2025#primaryimage","url":"https:\/\/i0.wp.com\/atividademapa.com\/wp-content\/uploads\/2023\/03\/Atividade-M.A.P.A-3.png?fit=300%2C300&ssl=1","contentUrl":"https:\/\/i0.wp.com\/atividademapa.com\/wp-content\/uploads\/2023\/03\/Atividade-M.A.P.A-3.png?fit=300%2C300&ssl=1","width":300,"height":300,"caption":"Mapa Unicesumar Atividade"},{"@type":"BreadcrumbList","@id":"https:\/\/atividademapa.com\/?product=mapa-contabilidade-intermediaria-52-2025#breadcrumb","itemListElement":[{"@type":"ListItem","position":1,"name":"In\u00edcio","item":"https:\/\/atividademapa.com\/"},{"@type":"ListItem","position":2,"name":"MAPAS","item":"https:\/\/atividademapa.com\/?page_id=5"},{"@type":"ListItem","position":3,"name":"Mapa &#8211; Contabilidade Intermediaria &#8211; 52\/2025"}]},{"@type":"WebSite","@id":"https:\/\/atividademapa.com\/#website","url":"https:\/\/atividademapa.com\/","name":"Atividade Mapa","description":"StudeO | Unicesumar","publisher":{"@id":"https:\/\/atividademapa.com\/#organization"},"potentialAction":[{"@type":"SearchAction","target":{"@type":"EntryPoint","urlTemplate":"https:\/\/atividademapa.com\/?s={search_term_string}"},"query-input":{"@type":"PropertyValueSpecification","valueRequired":true,"valueName":"search_term_string"}}],"inLanguage":"pt-BR"},{"@type":"Organization","@id":"https:\/\/atividademapa.com\/#organization","name":"Atividade MAPA","url":"https:\/\/atividademapa.com\/","logo":{"@type":"ImageObject","inLanguage":"pt-BR","@id":"https:\/\/atividademapa.com\/#\/schema\/logo\/image\/","url":"https:\/\/i0.wp.com\/atividademapa.com\/wp-content\/uploads\/2023\/02\/ATIVIDADE.png?fit=600%2C300&ssl=1","contentUrl":"https:\/\/i0.wp.com\/atividademapa.com\/wp-content\/uploads\/2023\/02\/ATIVIDADE.png?fit=600%2C300&ssl=1","width":600,"height":300,"caption":"Atividade MAPA"},"image":{"@id":"https:\/\/atividademapa.com\/#\/schema\/logo\/image\/"}}]}},"_links":{"self":[{"href":"https:\/\/atividademapa.com\/index.php?rest_route=\/wp\/v2\/product\/5699","targetHints":{"allow":["GET"]}}],"collection":[{"href":"https:\/\/atividademapa.com\/index.php?rest_route=\/wp\/v2\/product"}],"about":[{"href":"https:\/\/atividademapa.com\/index.php?rest_route=\/wp\/v2\/types\/product"}],"version-history":[{"count":5,"href":"https:\/\/atividademapa.com\/index.php?rest_route=\/wp\/v2\/product\/5699\/revisions"}],"predecessor-version":[{"id":6039,"href":"https:\/\/atividademapa.com\/index.php?rest_route=\/wp\/v2\/product\/5699\/revisions\/6039"}],"wp:featuredmedia":[{"embeddable":true,"href":"https:\/\/atividademapa.com\/index.php?rest_route=\/wp\/v2\/media\/2326"}],"wp:attachment":[{"href":"https:\/\/atividademapa.com\/index.php?rest_route=%2Fwp%2Fv2%2Fmedia&parent=5699"}],"wp:term":[{"taxonomy":"product_brand","embeddable":true,"href":"https:\/\/atividademapa.com\/index.php?rest_route=%2Fwp%2Fv2%2Fproduct_brand&post=5699"},{"taxonomy":"product_cat","embeddable":true,"href":"https:\/\/atividademapa.com\/index.php?rest_route=%2Fwp%2Fv2%2Fproduct_cat&post=5699"},{"taxonomy":"product_tag","embeddable":true,"href":"https:\/\/atividademapa.com\/index.php?rest_route=%2Fwp%2Fv2%2Fproduct_tag&post=5699"}],"curies":[{"name":"wp","href":"https:\/\/api.w.org\/{rel}","templated":true}]}}