{"id":5708,"date":"2025-05-02T21:11:33","date_gmt":"2025-05-03T00:11:33","guid":{"rendered":"https:\/\/atividademapa.com\/?post_type=product&#038;p=5708"},"modified":"2025-05-07T21:55:31","modified_gmt":"2025-05-08T00:55:31","slug":"mapa-contabilidade-aplicada-ao-setor-publico-52-2025","status":"publish","type":"product","link":"https:\/\/atividademapa.com\/?product=mapa-contabilidade-aplicada-ao-setor-publico-52-2025","title":{"rendered":"Mapa &#8211; Contabilidade Aplicada ao Setor Publico 52\/2025"},"content":{"rendered":"<div class=\"panel-heading\">\n<div class=\"panel-title cursor ng-binding\" data-toggle=\"collapse\">Quest\u00e3o 1<\/div>\n<div class=\"panel-controls\">\n<ul>\n<li><\/li>\n<\/ul>\n<\/div>\n<\/div>\n<div class=\"panel-body p-t-20 b-t b-grey\">\n<div class=\"enunciado ng-binding\">\n<div class=\"ng-scope\">Ol\u00e1, estudante do Curso de Gest\u00e3o P\u00fablica e da disciplina de Contabilidade Aplicada ao Setor P\u00fablico. A atividade proposta corresponde ao Material de Avalia\u00e7\u00e3o Pr\u00e1tica de Aprendizagem (MAPA).<\/p>\n<p>O objetivo desta atividade \u00e9 capacitar os alunos do curso de gest\u00e3o p\u00fablica a compreenderem e aplicarem conceitos de transpar\u00eancia, responsabilidade fiscal e participa\u00e7\u00e3o cidad\u00e3 na elabora\u00e7\u00e3o e an\u00e1lise do Balan\u00e7o Or\u00e7ament\u00e1rio, promovendo uma gest\u00e3o p\u00fablica mais eficiente e democr\u00e1tica.<\/p>\n<p><strong>A Import\u00e2ncia da Participa\u00e7\u00e3o Cidad\u00e3 no Balan\u00e7o Or\u00e7ament\u00e1rio<\/strong><\/p>\n<p>O Balan\u00e7o Or\u00e7ament\u00e1rio na administra\u00e7\u00e3o p\u00fablica pode ser uma ferramenta poderosa para promover a transpar\u00eancia, a participa\u00e7\u00e3o cidad\u00e3 e o entendimento sobre a gest\u00e3o dos recursos p\u00fablicos.\u00a0O Or\u00e7amento Participativo (OP) \u00e9 um mecanismo de democracia participativa que permite aos cidad\u00e3os influenciarem ou decidir sobre os investimentos realizados com o dinheiro p\u00fablico atrav\u00e9s da elabora\u00e7\u00e3o dos or\u00e7amentos p\u00fablicos, geralmente o or\u00e7amento de investimentos de prefeituras municipais, atrav\u00e9s de processos de participa\u00e7\u00e3o da comunidade.\n<\/p><\/div>\n<div class=\"ng-scope\">CAVASSANI, Bruno Fernando.\u00a0<strong>Contabilidade Aplicada ao Setor P\u00fablico<\/strong>. Maringa-Pr.:Unicesumar, 2024.<\/div>\n<div class=\"ng-scope\">\n#APROFUNDANDO O CONHECIMENTO:<\/p>\n<p>Fa\u00e7a uma leitura do livro did\u00e1tico da disciplina, especificamente nas Unidades 1 e 2, e tamb\u00e9m acesse os links abaixo e assista aos v\u00eddeos, que lhe dar\u00e3o argumentos e embasamento para a realiza\u00e7\u00e3o dessa atividade:<\/p>\n<p>*Or\u00e7amento participativo: https:\/\/youtu.be\/jxrCkORrA_g<\/p>\n<p>*No\u00e7\u00f5es b\u00e1sicas de Or\u00e7amento P\u00fablico &#8211; PPA, LDO e LOA: https:\/\/youtu.be\/xHpdDyPQ_kQ<\/p>\n<p>Este material ir\u00e1 enriquecer o seu conhecimento sobre o Balan\u00e7o Or\u00e7ament\u00e1rio, o Or\u00e7amento P\u00fablico, a Responsabilidade Fiscal dos Gestores P\u00fablicos e Or\u00e7amento Participativo.<\/p>\n<p>#Pesquise mais sobre o assunto:<\/p>\n<p>Para aprimorar ainda mais a compreens\u00e3o sobre esses temas, instigo voc\u00ea a fazer uma visita virtual ao\u00a0<strong>Portal da Transpar\u00eancia\u00a0<\/strong>de um munic\u00edpio (via internet). L\u00e1, procure pelo \u00edcone referente ao Balan\u00e7o Or\u00e7ament\u00e1rio.<\/p>\n<p>Estes procedimentos dar\u00e3o a voc\u00ea muitas informa\u00e7\u00f5es de como funciona a elabora\u00e7\u00e3o do Balan\u00e7o Or\u00e7ament\u00e1rio, que al\u00e9m de ser uma das principais Demonstra\u00e7\u00f5es Cont\u00e1beis, \u00e9 a fonte de informa\u00e7\u00e3o formal e legal, necess\u00e1ria para que nossos Gestores P\u00fablicos e Cidad\u00e3os possam avaliar os resultados dos investimentos que est\u00e3o sendo realizados no Munic\u00edpio, no Estado, na Uni\u00e3o e no Distrito Federal.<\/p>\n<p><strong>#An\u00e1lise e reflita sobre o Estudo de Caso a seguir:<\/strong><\/p>\n<p>A Participa\u00e7\u00e3o Cidad\u00e3 e a Responsabilidade Fiscal na Gest\u00e3o P\u00fablica<\/p>\n<p>Um determinado munic\u00edpio, implementou um programa de Or\u00e7amento Participativo (OP) h\u00e1 cinco anos. A iniciativa visa envolver os cidad\u00e3os na elabora\u00e7\u00e3o do or\u00e7amento municipal, especialmente no que diz respeito aos investimentos em infraestrutura e servi\u00e7os p\u00fablicos. Al\u00e9m disso, o munic\u00edpio segue rigorosamente a Lei de Responsabilidade Fiscal (LRF), garantindo transpar\u00eancia e efici\u00eancia na gest\u00e3o dos recursos p\u00fablicos.<\/p>\n<p>Recentemente, o munic\u00edpio divulgou o Balan\u00e7o Or\u00e7ament\u00e1rio anual, destacando os investimentos realizados e os resultados obtidos. A administra\u00e7\u00e3o municipal organizou uma s\u00e9rie de audi\u00eancias p\u00fablicas para apresentar o balan\u00e7o e discutir com os cidad\u00e3os os pr\u00f3ximos passos para o desenvolvimento local.<\/p>\n<p>Apesar dos esfor\u00e7os para promover a participa\u00e7\u00e3o cidad\u00e3, a ades\u00e3o \u00e0s audi\u00eancias p\u00fablicas e ao processo de OP tem sido baixa. A administra\u00e7\u00e3o busca estrat\u00e9gias para aumentar o envolvimento da comunidade. A aplica\u00e7\u00e3o da LRF tem sido fundamental para garantir a transpar\u00eancia, mas ainda h\u00e1 desafios na comunica\u00e7\u00e3o dos resultados e na fiscaliza\u00e7\u00e3o dos gastos p\u00fablicos.<\/p>\n<p>Portanto, a \u00a0administra\u00e7\u00e3o municipal quer implementar um sistema de avalia\u00e7\u00e3o participativa para medir a efic\u00e1cia dos investimentos e ajustar as pol\u00edticas p\u00fablicas conforme necess\u00e1rio.<\/p>\n<p><strong>ATIVIDADE:<\/strong><\/p>\n<p>Neste sentido, com base no contexto apresentado e o Estudo de Caso, voc\u00ea dever\u00e1 elaborar um texto dissertativo, entre 15 a 30 linhas, abordando os tr\u00eas t\u00f3picos abaixo:<\/p>\n<p><strong>1. Quais os\u00a0<\/strong><strong>benef\u00edcios da participa\u00e7\u00e3o cidad\u00e3 na elabora\u00e7\u00e3o e an\u00e1lise do Balan\u00e7o Or\u00e7ament\u00e1rio?<\/strong><br \/>\n&#8211; Orienta\u00e7\u00f5es para abordar corretamente o t\u00f3pico 1:<br \/>\nExplique como a participa\u00e7\u00e3o ativa dos cidad\u00e3os pode melhorar a transpar\u00eancia e a efici\u00eancia na gest\u00e3o dos recursos p\u00fablicos.<br \/>\nDiscuta exemplos pr\u00e1ticos de como o Or\u00e7amento Participativo (OP) pode influenciar decis\u00f5es de investimento e promover uma gest\u00e3o mais democr\u00e1tica e inclusiva.<\/p>\n<p><strong>2. Como a Lei de Responsabilidade Fiscal contribui para uma gest\u00e3o p\u00fablica eficiente e transparente.<\/strong><br \/>\n&#8211; Orienta\u00e7\u00f5es para abordar corretamente o t\u00f3pico 2:<br \/>\nDescreva os principais objetivos da Lei de Responsabilidade Fiscal (LRF) e como ela ajuda a garantir uma gest\u00e3o respons\u00e1vel e sustent\u00e1vel dos recursos p\u00fablicos.<br \/>\nAnalise como a LRF promove a transpar\u00eancia, a presta\u00e7\u00e3o de contas e a confian\u00e7a dos cidad\u00e3os na administra\u00e7\u00e3o p\u00fablica.<\/p>\n<p><strong>3. Destaque a import\u00e2ncia da Transpar\u00eancia e da Fiscaliza\u00e7\u00e3o na Gest\u00e3o dos Recursos P\u00fablicos<\/strong>.<br \/>\n&#8211; Orienta\u00e7\u00f5es para abordar corretamente o t\u00f3pico 3:<br \/>\nDestaque a import\u00e2ncia da transpar\u00eancia na administra\u00e7\u00e3o p\u00fablica e como ela fortalece a confian\u00e7a e o engajamento dos cidad\u00e3os.<br \/>\nDiscuta os mecanismos de fiscaliza\u00e7\u00e3o dispon\u00edveis e como eles podem ser utilizados para garantir a correta aplica\u00e7\u00e3o dos recursos p\u00fablicos e prevenir irregularidades.<\/p>\n<p><strong>ORIENTA\u00c7\u00d5ES IMPORTANTES:<\/strong><br \/>\n&#8211; Assista ao v\u00eddeo explicativo gravado pela Professora da disciplina, com orienta\u00e7\u00f5es para a realiza\u00e7\u00e3o da atividade MAPA.<br \/>\n&#8211; Utilize o Formul\u00e1rio do MAPA dispon\u00edvel no campo \u201cMaterial da Disciplina\u201d.<br \/>\n&#8211; N\u00e3o se esque\u00e7a de apresentar refer\u00eancias das fontes de pesquisa (caso utilize).<br \/>\n&#8211; Salve o arquivo em formato Word antes de postar no ambiente.<br \/>\n&#8211; Ap\u00f3s realizar o MAPA, anexe no local indicado e, em seguida, clique em cima do arquivo para abri-lo e conferir se o arquivo postado \u00e9 o correto.<br \/>\n&#8211; Aten\u00e7\u00e3o ao clicar em finalizar, pois sua atividade ser\u00e1 finalizada\/enviada ao sistema e voc\u00ea n\u00e3o conseguir\u00e1 substituir o arquivo.<\/div>\n<\/div>\n<\/div>\n","protected":false},"excerpt":{"rendered":"<p>Quest\u00e3o 1 Ol\u00e1, estudante do Curso de Gest\u00e3o P\u00fablica e da disciplina de Contabilidade Aplicada ao Setor P\u00fablico. A atividade<\/p>\n","protected":false},"featured_media":2326,"template":"","meta":{"_monsterinsights_skip_tracking":false,"_monsterinsights_sitenote_active":false,"_monsterinsights_sitenote_note":"","_monsterinsights_sitenote_category":0},"product_brand":[],"product_cat":[66],"product_tag":[],"class_list":{"0":"post-5708","1":"product","2":"type-product","3":"status-publish","4":"has-post-thumbnail","6":"product_cat-tecnologia-em-gestao-de-saude-publica","8":"first","9":"instock","10":"downloadable","11":"virtual","12":"purchasable","13":"product-type-simple"},"yoast_head":"<!-- This site is optimized with the Yoast SEO plugin v27.4 - https:\/\/yoast.com\/product\/yoast-seo-wordpress\/ -->\n<title>Mapa - Contabilidade Aplicada ao Setor Publico 52\/2025<\/title>\n<meta name=\"description\" content=\"Atividade Mapa - Contabilidade Aplicada ao Setor Publico 52\/2025 &#8902; Unicesumar. Baixe agora mesmo um Mapa Pronto resolvido!\" \/>\n<meta name=\"robots\" content=\"index, follow, max-snippet:-1, max-image-preview:large, max-video-preview:-1\" \/>\n<link rel=\"canonical\" href=\"https:\/\/atividademapa.com\/?product=mapa-contabilidade-aplicada-ao-setor-publico-52-2025\" \/>\n<meta property=\"og:locale\" content=\"pt_BR\" \/>\n<meta property=\"og:type\" content=\"article\" \/>\n<meta property=\"og:title\" content=\"Mapa - Contabilidade Aplicada ao Setor Publico 52\/2025\" \/>\n<meta property=\"og:description\" content=\"Atividade Mapa - Contabilidade Aplicada ao Setor Publico 52\/2025 &#8902; Unicesumar. Baixe agora mesmo um Mapa Pronto resolvido!\" \/>\n<meta property=\"og:url\" content=\"https:\/\/atividademapa.com\/?product=mapa-contabilidade-aplicada-ao-setor-publico-52-2025\" \/>\n<meta property=\"og:site_name\" content=\"Atividade Mapa\" \/>\n<meta property=\"article:modified_time\" content=\"2025-05-08T00:55:31+00:00\" \/>\n<meta property=\"og:image\" content=\"https:\/\/i0.wp.com\/atividademapa.com\/wp-content\/uploads\/2023\/03\/Atividade-M.A.P.A-3.png?fit=300%2C300&ssl=1\" \/>\n\t<meta property=\"og:image:width\" content=\"300\" \/>\n\t<meta property=\"og:image:height\" content=\"300\" \/>\n\t<meta property=\"og:image:type\" content=\"image\/png\" \/>\n<meta name=\"twitter:card\" content=\"summary_large_image\" \/>\n<meta name=\"twitter:label1\" content=\"Est. tempo de leitura\" \/>\n\t<meta name=\"twitter:data1\" content=\"5 minutos\" \/>\n<script type=\"application\/ld+json\" class=\"yoast-schema-graph\">{\"@context\":\"https:\\\/\\\/schema.org\",\"@graph\":[{\"@type\":\"WebPage\",\"@id\":\"https:\\\/\\\/atividademapa.com\\\/?product=mapa-contabilidade-aplicada-ao-setor-publico-52-2025\",\"url\":\"https:\\\/\\\/atividademapa.com\\\/?product=mapa-contabilidade-aplicada-ao-setor-publico-52-2025\",\"name\":\"Mapa - Contabilidade Aplicada ao Setor Publico 52\\\/2025\",\"isPartOf\":{\"@id\":\"https:\\\/\\\/atividademapa.com\\\/#website\"},\"primaryImageOfPage\":{\"@id\":\"https:\\\/\\\/atividademapa.com\\\/?product=mapa-contabilidade-aplicada-ao-setor-publico-52-2025#primaryimage\"},\"image\":{\"@id\":\"https:\\\/\\\/atividademapa.com\\\/?product=mapa-contabilidade-aplicada-ao-setor-publico-52-2025#primaryimage\"},\"thumbnailUrl\":\"https:\\\/\\\/i0.wp.com\\\/atividademapa.com\\\/wp-content\\\/uploads\\\/2023\\\/03\\\/Atividade-M.A.P.A-3.png?fit=300%2C300&ssl=1\",\"datePublished\":\"2025-05-03T00:11:33+00:00\",\"dateModified\":\"2025-05-08T00:55:31+00:00\",\"description\":\"Atividade Mapa - Contabilidade Aplicada ao Setor Publico 52\\\/2025 &#8902; Unicesumar. Baixe agora mesmo um Mapa Pronto resolvido!\",\"breadcrumb\":{\"@id\":\"https:\\\/\\\/atividademapa.com\\\/?product=mapa-contabilidade-aplicada-ao-setor-publico-52-2025#breadcrumb\"},\"inLanguage\":\"pt-BR\",\"potentialAction\":[{\"@type\":\"ReadAction\",\"target\":[\"https:\\\/\\\/atividademapa.com\\\/?product=mapa-contabilidade-aplicada-ao-setor-publico-52-2025\"]}]},{\"@type\":\"ImageObject\",\"inLanguage\":\"pt-BR\",\"@id\":\"https:\\\/\\\/atividademapa.com\\\/?product=mapa-contabilidade-aplicada-ao-setor-publico-52-2025#primaryimage\",\"url\":\"https:\\\/\\\/i0.wp.com\\\/atividademapa.com\\\/wp-content\\\/uploads\\\/2023\\\/03\\\/Atividade-M.A.P.A-3.png?fit=300%2C300&ssl=1\",\"contentUrl\":\"https:\\\/\\\/i0.wp.com\\\/atividademapa.com\\\/wp-content\\\/uploads\\\/2023\\\/03\\\/Atividade-M.A.P.A-3.png?fit=300%2C300&ssl=1\",\"width\":300,\"height\":300,\"caption\":\"Mapa Unicesumar Atividade\"},{\"@type\":\"BreadcrumbList\",\"@id\":\"https:\\\/\\\/atividademapa.com\\\/?product=mapa-contabilidade-aplicada-ao-setor-publico-52-2025#breadcrumb\",\"itemListElement\":[{\"@type\":\"ListItem\",\"position\":1,\"name\":\"In\u00edcio\",\"item\":\"https:\\\/\\\/atividademapa.com\\\/\"},{\"@type\":\"ListItem\",\"position\":2,\"name\":\"MAPAS\",\"item\":\"https:\\\/\\\/atividademapa.com\\\/?page_id=5\"},{\"@type\":\"ListItem\",\"position\":3,\"name\":\"Mapa &#8211; Contabilidade Aplicada ao Setor Publico 52\\\/2025\"}]},{\"@type\":\"WebSite\",\"@id\":\"https:\\\/\\\/atividademapa.com\\\/#website\",\"url\":\"https:\\\/\\\/atividademapa.com\\\/\",\"name\":\"Atividade Mapa\",\"description\":\"StudeO | Unicesumar\",\"publisher\":{\"@id\":\"https:\\\/\\\/atividademapa.com\\\/#organization\"},\"potentialAction\":[{\"@type\":\"SearchAction\",\"target\":{\"@type\":\"EntryPoint\",\"urlTemplate\":\"https:\\\/\\\/atividademapa.com\\\/?s={search_term_string}\"},\"query-input\":{\"@type\":\"PropertyValueSpecification\",\"valueRequired\":true,\"valueName\":\"search_term_string\"}}],\"inLanguage\":\"pt-BR\"},{\"@type\":\"Organization\",\"@id\":\"https:\\\/\\\/atividademapa.com\\\/#organization\",\"name\":\"Atividade MAPA\",\"url\":\"https:\\\/\\\/atividademapa.com\\\/\",\"logo\":{\"@type\":\"ImageObject\",\"inLanguage\":\"pt-BR\",\"@id\":\"https:\\\/\\\/atividademapa.com\\\/#\\\/schema\\\/logo\\\/image\\\/\",\"url\":\"https:\\\/\\\/i0.wp.com\\\/atividademapa.com\\\/wp-content\\\/uploads\\\/2023\\\/02\\\/ATIVIDADE.png?fit=600%2C300&ssl=1\",\"contentUrl\":\"https:\\\/\\\/i0.wp.com\\\/atividademapa.com\\\/wp-content\\\/uploads\\\/2023\\\/02\\\/ATIVIDADE.png?fit=600%2C300&ssl=1\",\"width\":600,\"height\":300,\"caption\":\"Atividade MAPA\"},\"image\":{\"@id\":\"https:\\\/\\\/atividademapa.com\\\/#\\\/schema\\\/logo\\\/image\\\/\"}}]}<\/script>\n<!-- \/ Yoast SEO plugin. -->","yoast_head_json":{"title":"Mapa - Contabilidade Aplicada ao Setor Publico 52\/2025","description":"Atividade Mapa - Contabilidade Aplicada ao Setor Publico 52\/2025 &#8902; Unicesumar. Baixe agora mesmo um Mapa Pronto resolvido!","robots":{"index":"index","follow":"follow","max-snippet":"max-snippet:-1","max-image-preview":"max-image-preview:large","max-video-preview":"max-video-preview:-1"},"canonical":"https:\/\/atividademapa.com\/?product=mapa-contabilidade-aplicada-ao-setor-publico-52-2025","og_locale":"pt_BR","og_type":"article","og_title":"Mapa - Contabilidade Aplicada ao Setor Publico 52\/2025","og_description":"Atividade Mapa - Contabilidade Aplicada ao Setor Publico 52\/2025 &#8902; Unicesumar. Baixe agora mesmo um Mapa Pronto resolvido!","og_url":"https:\/\/atividademapa.com\/?product=mapa-contabilidade-aplicada-ao-setor-publico-52-2025","og_site_name":"Atividade Mapa","article_modified_time":"2025-05-08T00:55:31+00:00","og_image":[{"width":300,"height":300,"url":"https:\/\/i0.wp.com\/atividademapa.com\/wp-content\/uploads\/2023\/03\/Atividade-M.A.P.A-3.png?fit=300%2C300&ssl=1","type":"image\/png"}],"twitter_card":"summary_large_image","twitter_misc":{"Est. tempo de leitura":"5 minutos"},"schema":{"@context":"https:\/\/schema.org","@graph":[{"@type":"WebPage","@id":"https:\/\/atividademapa.com\/?product=mapa-contabilidade-aplicada-ao-setor-publico-52-2025","url":"https:\/\/atividademapa.com\/?product=mapa-contabilidade-aplicada-ao-setor-publico-52-2025","name":"Mapa - Contabilidade Aplicada ao Setor Publico 52\/2025","isPartOf":{"@id":"https:\/\/atividademapa.com\/#website"},"primaryImageOfPage":{"@id":"https:\/\/atividademapa.com\/?product=mapa-contabilidade-aplicada-ao-setor-publico-52-2025#primaryimage"},"image":{"@id":"https:\/\/atividademapa.com\/?product=mapa-contabilidade-aplicada-ao-setor-publico-52-2025#primaryimage"},"thumbnailUrl":"https:\/\/i0.wp.com\/atividademapa.com\/wp-content\/uploads\/2023\/03\/Atividade-M.A.P.A-3.png?fit=300%2C300&ssl=1","datePublished":"2025-05-03T00:11:33+00:00","dateModified":"2025-05-08T00:55:31+00:00","description":"Atividade Mapa - Contabilidade Aplicada ao Setor Publico 52\/2025 &#8902; Unicesumar. Baixe agora mesmo um Mapa Pronto resolvido!","breadcrumb":{"@id":"https:\/\/atividademapa.com\/?product=mapa-contabilidade-aplicada-ao-setor-publico-52-2025#breadcrumb"},"inLanguage":"pt-BR","potentialAction":[{"@type":"ReadAction","target":["https:\/\/atividademapa.com\/?product=mapa-contabilidade-aplicada-ao-setor-publico-52-2025"]}]},{"@type":"ImageObject","inLanguage":"pt-BR","@id":"https:\/\/atividademapa.com\/?product=mapa-contabilidade-aplicada-ao-setor-publico-52-2025#primaryimage","url":"https:\/\/i0.wp.com\/atividademapa.com\/wp-content\/uploads\/2023\/03\/Atividade-M.A.P.A-3.png?fit=300%2C300&ssl=1","contentUrl":"https:\/\/i0.wp.com\/atividademapa.com\/wp-content\/uploads\/2023\/03\/Atividade-M.A.P.A-3.png?fit=300%2C300&ssl=1","width":300,"height":300,"caption":"Mapa Unicesumar Atividade"},{"@type":"BreadcrumbList","@id":"https:\/\/atividademapa.com\/?product=mapa-contabilidade-aplicada-ao-setor-publico-52-2025#breadcrumb","itemListElement":[{"@type":"ListItem","position":1,"name":"In\u00edcio","item":"https:\/\/atividademapa.com\/"},{"@type":"ListItem","position":2,"name":"MAPAS","item":"https:\/\/atividademapa.com\/?page_id=5"},{"@type":"ListItem","position":3,"name":"Mapa &#8211; Contabilidade Aplicada ao Setor Publico 52\/2025"}]},{"@type":"WebSite","@id":"https:\/\/atividademapa.com\/#website","url":"https:\/\/atividademapa.com\/","name":"Atividade Mapa","description":"StudeO | Unicesumar","publisher":{"@id":"https:\/\/atividademapa.com\/#organization"},"potentialAction":[{"@type":"SearchAction","target":{"@type":"EntryPoint","urlTemplate":"https:\/\/atividademapa.com\/?s={search_term_string}"},"query-input":{"@type":"PropertyValueSpecification","valueRequired":true,"valueName":"search_term_string"}}],"inLanguage":"pt-BR"},{"@type":"Organization","@id":"https:\/\/atividademapa.com\/#organization","name":"Atividade MAPA","url":"https:\/\/atividademapa.com\/","logo":{"@type":"ImageObject","inLanguage":"pt-BR","@id":"https:\/\/atividademapa.com\/#\/schema\/logo\/image\/","url":"https:\/\/i0.wp.com\/atividademapa.com\/wp-content\/uploads\/2023\/02\/ATIVIDADE.png?fit=600%2C300&ssl=1","contentUrl":"https:\/\/i0.wp.com\/atividademapa.com\/wp-content\/uploads\/2023\/02\/ATIVIDADE.png?fit=600%2C300&ssl=1","width":600,"height":300,"caption":"Atividade MAPA"},"image":{"@id":"https:\/\/atividademapa.com\/#\/schema\/logo\/image\/"}}]}},"_links":{"self":[{"href":"https:\/\/atividademapa.com\/index.php?rest_route=\/wp\/v2\/product\/5708","targetHints":{"allow":["GET"]}}],"collection":[{"href":"https:\/\/atividademapa.com\/index.php?rest_route=\/wp\/v2\/product"}],"about":[{"href":"https:\/\/atividademapa.com\/index.php?rest_route=\/wp\/v2\/types\/product"}],"version-history":[{"count":3,"href":"https:\/\/atividademapa.com\/index.php?rest_route=\/wp\/v2\/product\/5708\/revisions"}],"predecessor-version":[{"id":5762,"href":"https:\/\/atividademapa.com\/index.php?rest_route=\/wp\/v2\/product\/5708\/revisions\/5762"}],"wp:featuredmedia":[{"embeddable":true,"href":"https:\/\/atividademapa.com\/index.php?rest_route=\/wp\/v2\/media\/2326"}],"wp:attachment":[{"href":"https:\/\/atividademapa.com\/index.php?rest_route=%2Fwp%2Fv2%2Fmedia&parent=5708"}],"wp:term":[{"taxonomy":"product_brand","embeddable":true,"href":"https:\/\/atividademapa.com\/index.php?rest_route=%2Fwp%2Fv2%2Fproduct_brand&post=5708"},{"taxonomy":"product_cat","embeddable":true,"href":"https:\/\/atividademapa.com\/index.php?rest_route=%2Fwp%2Fv2%2Fproduct_cat&post=5708"},{"taxonomy":"product_tag","embeddable":true,"href":"https:\/\/atividademapa.com\/index.php?rest_route=%2Fwp%2Fv2%2Fproduct_tag&post=5708"}],"curies":[{"name":"wp","href":"https:\/\/api.w.org\/{rel}","templated":true}]}}