{"id":5713,"date":"2025-05-02T21:18:35","date_gmt":"2025-05-03T00:18:35","guid":{"rendered":"https:\/\/atividademapa.com\/?post_type=product&#038;p=5713"},"modified":"2025-05-07T22:56:44","modified_gmt":"2025-05-08T01:56:44","slug":"mapa-nutricao-humana-52-2025","status":"publish","type":"product","link":"https:\/\/atividademapa.com\/?product=mapa-nutricao-humana-52-2025","title":{"rendered":"Mapa &#8211; Nutri\u00e7\u00e3o Humana 52\/2025"},"content":{"rendered":"<div class=\"panel-heading\">\n<div class=\"panel-title cursor ng-binding\" data-toggle=\"collapse\">Quest\u00e3o 1<\/div>\n<div class=\"panel-controls\">\n<ul>\n<li><\/li>\n<\/ul>\n<\/div>\n<\/div>\n<div class=\"panel-body p-t-20 b-t b-grey\">\n<div class=\"enunciado ng-binding\">\n<p class=\"ng-scope\">Carlos, 67 anos, aposentado, passou recentemente por uma queda dom\u00e9stica e sofreu uma fratura no f\u00eamur. Durante a anamnese nutricional, relata n\u00e3o ter o h\u00e1bito de tomar sol, consome poucos latic\u00ednios e afirma que costuma tomar caf\u00e9 com leite em todas as refei\u00e7\u00f5es. Tamb\u00e9m apresenta epis\u00f3dios frequentes de c\u00e3ibras musculares e queixas de cansa\u00e7o. J\u00e1 teve c\u00e1lculo renal no passado. O nutricionista observa que Carlos possui um hist\u00f3rico de alimenta\u00e7\u00e3o pobre em verduras verde-escuras e leguminosas, e consome poucos alimentos in natura.<\/p>\n<p class=\"ng-scope\">Com base no caso apresentado e no conte\u00fado te\u00f3rico estudado, responda \u00e0s quest\u00f5es a seguir:<\/p>\n<hr class=\"ng-scope\" \/>\n<p class=\"ng-scope\">A) Quais micronutrientes do texto podem estar associados ao quadro de Carlos e por qu\u00ea? Relacione com os sintomas relatados e a fratura.<\/p>\n<p class=\"ng-scope\">B) Explique o papel da vitamina D na regula\u00e7\u00e3o dos n\u00edveis de c\u00e1lcio e a import\u00e2ncia da exposi\u00e7\u00e3o solar na sa\u00fade \u00f3ssea.<\/p>\n<p class=\"ng-scope\">C) Sabendo que Carlos consome caf\u00e9 com leite frequentemente, por que essa associa\u00e7\u00e3o pode ser prejudicial para a absor\u00e7\u00e3o de certos minerais? Cite e explique ao menos uma intera\u00e7\u00e3o negativa entre nutrientes abordada no texto.<\/p>\n<p class=\"ng-scope\">D) Elabore uma sugest\u00e3o de prepara\u00e7\u00e3o culin\u00e1ria pr\u00e1tica e saud\u00e1vel que possa ser indicada ao Carlos para contribuir com a sa\u00fade \u00f3ssea e o estado nutricional de magn\u00e9sio e c\u00e1lcio. Sua resposta deve conter:<\/p>\n<p class=\"ng-scope\">Nome da receita:<\/p>\n<p class=\"ng-scope\">Ingredientes e modo de preparo.<\/p>\n<p class=\"ng-scope\"><strong>ORIENTA\u00c7\u00d5ES PARA ELABORAR E ENVIAR A ATIVIDADE MAPA:<\/strong><\/p>\n<p>Sobre o arquivo a ser enviado:<\/p>\n<p>&gt; Utilize o formul\u00e1rio padr\u00e3o para realiza\u00e7\u00e3o do MAPA dispon\u00edvel em &gt; Material da Disciplina.<br \/>\n&gt; O arquivo deve ser enviado exclusivamente pelo seu Studeo no campo &#8220;MAPA&#8221; desta disciplina. Toda e qualquer outra forma de entrega deste Modelo de Resposta MAPA n\u00e3o \u00e9 considerada. Apenas formato PDF e DOC-x s\u00e3o aceitos.<br \/>\n&gt; Somente UM arquivo pode ser anexado no Studeo.<br \/>\n&gt; A qualidade do trabalho ser\u00e1 considerada na hora da avalia\u00e7\u00e3o, ent\u00e3o fa\u00e7a com cuidado, responda \u00e0 demanda adequadamente e mostre sempre o seu racioc\u00ednio de modo claro e direto.<br \/>\nProblemas frequentes a evitar:<br \/>\n&gt; Identifique o arquivo com o seu primeiro e \u00faltimo nome e a disciplina, para evitar que voc\u00ea troque o arquivo na hora de anexar. Exemplo: MAPA_*nome da disciplina.pdf. Se o nome tiver caracteres estranhos (principalmente pontos) ou for muito grande, a equipe de corre\u00e7\u00e3o pode n\u00e3o conseguir abrir o seu trabalho e ele pode ser zerado.<br \/>\n&gt; Verifique se voc\u00ea est\u00e1 enviando o arquivo corretamente. Arquivo trocado, faltando informa\u00e7\u00f5es, n\u00e3o ser\u00e3o concedidas reaberturas de atividade dentro e ap\u00f3s o prazo da mesma.<br \/>\n&gt; Se voc\u00ea usa OPEN OFFICE ou MAC transforme o arquivo em PDF para evitar incompatibilidades.<br \/>\nComo enviar o seu arquivo:<br \/>\n&gt; Ao final do enunciado desta atividade, no Studeo, tem uma caixa de envio de arquivo. Basta clicar e selecionar sua atividade ou arrastar at\u00e9 ela.<br \/>\n&gt; Antes de clicar em FINALIZAR, certifique-se de que est\u00e1 tudo certo, pois uma vez finalizado voc\u00ea n\u00e3o poder\u00e1 mais modificar o arquivo. Sugerimos que voc\u00ea clique no link gerado da sua atividade e fa\u00e7a o download para conferir.<\/p>\n<p>Bons estudos.<\/p>\n<\/div>\n<\/div>\n","protected":false},"excerpt":{"rendered":"<p>Quest\u00e3o 1 Carlos, 67 anos, aposentado, passou recentemente por uma queda dom\u00e9stica e sofreu uma fratura no f\u00eamur. Durante a<\/p>\n","protected":false},"featured_media":2326,"template":"","meta":{"_monsterinsights_skip_tracking":false,"_monsterinsights_sitenote_active":false,"_monsterinsights_sitenote_note":"","_monsterinsights_sitenote_category":0},"product_brand":[],"product_cat":[54],"product_tag":[],"class_list":{"0":"post-5713","1":"product","2":"type-product","3":"status-publish","4":"has-post-thumbnail","6":"product_cat-nutricao","8":"first","9":"instock","10":"downloadable","11":"virtual","12":"purchasable","13":"product-type-simple"},"yoast_head":"<!-- This site is optimized with the Yoast SEO plugin v27.4 - https:\/\/yoast.com\/product\/yoast-seo-wordpress\/ -->\n<title>Mapa - Nutri\u00e7\u00e3o Humana 52\/2025<\/title>\n<meta name=\"description\" content=\"Atividade Mapa - Nutri\u00e7\u00e3o Humana 52\/2025 &#8902; Unicesumar. Baixe agora mesmo um Mapa Pronto resolvido!\" \/>\n<meta name=\"robots\" content=\"index, follow, max-snippet:-1, max-image-preview:large, max-video-preview:-1\" \/>\n<link rel=\"canonical\" href=\"https:\/\/atividademapa.com\/?product=mapa-nutricao-humana-52-2025\" \/>\n<meta property=\"og:locale\" content=\"pt_BR\" \/>\n<meta property=\"og:type\" content=\"article\" \/>\n<meta property=\"og:title\" content=\"Mapa - Nutri\u00e7\u00e3o Humana 52\/2025\" \/>\n<meta property=\"og:description\" content=\"Atividade Mapa - Nutri\u00e7\u00e3o Humana 52\/2025 &#8902; Unicesumar. Baixe agora mesmo um Mapa Pronto resolvido!\" \/>\n<meta property=\"og:url\" content=\"https:\/\/atividademapa.com\/?product=mapa-nutricao-humana-52-2025\" \/>\n<meta property=\"og:site_name\" content=\"Atividade Mapa\" \/>\n<meta property=\"article:modified_time\" content=\"2025-05-08T01:56:44+00:00\" \/>\n<meta property=\"og:image\" content=\"https:\/\/i0.wp.com\/atividademapa.com\/wp-content\/uploads\/2023\/03\/Atividade-M.A.P.A-3.png?fit=300%2C300&ssl=1\" \/>\n\t<meta property=\"og:image:width\" content=\"300\" \/>\n\t<meta property=\"og:image:height\" content=\"300\" \/>\n\t<meta property=\"og:image:type\" content=\"image\/png\" \/>\n<meta name=\"twitter:card\" content=\"summary_large_image\" \/>\n<meta name=\"twitter:label1\" content=\"Est. tempo de leitura\" \/>\n\t<meta name=\"twitter:data1\" content=\"3 minutos\" \/>\n<script type=\"application\/ld+json\" class=\"yoast-schema-graph\">{\"@context\":\"https:\\\/\\\/schema.org\",\"@graph\":[{\"@type\":\"WebPage\",\"@id\":\"https:\\\/\\\/atividademapa.com\\\/?product=mapa-nutricao-humana-52-2025\",\"url\":\"https:\\\/\\\/atividademapa.com\\\/?product=mapa-nutricao-humana-52-2025\",\"name\":\"Mapa - Nutri\u00e7\u00e3o Humana 52\\\/2025\",\"isPartOf\":{\"@id\":\"https:\\\/\\\/atividademapa.com\\\/#website\"},\"primaryImageOfPage\":{\"@id\":\"https:\\\/\\\/atividademapa.com\\\/?product=mapa-nutricao-humana-52-2025#primaryimage\"},\"image\":{\"@id\":\"https:\\\/\\\/atividademapa.com\\\/?product=mapa-nutricao-humana-52-2025#primaryimage\"},\"thumbnailUrl\":\"https:\\\/\\\/i0.wp.com\\\/atividademapa.com\\\/wp-content\\\/uploads\\\/2023\\\/03\\\/Atividade-M.A.P.A-3.png?fit=300%2C300&ssl=1\",\"datePublished\":\"2025-05-03T00:18:35+00:00\",\"dateModified\":\"2025-05-08T01:56:44+00:00\",\"description\":\"Atividade Mapa - Nutri\u00e7\u00e3o Humana 52\\\/2025 &#8902; Unicesumar. Baixe agora mesmo um Mapa Pronto resolvido!\",\"breadcrumb\":{\"@id\":\"https:\\\/\\\/atividademapa.com\\\/?product=mapa-nutricao-humana-52-2025#breadcrumb\"},\"inLanguage\":\"pt-BR\",\"potentialAction\":[{\"@type\":\"ReadAction\",\"target\":[\"https:\\\/\\\/atividademapa.com\\\/?product=mapa-nutricao-humana-52-2025\"]}]},{\"@type\":\"ImageObject\",\"inLanguage\":\"pt-BR\",\"@id\":\"https:\\\/\\\/atividademapa.com\\\/?product=mapa-nutricao-humana-52-2025#primaryimage\",\"url\":\"https:\\\/\\\/i0.wp.com\\\/atividademapa.com\\\/wp-content\\\/uploads\\\/2023\\\/03\\\/Atividade-M.A.P.A-3.png?fit=300%2C300&ssl=1\",\"contentUrl\":\"https:\\\/\\\/i0.wp.com\\\/atividademapa.com\\\/wp-content\\\/uploads\\\/2023\\\/03\\\/Atividade-M.A.P.A-3.png?fit=300%2C300&ssl=1\",\"width\":300,\"height\":300,\"caption\":\"Mapa Unicesumar Atividade\"},{\"@type\":\"BreadcrumbList\",\"@id\":\"https:\\\/\\\/atividademapa.com\\\/?product=mapa-nutricao-humana-52-2025#breadcrumb\",\"itemListElement\":[{\"@type\":\"ListItem\",\"position\":1,\"name\":\"In\u00edcio\",\"item\":\"https:\\\/\\\/atividademapa.com\\\/\"},{\"@type\":\"ListItem\",\"position\":2,\"name\":\"MAPAS\",\"item\":\"https:\\\/\\\/atividademapa.com\\\/?page_id=5\"},{\"@type\":\"ListItem\",\"position\":3,\"name\":\"Mapa &#8211; Nutri\u00e7\u00e3o Humana 52\\\/2025\"}]},{\"@type\":\"WebSite\",\"@id\":\"https:\\\/\\\/atividademapa.com\\\/#website\",\"url\":\"https:\\\/\\\/atividademapa.com\\\/\",\"name\":\"Atividade Mapa\",\"description\":\"StudeO | Unicesumar\",\"publisher\":{\"@id\":\"https:\\\/\\\/atividademapa.com\\\/#organization\"},\"potentialAction\":[{\"@type\":\"SearchAction\",\"target\":{\"@type\":\"EntryPoint\",\"urlTemplate\":\"https:\\\/\\\/atividademapa.com\\\/?s={search_term_string}\"},\"query-input\":{\"@type\":\"PropertyValueSpecification\",\"valueRequired\":true,\"valueName\":\"search_term_string\"}}],\"inLanguage\":\"pt-BR\"},{\"@type\":\"Organization\",\"@id\":\"https:\\\/\\\/atividademapa.com\\\/#organization\",\"name\":\"Atividade MAPA\",\"url\":\"https:\\\/\\\/atividademapa.com\\\/\",\"logo\":{\"@type\":\"ImageObject\",\"inLanguage\":\"pt-BR\",\"@id\":\"https:\\\/\\\/atividademapa.com\\\/#\\\/schema\\\/logo\\\/image\\\/\",\"url\":\"https:\\\/\\\/i0.wp.com\\\/atividademapa.com\\\/wp-content\\\/uploads\\\/2023\\\/02\\\/ATIVIDADE.png?fit=600%2C300&ssl=1\",\"contentUrl\":\"https:\\\/\\\/i0.wp.com\\\/atividademapa.com\\\/wp-content\\\/uploads\\\/2023\\\/02\\\/ATIVIDADE.png?fit=600%2C300&ssl=1\",\"width\":600,\"height\":300,\"caption\":\"Atividade MAPA\"},\"image\":{\"@id\":\"https:\\\/\\\/atividademapa.com\\\/#\\\/schema\\\/logo\\\/image\\\/\"}}]}<\/script>\n<!-- \/ Yoast SEO plugin. -->","yoast_head_json":{"title":"Mapa - Nutri\u00e7\u00e3o Humana 52\/2025","description":"Atividade Mapa - Nutri\u00e7\u00e3o Humana 52\/2025 &#8902; Unicesumar. Baixe agora mesmo um Mapa Pronto resolvido!","robots":{"index":"index","follow":"follow","max-snippet":"max-snippet:-1","max-image-preview":"max-image-preview:large","max-video-preview":"max-video-preview:-1"},"canonical":"https:\/\/atividademapa.com\/?product=mapa-nutricao-humana-52-2025","og_locale":"pt_BR","og_type":"article","og_title":"Mapa - Nutri\u00e7\u00e3o Humana 52\/2025","og_description":"Atividade Mapa - Nutri\u00e7\u00e3o Humana 52\/2025 &#8902; Unicesumar. Baixe agora mesmo um Mapa Pronto resolvido!","og_url":"https:\/\/atividademapa.com\/?product=mapa-nutricao-humana-52-2025","og_site_name":"Atividade Mapa","article_modified_time":"2025-05-08T01:56:44+00:00","og_image":[{"width":300,"height":300,"url":"https:\/\/i0.wp.com\/atividademapa.com\/wp-content\/uploads\/2023\/03\/Atividade-M.A.P.A-3.png?fit=300%2C300&ssl=1","type":"image\/png"}],"twitter_card":"summary_large_image","twitter_misc":{"Est. tempo de leitura":"3 minutos"},"schema":{"@context":"https:\/\/schema.org","@graph":[{"@type":"WebPage","@id":"https:\/\/atividademapa.com\/?product=mapa-nutricao-humana-52-2025","url":"https:\/\/atividademapa.com\/?product=mapa-nutricao-humana-52-2025","name":"Mapa - Nutri\u00e7\u00e3o Humana 52\/2025","isPartOf":{"@id":"https:\/\/atividademapa.com\/#website"},"primaryImageOfPage":{"@id":"https:\/\/atividademapa.com\/?product=mapa-nutricao-humana-52-2025#primaryimage"},"image":{"@id":"https:\/\/atividademapa.com\/?product=mapa-nutricao-humana-52-2025#primaryimage"},"thumbnailUrl":"https:\/\/i0.wp.com\/atividademapa.com\/wp-content\/uploads\/2023\/03\/Atividade-M.A.P.A-3.png?fit=300%2C300&ssl=1","datePublished":"2025-05-03T00:18:35+00:00","dateModified":"2025-05-08T01:56:44+00:00","description":"Atividade Mapa - Nutri\u00e7\u00e3o Humana 52\/2025 &#8902; Unicesumar. Baixe agora mesmo um Mapa Pronto resolvido!","breadcrumb":{"@id":"https:\/\/atividademapa.com\/?product=mapa-nutricao-humana-52-2025#breadcrumb"},"inLanguage":"pt-BR","potentialAction":[{"@type":"ReadAction","target":["https:\/\/atividademapa.com\/?product=mapa-nutricao-humana-52-2025"]}]},{"@type":"ImageObject","inLanguage":"pt-BR","@id":"https:\/\/atividademapa.com\/?product=mapa-nutricao-humana-52-2025#primaryimage","url":"https:\/\/i0.wp.com\/atividademapa.com\/wp-content\/uploads\/2023\/03\/Atividade-M.A.P.A-3.png?fit=300%2C300&ssl=1","contentUrl":"https:\/\/i0.wp.com\/atividademapa.com\/wp-content\/uploads\/2023\/03\/Atividade-M.A.P.A-3.png?fit=300%2C300&ssl=1","width":300,"height":300,"caption":"Mapa Unicesumar Atividade"},{"@type":"BreadcrumbList","@id":"https:\/\/atividademapa.com\/?product=mapa-nutricao-humana-52-2025#breadcrumb","itemListElement":[{"@type":"ListItem","position":1,"name":"In\u00edcio","item":"https:\/\/atividademapa.com\/"},{"@type":"ListItem","position":2,"name":"MAPAS","item":"https:\/\/atividademapa.com\/?page_id=5"},{"@type":"ListItem","position":3,"name":"Mapa &#8211; Nutri\u00e7\u00e3o Humana 52\/2025"}]},{"@type":"WebSite","@id":"https:\/\/atividademapa.com\/#website","url":"https:\/\/atividademapa.com\/","name":"Atividade Mapa","description":"StudeO | Unicesumar","publisher":{"@id":"https:\/\/atividademapa.com\/#organization"},"potentialAction":[{"@type":"SearchAction","target":{"@type":"EntryPoint","urlTemplate":"https:\/\/atividademapa.com\/?s={search_term_string}"},"query-input":{"@type":"PropertyValueSpecification","valueRequired":true,"valueName":"search_term_string"}}],"inLanguage":"pt-BR"},{"@type":"Organization","@id":"https:\/\/atividademapa.com\/#organization","name":"Atividade MAPA","url":"https:\/\/atividademapa.com\/","logo":{"@type":"ImageObject","inLanguage":"pt-BR","@id":"https:\/\/atividademapa.com\/#\/schema\/logo\/image\/","url":"https:\/\/i0.wp.com\/atividademapa.com\/wp-content\/uploads\/2023\/02\/ATIVIDADE.png?fit=600%2C300&ssl=1","contentUrl":"https:\/\/i0.wp.com\/atividademapa.com\/wp-content\/uploads\/2023\/02\/ATIVIDADE.png?fit=600%2C300&ssl=1","width":600,"height":300,"caption":"Atividade MAPA"},"image":{"@id":"https:\/\/atividademapa.com\/#\/schema\/logo\/image\/"}}]}},"_links":{"self":[{"href":"https:\/\/atividademapa.com\/index.php?rest_route=\/wp\/v2\/product\/5713","targetHints":{"allow":["GET"]}}],"collection":[{"href":"https:\/\/atividademapa.com\/index.php?rest_route=\/wp\/v2\/product"}],"about":[{"href":"https:\/\/atividademapa.com\/index.php?rest_route=\/wp\/v2\/types\/product"}],"version-history":[{"count":3,"href":"https:\/\/atividademapa.com\/index.php?rest_route=\/wp\/v2\/product\/5713\/revisions"}],"predecessor-version":[{"id":5774,"href":"https:\/\/atividademapa.com\/index.php?rest_route=\/wp\/v2\/product\/5713\/revisions\/5774"}],"wp:featuredmedia":[{"embeddable":true,"href":"https:\/\/atividademapa.com\/index.php?rest_route=\/wp\/v2\/media\/2326"}],"wp:attachment":[{"href":"https:\/\/atividademapa.com\/index.php?rest_route=%2Fwp%2Fv2%2Fmedia&parent=5713"}],"wp:term":[{"taxonomy":"product_brand","embeddable":true,"href":"https:\/\/atividademapa.com\/index.php?rest_route=%2Fwp%2Fv2%2Fproduct_brand&post=5713"},{"taxonomy":"product_cat","embeddable":true,"href":"https:\/\/atividademapa.com\/index.php?rest_route=%2Fwp%2Fv2%2Fproduct_cat&post=5713"},{"taxonomy":"product_tag","embeddable":true,"href":"https:\/\/atividademapa.com\/index.php?rest_route=%2Fwp%2Fv2%2Fproduct_tag&post=5713"}],"curies":[{"name":"wp","href":"https:\/\/api.w.org\/{rel}","templated":true}]}}