{"id":5763,"date":"2025-05-07T22:00:09","date_gmt":"2025-05-08T01:00:09","guid":{"rendered":"https:\/\/atividademapa.com\/?post_type=product&#038;p=5763"},"modified":"2025-05-10T14:47:31","modified_gmt":"2025-05-10T17:47:31","slug":"mapa-contabilidade-de-custos-52-2025","status":"publish","type":"product","link":"https:\/\/atividademapa.com\/?product=mapa-contabilidade-de-custos-52-2025","title":{"rendered":"MAPA &#8211; Contabilidade de Custos &#8211; 52\/2025"},"content":{"rendered":"<p>Ol\u00e1, acad\u00eamico(a) de Ci\u00eancias Cont\u00e1beis.<\/p>\n<p>Chegou o momento de explorar de forma pr\u00e1tica os conte\u00fados aprendidos na disciplina de Contabilidade de Custos. Para isso, a atividade proposta corresponde ao MAPA (Material de Avalia\u00e7\u00e3o Pr\u00e1tica de Aprendizagem). O objetivo desta atividade \u00e9 permitir que voc\u00ea se sinta imersivo (a) em rela\u00e7\u00e3o ao c\u00e1lculo do custo de um determinado produto, baseando-se nos m\u00e9todos de custeio mais utilizados, sendo estes o absor\u00e7\u00e3o e o vari\u00e1vel. Vamos l\u00e1?!<\/p>\n<p>Os m\u00e9todos de custeios correspondem aos procedimentos que podem ser adotados para compor o custo dos produtos fabricados. O custeio por absor\u00e7\u00e3o \u00e9 um processo de apura\u00e7\u00e3o de custos, cujo objetivo \u00e9 ratear todos os seus elementos, quer sejam fixos ou vari\u00e1veis, em cada fase da produ\u00e7\u00e3o. J\u00e1 o custeio vari\u00e1vel \u00e9 um tipo de custeamento que consiste em considerar como custo de produ\u00e7\u00e3o do per\u00edodo apenas os custos vari\u00e1veis incorridos. Os custos fixos, pelo fato de existirem mesmo que n\u00e3o haja produ\u00e7\u00e3o, n\u00e3o s\u00e3o considerados como custos de produ\u00e7\u00e3o e sim como despesas, sendo encerrados diretamente contra o resultado do per\u00edodo. A escolha do m\u00e9todo de custeio empregado pela entidade vai depender do tipo de informa\u00e7\u00e3o que ela necessita para o processo de tomada de decis\u00e3o.<\/p>\n<p>VICECONTI, Paulo; NEVES, Silv\u00e9rio das. Contabilidade de custos: um enfoque direto e objetivo. 12 ed. S\u00e3o Paulo: Saraiva, 2018 (Adaptado).<\/p>\n<p>Antes de iniciar a resolu\u00e7\u00e3o da atividade mapa, sugerimos que voc\u00ea pesquise sobre a tem\u00e1tica em discuss\u00e3o no livro de Contabilidade de custos: um enfoque direto e objetivo dos autores Paulo Viceconti e Silv\u00e9rio das Neves, dispon\u00edvel na Minha Biblioteca.<\/p>\n<p>O CASO:<\/p>\n<p>Carlos Henrique \u00e9 graduado no curso de Ci\u00eancias Cont\u00e1beis e acaba de receber a proposta para assumir um dos empreendimentos mais importantes da fam\u00edlia. Seu av\u00f4 materno foi o fundador de uma ind\u00fastria de embalagens, a Souza &amp; Rodrigues Ltda., a qual produz um \u00fanico tipo de embalagem. O idealizador desse neg\u00f3cio sempre se preocupou com a praticidade, qualidade e durabilidade de seu produto.<br \/>\nNo decorrer dos estudos realizados na disciplina voc\u00ea teve a oportunidade de aprender sobre relevantes conceitos da contabilidade de custos, como a classifica\u00e7\u00e3o dos gastos, os elementos de custos, a escolha do m\u00e9todo de custeio e por fim, a apura\u00e7\u00e3o do resultado econ\u00f4mico de uma atividade de neg\u00f3cio em determinado per\u00edodo. Agora chegou o momento onde voc\u00ea ser\u00e1 desafiado a realizar o c\u00e1lculo do custo e apurar o resultado na venda das embalagens fabricadas pela Souza &amp; Rodrigues Ltda.<br \/>\nImagine que voc\u00ea recebeu o relat\u00f3rio a seguir, referente ao m\u00eas de janeiro, contendo os respectivos gastos:<\/p>\n<p>RELA\u00c7\u00c3O DOS GASTOS DO M\u00caS DE JANEIRO VALOR EM R$<\/p>\n<p>&#8211; Honor\u00e1rios da diretoria administrativa R$ 1.400,00<br \/>\n&#8211; Sal\u00e1rios e encargos dos funcion\u00e1rios da administra\u00e7\u00e3o R$ 2.800,00<br \/>\n&#8211; Sal\u00e1rios dos supervisores e gerentes de produ\u00e7\u00e3o R$ 6.200,00<br \/>\n&#8211; Aluguel da f\u00e1brica R$ 3.000,00<br \/>\n&#8211; Deprecia\u00e7\u00e3o das m\u00e1quinas industriais R$ 500,00<br \/>\n&#8211; Seguro do departamento de vendas R$ 400,00<br \/>\n&#8211; Material direto consumido R$ 5.000,00<br \/>\n&#8211; Comiss\u00e3o sobre vendas por unidade R$ 2,00<\/p>\n<p>**Observa\u00e7\u00e3o: na atividade proposta incidir\u00e1 apenas o ICMS de 12% sobre a venda, pois n\u00e3o ser\u00e3o considerados outros tributos (IPI, PIS, COFINS, IRPJ e CSLL).<\/p>\n<p>Depois de tomar ci\u00eancia sobre os dados contidos no relat\u00f3rio, analise as informa\u00e7\u00f5es apresentadas a seguir:<\/p>\n<p>*No m\u00eas de janeiro identificou-se que n\u00e3o existiam estoques do ano anterior;<br \/>\n*No m\u00eas de janeiro foram produzidas o equivalente a 1.000 embalagens, das quais foram vendidas o correspondente a 80% da produ\u00e7\u00e3o;<br \/>\n*No m\u00eas de fevereiro a empresa decidiu aumentar sua fabrica\u00e7\u00e3o para 1.400 embalagens, tendo os mesmos gastos, por\u00e9m com exce\u00e7\u00e3o do material direto que oscila de acordo com a quantidade produzida;<br \/>\n*Sabe-se que no m\u00eas de fevereiro foram vendidas o correspondente a 650 embalagens;<br \/>\n*O pre\u00e7o de venda que a entidade optou para comercializar a embalagem nos meses de janeiro e fevereiro foi de R$ 35,00 por unidade.<br \/>\n*As despesas fixas s\u00e3o iguais nos meses de Janeiro e Fevereiro.<\/p>\n<p>Com base nas informa\u00e7\u00f5es dispon\u00edveis, sua tarefa agora ser\u00e1 de atender as seguintes demandas:<\/p>\n<p>1. Separar os gastos em custos e despesas;<br \/>\n2. Classificar os custos e despesas em fixos e vari\u00e1veis;<br \/>\n3. Elaborar a Ficha de Controle de Estoque pelo custo m\u00e9dio dos meses de janeiro e fevereiro utilizando o m\u00e9todo de custeio por absor\u00e7\u00e3o (no c\u00e1lculo do custo unit\u00e1rio, considere tr\u00eas casas ap\u00f3s a v\u00edrgula);<br \/>\n4. Estruturar a Demonstra\u00e7\u00e3o do Resultado referente os meses de janeiro e fevereiro, com base no m\u00e9todo de custeio por absor\u00e7\u00e3o e apurar o lucro\/preju\u00edzo do per\u00edodo;<br \/>\n5. Elaborar a Ficha de controle de Estoque pelo custo m\u00e9dio dos meses de janeiro e fevereiro utilizando o m\u00e9todo de custeio vari\u00e1vel;<br \/>\n6. Estruturar a Demonstra\u00e7\u00e3o do Resultado referente aos meses de janeiro e fevereiro, com base no m\u00e9todo de custeio vari\u00e1vel e apurar o lucro\/preju\u00edzo do per\u00edodo.<\/p>\n<p>\u200bIMPORTANTE:<br \/>\n*Para fins did\u00e1ticos, nessa atividade incidir\u00e1 apenas o ICMS de 12% sobre a venda, n\u00e3o ser\u00e3o considerados outros tributos (IPI, PIS, COFINS, IRPJ e CSLL);<br \/>\n*Para fins did\u00e1ticos, considere que n\u00e3o houve movimenta\u00e7\u00e3o cont\u00e1bil antes do m\u00eas de Janeiro;<br \/>\n\u200b*Assista o v\u00eddeo explicativo do M.A.P.A., dispon\u00edvel em &#8220;V\u00cdDEOS EXPLICATIVOS&#8221;;<\/p>\n","protected":false},"excerpt":{"rendered":"<p>Ol\u00e1, acad\u00eamico(a) de Ci\u00eancias Cont\u00e1beis. Chegou o momento de explorar de forma pr\u00e1tica os conte\u00fados aprendidos na disciplina de Contabilidade<\/p>\n","protected":false},"featured_media":2326,"template":"","meta":{"_monsterinsights_skip_tracking":false,"_monsterinsights_sitenote_active":false,"_monsterinsights_sitenote_note":"","_monsterinsights_sitenote_category":0},"product_brand":[],"product_cat":[46],"product_tag":[],"class_list":{"0":"post-5763","1":"product","2":"type-product","3":"status-publish","4":"has-post-thumbnail","6":"product_cat-ciencias-contabeis","8":"first","9":"instock","10":"downloadable","11":"virtual","12":"purchasable","13":"product-type-simple"},"yoast_head":"<!-- This site is optimized with the Yoast SEO plugin v27.4 - https:\/\/yoast.com\/product\/yoast-seo-wordpress\/ -->\n<title>MAPA - Contabilidade de Custos - 52\/2025<\/title>\n<meta name=\"description\" content=\"Atividade MAPA - Contabilidade de Custos - 52\/2025 &#8902; Unicesumar. Baixe agora mesmo um Mapa Pronto resolvido!\" \/>\n<meta name=\"robots\" content=\"index, follow, max-snippet:-1, max-image-preview:large, max-video-preview:-1\" \/>\n<link rel=\"canonical\" href=\"https:\/\/atividademapa.com\/?product=mapa-contabilidade-de-custos-52-2025\" \/>\n<meta property=\"og:locale\" content=\"pt_BR\" \/>\n<meta property=\"og:type\" content=\"article\" \/>\n<meta property=\"og:title\" content=\"MAPA - Contabilidade de Custos - 52\/2025\" \/>\n<meta property=\"og:description\" content=\"Atividade MAPA - Contabilidade de Custos - 52\/2025 &#8902; Unicesumar. Baixe agora mesmo um Mapa Pronto resolvido!\" \/>\n<meta property=\"og:url\" content=\"https:\/\/atividademapa.com\/?product=mapa-contabilidade-de-custos-52-2025\" \/>\n<meta property=\"og:site_name\" content=\"Atividade Mapa\" \/>\n<meta property=\"article:modified_time\" content=\"2025-05-10T17:47:31+00:00\" \/>\n<meta property=\"og:image\" content=\"https:\/\/i0.wp.com\/atividademapa.com\/wp-content\/uploads\/2023\/03\/Atividade-M.A.P.A-3.png?fit=300%2C300&ssl=1\" \/>\n\t<meta property=\"og:image:width\" content=\"300\" \/>\n\t<meta property=\"og:image:height\" content=\"300\" \/>\n\t<meta property=\"og:image:type\" content=\"image\/png\" \/>\n<meta name=\"twitter:card\" content=\"summary_large_image\" \/>\n<meta name=\"twitter:label1\" content=\"Est. tempo de leitura\" \/>\n\t<meta name=\"twitter:data1\" content=\"5 minutos\" \/>\n<script type=\"application\/ld+json\" class=\"yoast-schema-graph\">{\"@context\":\"https:\\\/\\\/schema.org\",\"@graph\":[{\"@type\":\"WebPage\",\"@id\":\"https:\\\/\\\/atividademapa.com\\\/?product=mapa-contabilidade-de-custos-52-2025\",\"url\":\"https:\\\/\\\/atividademapa.com\\\/?product=mapa-contabilidade-de-custos-52-2025\",\"name\":\"MAPA - Contabilidade de Custos - 52\\\/2025\",\"isPartOf\":{\"@id\":\"https:\\\/\\\/atividademapa.com\\\/#website\"},\"primaryImageOfPage\":{\"@id\":\"https:\\\/\\\/atividademapa.com\\\/?product=mapa-contabilidade-de-custos-52-2025#primaryimage\"},\"image\":{\"@id\":\"https:\\\/\\\/atividademapa.com\\\/?product=mapa-contabilidade-de-custos-52-2025#primaryimage\"},\"thumbnailUrl\":\"https:\\\/\\\/i0.wp.com\\\/atividademapa.com\\\/wp-content\\\/uploads\\\/2023\\\/03\\\/Atividade-M.A.P.A-3.png?fit=300%2C300&ssl=1\",\"datePublished\":\"2025-05-08T01:00:09+00:00\",\"dateModified\":\"2025-05-10T17:47:31+00:00\",\"description\":\"Atividade MAPA - Contabilidade de Custos - 52\\\/2025 &#8902; Unicesumar. Baixe agora mesmo um Mapa Pronto resolvido!\",\"breadcrumb\":{\"@id\":\"https:\\\/\\\/atividademapa.com\\\/?product=mapa-contabilidade-de-custos-52-2025#breadcrumb\"},\"inLanguage\":\"pt-BR\",\"potentialAction\":[{\"@type\":\"ReadAction\",\"target\":[\"https:\\\/\\\/atividademapa.com\\\/?product=mapa-contabilidade-de-custos-52-2025\"]}]},{\"@type\":\"ImageObject\",\"inLanguage\":\"pt-BR\",\"@id\":\"https:\\\/\\\/atividademapa.com\\\/?product=mapa-contabilidade-de-custos-52-2025#primaryimage\",\"url\":\"https:\\\/\\\/i0.wp.com\\\/atividademapa.com\\\/wp-content\\\/uploads\\\/2023\\\/03\\\/Atividade-M.A.P.A-3.png?fit=300%2C300&ssl=1\",\"contentUrl\":\"https:\\\/\\\/i0.wp.com\\\/atividademapa.com\\\/wp-content\\\/uploads\\\/2023\\\/03\\\/Atividade-M.A.P.A-3.png?fit=300%2C300&ssl=1\",\"width\":300,\"height\":300,\"caption\":\"Mapa Unicesumar Atividade\"},{\"@type\":\"BreadcrumbList\",\"@id\":\"https:\\\/\\\/atividademapa.com\\\/?product=mapa-contabilidade-de-custos-52-2025#breadcrumb\",\"itemListElement\":[{\"@type\":\"ListItem\",\"position\":1,\"name\":\"In\u00edcio\",\"item\":\"https:\\\/\\\/atividademapa.com\\\/\"},{\"@type\":\"ListItem\",\"position\":2,\"name\":\"MAPAS\",\"item\":\"https:\\\/\\\/atividademapa.com\\\/?page_id=5\"},{\"@type\":\"ListItem\",\"position\":3,\"name\":\"MAPA &#8211; Contabilidade de Custos &#8211; 52\\\/2025\"}]},{\"@type\":\"WebSite\",\"@id\":\"https:\\\/\\\/atividademapa.com\\\/#website\",\"url\":\"https:\\\/\\\/atividademapa.com\\\/\",\"name\":\"Atividade Mapa\",\"description\":\"StudeO | Unicesumar\",\"publisher\":{\"@id\":\"https:\\\/\\\/atividademapa.com\\\/#organization\"},\"potentialAction\":[{\"@type\":\"SearchAction\",\"target\":{\"@type\":\"EntryPoint\",\"urlTemplate\":\"https:\\\/\\\/atividademapa.com\\\/?s={search_term_string}\"},\"query-input\":{\"@type\":\"PropertyValueSpecification\",\"valueRequired\":true,\"valueName\":\"search_term_string\"}}],\"inLanguage\":\"pt-BR\"},{\"@type\":\"Organization\",\"@id\":\"https:\\\/\\\/atividademapa.com\\\/#organization\",\"name\":\"Atividade MAPA\",\"url\":\"https:\\\/\\\/atividademapa.com\\\/\",\"logo\":{\"@type\":\"ImageObject\",\"inLanguage\":\"pt-BR\",\"@id\":\"https:\\\/\\\/atividademapa.com\\\/#\\\/schema\\\/logo\\\/image\\\/\",\"url\":\"https:\\\/\\\/i0.wp.com\\\/atividademapa.com\\\/wp-content\\\/uploads\\\/2023\\\/02\\\/ATIVIDADE.png?fit=600%2C300&ssl=1\",\"contentUrl\":\"https:\\\/\\\/i0.wp.com\\\/atividademapa.com\\\/wp-content\\\/uploads\\\/2023\\\/02\\\/ATIVIDADE.png?fit=600%2C300&ssl=1\",\"width\":600,\"height\":300,\"caption\":\"Atividade MAPA\"},\"image\":{\"@id\":\"https:\\\/\\\/atividademapa.com\\\/#\\\/schema\\\/logo\\\/image\\\/\"}}]}<\/script>\n<!-- \/ Yoast SEO plugin. -->","yoast_head_json":{"title":"MAPA - Contabilidade de Custos - 52\/2025","description":"Atividade MAPA - Contabilidade de Custos - 52\/2025 &#8902; Unicesumar. Baixe agora mesmo um Mapa Pronto resolvido!","robots":{"index":"index","follow":"follow","max-snippet":"max-snippet:-1","max-image-preview":"max-image-preview:large","max-video-preview":"max-video-preview:-1"},"canonical":"https:\/\/atividademapa.com\/?product=mapa-contabilidade-de-custos-52-2025","og_locale":"pt_BR","og_type":"article","og_title":"MAPA - Contabilidade de Custos - 52\/2025","og_description":"Atividade MAPA - Contabilidade de Custos - 52\/2025 &#8902; Unicesumar. Baixe agora mesmo um Mapa Pronto resolvido!","og_url":"https:\/\/atividademapa.com\/?product=mapa-contabilidade-de-custos-52-2025","og_site_name":"Atividade Mapa","article_modified_time":"2025-05-10T17:47:31+00:00","og_image":[{"width":300,"height":300,"url":"https:\/\/i0.wp.com\/atividademapa.com\/wp-content\/uploads\/2023\/03\/Atividade-M.A.P.A-3.png?fit=300%2C300&ssl=1","type":"image\/png"}],"twitter_card":"summary_large_image","twitter_misc":{"Est. tempo de leitura":"5 minutos"},"schema":{"@context":"https:\/\/schema.org","@graph":[{"@type":"WebPage","@id":"https:\/\/atividademapa.com\/?product=mapa-contabilidade-de-custos-52-2025","url":"https:\/\/atividademapa.com\/?product=mapa-contabilidade-de-custos-52-2025","name":"MAPA - Contabilidade de Custos - 52\/2025","isPartOf":{"@id":"https:\/\/atividademapa.com\/#website"},"primaryImageOfPage":{"@id":"https:\/\/atividademapa.com\/?product=mapa-contabilidade-de-custos-52-2025#primaryimage"},"image":{"@id":"https:\/\/atividademapa.com\/?product=mapa-contabilidade-de-custos-52-2025#primaryimage"},"thumbnailUrl":"https:\/\/i0.wp.com\/atividademapa.com\/wp-content\/uploads\/2023\/03\/Atividade-M.A.P.A-3.png?fit=300%2C300&ssl=1","datePublished":"2025-05-08T01:00:09+00:00","dateModified":"2025-05-10T17:47:31+00:00","description":"Atividade MAPA - Contabilidade de Custos - 52\/2025 &#8902; Unicesumar. Baixe agora mesmo um Mapa Pronto resolvido!","breadcrumb":{"@id":"https:\/\/atividademapa.com\/?product=mapa-contabilidade-de-custos-52-2025#breadcrumb"},"inLanguage":"pt-BR","potentialAction":[{"@type":"ReadAction","target":["https:\/\/atividademapa.com\/?product=mapa-contabilidade-de-custos-52-2025"]}]},{"@type":"ImageObject","inLanguage":"pt-BR","@id":"https:\/\/atividademapa.com\/?product=mapa-contabilidade-de-custos-52-2025#primaryimage","url":"https:\/\/i0.wp.com\/atividademapa.com\/wp-content\/uploads\/2023\/03\/Atividade-M.A.P.A-3.png?fit=300%2C300&ssl=1","contentUrl":"https:\/\/i0.wp.com\/atividademapa.com\/wp-content\/uploads\/2023\/03\/Atividade-M.A.P.A-3.png?fit=300%2C300&ssl=1","width":300,"height":300,"caption":"Mapa Unicesumar Atividade"},{"@type":"BreadcrumbList","@id":"https:\/\/atividademapa.com\/?product=mapa-contabilidade-de-custos-52-2025#breadcrumb","itemListElement":[{"@type":"ListItem","position":1,"name":"In\u00edcio","item":"https:\/\/atividademapa.com\/"},{"@type":"ListItem","position":2,"name":"MAPAS","item":"https:\/\/atividademapa.com\/?page_id=5"},{"@type":"ListItem","position":3,"name":"MAPA &#8211; Contabilidade de Custos &#8211; 52\/2025"}]},{"@type":"WebSite","@id":"https:\/\/atividademapa.com\/#website","url":"https:\/\/atividademapa.com\/","name":"Atividade Mapa","description":"StudeO | Unicesumar","publisher":{"@id":"https:\/\/atividademapa.com\/#organization"},"potentialAction":[{"@type":"SearchAction","target":{"@type":"EntryPoint","urlTemplate":"https:\/\/atividademapa.com\/?s={search_term_string}"},"query-input":{"@type":"PropertyValueSpecification","valueRequired":true,"valueName":"search_term_string"}}],"inLanguage":"pt-BR"},{"@type":"Organization","@id":"https:\/\/atividademapa.com\/#organization","name":"Atividade MAPA","url":"https:\/\/atividademapa.com\/","logo":{"@type":"ImageObject","inLanguage":"pt-BR","@id":"https:\/\/atividademapa.com\/#\/schema\/logo\/image\/","url":"https:\/\/i0.wp.com\/atividademapa.com\/wp-content\/uploads\/2023\/02\/ATIVIDADE.png?fit=600%2C300&ssl=1","contentUrl":"https:\/\/i0.wp.com\/atividademapa.com\/wp-content\/uploads\/2023\/02\/ATIVIDADE.png?fit=600%2C300&ssl=1","width":600,"height":300,"caption":"Atividade MAPA"},"image":{"@id":"https:\/\/atividademapa.com\/#\/schema\/logo\/image\/"}}]}},"_links":{"self":[{"href":"https:\/\/atividademapa.com\/index.php?rest_route=\/wp\/v2\/product\/5763","targetHints":{"allow":["GET"]}}],"collection":[{"href":"https:\/\/atividademapa.com\/index.php?rest_route=\/wp\/v2\/product"}],"about":[{"href":"https:\/\/atividademapa.com\/index.php?rest_route=\/wp\/v2\/types\/product"}],"version-history":[{"count":1,"href":"https:\/\/atividademapa.com\/index.php?rest_route=\/wp\/v2\/product\/5763\/revisions"}],"predecessor-version":[{"id":5764,"href":"https:\/\/atividademapa.com\/index.php?rest_route=\/wp\/v2\/product\/5763\/revisions\/5764"}],"wp:featuredmedia":[{"embeddable":true,"href":"https:\/\/atividademapa.com\/index.php?rest_route=\/wp\/v2\/media\/2326"}],"wp:attachment":[{"href":"https:\/\/atividademapa.com\/index.php?rest_route=%2Fwp%2Fv2%2Fmedia&parent=5763"}],"wp:term":[{"taxonomy":"product_brand","embeddable":true,"href":"https:\/\/atividademapa.com\/index.php?rest_route=%2Fwp%2Fv2%2Fproduct_brand&post=5763"},{"taxonomy":"product_cat","embeddable":true,"href":"https:\/\/atividademapa.com\/index.php?rest_route=%2Fwp%2Fv2%2Fproduct_cat&post=5763"},{"taxonomy":"product_tag","embeddable":true,"href":"https:\/\/atividademapa.com\/index.php?rest_route=%2Fwp%2Fv2%2Fproduct_tag&post=5763"}],"curies":[{"name":"wp","href":"https:\/\/api.w.org\/{rel}","templated":true}]}}