{"id":5768,"date":"2025-05-07T22:41:07","date_gmt":"2025-05-08T01:41:07","guid":{"rendered":"https:\/\/atividademapa.com\/?post_type=product&#038;p=5768"},"modified":"2025-05-07T22:41:09","modified_gmt":"2025-05-08T01:41:09","slug":"mapa-medidas-e-avaliacao-em-educacao-fisica-52-2025","status":"publish","type":"product","link":"https:\/\/atividademapa.com\/?product=mapa-medidas-e-avaliacao-em-educacao-fisica-52-2025","title":{"rendered":"MAPA &#8211; Medidas e Avalia\u00e7\u00e3o em Educa\u00e7\u00e3o F\u00edsica &#8211; 52\/2025"},"content":{"rendered":"<p>Dentre as \u00e1reas de estudo da cineantropometria, a antropometria corresponde \u00e0quela que proporciona informa\u00e7\u00f5es espec\u00edficas sobre a an\u00e1lise das caracter\u00edsticas morfol\u00f3gicas de uma pessoa, como a forma, a proporcionalidade e a composi\u00e7\u00e3o corporal. Uma vez que a antropometria corresponde ao conjunto dos processos de mensura\u00e7\u00e3o do corpo humano, ela \u00e9 amplamente utilizada na \u00e1rea da educa\u00e7\u00e3o f\u00edsica, sendo frequentemente inserida nas rotinas de avalia\u00e7\u00e3o f\u00edsica.<\/p>\n<p>Fonte: adaptado de: PITANGA, F. J. G. <strong>Testes, medidas e avalia\u00e7\u00e3o em educa\u00e7\u00e3o f\u00edsica<\/strong>. 3. ed. S\u00e3o Paulo: Phorte, 2004.<\/p>\n<p>&nbsp;<\/p>\n<p>Como a antropometria \u00e9 uma ferramenta importante para o acompanhamento de aspectos relacionados tanto \u00e0 sa\u00fade quanto \u00e0 performance esportiva, nessa atividade MAPA vamos testar seus conhecimentos na pr\u00e1tica. Dessa forma, voc\u00ea ter\u00e1 tr\u00eas tarefas a serem cumpridas, relacionadas \u00e0 avalia\u00e7\u00e3o f\u00edsica. Essas tarefas est\u00e3o descritas no MODELO DE MAPA \u2013 MEDIDAS E AVALIA\u00c7\u00c3O EM EDUCA\u00c7\u00c3O F\u00cdSICA.<\/p>\n<p><em>Orienta\u00e7\u00f5es gerais<\/em><br \/>\n&#8211; Muito importante! Voc\u00ea dever\u00e1 entregar essa atividade apenas por meio do MODELO DE MAPA \u2013 MEDIDAS E AVALIA\u00c7\u00c3O EM EDUCA\u00c7\u00c3O F\u00cdSICA.<br \/>\n&#8211; Utilize o livro (PDF) da disciplina como principal fonte de apoio.<br \/>\n&#8211; C\u00f3pias parcial ou total ser\u00e3o zeradas.<br \/>\n&#8211; Todas as atividades do curso s\u00e3o avaliadas conforme o que est\u00e1 sendo solicitado e as instru\u00e7\u00f5es fornecidas. Assim, o descumprimento dessas orienta\u00e7\u00f5es sempre acarreta algum desconto na nota.<\/p>\n<p><strong># FICHA DE AVALIA\u00c7\u00c3O<\/strong><\/p>\n<p><strong>Data da avalia\u00e7\u00e3o:<\/strong> 01\/05\/2025<br \/>\n<strong>Avaliado:<\/strong> Let\u00edcia<br \/>\n<strong>Sexo:<\/strong> feminino<br \/>\n<strong>Data de nascimento:<\/strong> 11\/09\/1994<br \/>\n<strong>Massa Corporal:<\/strong> 72,4kg<br \/>\n<strong>Estatura:<\/strong> 1,62m<br \/>\n<strong>Circunfer\u00eancia da Cintura:<\/strong> 83cm<\/p>\n<p>&nbsp;<\/p>\n<table width=\"100%\">\n<tbody>\n<tr>\n<td colspan=\"4\" width=\"100%\"><strong>Dobras cut\u00e2neas<\/strong><\/td>\n<\/tr>\n<tr>\n<td width=\"45%\"><\/td>\n<td width=\"17%\"><strong>1\u00b0 medida<\/strong><\/td>\n<td width=\"18%\"><strong>2\u00b0 medida<\/strong><\/td>\n<td width=\"18%\"><strong>3\u00b0 medida<\/strong><\/td>\n<\/tr>\n<tr>\n<td width=\"45%\"><strong>Dobra cut\u00e2nea do Peitoral<\/strong><\/td>\n<td width=\"17%\">15,5 mm<\/td>\n<td width=\"18%\">15,9 mm<\/td>\n<td width=\"18%\">15,7 mm<\/td>\n<\/tr>\n<tr>\n<td width=\"45%\"><strong>Dobra cut\u00e2nea do Abd\u00f4men<\/strong><\/td>\n<td width=\"17%\">30,8 mm<\/td>\n<td width=\"18%\">29,5 mm<\/td>\n<td width=\"18%\">28,5 mm<\/td>\n<\/tr>\n<tr>\n<td width=\"45%\"><strong>Dobra cut\u00e2nea do Tr\u00edceps<\/strong><\/td>\n<td width=\"17%\">23,9 mm<\/td>\n<td width=\"18%\">22,8 mm<\/td>\n<td width=\"18%\">23 mm<\/td>\n<\/tr>\n<tr>\n<td width=\"45%\"><strong>Dobra cut\u00e2nea da Coxa<\/strong><\/td>\n<td width=\"17%\">30,1 mm<\/td>\n<td width=\"18%\">29,5 mm<\/td>\n<td width=\"18%\">28,5 mm<\/td>\n<\/tr>\n<tr>\n<td width=\"45%\"><strong>Dobra cut\u00e2nea da Suprail\u00edaca<\/strong><\/td>\n<td width=\"17%\">28,5 mm<\/td>\n<td width=\"18%\">30,7 mm<\/td>\n<td width=\"18%\">27,5 mm<\/td>\n<\/tr>\n<tr>\n<td width=\"45%\"><strong>Dobra cut\u00e2nea da Axilar m\u00e9dia<\/strong><\/td>\n<td width=\"17%\">18,6 mm<\/td>\n<td width=\"18%\">20,5 mm<\/td>\n<td width=\"18%\">19,6 mm<\/td>\n<\/tr>\n<tr>\n<td width=\"45%\"><strong>Dobra cut\u00e2nea da Subescapular<\/strong><\/td>\n<td width=\"17%\">28,0 mm<\/td>\n<td width=\"18%\">30,9 mm<\/td>\n<td width=\"18%\">29 mm<\/td>\n<\/tr>\n<\/tbody>\n<\/table>\n<p>&nbsp;<\/p>\n<p>&nbsp;<\/p>\n<p><strong>ATIVIDADE 1 \u2013 PROTOCOLO E PROCEDIMENTO DE COLETA DAS MEDIDAS<\/strong><\/p>\n<p><strong>\u00a0<\/strong><\/p>\n<p>Quando aplicamos um teste, devemos verificar, primeiramente, para qual popula\u00e7\u00e3o ele foi desenvolvido e, na sequ\u00eancia, respeitar e seguir as orienta\u00e7\u00f5es dos protocolos, para que as medidas\/resultados forne\u00e7am informa\u00e7\u00f5es confi\u00e1veis.<\/p>\n<p>&nbsp;<\/p>\n","protected":false},"excerpt":{"rendered":"<p>Dentre as \u00e1reas de estudo da cineantropometria, a antropometria corresponde \u00e0quela que proporciona informa\u00e7\u00f5es espec\u00edficas sobre a an\u00e1lise das caracter\u00edsticas<\/p>\n","protected":false},"featured_media":2326,"template":"","meta":{"_monsterinsights_skip_tracking":false,"_monsterinsights_sitenote_active":false,"_monsterinsights_sitenote_note":"","_monsterinsights_sitenote_category":0},"product_brand":[],"product_cat":[42],"product_tag":[],"class_list":{"0":"post-5768","1":"product","2":"type-product","3":"status-publish","4":"has-post-thumbnail","6":"product_cat-educacao-fisica","8":"first","9":"instock","10":"downloadable","11":"virtual","12":"purchasable","13":"product-type-simple"},"yoast_head":"<!-- This site is optimized with the Yoast SEO plugin v27.4 - https:\/\/yoast.com\/product\/yoast-seo-wordpress\/ -->\n<title>MAPA - Medidas e Avalia\u00e7\u00e3o em Educa\u00e7\u00e3o F\u00edsica - 52\/2025<\/title>\n<meta name=\"description\" content=\"Atividade MAPA - Medidas e Avalia\u00e7\u00e3o em Educa\u00e7\u00e3o F\u00edsica - 52\/2025 &#8902; Unicesumar. Baixe agora mesmo um Mapa Pronto resolvido!\" \/>\n<meta name=\"robots\" content=\"index, follow, max-snippet:-1, max-image-preview:large, max-video-preview:-1\" \/>\n<link rel=\"canonical\" href=\"https:\/\/atividademapa.com\/?product=mapa-medidas-e-avaliacao-em-educacao-fisica-52-2025\" \/>\n<meta property=\"og:locale\" content=\"pt_BR\" \/>\n<meta property=\"og:type\" content=\"article\" \/>\n<meta property=\"og:title\" content=\"MAPA - Medidas e Avalia\u00e7\u00e3o em Educa\u00e7\u00e3o F\u00edsica - 52\/2025\" \/>\n<meta property=\"og:description\" content=\"Atividade MAPA - Medidas e Avalia\u00e7\u00e3o em Educa\u00e7\u00e3o F\u00edsica - 52\/2025 &#8902; Unicesumar. Baixe agora mesmo um Mapa Pronto resolvido!\" \/>\n<meta property=\"og:url\" content=\"https:\/\/atividademapa.com\/?product=mapa-medidas-e-avaliacao-em-educacao-fisica-52-2025\" \/>\n<meta property=\"og:site_name\" content=\"Atividade Mapa\" \/>\n<meta property=\"article:modified_time\" content=\"2025-05-08T01:41:09+00:00\" \/>\n<meta property=\"og:image\" content=\"https:\/\/i0.wp.com\/atividademapa.com\/wp-content\/uploads\/2023\/03\/Atividade-M.A.P.A-3.png?fit=300%2C300&ssl=1\" \/>\n\t<meta property=\"og:image:width\" content=\"300\" \/>\n\t<meta property=\"og:image:height\" content=\"300\" \/>\n\t<meta property=\"og:image:type\" content=\"image\/png\" \/>\n<meta name=\"twitter:card\" content=\"summary_large_image\" \/>\n<meta name=\"twitter:label1\" content=\"Est. tempo de leitura\" \/>\n\t<meta name=\"twitter:data1\" content=\"2 minutos\" \/>\n<script type=\"application\/ld+json\" class=\"yoast-schema-graph\">{\"@context\":\"https:\\\/\\\/schema.org\",\"@graph\":[{\"@type\":\"WebPage\",\"@id\":\"https:\\\/\\\/atividademapa.com\\\/?product=mapa-medidas-e-avaliacao-em-educacao-fisica-52-2025\",\"url\":\"https:\\\/\\\/atividademapa.com\\\/?product=mapa-medidas-e-avaliacao-em-educacao-fisica-52-2025\",\"name\":\"MAPA - Medidas e Avalia\u00e7\u00e3o em Educa\u00e7\u00e3o F\u00edsica - 52\\\/2025\",\"isPartOf\":{\"@id\":\"https:\\\/\\\/atividademapa.com\\\/#website\"},\"primaryImageOfPage\":{\"@id\":\"https:\\\/\\\/atividademapa.com\\\/?product=mapa-medidas-e-avaliacao-em-educacao-fisica-52-2025#primaryimage\"},\"image\":{\"@id\":\"https:\\\/\\\/atividademapa.com\\\/?product=mapa-medidas-e-avaliacao-em-educacao-fisica-52-2025#primaryimage\"},\"thumbnailUrl\":\"https:\\\/\\\/i0.wp.com\\\/atividademapa.com\\\/wp-content\\\/uploads\\\/2023\\\/03\\\/Atividade-M.A.P.A-3.png?fit=300%2C300&ssl=1\",\"datePublished\":\"2025-05-08T01:41:07+00:00\",\"dateModified\":\"2025-05-08T01:41:09+00:00\",\"description\":\"Atividade MAPA - Medidas e Avalia\u00e7\u00e3o em Educa\u00e7\u00e3o F\u00edsica - 52\\\/2025 &#8902; Unicesumar. Baixe agora mesmo um Mapa Pronto resolvido!\",\"breadcrumb\":{\"@id\":\"https:\\\/\\\/atividademapa.com\\\/?product=mapa-medidas-e-avaliacao-em-educacao-fisica-52-2025#breadcrumb\"},\"inLanguage\":\"pt-BR\",\"potentialAction\":[{\"@type\":\"ReadAction\",\"target\":[\"https:\\\/\\\/atividademapa.com\\\/?product=mapa-medidas-e-avaliacao-em-educacao-fisica-52-2025\"]}]},{\"@type\":\"ImageObject\",\"inLanguage\":\"pt-BR\",\"@id\":\"https:\\\/\\\/atividademapa.com\\\/?product=mapa-medidas-e-avaliacao-em-educacao-fisica-52-2025#primaryimage\",\"url\":\"https:\\\/\\\/i0.wp.com\\\/atividademapa.com\\\/wp-content\\\/uploads\\\/2023\\\/03\\\/Atividade-M.A.P.A-3.png?fit=300%2C300&ssl=1\",\"contentUrl\":\"https:\\\/\\\/i0.wp.com\\\/atividademapa.com\\\/wp-content\\\/uploads\\\/2023\\\/03\\\/Atividade-M.A.P.A-3.png?fit=300%2C300&ssl=1\",\"width\":300,\"height\":300,\"caption\":\"Mapa Unicesumar Atividade\"},{\"@type\":\"BreadcrumbList\",\"@id\":\"https:\\\/\\\/atividademapa.com\\\/?product=mapa-medidas-e-avaliacao-em-educacao-fisica-52-2025#breadcrumb\",\"itemListElement\":[{\"@type\":\"ListItem\",\"position\":1,\"name\":\"In\u00edcio\",\"item\":\"https:\\\/\\\/atividademapa.com\\\/\"},{\"@type\":\"ListItem\",\"position\":2,\"name\":\"MAPAS\",\"item\":\"https:\\\/\\\/atividademapa.com\\\/?page_id=5\"},{\"@type\":\"ListItem\",\"position\":3,\"name\":\"MAPA &#8211; Medidas e Avalia\u00e7\u00e3o em Educa\u00e7\u00e3o F\u00edsica &#8211; 52\\\/2025\"}]},{\"@type\":\"WebSite\",\"@id\":\"https:\\\/\\\/atividademapa.com\\\/#website\",\"url\":\"https:\\\/\\\/atividademapa.com\\\/\",\"name\":\"Atividade Mapa\",\"description\":\"StudeO | Unicesumar\",\"publisher\":{\"@id\":\"https:\\\/\\\/atividademapa.com\\\/#organization\"},\"potentialAction\":[{\"@type\":\"SearchAction\",\"target\":{\"@type\":\"EntryPoint\",\"urlTemplate\":\"https:\\\/\\\/atividademapa.com\\\/?s={search_term_string}\"},\"query-input\":{\"@type\":\"PropertyValueSpecification\",\"valueRequired\":true,\"valueName\":\"search_term_string\"}}],\"inLanguage\":\"pt-BR\"},{\"@type\":\"Organization\",\"@id\":\"https:\\\/\\\/atividademapa.com\\\/#organization\",\"name\":\"Atividade MAPA\",\"url\":\"https:\\\/\\\/atividademapa.com\\\/\",\"logo\":{\"@type\":\"ImageObject\",\"inLanguage\":\"pt-BR\",\"@id\":\"https:\\\/\\\/atividademapa.com\\\/#\\\/schema\\\/logo\\\/image\\\/\",\"url\":\"https:\\\/\\\/i0.wp.com\\\/atividademapa.com\\\/wp-content\\\/uploads\\\/2023\\\/02\\\/ATIVIDADE.png?fit=600%2C300&ssl=1\",\"contentUrl\":\"https:\\\/\\\/i0.wp.com\\\/atividademapa.com\\\/wp-content\\\/uploads\\\/2023\\\/02\\\/ATIVIDADE.png?fit=600%2C300&ssl=1\",\"width\":600,\"height\":300,\"caption\":\"Atividade MAPA\"},\"image\":{\"@id\":\"https:\\\/\\\/atividademapa.com\\\/#\\\/schema\\\/logo\\\/image\\\/\"}}]}<\/script>\n<!-- \/ Yoast SEO plugin. -->","yoast_head_json":{"title":"MAPA - Medidas e Avalia\u00e7\u00e3o em Educa\u00e7\u00e3o F\u00edsica - 52\/2025","description":"Atividade MAPA - Medidas e Avalia\u00e7\u00e3o em Educa\u00e7\u00e3o F\u00edsica - 52\/2025 &#8902; Unicesumar. Baixe agora mesmo um Mapa Pronto resolvido!","robots":{"index":"index","follow":"follow","max-snippet":"max-snippet:-1","max-image-preview":"max-image-preview:large","max-video-preview":"max-video-preview:-1"},"canonical":"https:\/\/atividademapa.com\/?product=mapa-medidas-e-avaliacao-em-educacao-fisica-52-2025","og_locale":"pt_BR","og_type":"article","og_title":"MAPA - Medidas e Avalia\u00e7\u00e3o em Educa\u00e7\u00e3o F\u00edsica - 52\/2025","og_description":"Atividade MAPA - Medidas e Avalia\u00e7\u00e3o em Educa\u00e7\u00e3o F\u00edsica - 52\/2025 &#8902; Unicesumar. Baixe agora mesmo um Mapa Pronto resolvido!","og_url":"https:\/\/atividademapa.com\/?product=mapa-medidas-e-avaliacao-em-educacao-fisica-52-2025","og_site_name":"Atividade Mapa","article_modified_time":"2025-05-08T01:41:09+00:00","og_image":[{"width":300,"height":300,"url":"https:\/\/i0.wp.com\/atividademapa.com\/wp-content\/uploads\/2023\/03\/Atividade-M.A.P.A-3.png?fit=300%2C300&ssl=1","type":"image\/png"}],"twitter_card":"summary_large_image","twitter_misc":{"Est. tempo de leitura":"2 minutos"},"schema":{"@context":"https:\/\/schema.org","@graph":[{"@type":"WebPage","@id":"https:\/\/atividademapa.com\/?product=mapa-medidas-e-avaliacao-em-educacao-fisica-52-2025","url":"https:\/\/atividademapa.com\/?product=mapa-medidas-e-avaliacao-em-educacao-fisica-52-2025","name":"MAPA - Medidas e Avalia\u00e7\u00e3o em Educa\u00e7\u00e3o F\u00edsica - 52\/2025","isPartOf":{"@id":"https:\/\/atividademapa.com\/#website"},"primaryImageOfPage":{"@id":"https:\/\/atividademapa.com\/?product=mapa-medidas-e-avaliacao-em-educacao-fisica-52-2025#primaryimage"},"image":{"@id":"https:\/\/atividademapa.com\/?product=mapa-medidas-e-avaliacao-em-educacao-fisica-52-2025#primaryimage"},"thumbnailUrl":"https:\/\/i0.wp.com\/atividademapa.com\/wp-content\/uploads\/2023\/03\/Atividade-M.A.P.A-3.png?fit=300%2C300&ssl=1","datePublished":"2025-05-08T01:41:07+00:00","dateModified":"2025-05-08T01:41:09+00:00","description":"Atividade MAPA - Medidas e Avalia\u00e7\u00e3o em Educa\u00e7\u00e3o F\u00edsica - 52\/2025 &#8902; Unicesumar. Baixe agora mesmo um Mapa Pronto resolvido!","breadcrumb":{"@id":"https:\/\/atividademapa.com\/?product=mapa-medidas-e-avaliacao-em-educacao-fisica-52-2025#breadcrumb"},"inLanguage":"pt-BR","potentialAction":[{"@type":"ReadAction","target":["https:\/\/atividademapa.com\/?product=mapa-medidas-e-avaliacao-em-educacao-fisica-52-2025"]}]},{"@type":"ImageObject","inLanguage":"pt-BR","@id":"https:\/\/atividademapa.com\/?product=mapa-medidas-e-avaliacao-em-educacao-fisica-52-2025#primaryimage","url":"https:\/\/i0.wp.com\/atividademapa.com\/wp-content\/uploads\/2023\/03\/Atividade-M.A.P.A-3.png?fit=300%2C300&ssl=1","contentUrl":"https:\/\/i0.wp.com\/atividademapa.com\/wp-content\/uploads\/2023\/03\/Atividade-M.A.P.A-3.png?fit=300%2C300&ssl=1","width":300,"height":300,"caption":"Mapa Unicesumar Atividade"},{"@type":"BreadcrumbList","@id":"https:\/\/atividademapa.com\/?product=mapa-medidas-e-avaliacao-em-educacao-fisica-52-2025#breadcrumb","itemListElement":[{"@type":"ListItem","position":1,"name":"In\u00edcio","item":"https:\/\/atividademapa.com\/"},{"@type":"ListItem","position":2,"name":"MAPAS","item":"https:\/\/atividademapa.com\/?page_id=5"},{"@type":"ListItem","position":3,"name":"MAPA &#8211; Medidas e Avalia\u00e7\u00e3o em Educa\u00e7\u00e3o F\u00edsica &#8211; 52\/2025"}]},{"@type":"WebSite","@id":"https:\/\/atividademapa.com\/#website","url":"https:\/\/atividademapa.com\/","name":"Atividade Mapa","description":"StudeO | Unicesumar","publisher":{"@id":"https:\/\/atividademapa.com\/#organization"},"potentialAction":[{"@type":"SearchAction","target":{"@type":"EntryPoint","urlTemplate":"https:\/\/atividademapa.com\/?s={search_term_string}"},"query-input":{"@type":"PropertyValueSpecification","valueRequired":true,"valueName":"search_term_string"}}],"inLanguage":"pt-BR"},{"@type":"Organization","@id":"https:\/\/atividademapa.com\/#organization","name":"Atividade MAPA","url":"https:\/\/atividademapa.com\/","logo":{"@type":"ImageObject","inLanguage":"pt-BR","@id":"https:\/\/atividademapa.com\/#\/schema\/logo\/image\/","url":"https:\/\/i0.wp.com\/atividademapa.com\/wp-content\/uploads\/2023\/02\/ATIVIDADE.png?fit=600%2C300&ssl=1","contentUrl":"https:\/\/i0.wp.com\/atividademapa.com\/wp-content\/uploads\/2023\/02\/ATIVIDADE.png?fit=600%2C300&ssl=1","width":600,"height":300,"caption":"Atividade MAPA"},"image":{"@id":"https:\/\/atividademapa.com\/#\/schema\/logo\/image\/"}}]}},"_links":{"self":[{"href":"https:\/\/atividademapa.com\/index.php?rest_route=\/wp\/v2\/product\/5768","targetHints":{"allow":["GET"]}}],"collection":[{"href":"https:\/\/atividademapa.com\/index.php?rest_route=\/wp\/v2\/product"}],"about":[{"href":"https:\/\/atividademapa.com\/index.php?rest_route=\/wp\/v2\/types\/product"}],"version-history":[{"count":1,"href":"https:\/\/atividademapa.com\/index.php?rest_route=\/wp\/v2\/product\/5768\/revisions"}],"predecessor-version":[{"id":5770,"href":"https:\/\/atividademapa.com\/index.php?rest_route=\/wp\/v2\/product\/5768\/revisions\/5770"}],"wp:featuredmedia":[{"embeddable":true,"href":"https:\/\/atividademapa.com\/index.php?rest_route=\/wp\/v2\/media\/2326"}],"wp:attachment":[{"href":"https:\/\/atividademapa.com\/index.php?rest_route=%2Fwp%2Fv2%2Fmedia&parent=5768"}],"wp:term":[{"taxonomy":"product_brand","embeddable":true,"href":"https:\/\/atividademapa.com\/index.php?rest_route=%2Fwp%2Fv2%2Fproduct_brand&post=5768"},{"taxonomy":"product_cat","embeddable":true,"href":"https:\/\/atividademapa.com\/index.php?rest_route=%2Fwp%2Fv2%2Fproduct_cat&post=5768"},{"taxonomy":"product_tag","embeddable":true,"href":"https:\/\/atividademapa.com\/index.php?rest_route=%2Fwp%2Fv2%2Fproduct_tag&post=5768"}],"curies":[{"name":"wp","href":"https:\/\/api.w.org\/{rel}","templated":true}]}}