{"id":5801,"date":"2025-05-10T17:26:00","date_gmt":"2025-05-10T20:26:00","guid":{"rendered":"https:\/\/atividademapa.com\/?post_type=product&#038;p=5801"},"modified":"2025-05-10T17:26:01","modified_gmt":"2025-05-10T20:26:01","slug":"mapa-pod-orteses-das-unhas-e-dos-pes-52_2025","status":"publish","type":"product","link":"https:\/\/atividademapa.com\/?product=mapa-pod-orteses-das-unhas-e-dos-pes-52_2025","title":{"rendered":"MAPA &#8211; POD &#8211; \u00d3rteses Das Unhas e dos P\u00e9s &#8211; 52_2025"},"content":{"rendered":"<div class=\"panel-heading\">\n<div class=\"panel-title cursor ng-binding\" data-toggle=\"collapse\">Quest\u00e3o 1<\/div>\n<div class=\"panel-controls\">\n<ul>\n<li><\/li>\n<\/ul>\n<\/div>\n<\/div>\n<div class=\"panel-body p-t-20 b-t b-grey\">\n<div class=\"enunciado ng-binding\">\n<p class=\"ng-scope\">Os p\u00e9s, do ponto de vista cient\u00edfico e tendo a sa\u00fade como par\u00e2metro de normalidade, n\u00e3o podem ter atritos ou pontos de press\u00e3o, les\u00f5es, como calos, calosidades, fissuras, bolhas, corte errado de unha ou perda de unhas ocasionada por descolamento e hematomas por cal\u00e7ados.<\/p>\n<p class=\"ng-scope\">Uma das caracter\u00edsticas da funcionalidade do p\u00e9 \u00e9 participar constantemente da locomo\u00e7\u00e3o e do equil\u00edbrio postural. No que se refere \u00e0 locomo\u00e7\u00e3o, destaca-se a capacidade de se movimentar no ambiente em diferentes situa\u00e7\u00f5es de terrenos planos e irregulares. O equil\u00edbrio postural \u00e9 a capacidade do corpo se manter na posi\u00e7\u00e3o b\u00edpede, utilizando-se do p\u00e9 e tornozelo como base de sustenta\u00e7\u00e3o.<\/p>\n<p class=\"ng-scope\">As desordens posturais do p\u00e9 est\u00e3o estreitamente relacionadas \u00e0s altera\u00e7\u00f5es morfol\u00f3gicas, biomec\u00e2nicas e funcionais dos p\u00e9s. Um exemplo dessas altera\u00e7\u00f5es na faixa et\u00e1ria idosa \u00e9 o valgismo do p\u00e9 (h\u00e1lux valgo) que gera significativas dificuldades de adapta\u00e7\u00e3o aos cal\u00e7ados, gerando problemas de instabilidade postural e aumento do risco de quedas.<\/p>\n<p class=\"ng-scope\">A utiliza\u00e7\u00e3o de \u00f3rteses na podologia \u00e9 uma abordagem terap\u00eautica essencial para corrigir altera\u00e7\u00f5es estruturais das unhas e dos p\u00e9s, proporcionando al\u00edvio de dores, preven\u00e7\u00e3o de complica\u00e7\u00f5es e melhoria na qualidade de vida dos pacientes. O conhecimento adequado sobre o tema permite ao profissional pod\u00f3logo oferecer tratamentos espec\u00edficos e personalizados, promovendo o bem-estar e a sa\u00fade podal.<\/p>\n<p class=\"ng-scope\">O dom\u00ednio sobre a confec\u00e7\u00e3o e aplica\u00e7\u00e3o de \u00f3rteses \u00e9 fundamental para o pod\u00f3logo, pois permite um tratamento mais completo e eficiente. Compreender a anatomia, a biomec\u00e2nica e as restri\u00e7\u00f5es adequadas para cada tipo de \u00f3rtese evita complica\u00e7\u00f5es e maximiza os resultados terap\u00eauticos.<\/p>\n<p class=\"ng-scope\">Al\u00e9m disso, a evolu\u00e7\u00e3o dos materiais e t\u00e9cnicas exige atualiza\u00e7\u00e3o constante dos profissionais, garantindo abordagens modernas e pr\u00e1ticas. O conhecimento sobre \u00f3rteses amplia as possibilidades de interven\u00e7\u00e3o na podologia, tornando o atendimento mais qualificado e personalizado.\n<\/p>\n<p class=\"ng-scope\">Fonte: CARVALHO, C. E. de.\u202f<strong>\u00d3rteses das unhas e dos P\u00e9s.\u00a0<\/strong>Maring\u00e1: Unicesumar, 2021.\n<\/p>\n<p class=\"ng-scope\"><strong>Diante disso, vamos analisar um quadro cl\u00ednico sobre o tema:\u00a0<\/strong><\/p>\n<p class=\"ng-scope\">Joana \u00e9 uma jovem de 31 anos e agenda um hor\u00e1rio com voc\u00ea em seu estabelecimento de atendimento podol\u00f3gico para uma avalia\u00e7\u00e3o.<\/p>\n<p class=\"ng-scope\">Ao chegar, voc\u00ea analisar que a paciente apresenta ambos os p\u00e9s com desabamento ou achatamento do arco plantar medial, com presen\u00e7a de h\u00e1lux valgus, e a mesma relata uma algia intensa na regi\u00e3o do m\u00e9dio p\u00e9, principalmente ao final do dia e ap\u00f3s realizar atividade f\u00edsica. Durante a an\u00e1lise biomec\u00e2nica, voc\u00ea observa uma prona\u00e7\u00e3o excessiva ao andar, e os cal\u00e7ados da mesma est\u00e3o mais &#8220;gastos \u201cna regi\u00e3o medial.<\/p>\n<p class=\"ng-scope\"><strong>Veja a foto do p\u00e9 da paciente:\u00a0<\/strong><\/p>\n<p class=\"ng-scope\"><img data-recalc-dims=\"1\" decoding=\"async\" src=\"https:\/\/i0.wp.com\/sistemasead.unicesumar.edu.br\/flex\/amfphp\/services\/Portal\/ImagemQuestionario2\/QUE_256896_650035_1.png?ssl=1\" \/><\/p>\n<p class=\"ng-scope\">Fonte: https:\/\/media.istockphoto.com\/id\/1466745152\/pt\/foto\/mature-woman-exercising-against-flat-feet-at-home.jpg?s=612&#215;612&amp;w=0&amp;k=20&amp;c=IFLjrDzkklAorU912v4BsyPhRHrKBQNH6H8l-qPYm-8=. Acesso em: 31 mar.\/2025\n<\/p>\n<p class=\"ng-scope\"><strong>Considerando todos os achados cl\u00ednicos da mesma, e suas respectivas atribui\u00e7\u00f5es para a melhora do quadro cl\u00ednico, responda \u00e0s quest\u00f5es a seguir:\u00a0<\/strong>\n<\/p>\n<p class=\"ng-scope\"><strong>1)\u00a0<\/strong>Explique para Joana o que \u00e9 a prona\u00e7\u00e3o e como pode interferir na pisada e qualidade de vida do paciente.<br \/>\n<strong>2)<\/strong>\u00a0Explique tamb\u00e9m o que \u00e9 um p\u00e9 plano e como o mesmo pode acabar causando desconfortos no dia a dia.<br \/>\n<strong>3)\u00a0<\/strong>A paciente tamb\u00e9m gostaria de saber o que causou o p\u00e9 plano nela, portanto explique sobre as atribui\u00e7\u00f5es gen\u00e9ticas que podem favorecer o aparecimento da doen\u00e7a.<br \/>\n<strong>4)\u00a0<\/strong>Explique tamb\u00e9m como pode ser feito o diagn\u00f3stico correto da patologia, para que a paciente fique atenta quanto \u00e0s caracter\u00edsticas que precisam ser observadas.<br \/>\n<strong>5)\u00a0<\/strong>Agora explique para ela o que \u00e9 uma \u00f3rtese customizada, que \u00e9 a melhor alternativa de tratamento para diminui\u00e7\u00e3o dos problemas relacionados ao tipo de p\u00e9 que ela apresenta.<\/p>\n<\/div>\n<\/div>\n","protected":false},"excerpt":{"rendered":"<p>Quest\u00e3o 1 Os p\u00e9s, do ponto de vista cient\u00edfico e tendo a sa\u00fade como par\u00e2metro de normalidade, n\u00e3o podem ter<\/p>\n","protected":false},"featured_media":2326,"template":"","meta":{"_monsterinsights_skip_tracking":false,"_monsterinsights_sitenote_active":false,"_monsterinsights_sitenote_note":"","_monsterinsights_sitenote_category":0},"product_brand":[],"product_cat":[90],"product_tag":[],"class_list":{"0":"post-5801","1":"product","2":"type-product","3":"status-publish","4":"has-post-thumbnail","6":"product_cat-podologia","8":"first","9":"instock","10":"downloadable","11":"virtual","12":"purchasable","13":"product-type-simple"},"yoast_head":"<!-- This site is optimized with the Yoast SEO plugin v27.4 - https:\/\/yoast.com\/product\/yoast-seo-wordpress\/ -->\n<title>MAPA - POD - \u00d3rteses Das Unhas e dos P\u00e9s - 52_2025<\/title>\n<meta name=\"description\" content=\"Atividade MAPA - POD - \u00d3rteses Das Unhas e dos P\u00e9s - 52_2025 &#8902; Unicesumar. Baixe agora mesmo um Mapa Pronto resolvido!\" \/>\n<meta name=\"robots\" content=\"index, follow, max-snippet:-1, max-image-preview:large, max-video-preview:-1\" \/>\n<link rel=\"canonical\" href=\"https:\/\/atividademapa.com\/?product=mapa-pod-orteses-das-unhas-e-dos-pes-52_2025\" \/>\n<meta property=\"og:locale\" content=\"pt_BR\" \/>\n<meta property=\"og:type\" content=\"article\" \/>\n<meta property=\"og:title\" content=\"MAPA - POD - \u00d3rteses Das Unhas e dos P\u00e9s - 52_2025\" \/>\n<meta property=\"og:description\" content=\"Atividade MAPA - POD - \u00d3rteses Das Unhas e dos P\u00e9s - 52_2025 &#8902; Unicesumar. Baixe agora mesmo um Mapa Pronto resolvido!\" \/>\n<meta property=\"og:url\" content=\"https:\/\/atividademapa.com\/?product=mapa-pod-orteses-das-unhas-e-dos-pes-52_2025\" \/>\n<meta property=\"og:site_name\" content=\"Atividade Mapa\" \/>\n<meta property=\"article:modified_time\" content=\"2025-05-10T20:26:01+00:00\" \/>\n<meta property=\"og:image\" content=\"https:\/\/i0.wp.com\/atividademapa.com\/wp-content\/uploads\/2023\/03\/Atividade-M.A.P.A-3.png?fit=300%2C300&ssl=1\" \/>\n\t<meta property=\"og:image:width\" content=\"300\" \/>\n\t<meta property=\"og:image:height\" content=\"300\" \/>\n\t<meta property=\"og:image:type\" content=\"image\/png\" \/>\n<meta name=\"twitter:card\" content=\"summary_large_image\" \/>\n<meta name=\"twitter:label1\" content=\"Est. tempo de leitura\" \/>\n\t<meta name=\"twitter:data1\" content=\"3 minutos\" \/>\n<script type=\"application\/ld+json\" class=\"yoast-schema-graph\">{\"@context\":\"https:\\\/\\\/schema.org\",\"@graph\":[{\"@type\":\"WebPage\",\"@id\":\"https:\\\/\\\/atividademapa.com\\\/?product=mapa-pod-orteses-das-unhas-e-dos-pes-52_2025\",\"url\":\"https:\\\/\\\/atividademapa.com\\\/?product=mapa-pod-orteses-das-unhas-e-dos-pes-52_2025\",\"name\":\"MAPA - POD - \u00d3rteses Das Unhas e dos P\u00e9s - 52_2025\",\"isPartOf\":{\"@id\":\"https:\\\/\\\/atividademapa.com\\\/#website\"},\"primaryImageOfPage\":{\"@id\":\"https:\\\/\\\/atividademapa.com\\\/?product=mapa-pod-orteses-das-unhas-e-dos-pes-52_2025#primaryimage\"},\"image\":{\"@id\":\"https:\\\/\\\/atividademapa.com\\\/?product=mapa-pod-orteses-das-unhas-e-dos-pes-52_2025#primaryimage\"},\"thumbnailUrl\":\"https:\\\/\\\/i0.wp.com\\\/atividademapa.com\\\/wp-content\\\/uploads\\\/2023\\\/03\\\/Atividade-M.A.P.A-3.png?fit=300%2C300&ssl=1\",\"datePublished\":\"2025-05-10T20:26:00+00:00\",\"dateModified\":\"2025-05-10T20:26:01+00:00\",\"description\":\"Atividade MAPA - POD - \u00d3rteses Das Unhas e dos P\u00e9s - 52_2025 &#8902; Unicesumar. Baixe agora mesmo um Mapa Pronto resolvido!\",\"breadcrumb\":{\"@id\":\"https:\\\/\\\/atividademapa.com\\\/?product=mapa-pod-orteses-das-unhas-e-dos-pes-52_2025#breadcrumb\"},\"inLanguage\":\"pt-BR\",\"potentialAction\":[{\"@type\":\"ReadAction\",\"target\":[\"https:\\\/\\\/atividademapa.com\\\/?product=mapa-pod-orteses-das-unhas-e-dos-pes-52_2025\"]}]},{\"@type\":\"ImageObject\",\"inLanguage\":\"pt-BR\",\"@id\":\"https:\\\/\\\/atividademapa.com\\\/?product=mapa-pod-orteses-das-unhas-e-dos-pes-52_2025#primaryimage\",\"url\":\"https:\\\/\\\/i0.wp.com\\\/atividademapa.com\\\/wp-content\\\/uploads\\\/2023\\\/03\\\/Atividade-M.A.P.A-3.png?fit=300%2C300&ssl=1\",\"contentUrl\":\"https:\\\/\\\/i0.wp.com\\\/atividademapa.com\\\/wp-content\\\/uploads\\\/2023\\\/03\\\/Atividade-M.A.P.A-3.png?fit=300%2C300&ssl=1\",\"width\":300,\"height\":300,\"caption\":\"Mapa Unicesumar Atividade\"},{\"@type\":\"BreadcrumbList\",\"@id\":\"https:\\\/\\\/atividademapa.com\\\/?product=mapa-pod-orteses-das-unhas-e-dos-pes-52_2025#breadcrumb\",\"itemListElement\":[{\"@type\":\"ListItem\",\"position\":1,\"name\":\"In\u00edcio\",\"item\":\"https:\\\/\\\/atividademapa.com\\\/\"},{\"@type\":\"ListItem\",\"position\":2,\"name\":\"MAPAS\",\"item\":\"https:\\\/\\\/atividademapa.com\\\/?page_id=5\"},{\"@type\":\"ListItem\",\"position\":3,\"name\":\"MAPA &#8211; POD &#8211; \u00d3rteses Das Unhas e dos P\u00e9s &#8211; 52_2025\"}]},{\"@type\":\"WebSite\",\"@id\":\"https:\\\/\\\/atividademapa.com\\\/#website\",\"url\":\"https:\\\/\\\/atividademapa.com\\\/\",\"name\":\"Atividade Mapa\",\"description\":\"StudeO | Unicesumar\",\"publisher\":{\"@id\":\"https:\\\/\\\/atividademapa.com\\\/#organization\"},\"potentialAction\":[{\"@type\":\"SearchAction\",\"target\":{\"@type\":\"EntryPoint\",\"urlTemplate\":\"https:\\\/\\\/atividademapa.com\\\/?s={search_term_string}\"},\"query-input\":{\"@type\":\"PropertyValueSpecification\",\"valueRequired\":true,\"valueName\":\"search_term_string\"}}],\"inLanguage\":\"pt-BR\"},{\"@type\":\"Organization\",\"@id\":\"https:\\\/\\\/atividademapa.com\\\/#organization\",\"name\":\"Atividade MAPA\",\"url\":\"https:\\\/\\\/atividademapa.com\\\/\",\"logo\":{\"@type\":\"ImageObject\",\"inLanguage\":\"pt-BR\",\"@id\":\"https:\\\/\\\/atividademapa.com\\\/#\\\/schema\\\/logo\\\/image\\\/\",\"url\":\"https:\\\/\\\/i0.wp.com\\\/atividademapa.com\\\/wp-content\\\/uploads\\\/2023\\\/02\\\/ATIVIDADE.png?fit=600%2C300&ssl=1\",\"contentUrl\":\"https:\\\/\\\/i0.wp.com\\\/atividademapa.com\\\/wp-content\\\/uploads\\\/2023\\\/02\\\/ATIVIDADE.png?fit=600%2C300&ssl=1\",\"width\":600,\"height\":300,\"caption\":\"Atividade MAPA\"},\"image\":{\"@id\":\"https:\\\/\\\/atividademapa.com\\\/#\\\/schema\\\/logo\\\/image\\\/\"}}]}<\/script>\n<!-- \/ Yoast SEO plugin. -->","yoast_head_json":{"title":"MAPA - POD - \u00d3rteses Das Unhas e dos P\u00e9s - 52_2025","description":"Atividade MAPA - POD - \u00d3rteses Das Unhas e dos P\u00e9s - 52_2025 &#8902; Unicesumar. Baixe agora mesmo um Mapa Pronto resolvido!","robots":{"index":"index","follow":"follow","max-snippet":"max-snippet:-1","max-image-preview":"max-image-preview:large","max-video-preview":"max-video-preview:-1"},"canonical":"https:\/\/atividademapa.com\/?product=mapa-pod-orteses-das-unhas-e-dos-pes-52_2025","og_locale":"pt_BR","og_type":"article","og_title":"MAPA - POD - \u00d3rteses Das Unhas e dos P\u00e9s - 52_2025","og_description":"Atividade MAPA - POD - \u00d3rteses Das Unhas e dos P\u00e9s - 52_2025 &#8902; Unicesumar. Baixe agora mesmo um Mapa Pronto resolvido!","og_url":"https:\/\/atividademapa.com\/?product=mapa-pod-orteses-das-unhas-e-dos-pes-52_2025","og_site_name":"Atividade Mapa","article_modified_time":"2025-05-10T20:26:01+00:00","og_image":[{"width":300,"height":300,"url":"https:\/\/i0.wp.com\/atividademapa.com\/wp-content\/uploads\/2023\/03\/Atividade-M.A.P.A-3.png?fit=300%2C300&ssl=1","type":"image\/png"}],"twitter_card":"summary_large_image","twitter_misc":{"Est. tempo de leitura":"3 minutos"},"schema":{"@context":"https:\/\/schema.org","@graph":[{"@type":"WebPage","@id":"https:\/\/atividademapa.com\/?product=mapa-pod-orteses-das-unhas-e-dos-pes-52_2025","url":"https:\/\/atividademapa.com\/?product=mapa-pod-orteses-das-unhas-e-dos-pes-52_2025","name":"MAPA - POD - \u00d3rteses Das Unhas e dos P\u00e9s - 52_2025","isPartOf":{"@id":"https:\/\/atividademapa.com\/#website"},"primaryImageOfPage":{"@id":"https:\/\/atividademapa.com\/?product=mapa-pod-orteses-das-unhas-e-dos-pes-52_2025#primaryimage"},"image":{"@id":"https:\/\/atividademapa.com\/?product=mapa-pod-orteses-das-unhas-e-dos-pes-52_2025#primaryimage"},"thumbnailUrl":"https:\/\/i0.wp.com\/atividademapa.com\/wp-content\/uploads\/2023\/03\/Atividade-M.A.P.A-3.png?fit=300%2C300&ssl=1","datePublished":"2025-05-10T20:26:00+00:00","dateModified":"2025-05-10T20:26:01+00:00","description":"Atividade MAPA - POD - \u00d3rteses Das Unhas e dos P\u00e9s - 52_2025 &#8902; Unicesumar. Baixe agora mesmo um Mapa Pronto resolvido!","breadcrumb":{"@id":"https:\/\/atividademapa.com\/?product=mapa-pod-orteses-das-unhas-e-dos-pes-52_2025#breadcrumb"},"inLanguage":"pt-BR","potentialAction":[{"@type":"ReadAction","target":["https:\/\/atividademapa.com\/?product=mapa-pod-orteses-das-unhas-e-dos-pes-52_2025"]}]},{"@type":"ImageObject","inLanguage":"pt-BR","@id":"https:\/\/atividademapa.com\/?product=mapa-pod-orteses-das-unhas-e-dos-pes-52_2025#primaryimage","url":"https:\/\/i0.wp.com\/atividademapa.com\/wp-content\/uploads\/2023\/03\/Atividade-M.A.P.A-3.png?fit=300%2C300&ssl=1","contentUrl":"https:\/\/i0.wp.com\/atividademapa.com\/wp-content\/uploads\/2023\/03\/Atividade-M.A.P.A-3.png?fit=300%2C300&ssl=1","width":300,"height":300,"caption":"Mapa Unicesumar Atividade"},{"@type":"BreadcrumbList","@id":"https:\/\/atividademapa.com\/?product=mapa-pod-orteses-das-unhas-e-dos-pes-52_2025#breadcrumb","itemListElement":[{"@type":"ListItem","position":1,"name":"In\u00edcio","item":"https:\/\/atividademapa.com\/"},{"@type":"ListItem","position":2,"name":"MAPAS","item":"https:\/\/atividademapa.com\/?page_id=5"},{"@type":"ListItem","position":3,"name":"MAPA &#8211; POD &#8211; \u00d3rteses Das Unhas e dos P\u00e9s &#8211; 52_2025"}]},{"@type":"WebSite","@id":"https:\/\/atividademapa.com\/#website","url":"https:\/\/atividademapa.com\/","name":"Atividade Mapa","description":"StudeO | Unicesumar","publisher":{"@id":"https:\/\/atividademapa.com\/#organization"},"potentialAction":[{"@type":"SearchAction","target":{"@type":"EntryPoint","urlTemplate":"https:\/\/atividademapa.com\/?s={search_term_string}"},"query-input":{"@type":"PropertyValueSpecification","valueRequired":true,"valueName":"search_term_string"}}],"inLanguage":"pt-BR"},{"@type":"Organization","@id":"https:\/\/atividademapa.com\/#organization","name":"Atividade MAPA","url":"https:\/\/atividademapa.com\/","logo":{"@type":"ImageObject","inLanguage":"pt-BR","@id":"https:\/\/atividademapa.com\/#\/schema\/logo\/image\/","url":"https:\/\/i0.wp.com\/atividademapa.com\/wp-content\/uploads\/2023\/02\/ATIVIDADE.png?fit=600%2C300&ssl=1","contentUrl":"https:\/\/i0.wp.com\/atividademapa.com\/wp-content\/uploads\/2023\/02\/ATIVIDADE.png?fit=600%2C300&ssl=1","width":600,"height":300,"caption":"Atividade MAPA"},"image":{"@id":"https:\/\/atividademapa.com\/#\/schema\/logo\/image\/"}}]}},"_links":{"self":[{"href":"https:\/\/atividademapa.com\/index.php?rest_route=\/wp\/v2\/product\/5801","targetHints":{"allow":["GET"]}}],"collection":[{"href":"https:\/\/atividademapa.com\/index.php?rest_route=\/wp\/v2\/product"}],"about":[{"href":"https:\/\/atividademapa.com\/index.php?rest_route=\/wp\/v2\/types\/product"}],"version-history":[{"count":1,"href":"https:\/\/atividademapa.com\/index.php?rest_route=\/wp\/v2\/product\/5801\/revisions"}],"predecessor-version":[{"id":5803,"href":"https:\/\/atividademapa.com\/index.php?rest_route=\/wp\/v2\/product\/5801\/revisions\/5803"}],"wp:featuredmedia":[{"embeddable":true,"href":"https:\/\/atividademapa.com\/index.php?rest_route=\/wp\/v2\/media\/2326"}],"wp:attachment":[{"href":"https:\/\/atividademapa.com\/index.php?rest_route=%2Fwp%2Fv2%2Fmedia&parent=5801"}],"wp:term":[{"taxonomy":"product_brand","embeddable":true,"href":"https:\/\/atividademapa.com\/index.php?rest_route=%2Fwp%2Fv2%2Fproduct_brand&post=5801"},{"taxonomy":"product_cat","embeddable":true,"href":"https:\/\/atividademapa.com\/index.php?rest_route=%2Fwp%2Fv2%2Fproduct_cat&post=5801"},{"taxonomy":"product_tag","embeddable":true,"href":"https:\/\/atividademapa.com\/index.php?rest_route=%2Fwp%2Fv2%2Fproduct_tag&post=5801"}],"curies":[{"name":"wp","href":"https:\/\/api.w.org\/{rel}","templated":true}]}}