{"id":5810,"date":"2025-05-10T17:50:12","date_gmt":"2025-05-10T20:50:12","guid":{"rendered":"https:\/\/atividademapa.com\/?post_type=product&#038;p=5810"},"modified":"2025-07-06T13:15:54","modified_gmt":"2025-07-06T16:15:54","slug":"mapa-imunologia-clinica-52-2025","status":"publish","type":"product","link":"https:\/\/atividademapa.com\/?product=mapa-imunologia-clinica-52-2025","title":{"rendered":"Mapa &#8211; Imunologia Clinica 52\/2025"},"content":{"rendered":"<div class=\"panel-heading\">\n<div class=\"panel-title cursor ng-binding\" data-toggle=\"collapse\">Quest\u00e3o 1<\/div>\n<div class=\"panel-controls\">\n<ul>\n<li><\/li>\n<\/ul>\n<\/div>\n<\/div>\n<div class=\"panel-body p-t-20 b-t b-grey\">\n<div class=\"enunciado ng-binding\">\n<p class=\"ng-scope\"><strong>MAPA DE IMUNOLOGIA CL\u00cdNICA<\/strong><\/p>\n<p>CARO(A) ESTUDANTE, seja bem-vindo(a) \u00e0 atividade MAPA (Material de Avalia\u00e7\u00e3o Pr\u00e1tica de Aprendizagem) da disciplina de Imunologia Cl\u00ednica.<\/p>\n<p><strong>Instru\u00e7\u00f5es iniciais:<\/strong><br \/>\n1. Leia o enunciado com aten\u00e7\u00e3o, verificando o que est\u00e1 sendo pedido na quest\u00e3o.<br \/>\n2. \u00c9\u00a0<u>obrigat\u00f3rio<\/u>\u00a0utilizar o Modelo Padr\u00e3o da Atividade MAPA para realizar esta atividade. Ele se encontra em &#8220;Material da Disciplina&#8221;. Siga todas as instru\u00e7\u00f5es constantes nesse modelo.<br \/>\n3. Assista ao V\u00eddeo de Orienta\u00e7\u00e3o da Atividade MAPA, que estar\u00e1 em\u00a0<u>Arquivo \u2013 Material da Disciplina e na Sala do Caf\u00e9.<\/u><\/p>\n<p><strong>ATEN\u00c7\u00c3O!<\/strong><br \/>\nA realiza\u00e7\u00e3o do MAPA ser\u00e1 dividida em 2 etapas: uma te\u00f3rica, com pesquisa bibliogr\u00e1fica dos conceitos ensinados em aula, e outra pr\u00e1tica, realizada durante o Encontro Pr\u00e1tico Presencial no laborat\u00f3rio do seu polo.<\/p>\n<p class=\"ng-scope\">A\u00a0<u>realiza\u00e7\u00e3o do item 2 desta atividade<\/u>\u00a0ser\u00e1 realizada durante a pr\u00e1tica<strong>\u00a0<\/strong>de Imunologia Cl\u00ednica &#8211;\u00a0<strong>Rea\u00e7\u00e3o de Flocula\u00e7\u00e3o<\/strong>, prevista para ocorrer na\u00a0<strong>semana 6 do m\u00f3dulo 52 (09-14 de junho\/2025)<\/strong>, mediante agendamento pr\u00e9vio em seu Studeo.<br \/>\n<strong>Fique atento aos comunicados de agendamento dos encontros pr\u00e1ticos.\u00a0<\/strong>Se o agendamento estiver indispon\u00edvel, entrar em contato pelo Fale com o Mediador, com a media\u00e7\u00e3o de Imunologia Cl\u00ednica.<\/p>\n<p><strong>CONTEXTUALIZA\u00c7\u00c3O<\/strong><br \/>\nO Dia Nacional de Combate \u00e0 S\u00edfilis, celebrado em outubro, busca conscientizar sobre essa infec\u00e7\u00e3o sexualmente transmiss\u00edvel, que tem registrado aumento global. De acordo com a Organiza\u00e7\u00e3o Mundial da Sa\u00fade (OMS), nas Am\u00e9ricas, os casos de s\u00edfilis entre adultos de 15 a 49 anos cresceram 30% entre 2020 e 2022, totalizando mais de 8 milh\u00f5es de casos. Para Celso Granato, m\u00e9dico infectologista da Sociedade Brasileira de Patologia Cl\u00ednica e Medicina Laboratorial (SBPC\/ML), a chave para frear esse aumento \u00e9 o diagn\u00f3stico precoce: &#8220;Existem dois tipos principais de exames: os testes de triagem e os testes confirmat\u00f3rios. Se a pessoa tiver a \u00falcera, o exame direto na les\u00e3o pode detectar o\u00a0<em>Treponema pallidum<\/em>, a bact\u00e9ria causadora da s\u00edfilis. J\u00e1 ap\u00f3s cerca de tr\u00eas semanas, o exame de sangue \u00e9 crucial para a detec\u00e7\u00e3o de anticorpos&#8221;, detalha.<br \/>\nFonte: Adaptado de Sociedade Brasileira de Patologia Cl\u00ednica. Diagn\u00f3stico precoce \u00e9 fundamental para restringir o avan\u00e7o da s\u00edfilis. Dispon\u00edvel em: https:\/\/shorturl.at\/0yj1b. Acesso em: 25 mar. 2025.<\/p>\n<p><strong>[Aten\u00e7\u00e3o: imagens fortes].<\/strong><\/p>\n<p><img data-recalc-dims=\"1\" decoding=\"async\" src=\"https:\/\/i0.wp.com\/sistemasead.unicesumar.edu.br\/flex\/amfphp\/services\/Portal\/ImagemQuestionario2\/QUE_257088_651118_1.jpg?ssl=1\" alt=\"\" \/><br \/>\nFonte: MD. Sa\u00fade. Fotos: s\u00edfilis precoce e tardia. Dispon\u00edvel em: https:\/\/www.mdsaude.com\/doencas-infecciosas\/dst\/sifilis-fotos\/.\u00a0Acesso em: 31 mar. 2025.<\/p>\n<p class=\"ng-scope\"><strong>Leitura complementar para execu\u00e7\u00e3o da atividade MAPA (dispon\u00edvel em Material da Disciplina):<\/strong><br \/>\n&#8211; Gaspar, P.C. Protocolo Brasileiro para Infec\u00e7\u00f5es Sexualmente Transmiss\u00edveis 2020: testes diagn\u00f3sticos para s\u00edfilis. Epidemiol. Serv. Saude, Bras\u00edlia, 30(Esp.1):e2020630, 2021. Dispon\u00edvel em:<br \/>\nhttps:\/\/www.scielo.br\/j\/ress\/a\/TfDK54RTKgfnqvB7TDFkjSD\/?lang=pt. Acesso em: 09 abr. 2025.<br \/>\n&#8211; Brasil. Manual t\u00e9cnico para o diagn\u00f3stico da s\u00edfilis. Bras\u00edlia: Minist\u00e9rio da Sa\u00fade, 2021. Dispon\u00edvel em: www.gov.br\/saude\/pt-br\/assuntos\/saude-de-a-a-z\/s\/sifilis\/publicacoes\/manual-tecnico-para-o-diagnostico-da-sifilis.pdf. Acesso em: 09 abr. 2025.<br \/>\n&#8211; Material Did\u00e1tico Digital (MDD) de Imunologia.<\/p>\n<p><strong>CASO CL\u00cdNICO<\/strong><br \/>\nJ. P. S., um homem de 28 anos, apresenta-se \u00e0 unidade de sa\u00fade com uma \u00falcera indolor em sua regi\u00e3o genital, que apareceu h\u00e1 25 dias. Ele relata que teve rela\u00e7\u00f5es sexuais desprotegidas com uma parceira nova, mas n\u00e3o apresenta outras queixas. A les\u00e3o genital \u00e9 \u00fanica, de bordas bem definidas e sem secre\u00e7\u00e3o. N\u00e3o h\u00e1 linfadenopatia evidente, J.P.S. nega hist\u00f3rico de doen\u00e7as sexualmente transmiss\u00edveis anteriores. Ao ser questionado sobre hist\u00f3rico de s\u00edfilis, J.P.S. informa que nunca foi diagnosticado com a doen\u00e7a e n\u00e3o tem hist\u00f3rico de \u00falceras genitais no passado.<\/p>\n<p>O m\u00e9dico solicita exames laboratoriais para investigar a possibilidade de s\u00edfilis. Seguem os resultados dos testes que foram realizados:<\/p>\n<p><strong>VDRL (<em>Venereal Disease Research Laboratory<\/em>) \u2013 Teste n\u00e3o trepon\u00eamico<\/strong><br \/>\nMaterial: Soro<br \/>\nM\u00e9todo: Rea\u00e7\u00e3o de Flocula\u00e7\u00e3o<br \/>\n<strong>Resultado: 1:32<\/strong>\u00a0 \u00a0 \u00a0 \u00a0 \u00a0 \u00a0 \u00a0 \u00a0 \u00a0 \u00a0 \u00a0 \u00a0 \u00a0 \u00a0 \u00a0 \u00a0 \u00a0 \u00a0 \u00a0Valor de refer\u00eancia: N\u00e3o reagente<\/p>\n<p><strong>FTA-ABS (<em>Fluorescent Treponemal Antibody Absorption<\/em>) \u2013 Teste trepon\u00eamico<\/strong><br \/>\nMaterial: Soro<br \/>\nM\u00e9todo: Imunofluoresc\u00eancia Indireta<br \/>\n<strong>Resultado: Reagente<\/strong>\u00a0\u00a0\u00a0\u00a0\u00a0\u00a0\u00a0\u00a0\u00a0\u00a0\u00a0\u00a0\u00a0\u00a0\u00a0\u00a0\u00a0\u00a0\u00a0\u00a0\u00a0\u00a0\u00a0\u00a0\u00a0\u00a0\u00a0\u00a0 Valor de refer\u00eancia: N\u00e3o reagente<\/p>\n<p><strong>DESENVOLVENDO O TRABALHO<\/strong><br \/>\n<u><strong>ITEM 1<\/strong><\/u><br \/>\n<strong>Instru\u00e7\u00f5es:<\/strong><br \/>\n&#8211; A execu\u00e7\u00e3o dos itens 1.1 a 1.6\u00a0<strong><u>N\u00c3O est\u00e1 vinculada<\/u><\/strong>\u00a0\u00e0 pr\u00e1tica presencial no polo, e deve ser respondida com base no conte\u00fado da\u00a0<strong>disciplina e materiais complementares<\/strong>\u00a0(dispon\u00edveis em Arquivo \u2013 Material da Disciplina e na Sala do Caf\u00e9).<\/p>\n<p>Considerando as informa\u00e7\u00f5es cl\u00ednicas e os resultados dos exames laboratoriais,\u00a0<strong>RESPONDA<\/strong>:<\/p>\n<p>1.1)<strong>\u00a0CLASSIFIQUE<\/strong>\u00a0o est\u00e1gio da s\u00edfilis do J. P. S. e\u00a0<strong>JUSTIFIQUE<\/strong>, descrevendo as caracter\u00edsticas cl\u00ednicas desse est\u00e1gio.<\/p>\n<p>1.2) Considere um paciente com s\u00edfilis prim\u00e1ria que recusou tratamento.\u00a0<strong>DESCREVA<\/strong>\u00a0a prov\u00e1vel trajet\u00f3ria da doen\u00e7a, correlacionando os mecanismos fisiopatol\u00f3gicos com as manifesta\u00e7\u00f5es cl\u00ednicas em cada est\u00e1gio.<\/p>\n<p>1.3)<strong>\u00a0EXPLIQUE<\/strong>\u00a0o que \u00e9 detectado nos exames de VDRL e FTA-ABS para o diagn\u00f3stico da s\u00edfilis.<\/p>\n<p>1.4)<strong>\u00a0JUSTIFIQUE<\/strong>\u00a0a import\u00e2ncia do uso combinado dos testes n\u00e3o trepon\u00eamicos (VDRL) e trepon\u00eamicos (FTA-ABS) no diagn\u00f3stico da s\u00edfilis.<\/p>\n<p>1.5)<strong>\u00a0EXPLANE\u00a0<\/strong>por que podem ocorrer rea\u00e7\u00f5es falso-reagentes em testes n\u00e3o trepon\u00eamicos para s\u00edfilis.<\/p>\n<p>1.6)<strong>\u00a0DESCREVA\u00a0<\/strong>por que pode ocorrer o efeito de prozona nos testes n\u00e3o trepon\u00eamicos e<strong>\u00a0IDENTIFIQUE\u00a0<\/strong>o procedimento indicado para evitar esse efeito.<\/p>\n<p><u><strong>ITEM 2<\/strong><\/u><br \/>\n<strong>Instru\u00e7\u00f5es:<\/strong><br \/>\n&#8211; Os itens 2.1, 2.2 e 2.3\u00a0<strong>ser\u00e3o realizados durante o Encontro Pr\u00e1tico Presencial<\/strong>\u00a0da disciplina de Imunologia Cl\u00ednica \u2013\u00a0<strong>Rea\u00e7\u00e3o de Flocula\u00e7\u00e3o<\/strong>, previsto para ocorrer na\u00a0<strong>semana 6 do m\u00f3dulo 52 (09-14 de junho\/2025)<\/strong>, mediante agendamento em seu Studeo.<br \/>\n&#8211; Aten\u00e7\u00e3o! Os\u00a0<strong><u>agendamentos<\/u><\/strong>\u00a0ocorrem na semana que ANTECEDE a pr\u00e1tica, desta forma o agendamento est\u00e1 previsto para a\u00a0<strong>semana 5 do m\u00f3dulo\u00a0<\/strong>(02-07\/06\/2025).<\/p>\n<p>Vamos praticar o teste de VDRL (<em>Veneral Disease Research Laboratory<\/em>)!<\/p>\n<p>2.1)\u00a0<strong>LISTE<\/strong>\u00a0todos os materiais e equipamentos que ser\u00e3o utilizados para realiza\u00e7\u00e3o do teste de VDRL pelo m\u00e9todo qualitativo.<\/p>\n<p>2.2)\u00a0<strong>DESCREVA<\/strong>\u00a0como voc\u00ea realizou cada etapa do teste de VDRL, pelo m\u00e9todo qualitativo.<\/p>\n<p>2.3)\u00a0<strong>ANEXE<\/strong>\u00a0uma foto da rea\u00e7\u00e3o do teste de VDRL, pelo m\u00e9todo qualitativo, que ocorreu na\u00a0<strong>amostra<\/strong>, tirada diretamente das lentes do microsc\u00f3pico na objetiva de 10x, e\u00a0<strong>INDIQUE\u00a0<\/strong>o resultado para o teste de VDRL (reagente ou n\u00e3o reagente).<\/p>\n<p>REFER\u00caNCIAS:\u00a0<strong>INSIRA<\/strong>\u00a0as refer\u00eancias, nas normas da ABNT, que foram utilizadas para elaborar o seu MAPA.<\/p>\n<p><strong>ALGUMAS ORIENTA<\/strong><strong>\u00c7\u00d5<\/strong><strong>ES FINAIS<\/strong><\/p>\n<p class=\"ng-scope\"><strong>Sobre elabora\u00e7\u00e3o das respostas da etapa 2:<\/strong><br \/>\nAs informa\u00e7\u00f5es para as respostas, bem como as fotos solicitadas na etapa 2, devem ser extra\u00eddas e tiradas no dia do encontro pr\u00e1tico presencial mencionado, por\u00e9m voc\u00ea ter\u00e1 at\u00e9 o prazo final da atividade para envi\u00e1-las dentro do Modelo de Resposta Padr\u00e3o do MAPA.<\/p>\n<\/div>\n<\/div>\n","protected":false},"excerpt":{"rendered":"<p>Quest\u00e3o 1 MAPA DE IMUNOLOGIA CL\u00cdNICA CARO(A) ESTUDANTE, seja bem-vindo(a) \u00e0 atividade MAPA (Material de Avalia\u00e7\u00e3o Pr\u00e1tica de Aprendizagem) da<\/p>\n","protected":false},"featured_media":2326,"template":"","meta":{"_monsterinsights_skip_tracking":false,"_monsterinsights_sitenote_active":false,"_monsterinsights_sitenote_note":"","_monsterinsights_sitenote_category":0},"product_brand":[],"product_cat":[58],"product_tag":[],"class_list":{"0":"post-5810","1":"product","2":"type-product","3":"status-publish","4":"has-post-thumbnail","6":"product_cat-biomedicina","8":"first","9":"instock","10":"downloadable","11":"virtual","12":"purchasable","13":"product-type-simple"},"yoast_head":"<!-- This site is optimized with the Yoast SEO plugin v27.4 - https:\/\/yoast.com\/product\/yoast-seo-wordpress\/ -->\n<title>Mapa - Imunologia Clinica 52\/2025<\/title>\n<meta name=\"description\" content=\"Atividade Mapa - Imunologia Clinica 52\/2025 &#8902; Unicesumar. Baixe agora mesmo um Mapa Pronto resolvido!\" \/>\n<meta name=\"robots\" content=\"index, follow, max-snippet:-1, max-image-preview:large, max-video-preview:-1\" \/>\n<link rel=\"canonical\" href=\"https:\/\/atividademapa.com\/?product=mapa-imunologia-clinica-52-2025\" \/>\n<meta property=\"og:locale\" content=\"pt_BR\" \/>\n<meta property=\"og:type\" content=\"article\" \/>\n<meta property=\"og:title\" content=\"Mapa - Imunologia Clinica 52\/2025\" \/>\n<meta property=\"og:description\" content=\"Atividade Mapa - Imunologia Clinica 52\/2025 &#8902; Unicesumar. Baixe agora mesmo um Mapa Pronto resolvido!\" \/>\n<meta property=\"og:url\" content=\"https:\/\/atividademapa.com\/?product=mapa-imunologia-clinica-52-2025\" \/>\n<meta property=\"og:site_name\" content=\"Atividade Mapa\" \/>\n<meta property=\"article:modified_time\" content=\"2025-07-06T16:15:54+00:00\" \/>\n<meta property=\"og:image\" content=\"https:\/\/i0.wp.com\/atividademapa.com\/wp-content\/uploads\/2023\/03\/Atividade-M.A.P.A-3.png?fit=300%2C300&ssl=1\" \/>\n\t<meta property=\"og:image:width\" content=\"300\" \/>\n\t<meta property=\"og:image:height\" content=\"300\" \/>\n\t<meta property=\"og:image:type\" content=\"image\/png\" \/>\n<meta name=\"twitter:card\" content=\"summary_large_image\" \/>\n<meta name=\"twitter:label1\" content=\"Est. tempo de leitura\" \/>\n\t<meta name=\"twitter:data1\" content=\"6 minutos\" \/>\n<script type=\"application\/ld+json\" class=\"yoast-schema-graph\">{\"@context\":\"https:\\\/\\\/schema.org\",\"@graph\":[{\"@type\":\"WebPage\",\"@id\":\"https:\\\/\\\/atividademapa.com\\\/?product=mapa-imunologia-clinica-52-2025\",\"url\":\"https:\\\/\\\/atividademapa.com\\\/?product=mapa-imunologia-clinica-52-2025\",\"name\":\"Mapa - Imunologia Clinica 52\\\/2025\",\"isPartOf\":{\"@id\":\"https:\\\/\\\/atividademapa.com\\\/#website\"},\"primaryImageOfPage\":{\"@id\":\"https:\\\/\\\/atividademapa.com\\\/?product=mapa-imunologia-clinica-52-2025#primaryimage\"},\"image\":{\"@id\":\"https:\\\/\\\/atividademapa.com\\\/?product=mapa-imunologia-clinica-52-2025#primaryimage\"},\"thumbnailUrl\":\"https:\\\/\\\/i0.wp.com\\\/atividademapa.com\\\/wp-content\\\/uploads\\\/2023\\\/03\\\/Atividade-M.A.P.A-3.png?fit=300%2C300&ssl=1\",\"datePublished\":\"2025-05-10T20:50:12+00:00\",\"dateModified\":\"2025-07-06T16:15:54+00:00\",\"description\":\"Atividade Mapa - Imunologia Clinica 52\\\/2025 &#8902; Unicesumar. Baixe agora mesmo um Mapa Pronto resolvido!\",\"breadcrumb\":{\"@id\":\"https:\\\/\\\/atividademapa.com\\\/?product=mapa-imunologia-clinica-52-2025#breadcrumb\"},\"inLanguage\":\"pt-BR\",\"potentialAction\":[{\"@type\":\"ReadAction\",\"target\":[\"https:\\\/\\\/atividademapa.com\\\/?product=mapa-imunologia-clinica-52-2025\"]}]},{\"@type\":\"ImageObject\",\"inLanguage\":\"pt-BR\",\"@id\":\"https:\\\/\\\/atividademapa.com\\\/?product=mapa-imunologia-clinica-52-2025#primaryimage\",\"url\":\"https:\\\/\\\/i0.wp.com\\\/atividademapa.com\\\/wp-content\\\/uploads\\\/2023\\\/03\\\/Atividade-M.A.P.A-3.png?fit=300%2C300&ssl=1\",\"contentUrl\":\"https:\\\/\\\/i0.wp.com\\\/atividademapa.com\\\/wp-content\\\/uploads\\\/2023\\\/03\\\/Atividade-M.A.P.A-3.png?fit=300%2C300&ssl=1\",\"width\":300,\"height\":300,\"caption\":\"Mapa Unicesumar Atividade\"},{\"@type\":\"BreadcrumbList\",\"@id\":\"https:\\\/\\\/atividademapa.com\\\/?product=mapa-imunologia-clinica-52-2025#breadcrumb\",\"itemListElement\":[{\"@type\":\"ListItem\",\"position\":1,\"name\":\"In\u00edcio\",\"item\":\"https:\\\/\\\/atividademapa.com\\\/\"},{\"@type\":\"ListItem\",\"position\":2,\"name\":\"MAPAS\",\"item\":\"https:\\\/\\\/atividademapa.com\\\/?page_id=5\"},{\"@type\":\"ListItem\",\"position\":3,\"name\":\"Mapa &#8211; Imunologia Clinica 52\\\/2025\"}]},{\"@type\":\"WebSite\",\"@id\":\"https:\\\/\\\/atividademapa.com\\\/#website\",\"url\":\"https:\\\/\\\/atividademapa.com\\\/\",\"name\":\"Atividade Mapa\",\"description\":\"StudeO | Unicesumar\",\"publisher\":{\"@id\":\"https:\\\/\\\/atividademapa.com\\\/#organization\"},\"potentialAction\":[{\"@type\":\"SearchAction\",\"target\":{\"@type\":\"EntryPoint\",\"urlTemplate\":\"https:\\\/\\\/atividademapa.com\\\/?s={search_term_string}\"},\"query-input\":{\"@type\":\"PropertyValueSpecification\",\"valueRequired\":true,\"valueName\":\"search_term_string\"}}],\"inLanguage\":\"pt-BR\"},{\"@type\":\"Organization\",\"@id\":\"https:\\\/\\\/atividademapa.com\\\/#organization\",\"name\":\"Atividade MAPA\",\"url\":\"https:\\\/\\\/atividademapa.com\\\/\",\"logo\":{\"@type\":\"ImageObject\",\"inLanguage\":\"pt-BR\",\"@id\":\"https:\\\/\\\/atividademapa.com\\\/#\\\/schema\\\/logo\\\/image\\\/\",\"url\":\"https:\\\/\\\/i0.wp.com\\\/atividademapa.com\\\/wp-content\\\/uploads\\\/2023\\\/02\\\/ATIVIDADE.png?fit=600%2C300&ssl=1\",\"contentUrl\":\"https:\\\/\\\/i0.wp.com\\\/atividademapa.com\\\/wp-content\\\/uploads\\\/2023\\\/02\\\/ATIVIDADE.png?fit=600%2C300&ssl=1\",\"width\":600,\"height\":300,\"caption\":\"Atividade MAPA\"},\"image\":{\"@id\":\"https:\\\/\\\/atividademapa.com\\\/#\\\/schema\\\/logo\\\/image\\\/\"}}]}<\/script>\n<!-- \/ Yoast SEO plugin. -->","yoast_head_json":{"title":"Mapa - Imunologia Clinica 52\/2025","description":"Atividade Mapa - Imunologia Clinica 52\/2025 &#8902; Unicesumar. Baixe agora mesmo um Mapa Pronto resolvido!","robots":{"index":"index","follow":"follow","max-snippet":"max-snippet:-1","max-image-preview":"max-image-preview:large","max-video-preview":"max-video-preview:-1"},"canonical":"https:\/\/atividademapa.com\/?product=mapa-imunologia-clinica-52-2025","og_locale":"pt_BR","og_type":"article","og_title":"Mapa - Imunologia Clinica 52\/2025","og_description":"Atividade Mapa - Imunologia Clinica 52\/2025 &#8902; Unicesumar. Baixe agora mesmo um Mapa Pronto resolvido!","og_url":"https:\/\/atividademapa.com\/?product=mapa-imunologia-clinica-52-2025","og_site_name":"Atividade Mapa","article_modified_time":"2025-07-06T16:15:54+00:00","og_image":[{"width":300,"height":300,"url":"https:\/\/i0.wp.com\/atividademapa.com\/wp-content\/uploads\/2023\/03\/Atividade-M.A.P.A-3.png?fit=300%2C300&ssl=1","type":"image\/png"}],"twitter_card":"summary_large_image","twitter_misc":{"Est. tempo de leitura":"6 minutos"},"schema":{"@context":"https:\/\/schema.org","@graph":[{"@type":"WebPage","@id":"https:\/\/atividademapa.com\/?product=mapa-imunologia-clinica-52-2025","url":"https:\/\/atividademapa.com\/?product=mapa-imunologia-clinica-52-2025","name":"Mapa - Imunologia Clinica 52\/2025","isPartOf":{"@id":"https:\/\/atividademapa.com\/#website"},"primaryImageOfPage":{"@id":"https:\/\/atividademapa.com\/?product=mapa-imunologia-clinica-52-2025#primaryimage"},"image":{"@id":"https:\/\/atividademapa.com\/?product=mapa-imunologia-clinica-52-2025#primaryimage"},"thumbnailUrl":"https:\/\/i0.wp.com\/atividademapa.com\/wp-content\/uploads\/2023\/03\/Atividade-M.A.P.A-3.png?fit=300%2C300&ssl=1","datePublished":"2025-05-10T20:50:12+00:00","dateModified":"2025-07-06T16:15:54+00:00","description":"Atividade Mapa - Imunologia Clinica 52\/2025 &#8902; Unicesumar. Baixe agora mesmo um Mapa Pronto resolvido!","breadcrumb":{"@id":"https:\/\/atividademapa.com\/?product=mapa-imunologia-clinica-52-2025#breadcrumb"},"inLanguage":"pt-BR","potentialAction":[{"@type":"ReadAction","target":["https:\/\/atividademapa.com\/?product=mapa-imunologia-clinica-52-2025"]}]},{"@type":"ImageObject","inLanguage":"pt-BR","@id":"https:\/\/atividademapa.com\/?product=mapa-imunologia-clinica-52-2025#primaryimage","url":"https:\/\/i0.wp.com\/atividademapa.com\/wp-content\/uploads\/2023\/03\/Atividade-M.A.P.A-3.png?fit=300%2C300&ssl=1","contentUrl":"https:\/\/i0.wp.com\/atividademapa.com\/wp-content\/uploads\/2023\/03\/Atividade-M.A.P.A-3.png?fit=300%2C300&ssl=1","width":300,"height":300,"caption":"Mapa Unicesumar Atividade"},{"@type":"BreadcrumbList","@id":"https:\/\/atividademapa.com\/?product=mapa-imunologia-clinica-52-2025#breadcrumb","itemListElement":[{"@type":"ListItem","position":1,"name":"In\u00edcio","item":"https:\/\/atividademapa.com\/"},{"@type":"ListItem","position":2,"name":"MAPAS","item":"https:\/\/atividademapa.com\/?page_id=5"},{"@type":"ListItem","position":3,"name":"Mapa &#8211; Imunologia Clinica 52\/2025"}]},{"@type":"WebSite","@id":"https:\/\/atividademapa.com\/#website","url":"https:\/\/atividademapa.com\/","name":"Atividade Mapa","description":"StudeO | Unicesumar","publisher":{"@id":"https:\/\/atividademapa.com\/#organization"},"potentialAction":[{"@type":"SearchAction","target":{"@type":"EntryPoint","urlTemplate":"https:\/\/atividademapa.com\/?s={search_term_string}"},"query-input":{"@type":"PropertyValueSpecification","valueRequired":true,"valueName":"search_term_string"}}],"inLanguage":"pt-BR"},{"@type":"Organization","@id":"https:\/\/atividademapa.com\/#organization","name":"Atividade MAPA","url":"https:\/\/atividademapa.com\/","logo":{"@type":"ImageObject","inLanguage":"pt-BR","@id":"https:\/\/atividademapa.com\/#\/schema\/logo\/image\/","url":"https:\/\/i0.wp.com\/atividademapa.com\/wp-content\/uploads\/2023\/02\/ATIVIDADE.png?fit=600%2C300&ssl=1","contentUrl":"https:\/\/i0.wp.com\/atividademapa.com\/wp-content\/uploads\/2023\/02\/ATIVIDADE.png?fit=600%2C300&ssl=1","width":600,"height":300,"caption":"Atividade MAPA"},"image":{"@id":"https:\/\/atividademapa.com\/#\/schema\/logo\/image\/"}}]}},"_links":{"self":[{"href":"https:\/\/atividademapa.com\/index.php?rest_route=\/wp\/v2\/product\/5810","targetHints":{"allow":["GET"]}}],"collection":[{"href":"https:\/\/atividademapa.com\/index.php?rest_route=\/wp\/v2\/product"}],"about":[{"href":"https:\/\/atividademapa.com\/index.php?rest_route=\/wp\/v2\/types\/product"}],"version-history":[{"count":2,"href":"https:\/\/atividademapa.com\/index.php?rest_route=\/wp\/v2\/product\/5810\/revisions"}],"predecessor-version":[{"id":6057,"href":"https:\/\/atividademapa.com\/index.php?rest_route=\/wp\/v2\/product\/5810\/revisions\/6057"}],"wp:featuredmedia":[{"embeddable":true,"href":"https:\/\/atividademapa.com\/index.php?rest_route=\/wp\/v2\/media\/2326"}],"wp:attachment":[{"href":"https:\/\/atividademapa.com\/index.php?rest_route=%2Fwp%2Fv2%2Fmedia&parent=5810"}],"wp:term":[{"taxonomy":"product_brand","embeddable":true,"href":"https:\/\/atividademapa.com\/index.php?rest_route=%2Fwp%2Fv2%2Fproduct_brand&post=5810"},{"taxonomy":"product_cat","embeddable":true,"href":"https:\/\/atividademapa.com\/index.php?rest_route=%2Fwp%2Fv2%2Fproduct_cat&post=5810"},{"taxonomy":"product_tag","embeddable":true,"href":"https:\/\/atividademapa.com\/index.php?rest_route=%2Fwp%2Fv2%2Fproduct_tag&post=5810"}],"curies":[{"name":"wp","href":"https:\/\/api.w.org\/{rel}","templated":true}]}}