{"id":5825,"date":"2025-05-14T21:30:09","date_gmt":"2025-05-15T00:30:09","guid":{"rendered":"https:\/\/atividademapa.com\/?post_type=product&#038;p=5825"},"modified":"2025-05-14T21:30:10","modified_gmt":"2025-05-15T00:30:10","slug":"mapa-bioestatistica-e-epidemiologia-52_2025","status":"publish","type":"product","link":"https:\/\/atividademapa.com\/?product=mapa-bioestatistica-e-epidemiologia-52_2025","title":{"rendered":"MAPA &#8211; Bioestat\u00edstica e Epidemiologia &#8211; 52_2025"},"content":{"rendered":"<div class=\"enunciado\">\n<div class=\"panel-body p-t-20 b-t b-grey\">\n<div class=\"painel-questao\">\n<div class=\"painel-questao-titulo cursor\">QUEST\u00c3O 1<\/div>\n<\/div>\n<\/div>\n<\/div>\n<div class=\"enunciado ng-binding\">\n<div class=\"ng-scope\"><strong>CARO(A) ALUNO(A), seja bem-vindo(a) \u00e0 atividade MAPA (Material de Avalia\u00e7\u00e3o Pr\u00e1tica de Aprendizagem) da disciplina de Bioestat\u00edstica e Epidemiologia.<\/strong><\/p>\n<p><strong>Instru\u00e7\u00f5es iniciais:<\/strong><br \/>\nUtilize o modelo de MAPA padr\u00e3o, disponibilizado em &#8220;Material da Disciplina&#8221;, para realizar esta atividade. Siga todas as instru\u00e7\u00f5es constantes neste modelo.<br \/>\nAssista ao v\u00eddeo com as instru\u00e7\u00f5es para a realiza\u00e7\u00e3o do MAPA que est\u00e1 na &#8220;Sala do Caf\u00e9&#8221;.<\/p>\n<p><strong>CONTEXTUALIZA\u00c7\u00c3O<\/strong><br \/>\nConsidere hipoteticamente que voc\u00ea, futuro profissional da \u00e1rea da sa\u00fade, decida participar de um processo seletivo para o quadro de funcion\u00e1rios de uma multinacional. Esse processo seletivo ser\u00e1 dividido em duas etapas, sendo a primeira com a resolu\u00e7\u00e3o de uma prova escrita, de quest\u00f5es envolvendo bioestat\u00edstica e epidemiologia e, a segunda etapa ser\u00e1 entrevista com os gestores da multinacional, que foram aprovados na primeira fase.<\/p>\n<p><strong>DESENVOLVENDO O TRABALHO<\/strong><br \/>\nImagine que voc\u00ea est\u00e1 fazendo hoje a primeira etapa do processo seletivo. Com isso, responda \u00e0s quest\u00f5es abaixo:<\/p>\n<p><strong>ETAPA 1<\/strong><br \/>\n<strong>Prova sobre os conhecimentos b\u00e1sicos de bioestat\u00edstica e epidemiologia<\/strong><\/p>\n<p><strong>Quest\u00e3o 01<\/strong><br \/>\nO tromboembolismo venoso acontece quando um co\u00e1gulo se forma na circula\u00e7\u00e3o sangu\u00ednea, prejudicando o fluxo de sangue nas veias pelo organismo. Essa doen\u00e7a \u00e9 muito comum e, quando n\u00e3o tratada corretamente, pode se agravar e at\u00e9 levar a morte. Ela atinge uma pessoa a cada mil por ano e \u00e9 uma das principais causas de \u00f3bitos no mundo. Quando o paciente j\u00e1 est\u00e1 internado, a preven\u00e7\u00e3o \u00e9 realizada com medicamentos anticoagulantes.<br \/>\nFonte: &lt; https:\/\/www.pfizer.com.br\/sua-saude &gt;. Acesso: 13 mar 2025. (com adapta\u00e7\u00f5es)<br \/>\nUm estudo hipot\u00e9tico de 2024 com 600 mulheres usu\u00e1rias de anticoagulante oral avaliou a associa\u00e7\u00e3o entre tromboembolismo e tipo sangu\u00edneo. Entre as participantes, 165 tiveram tromboembolismo. O tipo A foi o mais comum (249 pacientes), seguido dos tipos O (237) e B (81). Entre as pacientes sem tromboembolismo, 210 eram do tipo O, 153 do tipo A e 57 do tipo B.<\/p>\n<p>Com base nas informa\u00e7\u00f5es fornecidas,\u00a0<strong>COMPLETE\u00a0<\/strong>os n\u00fameros faltantes da tabela abaixo:<\/div>\n<p><br class=\"ng-scope\" \/>Tabela &#8211; presen\u00e7a de tromboembolismo e grupo sangu\u00edneo em estudo de 2024.<br class=\"ng-scope\" \/><img data-recalc-dims=\"1\" decoding=\"async\" class=\"ng-scope\" src=\"https:\/\/i0.wp.com\/sistemasead.unicesumar.edu.br\/flex\/amfphp\/services\/Portal\/ImagemQuestionario2\/QUE_256995_654239_1.png?ssl=1\" alt=\"\" \/><\/p>\n<div class=\"ng-scope\">\n<strong>Quest\u00e3o 02<\/strong><br \/>\nA dieta cetog\u00eanica \u2014 caracterizada pelo baixo consumo de carboidratos e alto teor de prote\u00ednas e gorduras \u2014 pode contribuir para a perda de peso. No entanto, pode tamb\u00e9m elevar os n\u00edveis de colesterol ruim e reduzir a quantidade de bact\u00e9rias intestinais ben\u00e9ficas \u00e0 sa\u00fade. Essas conclus\u00f5es foram obtidas em um estudo conduzido por pesquisadores da Universidade de Bath, no Reino Unido, e publicado na revista Cell Reports Medicine.<\/p>\n<p>Essa dieta \u00e9 definida pela ingest\u00e3o reduzida de carboidratos, sendo, portanto, um tipo de dieta low carb. O consumo desse macronutriente \u2014 presente em alimentos como batata, arroz, mandioca e massas \u2014 \u00e9 limitado a 20% da alimenta\u00e7\u00e3o di\u00e1ria. Os outros 80% devem ser compostos por prote\u00ednas e gorduras saud\u00e1veis, como peixe, frango, ovos, \u00f3leo de coco, castanhas, azeite e abacate.<\/p><\/div>\n<div class=\"ng-scope\">Fonte: dispon\u00edvel em &lt; https:\/\/www.cnnbrasil.com.br\/saude &gt;. Acesso: 20 mar. 2025 (com adapta\u00e7\u00f5es)<\/div>\n<div class=\"ng-scope\">Para avaliar os efeitos da dieta cetog\u00eanica na sa\u00fade, pesquisadores do Centro de Nutri\u00e7\u00e3o, Exerc\u00edcio e Metabolismo de uma universidade acompanharam 48 adultos saud\u00e1veis durante 12 semanas. O quadro abaixo apresenta os resultados da redu\u00e7\u00e3o de massa corporal (em kg) desses participantes.<\/div>\n<p><br class=\"ng-scope\" \/>Quadro 1 \u2013 Informa\u00e7\u00f5es de perda de massa (em kg), de pacientes em dieta cetog\u00eanica*.<br class=\"ng-scope\" \/><img data-recalc-dims=\"1\" decoding=\"async\" class=\"ng-scope\" src=\"https:\/\/i0.wp.com\/sistemasead.unicesumar.edu.br\/flex\/amfphp\/services\/Portal\/ImagemQuestionario2\/QUE_256995_654239_2.png\" alt=\"\" \/><\/p>\n<div class=\"ng-scope\">*Dados fict\u00edcios.<\/div>\n<div class=\"ng-scope\">\nElaborado pelo professor, 2025.<\/div>\n<div class=\"ng-scope\">\na) Para esse conjunto de dados,\u00a0<strong>DETERMINE\u00a0<\/strong>a m\u00e9dia, a moda, a mediana, o desvio-padr\u00e3o e o coeficiente de varia\u00e7\u00e3o para cada sexo. Sabendo que a vari\u00e2ncia para os homens foi de 43,8244kg<sup>2\u00a0<\/sup>e para as mulheres de 13,4689 kg<sup>2<\/sup>.<\/p>\n<p>b)\u00a0<strong>COMPARE\u00a0<\/strong>os resultados das estat\u00edsticas descritivas entre os grupos.<\/div>\n<div class=\"ng-scope\"><strong>Quest\u00e3o 03<\/strong><br \/>\nUm estudo de coorte prospectivo, realizado por um grupo de pesquisadores, avaliou a liga\u00e7\u00e3o entre asma e risco de apneia obstrutiva do sono (AOS) em adultos. Os participantes, formado por indiv\u00edduos que preenchem os crit\u00e9rios de inclus\u00e3o e aceitam participar do estudo, foram recrutados aleatoriamente a partir do quadro de funcion\u00e1rios de uma rede de hospitais e foram acompanhados por quatro anos.<\/p>\n<p>Ao final desse estudo, em um congresso, um dos pesquisadores fez a seguinte fala: \u201c<em>Em nosso estudo, foi recrutado uma amostra aleat\u00f3ria de funcion\u00e1rios da nossa rede de hospitais (popula\u00e7\u00e3o de origem), e que 20 estavam aptos a participar do estudo e aceitaram faz\u00ea-lo (popula\u00e7\u00e3o de estudo). No relat\u00f3rio final relatamos que a asma aumenta o risco de desenvolvimento de AOS na popula\u00e7\u00e3o de estudo, pois a m\u00e9dia do Risco Relativo (RR) foi igual a 1,50. Al\u00e9m disso, para se levar em conta o erro amostral em virtude do recrutamento de apenas um subgrupo da popula\u00e7\u00e3o de interesse, calculamos o intervalo de confian\u00e7a de 95% (em torno da estimativa) que voc\u00eas poder\u00e3o consultar no trabalho escrito<\/em>.&#8221;<\/p>\n<p>Considerando as informa\u00e7\u00f5es contidas na fala do pesquisador e assumindo que os dados seguem distribui\u00e7\u00e3o normal, construa, com 95% de confian\u00e7a, o intervalo de confian\u00e7a que contenha o valor m\u00e9dio de RR populacional. Considere a vari\u00e2ncia amostral de 0,09 e considere o t cr\u00edtico para 0,05 igual a 2,0930. Apresente os c\u00e1lculos.<\/p><\/div>\n<div class=\"ng-scope\">\n<strong>Quest\u00e3o 04<\/strong><br \/>\nO secret\u00e1rio de sa\u00fade da sua cidade pediu que voc\u00ea avaliasse duas comunidades com epidemia de dengue. No Bairro A, a maioria das ruas n\u00e3o \u00e9 pavimentada, o saneamento b\u00e1sico \u00e9 prec\u00e1rio, e as moradias s\u00e3o simples, muitas delas de madeira. Al\u00e9m disso, a popula\u00e7\u00e3o apresenta baixo n\u00edvel de instru\u00e7\u00e3o e resiste \u00e0s recomenda\u00e7\u00f5es da vigil\u00e2ncia epidemiol\u00f3gica. No Bairro B, a maioria vive em casas de alvenaria de m\u00e9dio e alto padr\u00e3o. H\u00e1 muitos terrenos vazios e dif\u00edcil acesso para buscar focos do Aedes aegypti.<\/p>\n<p>O quadro a seguir apresenta os indicadores da doen\u00e7a nos dois bairros.*<\/p><\/div>\n<p><br class=\"ng-scope\" \/><img data-recalc-dims=\"1\" decoding=\"async\" class=\"ng-scope\" src=\"https:\/\/i0.wp.com\/sistemasead.unicesumar.edu.br\/flex\/amfphp\/services\/Portal\/ImagemQuestionario2\/QUE_256995_654239_3.png\" alt=\"\" \/><br class=\"ng-scope\" \/>*Dados fict\u00edcios<\/p>\n<div class=\"ng-scope\">\nElaborado pelo professor, 2025.<\/div>\n<div class=\"ng-scope\">Assumindo que todo planejamento em sa\u00fade come\u00e7a com um levantamento epidemiol\u00f3gico da situa\u00e7\u00e3o. Responda:<\/p>\n<p>a)<strong>\u00a0CALCULE\u00a0<\/strong>o valor da taxa de preval\u00eancia da doen\u00e7a, em percentual, nos Bairros A e B, no per\u00edodo considerado.<br \/>\nb) Considerando os resultados encontrados no item (a),\u00a0<strong>CITE<\/strong>\u00a0qual dos Bairros teria prioridade na abordagem inicial para poss\u00edveis medidas a serem propostas ao Bairro?\u00a0<strong>JUSTIFIQUE\u00a0<\/strong>sua escolha.<\/div>\n<div class=\"ng-scope\">\n<strong>Quest\u00e3o 05<\/strong><br \/>\nNas \u00faltimas d\u00e9cadas, a morbimortalidade por doen\u00e7a diarreica infantil diminuiu significativamente no Brasil, refletindo melhorias em indicadores socioecon\u00f4micos, demogr\u00e1ficos e de sa\u00fade. Entre os fatores associados a essa redu\u00e7\u00e3o est\u00e3o o acesso ao saneamento b\u00e1sico, nutri\u00e7\u00e3o infantil, vacina\u00e7\u00e3o, aleitamento materno, escolaridade materna, acesso a servi\u00e7os de sa\u00fade, uso da terapia de reidrata\u00e7\u00e3o oral e dissemina\u00e7\u00e3o de informa\u00e7\u00f5es sobre preven\u00e7\u00e3o e tratamento. No entanto, esses indicadores variam entre regi\u00f5es.<\/p>\n<p>Um estudo publicado, em 2009, por Melli e Waldman no Jornal de Pediatria analisou a tend\u00eancia da mortalidade por diarreia entre menores de 5 anos, no munic\u00edpio de Osasco (SP), entre os anos de 1980 e 2000. A tabela a seguir apresenta a taxa de mortalidade por diarreia em crian\u00e7as menores de 5 anos, os valores dos riscos relativos e intervalos e confian\u00e7a segundo distritos do munic\u00edpio e per\u00edodo.<\/p><\/div>\n<div class=\"ng-scope\">Tabela \u2013 Taxa de mortalidade por diarreia em menores de 5 anos*, riscos relativos e intervalos de confian\u00e7a segundo distritos e per\u00edodo.<\/div>\n<p><img data-recalc-dims=\"1\" decoding=\"async\" class=\"ng-scope\" src=\"https:\/\/i0.wp.com\/sistemasead.unicesumar.edu.br\/flex\/amfphp\/services\/Portal\/ImagemQuestionario2\/QUE_256995_654239_4.png\" alt=\"\" \/><br class=\"ng-scope\" \/><br class=\"ng-scope\" \/>IC95% = intervalo de confian\u00e7a de 95%;<br class=\"ng-scope\" \/>ref = grupo de refer\u00eancia para o c\u00e1lculo do risco relativo;<br class=\"ng-scope\" \/>RR = Risco Relativo.<br class=\"ng-scope\" \/>* Por 100.000 menores de 5 anos.<br class=\"ng-scope\" \/>** Popula\u00e7\u00e3o m\u00e9dia estimada para 1\u00ba de julho de 1993.<br class=\"ng-scope\" \/>*** Popula\u00e7\u00e3o m\u00e9dia estimada para 1\u00ba de julho de 1998.<\/p>\n<div class=\"ng-scope\">\nFonte: MELLI, L.C, WALDMAN, E. A.\u00a0<em>Temporal trends and inequality in under-5 mortality from diarrhea<\/em>.\u00a0<strong><em>J. Pediatr<\/em><\/strong>\u00a0(Rio J). 2009; 85(1):21-27.<\/div>\n<p><br class=\"ng-scope\" \/>Com base nessas informa\u00e7\u00f5es, responda:<br class=\"ng-scope\" \/><\/p>\n<div class=\"ng-scope\">a)\u00a0<strong>DEFINA<\/strong>\u00a0o que \u00e9 Risco Relativo (RR),\u00a0<strong>EXPLIQUE\u00a0<\/strong>seu c\u00e1lculo e qual seu significado.<br \/>\nb) Considerando o per\u00edodo 1991-1995,<strong>\u00a0INTERPRETE\u00a0<\/strong>o que voc\u00ea observou nos resultados do Risco Relativo (RR) apresentados na tabela.<\/p>\n<p><strong>Orienta\u00e7\u00f5es para desenvolver sua atividade MAPA:<\/strong><br \/>\n<strong>1<\/strong>. Leia o livro da disciplina.<br \/>\n<strong>2<\/strong>. Assista \u00e0s aulas conceituais.<br \/>\n<strong>3<\/strong>. Assista ao video de orienta\u00e7\u00f5es para a realiza\u00e7\u00e3o da atividade. Link de acesso: https:\/\/youtu.be\/sXXUJ_0lqcw\u00a0<u><strong>(copiar e colar no navegador de internet).<\/strong><\/u><br \/>\n<strong>4<\/strong>. Baixe o &#8220;Modelo de entrega do MAPA&#8221;, dispon\u00edvel no ambiente Studeo, na pasta \u201cMaterial da Disciplina\u201d, e preencha corretamente todos os campos solicitados.<br \/>\n<strong>5.<\/strong>\u00a0Anexe seu modelo de entrega do MAPA respondido no espa\u00e7o especifico da atividade MAPA.<br \/>\n<strong>6<\/strong>. Lembre-se de clicar em \u201cFinalizar\u201d para efetivar sua participa\u00e7\u00e3o.<br \/>\n<strong>7<\/strong>. Evite plagio de informa\u00e7\u00f5es, lembre-se que evid\u00eancias de c\u00f3pias de materiais, incluindo de outros acad\u00eamicos, sem devidas refer\u00eancias, ser\u00e3o inquestionavelmente zeradas. As cita\u00e7\u00f5es e refer\u00eancias, mesmo que do livro da disciplina, devem ser realizadas conforme normas da Institui\u00e7\u00e3o de Ensino.<br \/>\n*Essa atividade faz parte da composi\u00e7\u00e3o de notas da disciplina. Sua realiza\u00e7\u00e3o \u00e9 muito importante.<\/p>\n<p>Bom trabalho!<\/p><\/div>\n<\/div>\n","protected":false},"excerpt":{"rendered":"<p>QUEST\u00c3O 1 CARO(A) ALUNO(A), seja bem-vindo(a) \u00e0 atividade MAPA (Material de Avalia\u00e7\u00e3o Pr\u00e1tica de Aprendizagem) da disciplina de Bioestat\u00edstica e<\/p>\n","protected":false},"featured_media":2326,"template":"","meta":{"_monsterinsights_skip_tracking":false,"_monsterinsights_sitenote_active":false,"_monsterinsights_sitenote_note":"","_monsterinsights_sitenote_category":0},"product_brand":[],"product_cat":[31],"product_tag":[],"class_list":{"0":"post-5825","1":"product","2":"type-product","3":"status-publish","4":"has-post-thumbnail","6":"product_cat-farmacia","8":"first","9":"instock","10":"downloadable","11":"virtual","12":"purchasable","13":"product-type-simple"},"yoast_head":"<!-- This site is optimized with the Yoast SEO plugin v27.4 - https:\/\/yoast.com\/product\/yoast-seo-wordpress\/ -->\n<title>MAPA - Bioestat\u00edstica e Epidemiologia - 52_2025<\/title>\n<meta name=\"description\" content=\"Atividade MAPA - Bioestat\u00edstica e Epidemiologia - 52_2025 &#8902; Unicesumar. Baixe agora mesmo um Mapa Pronto resolvido!\" \/>\n<meta name=\"robots\" content=\"index, follow, max-snippet:-1, max-image-preview:large, max-video-preview:-1\" \/>\n<link rel=\"canonical\" href=\"https:\/\/atividademapa.com\/?product=mapa-bioestatistica-e-epidemiologia-52_2025\" \/>\n<meta property=\"og:locale\" content=\"pt_BR\" \/>\n<meta property=\"og:type\" content=\"article\" \/>\n<meta property=\"og:title\" content=\"MAPA - Bioestat\u00edstica e Epidemiologia - 52_2025\" \/>\n<meta property=\"og:description\" content=\"Atividade MAPA - Bioestat\u00edstica e Epidemiologia - 52_2025 &#8902; Unicesumar. Baixe agora mesmo um Mapa Pronto resolvido!\" \/>\n<meta property=\"og:url\" content=\"https:\/\/atividademapa.com\/?product=mapa-bioestatistica-e-epidemiologia-52_2025\" \/>\n<meta property=\"og:site_name\" content=\"Atividade Mapa\" \/>\n<meta property=\"article:modified_time\" content=\"2025-05-15T00:30:10+00:00\" \/>\n<meta property=\"og:image\" content=\"https:\/\/i0.wp.com\/atividademapa.com\/wp-content\/uploads\/2023\/03\/Atividade-M.A.P.A-3.png?fit=300%2C300&ssl=1\" \/>\n\t<meta property=\"og:image:width\" content=\"300\" \/>\n\t<meta property=\"og:image:height\" content=\"300\" \/>\n\t<meta property=\"og:image:type\" content=\"image\/png\" \/>\n<meta name=\"twitter:card\" content=\"summary_large_image\" \/>\n<meta name=\"twitter:label1\" content=\"Est. tempo de leitura\" \/>\n\t<meta name=\"twitter:data1\" content=\"8 minutos\" \/>\n<script type=\"application\/ld+json\" class=\"yoast-schema-graph\">{\"@context\":\"https:\\\/\\\/schema.org\",\"@graph\":[{\"@type\":\"WebPage\",\"@id\":\"https:\\\/\\\/atividademapa.com\\\/?product=mapa-bioestatistica-e-epidemiologia-52_2025\",\"url\":\"https:\\\/\\\/atividademapa.com\\\/?product=mapa-bioestatistica-e-epidemiologia-52_2025\",\"name\":\"MAPA - Bioestat\u00edstica e Epidemiologia - 52_2025\",\"isPartOf\":{\"@id\":\"https:\\\/\\\/atividademapa.com\\\/#website\"},\"primaryImageOfPage\":{\"@id\":\"https:\\\/\\\/atividademapa.com\\\/?product=mapa-bioestatistica-e-epidemiologia-52_2025#primaryimage\"},\"image\":{\"@id\":\"https:\\\/\\\/atividademapa.com\\\/?product=mapa-bioestatistica-e-epidemiologia-52_2025#primaryimage\"},\"thumbnailUrl\":\"https:\\\/\\\/i0.wp.com\\\/atividademapa.com\\\/wp-content\\\/uploads\\\/2023\\\/03\\\/Atividade-M.A.P.A-3.png?fit=300%2C300&ssl=1\",\"datePublished\":\"2025-05-15T00:30:09+00:00\",\"dateModified\":\"2025-05-15T00:30:10+00:00\",\"description\":\"Atividade MAPA - Bioestat\u00edstica e Epidemiologia - 52_2025 &#8902; Unicesumar. Baixe agora mesmo um Mapa Pronto resolvido!\",\"breadcrumb\":{\"@id\":\"https:\\\/\\\/atividademapa.com\\\/?product=mapa-bioestatistica-e-epidemiologia-52_2025#breadcrumb\"},\"inLanguage\":\"pt-BR\",\"potentialAction\":[{\"@type\":\"ReadAction\",\"target\":[\"https:\\\/\\\/atividademapa.com\\\/?product=mapa-bioestatistica-e-epidemiologia-52_2025\"]}]},{\"@type\":\"ImageObject\",\"inLanguage\":\"pt-BR\",\"@id\":\"https:\\\/\\\/atividademapa.com\\\/?product=mapa-bioestatistica-e-epidemiologia-52_2025#primaryimage\",\"url\":\"https:\\\/\\\/i0.wp.com\\\/atividademapa.com\\\/wp-content\\\/uploads\\\/2023\\\/03\\\/Atividade-M.A.P.A-3.png?fit=300%2C300&ssl=1\",\"contentUrl\":\"https:\\\/\\\/i0.wp.com\\\/atividademapa.com\\\/wp-content\\\/uploads\\\/2023\\\/03\\\/Atividade-M.A.P.A-3.png?fit=300%2C300&ssl=1\",\"width\":300,\"height\":300,\"caption\":\"Mapa Unicesumar Atividade\"},{\"@type\":\"BreadcrumbList\",\"@id\":\"https:\\\/\\\/atividademapa.com\\\/?product=mapa-bioestatistica-e-epidemiologia-52_2025#breadcrumb\",\"itemListElement\":[{\"@type\":\"ListItem\",\"position\":1,\"name\":\"In\u00edcio\",\"item\":\"https:\\\/\\\/atividademapa.com\\\/\"},{\"@type\":\"ListItem\",\"position\":2,\"name\":\"MAPAS\",\"item\":\"https:\\\/\\\/atividademapa.com\\\/?page_id=5\"},{\"@type\":\"ListItem\",\"position\":3,\"name\":\"MAPA &#8211; Bioestat\u00edstica e Epidemiologia &#8211; 52_2025\"}]},{\"@type\":\"WebSite\",\"@id\":\"https:\\\/\\\/atividademapa.com\\\/#website\",\"url\":\"https:\\\/\\\/atividademapa.com\\\/\",\"name\":\"Atividade Mapa\",\"description\":\"StudeO | Unicesumar\",\"publisher\":{\"@id\":\"https:\\\/\\\/atividademapa.com\\\/#organization\"},\"potentialAction\":[{\"@type\":\"SearchAction\",\"target\":{\"@type\":\"EntryPoint\",\"urlTemplate\":\"https:\\\/\\\/atividademapa.com\\\/?s={search_term_string}\"},\"query-input\":{\"@type\":\"PropertyValueSpecification\",\"valueRequired\":true,\"valueName\":\"search_term_string\"}}],\"inLanguage\":\"pt-BR\"},{\"@type\":\"Organization\",\"@id\":\"https:\\\/\\\/atividademapa.com\\\/#organization\",\"name\":\"Atividade MAPA\",\"url\":\"https:\\\/\\\/atividademapa.com\\\/\",\"logo\":{\"@type\":\"ImageObject\",\"inLanguage\":\"pt-BR\",\"@id\":\"https:\\\/\\\/atividademapa.com\\\/#\\\/schema\\\/logo\\\/image\\\/\",\"url\":\"https:\\\/\\\/i0.wp.com\\\/atividademapa.com\\\/wp-content\\\/uploads\\\/2023\\\/02\\\/ATIVIDADE.png?fit=600%2C300&ssl=1\",\"contentUrl\":\"https:\\\/\\\/i0.wp.com\\\/atividademapa.com\\\/wp-content\\\/uploads\\\/2023\\\/02\\\/ATIVIDADE.png?fit=600%2C300&ssl=1\",\"width\":600,\"height\":300,\"caption\":\"Atividade MAPA\"},\"image\":{\"@id\":\"https:\\\/\\\/atividademapa.com\\\/#\\\/schema\\\/logo\\\/image\\\/\"}}]}<\/script>\n<!-- \/ Yoast SEO plugin. -->","yoast_head_json":{"title":"MAPA - Bioestat\u00edstica e Epidemiologia - 52_2025","description":"Atividade MAPA - Bioestat\u00edstica e Epidemiologia - 52_2025 &#8902; Unicesumar. Baixe agora mesmo um Mapa Pronto resolvido!","robots":{"index":"index","follow":"follow","max-snippet":"max-snippet:-1","max-image-preview":"max-image-preview:large","max-video-preview":"max-video-preview:-1"},"canonical":"https:\/\/atividademapa.com\/?product=mapa-bioestatistica-e-epidemiologia-52_2025","og_locale":"pt_BR","og_type":"article","og_title":"MAPA - Bioestat\u00edstica e Epidemiologia - 52_2025","og_description":"Atividade MAPA - Bioestat\u00edstica e Epidemiologia - 52_2025 &#8902; Unicesumar. Baixe agora mesmo um Mapa Pronto resolvido!","og_url":"https:\/\/atividademapa.com\/?product=mapa-bioestatistica-e-epidemiologia-52_2025","og_site_name":"Atividade Mapa","article_modified_time":"2025-05-15T00:30:10+00:00","og_image":[{"width":300,"height":300,"url":"https:\/\/i0.wp.com\/atividademapa.com\/wp-content\/uploads\/2023\/03\/Atividade-M.A.P.A-3.png?fit=300%2C300&ssl=1","type":"image\/png"}],"twitter_card":"summary_large_image","twitter_misc":{"Est. tempo de leitura":"8 minutos"},"schema":{"@context":"https:\/\/schema.org","@graph":[{"@type":"WebPage","@id":"https:\/\/atividademapa.com\/?product=mapa-bioestatistica-e-epidemiologia-52_2025","url":"https:\/\/atividademapa.com\/?product=mapa-bioestatistica-e-epidemiologia-52_2025","name":"MAPA - Bioestat\u00edstica e Epidemiologia - 52_2025","isPartOf":{"@id":"https:\/\/atividademapa.com\/#website"},"primaryImageOfPage":{"@id":"https:\/\/atividademapa.com\/?product=mapa-bioestatistica-e-epidemiologia-52_2025#primaryimage"},"image":{"@id":"https:\/\/atividademapa.com\/?product=mapa-bioestatistica-e-epidemiologia-52_2025#primaryimage"},"thumbnailUrl":"https:\/\/i0.wp.com\/atividademapa.com\/wp-content\/uploads\/2023\/03\/Atividade-M.A.P.A-3.png?fit=300%2C300&ssl=1","datePublished":"2025-05-15T00:30:09+00:00","dateModified":"2025-05-15T00:30:10+00:00","description":"Atividade MAPA - Bioestat\u00edstica e Epidemiologia - 52_2025 &#8902; Unicesumar. Baixe agora mesmo um Mapa Pronto resolvido!","breadcrumb":{"@id":"https:\/\/atividademapa.com\/?product=mapa-bioestatistica-e-epidemiologia-52_2025#breadcrumb"},"inLanguage":"pt-BR","potentialAction":[{"@type":"ReadAction","target":["https:\/\/atividademapa.com\/?product=mapa-bioestatistica-e-epidemiologia-52_2025"]}]},{"@type":"ImageObject","inLanguage":"pt-BR","@id":"https:\/\/atividademapa.com\/?product=mapa-bioestatistica-e-epidemiologia-52_2025#primaryimage","url":"https:\/\/i0.wp.com\/atividademapa.com\/wp-content\/uploads\/2023\/03\/Atividade-M.A.P.A-3.png?fit=300%2C300&ssl=1","contentUrl":"https:\/\/i0.wp.com\/atividademapa.com\/wp-content\/uploads\/2023\/03\/Atividade-M.A.P.A-3.png?fit=300%2C300&ssl=1","width":300,"height":300,"caption":"Mapa Unicesumar Atividade"},{"@type":"BreadcrumbList","@id":"https:\/\/atividademapa.com\/?product=mapa-bioestatistica-e-epidemiologia-52_2025#breadcrumb","itemListElement":[{"@type":"ListItem","position":1,"name":"In\u00edcio","item":"https:\/\/atividademapa.com\/"},{"@type":"ListItem","position":2,"name":"MAPAS","item":"https:\/\/atividademapa.com\/?page_id=5"},{"@type":"ListItem","position":3,"name":"MAPA &#8211; Bioestat\u00edstica e Epidemiologia &#8211; 52_2025"}]},{"@type":"WebSite","@id":"https:\/\/atividademapa.com\/#website","url":"https:\/\/atividademapa.com\/","name":"Atividade Mapa","description":"StudeO | Unicesumar","publisher":{"@id":"https:\/\/atividademapa.com\/#organization"},"potentialAction":[{"@type":"SearchAction","target":{"@type":"EntryPoint","urlTemplate":"https:\/\/atividademapa.com\/?s={search_term_string}"},"query-input":{"@type":"PropertyValueSpecification","valueRequired":true,"valueName":"search_term_string"}}],"inLanguage":"pt-BR"},{"@type":"Organization","@id":"https:\/\/atividademapa.com\/#organization","name":"Atividade MAPA","url":"https:\/\/atividademapa.com\/","logo":{"@type":"ImageObject","inLanguage":"pt-BR","@id":"https:\/\/atividademapa.com\/#\/schema\/logo\/image\/","url":"https:\/\/i0.wp.com\/atividademapa.com\/wp-content\/uploads\/2023\/02\/ATIVIDADE.png?fit=600%2C300&ssl=1","contentUrl":"https:\/\/i0.wp.com\/atividademapa.com\/wp-content\/uploads\/2023\/02\/ATIVIDADE.png?fit=600%2C300&ssl=1","width":600,"height":300,"caption":"Atividade MAPA"},"image":{"@id":"https:\/\/atividademapa.com\/#\/schema\/logo\/image\/"}}]}},"_links":{"self":[{"href":"https:\/\/atividademapa.com\/index.php?rest_route=\/wp\/v2\/product\/5825","targetHints":{"allow":["GET"]}}],"collection":[{"href":"https:\/\/atividademapa.com\/index.php?rest_route=\/wp\/v2\/product"}],"about":[{"href":"https:\/\/atividademapa.com\/index.php?rest_route=\/wp\/v2\/types\/product"}],"version-history":[{"count":1,"href":"https:\/\/atividademapa.com\/index.php?rest_route=\/wp\/v2\/product\/5825\/revisions"}],"predecessor-version":[{"id":5827,"href":"https:\/\/atividademapa.com\/index.php?rest_route=\/wp\/v2\/product\/5825\/revisions\/5827"}],"wp:featuredmedia":[{"embeddable":true,"href":"https:\/\/atividademapa.com\/index.php?rest_route=\/wp\/v2\/media\/2326"}],"wp:attachment":[{"href":"https:\/\/atividademapa.com\/index.php?rest_route=%2Fwp%2Fv2%2Fmedia&parent=5825"}],"wp:term":[{"taxonomy":"product_brand","embeddable":true,"href":"https:\/\/atividademapa.com\/index.php?rest_route=%2Fwp%2Fv2%2Fproduct_brand&post=5825"},{"taxonomy":"product_cat","embeddable":true,"href":"https:\/\/atividademapa.com\/index.php?rest_route=%2Fwp%2Fv2%2Fproduct_cat&post=5825"},{"taxonomy":"product_tag","embeddable":true,"href":"https:\/\/atividademapa.com\/index.php?rest_route=%2Fwp%2Fv2%2Fproduct_tag&post=5825"}],"curies":[{"name":"wp","href":"https:\/\/api.w.org\/{rel}","templated":true}]}}