{"id":5830,"date":"2025-05-14T21:38:07","date_gmt":"2025-05-15T00:38:07","guid":{"rendered":"https:\/\/atividademapa.com\/?post_type=product&#038;p=5830"},"modified":"2025-05-14T21:38:09","modified_gmt":"2025-05-15T00:38:09","slug":"mapa-gq-controle-da-qualidade-e-metrologia-52_2025","status":"publish","type":"product","link":"https:\/\/atividademapa.com\/?product=mapa-gq-controle-da-qualidade-e-metrologia-52_2025","title":{"rendered":"MAPA &#8211; GQ &#8211; Controle da Qualidade e Metrologia &#8211; 52_2025"},"content":{"rendered":"<p>MAPA &#8211; GQ &#8211; CONTROLE DA QUALIDADE E METROLOGIA &#8211; 52_2025<br \/>\nQuest\u00e3o 1<br \/>\nUma pesquisa recente revelou dados preocupantes sobre a situa\u00e7\u00e3o das oficinas mec\u00e2nicas no mercado. Segundo a pesquisa, uma em cada quatro oficinas n\u00e3o encontram m\u00e3o de obra qualificada, em que cerca de 20% das oficinas admitem que sua maior defici\u00eancia \u00e9 n\u00e3o conseguir resolver o problema no ve\u00edculo, o que gera uma grande insatisfa\u00e7\u00e3o dos clientes.<\/p>\n<p>Fonte: https:\/\/doutorie.com.br\/blog\/os-5-principais-problemas-das-oficinas-no-brasil\/. Acesso em: 21 mar. 2025.<\/p>\n<p>Diante desse cen\u00e1rio, uma grande oficina mec\u00e2nica decidiu contratar voc\u00ea, como Gestor da Qualidade, para resolver o problema dos ve\u00edculos sem resolu\u00e7\u00e3o que permanecem na oficina. Ap\u00f3s uma an\u00e1lise detalhada e coleta de dados, foi constatado as poss\u00edveis causas para o problema \u201cve\u00edculos sem resolu\u00e7\u00e3o\u201d, sendo-os:<\/p>\n<p>&#8211; Falta de conhecimento e experi\u00eancia.<br \/>\n&#8211; Falta de processos bem definidos.<br \/>\n&#8211; Falta de ferramentas adequadas.<br \/>\n&#8211; Falta de pe\u00e7as.<\/p>\n<p>a) Considerando as causas identificadas para o problema &#8220;ve\u00edculos sem resolu\u00e7\u00e3o&#8221;, elabore um Diagrama de Ishikawa elencando as causas adequadamente.<br \/>\nb) Visando diminuir o n\u00famero de reclama\u00e7\u00f5es e atuar de maneira assertiva, foram levantados o n\u00famero de ocorr\u00eancias para cada causa. Considerando esses valores, construa um Gr\u00e1fico de Pareto a fim de identificar qual causa deve ser priorizada na oficina mec\u00e2nica para resolver o problema &#8220;ve\u00edculos sem resolu\u00e7\u00e3o&#8221;.<\/p>\n<p>Aten\u00e7\u00e3o: ap\u00f3s a constru\u00e7\u00e3o do gr\u00e1fico, realize a an\u00e1lise e descreva a principal causa que deve ser priorizada.<\/p>\n<p>Causas Ocorr\u00eancias<br \/>\nFalta de conhecimento e experi\u00eancia 18<br \/>\nFalta de processos bem definidos 21<br \/>\nFalta de ferramentas adequadas 13<br \/>\nFalta de pe\u00e7as 9<\/p>\n","protected":false},"excerpt":{"rendered":"<p>MAPA &#8211; GQ &#8211; CONTROLE DA QUALIDADE E METROLOGIA &#8211; 52_2025 Quest\u00e3o 1 Uma pesquisa recente revelou dados preocupantes sobre<\/p>\n","protected":false},"featured_media":2326,"template":"","meta":{"_monsterinsights_skip_tracking":false,"_monsterinsights_sitenote_active":false,"_monsterinsights_sitenote_note":"","_monsterinsights_sitenote_category":0},"product_brand":[],"product_cat":[29],"product_tag":[],"class_list":{"0":"post-5830","1":"product","2":"type-product","3":"status-publish","4":"has-post-thumbnail","6":"product_cat-gestao-de-qualidade","8":"first","9":"instock","10":"downloadable","11":"virtual","12":"purchasable","13":"product-type-simple"},"yoast_head":"<!-- This site is optimized with the Yoast SEO plugin v27.4 - https:\/\/yoast.com\/product\/yoast-seo-wordpress\/ -->\n<title>MAPA - GQ - Controle da Qualidade e Metrologia - 52_2025<\/title>\n<meta name=\"description\" content=\"Atividade MAPA - GQ - Controle da Qualidade e Metrologia - 52_2025 &#8902; Unicesumar. Baixe agora mesmo um Mapa Pronto resolvido!\" \/>\n<meta name=\"robots\" content=\"index, follow, max-snippet:-1, max-image-preview:large, max-video-preview:-1\" \/>\n<link rel=\"canonical\" href=\"https:\/\/atividademapa.com\/?product=mapa-gq-controle-da-qualidade-e-metrologia-52_2025\" \/>\n<meta property=\"og:locale\" content=\"pt_BR\" \/>\n<meta property=\"og:type\" content=\"article\" \/>\n<meta property=\"og:title\" content=\"MAPA - GQ - Controle da Qualidade e Metrologia - 52_2025\" \/>\n<meta property=\"og:description\" content=\"Atividade MAPA - GQ - Controle da Qualidade e Metrologia - 52_2025 &#8902; Unicesumar. Baixe agora mesmo um Mapa Pronto resolvido!\" \/>\n<meta property=\"og:url\" content=\"https:\/\/atividademapa.com\/?product=mapa-gq-controle-da-qualidade-e-metrologia-52_2025\" \/>\n<meta property=\"og:site_name\" content=\"Atividade Mapa\" \/>\n<meta property=\"article:modified_time\" content=\"2025-05-15T00:38:09+00:00\" \/>\n<meta property=\"og:image\" content=\"https:\/\/i0.wp.com\/atividademapa.com\/wp-content\/uploads\/2023\/03\/Atividade-M.A.P.A-3.png?fit=300%2C300&ssl=1\" \/>\n\t<meta property=\"og:image:width\" content=\"300\" \/>\n\t<meta property=\"og:image:height\" content=\"300\" \/>\n\t<meta property=\"og:image:type\" content=\"image\/png\" \/>\n<meta name=\"twitter:card\" content=\"summary_large_image\" \/>\n<meta name=\"twitter:label1\" content=\"Est. tempo de leitura\" \/>\n\t<meta name=\"twitter:data1\" content=\"1 minuto\" \/>\n<script type=\"application\/ld+json\" class=\"yoast-schema-graph\">{\"@context\":\"https:\\\/\\\/schema.org\",\"@graph\":[{\"@type\":\"WebPage\",\"@id\":\"https:\\\/\\\/atividademapa.com\\\/?product=mapa-gq-controle-da-qualidade-e-metrologia-52_2025\",\"url\":\"https:\\\/\\\/atividademapa.com\\\/?product=mapa-gq-controle-da-qualidade-e-metrologia-52_2025\",\"name\":\"MAPA - GQ - Controle da Qualidade e Metrologia - 52_2025\",\"isPartOf\":{\"@id\":\"https:\\\/\\\/atividademapa.com\\\/#website\"},\"primaryImageOfPage\":{\"@id\":\"https:\\\/\\\/atividademapa.com\\\/?product=mapa-gq-controle-da-qualidade-e-metrologia-52_2025#primaryimage\"},\"image\":{\"@id\":\"https:\\\/\\\/atividademapa.com\\\/?product=mapa-gq-controle-da-qualidade-e-metrologia-52_2025#primaryimage\"},\"thumbnailUrl\":\"https:\\\/\\\/i0.wp.com\\\/atividademapa.com\\\/wp-content\\\/uploads\\\/2023\\\/03\\\/Atividade-M.A.P.A-3.png?fit=300%2C300&ssl=1\",\"datePublished\":\"2025-05-15T00:38:07+00:00\",\"dateModified\":\"2025-05-15T00:38:09+00:00\",\"description\":\"Atividade MAPA - GQ - Controle da Qualidade e Metrologia - 52_2025 &#8902; Unicesumar. Baixe agora mesmo um Mapa Pronto resolvido!\",\"breadcrumb\":{\"@id\":\"https:\\\/\\\/atividademapa.com\\\/?product=mapa-gq-controle-da-qualidade-e-metrologia-52_2025#breadcrumb\"},\"inLanguage\":\"pt-BR\",\"potentialAction\":[{\"@type\":\"ReadAction\",\"target\":[\"https:\\\/\\\/atividademapa.com\\\/?product=mapa-gq-controle-da-qualidade-e-metrologia-52_2025\"]}]},{\"@type\":\"ImageObject\",\"inLanguage\":\"pt-BR\",\"@id\":\"https:\\\/\\\/atividademapa.com\\\/?product=mapa-gq-controle-da-qualidade-e-metrologia-52_2025#primaryimage\",\"url\":\"https:\\\/\\\/i0.wp.com\\\/atividademapa.com\\\/wp-content\\\/uploads\\\/2023\\\/03\\\/Atividade-M.A.P.A-3.png?fit=300%2C300&ssl=1\",\"contentUrl\":\"https:\\\/\\\/i0.wp.com\\\/atividademapa.com\\\/wp-content\\\/uploads\\\/2023\\\/03\\\/Atividade-M.A.P.A-3.png?fit=300%2C300&ssl=1\",\"width\":300,\"height\":300,\"caption\":\"Mapa Unicesumar Atividade\"},{\"@type\":\"BreadcrumbList\",\"@id\":\"https:\\\/\\\/atividademapa.com\\\/?product=mapa-gq-controle-da-qualidade-e-metrologia-52_2025#breadcrumb\",\"itemListElement\":[{\"@type\":\"ListItem\",\"position\":1,\"name\":\"In\u00edcio\",\"item\":\"https:\\\/\\\/atividademapa.com\\\/\"},{\"@type\":\"ListItem\",\"position\":2,\"name\":\"MAPAS\",\"item\":\"https:\\\/\\\/atividademapa.com\\\/?page_id=5\"},{\"@type\":\"ListItem\",\"position\":3,\"name\":\"MAPA &#8211; GQ &#8211; Controle da Qualidade e Metrologia &#8211; 52_2025\"}]},{\"@type\":\"WebSite\",\"@id\":\"https:\\\/\\\/atividademapa.com\\\/#website\",\"url\":\"https:\\\/\\\/atividademapa.com\\\/\",\"name\":\"Atividade Mapa\",\"description\":\"StudeO | Unicesumar\",\"publisher\":{\"@id\":\"https:\\\/\\\/atividademapa.com\\\/#organization\"},\"potentialAction\":[{\"@type\":\"SearchAction\",\"target\":{\"@type\":\"EntryPoint\",\"urlTemplate\":\"https:\\\/\\\/atividademapa.com\\\/?s={search_term_string}\"},\"query-input\":{\"@type\":\"PropertyValueSpecification\",\"valueRequired\":true,\"valueName\":\"search_term_string\"}}],\"inLanguage\":\"pt-BR\"},{\"@type\":\"Organization\",\"@id\":\"https:\\\/\\\/atividademapa.com\\\/#organization\",\"name\":\"Atividade MAPA\",\"url\":\"https:\\\/\\\/atividademapa.com\\\/\",\"logo\":{\"@type\":\"ImageObject\",\"inLanguage\":\"pt-BR\",\"@id\":\"https:\\\/\\\/atividademapa.com\\\/#\\\/schema\\\/logo\\\/image\\\/\",\"url\":\"https:\\\/\\\/i0.wp.com\\\/atividademapa.com\\\/wp-content\\\/uploads\\\/2023\\\/02\\\/ATIVIDADE.png?fit=600%2C300&ssl=1\",\"contentUrl\":\"https:\\\/\\\/i0.wp.com\\\/atividademapa.com\\\/wp-content\\\/uploads\\\/2023\\\/02\\\/ATIVIDADE.png?fit=600%2C300&ssl=1\",\"width\":600,\"height\":300,\"caption\":\"Atividade MAPA\"},\"image\":{\"@id\":\"https:\\\/\\\/atividademapa.com\\\/#\\\/schema\\\/logo\\\/image\\\/\"}}]}<\/script>\n<!-- \/ Yoast SEO plugin. -->","yoast_head_json":{"title":"MAPA - GQ - Controle da Qualidade e Metrologia - 52_2025","description":"Atividade MAPA - GQ - Controle da Qualidade e Metrologia - 52_2025 &#8902; Unicesumar. Baixe agora mesmo um Mapa Pronto resolvido!","robots":{"index":"index","follow":"follow","max-snippet":"max-snippet:-1","max-image-preview":"max-image-preview:large","max-video-preview":"max-video-preview:-1"},"canonical":"https:\/\/atividademapa.com\/?product=mapa-gq-controle-da-qualidade-e-metrologia-52_2025","og_locale":"pt_BR","og_type":"article","og_title":"MAPA - GQ - Controle da Qualidade e Metrologia - 52_2025","og_description":"Atividade MAPA - GQ - Controle da Qualidade e Metrologia - 52_2025 &#8902; Unicesumar. Baixe agora mesmo um Mapa Pronto resolvido!","og_url":"https:\/\/atividademapa.com\/?product=mapa-gq-controle-da-qualidade-e-metrologia-52_2025","og_site_name":"Atividade Mapa","article_modified_time":"2025-05-15T00:38:09+00:00","og_image":[{"width":300,"height":300,"url":"https:\/\/i0.wp.com\/atividademapa.com\/wp-content\/uploads\/2023\/03\/Atividade-M.A.P.A-3.png?fit=300%2C300&ssl=1","type":"image\/png"}],"twitter_card":"summary_large_image","twitter_misc":{"Est. tempo de leitura":"1 minuto"},"schema":{"@context":"https:\/\/schema.org","@graph":[{"@type":"WebPage","@id":"https:\/\/atividademapa.com\/?product=mapa-gq-controle-da-qualidade-e-metrologia-52_2025","url":"https:\/\/atividademapa.com\/?product=mapa-gq-controle-da-qualidade-e-metrologia-52_2025","name":"MAPA - GQ - Controle da Qualidade e Metrologia - 52_2025","isPartOf":{"@id":"https:\/\/atividademapa.com\/#website"},"primaryImageOfPage":{"@id":"https:\/\/atividademapa.com\/?product=mapa-gq-controle-da-qualidade-e-metrologia-52_2025#primaryimage"},"image":{"@id":"https:\/\/atividademapa.com\/?product=mapa-gq-controle-da-qualidade-e-metrologia-52_2025#primaryimage"},"thumbnailUrl":"https:\/\/i0.wp.com\/atividademapa.com\/wp-content\/uploads\/2023\/03\/Atividade-M.A.P.A-3.png?fit=300%2C300&ssl=1","datePublished":"2025-05-15T00:38:07+00:00","dateModified":"2025-05-15T00:38:09+00:00","description":"Atividade MAPA - GQ - Controle da Qualidade e Metrologia - 52_2025 &#8902; Unicesumar. Baixe agora mesmo um Mapa Pronto resolvido!","breadcrumb":{"@id":"https:\/\/atividademapa.com\/?product=mapa-gq-controle-da-qualidade-e-metrologia-52_2025#breadcrumb"},"inLanguage":"pt-BR","potentialAction":[{"@type":"ReadAction","target":["https:\/\/atividademapa.com\/?product=mapa-gq-controle-da-qualidade-e-metrologia-52_2025"]}]},{"@type":"ImageObject","inLanguage":"pt-BR","@id":"https:\/\/atividademapa.com\/?product=mapa-gq-controle-da-qualidade-e-metrologia-52_2025#primaryimage","url":"https:\/\/i0.wp.com\/atividademapa.com\/wp-content\/uploads\/2023\/03\/Atividade-M.A.P.A-3.png?fit=300%2C300&ssl=1","contentUrl":"https:\/\/i0.wp.com\/atividademapa.com\/wp-content\/uploads\/2023\/03\/Atividade-M.A.P.A-3.png?fit=300%2C300&ssl=1","width":300,"height":300,"caption":"Mapa Unicesumar Atividade"},{"@type":"BreadcrumbList","@id":"https:\/\/atividademapa.com\/?product=mapa-gq-controle-da-qualidade-e-metrologia-52_2025#breadcrumb","itemListElement":[{"@type":"ListItem","position":1,"name":"In\u00edcio","item":"https:\/\/atividademapa.com\/"},{"@type":"ListItem","position":2,"name":"MAPAS","item":"https:\/\/atividademapa.com\/?page_id=5"},{"@type":"ListItem","position":3,"name":"MAPA &#8211; GQ &#8211; Controle da Qualidade e Metrologia &#8211; 52_2025"}]},{"@type":"WebSite","@id":"https:\/\/atividademapa.com\/#website","url":"https:\/\/atividademapa.com\/","name":"Atividade Mapa","description":"StudeO | Unicesumar","publisher":{"@id":"https:\/\/atividademapa.com\/#organization"},"potentialAction":[{"@type":"SearchAction","target":{"@type":"EntryPoint","urlTemplate":"https:\/\/atividademapa.com\/?s={search_term_string}"},"query-input":{"@type":"PropertyValueSpecification","valueRequired":true,"valueName":"search_term_string"}}],"inLanguage":"pt-BR"},{"@type":"Organization","@id":"https:\/\/atividademapa.com\/#organization","name":"Atividade MAPA","url":"https:\/\/atividademapa.com\/","logo":{"@type":"ImageObject","inLanguage":"pt-BR","@id":"https:\/\/atividademapa.com\/#\/schema\/logo\/image\/","url":"https:\/\/i0.wp.com\/atividademapa.com\/wp-content\/uploads\/2023\/02\/ATIVIDADE.png?fit=600%2C300&ssl=1","contentUrl":"https:\/\/i0.wp.com\/atividademapa.com\/wp-content\/uploads\/2023\/02\/ATIVIDADE.png?fit=600%2C300&ssl=1","width":600,"height":300,"caption":"Atividade MAPA"},"image":{"@id":"https:\/\/atividademapa.com\/#\/schema\/logo\/image\/"}}]}},"_links":{"self":[{"href":"https:\/\/atividademapa.com\/index.php?rest_route=\/wp\/v2\/product\/5830","targetHints":{"allow":["GET"]}}],"collection":[{"href":"https:\/\/atividademapa.com\/index.php?rest_route=\/wp\/v2\/product"}],"about":[{"href":"https:\/\/atividademapa.com\/index.php?rest_route=\/wp\/v2\/types\/product"}],"version-history":[{"count":1,"href":"https:\/\/atividademapa.com\/index.php?rest_route=\/wp\/v2\/product\/5830\/revisions"}],"predecessor-version":[{"id":5832,"href":"https:\/\/atividademapa.com\/index.php?rest_route=\/wp\/v2\/product\/5830\/revisions\/5832"}],"wp:featuredmedia":[{"embeddable":true,"href":"https:\/\/atividademapa.com\/index.php?rest_route=\/wp\/v2\/media\/2326"}],"wp:attachment":[{"href":"https:\/\/atividademapa.com\/index.php?rest_route=%2Fwp%2Fv2%2Fmedia&parent=5830"}],"wp:term":[{"taxonomy":"product_brand","embeddable":true,"href":"https:\/\/atividademapa.com\/index.php?rest_route=%2Fwp%2Fv2%2Fproduct_brand&post=5830"},{"taxonomy":"product_cat","embeddable":true,"href":"https:\/\/atividademapa.com\/index.php?rest_route=%2Fwp%2Fv2%2Fproduct_cat&post=5830"},{"taxonomy":"product_tag","embeddable":true,"href":"https:\/\/atividademapa.com\/index.php?rest_route=%2Fwp%2Fv2%2Fproduct_tag&post=5830"}],"curies":[{"name":"wp","href":"https:\/\/api.w.org\/{rel}","templated":true}]}}