{"id":5852,"date":"2025-06-01T10:44:31","date_gmt":"2025-06-01T13:44:31","guid":{"rendered":"https:\/\/atividademapa.com\/?post_type=product&#038;p=5852"},"modified":"2025-06-28T12:26:26","modified_gmt":"2025-06-28T15:26:26","slug":"mapa-gestao-de-custos-52-2025","status":"publish","type":"product","link":"https:\/\/atividademapa.com\/?product=mapa-gestao-de-custos-52-2025","title":{"rendered":"MAPA &#8211; Gest\u00e3o de Custos &#8211; 52\/2025"},"content":{"rendered":"<p>A f\u00e1brica de embalagens Marival Ltda. foi constitu\u00edda quando dois amigos, M\u00e1rio e Valdemar, que estudaram juntos na faculdade, se reencontraram e decidiram investir nesse ramo de neg\u00f3cio. A empresa \u00e9 especializada em embalagens de pl\u00e1stico, que s\u00e3o consideradas as mais resistentes nesse segmento de mercado. Imagine que voc\u00ea foi convidado para trabalhar na gest\u00e3o de custos dessa entidade. O gerente informou que s\u00e3o produzidos diversos tipos de embalagens, por\u00e9m com o mesmo custo de fabrica\u00e7\u00e3o e pre\u00e7o de venda. Cada embalagem tem sido comercializada pelo pre\u00e7o de R$ 30,00 por unidade. No or\u00e7amento de vendas para o pr\u00f3ximo m\u00eas pretende-se vender o correspondente a 5.000 embalagens. O custo vari\u00e1vel unit\u00e1rio de cada embalagem \u00e9 de R$ 10,00, os sal\u00e1rios fixos dos funcion\u00e1rios da f\u00e1brica R$ 40.000,00, sal\u00e1rio fixos dos vendedores s\u00e3o equivalentes a R$ 10.000,00, a comiss\u00e3o sobre vendas \u00e9 de R$ 2,00 por unidade. O aluguel mensal da sala da administra\u00e7\u00e3o \u00e9 de R$ 4.000,00 e o seguro dos equipamentos da f\u00e1brica somam R$ 2.000,00 por m\u00eas. Os tributos sobre as vendas s\u00e3o de 12% e a entidade utiliza o m\u00e9todo de custeio vari\u00e1vel em suas decis\u00f5es.<br \/>\nAgora que voc\u00ea est\u00e1 ciente de todas essas informa\u00e7\u00f5es, avalie os dados informados e cumpra o desafio de atender \u00e0s seguintes demandas:<\/p>\n<p>1 &#8211; Elabore a Demonstra\u00e7\u00e3o de Resultado (DR) utilizando o m\u00e9todo de Custeio Vari\u00e1vel e calcule o resultado esperado com a venda das 5.000 embalagens.<\/p>\n<p>2 &#8211; A Marival Ltda. est\u00e1 analisando a proposta de eliminar o sal\u00e1rio fixo dos vendedores e passar a pagar o dobro de comiss\u00e3o por embalagem vendida. Calcule qual ser\u00e1 o novo resultado apurado, considerando a venda das mesmas quantidades previstas no item anterior;<\/p>\n<p>3 &#8211; Descreva um breve texto relatando suas percep\u00e7\u00f5es em rela\u00e7\u00e3o ao resultado apurado, ap\u00f3s analisar as duas condi\u00e7\u00f5es apresentadas<\/p>\n","protected":false},"excerpt":{"rendered":"<p>A f\u00e1brica de embalagens Marival Ltda. foi constitu\u00edda quando dois amigos, M\u00e1rio e Valdemar, que estudaram juntos na faculdade, se<\/p>\n","protected":false},"featured_media":2326,"template":"","meta":{"_monsterinsights_skip_tracking":false,"_monsterinsights_sitenote_active":false,"_monsterinsights_sitenote_note":"","_monsterinsights_sitenote_category":0},"product_brand":[],"product_cat":[46],"product_tag":[],"class_list":{"0":"post-5852","1":"product","2":"type-product","3":"status-publish","4":"has-post-thumbnail","6":"product_cat-ciencias-contabeis","8":"first","9":"instock","10":"downloadable","11":"virtual","12":"purchasable","13":"product-type-simple"},"yoast_head":"<!-- This site is optimized with the Yoast SEO plugin v27.4 - https:\/\/yoast.com\/product\/yoast-seo-wordpress\/ -->\n<title>MAPA - Gest\u00e3o de Custos - 52\/2025<\/title>\n<meta name=\"description\" content=\"Atividade MAPA - Gest\u00e3o de Custos - 52\/2025 &#8902; Unicesumar. Baixe agora mesmo um Mapa Pronto resolvido!\" \/>\n<meta name=\"robots\" content=\"index, follow, max-snippet:-1, max-image-preview:large, max-video-preview:-1\" \/>\n<link rel=\"canonical\" href=\"https:\/\/atividademapa.com\/?product=mapa-gestao-de-custos-52-2025\" \/>\n<meta property=\"og:locale\" content=\"pt_BR\" \/>\n<meta property=\"og:type\" content=\"article\" \/>\n<meta property=\"og:title\" content=\"MAPA - Gest\u00e3o de Custos - 52\/2025\" \/>\n<meta property=\"og:description\" content=\"Atividade MAPA - Gest\u00e3o de Custos - 52\/2025 &#8902; Unicesumar. Baixe agora mesmo um Mapa Pronto resolvido!\" \/>\n<meta property=\"og:url\" content=\"https:\/\/atividademapa.com\/?product=mapa-gestao-de-custos-52-2025\" \/>\n<meta property=\"og:site_name\" content=\"Atividade Mapa\" \/>\n<meta property=\"article:modified_time\" content=\"2025-06-28T15:26:26+00:00\" \/>\n<meta property=\"og:image\" content=\"https:\/\/i0.wp.com\/atividademapa.com\/wp-content\/uploads\/2023\/03\/Atividade-M.A.P.A-3.png?fit=300%2C300&ssl=1\" \/>\n\t<meta property=\"og:image:width\" content=\"300\" \/>\n\t<meta property=\"og:image:height\" content=\"300\" \/>\n\t<meta property=\"og:image:type\" content=\"image\/png\" \/>\n<meta name=\"twitter:card\" content=\"summary_large_image\" \/>\n<meta name=\"twitter:label1\" content=\"Est. tempo de leitura\" \/>\n\t<meta name=\"twitter:data1\" content=\"2 minutos\" \/>\n<script type=\"application\/ld+json\" class=\"yoast-schema-graph\">{\"@context\":\"https:\\\/\\\/schema.org\",\"@graph\":[{\"@type\":\"WebPage\",\"@id\":\"https:\\\/\\\/atividademapa.com\\\/?product=mapa-gestao-de-custos-52-2025\",\"url\":\"https:\\\/\\\/atividademapa.com\\\/?product=mapa-gestao-de-custos-52-2025\",\"name\":\"MAPA - Gest\u00e3o de Custos - 52\\\/2025\",\"isPartOf\":{\"@id\":\"https:\\\/\\\/atividademapa.com\\\/#website\"},\"primaryImageOfPage\":{\"@id\":\"https:\\\/\\\/atividademapa.com\\\/?product=mapa-gestao-de-custos-52-2025#primaryimage\"},\"image\":{\"@id\":\"https:\\\/\\\/atividademapa.com\\\/?product=mapa-gestao-de-custos-52-2025#primaryimage\"},\"thumbnailUrl\":\"https:\\\/\\\/i0.wp.com\\\/atividademapa.com\\\/wp-content\\\/uploads\\\/2023\\\/03\\\/Atividade-M.A.P.A-3.png?fit=300%2C300&ssl=1\",\"datePublished\":\"2025-06-01T13:44:31+00:00\",\"dateModified\":\"2025-06-28T15:26:26+00:00\",\"description\":\"Atividade MAPA - Gest\u00e3o de Custos - 52\\\/2025 &#8902; Unicesumar. Baixe agora mesmo um Mapa Pronto resolvido!\",\"breadcrumb\":{\"@id\":\"https:\\\/\\\/atividademapa.com\\\/?product=mapa-gestao-de-custos-52-2025#breadcrumb\"},\"inLanguage\":\"pt-BR\",\"potentialAction\":[{\"@type\":\"ReadAction\",\"target\":[\"https:\\\/\\\/atividademapa.com\\\/?product=mapa-gestao-de-custos-52-2025\"]}]},{\"@type\":\"ImageObject\",\"inLanguage\":\"pt-BR\",\"@id\":\"https:\\\/\\\/atividademapa.com\\\/?product=mapa-gestao-de-custos-52-2025#primaryimage\",\"url\":\"https:\\\/\\\/i0.wp.com\\\/atividademapa.com\\\/wp-content\\\/uploads\\\/2023\\\/03\\\/Atividade-M.A.P.A-3.png?fit=300%2C300&ssl=1\",\"contentUrl\":\"https:\\\/\\\/i0.wp.com\\\/atividademapa.com\\\/wp-content\\\/uploads\\\/2023\\\/03\\\/Atividade-M.A.P.A-3.png?fit=300%2C300&ssl=1\",\"width\":300,\"height\":300,\"caption\":\"Mapa Unicesumar Atividade\"},{\"@type\":\"BreadcrumbList\",\"@id\":\"https:\\\/\\\/atividademapa.com\\\/?product=mapa-gestao-de-custos-52-2025#breadcrumb\",\"itemListElement\":[{\"@type\":\"ListItem\",\"position\":1,\"name\":\"In\u00edcio\",\"item\":\"https:\\\/\\\/atividademapa.com\\\/\"},{\"@type\":\"ListItem\",\"position\":2,\"name\":\"MAPAS\",\"item\":\"https:\\\/\\\/atividademapa.com\\\/?page_id=5\"},{\"@type\":\"ListItem\",\"position\":3,\"name\":\"MAPA &#8211; Gest\u00e3o de Custos &#8211; 52\\\/2025\"}]},{\"@type\":\"WebSite\",\"@id\":\"https:\\\/\\\/atividademapa.com\\\/#website\",\"url\":\"https:\\\/\\\/atividademapa.com\\\/\",\"name\":\"Atividade Mapa\",\"description\":\"StudeO | Unicesumar\",\"publisher\":{\"@id\":\"https:\\\/\\\/atividademapa.com\\\/#organization\"},\"potentialAction\":[{\"@type\":\"SearchAction\",\"target\":{\"@type\":\"EntryPoint\",\"urlTemplate\":\"https:\\\/\\\/atividademapa.com\\\/?s={search_term_string}\"},\"query-input\":{\"@type\":\"PropertyValueSpecification\",\"valueRequired\":true,\"valueName\":\"search_term_string\"}}],\"inLanguage\":\"pt-BR\"},{\"@type\":\"Organization\",\"@id\":\"https:\\\/\\\/atividademapa.com\\\/#organization\",\"name\":\"Atividade MAPA\",\"url\":\"https:\\\/\\\/atividademapa.com\\\/\",\"logo\":{\"@type\":\"ImageObject\",\"inLanguage\":\"pt-BR\",\"@id\":\"https:\\\/\\\/atividademapa.com\\\/#\\\/schema\\\/logo\\\/image\\\/\",\"url\":\"https:\\\/\\\/i0.wp.com\\\/atividademapa.com\\\/wp-content\\\/uploads\\\/2023\\\/02\\\/ATIVIDADE.png?fit=600%2C300&ssl=1\",\"contentUrl\":\"https:\\\/\\\/i0.wp.com\\\/atividademapa.com\\\/wp-content\\\/uploads\\\/2023\\\/02\\\/ATIVIDADE.png?fit=600%2C300&ssl=1\",\"width\":600,\"height\":300,\"caption\":\"Atividade MAPA\"},\"image\":{\"@id\":\"https:\\\/\\\/atividademapa.com\\\/#\\\/schema\\\/logo\\\/image\\\/\"}}]}<\/script>\n<!-- \/ Yoast SEO plugin. -->","yoast_head_json":{"title":"MAPA - Gest\u00e3o de Custos - 52\/2025","description":"Atividade MAPA - Gest\u00e3o de Custos - 52\/2025 &#8902; Unicesumar. Baixe agora mesmo um Mapa Pronto resolvido!","robots":{"index":"index","follow":"follow","max-snippet":"max-snippet:-1","max-image-preview":"max-image-preview:large","max-video-preview":"max-video-preview:-1"},"canonical":"https:\/\/atividademapa.com\/?product=mapa-gestao-de-custos-52-2025","og_locale":"pt_BR","og_type":"article","og_title":"MAPA - Gest\u00e3o de Custos - 52\/2025","og_description":"Atividade MAPA - Gest\u00e3o de Custos - 52\/2025 &#8902; Unicesumar. Baixe agora mesmo um Mapa Pronto resolvido!","og_url":"https:\/\/atividademapa.com\/?product=mapa-gestao-de-custos-52-2025","og_site_name":"Atividade Mapa","article_modified_time":"2025-06-28T15:26:26+00:00","og_image":[{"width":300,"height":300,"url":"https:\/\/i0.wp.com\/atividademapa.com\/wp-content\/uploads\/2023\/03\/Atividade-M.A.P.A-3.png?fit=300%2C300&ssl=1","type":"image\/png"}],"twitter_card":"summary_large_image","twitter_misc":{"Est. tempo de leitura":"2 minutos"},"schema":{"@context":"https:\/\/schema.org","@graph":[{"@type":"WebPage","@id":"https:\/\/atividademapa.com\/?product=mapa-gestao-de-custos-52-2025","url":"https:\/\/atividademapa.com\/?product=mapa-gestao-de-custos-52-2025","name":"MAPA - Gest\u00e3o de Custos - 52\/2025","isPartOf":{"@id":"https:\/\/atividademapa.com\/#website"},"primaryImageOfPage":{"@id":"https:\/\/atividademapa.com\/?product=mapa-gestao-de-custos-52-2025#primaryimage"},"image":{"@id":"https:\/\/atividademapa.com\/?product=mapa-gestao-de-custos-52-2025#primaryimage"},"thumbnailUrl":"https:\/\/i0.wp.com\/atividademapa.com\/wp-content\/uploads\/2023\/03\/Atividade-M.A.P.A-3.png?fit=300%2C300&ssl=1","datePublished":"2025-06-01T13:44:31+00:00","dateModified":"2025-06-28T15:26:26+00:00","description":"Atividade MAPA - Gest\u00e3o de Custos - 52\/2025 &#8902; Unicesumar. Baixe agora mesmo um Mapa Pronto resolvido!","breadcrumb":{"@id":"https:\/\/atividademapa.com\/?product=mapa-gestao-de-custos-52-2025#breadcrumb"},"inLanguage":"pt-BR","potentialAction":[{"@type":"ReadAction","target":["https:\/\/atividademapa.com\/?product=mapa-gestao-de-custos-52-2025"]}]},{"@type":"ImageObject","inLanguage":"pt-BR","@id":"https:\/\/atividademapa.com\/?product=mapa-gestao-de-custos-52-2025#primaryimage","url":"https:\/\/i0.wp.com\/atividademapa.com\/wp-content\/uploads\/2023\/03\/Atividade-M.A.P.A-3.png?fit=300%2C300&ssl=1","contentUrl":"https:\/\/i0.wp.com\/atividademapa.com\/wp-content\/uploads\/2023\/03\/Atividade-M.A.P.A-3.png?fit=300%2C300&ssl=1","width":300,"height":300,"caption":"Mapa Unicesumar Atividade"},{"@type":"BreadcrumbList","@id":"https:\/\/atividademapa.com\/?product=mapa-gestao-de-custos-52-2025#breadcrumb","itemListElement":[{"@type":"ListItem","position":1,"name":"In\u00edcio","item":"https:\/\/atividademapa.com\/"},{"@type":"ListItem","position":2,"name":"MAPAS","item":"https:\/\/atividademapa.com\/?page_id=5"},{"@type":"ListItem","position":3,"name":"MAPA &#8211; Gest\u00e3o de Custos &#8211; 52\/2025"}]},{"@type":"WebSite","@id":"https:\/\/atividademapa.com\/#website","url":"https:\/\/atividademapa.com\/","name":"Atividade Mapa","description":"StudeO | Unicesumar","publisher":{"@id":"https:\/\/atividademapa.com\/#organization"},"potentialAction":[{"@type":"SearchAction","target":{"@type":"EntryPoint","urlTemplate":"https:\/\/atividademapa.com\/?s={search_term_string}"},"query-input":{"@type":"PropertyValueSpecification","valueRequired":true,"valueName":"search_term_string"}}],"inLanguage":"pt-BR"},{"@type":"Organization","@id":"https:\/\/atividademapa.com\/#organization","name":"Atividade MAPA","url":"https:\/\/atividademapa.com\/","logo":{"@type":"ImageObject","inLanguage":"pt-BR","@id":"https:\/\/atividademapa.com\/#\/schema\/logo\/image\/","url":"https:\/\/i0.wp.com\/atividademapa.com\/wp-content\/uploads\/2023\/02\/ATIVIDADE.png?fit=600%2C300&ssl=1","contentUrl":"https:\/\/i0.wp.com\/atividademapa.com\/wp-content\/uploads\/2023\/02\/ATIVIDADE.png?fit=600%2C300&ssl=1","width":600,"height":300,"caption":"Atividade MAPA"},"image":{"@id":"https:\/\/atividademapa.com\/#\/schema\/logo\/image\/"}}]}},"_links":{"self":[{"href":"https:\/\/atividademapa.com\/index.php?rest_route=\/wp\/v2\/product\/5852","targetHints":{"allow":["GET"]}}],"collection":[{"href":"https:\/\/atividademapa.com\/index.php?rest_route=\/wp\/v2\/product"}],"about":[{"href":"https:\/\/atividademapa.com\/index.php?rest_route=\/wp\/v2\/types\/product"}],"version-history":[{"count":1,"href":"https:\/\/atividademapa.com\/index.php?rest_route=\/wp\/v2\/product\/5852\/revisions"}],"predecessor-version":[{"id":5854,"href":"https:\/\/atividademapa.com\/index.php?rest_route=\/wp\/v2\/product\/5852\/revisions\/5854"}],"wp:featuredmedia":[{"embeddable":true,"href":"https:\/\/atividademapa.com\/index.php?rest_route=\/wp\/v2\/media\/2326"}],"wp:attachment":[{"href":"https:\/\/atividademapa.com\/index.php?rest_route=%2Fwp%2Fv2%2Fmedia&parent=5852"}],"wp:term":[{"taxonomy":"product_brand","embeddable":true,"href":"https:\/\/atividademapa.com\/index.php?rest_route=%2Fwp%2Fv2%2Fproduct_brand&post=5852"},{"taxonomy":"product_cat","embeddable":true,"href":"https:\/\/atividademapa.com\/index.php?rest_route=%2Fwp%2Fv2%2Fproduct_cat&post=5852"},{"taxonomy":"product_tag","embeddable":true,"href":"https:\/\/atividademapa.com\/index.php?rest_route=%2Fwp%2Fv2%2Fproduct_tag&post=5852"}],"curies":[{"name":"wp","href":"https:\/\/api.w.org\/{rel}","templated":true}]}}