{"id":5927,"date":"2025-06-15T12:52:03","date_gmt":"2025-06-15T15:52:03","guid":{"rendered":"https:\/\/atividademapa.com\/?post_type=product&#038;p=5927"},"modified":"2025-06-28T10:39:15","modified_gmt":"2025-06-28T13:39:15","slug":"atividade-1-gq-controle-estatistico-do-processo-52_2025","status":"publish","type":"product","link":"https:\/\/atividademapa.com\/?product=atividade-1-gq-controle-estatistico-do-processo-52_2025","title":{"rendered":"ATIVIDADE 1 &#8211; GQ &#8211; CONTROLE ESTAT\u00cdSTICO DO PROCESSO &#8211; 52_2025"},"content":{"rendered":"<div class=\"panel-heading\">\n<div class=\"panel-title cursor ng-binding\" data-toggle=\"collapse\">Quest\u00e3o 1<\/div>\n<div class=\"panel-controls\">\n<ul>\n<li><\/li>\n<\/ul>\n<\/div>\n<\/div>\n<div class=\"panel-body p-t-20 b-t b-grey\">\n<div class=\"enunciado ng-binding\">\n<div class=\"ng-scope\">As ferramentas da qualidade s\u00e3o m\u00e9todos fundamentais para a gest\u00e3o e melhoria cont\u00ednua dos processos produtivos. Elas permitem identificar, analisar e solucionar problemas de forma estruturada, garantindo maior efici\u00eancia, redu\u00e7\u00e3o de desperd\u00edcios e aumento da satisfa\u00e7\u00e3o dos clientes. Entre as ferramentas mais utilizadas, destacam-se a Folha de Verifica\u00e7\u00e3o e o Diagrama de Pareto, cada uma com um papel essencial na an\u00e1lise e no controle de processos.<br \/>\nA Folha de Verifica\u00e7\u00e3o \u00e9 um m\u00e9todo simples e eficaz para coletar e organizar dados, permitindo a identifica\u00e7\u00e3o de padr\u00f5es e tend\u00eancias nos processos. J\u00e1 o Diagrama de Pareto, baseado no princ\u00edpio 80\/20, auxilia na prioriza\u00e7\u00e3o de problemas, demonstrando quais defeitos ou falhas t\u00eam maior impacto na produ\u00e7\u00e3o. Quando aplicadas em conjunto, essas ferramentas proporcionam uma an\u00e1lise detalhada da qualidade, permitindo a\u00e7\u00f5es corretivas e preventivas para otimizar os processos produtivos.<br \/>\nNesse sentido, na atividade de hoje, voc\u00ea \u00e9 desafiado a aplicar as ferramentas da qualidade em um contexto real. Dessa forma, segue o problema:<\/p>\n<p>A Metal\u00fargica Precis\u00e3o Ltda. \u00e9 especializada na fabrica\u00e7\u00e3o de pe\u00e7as met\u00e1licas para a ind\u00fastria automotiva. No in\u00edcio de 2025, a empresa percebeu um aumento significativo nas devolu\u00e7\u00f5es de pe\u00e7as por parte dos clientes. Para investigar a situa\u00e7\u00e3o, a equipe de qualidade iniciou uma inspe\u00e7\u00e3o detalhada das devolu\u00e7\u00f5es durante a primeira quinzena de fevereiro e identificou as seguintes raz\u00f5es para os defeitos:\n<\/p><\/div>\n<div class=\"table-responsive no-border ng-scope\">\n<table border=\"1\" cellspacing=\"0\" cellpadding=\"0\">\n<tbody>\n<tr>\n<td><strong>Raz\u00e3o da devolu\u00e7\u00e3o<\/strong><\/td>\n<td><strong>N\u00famero de ocorr\u00eancias<\/strong><\/td>\n<\/tr>\n<tr>\n<td>Dimens\u00f5es fora da especifica\u00e7\u00e3o<\/td>\n<td>220<\/td>\n<\/tr>\n<tr>\n<td>Superf\u00edcie com rebarbas<\/td>\n<td>85<\/td>\n<\/tr>\n<tr>\n<td>Furo desalinhado<\/td>\n<td>145<\/td>\n<\/tr>\n<tr>\n<td>Trinca no material<\/td>\n<td>30<\/td>\n<\/tr>\n<tr>\n<td>Deforma\u00e7\u00e3o na pe\u00e7a<\/td>\n<td>98<\/td>\n<\/tr>\n<tr>\n<td>Falha no revestimento<\/td>\n<td>65<\/td>\n<\/tr>\n<tr>\n<td>Pe\u00e7a errada no pedido<\/td>\n<td>40<\/td>\n<\/tr>\n<tr>\n<td>Atraso na entrega<\/td>\n<td>22<\/td>\n<\/tr>\n<tr>\n<td>Pe\u00e7a danificada no transporte<\/td>\n<td>60<\/td>\n<\/tr>\n<tr>\n<td>Outros<\/td>\n<td>25<\/td>\n<\/tr>\n<tr>\n<td>Total<\/td>\n<td>790<\/td>\n<\/tr>\n<\/tbody>\n<\/table>\n<\/div>\n<p><br class=\"ng-scope\" \/>Agora, como gestor da qualidade da Metal\u00fargica Precis\u00e3o Ltda., voc\u00ea dever\u00e1:<br class=\"ng-scope\" \/>a) Criar um modelo de folha de verifica\u00e7\u00e3o e inserir os dados apresentados no problema listando os defeitos em ordem decrescente de ocorr\u00eancia (obs.: dados n\u00e3o inseridos no descritivo da atividade poder\u00e3o ser criados pelo estudante).<br class=\"ng-scope\" \/>b) Elaborar um Diagrama de Pareto para visualizar quais problemas impactam mais na qualidade do produto. Apresentar planilha usada para calcular.<br class=\"ng-scope\" \/>C) Ap\u00f3s a constru\u00e7\u00e3o do Gr\u00e1fico, realize uma an\u00e1lise e descreva a principal causa que deve ser priorizada.<\/div>\n<\/div>\n","protected":false},"excerpt":{"rendered":"<p>Quest\u00e3o 1 As ferramentas da qualidade s\u00e3o m\u00e9todos fundamentais para a gest\u00e3o e melhoria cont\u00ednua dos processos produtivos. Elas permitem<\/p>\n","protected":false},"featured_media":2326,"template":"","meta":{"_monsterinsights_skip_tracking":false,"_monsterinsights_sitenote_active":false,"_monsterinsights_sitenote_note":"","_monsterinsights_sitenote_category":0},"product_brand":[],"product_cat":[29],"product_tag":[],"class_list":{"0":"post-5927","1":"product","2":"type-product","3":"status-publish","4":"has-post-thumbnail","6":"product_cat-gestao-de-qualidade","8":"first","9":"instock","10":"downloadable","11":"virtual","12":"purchasable","13":"product-type-simple"},"yoast_head":"<!-- This site is optimized with the Yoast SEO plugin v27.4 - https:\/\/yoast.com\/product\/yoast-seo-wordpress\/ -->\n<title>ATIVIDADE 1 - GQ - CONTROLE ESTAT\u00cdSTICO DO PROCESSO - 52_2025<\/title>\n<meta name=\"description\" content=\"Atividade ATIVIDADE 1 - GQ - CONTROLE ESTAT\u00cdSTICO DO PROCESSO - 52_2025 &#8902; Unicesumar. Baixe agora mesmo um Mapa Pronto resolvido!\" \/>\n<meta name=\"robots\" content=\"index, follow, max-snippet:-1, max-image-preview:large, max-video-preview:-1\" \/>\n<link rel=\"canonical\" href=\"https:\/\/atividademapa.com\/?product=atividade-1-gq-controle-estatistico-do-processo-52_2025\" \/>\n<meta property=\"og:locale\" content=\"pt_BR\" \/>\n<meta property=\"og:type\" content=\"article\" \/>\n<meta property=\"og:title\" content=\"ATIVIDADE 1 - GQ - CONTROLE ESTAT\u00cdSTICO DO PROCESSO - 52_2025\" \/>\n<meta property=\"og:description\" content=\"Atividade ATIVIDADE 1 - GQ - CONTROLE ESTAT\u00cdSTICO DO PROCESSO - 52_2025 &#8902; Unicesumar. Baixe agora mesmo um Mapa Pronto resolvido!\" \/>\n<meta property=\"og:url\" content=\"https:\/\/atividademapa.com\/?product=atividade-1-gq-controle-estatistico-do-processo-52_2025\" \/>\n<meta property=\"og:site_name\" content=\"Atividade Mapa\" \/>\n<meta property=\"article:modified_time\" content=\"2025-06-28T13:39:15+00:00\" \/>\n<meta property=\"og:image\" content=\"https:\/\/i0.wp.com\/atividademapa.com\/wp-content\/uploads\/2023\/03\/Atividade-M.A.P.A-3.png?fit=300%2C300&ssl=1\" \/>\n\t<meta property=\"og:image:width\" content=\"300\" \/>\n\t<meta property=\"og:image:height\" content=\"300\" \/>\n\t<meta property=\"og:image:type\" content=\"image\/png\" \/>\n<meta name=\"twitter:card\" content=\"summary_large_image\" \/>\n<meta name=\"twitter:label1\" content=\"Est. tempo de leitura\" \/>\n\t<meta name=\"twitter:data1\" content=\"2 minutos\" \/>\n<script type=\"application\/ld+json\" class=\"yoast-schema-graph\">{\"@context\":\"https:\\\/\\\/schema.org\",\"@graph\":[{\"@type\":\"WebPage\",\"@id\":\"https:\\\/\\\/atividademapa.com\\\/?product=atividade-1-gq-controle-estatistico-do-processo-52_2025\",\"url\":\"https:\\\/\\\/atividademapa.com\\\/?product=atividade-1-gq-controle-estatistico-do-processo-52_2025\",\"name\":\"ATIVIDADE 1 - GQ - CONTROLE ESTAT\u00cdSTICO DO PROCESSO - 52_2025\",\"isPartOf\":{\"@id\":\"https:\\\/\\\/atividademapa.com\\\/#website\"},\"primaryImageOfPage\":{\"@id\":\"https:\\\/\\\/atividademapa.com\\\/?product=atividade-1-gq-controle-estatistico-do-processo-52_2025#primaryimage\"},\"image\":{\"@id\":\"https:\\\/\\\/atividademapa.com\\\/?product=atividade-1-gq-controle-estatistico-do-processo-52_2025#primaryimage\"},\"thumbnailUrl\":\"https:\\\/\\\/i0.wp.com\\\/atividademapa.com\\\/wp-content\\\/uploads\\\/2023\\\/03\\\/Atividade-M.A.P.A-3.png?fit=300%2C300&ssl=1\",\"datePublished\":\"2025-06-15T15:52:03+00:00\",\"dateModified\":\"2025-06-28T13:39:15+00:00\",\"description\":\"Atividade ATIVIDADE 1 - GQ - CONTROLE ESTAT\u00cdSTICO DO PROCESSO - 52_2025 &#8902; Unicesumar. Baixe agora mesmo um Mapa Pronto resolvido!\",\"breadcrumb\":{\"@id\":\"https:\\\/\\\/atividademapa.com\\\/?product=atividade-1-gq-controle-estatistico-do-processo-52_2025#breadcrumb\"},\"inLanguage\":\"pt-BR\",\"potentialAction\":[{\"@type\":\"ReadAction\",\"target\":[\"https:\\\/\\\/atividademapa.com\\\/?product=atividade-1-gq-controle-estatistico-do-processo-52_2025\"]}]},{\"@type\":\"ImageObject\",\"inLanguage\":\"pt-BR\",\"@id\":\"https:\\\/\\\/atividademapa.com\\\/?product=atividade-1-gq-controle-estatistico-do-processo-52_2025#primaryimage\",\"url\":\"https:\\\/\\\/i0.wp.com\\\/atividademapa.com\\\/wp-content\\\/uploads\\\/2023\\\/03\\\/Atividade-M.A.P.A-3.png?fit=300%2C300&ssl=1\",\"contentUrl\":\"https:\\\/\\\/i0.wp.com\\\/atividademapa.com\\\/wp-content\\\/uploads\\\/2023\\\/03\\\/Atividade-M.A.P.A-3.png?fit=300%2C300&ssl=1\",\"width\":300,\"height\":300,\"caption\":\"Mapa Unicesumar Atividade\"},{\"@type\":\"BreadcrumbList\",\"@id\":\"https:\\\/\\\/atividademapa.com\\\/?product=atividade-1-gq-controle-estatistico-do-processo-52_2025#breadcrumb\",\"itemListElement\":[{\"@type\":\"ListItem\",\"position\":1,\"name\":\"In\u00edcio\",\"item\":\"https:\\\/\\\/atividademapa.com\\\/\"},{\"@type\":\"ListItem\",\"position\":2,\"name\":\"MAPAS\",\"item\":\"https:\\\/\\\/atividademapa.com\\\/?page_id=5\"},{\"@type\":\"ListItem\",\"position\":3,\"name\":\"ATIVIDADE 1 &#8211; GQ &#8211; CONTROLE ESTAT\u00cdSTICO DO PROCESSO &#8211; 52_2025\"}]},{\"@type\":\"WebSite\",\"@id\":\"https:\\\/\\\/atividademapa.com\\\/#website\",\"url\":\"https:\\\/\\\/atividademapa.com\\\/\",\"name\":\"Atividade Mapa\",\"description\":\"StudeO | Unicesumar\",\"publisher\":{\"@id\":\"https:\\\/\\\/atividademapa.com\\\/#organization\"},\"potentialAction\":[{\"@type\":\"SearchAction\",\"target\":{\"@type\":\"EntryPoint\",\"urlTemplate\":\"https:\\\/\\\/atividademapa.com\\\/?s={search_term_string}\"},\"query-input\":{\"@type\":\"PropertyValueSpecification\",\"valueRequired\":true,\"valueName\":\"search_term_string\"}}],\"inLanguage\":\"pt-BR\"},{\"@type\":\"Organization\",\"@id\":\"https:\\\/\\\/atividademapa.com\\\/#organization\",\"name\":\"Atividade MAPA\",\"url\":\"https:\\\/\\\/atividademapa.com\\\/\",\"logo\":{\"@type\":\"ImageObject\",\"inLanguage\":\"pt-BR\",\"@id\":\"https:\\\/\\\/atividademapa.com\\\/#\\\/schema\\\/logo\\\/image\\\/\",\"url\":\"https:\\\/\\\/i0.wp.com\\\/atividademapa.com\\\/wp-content\\\/uploads\\\/2023\\\/02\\\/ATIVIDADE.png?fit=600%2C300&ssl=1\",\"contentUrl\":\"https:\\\/\\\/i0.wp.com\\\/atividademapa.com\\\/wp-content\\\/uploads\\\/2023\\\/02\\\/ATIVIDADE.png?fit=600%2C300&ssl=1\",\"width\":600,\"height\":300,\"caption\":\"Atividade MAPA\"},\"image\":{\"@id\":\"https:\\\/\\\/atividademapa.com\\\/#\\\/schema\\\/logo\\\/image\\\/\"}}]}<\/script>\n<!-- \/ Yoast SEO plugin. -->","yoast_head_json":{"title":"ATIVIDADE 1 - GQ - CONTROLE ESTAT\u00cdSTICO DO PROCESSO - 52_2025","description":"Atividade ATIVIDADE 1 - GQ - CONTROLE ESTAT\u00cdSTICO DO PROCESSO - 52_2025 &#8902; Unicesumar. Baixe agora mesmo um Mapa Pronto resolvido!","robots":{"index":"index","follow":"follow","max-snippet":"max-snippet:-1","max-image-preview":"max-image-preview:large","max-video-preview":"max-video-preview:-1"},"canonical":"https:\/\/atividademapa.com\/?product=atividade-1-gq-controle-estatistico-do-processo-52_2025","og_locale":"pt_BR","og_type":"article","og_title":"ATIVIDADE 1 - GQ - CONTROLE ESTAT\u00cdSTICO DO PROCESSO - 52_2025","og_description":"Atividade ATIVIDADE 1 - GQ - CONTROLE ESTAT\u00cdSTICO DO PROCESSO - 52_2025 &#8902; Unicesumar. Baixe agora mesmo um Mapa Pronto resolvido!","og_url":"https:\/\/atividademapa.com\/?product=atividade-1-gq-controle-estatistico-do-processo-52_2025","og_site_name":"Atividade Mapa","article_modified_time":"2025-06-28T13:39:15+00:00","og_image":[{"width":300,"height":300,"url":"https:\/\/i0.wp.com\/atividademapa.com\/wp-content\/uploads\/2023\/03\/Atividade-M.A.P.A-3.png?fit=300%2C300&ssl=1","type":"image\/png"}],"twitter_card":"summary_large_image","twitter_misc":{"Est. tempo de leitura":"2 minutos"},"schema":{"@context":"https:\/\/schema.org","@graph":[{"@type":"WebPage","@id":"https:\/\/atividademapa.com\/?product=atividade-1-gq-controle-estatistico-do-processo-52_2025","url":"https:\/\/atividademapa.com\/?product=atividade-1-gq-controle-estatistico-do-processo-52_2025","name":"ATIVIDADE 1 - GQ - CONTROLE ESTAT\u00cdSTICO DO PROCESSO - 52_2025","isPartOf":{"@id":"https:\/\/atividademapa.com\/#website"},"primaryImageOfPage":{"@id":"https:\/\/atividademapa.com\/?product=atividade-1-gq-controle-estatistico-do-processo-52_2025#primaryimage"},"image":{"@id":"https:\/\/atividademapa.com\/?product=atividade-1-gq-controle-estatistico-do-processo-52_2025#primaryimage"},"thumbnailUrl":"https:\/\/i0.wp.com\/atividademapa.com\/wp-content\/uploads\/2023\/03\/Atividade-M.A.P.A-3.png?fit=300%2C300&ssl=1","datePublished":"2025-06-15T15:52:03+00:00","dateModified":"2025-06-28T13:39:15+00:00","description":"Atividade ATIVIDADE 1 - GQ - CONTROLE ESTAT\u00cdSTICO DO PROCESSO - 52_2025 &#8902; Unicesumar. Baixe agora mesmo um Mapa Pronto resolvido!","breadcrumb":{"@id":"https:\/\/atividademapa.com\/?product=atividade-1-gq-controle-estatistico-do-processo-52_2025#breadcrumb"},"inLanguage":"pt-BR","potentialAction":[{"@type":"ReadAction","target":["https:\/\/atividademapa.com\/?product=atividade-1-gq-controle-estatistico-do-processo-52_2025"]}]},{"@type":"ImageObject","inLanguage":"pt-BR","@id":"https:\/\/atividademapa.com\/?product=atividade-1-gq-controle-estatistico-do-processo-52_2025#primaryimage","url":"https:\/\/i0.wp.com\/atividademapa.com\/wp-content\/uploads\/2023\/03\/Atividade-M.A.P.A-3.png?fit=300%2C300&ssl=1","contentUrl":"https:\/\/i0.wp.com\/atividademapa.com\/wp-content\/uploads\/2023\/03\/Atividade-M.A.P.A-3.png?fit=300%2C300&ssl=1","width":300,"height":300,"caption":"Mapa Unicesumar Atividade"},{"@type":"BreadcrumbList","@id":"https:\/\/atividademapa.com\/?product=atividade-1-gq-controle-estatistico-do-processo-52_2025#breadcrumb","itemListElement":[{"@type":"ListItem","position":1,"name":"In\u00edcio","item":"https:\/\/atividademapa.com\/"},{"@type":"ListItem","position":2,"name":"MAPAS","item":"https:\/\/atividademapa.com\/?page_id=5"},{"@type":"ListItem","position":3,"name":"ATIVIDADE 1 &#8211; GQ &#8211; CONTROLE ESTAT\u00cdSTICO DO PROCESSO &#8211; 52_2025"}]},{"@type":"WebSite","@id":"https:\/\/atividademapa.com\/#website","url":"https:\/\/atividademapa.com\/","name":"Atividade Mapa","description":"StudeO | Unicesumar","publisher":{"@id":"https:\/\/atividademapa.com\/#organization"},"potentialAction":[{"@type":"SearchAction","target":{"@type":"EntryPoint","urlTemplate":"https:\/\/atividademapa.com\/?s={search_term_string}"},"query-input":{"@type":"PropertyValueSpecification","valueRequired":true,"valueName":"search_term_string"}}],"inLanguage":"pt-BR"},{"@type":"Organization","@id":"https:\/\/atividademapa.com\/#organization","name":"Atividade MAPA","url":"https:\/\/atividademapa.com\/","logo":{"@type":"ImageObject","inLanguage":"pt-BR","@id":"https:\/\/atividademapa.com\/#\/schema\/logo\/image\/","url":"https:\/\/i0.wp.com\/atividademapa.com\/wp-content\/uploads\/2023\/02\/ATIVIDADE.png?fit=600%2C300&ssl=1","contentUrl":"https:\/\/i0.wp.com\/atividademapa.com\/wp-content\/uploads\/2023\/02\/ATIVIDADE.png?fit=600%2C300&ssl=1","width":600,"height":300,"caption":"Atividade MAPA"},"image":{"@id":"https:\/\/atividademapa.com\/#\/schema\/logo\/image\/"}}]}},"_links":{"self":[{"href":"https:\/\/atividademapa.com\/index.php?rest_route=\/wp\/v2\/product\/5927","targetHints":{"allow":["GET"]}}],"collection":[{"href":"https:\/\/atividademapa.com\/index.php?rest_route=\/wp\/v2\/product"}],"about":[{"href":"https:\/\/atividademapa.com\/index.php?rest_route=\/wp\/v2\/types\/product"}],"version-history":[{"count":2,"href":"https:\/\/atividademapa.com\/index.php?rest_route=\/wp\/v2\/product\/5927\/revisions"}],"predecessor-version":[{"id":5930,"href":"https:\/\/atividademapa.com\/index.php?rest_route=\/wp\/v2\/product\/5927\/revisions\/5930"}],"wp:featuredmedia":[{"embeddable":true,"href":"https:\/\/atividademapa.com\/index.php?rest_route=\/wp\/v2\/media\/2326"}],"wp:attachment":[{"href":"https:\/\/atividademapa.com\/index.php?rest_route=%2Fwp%2Fv2%2Fmedia&parent=5927"}],"wp:term":[{"taxonomy":"product_brand","embeddable":true,"href":"https:\/\/atividademapa.com\/index.php?rest_route=%2Fwp%2Fv2%2Fproduct_brand&post=5927"},{"taxonomy":"product_cat","embeddable":true,"href":"https:\/\/atividademapa.com\/index.php?rest_route=%2Fwp%2Fv2%2Fproduct_cat&post=5927"},{"taxonomy":"product_tag","embeddable":true,"href":"https:\/\/atividademapa.com\/index.php?rest_route=%2Fwp%2Fv2%2Fproduct_tag&post=5927"}],"curies":[{"name":"wp","href":"https:\/\/api.w.org\/{rel}","templated":true}]}}