{"id":5956,"date":"2025-06-28T14:55:02","date_gmt":"2025-06-28T17:55:02","guid":{"rendered":"https:\/\/atividademapa.com\/?post_type=product&#038;p=5956"},"modified":"2025-06-28T17:29:18","modified_gmt":"2025-06-28T20:29:18","slug":"mapa-quimica-geral-e-organica-52_2025","status":"publish","type":"product","link":"https:\/\/atividademapa.com\/?product=mapa-quimica-geral-e-organica-52_2025","title":{"rendered":"MAPA &#8211; QU\u00cdMICA GERAL E ORG\u00c2NICA &#8211; 52_2025"},"content":{"rendered":"<p><strong class=\"ng-scope\">MAPA DE QU\u00cdMICA GERAL E ORG\u00c2NICA<\/strong><br class=\"ng-scope\" \/><br class=\"ng-scope\" \/><strong class=\"ng-scope\">CONTEXTUALIZA\u00c7\u00c3O\u200b<\/strong><br class=\"ng-scope\" \/>\u00a0<br class=\"ng-scope\" \/>Titula\u00e7\u00e3o \u00e9 o processo de adi\u00e7\u00e3o de quantidades discretas de um dos reagentes, geralmente com o aux\u00edlio de uma bureta, no meio reacional para quantificar alguma propriedade. Quando se pretende encontrar uma concentra\u00e7\u00e3o, a titula\u00e7\u00e3o \u00e9 um procedimento anal\u00edtico e, geralmente, s\u00e3o feitas medidas de volume, caracterizando as titula\u00e7\u00f5es volum\u00e9tricas; mas, em alguns casos, pode-se monitorar a varia\u00e7\u00e3o gradual de uma outra grandeza, como a massa, caso das titula\u00e7\u00f5es gravim\u00e9tricas, ou a absor\u00e7\u00e3o da luz, como nas titula\u00e7\u00f5es espectrofotom\u00e9tricas.<br class=\"ng-scope\" \/>Os m\u00e9todos volum\u00e9tricos s\u00e3o um grupo de procedimentos quantitativos baseados na determina\u00e7\u00e3o da concentra\u00e7\u00e3o de um constituinte de uma amostra a partir de uma rea\u00e7\u00e3o, em solu\u00e7\u00e3o, deste com um reagente de concentra\u00e7\u00e3o conhecida, acompanhada pela medida de quantidades discretas de solu\u00e7\u00e3o adicionada. Genericamente, trata-se de determinar a concentra\u00e7\u00e3o de uma esp\u00e9cie de interesse em uma amostra a partir do volume (ou massa) de uma solu\u00e7\u00e3o com concentra\u00e7\u00e3o exatamente conhecida (solu\u00e7\u00e3o padr\u00e3o) necess\u00e1ria para reagir quantitativamente com esta amostra em solu\u00e7\u00e3o (solu\u00e7\u00e3o problema).<br class=\"ng-scope\" \/>A determina\u00e7\u00e3o da concentra\u00e7\u00e3o de uma solu\u00e7\u00e3o (solu\u00e7\u00e3o problema) a partir de sua rea\u00e7\u00e3o quantitativa com uma quantidade conhecida de uma subst\u00e2ncia que \u00e9 pura (padr\u00e3o prim\u00e1rio) \u00e9 chamada de titula\u00e7\u00e3o de padroniza\u00e7\u00e3o, ou simplesmente padroniza\u00e7\u00e3o. Neste caso, ap\u00f3s ter sua concentra\u00e7\u00e3o determinada, a solu\u00e7\u00e3o problema passa a ser uma solu\u00e7\u00e3o padronizada.<br class=\"ng-scope\" \/>A volumetria tem sido usada para a realiza\u00e7\u00e3o de an\u00e1lises quantitativas h\u00e1 mais de 200 anos. Sendo tradicionalmente considerada como um m\u00e9todo prim\u00e1rio de\u00a0an\u00e1lise, \u00e9 muito utilizada para validar outros m\u00e9todos secund\u00e1rios.<br class=\"ng-scope\" \/>\u00a0<br class=\"ng-scope\" \/><strong class=\"ng-scope\">FONTE:<\/strong>\u00a0Dispon\u00edvel em: https:\/\/www.scielo.br\/j\/qn\/a\/SyjM9MjmLdW8pJW43VXKpnK\/?format=pdf&amp;lang=pt. Acesso em: 16 abr. 2025.<br class=\"ng-scope\" \/>\u00a0<br class=\"ng-scope\" \/><strong class=\"ng-scope\">ATIVIDADE:<\/strong><br class=\"ng-scope\" \/><br class=\"ng-scope\" \/>Voc\u00ea est\u00e1 em um laborat\u00f3rio de qu\u00edmica e recebe a tarefa de determinar a concentra\u00e7\u00e3o do composto que \u00e9 o princ\u00edpio ativo da Aspirina\u00ae em um comprimido. Para isso, voc\u00ea utilizar\u00e1 uma solu\u00e7\u00e3o padr\u00e3o de hidr\u00f3xido de s\u00f3dio (NaOH) para realizar uma titula\u00e7\u00e3o.\u00a0No experimento, um comprimido de Aspirina\u00ae \u00e9 dissolvido em \u00e1gua destilada e, \u00e0 solu\u00e7\u00e3o formada, acrescentam-se tr\u00eas gotas do indicador fenolftale\u00edna. Em seguinda, a solu\u00e7\u00e3o resultante \u00e9 titulada com uma solu\u00e7\u00e3o de NaOH de concentra\u00e7\u00e3o conhecida, at\u00e9 que o ponto de equival\u00eancia seja alcan\u00e7ado.\u00a0<br class=\"ng-scope\" \/>\u00a0<br class=\"ng-scope\" \/>Mediante a situa\u00e7\u00e3o apresentada acima, responda as quest\u00f5es a seguir:\u200b<br class=\"ng-scope\" \/><br class=\"ng-scope\" \/>1 &#8211; Qual \u00e9 o nome do princ\u00edpio ativo presente na Aspirina\u00ae? Quais s\u00e3o as suas principais a\u00e7\u00f5es farmacol\u00f3gicas?<br class=\"ng-scope\" \/><br class=\"ng-scope\" \/>2 &#8211; Escreva a equa\u00e7\u00e3o qu\u00edmica balanceada da rea\u00e7\u00e3o entre o princ\u00edpio ativo da Aspirina\u00ae e o hidr\u00f3xido de s\u00f3dio.<br class=\"ng-scope\" \/><br class=\"ng-scope\" \/>3 &#8211; Qual o tipo de rea\u00e7\u00e3o qu\u00edmica que ocorre entre o princ\u00edpio ativo da Aspirina\u00ae e o hidr\u00f3xido de s\u00f3dio? Quais s\u00e3o os produtos resultantes dessa rea\u00e7\u00e3o?<br class=\"ng-scope\" \/><br class=\"ng-scope\" \/>\u200b4 &#8211; Qual \u00e9 a fun\u00e7\u00e3o do indicador Fenofltale\u00edna na titula\u00e7\u00e3o?<br class=\"ng-scope\" \/><br class=\"ng-scope\" \/>5 &#8211; Durante uma titula\u00e7\u00e3o, 25,0 mL de uma solu\u00e7\u00e3o de NaOH 0,10 mol\/L s\u00e3o usados para reagir com 30,0 mL de uma solu\u00e7\u00e3o de Aspirina\u00ae. Considerando a estequiometria da rea\u00e7\u00e3o, calcule a concentra\u00e7\u00e3o molar da solu\u00e7\u00e3o de Aspirina\u00ae, demonstrando todos os c\u00e1lculos necess\u00e1rios para chegar ao resultado.<br class=\"ng-scope\" \/><br class=\"ng-scope\" \/>\u200b<strong class=\"ng-scope\">Refer\u00eancias bibliogr\u00e1ficas<\/strong><br class=\"ng-scope\" \/>ATEN\u00c7\u00c3O: Insira as refer\u00eancias bibliogr\u00e1ficas de todos os materiais utilizados na pesquisa, incluindo os indicados no MAPA, no formato ABNT.<\/p>\n","protected":false},"excerpt":{"rendered":"<p>MAPA DE QU\u00cdMICA GERAL E ORG\u00c2NICACONTEXTUALIZA\u00c7\u00c3O\u200b\u00a0Titula\u00e7\u00e3o \u00e9 o processo de adi\u00e7\u00e3o de quantidades discretas de um dos reagentes, geralmente com<\/p>\n","protected":false},"featured_media":2326,"template":"","meta":{"_monsterinsights_skip_tracking":false,"_monsterinsights_sitenote_active":false,"_monsterinsights_sitenote_note":"","_monsterinsights_sitenote_category":0},"product_brand":[],"product_cat":[58],"product_tag":[],"class_list":{"0":"post-5956","1":"product","2":"type-product","3":"status-publish","4":"has-post-thumbnail","6":"product_cat-biomedicina","8":"first","9":"instock","10":"downloadable","11":"virtual","12":"purchasable","13":"product-type-simple"},"yoast_head":"<!-- This site is optimized with the Yoast SEO plugin v27.4 - https:\/\/yoast.com\/product\/yoast-seo-wordpress\/ -->\n<title>MAPA - QU\u00cdMICA GERAL E ORG\u00c2NICA - 52_2025<\/title>\n<meta name=\"description\" content=\"Atividade MAPA - QU\u00cdMICA GERAL E ORG\u00c2NICA - 52_2025 &#8902; Unicesumar Biomedicina. Baixe agora mesmo um Mapa Pronto resolvido!\" \/>\n<meta name=\"robots\" content=\"index, follow, max-snippet:-1, max-image-preview:large, max-video-preview:-1\" \/>\n<link rel=\"canonical\" href=\"https:\/\/atividademapa.com\/?product=mapa-quimica-geral-e-organica-52_2025\" \/>\n<meta property=\"og:locale\" content=\"pt_BR\" \/>\n<meta property=\"og:type\" content=\"article\" \/>\n<meta property=\"og:title\" content=\"MAPA - QU\u00cdMICA GERAL E ORG\u00c2NICA - 52_2025\" \/>\n<meta property=\"og:description\" content=\"Atividade MAPA - QU\u00cdMICA GERAL E ORG\u00c2NICA - 52_2025 &#8902; Unicesumar Biomedicina. Baixe agora mesmo um Mapa Pronto resolvido!\" \/>\n<meta property=\"og:url\" content=\"https:\/\/atividademapa.com\/?product=mapa-quimica-geral-e-organica-52_2025\" \/>\n<meta property=\"og:site_name\" content=\"Atividade Mapa\" \/>\n<meta property=\"article:modified_time\" content=\"2025-06-28T20:29:18+00:00\" \/>\n<meta property=\"og:image\" content=\"https:\/\/i0.wp.com\/atividademapa.com\/wp-content\/uploads\/2023\/03\/Atividade-M.A.P.A-3.png?fit=300%2C300&ssl=1\" \/>\n\t<meta property=\"og:image:width\" content=\"300\" \/>\n\t<meta property=\"og:image:height\" content=\"300\" \/>\n\t<meta property=\"og:image:type\" content=\"image\/png\" \/>\n<meta name=\"twitter:card\" content=\"summary_large_image\" \/>\n<meta name=\"twitter:label1\" content=\"Est. tempo de leitura\" \/>\n\t<meta name=\"twitter:data1\" content=\"3 minutos\" \/>\n<script type=\"application\/ld+json\" class=\"yoast-schema-graph\">{\"@context\":\"https:\\\/\\\/schema.org\",\"@graph\":[{\"@type\":\"WebPage\",\"@id\":\"https:\\\/\\\/atividademapa.com\\\/?product=mapa-quimica-geral-e-organica-52_2025\",\"url\":\"https:\\\/\\\/atividademapa.com\\\/?product=mapa-quimica-geral-e-organica-52_2025\",\"name\":\"MAPA - QU\u00cdMICA GERAL E ORG\u00c2NICA - 52_2025\",\"isPartOf\":{\"@id\":\"https:\\\/\\\/atividademapa.com\\\/#website\"},\"primaryImageOfPage\":{\"@id\":\"https:\\\/\\\/atividademapa.com\\\/?product=mapa-quimica-geral-e-organica-52_2025#primaryimage\"},\"image\":{\"@id\":\"https:\\\/\\\/atividademapa.com\\\/?product=mapa-quimica-geral-e-organica-52_2025#primaryimage\"},\"thumbnailUrl\":\"https:\\\/\\\/i0.wp.com\\\/atividademapa.com\\\/wp-content\\\/uploads\\\/2023\\\/03\\\/Atividade-M.A.P.A-3.png?fit=300%2C300&ssl=1\",\"datePublished\":\"2025-06-28T17:55:02+00:00\",\"dateModified\":\"2025-06-28T20:29:18+00:00\",\"description\":\"Atividade MAPA - QU\u00cdMICA GERAL E ORG\u00c2NICA - 52_2025 &#8902; Unicesumar Biomedicina. Baixe agora mesmo um Mapa Pronto resolvido!\",\"breadcrumb\":{\"@id\":\"https:\\\/\\\/atividademapa.com\\\/?product=mapa-quimica-geral-e-organica-52_2025#breadcrumb\"},\"inLanguage\":\"pt-BR\",\"potentialAction\":[{\"@type\":\"ReadAction\",\"target\":[\"https:\\\/\\\/atividademapa.com\\\/?product=mapa-quimica-geral-e-organica-52_2025\"]}]},{\"@type\":\"ImageObject\",\"inLanguage\":\"pt-BR\",\"@id\":\"https:\\\/\\\/atividademapa.com\\\/?product=mapa-quimica-geral-e-organica-52_2025#primaryimage\",\"url\":\"https:\\\/\\\/i0.wp.com\\\/atividademapa.com\\\/wp-content\\\/uploads\\\/2023\\\/03\\\/Atividade-M.A.P.A-3.png?fit=300%2C300&ssl=1\",\"contentUrl\":\"https:\\\/\\\/i0.wp.com\\\/atividademapa.com\\\/wp-content\\\/uploads\\\/2023\\\/03\\\/Atividade-M.A.P.A-3.png?fit=300%2C300&ssl=1\",\"width\":300,\"height\":300,\"caption\":\"Mapa Unicesumar Atividade\"},{\"@type\":\"BreadcrumbList\",\"@id\":\"https:\\\/\\\/atividademapa.com\\\/?product=mapa-quimica-geral-e-organica-52_2025#breadcrumb\",\"itemListElement\":[{\"@type\":\"ListItem\",\"position\":1,\"name\":\"In\u00edcio\",\"item\":\"https:\\\/\\\/atividademapa.com\\\/\"},{\"@type\":\"ListItem\",\"position\":2,\"name\":\"MAPAS\",\"item\":\"https:\\\/\\\/atividademapa.com\\\/?page_id=5\"},{\"@type\":\"ListItem\",\"position\":3,\"name\":\"MAPA &#8211; QU\u00cdMICA GERAL E ORG\u00c2NICA &#8211; 52_2025\"}]},{\"@type\":\"WebSite\",\"@id\":\"https:\\\/\\\/atividademapa.com\\\/#website\",\"url\":\"https:\\\/\\\/atividademapa.com\\\/\",\"name\":\"Atividade Mapa\",\"description\":\"StudeO | Unicesumar\",\"publisher\":{\"@id\":\"https:\\\/\\\/atividademapa.com\\\/#organization\"},\"potentialAction\":[{\"@type\":\"SearchAction\",\"target\":{\"@type\":\"EntryPoint\",\"urlTemplate\":\"https:\\\/\\\/atividademapa.com\\\/?s={search_term_string}\"},\"query-input\":{\"@type\":\"PropertyValueSpecification\",\"valueRequired\":true,\"valueName\":\"search_term_string\"}}],\"inLanguage\":\"pt-BR\"},{\"@type\":\"Organization\",\"@id\":\"https:\\\/\\\/atividademapa.com\\\/#organization\",\"name\":\"Atividade MAPA\",\"url\":\"https:\\\/\\\/atividademapa.com\\\/\",\"logo\":{\"@type\":\"ImageObject\",\"inLanguage\":\"pt-BR\",\"@id\":\"https:\\\/\\\/atividademapa.com\\\/#\\\/schema\\\/logo\\\/image\\\/\",\"url\":\"https:\\\/\\\/i0.wp.com\\\/atividademapa.com\\\/wp-content\\\/uploads\\\/2023\\\/02\\\/ATIVIDADE.png?fit=600%2C300&ssl=1\",\"contentUrl\":\"https:\\\/\\\/i0.wp.com\\\/atividademapa.com\\\/wp-content\\\/uploads\\\/2023\\\/02\\\/ATIVIDADE.png?fit=600%2C300&ssl=1\",\"width\":600,\"height\":300,\"caption\":\"Atividade MAPA\"},\"image\":{\"@id\":\"https:\\\/\\\/atividademapa.com\\\/#\\\/schema\\\/logo\\\/image\\\/\"}}]}<\/script>\n<!-- \/ Yoast SEO plugin. -->","yoast_head_json":{"title":"MAPA - QU\u00cdMICA GERAL E ORG\u00c2NICA - 52_2025","description":"Atividade MAPA - QU\u00cdMICA GERAL E ORG\u00c2NICA - 52_2025 &#8902; Unicesumar Biomedicina. Baixe agora mesmo um Mapa Pronto resolvido!","robots":{"index":"index","follow":"follow","max-snippet":"max-snippet:-1","max-image-preview":"max-image-preview:large","max-video-preview":"max-video-preview:-1"},"canonical":"https:\/\/atividademapa.com\/?product=mapa-quimica-geral-e-organica-52_2025","og_locale":"pt_BR","og_type":"article","og_title":"MAPA - QU\u00cdMICA GERAL E ORG\u00c2NICA - 52_2025","og_description":"Atividade MAPA - QU\u00cdMICA GERAL E ORG\u00c2NICA - 52_2025 &#8902; Unicesumar Biomedicina. Baixe agora mesmo um Mapa Pronto resolvido!","og_url":"https:\/\/atividademapa.com\/?product=mapa-quimica-geral-e-organica-52_2025","og_site_name":"Atividade Mapa","article_modified_time":"2025-06-28T20:29:18+00:00","og_image":[{"width":300,"height":300,"url":"https:\/\/i0.wp.com\/atividademapa.com\/wp-content\/uploads\/2023\/03\/Atividade-M.A.P.A-3.png?fit=300%2C300&ssl=1","type":"image\/png"}],"twitter_card":"summary_large_image","twitter_misc":{"Est. tempo de leitura":"3 minutos"},"schema":{"@context":"https:\/\/schema.org","@graph":[{"@type":"WebPage","@id":"https:\/\/atividademapa.com\/?product=mapa-quimica-geral-e-organica-52_2025","url":"https:\/\/atividademapa.com\/?product=mapa-quimica-geral-e-organica-52_2025","name":"MAPA - QU\u00cdMICA GERAL E ORG\u00c2NICA - 52_2025","isPartOf":{"@id":"https:\/\/atividademapa.com\/#website"},"primaryImageOfPage":{"@id":"https:\/\/atividademapa.com\/?product=mapa-quimica-geral-e-organica-52_2025#primaryimage"},"image":{"@id":"https:\/\/atividademapa.com\/?product=mapa-quimica-geral-e-organica-52_2025#primaryimage"},"thumbnailUrl":"https:\/\/i0.wp.com\/atividademapa.com\/wp-content\/uploads\/2023\/03\/Atividade-M.A.P.A-3.png?fit=300%2C300&ssl=1","datePublished":"2025-06-28T17:55:02+00:00","dateModified":"2025-06-28T20:29:18+00:00","description":"Atividade MAPA - QU\u00cdMICA GERAL E ORG\u00c2NICA - 52_2025 &#8902; Unicesumar Biomedicina. Baixe agora mesmo um Mapa Pronto resolvido!","breadcrumb":{"@id":"https:\/\/atividademapa.com\/?product=mapa-quimica-geral-e-organica-52_2025#breadcrumb"},"inLanguage":"pt-BR","potentialAction":[{"@type":"ReadAction","target":["https:\/\/atividademapa.com\/?product=mapa-quimica-geral-e-organica-52_2025"]}]},{"@type":"ImageObject","inLanguage":"pt-BR","@id":"https:\/\/atividademapa.com\/?product=mapa-quimica-geral-e-organica-52_2025#primaryimage","url":"https:\/\/i0.wp.com\/atividademapa.com\/wp-content\/uploads\/2023\/03\/Atividade-M.A.P.A-3.png?fit=300%2C300&ssl=1","contentUrl":"https:\/\/i0.wp.com\/atividademapa.com\/wp-content\/uploads\/2023\/03\/Atividade-M.A.P.A-3.png?fit=300%2C300&ssl=1","width":300,"height":300,"caption":"Mapa Unicesumar Atividade"},{"@type":"BreadcrumbList","@id":"https:\/\/atividademapa.com\/?product=mapa-quimica-geral-e-organica-52_2025#breadcrumb","itemListElement":[{"@type":"ListItem","position":1,"name":"In\u00edcio","item":"https:\/\/atividademapa.com\/"},{"@type":"ListItem","position":2,"name":"MAPAS","item":"https:\/\/atividademapa.com\/?page_id=5"},{"@type":"ListItem","position":3,"name":"MAPA &#8211; QU\u00cdMICA GERAL E ORG\u00c2NICA &#8211; 52_2025"}]},{"@type":"WebSite","@id":"https:\/\/atividademapa.com\/#website","url":"https:\/\/atividademapa.com\/","name":"Atividade Mapa","description":"StudeO | Unicesumar","publisher":{"@id":"https:\/\/atividademapa.com\/#organization"},"potentialAction":[{"@type":"SearchAction","target":{"@type":"EntryPoint","urlTemplate":"https:\/\/atividademapa.com\/?s={search_term_string}"},"query-input":{"@type":"PropertyValueSpecification","valueRequired":true,"valueName":"search_term_string"}}],"inLanguage":"pt-BR"},{"@type":"Organization","@id":"https:\/\/atividademapa.com\/#organization","name":"Atividade MAPA","url":"https:\/\/atividademapa.com\/","logo":{"@type":"ImageObject","inLanguage":"pt-BR","@id":"https:\/\/atividademapa.com\/#\/schema\/logo\/image\/","url":"https:\/\/i0.wp.com\/atividademapa.com\/wp-content\/uploads\/2023\/02\/ATIVIDADE.png?fit=600%2C300&ssl=1","contentUrl":"https:\/\/i0.wp.com\/atividademapa.com\/wp-content\/uploads\/2023\/02\/ATIVIDADE.png?fit=600%2C300&ssl=1","width":600,"height":300,"caption":"Atividade MAPA"},"image":{"@id":"https:\/\/atividademapa.com\/#\/schema\/logo\/image\/"}}]}},"_links":{"self":[{"href":"https:\/\/atividademapa.com\/index.php?rest_route=\/wp\/v2\/product\/5956","targetHints":{"allow":["GET"]}}],"collection":[{"href":"https:\/\/atividademapa.com\/index.php?rest_route=\/wp\/v2\/product"}],"about":[{"href":"https:\/\/atividademapa.com\/index.php?rest_route=\/wp\/v2\/types\/product"}],"version-history":[{"count":1,"href":"https:\/\/atividademapa.com\/index.php?rest_route=\/wp\/v2\/product\/5956\/revisions"}],"predecessor-version":[{"id":5957,"href":"https:\/\/atividademapa.com\/index.php?rest_route=\/wp\/v2\/product\/5956\/revisions\/5957"}],"wp:featuredmedia":[{"embeddable":true,"href":"https:\/\/atividademapa.com\/index.php?rest_route=\/wp\/v2\/media\/2326"}],"wp:attachment":[{"href":"https:\/\/atividademapa.com\/index.php?rest_route=%2Fwp%2Fv2%2Fmedia&parent=5956"}],"wp:term":[{"taxonomy":"product_brand","embeddable":true,"href":"https:\/\/atividademapa.com\/index.php?rest_route=%2Fwp%2Fv2%2Fproduct_brand&post=5956"},{"taxonomy":"product_cat","embeddable":true,"href":"https:\/\/atividademapa.com\/index.php?rest_route=%2Fwp%2Fv2%2Fproduct_cat&post=5956"},{"taxonomy":"product_tag","embeddable":true,"href":"https:\/\/atividademapa.com\/index.php?rest_route=%2Fwp%2Fv2%2Fproduct_tag&post=5956"}],"curies":[{"name":"wp","href":"https:\/\/api.w.org\/{rel}","templated":true}]}}