{"id":5959,"date":"2025-06-28T17:34:46","date_gmt":"2025-06-28T20:34:46","guid":{"rendered":"https:\/\/atividademapa.com\/?post_type=product&#038;p=5959"},"modified":"2025-06-28T17:34:48","modified_gmt":"2025-06-28T20:34:48","slug":"mapa-fundamentos-da-genetica-humana-52_2025","status":"publish","type":"product","link":"https:\/\/atividademapa.com\/?product=mapa-fundamentos-da-genetica-humana-52_2025","title":{"rendered":"MAPA &#8211; FUNDAMENTOS DA GEN\u00c9TICA HUMANA &#8211; 52_2025"},"content":{"rendered":"<p>MAPA &#8211; FUNDAMENTOS DA GEN\u00c9TICA HUMANA &#8211; 52_2025<\/p>\n<p><strong class=\"ng-scope\">Texto introdut\u00f3rio<\/strong><br class=\"ng-scope\" \/>Problemas de sa\u00fade, s\u00edndromes e doen\u00e7as podem ser causadas por altera\u00e7\u00f5es cromoss\u00f4micas e muta\u00e7\u00f5es de DNA.<br class=\"ng-scope\" \/>As s\u00edndrome causadas por altera\u00e7\u00f5es\/aberra\u00e7\u00f5es cromoss\u00f4micas podem ser do tipo num\u00e9rica, quando existe uma c\u00f3pia excedente ou aus\u00eancia de um cromossomo autoss\u00f4mico ou sexual. Dentre as s\u00edndromes causadas por altera\u00e7\u00f5es num\u00e9ricas est\u00e1 a s\u00edndrome de Down, ou trissomia do cromossomo 21.<br class=\"ng-scope\" \/>\u00a0As altera\u00e7\u00f5es tamb\u00e9m podem ser do tipo estrutural, quando h\u00e1 altera\u00e7\u00e3o na estrutura do cromossomo, como por exemplo a dele\u00e7\u00e3o de partes do DNA. Um exemplo de s\u00edndrome causada por altera\u00e7\u00e3o na estrutura do cromossomo \u00e9 a s\u00edndrome de cri-du-chat, conhecida como miado do gato, causada pela dele\u00e7\u00e3o de parte do bra\u00e7o curto de uma dos cromossomos do par 5.<br class=\"ng-scope\" \/>J\u00e1 as muta\u00e7\u00f5es de DNA podem ser causadoras de doen\u00e7as, ou serem impercept\u00edveis. As muta\u00e7\u00f5es de DNA geram variabilidade gen\u00e9tica, sendo que essas muta\u00e7\u00f5es podem mudar alelos. Dessa forma, temos doen\u00e7as como por exemplo a acatalasia, ou acatelasemia, ou ainda doen\u00e7a de Takahara. Essa doen\u00e7a \u00e9 caracterizada pela defici\u00eancia na produ\u00e7\u00e3o da enzima catalase, resultando na defici\u00eancia da atividade enzim\u00e1tica nos eritr\u00f3citos. Na maioria dos casos \u00e9 assintom\u00e1tica, no entanto, podem estar presentes ulcera\u00e7\u00f5es orais seguidas de gangrena.<br class=\"ng-scope\" \/>A acatalasemia \u00e9 causada por um gene autoss\u00f4mico recessivo, e expressa apenas quando em homozigose.<br class=\"ng-scope\" \/>\u00a0<br class=\"ng-scope\" \/><strong class=\"ng-scope\">Fonte: o professor.<\/strong><br class=\"ng-scope\" \/>\u00a0<br class=\"ng-scope\" \/>\u00a0<br class=\"ng-scope\" \/><strong class=\"ng-scope\">Situa\u00e7\u00e3o de aprendizagem<\/strong><br class=\"ng-scope\" \/>Ao estagiar em um hospital, voc\u00ea, participa de uma equipe multidisciplinar que est\u00e1 acompanhando um pr\u00e9-natal, em que h\u00e1 particularidades a serem analisadas.<br class=\"ng-scope\" \/>O m\u00e9dico respons\u00e1vel pela gestante, apresenta a voc\u00eas o caso dessa mulher.<br class=\"ng-scope\" \/>\u00a0<br class=\"ng-scope\" \/><strong class=\"ng-scope\">Caso<\/strong><br class=\"ng-scope\" \/>A gestante com aproximadamente 14 semanas de gravidez, durante a anamnese citou que em sua fam\u00edlia h\u00e1 a presen\u00e7a de acatalasia<br class=\"ng-scope\" \/>Sabendo dessa informa\u00e7\u00e3o, o m\u00e9dico solicitou o aconselhamento gen\u00e9tico para descobrir a chance de a crian\u00e7a apresentar acatalasia, al\u00e9m disso, foi solicitado um exame cariot\u00edpico do feto, devido a uma pequena suspeita de s\u00edndrome cromoss\u00f4mica, gerada devido uma observa\u00e7\u00e3o durante o ultrassom morfol\u00f3gico.<br class=\"ng-scope\" \/>\u00a0<br class=\"ng-scope\" \/><strong class=\"ng-scope\">Exame 1: aconselhamento gen\u00e9tico<\/strong><br class=\"ng-scope\" \/>Para o aconselhamento gen\u00e9tico foram coletados os seguintes dados.<br class=\"ng-scope\" \/><strong class=\"ng-scope\">Gestante:\u00a0<\/strong>n\u00e3o apresenta acatalasia, no entanto, sua m\u00e3e apresenta acatalasia. \u00a0O pai da gestante, assim como toda fam\u00edlia paterna n\u00e3o apresentam acatalasia, sendo todos homozigotos dominantes para o car\u00e1ter.<br class=\"ng-scope\" \/><strong class=\"ng-scope\">Genitor (pai):\u00a0<\/strong>n\u00e3o apresente acatalasia, no entanto, em um exame realizado quando adolescente, foi identificado que \u00e9 heterozigoto para o car\u00e1ter.<br class=\"ng-scope\" \/>\u00a0<br class=\"ng-scope\" \/><strong class=\"ng-scope\">Exame 2: cariotipagem fetal<\/strong><br class=\"ng-scope\" \/>Ap\u00f3s cariotipagem do feto, foi identificado o seguinte cari\u00f3tipo.<br class=\"ng-scope\" \/><img data-recalc-dims=\"1\" decoding=\"async\" class=\"ng-scope\" src=\"https:\/\/i0.wp.com\/sistemasead.unicesumar.edu.br\/flex\/amfphp\/services\/Portal\/ImagemQuestionario2\/QUE_257091_653983_1.png?ssl=1\" alt=\"\" \/><br class=\"ng-scope\" \/>Fonte: www.shutterstock.com<br class=\"ng-scope\" \/><br class=\"ng-scope\" \/>\u200b<strong class=\"ng-scope\">AGORA RESPONDA<\/strong><br class=\"ng-scope\" \/><strong class=\"ng-scope\">1- Sobre o aconselhamento gen\u00e9tico:<\/strong><br class=\"ng-scope\" \/><strong class=\"ng-scope\">a)<\/strong>\u00a0Qual \u00e9 o gen\u00f3tipo da gestante e do genitor(pai) para a acatalasia?<br class=\"ng-scope\" \/><strong class=\"ng-scope\">b)<\/strong>\u00a0Sabendo do gen\u00f3tipo dos pais, qual \u00e9 a probabilidade da crian\u00e7a apresentar acatalasia? Realize os c\u00e1lculos de gen\u00e9tica mendeliana e apresente-os no quadro de Punnett.<br class=\"ng-scope\" \/><strong class=\"ng-scope\">c<\/strong>) Em uma pr\u00f3xima gravidez, qual \u00e9 a probabilidade de nascer uma crian\u00e7a sem acatalasia?<br class=\"ng-scope\" \/>\u00a0<br class=\"ng-scope\" \/><strong class=\"ng-scope\">2- Sobre a an\u00e1lise do cari\u00f3tipo:<\/strong><br class=\"ng-scope\" \/><strong class=\"ng-scope\">a)\u00a0<\/strong>Analisando o resultado do cari\u00f3tipo fetal, qual \u00e9 sua conclus\u00e3o? A crian\u00e7a apresenta alguma s\u00edndrome? Justifique sua resposta e apresente as caracter\u00edsticas da s\u00edndrome diagnosticada.<br class=\"ng-scope\" \/><strong class=\"ng-scope\">b)<\/strong>\u00a0Qual o sexo da crian\u00e7a apresentado no cari\u00f3tipo?<br class=\"ng-scope\" \/><strong class=\"ng-scope\">c)<\/strong>\u00a0A s\u00edndrome diagnosticada pode ser encontrada no sexo masculino e no sexo feminino? Justifique sua resposta.<\/p>\n","protected":false},"excerpt":{"rendered":"<p>MAPA &#8211; FUNDAMENTOS DA GEN\u00c9TICA HUMANA &#8211; 52_2025 Texto introdut\u00f3rioProblemas de sa\u00fade, s\u00edndromes e doen\u00e7as podem ser causadas por altera\u00e7\u00f5es<\/p>\n","protected":false},"featured_media":2326,"template":"","meta":{"_monsterinsights_skip_tracking":false,"_monsterinsights_sitenote_active":false,"_monsterinsights_sitenote_note":"","_monsterinsights_sitenote_category":0},"product_brand":[],"product_cat":[58,35],"product_tag":[],"class_list":{"0":"post-5959","1":"product","2":"type-product","3":"status-publish","4":"has-post-thumbnail","6":"product_cat-biomedicina","7":"product_cat-enfermagem","9":"first","10":"instock","11":"downloadable","12":"virtual","13":"purchasable","14":"product-type-simple"},"yoast_head":"<!-- This site is optimized with the Yoast SEO plugin v27.4 - https:\/\/yoast.com\/product\/yoast-seo-wordpress\/ -->\n<title>MAPA - FUNDAMENTOS DA GEN\u00c9TICA HUMANA - 52_2025<\/title>\n<meta name=\"description\" content=\"Atividade MAPA - FUNDAMENTOS DA GEN\u00c9TICA HUMANA - 52_2025 &#8902; Unicesumar. Baixe agora mesmo um Mapa Pronto resolvido!\" \/>\n<meta name=\"robots\" content=\"index, follow, max-snippet:-1, max-image-preview:large, max-video-preview:-1\" \/>\n<link rel=\"canonical\" href=\"https:\/\/atividademapa.com\/?product=mapa-fundamentos-da-genetica-humana-52_2025\" \/>\n<meta property=\"og:locale\" content=\"pt_BR\" \/>\n<meta property=\"og:type\" content=\"article\" \/>\n<meta property=\"og:title\" content=\"MAPA - FUNDAMENTOS DA GEN\u00c9TICA HUMANA - 52_2025\" \/>\n<meta property=\"og:description\" content=\"Atividade MAPA - FUNDAMENTOS DA GEN\u00c9TICA HUMANA - 52_2025 &#8902; Unicesumar. Baixe agora mesmo um Mapa Pronto resolvido!\" \/>\n<meta property=\"og:url\" content=\"https:\/\/atividademapa.com\/?product=mapa-fundamentos-da-genetica-humana-52_2025\" \/>\n<meta property=\"og:site_name\" content=\"Atividade Mapa\" \/>\n<meta property=\"article:modified_time\" content=\"2025-06-28T20:34:48+00:00\" \/>\n<meta property=\"og:image\" content=\"https:\/\/i0.wp.com\/atividademapa.com\/wp-content\/uploads\/2023\/03\/Atividade-M.A.P.A-3.png?fit=300%2C300&ssl=1\" \/>\n\t<meta property=\"og:image:width\" content=\"300\" \/>\n\t<meta property=\"og:image:height\" content=\"300\" \/>\n\t<meta property=\"og:image:type\" content=\"image\/png\" \/>\n<meta name=\"twitter:card\" content=\"summary_large_image\" \/>\n<meta name=\"twitter:label1\" content=\"Est. tempo de leitura\" \/>\n\t<meta name=\"twitter:data1\" content=\"3 minutos\" \/>\n<script type=\"application\/ld+json\" class=\"yoast-schema-graph\">{\"@context\":\"https:\\\/\\\/schema.org\",\"@graph\":[{\"@type\":\"WebPage\",\"@id\":\"https:\\\/\\\/atividademapa.com\\\/?product=mapa-fundamentos-da-genetica-humana-52_2025\",\"url\":\"https:\\\/\\\/atividademapa.com\\\/?product=mapa-fundamentos-da-genetica-humana-52_2025\",\"name\":\"MAPA - FUNDAMENTOS DA GEN\u00c9TICA HUMANA - 52_2025\",\"isPartOf\":{\"@id\":\"https:\\\/\\\/atividademapa.com\\\/#website\"},\"primaryImageOfPage\":{\"@id\":\"https:\\\/\\\/atividademapa.com\\\/?product=mapa-fundamentos-da-genetica-humana-52_2025#primaryimage\"},\"image\":{\"@id\":\"https:\\\/\\\/atividademapa.com\\\/?product=mapa-fundamentos-da-genetica-humana-52_2025#primaryimage\"},\"thumbnailUrl\":\"https:\\\/\\\/i0.wp.com\\\/atividademapa.com\\\/wp-content\\\/uploads\\\/2023\\\/03\\\/Atividade-M.A.P.A-3.png?fit=300%2C300&ssl=1\",\"datePublished\":\"2025-06-28T20:34:46+00:00\",\"dateModified\":\"2025-06-28T20:34:48+00:00\",\"description\":\"Atividade MAPA - FUNDAMENTOS DA GEN\u00c9TICA HUMANA - 52_2025 &#8902; Unicesumar. Baixe agora mesmo um Mapa Pronto resolvido!\",\"breadcrumb\":{\"@id\":\"https:\\\/\\\/atividademapa.com\\\/?product=mapa-fundamentos-da-genetica-humana-52_2025#breadcrumb\"},\"inLanguage\":\"pt-BR\",\"potentialAction\":[{\"@type\":\"ReadAction\",\"target\":[\"https:\\\/\\\/atividademapa.com\\\/?product=mapa-fundamentos-da-genetica-humana-52_2025\"]}]},{\"@type\":\"ImageObject\",\"inLanguage\":\"pt-BR\",\"@id\":\"https:\\\/\\\/atividademapa.com\\\/?product=mapa-fundamentos-da-genetica-humana-52_2025#primaryimage\",\"url\":\"https:\\\/\\\/i0.wp.com\\\/atividademapa.com\\\/wp-content\\\/uploads\\\/2023\\\/03\\\/Atividade-M.A.P.A-3.png?fit=300%2C300&ssl=1\",\"contentUrl\":\"https:\\\/\\\/i0.wp.com\\\/atividademapa.com\\\/wp-content\\\/uploads\\\/2023\\\/03\\\/Atividade-M.A.P.A-3.png?fit=300%2C300&ssl=1\",\"width\":300,\"height\":300,\"caption\":\"Mapa Unicesumar Atividade\"},{\"@type\":\"BreadcrumbList\",\"@id\":\"https:\\\/\\\/atividademapa.com\\\/?product=mapa-fundamentos-da-genetica-humana-52_2025#breadcrumb\",\"itemListElement\":[{\"@type\":\"ListItem\",\"position\":1,\"name\":\"In\u00edcio\",\"item\":\"https:\\\/\\\/atividademapa.com\\\/\"},{\"@type\":\"ListItem\",\"position\":2,\"name\":\"MAPAS\",\"item\":\"https:\\\/\\\/atividademapa.com\\\/?page_id=5\"},{\"@type\":\"ListItem\",\"position\":3,\"name\":\"MAPA &#8211; FUNDAMENTOS DA GEN\u00c9TICA HUMANA &#8211; 52_2025\"}]},{\"@type\":\"WebSite\",\"@id\":\"https:\\\/\\\/atividademapa.com\\\/#website\",\"url\":\"https:\\\/\\\/atividademapa.com\\\/\",\"name\":\"Atividade Mapa\",\"description\":\"StudeO | Unicesumar\",\"publisher\":{\"@id\":\"https:\\\/\\\/atividademapa.com\\\/#organization\"},\"potentialAction\":[{\"@type\":\"SearchAction\",\"target\":{\"@type\":\"EntryPoint\",\"urlTemplate\":\"https:\\\/\\\/atividademapa.com\\\/?s={search_term_string}\"},\"query-input\":{\"@type\":\"PropertyValueSpecification\",\"valueRequired\":true,\"valueName\":\"search_term_string\"}}],\"inLanguage\":\"pt-BR\"},{\"@type\":\"Organization\",\"@id\":\"https:\\\/\\\/atividademapa.com\\\/#organization\",\"name\":\"Atividade MAPA\",\"url\":\"https:\\\/\\\/atividademapa.com\\\/\",\"logo\":{\"@type\":\"ImageObject\",\"inLanguage\":\"pt-BR\",\"@id\":\"https:\\\/\\\/atividademapa.com\\\/#\\\/schema\\\/logo\\\/image\\\/\",\"url\":\"https:\\\/\\\/i0.wp.com\\\/atividademapa.com\\\/wp-content\\\/uploads\\\/2023\\\/02\\\/ATIVIDADE.png?fit=600%2C300&ssl=1\",\"contentUrl\":\"https:\\\/\\\/i0.wp.com\\\/atividademapa.com\\\/wp-content\\\/uploads\\\/2023\\\/02\\\/ATIVIDADE.png?fit=600%2C300&ssl=1\",\"width\":600,\"height\":300,\"caption\":\"Atividade MAPA\"},\"image\":{\"@id\":\"https:\\\/\\\/atividademapa.com\\\/#\\\/schema\\\/logo\\\/image\\\/\"}}]}<\/script>\n<!-- \/ Yoast SEO plugin. -->","yoast_head_json":{"title":"MAPA - FUNDAMENTOS DA GEN\u00c9TICA HUMANA - 52_2025","description":"Atividade MAPA - FUNDAMENTOS DA GEN\u00c9TICA HUMANA - 52_2025 &#8902; Unicesumar. Baixe agora mesmo um Mapa Pronto resolvido!","robots":{"index":"index","follow":"follow","max-snippet":"max-snippet:-1","max-image-preview":"max-image-preview:large","max-video-preview":"max-video-preview:-1"},"canonical":"https:\/\/atividademapa.com\/?product=mapa-fundamentos-da-genetica-humana-52_2025","og_locale":"pt_BR","og_type":"article","og_title":"MAPA - FUNDAMENTOS DA GEN\u00c9TICA HUMANA - 52_2025","og_description":"Atividade MAPA - FUNDAMENTOS DA GEN\u00c9TICA HUMANA - 52_2025 &#8902; Unicesumar. Baixe agora mesmo um Mapa Pronto resolvido!","og_url":"https:\/\/atividademapa.com\/?product=mapa-fundamentos-da-genetica-humana-52_2025","og_site_name":"Atividade Mapa","article_modified_time":"2025-06-28T20:34:48+00:00","og_image":[{"width":300,"height":300,"url":"https:\/\/i0.wp.com\/atividademapa.com\/wp-content\/uploads\/2023\/03\/Atividade-M.A.P.A-3.png?fit=300%2C300&ssl=1","type":"image\/png"}],"twitter_card":"summary_large_image","twitter_misc":{"Est. tempo de leitura":"3 minutos"},"schema":{"@context":"https:\/\/schema.org","@graph":[{"@type":"WebPage","@id":"https:\/\/atividademapa.com\/?product=mapa-fundamentos-da-genetica-humana-52_2025","url":"https:\/\/atividademapa.com\/?product=mapa-fundamentos-da-genetica-humana-52_2025","name":"MAPA - FUNDAMENTOS DA GEN\u00c9TICA HUMANA - 52_2025","isPartOf":{"@id":"https:\/\/atividademapa.com\/#website"},"primaryImageOfPage":{"@id":"https:\/\/atividademapa.com\/?product=mapa-fundamentos-da-genetica-humana-52_2025#primaryimage"},"image":{"@id":"https:\/\/atividademapa.com\/?product=mapa-fundamentos-da-genetica-humana-52_2025#primaryimage"},"thumbnailUrl":"https:\/\/i0.wp.com\/atividademapa.com\/wp-content\/uploads\/2023\/03\/Atividade-M.A.P.A-3.png?fit=300%2C300&ssl=1","datePublished":"2025-06-28T20:34:46+00:00","dateModified":"2025-06-28T20:34:48+00:00","description":"Atividade MAPA - FUNDAMENTOS DA GEN\u00c9TICA HUMANA - 52_2025 &#8902; Unicesumar. Baixe agora mesmo um Mapa Pronto resolvido!","breadcrumb":{"@id":"https:\/\/atividademapa.com\/?product=mapa-fundamentos-da-genetica-humana-52_2025#breadcrumb"},"inLanguage":"pt-BR","potentialAction":[{"@type":"ReadAction","target":["https:\/\/atividademapa.com\/?product=mapa-fundamentos-da-genetica-humana-52_2025"]}]},{"@type":"ImageObject","inLanguage":"pt-BR","@id":"https:\/\/atividademapa.com\/?product=mapa-fundamentos-da-genetica-humana-52_2025#primaryimage","url":"https:\/\/i0.wp.com\/atividademapa.com\/wp-content\/uploads\/2023\/03\/Atividade-M.A.P.A-3.png?fit=300%2C300&ssl=1","contentUrl":"https:\/\/i0.wp.com\/atividademapa.com\/wp-content\/uploads\/2023\/03\/Atividade-M.A.P.A-3.png?fit=300%2C300&ssl=1","width":300,"height":300,"caption":"Mapa Unicesumar Atividade"},{"@type":"BreadcrumbList","@id":"https:\/\/atividademapa.com\/?product=mapa-fundamentos-da-genetica-humana-52_2025#breadcrumb","itemListElement":[{"@type":"ListItem","position":1,"name":"In\u00edcio","item":"https:\/\/atividademapa.com\/"},{"@type":"ListItem","position":2,"name":"MAPAS","item":"https:\/\/atividademapa.com\/?page_id=5"},{"@type":"ListItem","position":3,"name":"MAPA &#8211; FUNDAMENTOS DA GEN\u00c9TICA HUMANA &#8211; 52_2025"}]},{"@type":"WebSite","@id":"https:\/\/atividademapa.com\/#website","url":"https:\/\/atividademapa.com\/","name":"Atividade Mapa","description":"StudeO | Unicesumar","publisher":{"@id":"https:\/\/atividademapa.com\/#organization"},"potentialAction":[{"@type":"SearchAction","target":{"@type":"EntryPoint","urlTemplate":"https:\/\/atividademapa.com\/?s={search_term_string}"},"query-input":{"@type":"PropertyValueSpecification","valueRequired":true,"valueName":"search_term_string"}}],"inLanguage":"pt-BR"},{"@type":"Organization","@id":"https:\/\/atividademapa.com\/#organization","name":"Atividade MAPA","url":"https:\/\/atividademapa.com\/","logo":{"@type":"ImageObject","inLanguage":"pt-BR","@id":"https:\/\/atividademapa.com\/#\/schema\/logo\/image\/","url":"https:\/\/i0.wp.com\/atividademapa.com\/wp-content\/uploads\/2023\/02\/ATIVIDADE.png?fit=600%2C300&ssl=1","contentUrl":"https:\/\/i0.wp.com\/atividademapa.com\/wp-content\/uploads\/2023\/02\/ATIVIDADE.png?fit=600%2C300&ssl=1","width":600,"height":300,"caption":"Atividade MAPA"},"image":{"@id":"https:\/\/atividademapa.com\/#\/schema\/logo\/image\/"}}]}},"_links":{"self":[{"href":"https:\/\/atividademapa.com\/index.php?rest_route=\/wp\/v2\/product\/5959","targetHints":{"allow":["GET"]}}],"collection":[{"href":"https:\/\/atividademapa.com\/index.php?rest_route=\/wp\/v2\/product"}],"about":[{"href":"https:\/\/atividademapa.com\/index.php?rest_route=\/wp\/v2\/types\/product"}],"version-history":[{"count":1,"href":"https:\/\/atividademapa.com\/index.php?rest_route=\/wp\/v2\/product\/5959\/revisions"}],"predecessor-version":[{"id":5961,"href":"https:\/\/atividademapa.com\/index.php?rest_route=\/wp\/v2\/product\/5959\/revisions\/5961"}],"wp:featuredmedia":[{"embeddable":true,"href":"https:\/\/atividademapa.com\/index.php?rest_route=\/wp\/v2\/media\/2326"}],"wp:attachment":[{"href":"https:\/\/atividademapa.com\/index.php?rest_route=%2Fwp%2Fv2%2Fmedia&parent=5959"}],"wp:term":[{"taxonomy":"product_brand","embeddable":true,"href":"https:\/\/atividademapa.com\/index.php?rest_route=%2Fwp%2Fv2%2Fproduct_brand&post=5959"},{"taxonomy":"product_cat","embeddable":true,"href":"https:\/\/atividademapa.com\/index.php?rest_route=%2Fwp%2Fv2%2Fproduct_cat&post=5959"},{"taxonomy":"product_tag","embeddable":true,"href":"https:\/\/atividademapa.com\/index.php?rest_route=%2Fwp%2Fv2%2Fproduct_tag&post=5959"}],"curies":[{"name":"wp","href":"https:\/\/api.w.org\/{rel}","templated":true}]}}