{"id":5965,"date":"2025-06-28T18:39:16","date_gmt":"2025-06-28T21:39:16","guid":{"rendered":"https:\/\/atividademapa.com\/?post_type=product&#038;p=5965"},"modified":"2025-06-28T18:39:28","modified_gmt":"2025-06-28T21:39:28","slug":"mapa-engenharia-genetica-52-2025","status":"publish","type":"product","link":"https:\/\/atividademapa.com\/?product=mapa-engenharia-genetica-52-2025","title":{"rendered":"MAPA &#8211; Engenharia Gen\u00e9tica &#8211; 52-2025"},"content":{"rendered":"<p>MAPA &#8211; Engenharia Gen\u00e9tica &#8211; 52-2025<\/p>\n<p><strong><u>CONTEXTUALIZA\u00c7\u00c3O<\/u><\/strong><\/p>\n<p>\u201c[&#8230;] Em 1971, foi encontrada e separada a enzima de restri\u00e7\u00e3o. O achado rendeu o pr\u00eamio Nobel de Medicina de 1978 aos norte-americanos Hamilton Smiths e Daniel Nathans, assim como ao su\u00ed\u00e7o Werner Arber [&#8230;]. A descoberta da enzima de restri\u00e7\u00e3o possibilitou aos geneticistas a quebra das fitas de DNA. Com isso, tornou-se poss\u00edvel n\u00e3o s\u00f3 mapear os genes, como tamb\u00e9m transferir material gen\u00e9tico em laborat\u00f3rio. Ou seja, a gen\u00e9tica moderna n\u00e3o existiria sem o avan\u00e7o de 40 anos atr\u00e1s.<br \/>\nArber conta que a descoberta come\u00e7ou, na verdade, h\u00e1 50 anos, no in\u00edcio da d\u00e9cada de 1960, quando sua equipe estudava uma bact\u00e9ria e percebeu que ela era resistente aos v\u00edrus. S\u00f3 um em cada 10 mil conseguia fazer muta\u00e7\u00f5es em seu material gen\u00e9tico. Os cientistas perceberam que a defesa da bact\u00e9ria era feita por enzimas que reconheciam o DNA do v\u00edrus como intruso e o quebravam em fragmentos. A partir da\u00ed, o objetivo passou a ser separar essa enzima, o que permitiria alterar sequ\u00eancias de DNA em laborat\u00f3rio. Essa foi a meta atingida em 1971.\u201d<\/p>\n<p><em>Fonte:\u00a0<strong>Descobridor de t\u00e9cnica que mudou a gen\u00e9tica estudava efeitos da radia\u00e7\u00e3o<\/strong>. Dispon\u00edvel em: &lt;https:\/\/g1.globo.com\/ciencia-e-saude\/noticia\/2011\/08\/descobridor-de-tecnica-que-mudou-genetica-estudava-efeitos-da-radiacao.html&gt;. Acesso em: 18 mar. 2025.<br \/>\n\u200c<\/em><br \/>\nA tecnologia permitiu que a ind\u00fastria de medicamentos avan\u00e7asse por meio de a\u00e7\u00f5es como o isolamento e sequenciamento do DNA, possibilitando decifrar muta\u00e7\u00f5es e criar novos medicamentos. Altera\u00e7\u00f5es no DNA, como adi\u00e7\u00f5es de nucleot\u00eddeos, podem causar falhas na produ\u00e7\u00e3o de prote\u00ednas, ressaltando a import\u00e2ncia do estudo detalhado do DNA.<br \/>\nAssim, por meio da manipula\u00e7\u00e3o gen\u00e9tica, a express\u00e3o de prote\u00ednas de interesse pode ser corrigida. Tamb\u00e9m, com a fun\u00e7\u00e3o da express\u00e3o apenas de determinadas prote\u00ednas, &#8220;f\u00e1bricas biol\u00f3gicas&#8221; podem ser criadas para sua produ\u00e7\u00e3o, baseadas no recorte de uma sequ\u00eancia espec\u00edfica.<br \/>\nDesta forma, a atividade proposta visa comparar sequ\u00eancias de DNA normais e mutantes, identificar os erros gen\u00e9ticos com aux\u00edlio de enzimas de restri\u00e7\u00e3o, e explorar ferramentas para aprimorar a biotecnologia na \u00e1rea da sa\u00fade.<\/p>\n<p>Fonte: o professor.<\/p>\n<p><strong><u>ETAPA 1: Levantamento e an\u00e1lise de dados gen\u00e9ticos<\/u><\/strong><\/p>\n<p>Siga o passo a passo descrito abaixo:<\/p>\n<p>1\u00ba passo: Aponte a diferen\u00e7a entre as duas sequ\u00eancias de DNA listadas a seguir e em qual posi\u00e7\u00e3o est\u00e1 localizada na sequ\u00eancia. Anote essas informa\u00e7\u00f5es no campo correspondente ao passo 1, no formul\u00e1rio de resposta.<\/p>\n<p><strong>C\u00f3digo 1: GGTAGAAGTACCTACTGTCAG<br \/>\nC\u00f3digo 2: GAATTCGGTAGAAGTACCTACTGTCAG<\/strong><\/p>\n<p>2\u00ba passo: Copie a sequ\u00eancia (linha) do c\u00f3digo 1 e v\u00e1 at\u00e9 o site\u00a0<em><u>https:\/\/nc3.neb.com\/NEBcutter\/prj\/<\/u><\/em>\u00a0. Cole o c\u00f3digo 1 no campo:\u00a0<strong>\u201c1. Input or choose sequence\u201d\u00a0<\/strong>e sem alterar nenhum outro campo, clique em \u201c<strong>Submit<\/strong>\u201d.<\/p>\n<p>3\u00aa passo: Recorte do site a imagem do c\u00f3digo com as enzimas de restri\u00e7\u00f5es apresentadas, como no exemplo abaixo e cole no campo correspondente ao c\u00f3digo, no formul\u00e1rio de resposta.<\/p>\n<p><img data-recalc-dims=\"1\" loading=\"lazy\" decoding=\"async\" class=\"alignnone  wp-image-5966\" src=\"https:\/\/i0.wp.com\/atividademapa.com\/wp-content\/uploads\/2025\/06\/DNA.png?resize=287%2C226&#038;ssl=1\" alt=\"\" width=\"287\" height=\"226\" srcset=\"https:\/\/i0.wp.com\/atividademapa.com\/wp-content\/uploads\/2025\/06\/DNA.png?w=207&amp;ssl=1 207w, https:\/\/i0.wp.com\/atividademapa.com\/wp-content\/uploads\/2025\/06\/DNA.png?resize=150%2C118&amp;ssl=1 150w\" sizes=\"auto, (max-width: 287px) 100vw, 287px\" \/><\/p>\n<p>4\u00ba passo: Note que para cada enzima de restri\u00e7\u00e3o, h\u00e1 uma regi\u00e3o de reconhecimento e a seta indica onde ocorrer\u00e1 o corte no material gen\u00e9tico. Analise as enzimas apresentadas.<\/p>\n<p>5\u00ba passo: Anote as enzimas sugeridas para cortar o fragmento de DNA na fita original e na fita alterada, bem como qual a melhor op\u00e7\u00e3o de enzima a ser usada na sequ\u00eancia 2. Anote, al\u00e9m das enzimas, os seus respectivos locais de corte.\u200b<\/p>\n<p>6\u00ba passo: Repita os passos 2, 3, 4 e 5 para o c\u00f3digo 2, clicando em \u201c<strong>Create<\/strong>\u00a0<strong>New Project<\/strong>\u201d.\u200b<\/p>\n<p><strong><u>ETAPA 2: Interpreta\u00e7\u00e3o e discuss\u00e3o de resultados<\/u><\/strong><\/p>\n<p>Agora, de acordo com os conte\u00fados trabalhados na disciplina e com as informa\u00e7\u00f5es coletadas na etapa 1,\u00a0<strong>RESPONDA<\/strong>\u00a0as quest\u00f5es abaixo:<\/p>\n<p>1)\u00a0<strong>DESCREVA<\/strong>\u00a0como ficar\u00e3o os dois fragmentos gerados na\u00a0sequ\u00eancia 2, antes e ap\u00f3s a clivagem da enzima de restri\u00e7\u00e3o mais adequada.<\/p>\n<p>2) Utilizando o fragmento de DNA ap\u00f3s a clivagem,\u00a0<strong>REALIZE<\/strong>\u00a0a transcri\u00e7\u00e3o da sequ\u00eancia, seguindo a regra de pareamento de bases complementares e\u00a0<strong>TRADUZA\u00a0<\/strong>a sua sequ\u00eancia de DNA com base nas informa\u00e7\u00f5es contidas na figura abaixo. Por fim,\u00a0<strong>DESCREVA<\/strong>\u00a0como ser\u00e1 a composi\u00e7\u00e3o de cadeia de amino\u00e1cidos expressada. Anote todos os resultados no campo correspondente, no formul\u00e1rio de resposta.<\/p>\n<p><img data-recalc-dims=\"1\" loading=\"lazy\" decoding=\"async\" class=\"alignnone  wp-image-5967\" src=\"https:\/\/i0.wp.com\/atividademapa.com\/wp-content\/uploads\/2025\/06\/Codon.jpg?resize=332%2C318&#038;ssl=1\" alt=\"\" width=\"332\" height=\"318\" srcset=\"https:\/\/i0.wp.com\/atividademapa.com\/wp-content\/uploads\/2025\/06\/Codon.jpg?resize=300%2C287&amp;ssl=1 300w, https:\/\/i0.wp.com\/atividademapa.com\/wp-content\/uploads\/2025\/06\/Codon.jpg?resize=150%2C144&amp;ssl=1 150w, https:\/\/i0.wp.com\/atividademapa.com\/wp-content\/uploads\/2025\/06\/Codon.jpg?w=600&amp;ssl=1 600w\" sizes=\"auto, (max-width: 332px) 100vw, 332px\" \/><\/p>\n<p>Para fazer esta etapa, siga o seguinte exemplo:<\/p>\n<p><strong>FRAGMENTO 1<\/strong><br \/>\nDNA Fita molde: GGTCAAGCTAATAAGGGCTAA<br \/>\nFita Codificante: CCAGTTCGATTATTCCCGATT (FITA COMPLEMENTAR INVERSA)<\/p>\n<p><strong>Transcri\u00e7\u00e3o:<\/strong><br \/>\nmRNA: CCAGUUCGAUUAUUCCCGAUU<br \/>\n<strong>Tradu\u00e7\u00e3o:<\/strong><br \/>\nCCA \u2192 Pro (Prolina)<br \/>\nGUU \u2192 Val (Valina)<br \/>\nCGA \u2192 Arg (Arginina)<br \/>\nUUA \u2192 Leu (Leucina)<br \/>\nUUC \u2192 Phe (Fenilalanina)<br \/>\nCCG \u2192 Pro (Prolina)<br \/>\nAUU \u2192 Ile (Isoleucina)<br \/>\n<strong>Prote\u00edna resultante:<\/strong>\u00a0Pro-Val-Arg-Leu-Phe-Pro-Ile<\/p>\n<p><strong>FRAGMENTO 2<\/strong><br \/>\nDNA Fita molde: GGTCAAGCTAATAAGGGCTAAAGC<br \/>\nFita Codificante: GCTTTAGCCCTTATTAGCTTGACC (FITA COMPLEMENTAR INVERSA)<\/p>\n<p><strong>Transcri\u00e7\u00e3o:<\/strong><br \/>\nmRNA: GCUUUAGCCCUUAUUAGCUUGAAC<br \/>\n<strong>Tradu\u00e7\u00e3o:<\/strong><br \/>\nGCU \u2192 Ala (Alanina)<br \/>\nUUA \u2192 Leu (Leucina)<br \/>\nGCC \u2192 Ala (Alanina)<br \/>\nCUU \u2192 Leu (Leucina)<br \/>\nAUU \u2192 Ile (Isoleucina)<br \/>\nAGC \u2192 Ser (Serina)<br \/>\nUUG \u2192 Leu (Leucina)<br \/>\nAAC \u2192 Asn (Asparagina)<\/p>\n<p><strong>Prote\u00edna resultante:<\/strong>\u00a0Ala-Leu-Ala-Leu-Ile-Ser-Leu-Asn<\/p>\n","protected":false},"excerpt":{"rendered":"<p>MAPA &#8211; Engenharia Gen\u00e9tica &#8211; 52-2025 CONTEXTUALIZA\u00c7\u00c3O \u201c[&#8230;] Em 1971, foi encontrada e separada a enzima de restri\u00e7\u00e3o. O achado<\/p>\n","protected":false},"featured_media":5967,"template":"","meta":{"_monsterinsights_skip_tracking":false,"_monsterinsights_sitenote_active":false,"_monsterinsights_sitenote_note":"","_monsterinsights_sitenote_category":0},"product_brand":[],"product_cat":[58],"product_tag":[],"class_list":{"0":"post-5965","1":"product","2":"type-product","3":"status-publish","4":"has-post-thumbnail","6":"product_cat-biomedicina","8":"first","9":"instock","10":"featured","11":"downloadable","12":"virtual","13":"purchasable","14":"product-type-simple"},"yoast_head":"<!-- This site is optimized with the Yoast SEO plugin v27.4 - https:\/\/yoast.com\/product\/yoast-seo-wordpress\/ -->\n<title>MAPA - Engenharia Gen\u00e9tica - 52-2025<\/title>\n<meta name=\"description\" content=\"Atividade MAPA - Engenharia Gen\u00e9tica - 52-2025 &#8902; Unicesumar. Baixe agora mesmo um Mapa Pronto resolvido!\" \/>\n<meta name=\"robots\" content=\"index, follow, max-snippet:-1, max-image-preview:large, max-video-preview:-1\" \/>\n<link rel=\"canonical\" href=\"https:\/\/atividademapa.com\/?product=mapa-engenharia-genetica-52-2025\" \/>\n<meta property=\"og:locale\" content=\"pt_BR\" \/>\n<meta property=\"og:type\" content=\"article\" \/>\n<meta property=\"og:title\" content=\"MAPA - Engenharia Gen\u00e9tica - 52-2025\" \/>\n<meta property=\"og:description\" content=\"Atividade MAPA - Engenharia Gen\u00e9tica - 52-2025 &#8902; Unicesumar. Baixe agora mesmo um Mapa Pronto resolvido!\" \/>\n<meta property=\"og:url\" content=\"https:\/\/atividademapa.com\/?product=mapa-engenharia-genetica-52-2025\" \/>\n<meta property=\"og:site_name\" content=\"Atividade Mapa\" \/>\n<meta property=\"article:modified_time\" content=\"2025-06-28T21:39:28+00:00\" \/>\n<meta property=\"og:image\" content=\"https:\/\/i0.wp.com\/atividademapa.com\/wp-content\/uploads\/2025\/06\/Codon.jpg?fit=600%2C574&ssl=1\" \/>\n\t<meta property=\"og:image:width\" content=\"600\" \/>\n\t<meta property=\"og:image:height\" content=\"574\" \/>\n\t<meta property=\"og:image:type\" content=\"image\/jpeg\" \/>\n<meta name=\"twitter:card\" content=\"summary_large_image\" \/>\n<meta name=\"twitter:label1\" content=\"Est. tempo de leitura\" \/>\n\t<meta name=\"twitter:data1\" content=\"4 minutos\" \/>\n<script type=\"application\/ld+json\" class=\"yoast-schema-graph\">{\"@context\":\"https:\\\/\\\/schema.org\",\"@graph\":[{\"@type\":\"WebPage\",\"@id\":\"https:\\\/\\\/atividademapa.com\\\/?product=mapa-engenharia-genetica-52-2025\",\"url\":\"https:\\\/\\\/atividademapa.com\\\/?product=mapa-engenharia-genetica-52-2025\",\"name\":\"MAPA - Engenharia Gen\u00e9tica - 52-2025\",\"isPartOf\":{\"@id\":\"https:\\\/\\\/atividademapa.com\\\/#website\"},\"primaryImageOfPage\":{\"@id\":\"https:\\\/\\\/atividademapa.com\\\/?product=mapa-engenharia-genetica-52-2025#primaryimage\"},\"image\":{\"@id\":\"https:\\\/\\\/atividademapa.com\\\/?product=mapa-engenharia-genetica-52-2025#primaryimage\"},\"thumbnailUrl\":\"https:\\\/\\\/i0.wp.com\\\/atividademapa.com\\\/wp-content\\\/uploads\\\/2025\\\/06\\\/Codon.jpg?fit=600%2C574&ssl=1\",\"datePublished\":\"2025-06-28T21:39:16+00:00\",\"dateModified\":\"2025-06-28T21:39:28+00:00\",\"description\":\"Atividade MAPA - Engenharia Gen\u00e9tica - 52-2025 &#8902; Unicesumar. Baixe agora mesmo um Mapa Pronto resolvido!\",\"breadcrumb\":{\"@id\":\"https:\\\/\\\/atividademapa.com\\\/?product=mapa-engenharia-genetica-52-2025#breadcrumb\"},\"inLanguage\":\"pt-BR\",\"potentialAction\":[{\"@type\":\"ReadAction\",\"target\":[\"https:\\\/\\\/atividademapa.com\\\/?product=mapa-engenharia-genetica-52-2025\"]}]},{\"@type\":\"ImageObject\",\"inLanguage\":\"pt-BR\",\"@id\":\"https:\\\/\\\/atividademapa.com\\\/?product=mapa-engenharia-genetica-52-2025#primaryimage\",\"url\":\"https:\\\/\\\/i0.wp.com\\\/atividademapa.com\\\/wp-content\\\/uploads\\\/2025\\\/06\\\/Codon.jpg?fit=600%2C574&ssl=1\",\"contentUrl\":\"https:\\\/\\\/i0.wp.com\\\/atividademapa.com\\\/wp-content\\\/uploads\\\/2025\\\/06\\\/Codon.jpg?fit=600%2C574&ssl=1\",\"width\":600,\"height\":574,\"caption\":\"Mapa Engenharia Gen\u00e9tica\"},{\"@type\":\"BreadcrumbList\",\"@id\":\"https:\\\/\\\/atividademapa.com\\\/?product=mapa-engenharia-genetica-52-2025#breadcrumb\",\"itemListElement\":[{\"@type\":\"ListItem\",\"position\":1,\"name\":\"In\u00edcio\",\"item\":\"https:\\\/\\\/atividademapa.com\\\/\"},{\"@type\":\"ListItem\",\"position\":2,\"name\":\"MAPAS\",\"item\":\"https:\\\/\\\/atividademapa.com\\\/?page_id=5\"},{\"@type\":\"ListItem\",\"position\":3,\"name\":\"MAPA &#8211; Engenharia Gen\u00e9tica &#8211; 52-2025\"}]},{\"@type\":\"WebSite\",\"@id\":\"https:\\\/\\\/atividademapa.com\\\/#website\",\"url\":\"https:\\\/\\\/atividademapa.com\\\/\",\"name\":\"Atividade Mapa\",\"description\":\"StudeO | Unicesumar\",\"publisher\":{\"@id\":\"https:\\\/\\\/atividademapa.com\\\/#organization\"},\"potentialAction\":[{\"@type\":\"SearchAction\",\"target\":{\"@type\":\"EntryPoint\",\"urlTemplate\":\"https:\\\/\\\/atividademapa.com\\\/?s={search_term_string}\"},\"query-input\":{\"@type\":\"PropertyValueSpecification\",\"valueRequired\":true,\"valueName\":\"search_term_string\"}}],\"inLanguage\":\"pt-BR\"},{\"@type\":\"Organization\",\"@id\":\"https:\\\/\\\/atividademapa.com\\\/#organization\",\"name\":\"Atividade MAPA\",\"url\":\"https:\\\/\\\/atividademapa.com\\\/\",\"logo\":{\"@type\":\"ImageObject\",\"inLanguage\":\"pt-BR\",\"@id\":\"https:\\\/\\\/atividademapa.com\\\/#\\\/schema\\\/logo\\\/image\\\/\",\"url\":\"https:\\\/\\\/i0.wp.com\\\/atividademapa.com\\\/wp-content\\\/uploads\\\/2023\\\/02\\\/ATIVIDADE.png?fit=600%2C300&ssl=1\",\"contentUrl\":\"https:\\\/\\\/i0.wp.com\\\/atividademapa.com\\\/wp-content\\\/uploads\\\/2023\\\/02\\\/ATIVIDADE.png?fit=600%2C300&ssl=1\",\"width\":600,\"height\":300,\"caption\":\"Atividade MAPA\"},\"image\":{\"@id\":\"https:\\\/\\\/atividademapa.com\\\/#\\\/schema\\\/logo\\\/image\\\/\"}}]}<\/script>\n<!-- \/ Yoast SEO plugin. -->","yoast_head_json":{"title":"MAPA - Engenharia Gen\u00e9tica - 52-2025","description":"Atividade MAPA - Engenharia Gen\u00e9tica - 52-2025 &#8902; Unicesumar. Baixe agora mesmo um Mapa Pronto resolvido!","robots":{"index":"index","follow":"follow","max-snippet":"max-snippet:-1","max-image-preview":"max-image-preview:large","max-video-preview":"max-video-preview:-1"},"canonical":"https:\/\/atividademapa.com\/?product=mapa-engenharia-genetica-52-2025","og_locale":"pt_BR","og_type":"article","og_title":"MAPA - Engenharia Gen\u00e9tica - 52-2025","og_description":"Atividade MAPA - Engenharia Gen\u00e9tica - 52-2025 &#8902; Unicesumar. Baixe agora mesmo um Mapa Pronto resolvido!","og_url":"https:\/\/atividademapa.com\/?product=mapa-engenharia-genetica-52-2025","og_site_name":"Atividade Mapa","article_modified_time":"2025-06-28T21:39:28+00:00","og_image":[{"width":600,"height":574,"url":"https:\/\/i0.wp.com\/atividademapa.com\/wp-content\/uploads\/2025\/06\/Codon.jpg?fit=600%2C574&ssl=1","type":"image\/jpeg"}],"twitter_card":"summary_large_image","twitter_misc":{"Est. tempo de leitura":"4 minutos"},"schema":{"@context":"https:\/\/schema.org","@graph":[{"@type":"WebPage","@id":"https:\/\/atividademapa.com\/?product=mapa-engenharia-genetica-52-2025","url":"https:\/\/atividademapa.com\/?product=mapa-engenharia-genetica-52-2025","name":"MAPA - Engenharia Gen\u00e9tica - 52-2025","isPartOf":{"@id":"https:\/\/atividademapa.com\/#website"},"primaryImageOfPage":{"@id":"https:\/\/atividademapa.com\/?product=mapa-engenharia-genetica-52-2025#primaryimage"},"image":{"@id":"https:\/\/atividademapa.com\/?product=mapa-engenharia-genetica-52-2025#primaryimage"},"thumbnailUrl":"https:\/\/i0.wp.com\/atividademapa.com\/wp-content\/uploads\/2025\/06\/Codon.jpg?fit=600%2C574&ssl=1","datePublished":"2025-06-28T21:39:16+00:00","dateModified":"2025-06-28T21:39:28+00:00","description":"Atividade MAPA - Engenharia Gen\u00e9tica - 52-2025 &#8902; Unicesumar. Baixe agora mesmo um Mapa Pronto resolvido!","breadcrumb":{"@id":"https:\/\/atividademapa.com\/?product=mapa-engenharia-genetica-52-2025#breadcrumb"},"inLanguage":"pt-BR","potentialAction":[{"@type":"ReadAction","target":["https:\/\/atividademapa.com\/?product=mapa-engenharia-genetica-52-2025"]}]},{"@type":"ImageObject","inLanguage":"pt-BR","@id":"https:\/\/atividademapa.com\/?product=mapa-engenharia-genetica-52-2025#primaryimage","url":"https:\/\/i0.wp.com\/atividademapa.com\/wp-content\/uploads\/2025\/06\/Codon.jpg?fit=600%2C574&ssl=1","contentUrl":"https:\/\/i0.wp.com\/atividademapa.com\/wp-content\/uploads\/2025\/06\/Codon.jpg?fit=600%2C574&ssl=1","width":600,"height":574,"caption":"Mapa Engenharia Gen\u00e9tica"},{"@type":"BreadcrumbList","@id":"https:\/\/atividademapa.com\/?product=mapa-engenharia-genetica-52-2025#breadcrumb","itemListElement":[{"@type":"ListItem","position":1,"name":"In\u00edcio","item":"https:\/\/atividademapa.com\/"},{"@type":"ListItem","position":2,"name":"MAPAS","item":"https:\/\/atividademapa.com\/?page_id=5"},{"@type":"ListItem","position":3,"name":"MAPA &#8211; Engenharia Gen\u00e9tica &#8211; 52-2025"}]},{"@type":"WebSite","@id":"https:\/\/atividademapa.com\/#website","url":"https:\/\/atividademapa.com\/","name":"Atividade Mapa","description":"StudeO | Unicesumar","publisher":{"@id":"https:\/\/atividademapa.com\/#organization"},"potentialAction":[{"@type":"SearchAction","target":{"@type":"EntryPoint","urlTemplate":"https:\/\/atividademapa.com\/?s={search_term_string}"},"query-input":{"@type":"PropertyValueSpecification","valueRequired":true,"valueName":"search_term_string"}}],"inLanguage":"pt-BR"},{"@type":"Organization","@id":"https:\/\/atividademapa.com\/#organization","name":"Atividade MAPA","url":"https:\/\/atividademapa.com\/","logo":{"@type":"ImageObject","inLanguage":"pt-BR","@id":"https:\/\/atividademapa.com\/#\/schema\/logo\/image\/","url":"https:\/\/i0.wp.com\/atividademapa.com\/wp-content\/uploads\/2023\/02\/ATIVIDADE.png?fit=600%2C300&ssl=1","contentUrl":"https:\/\/i0.wp.com\/atividademapa.com\/wp-content\/uploads\/2023\/02\/ATIVIDADE.png?fit=600%2C300&ssl=1","width":600,"height":300,"caption":"Atividade MAPA"},"image":{"@id":"https:\/\/atividademapa.com\/#\/schema\/logo\/image\/"}}]}},"_links":{"self":[{"href":"https:\/\/atividademapa.com\/index.php?rest_route=\/wp\/v2\/product\/5965","targetHints":{"allow":["GET"]}}],"collection":[{"href":"https:\/\/atividademapa.com\/index.php?rest_route=\/wp\/v2\/product"}],"about":[{"href":"https:\/\/atividademapa.com\/index.php?rest_route=\/wp\/v2\/types\/product"}],"version-history":[{"count":1,"href":"https:\/\/atividademapa.com\/index.php?rest_route=\/wp\/v2\/product\/5965\/revisions"}],"predecessor-version":[{"id":5969,"href":"https:\/\/atividademapa.com\/index.php?rest_route=\/wp\/v2\/product\/5965\/revisions\/5969"}],"wp:featuredmedia":[{"embeddable":true,"href":"https:\/\/atividademapa.com\/index.php?rest_route=\/wp\/v2\/media\/5967"}],"wp:attachment":[{"href":"https:\/\/atividademapa.com\/index.php?rest_route=%2Fwp%2Fv2%2Fmedia&parent=5965"}],"wp:term":[{"taxonomy":"product_brand","embeddable":true,"href":"https:\/\/atividademapa.com\/index.php?rest_route=%2Fwp%2Fv2%2Fproduct_brand&post=5965"},{"taxonomy":"product_cat","embeddable":true,"href":"https:\/\/atividademapa.com\/index.php?rest_route=%2Fwp%2Fv2%2Fproduct_cat&post=5965"},{"taxonomy":"product_tag","embeddable":true,"href":"https:\/\/atividademapa.com\/index.php?rest_route=%2Fwp%2Fv2%2Fproduct_tag&post=5965"}],"curies":[{"name":"wp","href":"https:\/\/api.w.org\/{rel}","templated":true}]}}