{"id":5973,"date":"2025-06-29T15:25:47","date_gmt":"2025-06-29T18:25:47","guid":{"rendered":"https:\/\/atividademapa.com\/?post_type=product&#038;p=5973"},"modified":"2025-06-29T15:26:58","modified_gmt":"2025-06-29T18:26:58","slug":"mapa-fisica-geral-e-experimental-ii-52_2025","status":"publish","type":"product","link":"https:\/\/atividademapa.com\/?product=mapa-fisica-geral-e-experimental-ii-52_2025","title":{"rendered":"MAPA &#8211; F\u00edsica Geral e Experimental II &#8211; 52_2025"},"content":{"rendered":"<p>MAPA &#8211; F\u00edsica Geral e Experimental II &#8211; 52_2025<\/p>\n<p>Os receptores s\u00e3o consumidores de energia el\u00e9trica e, de acordo com sua finalidade, podem ser agrupados em duas categorias: os resistivos e os ativos. Receptores resistivos transformam energia el\u00e9trica exclusivamente em t\u00e9rmica, como chuveiros e l\u00e2mpadas incandescentes. J\u00e1 os receptores ativos convertem energia el\u00e9trica em outras formas, como som e movimento, sem se limitar ao calor. Exemplos incluem TVs, telefones e motores el\u00e9tricos. Os resistivos s\u00e3o chamados de resistores, enquanto os ativos s\u00e3o simplesmente receptores.<br class=\"ng-scope\" \/><br class=\"ng-scope\" \/>Fonte: GUIMAR\u00c3ES, J. O. de G.\u00a0<strong class=\"ng-scope\">F\u00edsica Geral e Experimental II<\/strong>. Maring\u00e1: UniCesumar,\u00a0 2019.<br class=\"ng-scope\" \/><br class=\"ng-scope\" \/>Imagine que voc\u00ea, como futuro profissional, est\u00e1 atuando na manuten\u00e7\u00e3o el\u00e9trica em uma ind\u00fastria. Um setor da f\u00e1brica est\u00e1 enfrentando problemas com a ilumina\u00e7\u00e3o de emerg\u00eancia: algumas l\u00e2mpadas est\u00e3o falhando, e seu supervisor pediu para voc\u00ea diagnosticar o problema.<br class=\"ng-scope\" \/>Ao analisar o sistema, voc\u00ea percebe que algumas l\u00e2mpadas est\u00e3o ligadas em s\u00e9rie e outras em paralelo. Seu desafio \u00e9 entender como essa configura\u00e7\u00e3o influencia a corrente el\u00e9trica e a resist\u00eancia total do circuito para propor a melhor solu\u00e7\u00e3o.<br class=\"ng-scope\" \/>Para isso, voc\u00ea precisar\u00e1 medir a corrente e a tens\u00e3o em diferentes pontos, comparar os resultados e determinar como a disposi\u00e7\u00e3o dos resistores (ou l\u00e2mpadas) afeta o funcionamento do sistema. Ser\u00e1 que mudar a configura\u00e7\u00e3o ajudar\u00e1 a evitar futuras falhas?<br class=\"ng-scope\" \/>Agora, no experimento que iremos realizar, voc\u00ea ter\u00e1 a chance de simular esse problema real, conectando resistores em s\u00e9rie e em paralelo, medindo grandezas el\u00e9tricas e tirando conclus\u00f5es que podem ser aplicadas diretamente na sua futura profiss\u00e3o. Vamos ao desafio?<br class=\"ng-scope\" \/>\u00a0<br class=\"ng-scope\" \/>No Atlas das Engenharias voc\u00ea tem dispon\u00edvel um roteiro do experimento de \u201cAssocia\u00e7\u00e3o de Resistores em S\u00e9rie e em Paralelo\u201d. Leia com aten\u00e7\u00e3o todas as etapas e veja com cuidado os v\u00eddeos explicativos do experimento. Em seguida, fa\u00e7a o experimento preenchendo as tabelas a seguir. Responda tamb\u00e9m as quest\u00f5es sobre os experimentos.<br class=\"ng-scope\" \/><strong class=\"ng-scope\">1)\u00a0<\/strong>Com o experimento e montagem de Resistores em S\u00e9rie:<br class=\"ng-scope\" \/><strong class=\"ng-scope\">a)\u00a0<\/strong>Preencha a tabela a seguir:<br class=\"ng-scope\" \/><img data-recalc-dims=\"1\" decoding=\"async\" class=\"ng-scope\" src=\"https:\/\/i0.wp.com\/sistemasead.unicesumar.edu.br\/flex\/amfphp\/services\/Portal\/ImagemQuestionario2\/QUE_255752_653509_1.png?ssl=1\" alt=\"\" \/><br class=\"ng-scope\" \/><strong class=\"ng-scope\">b)\u00a0<\/strong>Com dados de corrente e resist\u00eancia equivalente, ambos medidos no mult\u00edmetro, calcule a tens\u00e3o total. Se necess\u00e1rio, utilize neste c\u00e1lculo a corrente m\u00e9dia. Este valor \u00e9 pr\u00f3ximo da tens\u00e3o de alimenta\u00e7\u00e3o da fonte?<br class=\"ng-scope\" \/>\u00a0<br class=\"ng-scope\" \/><strong class=\"ng-scope\">2)\u00a0<\/strong>Com o experimento e montagem de Resistores em Paralelo:<br class=\"ng-scope\" \/><strong class=\"ng-scope\">a)\u00a0<\/strong>Preencha a tabela a seguir:<br class=\"ng-scope\" \/><img data-recalc-dims=\"1\" decoding=\"async\" class=\"ng-scope\" src=\"https:\/\/i0.wp.com\/sistemasead.unicesumar.edu.br\/flex\/amfphp\/services\/Portal\/ImagemQuestionario2\/QUE_255752_653509_2.png\" alt=\"\" \/><br class=\"ng-scope\" \/><strong class=\"ng-scope\">b)<\/strong>\u00a0Encontre os valores te\u00f3ricos de correntes que circulam por cada um dos resistores deste circuito em paralelo.<br class=\"ng-scope\" \/>\u00a0<br class=\"ng-scope\" \/><strong class=\"ng-scope\">3)\u00a0<\/strong>Agora que os experimentos foram realizados, responda \u00e0s quest\u00f5es a seguir:<br class=\"ng-scope\" \/><strong class=\"ng-scope\">a)\u00a0<\/strong>Qual configura\u00e7\u00e3o voc\u00ea escolheria para garantir que, se um componente falhar, os outros continuem funcionando? Justifique.<br class=\"ng-scope\" \/><strong class=\"ng-scope\">b)\u00a0<\/strong>Se o objetivo for minimizar perdas de energia e evitar aquecimento excessivo, qual configura\u00e7\u00e3o voc\u00ea indicaria? Justifique.<\/p>\n<p>&nbsp;<\/p>\n<p>&nbsp;<\/p>\n","protected":false},"excerpt":{"rendered":"<p>MAPA &#8211; F\u00cdSICA GERAL E EXPERIMENTAL II &#8211; 52_2025 &#8211; Engenharia El\u00e9trica &#8211; Associa\u00e7\u00e3o de resistores em s\u00e9rie e paralelo<\/p>\n","protected":false},"featured_media":2326,"template":"","meta":{"_monsterinsights_skip_tracking":false,"_monsterinsights_sitenote_active":false,"_monsterinsights_sitenote_note":"","_monsterinsights_sitenote_category":0},"product_brand":[],"product_cat":[161,45],"product_tag":[],"class_list":{"0":"post-5973","1":"product","2":"type-product","3":"status-publish","4":"has-post-thumbnail","6":"product_cat-engenharia-eletrica","7":"product_cat-engenharias","9":"first","10":"instock","11":"downloadable","12":"virtual","13":"purchasable","14":"product-type-simple"},"yoast_head":"<!-- This site is optimized with the Yoast SEO plugin v27.4 - https:\/\/yoast.com\/product\/yoast-seo-wordpress\/ -->\n<title>MAPA - F\u00edsica Geral e Experimental II - 52_2025<\/title>\n<meta name=\"description\" content=\"Atividade MAPA - F\u00edsica Geral e Experimental II - 52_2025 &#8902; Unicesumar. Engenharia El\u00e9trica. Baixe agora mesmo um Mapa Pronto resolvido!\" \/>\n<meta name=\"robots\" content=\"index, follow, max-snippet:-1, max-image-preview:large, max-video-preview:-1\" \/>\n<link rel=\"canonical\" href=\"https:\/\/atividademapa.com\/?product=mapa-fisica-geral-e-experimental-ii-52_2025\" \/>\n<meta property=\"og:locale\" content=\"pt_BR\" \/>\n<meta property=\"og:type\" content=\"article\" \/>\n<meta property=\"og:title\" content=\"MAPA - F\u00edsica Geral e Experimental II - 52_2025\" \/>\n<meta property=\"og:description\" content=\"Atividade MAPA - F\u00edsica Geral e Experimental II - 52_2025 &#8902; Unicesumar. Engenharia El\u00e9trica. Baixe agora mesmo um Mapa Pronto resolvido!\" \/>\n<meta property=\"og:url\" content=\"https:\/\/atividademapa.com\/?product=mapa-fisica-geral-e-experimental-ii-52_2025\" \/>\n<meta property=\"og:site_name\" content=\"Atividade Mapa\" \/>\n<meta property=\"article:modified_time\" content=\"2025-06-29T18:26:58+00:00\" \/>\n<meta property=\"og:image\" content=\"https:\/\/i0.wp.com\/atividademapa.com\/wp-content\/uploads\/2023\/03\/Atividade-M.A.P.A-3.png?fit=300%2C300&ssl=1\" \/>\n\t<meta property=\"og:image:width\" content=\"300\" \/>\n\t<meta property=\"og:image:height\" content=\"300\" \/>\n\t<meta property=\"og:image:type\" content=\"image\/png\" \/>\n<meta name=\"twitter:card\" content=\"summary_large_image\" \/>\n<meta name=\"twitter:label1\" content=\"Est. tempo de leitura\" \/>\n\t<meta name=\"twitter:data1\" content=\"2 minutos\" \/>\n<script type=\"application\/ld+json\" class=\"yoast-schema-graph\">{\"@context\":\"https:\\\/\\\/schema.org\",\"@graph\":[{\"@type\":\"WebPage\",\"@id\":\"https:\\\/\\\/atividademapa.com\\\/?product=mapa-fisica-geral-e-experimental-ii-52_2025\",\"url\":\"https:\\\/\\\/atividademapa.com\\\/?product=mapa-fisica-geral-e-experimental-ii-52_2025\",\"name\":\"MAPA - F\u00edsica Geral e Experimental II - 52_2025\",\"isPartOf\":{\"@id\":\"https:\\\/\\\/atividademapa.com\\\/#website\"},\"primaryImageOfPage\":{\"@id\":\"https:\\\/\\\/atividademapa.com\\\/?product=mapa-fisica-geral-e-experimental-ii-52_2025#primaryimage\"},\"image\":{\"@id\":\"https:\\\/\\\/atividademapa.com\\\/?product=mapa-fisica-geral-e-experimental-ii-52_2025#primaryimage\"},\"thumbnailUrl\":\"https:\\\/\\\/i0.wp.com\\\/atividademapa.com\\\/wp-content\\\/uploads\\\/2023\\\/03\\\/Atividade-M.A.P.A-3.png?fit=300%2C300&ssl=1\",\"datePublished\":\"2025-06-29T18:25:47+00:00\",\"dateModified\":\"2025-06-29T18:26:58+00:00\",\"description\":\"Atividade MAPA - F\u00edsica Geral e Experimental II - 52_2025 &#8902; Unicesumar. Engenharia El\u00e9trica. Baixe agora mesmo um Mapa Pronto resolvido!\",\"breadcrumb\":{\"@id\":\"https:\\\/\\\/atividademapa.com\\\/?product=mapa-fisica-geral-e-experimental-ii-52_2025#breadcrumb\"},\"inLanguage\":\"pt-BR\",\"potentialAction\":[{\"@type\":\"ReadAction\",\"target\":[\"https:\\\/\\\/atividademapa.com\\\/?product=mapa-fisica-geral-e-experimental-ii-52_2025\"]}]},{\"@type\":\"ImageObject\",\"inLanguage\":\"pt-BR\",\"@id\":\"https:\\\/\\\/atividademapa.com\\\/?product=mapa-fisica-geral-e-experimental-ii-52_2025#primaryimage\",\"url\":\"https:\\\/\\\/i0.wp.com\\\/atividademapa.com\\\/wp-content\\\/uploads\\\/2023\\\/03\\\/Atividade-M.A.P.A-3.png?fit=300%2C300&ssl=1\",\"contentUrl\":\"https:\\\/\\\/i0.wp.com\\\/atividademapa.com\\\/wp-content\\\/uploads\\\/2023\\\/03\\\/Atividade-M.A.P.A-3.png?fit=300%2C300&ssl=1\",\"width\":300,\"height\":300,\"caption\":\"Mapa Unicesumar Atividade\"},{\"@type\":\"BreadcrumbList\",\"@id\":\"https:\\\/\\\/atividademapa.com\\\/?product=mapa-fisica-geral-e-experimental-ii-52_2025#breadcrumb\",\"itemListElement\":[{\"@type\":\"ListItem\",\"position\":1,\"name\":\"In\u00edcio\",\"item\":\"https:\\\/\\\/atividademapa.com\\\/\"},{\"@type\":\"ListItem\",\"position\":2,\"name\":\"MAPAS\",\"item\":\"https:\\\/\\\/atividademapa.com\\\/?page_id=5\"},{\"@type\":\"ListItem\",\"position\":3,\"name\":\"MAPA &#8211; F\u00edsica Geral e Experimental II &#8211; 52_2025\"}]},{\"@type\":\"WebSite\",\"@id\":\"https:\\\/\\\/atividademapa.com\\\/#website\",\"url\":\"https:\\\/\\\/atividademapa.com\\\/\",\"name\":\"Atividade Mapa\",\"description\":\"StudeO | Unicesumar\",\"publisher\":{\"@id\":\"https:\\\/\\\/atividademapa.com\\\/#organization\"},\"potentialAction\":[{\"@type\":\"SearchAction\",\"target\":{\"@type\":\"EntryPoint\",\"urlTemplate\":\"https:\\\/\\\/atividademapa.com\\\/?s={search_term_string}\"},\"query-input\":{\"@type\":\"PropertyValueSpecification\",\"valueRequired\":true,\"valueName\":\"search_term_string\"}}],\"inLanguage\":\"pt-BR\"},{\"@type\":\"Organization\",\"@id\":\"https:\\\/\\\/atividademapa.com\\\/#organization\",\"name\":\"Atividade MAPA\",\"url\":\"https:\\\/\\\/atividademapa.com\\\/\",\"logo\":{\"@type\":\"ImageObject\",\"inLanguage\":\"pt-BR\",\"@id\":\"https:\\\/\\\/atividademapa.com\\\/#\\\/schema\\\/logo\\\/image\\\/\",\"url\":\"https:\\\/\\\/i0.wp.com\\\/atividademapa.com\\\/wp-content\\\/uploads\\\/2023\\\/02\\\/ATIVIDADE.png?fit=600%2C300&ssl=1\",\"contentUrl\":\"https:\\\/\\\/i0.wp.com\\\/atividademapa.com\\\/wp-content\\\/uploads\\\/2023\\\/02\\\/ATIVIDADE.png?fit=600%2C300&ssl=1\",\"width\":600,\"height\":300,\"caption\":\"Atividade MAPA\"},\"image\":{\"@id\":\"https:\\\/\\\/atividademapa.com\\\/#\\\/schema\\\/logo\\\/image\\\/\"}}]}<\/script>\n<!-- \/ Yoast SEO plugin. -->","yoast_head_json":{"title":"MAPA - F\u00edsica Geral e Experimental II - 52_2025","description":"Atividade MAPA - F\u00edsica Geral e Experimental II - 52_2025 &#8902; Unicesumar. Engenharia El\u00e9trica. Baixe agora mesmo um Mapa Pronto resolvido!","robots":{"index":"index","follow":"follow","max-snippet":"max-snippet:-1","max-image-preview":"max-image-preview:large","max-video-preview":"max-video-preview:-1"},"canonical":"https:\/\/atividademapa.com\/?product=mapa-fisica-geral-e-experimental-ii-52_2025","og_locale":"pt_BR","og_type":"article","og_title":"MAPA - F\u00edsica Geral e Experimental II - 52_2025","og_description":"Atividade MAPA - F\u00edsica Geral e Experimental II - 52_2025 &#8902; Unicesumar. Engenharia El\u00e9trica. Baixe agora mesmo um Mapa Pronto resolvido!","og_url":"https:\/\/atividademapa.com\/?product=mapa-fisica-geral-e-experimental-ii-52_2025","og_site_name":"Atividade Mapa","article_modified_time":"2025-06-29T18:26:58+00:00","og_image":[{"width":300,"height":300,"url":"https:\/\/i0.wp.com\/atividademapa.com\/wp-content\/uploads\/2023\/03\/Atividade-M.A.P.A-3.png?fit=300%2C300&ssl=1","type":"image\/png"}],"twitter_card":"summary_large_image","twitter_misc":{"Est. tempo de leitura":"2 minutos"},"schema":{"@context":"https:\/\/schema.org","@graph":[{"@type":"WebPage","@id":"https:\/\/atividademapa.com\/?product=mapa-fisica-geral-e-experimental-ii-52_2025","url":"https:\/\/atividademapa.com\/?product=mapa-fisica-geral-e-experimental-ii-52_2025","name":"MAPA - F\u00edsica Geral e Experimental II - 52_2025","isPartOf":{"@id":"https:\/\/atividademapa.com\/#website"},"primaryImageOfPage":{"@id":"https:\/\/atividademapa.com\/?product=mapa-fisica-geral-e-experimental-ii-52_2025#primaryimage"},"image":{"@id":"https:\/\/atividademapa.com\/?product=mapa-fisica-geral-e-experimental-ii-52_2025#primaryimage"},"thumbnailUrl":"https:\/\/i0.wp.com\/atividademapa.com\/wp-content\/uploads\/2023\/03\/Atividade-M.A.P.A-3.png?fit=300%2C300&ssl=1","datePublished":"2025-06-29T18:25:47+00:00","dateModified":"2025-06-29T18:26:58+00:00","description":"Atividade MAPA - F\u00edsica Geral e Experimental II - 52_2025 &#8902; Unicesumar. Engenharia El\u00e9trica. Baixe agora mesmo um Mapa Pronto resolvido!","breadcrumb":{"@id":"https:\/\/atividademapa.com\/?product=mapa-fisica-geral-e-experimental-ii-52_2025#breadcrumb"},"inLanguage":"pt-BR","potentialAction":[{"@type":"ReadAction","target":["https:\/\/atividademapa.com\/?product=mapa-fisica-geral-e-experimental-ii-52_2025"]}]},{"@type":"ImageObject","inLanguage":"pt-BR","@id":"https:\/\/atividademapa.com\/?product=mapa-fisica-geral-e-experimental-ii-52_2025#primaryimage","url":"https:\/\/i0.wp.com\/atividademapa.com\/wp-content\/uploads\/2023\/03\/Atividade-M.A.P.A-3.png?fit=300%2C300&ssl=1","contentUrl":"https:\/\/i0.wp.com\/atividademapa.com\/wp-content\/uploads\/2023\/03\/Atividade-M.A.P.A-3.png?fit=300%2C300&ssl=1","width":300,"height":300,"caption":"Mapa Unicesumar Atividade"},{"@type":"BreadcrumbList","@id":"https:\/\/atividademapa.com\/?product=mapa-fisica-geral-e-experimental-ii-52_2025#breadcrumb","itemListElement":[{"@type":"ListItem","position":1,"name":"In\u00edcio","item":"https:\/\/atividademapa.com\/"},{"@type":"ListItem","position":2,"name":"MAPAS","item":"https:\/\/atividademapa.com\/?page_id=5"},{"@type":"ListItem","position":3,"name":"MAPA &#8211; F\u00edsica Geral e Experimental II &#8211; 52_2025"}]},{"@type":"WebSite","@id":"https:\/\/atividademapa.com\/#website","url":"https:\/\/atividademapa.com\/","name":"Atividade Mapa","description":"StudeO | Unicesumar","publisher":{"@id":"https:\/\/atividademapa.com\/#organization"},"potentialAction":[{"@type":"SearchAction","target":{"@type":"EntryPoint","urlTemplate":"https:\/\/atividademapa.com\/?s={search_term_string}"},"query-input":{"@type":"PropertyValueSpecification","valueRequired":true,"valueName":"search_term_string"}}],"inLanguage":"pt-BR"},{"@type":"Organization","@id":"https:\/\/atividademapa.com\/#organization","name":"Atividade MAPA","url":"https:\/\/atividademapa.com\/","logo":{"@type":"ImageObject","inLanguage":"pt-BR","@id":"https:\/\/atividademapa.com\/#\/schema\/logo\/image\/","url":"https:\/\/i0.wp.com\/atividademapa.com\/wp-content\/uploads\/2023\/02\/ATIVIDADE.png?fit=600%2C300&ssl=1","contentUrl":"https:\/\/i0.wp.com\/atividademapa.com\/wp-content\/uploads\/2023\/02\/ATIVIDADE.png?fit=600%2C300&ssl=1","width":600,"height":300,"caption":"Atividade MAPA"},"image":{"@id":"https:\/\/atividademapa.com\/#\/schema\/logo\/image\/"}}]}},"_links":{"self":[{"href":"https:\/\/atividademapa.com\/index.php?rest_route=\/wp\/v2\/product\/5973","targetHints":{"allow":["GET"]}}],"collection":[{"href":"https:\/\/atividademapa.com\/index.php?rest_route=\/wp\/v2\/product"}],"about":[{"href":"https:\/\/atividademapa.com\/index.php?rest_route=\/wp\/v2\/types\/product"}],"version-history":[{"count":2,"href":"https:\/\/atividademapa.com\/index.php?rest_route=\/wp\/v2\/product\/5973\/revisions"}],"predecessor-version":[{"id":5976,"href":"https:\/\/atividademapa.com\/index.php?rest_route=\/wp\/v2\/product\/5973\/revisions\/5976"}],"wp:featuredmedia":[{"embeddable":true,"href":"https:\/\/atividademapa.com\/index.php?rest_route=\/wp\/v2\/media\/2326"}],"wp:attachment":[{"href":"https:\/\/atividademapa.com\/index.php?rest_route=%2Fwp%2Fv2%2Fmedia&parent=5973"}],"wp:term":[{"taxonomy":"product_brand","embeddable":true,"href":"https:\/\/atividademapa.com\/index.php?rest_route=%2Fwp%2Fv2%2Fproduct_brand&post=5973"},{"taxonomy":"product_cat","embeddable":true,"href":"https:\/\/atividademapa.com\/index.php?rest_route=%2Fwp%2Fv2%2Fproduct_cat&post=5973"},{"taxonomy":"product_tag","embeddable":true,"href":"https:\/\/atividademapa.com\/index.php?rest_route=%2Fwp%2Fv2%2Fproduct_tag&post=5973"}],"curies":[{"name":"wp","href":"https:\/\/api.w.org\/{rel}","templated":true}]}}