{"id":5980,"date":"2025-06-30T20:31:39","date_gmt":"2025-06-30T23:31:39","guid":{"rendered":"https:\/\/atividademapa.com\/?post_type=product&#038;p=5980"},"modified":"2025-06-30T21:18:19","modified_gmt":"2025-07-01T00:18:19","slug":"mapa-resistencia-dos-materiais-52-2025","status":"publish","type":"product","link":"https:\/\/atividademapa.com\/?product=mapa-resistencia-dos-materiais-52-2025","title":{"rendered":"MAPA &#8211; Resist\u00eancia dos Materiais &#8211; 52\/2025"},"content":{"rendered":"<p>MAPA &#8211; Resist\u00eancia dos Materiais &#8211; 52\/2025<\/p>\n<p>CONTEXTUALIZA\u00c7\u00c3O<\/p>\n<p>Considere que voc\u00ea trabalha para uma empresa de engenharia especializada em estruturas met\u00e1licas e est\u00e1 desenvolvendo um novo projeto para um galp\u00e3o industrial. Para garantir a seguran\u00e7a e efici\u00eancia da estrutura, sua equipe precisa escolher entre dois tipos de se\u00e7\u00f5es transversais para as vigas principais. A escolha da se\u00e7\u00e3o ideal deve levar em conta crit\u00e9rios como resist\u00eancia mec\u00e2nica e estabilidade estrutural.<br \/>\nPara isso, o projetista deve calcular e especificar o centroide e o momento de in\u00e9rcia de cada uma das se\u00e7\u00f5es transversais avaliadas, pois esses par\u00e2metros influenciam diretamente no comportamento da estrutura. Com base nos c\u00e1lculos, a equipe poder\u00e1 determinar qual das op\u00e7\u00f5es proporciona maior seguran\u00e7a, al\u00e9m de menor deforma\u00e7\u00e3o sob cargas. As se\u00e7\u00f5es transversais avaliadas est\u00e3o representadas a seguir (dimens\u00f5es em mil\u00edmetros):<\/p>\n<p>SE\u00c7\u00c3O 1 SE\u00c7\u00c3O 2<\/p>\n<p>Fonte MAPA: Elaborado pelo Professor (2025).<\/p>\n<p><img data-recalc-dims=\"1\" loading=\"lazy\" decoding=\"async\" class=\"alignnone size-full wp-image-5981\" src=\"https:\/\/i0.wp.com\/atividademapa.com\/wp-content\/uploads\/2025\/06\/Resistencia-dos-Materiais.png?resize=245%2C233&#038;ssl=1\" alt=\"\" width=\"245\" height=\"233\" srcset=\"https:\/\/i0.wp.com\/atividademapa.com\/wp-content\/uploads\/2025\/06\/Resistencia-dos-Materiais.png?w=245&amp;ssl=1 245w, https:\/\/i0.wp.com\/atividademapa.com\/wp-content\/uploads\/2025\/06\/Resistencia-dos-Materiais.png?resize=150%2C143&amp;ssl=1 150w\" sizes=\"auto, (max-width: 245px) 100vw, 245px\" \/><img data-recalc-dims=\"1\" loading=\"lazy\" decoding=\"async\" class=\"alignnone size-full wp-image-5982\" src=\"https:\/\/i0.wp.com\/atividademapa.com\/wp-content\/uploads\/2025\/06\/secao-2.png?resize=220%2C232&#038;ssl=1\" alt=\"\" width=\"220\" height=\"232\" srcset=\"https:\/\/i0.wp.com\/atividademapa.com\/wp-content\/uploads\/2025\/06\/secao-2.png?w=220&amp;ssl=1 220w, https:\/\/i0.wp.com\/atividademapa.com\/wp-content\/uploads\/2025\/06\/secao-2.png?resize=150%2C158&amp;ssl=1 150w\" sizes=\"auto, (max-width: 220px) 100vw, 220px\" \/><\/p>\n<p>ETAPA 1:<br \/>\nCom as se\u00e7\u00f5es transversais propostas, determine:<br \/>\na) A posi\u00e7\u00e3o do centroide de cada se\u00e7\u00e3o (se\u00e7\u00e3o 1 e se\u00e7\u00e3o 2).<\/p>\n<p>b) O momento de in\u00e9rcia em rela\u00e7\u00e3o ao eixo X de cada se\u00e7\u00e3o (se\u00e7\u00e3o 1 e se\u00e7\u00e3o 2).<\/p>\n<p>c) Avaliando os dados obtidos, qual se\u00e7\u00e3o pode ser selecionada?<\/p>\n<p>ETAPA 2:<br \/>\nEm um segundo momento, foi voc\u00ea chamado(a) para avaliar uma estrutura instalada e que rompeu devido a um esfor\u00e7o de tra\u00e7\u00e3o em carregamento est\u00e1tico. Voc\u00ea precisa, ent\u00e3o, avaliar a pe\u00e7a que falhou, por\u00e9m voc\u00ea n\u00e3o possui a especifica\u00e7\u00e3o exata do material utilizado. Dessa forma, decide realizar um ensaio de tra\u00e7\u00e3o utilizando um corpo de prova retirado do mesmo material da estrutura danificada. Ap\u00f3s a realiza\u00e7\u00e3o do ensaio, voc\u00ea consegue avaliar as for\u00e7as e respectivas deforma\u00e7\u00f5es. Com base nos dados obtidos, voc\u00ea dever\u00e1 conduzir uma an\u00e1lise detalhada para entender o desempenho do material:<\/p>\n<p>Di\u00e2metro da pe\u00e7a ensaiada = 5,50 mm<br \/>\nComprimento da pe\u00e7a ensaiada = 36,65 mm<\/p>\n<p>Tabela 1: Dados de carga e deforma\u00e7\u00e3o obtidos no ensaio de tra\u00e7\u00e3o.<br \/>\nCarga (N) Deforma\u00e7\u00e3o<\/p>\n<table width=\"198\">\n<tbody>\n<tr>\n<td width=\"85\"><strong>Carga (N)<\/strong><\/td>\n<td width=\"113\"><strong>Deforma\u00e7\u00e3o<\/strong><\/td>\n<\/tr>\n<tr>\n<td width=\"85\">0<\/td>\n<td width=\"113\">0<\/td>\n<\/tr>\n<tr>\n<td width=\"85\">2275<\/td>\n<td width=\"113\">0,01<\/td>\n<\/tr>\n<tr>\n<td width=\"85\">4320<\/td>\n<td width=\"113\">0,02<\/td>\n<\/tr>\n<tr>\n<td width=\"85\">6025<\/td>\n<td width=\"113\">0,03<\/td>\n<\/tr>\n<tr>\n<td width=\"85\">6290<\/td>\n<td width=\"113\">0,12<\/td>\n<\/tr>\n<tr>\n<td width=\"85\">6820<\/td>\n<td width=\"113\">0,35<\/td>\n<\/tr>\n<tr>\n<td width=\"85\">7312<\/td>\n<td width=\"113\">0,54<\/td>\n<\/tr>\n<tr>\n<td width=\"85\">8125<\/td>\n<td width=\"113\">0,73<\/td>\n<\/tr>\n<tr>\n<td width=\"85\">8775<\/td>\n<td width=\"113\">0,91<\/td>\n<\/tr>\n<tr>\n<td width=\"85\">9100<\/td>\n<td width=\"113\">1,10<\/td>\n<\/tr>\n<tr>\n<td width=\"85\">9425<\/td>\n<td width=\"113\">1,64<\/td>\n<\/tr>\n<tr>\n<td width=\"85\">9587<\/td>\n<td width=\"113\">2,93<\/td>\n<\/tr>\n<tr>\n<td width=\"85\">9425<\/td>\n<td width=\"113\">3,47<\/td>\n<\/tr>\n<tr>\n<td width=\"85\">9100<\/td>\n<td width=\"113\">4,21<\/td>\n<\/tr>\n<tr>\n<td width=\"85\">8450<\/td>\n<td width=\"113\">4,95<\/td>\n<\/tr>\n<tr>\n<td width=\"85\">8287<\/td>\n<td width=\"113\">5,30<\/td>\n<\/tr>\n<\/tbody>\n<\/table>\n<p>a) A partir dos resultados disponibilizados na Tabela 1, CONSTRUA o gr\u00e1fico que relaciona a tens\u00e3o e a deforma\u00e7\u00e3o da pe\u00e7a.<\/p>\n<p>b) Analisando o gr\u00e1fico, determine qual a tens\u00e3o de escoamento da pe\u00e7a e qual a tens\u00e3o limite de resist\u00eancia a tra\u00e7\u00e3o. Justifique sua resposta.<\/p>\n<p>c) Calcule o m\u00f3dulo de elasticidade deste material em quest\u00e3o.<\/p>\n","protected":false},"excerpt":{"rendered":"<p>MAPA &#8211; Resist\u00eancia dos Materiais &#8211; 52\/2025 CONTEXTUALIZA\u00c7\u00c3O Considere que voc\u00ea trabalha para uma empresa de engenharia especializada em estruturas<\/p>\n","protected":false},"featured_media":2326,"template":"","meta":{"_monsterinsights_skip_tracking":false,"_monsterinsights_sitenote_active":false,"_monsterinsights_sitenote_note":"","_monsterinsights_sitenote_category":0},"product_brand":[],"product_cat":[60,152,86,45],"product_tag":[],"class_list":{"0":"post-5980","1":"product","2":"type-product","3":"status-publish","4":"has-post-thumbnail","6":"product_cat-engenharia-civil","7":"product_cat-engenharia-da-producao","8":"product_cat-engenharia-mecanica","9":"product_cat-engenharias","11":"first","12":"instock","13":"downloadable","14":"virtual","15":"purchasable","16":"product-type-simple"},"yoast_head":"<!-- This site is optimized with the Yoast SEO plugin v27.4 - https:\/\/yoast.com\/product\/yoast-seo-wordpress\/ -->\n<title>MAPA - Resist\u00eancia dos Materiais - 52\/2025<\/title>\n<meta name=\"description\" content=\"Atividade MAPA - Resist\u00eancia dos Materiais - 52\/2025 &#8902; Unicesumar. Baixe agora mesmo um Mapa Pronto resolvido!\" \/>\n<meta name=\"robots\" content=\"index, follow, max-snippet:-1, max-image-preview:large, max-video-preview:-1\" \/>\n<link rel=\"canonical\" href=\"https:\/\/atividademapa.com\/?product=mapa-resistencia-dos-materiais-52-2025\" \/>\n<meta property=\"og:locale\" content=\"pt_BR\" \/>\n<meta property=\"og:type\" content=\"article\" \/>\n<meta property=\"og:title\" content=\"MAPA - Resist\u00eancia dos Materiais - 52\/2025\" \/>\n<meta property=\"og:description\" content=\"Atividade MAPA - Resist\u00eancia dos Materiais - 52\/2025 &#8902; Unicesumar. Baixe agora mesmo um Mapa Pronto resolvido!\" \/>\n<meta property=\"og:url\" content=\"https:\/\/atividademapa.com\/?product=mapa-resistencia-dos-materiais-52-2025\" \/>\n<meta property=\"og:site_name\" content=\"Atividade Mapa\" \/>\n<meta property=\"article:modified_time\" content=\"2025-07-01T00:18:19+00:00\" \/>\n<meta property=\"og:image\" content=\"https:\/\/i0.wp.com\/atividademapa.com\/wp-content\/uploads\/2023\/03\/Atividade-M.A.P.A-3.png?fit=300%2C300&ssl=1\" \/>\n\t<meta property=\"og:image:width\" content=\"300\" \/>\n\t<meta property=\"og:image:height\" content=\"300\" \/>\n\t<meta property=\"og:image:type\" content=\"image\/png\" \/>\n<meta name=\"twitter:card\" content=\"summary_large_image\" \/>\n<meta name=\"twitter:label1\" content=\"Est. tempo de leitura\" \/>\n\t<meta name=\"twitter:data1\" content=\"2 minutos\" \/>\n<script type=\"application\/ld+json\" class=\"yoast-schema-graph\">{\"@context\":\"https:\\\/\\\/schema.org\",\"@graph\":[{\"@type\":\"WebPage\",\"@id\":\"https:\\\/\\\/atividademapa.com\\\/?product=mapa-resistencia-dos-materiais-52-2025\",\"url\":\"https:\\\/\\\/atividademapa.com\\\/?product=mapa-resistencia-dos-materiais-52-2025\",\"name\":\"MAPA - Resist\u00eancia dos Materiais - 52\\\/2025\",\"isPartOf\":{\"@id\":\"https:\\\/\\\/atividademapa.com\\\/#website\"},\"primaryImageOfPage\":{\"@id\":\"https:\\\/\\\/atividademapa.com\\\/?product=mapa-resistencia-dos-materiais-52-2025#primaryimage\"},\"image\":{\"@id\":\"https:\\\/\\\/atividademapa.com\\\/?product=mapa-resistencia-dos-materiais-52-2025#primaryimage\"},\"thumbnailUrl\":\"https:\\\/\\\/i0.wp.com\\\/atividademapa.com\\\/wp-content\\\/uploads\\\/2023\\\/03\\\/Atividade-M.A.P.A-3.png?fit=300%2C300&ssl=1\",\"datePublished\":\"2025-06-30T23:31:39+00:00\",\"dateModified\":\"2025-07-01T00:18:19+00:00\",\"description\":\"Atividade MAPA - Resist\u00eancia dos Materiais - 52\\\/2025 &#8902; Unicesumar. Baixe agora mesmo um Mapa Pronto resolvido!\",\"breadcrumb\":{\"@id\":\"https:\\\/\\\/atividademapa.com\\\/?product=mapa-resistencia-dos-materiais-52-2025#breadcrumb\"},\"inLanguage\":\"pt-BR\",\"potentialAction\":[{\"@type\":\"ReadAction\",\"target\":[\"https:\\\/\\\/atividademapa.com\\\/?product=mapa-resistencia-dos-materiais-52-2025\"]}]},{\"@type\":\"ImageObject\",\"inLanguage\":\"pt-BR\",\"@id\":\"https:\\\/\\\/atividademapa.com\\\/?product=mapa-resistencia-dos-materiais-52-2025#primaryimage\",\"url\":\"https:\\\/\\\/i0.wp.com\\\/atividademapa.com\\\/wp-content\\\/uploads\\\/2023\\\/03\\\/Atividade-M.A.P.A-3.png?fit=300%2C300&ssl=1\",\"contentUrl\":\"https:\\\/\\\/i0.wp.com\\\/atividademapa.com\\\/wp-content\\\/uploads\\\/2023\\\/03\\\/Atividade-M.A.P.A-3.png?fit=300%2C300&ssl=1\",\"width\":300,\"height\":300,\"caption\":\"Mapa Unicesumar Atividade\"},{\"@type\":\"BreadcrumbList\",\"@id\":\"https:\\\/\\\/atividademapa.com\\\/?product=mapa-resistencia-dos-materiais-52-2025#breadcrumb\",\"itemListElement\":[{\"@type\":\"ListItem\",\"position\":1,\"name\":\"In\u00edcio\",\"item\":\"https:\\\/\\\/atividademapa.com\\\/\"},{\"@type\":\"ListItem\",\"position\":2,\"name\":\"MAPAS\",\"item\":\"https:\\\/\\\/atividademapa.com\\\/?page_id=5\"},{\"@type\":\"ListItem\",\"position\":3,\"name\":\"MAPA &#8211; Resist\u00eancia dos Materiais &#8211; 52\\\/2025\"}]},{\"@type\":\"WebSite\",\"@id\":\"https:\\\/\\\/atividademapa.com\\\/#website\",\"url\":\"https:\\\/\\\/atividademapa.com\\\/\",\"name\":\"Atividade Mapa\",\"description\":\"StudeO | Unicesumar\",\"publisher\":{\"@id\":\"https:\\\/\\\/atividademapa.com\\\/#organization\"},\"potentialAction\":[{\"@type\":\"SearchAction\",\"target\":{\"@type\":\"EntryPoint\",\"urlTemplate\":\"https:\\\/\\\/atividademapa.com\\\/?s={search_term_string}\"},\"query-input\":{\"@type\":\"PropertyValueSpecification\",\"valueRequired\":true,\"valueName\":\"search_term_string\"}}],\"inLanguage\":\"pt-BR\"},{\"@type\":\"Organization\",\"@id\":\"https:\\\/\\\/atividademapa.com\\\/#organization\",\"name\":\"Atividade MAPA\",\"url\":\"https:\\\/\\\/atividademapa.com\\\/\",\"logo\":{\"@type\":\"ImageObject\",\"inLanguage\":\"pt-BR\",\"@id\":\"https:\\\/\\\/atividademapa.com\\\/#\\\/schema\\\/logo\\\/image\\\/\",\"url\":\"https:\\\/\\\/i0.wp.com\\\/atividademapa.com\\\/wp-content\\\/uploads\\\/2023\\\/02\\\/ATIVIDADE.png?fit=600%2C300&ssl=1\",\"contentUrl\":\"https:\\\/\\\/i0.wp.com\\\/atividademapa.com\\\/wp-content\\\/uploads\\\/2023\\\/02\\\/ATIVIDADE.png?fit=600%2C300&ssl=1\",\"width\":600,\"height\":300,\"caption\":\"Atividade MAPA\"},\"image\":{\"@id\":\"https:\\\/\\\/atividademapa.com\\\/#\\\/schema\\\/logo\\\/image\\\/\"}}]}<\/script>\n<!-- \/ Yoast SEO plugin. -->","yoast_head_json":{"title":"MAPA - Resist\u00eancia dos Materiais - 52\/2025","description":"Atividade MAPA - Resist\u00eancia dos Materiais - 52\/2025 &#8902; Unicesumar. Baixe agora mesmo um Mapa Pronto resolvido!","robots":{"index":"index","follow":"follow","max-snippet":"max-snippet:-1","max-image-preview":"max-image-preview:large","max-video-preview":"max-video-preview:-1"},"canonical":"https:\/\/atividademapa.com\/?product=mapa-resistencia-dos-materiais-52-2025","og_locale":"pt_BR","og_type":"article","og_title":"MAPA - Resist\u00eancia dos Materiais - 52\/2025","og_description":"Atividade MAPA - Resist\u00eancia dos Materiais - 52\/2025 &#8902; Unicesumar. Baixe agora mesmo um Mapa Pronto resolvido!","og_url":"https:\/\/atividademapa.com\/?product=mapa-resistencia-dos-materiais-52-2025","og_site_name":"Atividade Mapa","article_modified_time":"2025-07-01T00:18:19+00:00","og_image":[{"width":300,"height":300,"url":"https:\/\/i0.wp.com\/atividademapa.com\/wp-content\/uploads\/2023\/03\/Atividade-M.A.P.A-3.png?fit=300%2C300&ssl=1","type":"image\/png"}],"twitter_card":"summary_large_image","twitter_misc":{"Est. tempo de leitura":"2 minutos"},"schema":{"@context":"https:\/\/schema.org","@graph":[{"@type":"WebPage","@id":"https:\/\/atividademapa.com\/?product=mapa-resistencia-dos-materiais-52-2025","url":"https:\/\/atividademapa.com\/?product=mapa-resistencia-dos-materiais-52-2025","name":"MAPA - Resist\u00eancia dos Materiais - 52\/2025","isPartOf":{"@id":"https:\/\/atividademapa.com\/#website"},"primaryImageOfPage":{"@id":"https:\/\/atividademapa.com\/?product=mapa-resistencia-dos-materiais-52-2025#primaryimage"},"image":{"@id":"https:\/\/atividademapa.com\/?product=mapa-resistencia-dos-materiais-52-2025#primaryimage"},"thumbnailUrl":"https:\/\/i0.wp.com\/atividademapa.com\/wp-content\/uploads\/2023\/03\/Atividade-M.A.P.A-3.png?fit=300%2C300&ssl=1","datePublished":"2025-06-30T23:31:39+00:00","dateModified":"2025-07-01T00:18:19+00:00","description":"Atividade MAPA - Resist\u00eancia dos Materiais - 52\/2025 &#8902; Unicesumar. Baixe agora mesmo um Mapa Pronto resolvido!","breadcrumb":{"@id":"https:\/\/atividademapa.com\/?product=mapa-resistencia-dos-materiais-52-2025#breadcrumb"},"inLanguage":"pt-BR","potentialAction":[{"@type":"ReadAction","target":["https:\/\/atividademapa.com\/?product=mapa-resistencia-dos-materiais-52-2025"]}]},{"@type":"ImageObject","inLanguage":"pt-BR","@id":"https:\/\/atividademapa.com\/?product=mapa-resistencia-dos-materiais-52-2025#primaryimage","url":"https:\/\/i0.wp.com\/atividademapa.com\/wp-content\/uploads\/2023\/03\/Atividade-M.A.P.A-3.png?fit=300%2C300&ssl=1","contentUrl":"https:\/\/i0.wp.com\/atividademapa.com\/wp-content\/uploads\/2023\/03\/Atividade-M.A.P.A-3.png?fit=300%2C300&ssl=1","width":300,"height":300,"caption":"Mapa Unicesumar Atividade"},{"@type":"BreadcrumbList","@id":"https:\/\/atividademapa.com\/?product=mapa-resistencia-dos-materiais-52-2025#breadcrumb","itemListElement":[{"@type":"ListItem","position":1,"name":"In\u00edcio","item":"https:\/\/atividademapa.com\/"},{"@type":"ListItem","position":2,"name":"MAPAS","item":"https:\/\/atividademapa.com\/?page_id=5"},{"@type":"ListItem","position":3,"name":"MAPA &#8211; Resist\u00eancia dos Materiais &#8211; 52\/2025"}]},{"@type":"WebSite","@id":"https:\/\/atividademapa.com\/#website","url":"https:\/\/atividademapa.com\/","name":"Atividade Mapa","description":"StudeO | Unicesumar","publisher":{"@id":"https:\/\/atividademapa.com\/#organization"},"potentialAction":[{"@type":"SearchAction","target":{"@type":"EntryPoint","urlTemplate":"https:\/\/atividademapa.com\/?s={search_term_string}"},"query-input":{"@type":"PropertyValueSpecification","valueRequired":true,"valueName":"search_term_string"}}],"inLanguage":"pt-BR"},{"@type":"Organization","@id":"https:\/\/atividademapa.com\/#organization","name":"Atividade MAPA","url":"https:\/\/atividademapa.com\/","logo":{"@type":"ImageObject","inLanguage":"pt-BR","@id":"https:\/\/atividademapa.com\/#\/schema\/logo\/image\/","url":"https:\/\/i0.wp.com\/atividademapa.com\/wp-content\/uploads\/2023\/02\/ATIVIDADE.png?fit=600%2C300&ssl=1","contentUrl":"https:\/\/i0.wp.com\/atividademapa.com\/wp-content\/uploads\/2023\/02\/ATIVIDADE.png?fit=600%2C300&ssl=1","width":600,"height":300,"caption":"Atividade MAPA"},"image":{"@id":"https:\/\/atividademapa.com\/#\/schema\/logo\/image\/"}}]}},"_links":{"self":[{"href":"https:\/\/atividademapa.com\/index.php?rest_route=\/wp\/v2\/product\/5980","targetHints":{"allow":["GET"]}}],"collection":[{"href":"https:\/\/atividademapa.com\/index.php?rest_route=\/wp\/v2\/product"}],"about":[{"href":"https:\/\/atividademapa.com\/index.php?rest_route=\/wp\/v2\/types\/product"}],"version-history":[{"count":2,"href":"https:\/\/atividademapa.com\/index.php?rest_route=\/wp\/v2\/product\/5980\/revisions"}],"predecessor-version":[{"id":5988,"href":"https:\/\/atividademapa.com\/index.php?rest_route=\/wp\/v2\/product\/5980\/revisions\/5988"}],"wp:featuredmedia":[{"embeddable":true,"href":"https:\/\/atividademapa.com\/index.php?rest_route=\/wp\/v2\/media\/2326"}],"wp:attachment":[{"href":"https:\/\/atividademapa.com\/index.php?rest_route=%2Fwp%2Fv2%2Fmedia&parent=5980"}],"wp:term":[{"taxonomy":"product_brand","embeddable":true,"href":"https:\/\/atividademapa.com\/index.php?rest_route=%2Fwp%2Fv2%2Fproduct_brand&post=5980"},{"taxonomy":"product_cat","embeddable":true,"href":"https:\/\/atividademapa.com\/index.php?rest_route=%2Fwp%2Fv2%2Fproduct_cat&post=5980"},{"taxonomy":"product_tag","embeddable":true,"href":"https:\/\/atividademapa.com\/index.php?rest_route=%2Fwp%2Fv2%2Fproduct_tag&post=5980"}],"curies":[{"name":"wp","href":"https:\/\/api.w.org\/{rel}","templated":true}]}}