{"id":5989,"date":"2025-06-30T21:39:51","date_gmt":"2025-07-01T00:39:51","guid":{"rendered":"https:\/\/atividademapa.com\/?post_type=product&#038;p=5989"},"modified":"2025-07-02T19:50:12","modified_gmt":"2025-07-02T22:50:12","slug":"c","status":"publish","type":"product","link":"https:\/\/atividademapa.com\/?product=c","title":{"rendered":"MAPA \u2013 CCONT \u2013 CONTROLADORIA \u2013 52_2025"},"content":{"rendered":"<p>MAPA &#8211; CONTROLADOTRIA &#8211; 52\/2025<\/p>\n<p>&nbsp;<\/p>\n<p class=\"ng-scope\">Chegou o momento de explorar, por meio da atividade\u00a0<strong>MAPA<\/strong>, os conte\u00fados aprendidos na disciplina de Controladoria de forma\u00a0<strong>pr\u00e1tica<\/strong>!<\/p>\n<p class=\"ng-scope\">Nesta atividade, voc\u00ea \u00e9 convidado a verificar como a disciplina pode contribuir de forma efetiva para a sua experi\u00eancia e forma\u00e7\u00e3o profissional.<\/p>\n<p class=\"ng-scope\">A contabilidade \u00e9 uma ci\u00eancia fundamental para a gest\u00e3o empresarial, desempenhando um papel essencial na tomada de decis\u00f5es. Muitas informa\u00e7\u00f5es e relat\u00f3rios cont\u00e1beis exigem habilidades espec\u00edficas para sua correta interpreta\u00e7\u00e3o, e, por essa raz\u00e3o, a falta de compreens\u00e3o por parte dos empres\u00e1rios pode dificultar a tomada de decis\u00f5es estrat\u00e9gicas. Diante disso, torna-se evidente a import\u00e2ncia do contador dentro de uma organiza\u00e7\u00e3o, pois n\u00e3o basta ter acesso \u00e0s informa\u00e7\u00f5es cont\u00e1beis se n\u00e3o houver conhecimento para interpret\u00e1-las adequadamente.<\/p>\n<p class=\"ng-scope\">Frente ao exposto, pense na seguinte situa\u00e7\u00e3o: voc\u00ea \u00e9 contador\u00a0de forma\u00e7\u00e3o e, atualmente, exerce a fun\u00e7\u00e3o de administrador(a) geral (CEO) da Ind\u00fastria MetalSul S\/A, uma empresa de m\u00e9dio porte situada na regi\u00e3o Sudeste do Brasil, atuante no setor industrial, com foco na produ\u00e7\u00e3o de pe\u00e7as met\u00e1licas para o segmento automotivo.<\/p>\n<p class=\"ng-scope\">A empresa est\u00e1 em plena fase de expans\u00e3o e conta com uma estrutura organizacional composta pelas seguintes \u00e1reas: Comercial, Financeira, Marketing, Tecnologia da Informa\u00e7\u00e3o (TI), Opera\u00e7\u00f5es (Produ\u00e7\u00e3o) e Gest\u00e3o de Pessoas (RH). Cada uma dessas \u00e1reas desempenha um papel essencial para o desempenho da organiza\u00e7\u00e3o:<\/p>\n<p class=\"ng-scope\">&#8211; O setor\u00a0<strong>Comercial\u00a0<\/strong>\u00e9 respons\u00e1vel pela prospec\u00e7\u00e3o de novos clientes e gest\u00e3o da carteira atual.<\/p>\n<p class=\"ng-scope\">&#8211; A \u00e1rea\u00a0<strong>Financeira\u00a0<\/strong>cuida do controle de receitas, despesas, investimentos e obriga\u00e7\u00f5es fiscais.<\/p>\n<p class=\"ng-scope\">&#8211; O\u00a0<strong>Marketing\u00a0<\/strong>atua no posicionamento estrat\u00e9gico da marca e comunica\u00e7\u00e3o com o mercado.<\/p>\n<p class=\"ng-scope\">&#8211; O setor de\u00a0<strong>Tecnologia da Informa\u00e7\u00e3o (TI)\u00a0<\/strong>fornece suporte e solu\u00e7\u00f5es digitais para a moderniza\u00e7\u00e3o dos processos.<\/p>\n<p class=\"ng-scope\">&#8211; A diretoria de\u00a0<strong>Opera\u00e7\u00f5es\u00a0<\/strong>gerencia todo o processo produtivo, garantindo qualidade e efici\u00eancia.<\/p>\n<p class=\"ng-scope\">&#8211; A \u00e1rea de\u00a0<strong>Gest\u00e3o de Pessoas<\/strong>\u00a0promove o desenvolvimento humano, clima organizacional e pol\u00edticas de RH.<\/p>\n<div class=\"ng-scope\">Diante do crescimento da empresa e da complexidade crescente na gest\u00e3o de informa\u00e7\u00f5es e decis\u00f5es estrat\u00e9gicas, foi identificada a necessidade de criar e estruturar a \u00e1rea de\u00a0<strong>Controladoria<\/strong>, que ser\u00e1 incorporada ao organograma a partir de 2025. Atualmente, a\u00a0<strong>Ind\u00fastria MetalSul S\/A<\/strong>\u00a0possui a seguinte estrutura organizacional, todas subordinadas diretamente \u00e0 figura do(a) CEO:<\/div>\n<div class=\"ng-scope\"><img data-recalc-dims=\"1\" decoding=\"async\" src=\"https:\/\/i0.wp.com\/sistemasead.unicesumar.edu.br\/flex\/amfphp\/services\/Portal\/ImagemQuestionario2\/QUE_262240_656978_1.jpg?ssl=1\" alt=\"\" \/><\/div>\n<p class=\"ng-scope\">Esse novo setor ser\u00e1 respons\u00e1vel por fornecer informa\u00e7\u00f5es gerenciais e cont\u00e1beis mais precisas, apoiar o planejamento estrat\u00e9gico, controlar os custos e monitorar o desempenho das \u00e1reas.<\/p>\n<p class=\"ng-scope\">Como CEO e contador, sua responsabilidade \u00e9 liderar o processo de\u00a0<strong>estrutura\u00e7\u00e3o da Controladoria<\/strong>, garantindo sua integra\u00e7\u00e3o com os demais setores e contribuindo para a sustentabilidade e crescimento da MetalSul S\/A.<\/p>\n<p class=\"ng-scope\">Visto que a controladoria \u00e9 o \u00f3rg\u00e3o da empresa cuja miss\u00e3o consiste em zelar pela efic\u00e1cia do seu processo de gest\u00e3o,<strong>\u00a0Pede-se:<\/strong><\/p>\n<p class=\"ng-scope\"><strong>a) Estruture\u00a0<\/strong>e\u00a0<strong>apresente\u00a0<\/strong>o organograma da empresa Ind\u00fastria MetalSul S\/A, destacando de forma clara e estrat\u00e9gica a posi\u00e7\u00e3o da nova \u00e1rea de Controladoria, que ser\u00e1 incorporada a partir do ano de 2025. A estrutura deve evidenciar como a Controladoria se relaciona com as demais diretorias \u2014 como Comercial, Financeira, Marketing, TI, Opera\u00e7\u00f5es e Gest\u00e3o de Pessoas \u2014 e de que forma ela contribuir\u00e1 para o suporte \u00e0 gest\u00e3o e \u00e0 tomada de decis\u00f5es do n\u00edvel executivo da organiza\u00e7\u00e3o.<\/p>\n<p class=\"ng-scope\"><strong>b)<\/strong>\u00a0Com base na estrutura organizacional apresentada na letra A,\u00a0<strong>explique\u00a0<\/strong>os crit\u00e9rios que justificam a forma como a Diretoria de Controladoria foi inserida no organograma. Destaque a relev\u00e2ncia dessa \u00e1rea dentro do contexto de expans\u00e3o da empresa, destacando como sua posi\u00e7\u00e3o favorece a integra\u00e7\u00e3o entre as demais \u00e1reas e de que forma ela contribuir\u00e1 para o fortalecimento da governan\u00e7a corporativa e do planejamento estrat\u00e9gico da MetalSul S\/A.<\/p>\n<p><strong>Obs.:<\/strong>\u00a0usar\u00a0<u><strong>obrigatoriamente<\/strong><\/u>\u00a0o formul\u00e1rio padr\u00e3o da atividade.<\/p>\n<p class=\"ng-scope\"><u><strong>IMPORTANTE<\/strong><\/u><br \/>\n&#8211; Fa\u00e7a o\u00a0<em>download\u00a0<\/em>do arquivo \u201cFormul\u00e1rio padr\u00e3o MAPA &#8211; Controladoria.\u201d, dispon\u00edvel no Material da Disciplina.<br \/>\n&#8211;\u00a0<strong><u>Assista<\/u>\u00a0<\/strong>ao v\u00eddeo explicativo da atividade.<br \/>\n&#8211; Siga as orienta\u00e7\u00f5es expressas neste enunciado e no formul\u00e1rio de preenchimento da atividade.<br \/>\n&#8211; Responda aos campos solicitados no arquivo e ap\u00f3s o preenchimento do formul\u00e1rio, salve o arquivo no seu computador, anexe no campo indicado \u201cSua resposta\u201d, clique em \u201cResponder\u201d e, posteriormente, em \u201cFinalizar o question\u00e1rio\u201d.<br \/>\n<strong><u>ATEN\u00c7\u00c3O:<\/u><\/strong>\u00a0Ao anexar, certifique-se de que se trata do arquivo correto, pois ap\u00f3s a finaliza\u00e7\u00e3o, n\u00e3o ser\u00e1 poss\u00edvel reenviar a atividade ou realizar qualquer modifica\u00e7\u00e3o no arquivo enviado.<\/p>\n","protected":false},"excerpt":{"rendered":"<p>MAPA &#8211; CONTROLADOTRIA &#8211; 52\/2025 &nbsp; Chegou o momento de explorar, por meio da atividade\u00a0MAPA, os conte\u00fados aprendidos na disciplina<\/p>\n","protected":false},"featured_media":2326,"template":"","meta":{"_monsterinsights_skip_tracking":false,"_monsterinsights_sitenote_active":false,"_monsterinsights_sitenote_note":"","_monsterinsights_sitenote_category":0},"product_brand":[],"product_cat":[46],"product_tag":[],"class_list":{"0":"post-5989","1":"product","2":"type-product","3":"status-publish","4":"has-post-thumbnail","6":"product_cat-ciencias-contabeis","8":"first","9":"instock","10":"downloadable","11":"virtual","12":"purchasable","13":"product-type-simple"},"yoast_head":"<!-- This site is optimized with the Yoast SEO plugin v27.4 - https:\/\/yoast.com\/product\/yoast-seo-wordpress\/ -->\n<title>MAPA \u2013 CCONT \u2013 CONTROLADORIA \u2013 52_2025<\/title>\n<meta name=\"description\" content=\"Atividade MAPA \u2013 CCONT \u2013 CONTROLADORIA \u2013 52_2025 &#8902; Unicesumar. Baixe agora mesmo um Mapa Pronto resolvido!\" \/>\n<meta name=\"robots\" content=\"index, follow, max-snippet:-1, max-image-preview:large, max-video-preview:-1\" \/>\n<link rel=\"canonical\" href=\"https:\/\/atividademapa.com\/?product=c\" \/>\n<meta property=\"og:locale\" content=\"pt_BR\" \/>\n<meta property=\"og:type\" content=\"article\" \/>\n<meta property=\"og:title\" content=\"MAPA \u2013 CCONT \u2013 CONTROLADORIA \u2013 52_2025\" \/>\n<meta property=\"og:description\" content=\"Atividade MAPA \u2013 CCONT \u2013 CONTROLADORIA \u2013 52_2025 &#8902; Unicesumar. Baixe agora mesmo um Mapa Pronto resolvido!\" \/>\n<meta property=\"og:url\" content=\"https:\/\/atividademapa.com\/?product=c\" \/>\n<meta property=\"og:site_name\" content=\"Atividade Mapa\" \/>\n<meta property=\"article:modified_time\" content=\"2025-07-02T22:50:12+00:00\" \/>\n<meta property=\"og:image\" content=\"https:\/\/i0.wp.com\/atividademapa.com\/wp-content\/uploads\/2023\/03\/Atividade-M.A.P.A-3.png?fit=300%2C300&ssl=1\" \/>\n\t<meta property=\"og:image:width\" content=\"300\" \/>\n\t<meta property=\"og:image:height\" content=\"300\" \/>\n\t<meta property=\"og:image:type\" content=\"image\/png\" \/>\n<meta name=\"twitter:card\" content=\"summary_large_image\" \/>\n<meta name=\"twitter:label1\" content=\"Est. tempo de leitura\" \/>\n\t<meta name=\"twitter:data1\" content=\"4 minutos\" \/>\n<script type=\"application\/ld+json\" class=\"yoast-schema-graph\">{\"@context\":\"https:\\\/\\\/schema.org\",\"@graph\":[{\"@type\":\"WebPage\",\"@id\":\"https:\\\/\\\/atividademapa.com\\\/?product=c\",\"url\":\"https:\\\/\\\/atividademapa.com\\\/?product=c\",\"name\":\"MAPA \u2013 CCONT \u2013 CONTROLADORIA \u2013 52_2025\",\"isPartOf\":{\"@id\":\"https:\\\/\\\/atividademapa.com\\\/#website\"},\"primaryImageOfPage\":{\"@id\":\"https:\\\/\\\/atividademapa.com\\\/?product=c#primaryimage\"},\"image\":{\"@id\":\"https:\\\/\\\/atividademapa.com\\\/?product=c#primaryimage\"},\"thumbnailUrl\":\"https:\\\/\\\/i0.wp.com\\\/atividademapa.com\\\/wp-content\\\/uploads\\\/2023\\\/03\\\/Atividade-M.A.P.A-3.png?fit=300%2C300&ssl=1\",\"datePublished\":\"2025-07-01T00:39:51+00:00\",\"dateModified\":\"2025-07-02T22:50:12+00:00\",\"description\":\"Atividade MAPA \u2013 CCONT \u2013 CONTROLADORIA \u2013 52_2025 &#8902; Unicesumar. Baixe agora mesmo um Mapa Pronto resolvido!\",\"breadcrumb\":{\"@id\":\"https:\\\/\\\/atividademapa.com\\\/?product=c#breadcrumb\"},\"inLanguage\":\"pt-BR\",\"potentialAction\":[{\"@type\":\"ReadAction\",\"target\":[\"https:\\\/\\\/atividademapa.com\\\/?product=c\"]}]},{\"@type\":\"ImageObject\",\"inLanguage\":\"pt-BR\",\"@id\":\"https:\\\/\\\/atividademapa.com\\\/?product=c#primaryimage\",\"url\":\"https:\\\/\\\/i0.wp.com\\\/atividademapa.com\\\/wp-content\\\/uploads\\\/2023\\\/03\\\/Atividade-M.A.P.A-3.png?fit=300%2C300&ssl=1\",\"contentUrl\":\"https:\\\/\\\/i0.wp.com\\\/atividademapa.com\\\/wp-content\\\/uploads\\\/2023\\\/03\\\/Atividade-M.A.P.A-3.png?fit=300%2C300&ssl=1\",\"width\":300,\"height\":300,\"caption\":\"Mapa Unicesumar Atividade\"},{\"@type\":\"BreadcrumbList\",\"@id\":\"https:\\\/\\\/atividademapa.com\\\/?product=c#breadcrumb\",\"itemListElement\":[{\"@type\":\"ListItem\",\"position\":1,\"name\":\"In\u00edcio\",\"item\":\"https:\\\/\\\/atividademapa.com\\\/\"},{\"@type\":\"ListItem\",\"position\":2,\"name\":\"MAPAS\",\"item\":\"https:\\\/\\\/atividademapa.com\\\/?page_id=5\"},{\"@type\":\"ListItem\",\"position\":3,\"name\":\"MAPA \u2013 CCONT \u2013 CONTROLADORIA \u2013 52_2025\"}]},{\"@type\":\"WebSite\",\"@id\":\"https:\\\/\\\/atividademapa.com\\\/#website\",\"url\":\"https:\\\/\\\/atividademapa.com\\\/\",\"name\":\"Atividade Mapa\",\"description\":\"StudeO | Unicesumar\",\"publisher\":{\"@id\":\"https:\\\/\\\/atividademapa.com\\\/#organization\"},\"potentialAction\":[{\"@type\":\"SearchAction\",\"target\":{\"@type\":\"EntryPoint\",\"urlTemplate\":\"https:\\\/\\\/atividademapa.com\\\/?s={search_term_string}\"},\"query-input\":{\"@type\":\"PropertyValueSpecification\",\"valueRequired\":true,\"valueName\":\"search_term_string\"}}],\"inLanguage\":\"pt-BR\"},{\"@type\":\"Organization\",\"@id\":\"https:\\\/\\\/atividademapa.com\\\/#organization\",\"name\":\"Atividade MAPA\",\"url\":\"https:\\\/\\\/atividademapa.com\\\/\",\"logo\":{\"@type\":\"ImageObject\",\"inLanguage\":\"pt-BR\",\"@id\":\"https:\\\/\\\/atividademapa.com\\\/#\\\/schema\\\/logo\\\/image\\\/\",\"url\":\"https:\\\/\\\/i0.wp.com\\\/atividademapa.com\\\/wp-content\\\/uploads\\\/2023\\\/02\\\/ATIVIDADE.png?fit=600%2C300&ssl=1\",\"contentUrl\":\"https:\\\/\\\/i0.wp.com\\\/atividademapa.com\\\/wp-content\\\/uploads\\\/2023\\\/02\\\/ATIVIDADE.png?fit=600%2C300&ssl=1\",\"width\":600,\"height\":300,\"caption\":\"Atividade MAPA\"},\"image\":{\"@id\":\"https:\\\/\\\/atividademapa.com\\\/#\\\/schema\\\/logo\\\/image\\\/\"}}]}<\/script>\n<!-- \/ Yoast SEO plugin. -->","yoast_head_json":{"title":"MAPA \u2013 CCONT \u2013 CONTROLADORIA \u2013 52_2025","description":"Atividade MAPA \u2013 CCONT \u2013 CONTROLADORIA \u2013 52_2025 &#8902; Unicesumar. Baixe agora mesmo um Mapa Pronto resolvido!","robots":{"index":"index","follow":"follow","max-snippet":"max-snippet:-1","max-image-preview":"max-image-preview:large","max-video-preview":"max-video-preview:-1"},"canonical":"https:\/\/atividademapa.com\/?product=c","og_locale":"pt_BR","og_type":"article","og_title":"MAPA \u2013 CCONT \u2013 CONTROLADORIA \u2013 52_2025","og_description":"Atividade MAPA \u2013 CCONT \u2013 CONTROLADORIA \u2013 52_2025 &#8902; Unicesumar. Baixe agora mesmo um Mapa Pronto resolvido!","og_url":"https:\/\/atividademapa.com\/?product=c","og_site_name":"Atividade Mapa","article_modified_time":"2025-07-02T22:50:12+00:00","og_image":[{"width":300,"height":300,"url":"https:\/\/i0.wp.com\/atividademapa.com\/wp-content\/uploads\/2023\/03\/Atividade-M.A.P.A-3.png?fit=300%2C300&ssl=1","type":"image\/png"}],"twitter_card":"summary_large_image","twitter_misc":{"Est. tempo de leitura":"4 minutos"},"schema":{"@context":"https:\/\/schema.org","@graph":[{"@type":"WebPage","@id":"https:\/\/atividademapa.com\/?product=c","url":"https:\/\/atividademapa.com\/?product=c","name":"MAPA \u2013 CCONT \u2013 CONTROLADORIA \u2013 52_2025","isPartOf":{"@id":"https:\/\/atividademapa.com\/#website"},"primaryImageOfPage":{"@id":"https:\/\/atividademapa.com\/?product=c#primaryimage"},"image":{"@id":"https:\/\/atividademapa.com\/?product=c#primaryimage"},"thumbnailUrl":"https:\/\/i0.wp.com\/atividademapa.com\/wp-content\/uploads\/2023\/03\/Atividade-M.A.P.A-3.png?fit=300%2C300&ssl=1","datePublished":"2025-07-01T00:39:51+00:00","dateModified":"2025-07-02T22:50:12+00:00","description":"Atividade MAPA \u2013 CCONT \u2013 CONTROLADORIA \u2013 52_2025 &#8902; Unicesumar. Baixe agora mesmo um Mapa Pronto resolvido!","breadcrumb":{"@id":"https:\/\/atividademapa.com\/?product=c#breadcrumb"},"inLanguage":"pt-BR","potentialAction":[{"@type":"ReadAction","target":["https:\/\/atividademapa.com\/?product=c"]}]},{"@type":"ImageObject","inLanguage":"pt-BR","@id":"https:\/\/atividademapa.com\/?product=c#primaryimage","url":"https:\/\/i0.wp.com\/atividademapa.com\/wp-content\/uploads\/2023\/03\/Atividade-M.A.P.A-3.png?fit=300%2C300&ssl=1","contentUrl":"https:\/\/i0.wp.com\/atividademapa.com\/wp-content\/uploads\/2023\/03\/Atividade-M.A.P.A-3.png?fit=300%2C300&ssl=1","width":300,"height":300,"caption":"Mapa Unicesumar Atividade"},{"@type":"BreadcrumbList","@id":"https:\/\/atividademapa.com\/?product=c#breadcrumb","itemListElement":[{"@type":"ListItem","position":1,"name":"In\u00edcio","item":"https:\/\/atividademapa.com\/"},{"@type":"ListItem","position":2,"name":"MAPAS","item":"https:\/\/atividademapa.com\/?page_id=5"},{"@type":"ListItem","position":3,"name":"MAPA \u2013 CCONT \u2013 CONTROLADORIA \u2013 52_2025"}]},{"@type":"WebSite","@id":"https:\/\/atividademapa.com\/#website","url":"https:\/\/atividademapa.com\/","name":"Atividade Mapa","description":"StudeO | Unicesumar","publisher":{"@id":"https:\/\/atividademapa.com\/#organization"},"potentialAction":[{"@type":"SearchAction","target":{"@type":"EntryPoint","urlTemplate":"https:\/\/atividademapa.com\/?s={search_term_string}"},"query-input":{"@type":"PropertyValueSpecification","valueRequired":true,"valueName":"search_term_string"}}],"inLanguage":"pt-BR"},{"@type":"Organization","@id":"https:\/\/atividademapa.com\/#organization","name":"Atividade MAPA","url":"https:\/\/atividademapa.com\/","logo":{"@type":"ImageObject","inLanguage":"pt-BR","@id":"https:\/\/atividademapa.com\/#\/schema\/logo\/image\/","url":"https:\/\/i0.wp.com\/atividademapa.com\/wp-content\/uploads\/2023\/02\/ATIVIDADE.png?fit=600%2C300&ssl=1","contentUrl":"https:\/\/i0.wp.com\/atividademapa.com\/wp-content\/uploads\/2023\/02\/ATIVIDADE.png?fit=600%2C300&ssl=1","width":600,"height":300,"caption":"Atividade MAPA"},"image":{"@id":"https:\/\/atividademapa.com\/#\/schema\/logo\/image\/"}}]}},"_links":{"self":[{"href":"https:\/\/atividademapa.com\/index.php?rest_route=\/wp\/v2\/product\/5989","targetHints":{"allow":["GET"]}}],"collection":[{"href":"https:\/\/atividademapa.com\/index.php?rest_route=\/wp\/v2\/product"}],"about":[{"href":"https:\/\/atividademapa.com\/index.php?rest_route=\/wp\/v2\/types\/product"}],"version-history":[{"count":2,"href":"https:\/\/atividademapa.com\/index.php?rest_route=\/wp\/v2\/product\/5989\/revisions"}],"predecessor-version":[{"id":5995,"href":"https:\/\/atividademapa.com\/index.php?rest_route=\/wp\/v2\/product\/5989\/revisions\/5995"}],"wp:featuredmedia":[{"embeddable":true,"href":"https:\/\/atividademapa.com\/index.php?rest_route=\/wp\/v2\/media\/2326"}],"wp:attachment":[{"href":"https:\/\/atividademapa.com\/index.php?rest_route=%2Fwp%2Fv2%2Fmedia&parent=5989"}],"wp:term":[{"taxonomy":"product_brand","embeddable":true,"href":"https:\/\/atividademapa.com\/index.php?rest_route=%2Fwp%2Fv2%2Fproduct_brand&post=5989"},{"taxonomy":"product_cat","embeddable":true,"href":"https:\/\/atividademapa.com\/index.php?rest_route=%2Fwp%2Fv2%2Fproduct_cat&post=5989"},{"taxonomy":"product_tag","embeddable":true,"href":"https:\/\/atividademapa.com\/index.php?rest_route=%2Fwp%2Fv2%2Fproduct_tag&post=5989"}],"curies":[{"name":"wp","href":"https:\/\/api.w.org\/{rel}","templated":true}]}}