{"id":6001,"date":"2025-07-01T21:32:37","date_gmt":"2025-07-02T00:32:37","guid":{"rendered":"https:\/\/atividademapa.com\/?post_type=product&#038;p=6001"},"modified":"2025-07-01T21:32:38","modified_gmt":"2025-07-02T00:32:38","slug":"mapa-gestao-de-projetos-52_2025","status":"publish","type":"product","link":"https:\/\/atividademapa.com\/?product=mapa-gestao-de-projetos-52_2025","title":{"rendered":"MAPA &#8211; GEST\u00c3O DE PROJETOS &#8211; 52_2025"},"content":{"rendered":"<p><strong class=\"ng-scope\">MAPA \u2013 Material de Avalia\u00e7\u00e3o Pr\u00e1tica da Aprendizagem &#8211; GEST\u00c3O DE PROJETOS<\/strong><br class=\"ng-scope\" \/>\u00a0<br class=\"ng-scope\" \/><strong class=\"ng-scope\">Instru\u00e7\u00f5es para realiza\u00e7\u00e3o e entrega da atividade:<\/strong><br class=\"ng-scope\" \/>\u00a0<br class=\"ng-scope\" \/>Todos os campos dever\u00e3o ser devidamente preenchidos.<br class=\"ng-scope\" \/>\u00c9 obrigat\u00f3ria a utiliza\u00e7\u00e3o do modelo para a realiza\u00e7\u00e3o do MAPA (template).<br class=\"ng-scope\" \/>Esta \u00e9 uma atividade individual, visto que trabalhos copiados da internet ou de outros estudantes ser\u00e3o zerados.<br class=\"ng-scope\" \/>O trabalho pode ter quantas p\u00e1ginas voc\u00ea precisar para respond\u00ea-lo, desde que siga a sua estrutura. Preferencialmente, utilizar a formata\u00e7\u00e3o: fonte Arial 12, espa\u00e7amento entre linhas 1,5 linhas e texto justificado.<br class=\"ng-scope\" \/>Assistir ao v\u00eddeo explicativo com orienta\u00e7\u00f5es para o desenvolvimento do MAPA, que consta no ambiente da disciplina.<br class=\"ng-scope\" \/>Ao utilizar quaisquer materiais de pesquisa apresente as refer\u00eancias no final do trabalho em ordem alfab\u00e9tica e conforme as normas da ABNT.<br class=\"ng-scope\" \/>Ap\u00f3s inteiramente respondido, coloque um nome simples no seu arquivo para n\u00e3o haver confus\u00e3o no momento do envio. Se o\u00a0nome\u00a0tiver\u00a0caracteres\u00a0estranhos, principalmente pontos ou for\u00a0muito grande, \u00e9 poss\u00edvel que a equipe de corre\u00e7\u00e3o n\u00e3o consiga abrir o seu trabalho e ele seja zerado.<br class=\"ng-scope\" \/>Voc\u00ea entregar\u00e1 apenas UM ARQUIVO com suas respostas, o trabalho deve ser enviado para corre\u00e7\u00e3o pelo seu Studeo em formato de arquivo doc\/docx ou PDF, na forma de anexo no campo de resposta da atividade MAPA. Caso voc\u00ea utilize OPEN OFFICE ou MAC, transforme o arquivo em PDF para evitar incompatibilidade.<br class=\"ng-scope\" \/>Ao final do enunciado desta atividade, aqui, no Studeo, h\u00e1 uma caixa de envio de arquivo. Basta clicar e selecionar sua atividade ou arrastar o arquivo at\u00e9 ela.<br class=\"ng-scope\" \/><u class=\"ng-scope\"><strong>Antes de clicar em\u00a0FINALIZAR, certifique-se de que est\u00e1 tudo certo,\u00a0pois uma vez\u00a0finalizado voc\u00ea n\u00e3o poder\u00e1 mais modificar o arquivo. Sugerimos que voc\u00ea fa\u00e7a o download para conferir se est\u00e1 de acordo com o arquivo entregue.<\/strong><\/u><br class=\"ng-scope\" \/>\u00a0<br class=\"ng-scope\" \/><strong class=\"ng-scope\">Em caso de d\u00favidas, entre em contato com seu Professor Mediador.<\/strong><br class=\"ng-scope\" \/><strong class=\"ng-scope\">Desejamos<\/strong><strong class=\"ng-scope\">\u00a0a voc\u00ea um excelente trabalho.<\/p>\n<p>CONTEXTUALIZA\u00c7\u00c3O:<\/strong><br class=\"ng-scope\" \/>\u200b<strong class=\"ng-scope\">Projeto de Desenvolvimento de um Novo Doce para a Ind\u00fastria &#8220;V\u00f3 Maria&#8221;.<\/strong><br class=\"ng-scope\" \/>Um projeto pode ser definido como um\u00a0<strong class=\"ng-scope\">esfor\u00e7o tempor\u00e1rio<\/strong>\u00a0empreendido para criar um\u00a0<strong class=\"ng-scope\">produto, servi\u00e7o ou resultado \u00fanico<\/strong>. Isso significa que ele tem come\u00e7o, meio e fim, sendo poss\u00edvel obter uma data de in\u00edcio e uma data de t\u00e9rmino (PMI, 2013). Uma das principais caracter\u00edsticas de um projeto \u00e9 sua\u00a0<strong class=\"ng-scope\">unicidade<\/strong>, pois cada projeto possui especificidades t\u00e9cnicas e disponibilidade de recursos diferentes.<br class=\"ng-scope\" \/>A gest\u00e3o de projetos \u00e9 um\u00a0<strong class=\"ng-scope\">conjunto de pr\u00e1ticas e t\u00e9cnicas utilizadas para planejar, executar, monitorar e controlar projetos<\/strong>\u00a0nos mais variados setores, fornecendo uma estrutura organizacional para transformar ideias inovadoras em resultados tang\u00edveis. N\u00e3o se trata apenas do cumprimento de prazos e or\u00e7amentos, mas tamb\u00e9m da maximiza\u00e7\u00e3o dos dispon\u00edveis, mitiga\u00e7\u00e3o de recursos e entrega de valor real para os stakeholders, tornando-se uma estrat\u00e9gia diferencial para as organiza\u00e7\u00f5es.<br class=\"ng-scope\" \/>Nesse contexto, a ind\u00fastria de doces\u00a0<strong class=\"ng-scope\">\u201cV\u00f3 Maria\u201d<\/strong>\u00a0busca inovar seu portf\u00f3lio e conquistar novos clientes. Para isso, decidimos desenvolver um\u00a0<strong class=\"ng-scope\">novo doce<\/strong>, combinando\u00a0<strong class=\"ng-scope\">sabor, qualidade e inova\u00e7\u00e3o<\/strong>\u00a0para se destacar no mercado.<br class=\"ng-scope\" \/><strong class=\"ng-scope\">Objetivo do Projeto:<\/strong><br class=\"ng-scope\" \/>A ind\u00fastria &#8220;V\u00f3 Maria&#8221; deseja lan\u00e7ar um novo doce que:<br class=\"ng-scope\" \/><strong class=\"ng-scope\">Seja inovador e tenha um diferencial competitivo<\/strong>\u00a0no mercado.<br class=\"ng-scope\" \/><strong class=\"ng-scope\">Tenha um custo de produ\u00e7\u00e3o vi\u00e1vel<\/strong>, garantindo lucratividade.<br class=\"ng-scope\" \/><strong class=\"ng-scope\">Atenda \u00e0s expectativas do p\u00fablico-alvo<\/strong>, considerando sabor, embalagem e apelo visual.<br class=\"ng-scope\" \/><strong class=\"ng-scope\">Esteja alinhado \u00e0s tend\u00eancias do mercado<\/strong>, como doces gourmet, saud\u00e1veis \u200b\u200bou funcionais.<br class=\"ng-scope\" \/><strong class=\"ng-scope\">Cen\u00e1rio da Ind\u00fastria V\u00f3 Maria:<\/strong><br class=\"ng-scope\" \/>A empresa conta com uma equipe de\u00a0<strong class=\"ng-scope\">30 funcion\u00e1rios<\/strong>, que j\u00e1 possuem suas atividades rotineiras na linha de produ\u00e7\u00e3o. Nesse sentido, para execu\u00e7\u00e3o desse projeto, voc\u00ea foi responsabilizado e precisar\u00e1 escolher quem ser\u00e1 sua equipe e como ocorrer\u00e1 esse desenvolvimento do produto.<br class=\"ng-scope\" \/>Como restri\u00e7\u00f5es, o gerente disponibilizou o prazo previsto para o lan\u00e7amento do novo doce \u00e9 de\u00a0<strong class=\"ng-scope\">6 meses<\/strong>, com in\u00edcio em\u00a0<strong class=\"ng-scope\">junho e t\u00e9rmino em dezembro de 2025<\/strong>.<br class=\"ng-scope\" \/><strong class=\"ng-scope\">Desafio:<\/strong><br class=\"ng-scope\" \/>Voc\u00ea foi convidado para ser o\u00a0<strong class=\"ng-scope\">l\u00edder deste projeto,<\/strong>\u00a0e a organiza\u00e7\u00e3o solicita que voc\u00ea desenvolva um\u00a0<strong class=\"ng-scope\">plano detalhado do projeto<\/strong>, contemplando as principais etapas da gest\u00e3o de projetos.\u00a0<strong class=\"ng-scope\">Importante: n\u00e3o \u00e9 necess\u00e1rio desenvolver o doce fisicamente<\/strong>, apenas estruturar o planejamento do projeto.<br class=\"ng-scope\" \/>Para isso, voc\u00ea dever\u00e1 apresentar as seguintes etapas:<br class=\"ng-scope\" \/>a) Elabora\u00e7\u00e3o de um termo de abertura do projeto (n\u00e3o \u00e9 necess\u00e1rio acrescentar or\u00e7amento).<br class=\"ng-scope\" \/>b) Elabora\u00e7\u00e3o da Estrutura Anal\u00edtica do Projeto (EAP) por meio do laborat\u00f3rio virtual dispon\u00edvel em seu Studeo.<br class=\"ng-scope\" \/>c) Elabora\u00e7\u00e3o do cronograma de atividades.<br class=\"ng-scope\" \/>d) A gest\u00e3o de projetos \u00e9 essencial para garantir que as iniciativas empresariais sejam conduzidas de forma eficiente, alinhando recursos, prazos e objetivos estrat\u00e9gicos. Um dos aspectos fundamentais dessa gest\u00e3o \u00e9 a comunica\u00e7\u00e3o eficaz entre os envolvidos. Dessa forma, explique a import\u00e2ncia de um\u00a0<strong class=\"ng-scope\">Plano de Comunica\u00e7\u00e3o<\/strong>\u00a0na gest\u00e3o de projetos e quais benef\u00edcios sua implementa\u00e7\u00e3o pode trazer para o sucesso do projeto.<br class=\"ng-scope\" \/>e) Elabore um\u00a0<strong class=\"ng-scope\">Plano de comunica\u00e7\u00e3o<\/strong>: como ser\u00e1 a comunica\u00e7\u00e3o entre a equipe e as partes interessadas.<\/p>\n","protected":false},"excerpt":{"rendered":"<p>MAPA \u2013 Material de Avalia\u00e7\u00e3o Pr\u00e1tica da Aprendizagem &#8211; GEST\u00c3O DE PROJETOS\u00a0Instru\u00e7\u00f5es para realiza\u00e7\u00e3o e entrega da atividade:\u00a0Todos os campos<\/p>\n","protected":false},"featured_media":2326,"template":"","meta":{"_monsterinsights_skip_tracking":false,"_monsterinsights_sitenote_active":false,"_monsterinsights_sitenote_note":"","_monsterinsights_sitenote_category":0},"product_brand":[],"product_cat":[152],"product_tag":[],"class_list":{"0":"post-6001","1":"product","2":"type-product","3":"status-publish","4":"has-post-thumbnail","6":"product_cat-engenharia-da-producao","8":"first","9":"instock","10":"downloadable","11":"virtual","12":"purchasable","13":"product-type-simple"},"yoast_head":"<!-- This site is optimized with the Yoast SEO plugin v27.4 - https:\/\/yoast.com\/product\/yoast-seo-wordpress\/ -->\n<title>MAPA - GEST\u00c3O DE PROJETOS - 52_2025<\/title>\n<meta name=\"description\" content=\"Atividade MAPA - GEST\u00c3O DE PROJETOS - 52_2025 &#8902; Unicesumar. Baixe agora mesmo um Mapa Pronto resolvido!\" \/>\n<meta name=\"robots\" content=\"index, follow, max-snippet:-1, max-image-preview:large, max-video-preview:-1\" \/>\n<link rel=\"canonical\" href=\"https:\/\/atividademapa.com\/?product=mapa-gestao-de-projetos-52_2025\" \/>\n<meta property=\"og:locale\" content=\"pt_BR\" \/>\n<meta property=\"og:type\" content=\"article\" \/>\n<meta property=\"og:title\" content=\"MAPA - GEST\u00c3O DE PROJETOS - 52_2025\" \/>\n<meta property=\"og:description\" content=\"Atividade MAPA - GEST\u00c3O DE PROJETOS - 52_2025 &#8902; Unicesumar. Baixe agora mesmo um Mapa Pronto resolvido!\" \/>\n<meta property=\"og:url\" content=\"https:\/\/atividademapa.com\/?product=mapa-gestao-de-projetos-52_2025\" \/>\n<meta property=\"og:site_name\" content=\"Atividade Mapa\" \/>\n<meta property=\"article:modified_time\" content=\"2025-07-02T00:32:38+00:00\" \/>\n<meta property=\"og:image\" content=\"https:\/\/i0.wp.com\/atividademapa.com\/wp-content\/uploads\/2023\/03\/Atividade-M.A.P.A-3.png?fit=300%2C300&ssl=1\" \/>\n\t<meta property=\"og:image:width\" content=\"300\" \/>\n\t<meta property=\"og:image:height\" content=\"300\" \/>\n\t<meta property=\"og:image:type\" content=\"image\/png\" \/>\n<meta name=\"twitter:card\" content=\"summary_large_image\" \/>\n<meta name=\"twitter:label1\" content=\"Est. tempo de leitura\" \/>\n\t<meta name=\"twitter:data1\" content=\"4 minutos\" \/>\n<script type=\"application\/ld+json\" class=\"yoast-schema-graph\">{\"@context\":\"https:\\\/\\\/schema.org\",\"@graph\":[{\"@type\":\"WebPage\",\"@id\":\"https:\\\/\\\/atividademapa.com\\\/?product=mapa-gestao-de-projetos-52_2025\",\"url\":\"https:\\\/\\\/atividademapa.com\\\/?product=mapa-gestao-de-projetos-52_2025\",\"name\":\"MAPA - GEST\u00c3O DE PROJETOS - 52_2025\",\"isPartOf\":{\"@id\":\"https:\\\/\\\/atividademapa.com\\\/#website\"},\"primaryImageOfPage\":{\"@id\":\"https:\\\/\\\/atividademapa.com\\\/?product=mapa-gestao-de-projetos-52_2025#primaryimage\"},\"image\":{\"@id\":\"https:\\\/\\\/atividademapa.com\\\/?product=mapa-gestao-de-projetos-52_2025#primaryimage\"},\"thumbnailUrl\":\"https:\\\/\\\/i0.wp.com\\\/atividademapa.com\\\/wp-content\\\/uploads\\\/2023\\\/03\\\/Atividade-M.A.P.A-3.png?fit=300%2C300&ssl=1\",\"datePublished\":\"2025-07-02T00:32:37+00:00\",\"dateModified\":\"2025-07-02T00:32:38+00:00\",\"description\":\"Atividade MAPA - GEST\u00c3O DE PROJETOS - 52_2025 &#8902; Unicesumar. Baixe agora mesmo um Mapa Pronto resolvido!\",\"breadcrumb\":{\"@id\":\"https:\\\/\\\/atividademapa.com\\\/?product=mapa-gestao-de-projetos-52_2025#breadcrumb\"},\"inLanguage\":\"pt-BR\",\"potentialAction\":[{\"@type\":\"ReadAction\",\"target\":[\"https:\\\/\\\/atividademapa.com\\\/?product=mapa-gestao-de-projetos-52_2025\"]}]},{\"@type\":\"ImageObject\",\"inLanguage\":\"pt-BR\",\"@id\":\"https:\\\/\\\/atividademapa.com\\\/?product=mapa-gestao-de-projetos-52_2025#primaryimage\",\"url\":\"https:\\\/\\\/i0.wp.com\\\/atividademapa.com\\\/wp-content\\\/uploads\\\/2023\\\/03\\\/Atividade-M.A.P.A-3.png?fit=300%2C300&ssl=1\",\"contentUrl\":\"https:\\\/\\\/i0.wp.com\\\/atividademapa.com\\\/wp-content\\\/uploads\\\/2023\\\/03\\\/Atividade-M.A.P.A-3.png?fit=300%2C300&ssl=1\",\"width\":300,\"height\":300,\"caption\":\"Mapa Unicesumar Atividade\"},{\"@type\":\"BreadcrumbList\",\"@id\":\"https:\\\/\\\/atividademapa.com\\\/?product=mapa-gestao-de-projetos-52_2025#breadcrumb\",\"itemListElement\":[{\"@type\":\"ListItem\",\"position\":1,\"name\":\"In\u00edcio\",\"item\":\"https:\\\/\\\/atividademapa.com\\\/\"},{\"@type\":\"ListItem\",\"position\":2,\"name\":\"MAPAS\",\"item\":\"https:\\\/\\\/atividademapa.com\\\/?page_id=5\"},{\"@type\":\"ListItem\",\"position\":3,\"name\":\"MAPA &#8211; GEST\u00c3O DE PROJETOS &#8211; 52_2025\"}]},{\"@type\":\"WebSite\",\"@id\":\"https:\\\/\\\/atividademapa.com\\\/#website\",\"url\":\"https:\\\/\\\/atividademapa.com\\\/\",\"name\":\"Atividade Mapa\",\"description\":\"StudeO | Unicesumar\",\"publisher\":{\"@id\":\"https:\\\/\\\/atividademapa.com\\\/#organization\"},\"potentialAction\":[{\"@type\":\"SearchAction\",\"target\":{\"@type\":\"EntryPoint\",\"urlTemplate\":\"https:\\\/\\\/atividademapa.com\\\/?s={search_term_string}\"},\"query-input\":{\"@type\":\"PropertyValueSpecification\",\"valueRequired\":true,\"valueName\":\"search_term_string\"}}],\"inLanguage\":\"pt-BR\"},{\"@type\":\"Organization\",\"@id\":\"https:\\\/\\\/atividademapa.com\\\/#organization\",\"name\":\"Atividade MAPA\",\"url\":\"https:\\\/\\\/atividademapa.com\\\/\",\"logo\":{\"@type\":\"ImageObject\",\"inLanguage\":\"pt-BR\",\"@id\":\"https:\\\/\\\/atividademapa.com\\\/#\\\/schema\\\/logo\\\/image\\\/\",\"url\":\"https:\\\/\\\/i0.wp.com\\\/atividademapa.com\\\/wp-content\\\/uploads\\\/2023\\\/02\\\/ATIVIDADE.png?fit=600%2C300&ssl=1\",\"contentUrl\":\"https:\\\/\\\/i0.wp.com\\\/atividademapa.com\\\/wp-content\\\/uploads\\\/2023\\\/02\\\/ATIVIDADE.png?fit=600%2C300&ssl=1\",\"width\":600,\"height\":300,\"caption\":\"Atividade MAPA\"},\"image\":{\"@id\":\"https:\\\/\\\/atividademapa.com\\\/#\\\/schema\\\/logo\\\/image\\\/\"}}]}<\/script>\n<!-- \/ Yoast SEO plugin. -->","yoast_head_json":{"title":"MAPA - GEST\u00c3O DE PROJETOS - 52_2025","description":"Atividade MAPA - GEST\u00c3O DE PROJETOS - 52_2025 &#8902; Unicesumar. Baixe agora mesmo um Mapa Pronto resolvido!","robots":{"index":"index","follow":"follow","max-snippet":"max-snippet:-1","max-image-preview":"max-image-preview:large","max-video-preview":"max-video-preview:-1"},"canonical":"https:\/\/atividademapa.com\/?product=mapa-gestao-de-projetos-52_2025","og_locale":"pt_BR","og_type":"article","og_title":"MAPA - GEST\u00c3O DE PROJETOS - 52_2025","og_description":"Atividade MAPA - GEST\u00c3O DE PROJETOS - 52_2025 &#8902; Unicesumar. Baixe agora mesmo um Mapa Pronto resolvido!","og_url":"https:\/\/atividademapa.com\/?product=mapa-gestao-de-projetos-52_2025","og_site_name":"Atividade Mapa","article_modified_time":"2025-07-02T00:32:38+00:00","og_image":[{"width":300,"height":300,"url":"https:\/\/i0.wp.com\/atividademapa.com\/wp-content\/uploads\/2023\/03\/Atividade-M.A.P.A-3.png?fit=300%2C300&ssl=1","type":"image\/png"}],"twitter_card":"summary_large_image","twitter_misc":{"Est. tempo de leitura":"4 minutos"},"schema":{"@context":"https:\/\/schema.org","@graph":[{"@type":"WebPage","@id":"https:\/\/atividademapa.com\/?product=mapa-gestao-de-projetos-52_2025","url":"https:\/\/atividademapa.com\/?product=mapa-gestao-de-projetos-52_2025","name":"MAPA - GEST\u00c3O DE PROJETOS - 52_2025","isPartOf":{"@id":"https:\/\/atividademapa.com\/#website"},"primaryImageOfPage":{"@id":"https:\/\/atividademapa.com\/?product=mapa-gestao-de-projetos-52_2025#primaryimage"},"image":{"@id":"https:\/\/atividademapa.com\/?product=mapa-gestao-de-projetos-52_2025#primaryimage"},"thumbnailUrl":"https:\/\/i0.wp.com\/atividademapa.com\/wp-content\/uploads\/2023\/03\/Atividade-M.A.P.A-3.png?fit=300%2C300&ssl=1","datePublished":"2025-07-02T00:32:37+00:00","dateModified":"2025-07-02T00:32:38+00:00","description":"Atividade MAPA - GEST\u00c3O DE PROJETOS - 52_2025 &#8902; Unicesumar. Baixe agora mesmo um Mapa Pronto resolvido!","breadcrumb":{"@id":"https:\/\/atividademapa.com\/?product=mapa-gestao-de-projetos-52_2025#breadcrumb"},"inLanguage":"pt-BR","potentialAction":[{"@type":"ReadAction","target":["https:\/\/atividademapa.com\/?product=mapa-gestao-de-projetos-52_2025"]}]},{"@type":"ImageObject","inLanguage":"pt-BR","@id":"https:\/\/atividademapa.com\/?product=mapa-gestao-de-projetos-52_2025#primaryimage","url":"https:\/\/i0.wp.com\/atividademapa.com\/wp-content\/uploads\/2023\/03\/Atividade-M.A.P.A-3.png?fit=300%2C300&ssl=1","contentUrl":"https:\/\/i0.wp.com\/atividademapa.com\/wp-content\/uploads\/2023\/03\/Atividade-M.A.P.A-3.png?fit=300%2C300&ssl=1","width":300,"height":300,"caption":"Mapa Unicesumar Atividade"},{"@type":"BreadcrumbList","@id":"https:\/\/atividademapa.com\/?product=mapa-gestao-de-projetos-52_2025#breadcrumb","itemListElement":[{"@type":"ListItem","position":1,"name":"In\u00edcio","item":"https:\/\/atividademapa.com\/"},{"@type":"ListItem","position":2,"name":"MAPAS","item":"https:\/\/atividademapa.com\/?page_id=5"},{"@type":"ListItem","position":3,"name":"MAPA &#8211; GEST\u00c3O DE PROJETOS &#8211; 52_2025"}]},{"@type":"WebSite","@id":"https:\/\/atividademapa.com\/#website","url":"https:\/\/atividademapa.com\/","name":"Atividade Mapa","description":"StudeO | Unicesumar","publisher":{"@id":"https:\/\/atividademapa.com\/#organization"},"potentialAction":[{"@type":"SearchAction","target":{"@type":"EntryPoint","urlTemplate":"https:\/\/atividademapa.com\/?s={search_term_string}"},"query-input":{"@type":"PropertyValueSpecification","valueRequired":true,"valueName":"search_term_string"}}],"inLanguage":"pt-BR"},{"@type":"Organization","@id":"https:\/\/atividademapa.com\/#organization","name":"Atividade MAPA","url":"https:\/\/atividademapa.com\/","logo":{"@type":"ImageObject","inLanguage":"pt-BR","@id":"https:\/\/atividademapa.com\/#\/schema\/logo\/image\/","url":"https:\/\/i0.wp.com\/atividademapa.com\/wp-content\/uploads\/2023\/02\/ATIVIDADE.png?fit=600%2C300&ssl=1","contentUrl":"https:\/\/i0.wp.com\/atividademapa.com\/wp-content\/uploads\/2023\/02\/ATIVIDADE.png?fit=600%2C300&ssl=1","width":600,"height":300,"caption":"Atividade MAPA"},"image":{"@id":"https:\/\/atividademapa.com\/#\/schema\/logo\/image\/"}}]}},"_links":{"self":[{"href":"https:\/\/atividademapa.com\/index.php?rest_route=\/wp\/v2\/product\/6001","targetHints":{"allow":["GET"]}}],"collection":[{"href":"https:\/\/atividademapa.com\/index.php?rest_route=\/wp\/v2\/product"}],"about":[{"href":"https:\/\/atividademapa.com\/index.php?rest_route=\/wp\/v2\/types\/product"}],"version-history":[{"count":1,"href":"https:\/\/atividademapa.com\/index.php?rest_route=\/wp\/v2\/product\/6001\/revisions"}],"predecessor-version":[{"id":6003,"href":"https:\/\/atividademapa.com\/index.php?rest_route=\/wp\/v2\/product\/6001\/revisions\/6003"}],"wp:featuredmedia":[{"embeddable":true,"href":"https:\/\/atividademapa.com\/index.php?rest_route=\/wp\/v2\/media\/2326"}],"wp:attachment":[{"href":"https:\/\/atividademapa.com\/index.php?rest_route=%2Fwp%2Fv2%2Fmedia&parent=6001"}],"wp:term":[{"taxonomy":"product_brand","embeddable":true,"href":"https:\/\/atividademapa.com\/index.php?rest_route=%2Fwp%2Fv2%2Fproduct_brand&post=6001"},{"taxonomy":"product_cat","embeddable":true,"href":"https:\/\/atividademapa.com\/index.php?rest_route=%2Fwp%2Fv2%2Fproduct_cat&post=6001"},{"taxonomy":"product_tag","embeddable":true,"href":"https:\/\/atividademapa.com\/index.php?rest_route=%2Fwp%2Fv2%2Fproduct_tag&post=6001"}],"curies":[{"name":"wp","href":"https:\/\/api.w.org\/{rel}","templated":true}]}}