{"id":6004,"date":"2025-07-01T21:35:48","date_gmt":"2025-07-02T00:35:48","guid":{"rendered":"https:\/\/atividademapa.com\/?post_type=product&#038;p=6004"},"modified":"2025-07-01T21:35:49","modified_gmt":"2025-07-02T00:35:49","slug":"mapa-logistica-empresarial-52_2025","status":"publish","type":"product","link":"https:\/\/atividademapa.com\/?product=mapa-logistica-empresarial-52_2025","title":{"rendered":"MAPA &#8211; LOG\u00cdSTICA EMPRESARIAL &#8211; 52_2025"},"content":{"rendered":"<div class=\"panel-heading\">\n<div class=\"panel-title cursor ng-binding\" data-toggle=\"collapse\">Quest\u00e3o 1<\/div>\n<div class=\"panel-controls\">\n<ul>\n<li><\/li>\n<\/ul>\n<\/div>\n<\/div>\n<div class=\"panel-body p-t-20 b-t b-grey\">\n<div class=\"enunciado ng-binding\"><strong class=\"ng-scope\">MAPA \u2013 Material de Avalia\u00e7\u00e3o Pr\u00e1tica da Aprendizagem\u00a0\u2013 LOG\u00cdSTICA EMPRESARIAL<\/strong><br class=\"ng-scope\" \/>\u00a0<br class=\"ng-scope\" \/><strong class=\"ng-scope\">Instru\u00e7\u00f5es para realiza\u00e7\u00e3o e entrega da atividade:<\/strong><br class=\"ng-scope\" \/>\u00a0<br class=\"ng-scope\" \/>Todos os campos dever\u00e3o ser devidamente preenchidos.<br class=\"ng-scope\" \/><strong class=\"ng-scope\">\u00c9 obrigat\u00f3ria a utiliza\u00e7\u00e3o do formul\u00e1rio para a realiza\u00e7\u00e3o do MAPA (template).<\/strong><br class=\"ng-scope\" \/>Esta \u00e9 uma atividade individual, visto que trabalhos copiados da internet ou de outros estudantes ser\u00e3o zerados.<br class=\"ng-scope\" \/>O trabalho pode ter quantas p\u00e1ginas voc\u00ea precisar para respond\u00ea-lo, desde que siga a sua estrutura. Preferencialmente, utilizar a formata\u00e7\u00e3o: fonte Arial 12, espa\u00e7amento entre linhas 1,5 linhas e texto justificado.<br class=\"ng-scope\" \/>Assistir ao v\u00eddeo explicativo com orienta\u00e7\u00f5es para o desenvolvimento do MAPA, dentro do ambiente da disciplina.<br class=\"ng-scope\" \/>Ao utilizar quaisquer materiais de pesquisa apresente as refer\u00eancias no final do trabalho em ordem alfab\u00e9tica e conforme as normas da ABNT.<br class=\"ng-scope\" \/>Ap\u00f3s inteiramente respondido, coloque um nome simples no seu arquivo para n\u00e3o haver confus\u00e3o no momento do envio. Se o\u00a0nome\u00a0tiver\u00a0caracteres\u00a0estranhos, principalmente pontos ou for\u00a0muito grande, \u00e9 poss\u00edvel que a equipe de corre\u00e7\u00e3o n\u00e3o consiga abrir o seu trabalho e ele seja zerado.<br class=\"ng-scope\" \/>Voc\u00ea entregar\u00e1 apenas UM ARQUIVO com suas respostas, o trabalho deve ser enviado para corre\u00e7\u00e3o pelo seu Studeo em formato de arquivo doc\/docx ou PDF, na forma de anexo no campo de resposta da atividade MAPA. Caso voc\u00ea utilize OPEN OFFICE ou MAC, transforme o arquivo em PDF para evitar incompatibilidade.<br class=\"ng-scope\" \/>Ao final do enunciado desta atividade, aqui, no Studeo, h\u00e1 uma caixa de envio de arquivo. Basta clicar e selecionar sua atividade ou arrastar o arquivo at\u00e9 ela.<br class=\"ng-scope\" \/>Antes de clicar em\u00a0FINALIZAR, certifique-se de que est\u00e1 tudo certo,\u00a0pois uma vez\u00a0finalizado voc\u00ea n\u00e3o poder\u00e1 mais modificar o arquivo. Sugerimos que voc\u00ea fa\u00e7a o download para conferir se est\u00e1 de acordo com o arquivo entregue.<br class=\"ng-scope\" \/>\u00a0<br class=\"ng-scope\" \/><strong class=\"ng-scope\">Em caso de d\u00favidas, entre em contato com seu Professor Mediador.<\/strong><br class=\"ng-scope\" \/><strong class=\"ng-scope\">Desejamos<\/strong><strong class=\"ng-scope\">\u00a0a voc\u00ea um excelente trabalho<\/p>\n<p>CONTEXTUALIZA\u00c7\u00c3O:<\/strong><br class=\"ng-scope\" \/>\u200bA armazenagem desempenha um papel estrat\u00e9gico na gest\u00e3o log\u00edstica, impactando diretamente a efici\u00eancia operacional, os custos e a experi\u00eancia do cliente. Um sistema de armazenagem bem estruturado contribui para a fluidez dos processos, a conserva\u00e7\u00e3o adequada dos produtos e a minimiza\u00e7\u00e3o de perdas.<br class=\"ng-scope\" \/><br class=\"ng-scope\" \/>Segundo Paoleschi (2014, p. 17), armazenagem \u00e9 \u201ca administra\u00e7\u00e3o do espa\u00e7o necess\u00e1rio para receber, movimentar e manter os estoques\u201d. A palavra-chave nesse conceito \u00e9 \u201cadministra\u00e7\u00e3o\u201d, o que refor\u00e7a que a armazenagem deve ser gerida de forma estruturada, e n\u00e3o realizada de maneira aleat\u00f3ria. A efici\u00eancia desse processo depende de um planejamento adequado, do uso de boas pr\u00e1ticas e da aplica\u00e7\u00e3o de estrat\u00e9gias log\u00edsticas eficientes.<br class=\"ng-scope\" \/><br class=\"ng-scope\" \/>PAOLESCHI, B.\u00a0<strong class=\"ng-scope\">Estoques e armazenagem<\/strong>. S\u00e3o Paulo: \u00c9rica, 2014.<br class=\"ng-scope\" \/><br class=\"ng-scope\" \/>A atividade MAPA de Log\u00edstica Empresarial est\u00e1 dividida em duas etapas:<br class=\"ng-scope\" \/><br class=\"ng-scope\" \/><strong class=\"ng-scope\">PRIMEIRA ETAPA<\/strong><br class=\"ng-scope\" \/><br class=\"ng-scope\" \/>Escolha uma empresa do setor de produtos e\/ou servi\u00e7os (preferencialmente uma na qual voc\u00ea tenha experi\u00eancia profissional) e siga as orienta\u00e7\u00f5es a seguir:<br class=\"ng-scope\" \/><br class=\"ng-scope\" \/>a) Elabore um diagn\u00f3stico detalhado das pr\u00e1ticas de armazenagem utilizadas pela empresa, descrevendo o cen\u00e1rio atual e classificando-as com base nos conceitos e classifica\u00e7\u00f5es presentes na literatura.<br class=\"ng-scope\" \/><br class=\"ng-scope\" \/>b)\u00a0Elabore o layout atual do armaz\u00e9m da empresa, e fa\u00e7a uma an\u00e1lise cr\u00edtica. O software e\/ou programa para elabora\u00e7\u00e3o \u00e9 livre.<br class=\"ng-scope\" \/><br class=\"ng-scope\" \/>c)\u00a0Projete um layout otimizado para o armaz\u00e9m da empresa analisada, considerando:<br class=\"ng-scope\" \/><br class=\"ng-scope\" \/>\u00a0 \u00a0 \u00a0 &#8211; A disposi\u00e7\u00e3o f\u00edsica dos produtos e corredores, garantindo efici\u00eancia no fluxo de movimenta\u00e7\u00e3o.<br class=\"ng-scope\" \/>\u00a0 \u00a0 \u00a0 &#8211; A organiza\u00e7\u00e3o das \u00e1reas de recebimento, estocagem, separa\u00e7\u00e3o e expedi\u00e7\u00e3o, promovendo uma opera\u00e7\u00e3o l\u00f3gica e produtiva.<br class=\"ng-scope\" \/>\u00a0 \u00a0 \u00a0 &#8211; A escolha do tipo de armazenagem mais adequado aos produtos ou materiais da empresa, alinhando-se \u00e0s melhores pr\u00e1ticas log\u00edsticas.<br class=\"ng-scope\" \/><br class=\"ng-scope\" \/><strong class=\"ng-scope\">SEGUNDA ETAPA<\/strong><br class=\"ng-scope\" \/><br class=\"ng-scope\" \/>Na gest\u00e3o e otimiza\u00e7\u00e3o da armazenagem, \u00e9 essencial adotar solu\u00e7\u00f5es mais eficazes para a administra\u00e7\u00e3o e gest\u00e3o da armazenagem. Com base nos conceitos estudados, responda \u00e0s quest\u00f5es a seguir:<br class=\"ng-scope\" \/><br class=\"ng-scope\" \/>a) De que forma equipamentos como empilhadeiras, paleteiras e esteiras transportadoras podem contribuir para a otimiza\u00e7\u00e3o dos processos dentro dos armaz\u00e9ns?\u200b<br class=\"ng-scope\" \/><br class=\"ng-scope\" \/>b) Quais estrat\u00e9gias podem ser adotadas para reduzir custos operacionais, otimizar o uso do espa\u00e7o e aumentar a seguran\u00e7a no armaz\u00e9m, alinhando-se \u00e0s melhores pr\u00e1ticas de armazenagem?\u200b<br class=\"ng-scope\" \/><br class=\"ng-scope\" \/>c) Qual \u00e9 a import\u00e2ncia do mapeamento de processos para a melhoria cont\u00ednua da armazenagem? De que maneira as leis da movimenta\u00e7\u00e3o de materiais podem ser aplicadas na empresa analisada para aumentar a efici\u00eancia operacional?\u200b<\/div>\n<\/div>\n","protected":false},"excerpt":{"rendered":"<p>Quest\u00e3o 1 MAPA \u2013 Material de Avalia\u00e7\u00e3o Pr\u00e1tica da Aprendizagem\u00a0\u2013 LOG\u00cdSTICA EMPRESARIAL\u00a0Instru\u00e7\u00f5es para realiza\u00e7\u00e3o e entrega da atividade:\u00a0Todos os campos<\/p>\n","protected":false},"featured_media":2326,"template":"","meta":{"_monsterinsights_skip_tracking":false,"_monsterinsights_sitenote_active":false,"_monsterinsights_sitenote_note":"","_monsterinsights_sitenote_category":0},"product_brand":[],"product_cat":[152],"product_tag":[],"class_list":{"0":"post-6004","1":"product","2":"type-product","3":"status-publish","4":"has-post-thumbnail","6":"product_cat-engenharia-da-producao","8":"first","9":"instock","10":"downloadable","11":"virtual","12":"purchasable","13":"product-type-simple"},"yoast_head":"<!-- This site is optimized with the Yoast SEO plugin v27.4 - https:\/\/yoast.com\/product\/yoast-seo-wordpress\/ -->\n<title>MAPA - LOG\u00cdSTICA EMPRESARIAL - 52_2025<\/title>\n<meta name=\"description\" content=\"Atividade MAPA - LOG\u00cdSTICA EMPRESARIAL - 52_2025 &#8902; Unicesumar. Baixe agora mesmo um Mapa Pronto resolvido!\" \/>\n<meta name=\"robots\" content=\"index, follow, max-snippet:-1, max-image-preview:large, max-video-preview:-1\" \/>\n<link rel=\"canonical\" href=\"https:\/\/atividademapa.com\/?product=mapa-logistica-empresarial-52_2025\" \/>\n<meta property=\"og:locale\" content=\"pt_BR\" \/>\n<meta property=\"og:type\" content=\"article\" \/>\n<meta property=\"og:title\" content=\"MAPA - LOG\u00cdSTICA EMPRESARIAL - 52_2025\" \/>\n<meta property=\"og:description\" content=\"Atividade MAPA - LOG\u00cdSTICA EMPRESARIAL - 52_2025 &#8902; Unicesumar. Baixe agora mesmo um Mapa Pronto resolvido!\" \/>\n<meta property=\"og:url\" content=\"https:\/\/atividademapa.com\/?product=mapa-logistica-empresarial-52_2025\" \/>\n<meta property=\"og:site_name\" content=\"Atividade Mapa\" \/>\n<meta property=\"article:modified_time\" content=\"2025-07-02T00:35:49+00:00\" \/>\n<meta property=\"og:image\" content=\"https:\/\/i0.wp.com\/atividademapa.com\/wp-content\/uploads\/2023\/03\/Atividade-M.A.P.A-3.png?fit=300%2C300&ssl=1\" \/>\n\t<meta property=\"og:image:width\" content=\"300\" \/>\n\t<meta property=\"og:image:height\" content=\"300\" \/>\n\t<meta property=\"og:image:type\" content=\"image\/png\" \/>\n<meta name=\"twitter:card\" content=\"summary_large_image\" \/>\n<meta name=\"twitter:label1\" content=\"Est. tempo de leitura\" \/>\n\t<meta name=\"twitter:data1\" content=\"4 minutos\" \/>\n<script type=\"application\/ld+json\" class=\"yoast-schema-graph\">{\"@context\":\"https:\\\/\\\/schema.org\",\"@graph\":[{\"@type\":\"WebPage\",\"@id\":\"https:\\\/\\\/atividademapa.com\\\/?product=mapa-logistica-empresarial-52_2025\",\"url\":\"https:\\\/\\\/atividademapa.com\\\/?product=mapa-logistica-empresarial-52_2025\",\"name\":\"MAPA - LOG\u00cdSTICA EMPRESARIAL - 52_2025\",\"isPartOf\":{\"@id\":\"https:\\\/\\\/atividademapa.com\\\/#website\"},\"primaryImageOfPage\":{\"@id\":\"https:\\\/\\\/atividademapa.com\\\/?product=mapa-logistica-empresarial-52_2025#primaryimage\"},\"image\":{\"@id\":\"https:\\\/\\\/atividademapa.com\\\/?product=mapa-logistica-empresarial-52_2025#primaryimage\"},\"thumbnailUrl\":\"https:\\\/\\\/i0.wp.com\\\/atividademapa.com\\\/wp-content\\\/uploads\\\/2023\\\/03\\\/Atividade-M.A.P.A-3.png?fit=300%2C300&ssl=1\",\"datePublished\":\"2025-07-02T00:35:48+00:00\",\"dateModified\":\"2025-07-02T00:35:49+00:00\",\"description\":\"Atividade MAPA - LOG\u00cdSTICA EMPRESARIAL - 52_2025 &#8902; Unicesumar. Baixe agora mesmo um Mapa Pronto resolvido!\",\"breadcrumb\":{\"@id\":\"https:\\\/\\\/atividademapa.com\\\/?product=mapa-logistica-empresarial-52_2025#breadcrumb\"},\"inLanguage\":\"pt-BR\",\"potentialAction\":[{\"@type\":\"ReadAction\",\"target\":[\"https:\\\/\\\/atividademapa.com\\\/?product=mapa-logistica-empresarial-52_2025\"]}]},{\"@type\":\"ImageObject\",\"inLanguage\":\"pt-BR\",\"@id\":\"https:\\\/\\\/atividademapa.com\\\/?product=mapa-logistica-empresarial-52_2025#primaryimage\",\"url\":\"https:\\\/\\\/i0.wp.com\\\/atividademapa.com\\\/wp-content\\\/uploads\\\/2023\\\/03\\\/Atividade-M.A.P.A-3.png?fit=300%2C300&ssl=1\",\"contentUrl\":\"https:\\\/\\\/i0.wp.com\\\/atividademapa.com\\\/wp-content\\\/uploads\\\/2023\\\/03\\\/Atividade-M.A.P.A-3.png?fit=300%2C300&ssl=1\",\"width\":300,\"height\":300,\"caption\":\"Mapa Unicesumar Atividade\"},{\"@type\":\"BreadcrumbList\",\"@id\":\"https:\\\/\\\/atividademapa.com\\\/?product=mapa-logistica-empresarial-52_2025#breadcrumb\",\"itemListElement\":[{\"@type\":\"ListItem\",\"position\":1,\"name\":\"In\u00edcio\",\"item\":\"https:\\\/\\\/atividademapa.com\\\/\"},{\"@type\":\"ListItem\",\"position\":2,\"name\":\"MAPAS\",\"item\":\"https:\\\/\\\/atividademapa.com\\\/?page_id=5\"},{\"@type\":\"ListItem\",\"position\":3,\"name\":\"MAPA &#8211; LOG\u00cdSTICA EMPRESARIAL &#8211; 52_2025\"}]},{\"@type\":\"WebSite\",\"@id\":\"https:\\\/\\\/atividademapa.com\\\/#website\",\"url\":\"https:\\\/\\\/atividademapa.com\\\/\",\"name\":\"Atividade Mapa\",\"description\":\"StudeO | Unicesumar\",\"publisher\":{\"@id\":\"https:\\\/\\\/atividademapa.com\\\/#organization\"},\"potentialAction\":[{\"@type\":\"SearchAction\",\"target\":{\"@type\":\"EntryPoint\",\"urlTemplate\":\"https:\\\/\\\/atividademapa.com\\\/?s={search_term_string}\"},\"query-input\":{\"@type\":\"PropertyValueSpecification\",\"valueRequired\":true,\"valueName\":\"search_term_string\"}}],\"inLanguage\":\"pt-BR\"},{\"@type\":\"Organization\",\"@id\":\"https:\\\/\\\/atividademapa.com\\\/#organization\",\"name\":\"Atividade MAPA\",\"url\":\"https:\\\/\\\/atividademapa.com\\\/\",\"logo\":{\"@type\":\"ImageObject\",\"inLanguage\":\"pt-BR\",\"@id\":\"https:\\\/\\\/atividademapa.com\\\/#\\\/schema\\\/logo\\\/image\\\/\",\"url\":\"https:\\\/\\\/i0.wp.com\\\/atividademapa.com\\\/wp-content\\\/uploads\\\/2023\\\/02\\\/ATIVIDADE.png?fit=600%2C300&ssl=1\",\"contentUrl\":\"https:\\\/\\\/i0.wp.com\\\/atividademapa.com\\\/wp-content\\\/uploads\\\/2023\\\/02\\\/ATIVIDADE.png?fit=600%2C300&ssl=1\",\"width\":600,\"height\":300,\"caption\":\"Atividade MAPA\"},\"image\":{\"@id\":\"https:\\\/\\\/atividademapa.com\\\/#\\\/schema\\\/logo\\\/image\\\/\"}}]}<\/script>\n<!-- \/ Yoast SEO plugin. -->","yoast_head_json":{"title":"MAPA - LOG\u00cdSTICA EMPRESARIAL - 52_2025","description":"Atividade MAPA - LOG\u00cdSTICA EMPRESARIAL - 52_2025 &#8902; Unicesumar. Baixe agora mesmo um Mapa Pronto resolvido!","robots":{"index":"index","follow":"follow","max-snippet":"max-snippet:-1","max-image-preview":"max-image-preview:large","max-video-preview":"max-video-preview:-1"},"canonical":"https:\/\/atividademapa.com\/?product=mapa-logistica-empresarial-52_2025","og_locale":"pt_BR","og_type":"article","og_title":"MAPA - LOG\u00cdSTICA EMPRESARIAL - 52_2025","og_description":"Atividade MAPA - LOG\u00cdSTICA EMPRESARIAL - 52_2025 &#8902; Unicesumar. Baixe agora mesmo um Mapa Pronto resolvido!","og_url":"https:\/\/atividademapa.com\/?product=mapa-logistica-empresarial-52_2025","og_site_name":"Atividade Mapa","article_modified_time":"2025-07-02T00:35:49+00:00","og_image":[{"width":300,"height":300,"url":"https:\/\/i0.wp.com\/atividademapa.com\/wp-content\/uploads\/2023\/03\/Atividade-M.A.P.A-3.png?fit=300%2C300&ssl=1","type":"image\/png"}],"twitter_card":"summary_large_image","twitter_misc":{"Est. tempo de leitura":"4 minutos"},"schema":{"@context":"https:\/\/schema.org","@graph":[{"@type":"WebPage","@id":"https:\/\/atividademapa.com\/?product=mapa-logistica-empresarial-52_2025","url":"https:\/\/atividademapa.com\/?product=mapa-logistica-empresarial-52_2025","name":"MAPA - LOG\u00cdSTICA EMPRESARIAL - 52_2025","isPartOf":{"@id":"https:\/\/atividademapa.com\/#website"},"primaryImageOfPage":{"@id":"https:\/\/atividademapa.com\/?product=mapa-logistica-empresarial-52_2025#primaryimage"},"image":{"@id":"https:\/\/atividademapa.com\/?product=mapa-logistica-empresarial-52_2025#primaryimage"},"thumbnailUrl":"https:\/\/i0.wp.com\/atividademapa.com\/wp-content\/uploads\/2023\/03\/Atividade-M.A.P.A-3.png?fit=300%2C300&ssl=1","datePublished":"2025-07-02T00:35:48+00:00","dateModified":"2025-07-02T00:35:49+00:00","description":"Atividade MAPA - LOG\u00cdSTICA EMPRESARIAL - 52_2025 &#8902; Unicesumar. Baixe agora mesmo um Mapa Pronto resolvido!","breadcrumb":{"@id":"https:\/\/atividademapa.com\/?product=mapa-logistica-empresarial-52_2025#breadcrumb"},"inLanguage":"pt-BR","potentialAction":[{"@type":"ReadAction","target":["https:\/\/atividademapa.com\/?product=mapa-logistica-empresarial-52_2025"]}]},{"@type":"ImageObject","inLanguage":"pt-BR","@id":"https:\/\/atividademapa.com\/?product=mapa-logistica-empresarial-52_2025#primaryimage","url":"https:\/\/i0.wp.com\/atividademapa.com\/wp-content\/uploads\/2023\/03\/Atividade-M.A.P.A-3.png?fit=300%2C300&ssl=1","contentUrl":"https:\/\/i0.wp.com\/atividademapa.com\/wp-content\/uploads\/2023\/03\/Atividade-M.A.P.A-3.png?fit=300%2C300&ssl=1","width":300,"height":300,"caption":"Mapa Unicesumar Atividade"},{"@type":"BreadcrumbList","@id":"https:\/\/atividademapa.com\/?product=mapa-logistica-empresarial-52_2025#breadcrumb","itemListElement":[{"@type":"ListItem","position":1,"name":"In\u00edcio","item":"https:\/\/atividademapa.com\/"},{"@type":"ListItem","position":2,"name":"MAPAS","item":"https:\/\/atividademapa.com\/?page_id=5"},{"@type":"ListItem","position":3,"name":"MAPA &#8211; LOG\u00cdSTICA EMPRESARIAL &#8211; 52_2025"}]},{"@type":"WebSite","@id":"https:\/\/atividademapa.com\/#website","url":"https:\/\/atividademapa.com\/","name":"Atividade Mapa","description":"StudeO | Unicesumar","publisher":{"@id":"https:\/\/atividademapa.com\/#organization"},"potentialAction":[{"@type":"SearchAction","target":{"@type":"EntryPoint","urlTemplate":"https:\/\/atividademapa.com\/?s={search_term_string}"},"query-input":{"@type":"PropertyValueSpecification","valueRequired":true,"valueName":"search_term_string"}}],"inLanguage":"pt-BR"},{"@type":"Organization","@id":"https:\/\/atividademapa.com\/#organization","name":"Atividade MAPA","url":"https:\/\/atividademapa.com\/","logo":{"@type":"ImageObject","inLanguage":"pt-BR","@id":"https:\/\/atividademapa.com\/#\/schema\/logo\/image\/","url":"https:\/\/i0.wp.com\/atividademapa.com\/wp-content\/uploads\/2023\/02\/ATIVIDADE.png?fit=600%2C300&ssl=1","contentUrl":"https:\/\/i0.wp.com\/atividademapa.com\/wp-content\/uploads\/2023\/02\/ATIVIDADE.png?fit=600%2C300&ssl=1","width":600,"height":300,"caption":"Atividade MAPA"},"image":{"@id":"https:\/\/atividademapa.com\/#\/schema\/logo\/image\/"}}]}},"_links":{"self":[{"href":"https:\/\/atividademapa.com\/index.php?rest_route=\/wp\/v2\/product\/6004","targetHints":{"allow":["GET"]}}],"collection":[{"href":"https:\/\/atividademapa.com\/index.php?rest_route=\/wp\/v2\/product"}],"about":[{"href":"https:\/\/atividademapa.com\/index.php?rest_route=\/wp\/v2\/types\/product"}],"version-history":[{"count":1,"href":"https:\/\/atividademapa.com\/index.php?rest_route=\/wp\/v2\/product\/6004\/revisions"}],"predecessor-version":[{"id":6006,"href":"https:\/\/atividademapa.com\/index.php?rest_route=\/wp\/v2\/product\/6004\/revisions\/6006"}],"wp:featuredmedia":[{"embeddable":true,"href":"https:\/\/atividademapa.com\/index.php?rest_route=\/wp\/v2\/media\/2326"}],"wp:attachment":[{"href":"https:\/\/atividademapa.com\/index.php?rest_route=%2Fwp%2Fv2%2Fmedia&parent=6004"}],"wp:term":[{"taxonomy":"product_brand","embeddable":true,"href":"https:\/\/atividademapa.com\/index.php?rest_route=%2Fwp%2Fv2%2Fproduct_brand&post=6004"},{"taxonomy":"product_cat","embeddable":true,"href":"https:\/\/atividademapa.com\/index.php?rest_route=%2Fwp%2Fv2%2Fproduct_cat&post=6004"},{"taxonomy":"product_tag","embeddable":true,"href":"https:\/\/atividademapa.com\/index.php?rest_route=%2Fwp%2Fv2%2Fproduct_tag&post=6004"}],"curies":[{"name":"wp","href":"https:\/\/api.w.org\/{rel}","templated":true}]}}