{"id":6040,"date":"2025-07-05T23:42:38","date_gmt":"2025-07-06T02:42:38","guid":{"rendered":"https:\/\/atividademapa.com\/?post_type=product&#038;p=6040"},"modified":"2025-07-05T23:42:40","modified_gmt":"2025-07-06T02:42:40","slug":"mapa-gestao-dos-custos-logisticos-52-2025","status":"publish","type":"product","link":"https:\/\/atividademapa.com\/?product=mapa-gestao-dos-custos-logisticos-52-2025","title":{"rendered":"MAPA &#8211; Gest\u00e3o dos Custos Log\u00edsticos &#8211; 52\/2025"},"content":{"rendered":"<p><strong>MAPA &#8211; Gest\u00e3o dos Custos Log\u00edsticos &#8211; 52\/2025<\/strong><\/p>\n<p>Com o r\u00e1pido desenvolvimento do mercado, a capacidade anal\u00edtica dos gestores tornou-se essencial para enfrentar desafios e garantir a competitividade das empresas. Para tomar decis\u00f5es estrat\u00e9gicas e sustentar o crescimento dos neg\u00f3cios, \u00e9 fundamental compreender os custos e despesas envolvidos na presta\u00e7\u00e3o de servi\u00e7os ou na produ\u00e7\u00e3o de bens. Esse conhecimento permite identificar oportunidades de melhoria, precificar corretamente e alcan\u00e7ar resultados financeiros mais eficientes.<\/p>\n<p><strong>Fonte:<\/strong>\u00a0FRAGALLI, A. C.; SILVA, J. M. da; PARDO, P.\u00a0<strong>Gest\u00e3o dos Custos Log\u00edsticos<\/strong>\u00a0Maring\u00e1: UniCesumar, 2020.<\/p>\n<p>Nesse contexto, a\u00a0<strong>R\u00e1pido Cargo<\/strong>, uma transportadora que realiza entregas rodovi\u00e1rias de cargas para diversas cidades do Brasil, enfrenta um desafio: entender melhor seus custos para precificar seus servi\u00e7os corretamente e garantir que sua opera\u00e7\u00e3o seja lucrativa. Como gestor da empresa, sua responsabilidade \u00e9 analisar os dados dispon\u00edveis e tomar decis\u00f5es estrat\u00e9gicas com base nos c\u00e1lculos financeiros.<\/p>\n<p>Abaixo est\u00e3o os dados referentes a uma rota espec\u00edfica da empresa:<\/p>\n<p><strong>&#8211; Pre\u00e7o cobrado por entrega<\/strong>: R$ 500,00<br \/>\n<strong>&#8211; Custo vari\u00e1vel por entrega<\/strong>: R$ 200,00<br \/>\n<strong>&#8211; Despesas vari\u00e1veis por entrega<\/strong>: R$ 50,00<br \/>\n<strong>&#8211; Gastos fixos mensais da empresa<\/strong>: R$ 60.000,00<\/p>\n<p>Com base nessas informa\u00e7\u00f5es, responda:<\/p>\n<p><strong>a)<\/strong>\u00a0Calcule a margem de contribui\u00e7\u00e3o por entrega.<br \/>\n<strong>b)<\/strong>\u00a0Determine o ponto de equil\u00edbrio cont\u00e1bil da empresa, ou seja, quantas entregas precisam ser feitas por m\u00eas para cobrir os gastos fixos.<br \/>\n<strong>c)<\/strong>\u00a0Se a empresa realiza, em m\u00e9dia, 150 entregas por m\u00eas, ela est\u00e1 operando com lucro ou preju\u00edzo? Justifique sua resposta com base nos c\u00e1lculos. (aproximadamente 5 linhas)<\/p>\n","protected":false},"excerpt":{"rendered":"<p>MAPA &#8211; Gest\u00e3o dos Custos Log\u00edsticos &#8211; 52\/2025 Com o r\u00e1pido desenvolvimento do mercado, a capacidade anal\u00edtica dos gestores tornou-se<\/p>\n","protected":false},"featured_media":2326,"template":"","meta":{"_monsterinsights_skip_tracking":false,"_monsterinsights_sitenote_active":false,"_monsterinsights_sitenote_note":"","_monsterinsights_sitenote_category":0},"product_brand":[],"product_cat":[32],"product_tag":[],"class_list":{"0":"post-6040","1":"product","2":"type-product","3":"status-publish","4":"has-post-thumbnail","6":"product_cat-logistica","8":"first","9":"instock","10":"downloadable","11":"virtual","12":"purchasable","13":"product-type-simple"},"yoast_head":"<!-- This site is optimized with the Yoast SEO plugin v27.4 - https:\/\/yoast.com\/product\/yoast-seo-wordpress\/ -->\n<title>MAPA - Gest\u00e3o dos Custos Log\u00edsticos - 52\/2025<\/title>\n<meta name=\"description\" content=\"Atividade MAPA - Gest\u00e3o dos Custos Log\u00edsticos - 52\/2025 &#8902; Unicesumar. Baixe agora mesmo um Mapa Pronto resolvido!\" \/>\n<meta name=\"robots\" content=\"index, follow, max-snippet:-1, max-image-preview:large, max-video-preview:-1\" \/>\n<link rel=\"canonical\" href=\"https:\/\/atividademapa.com\/?product=mapa-gestao-dos-custos-logisticos-52-2025\" \/>\n<meta property=\"og:locale\" content=\"pt_BR\" \/>\n<meta property=\"og:type\" content=\"article\" \/>\n<meta property=\"og:title\" content=\"MAPA - Gest\u00e3o dos Custos Log\u00edsticos - 52\/2025\" \/>\n<meta property=\"og:description\" content=\"Atividade MAPA - Gest\u00e3o dos Custos Log\u00edsticos - 52\/2025 &#8902; Unicesumar. Baixe agora mesmo um Mapa Pronto resolvido!\" \/>\n<meta property=\"og:url\" content=\"https:\/\/atividademapa.com\/?product=mapa-gestao-dos-custos-logisticos-52-2025\" \/>\n<meta property=\"og:site_name\" content=\"Atividade Mapa\" \/>\n<meta property=\"article:modified_time\" content=\"2025-07-06T02:42:40+00:00\" \/>\n<meta property=\"og:image\" content=\"https:\/\/i0.wp.com\/atividademapa.com\/wp-content\/uploads\/2023\/03\/Atividade-M.A.P.A-3.png?fit=300%2C300&ssl=1\" \/>\n\t<meta property=\"og:image:width\" content=\"300\" \/>\n\t<meta property=\"og:image:height\" content=\"300\" \/>\n\t<meta property=\"og:image:type\" content=\"image\/png\" \/>\n<meta name=\"twitter:card\" content=\"summary_large_image\" \/>\n<meta name=\"twitter:label1\" content=\"Est. tempo de leitura\" \/>\n\t<meta name=\"twitter:data1\" content=\"1 minuto\" \/>\n<script type=\"application\/ld+json\" class=\"yoast-schema-graph\">{\"@context\":\"https:\\\/\\\/schema.org\",\"@graph\":[{\"@type\":\"WebPage\",\"@id\":\"https:\\\/\\\/atividademapa.com\\\/?product=mapa-gestao-dos-custos-logisticos-52-2025\",\"url\":\"https:\\\/\\\/atividademapa.com\\\/?product=mapa-gestao-dos-custos-logisticos-52-2025\",\"name\":\"MAPA - Gest\u00e3o dos Custos Log\u00edsticos - 52\\\/2025\",\"isPartOf\":{\"@id\":\"https:\\\/\\\/atividademapa.com\\\/#website\"},\"primaryImageOfPage\":{\"@id\":\"https:\\\/\\\/atividademapa.com\\\/?product=mapa-gestao-dos-custos-logisticos-52-2025#primaryimage\"},\"image\":{\"@id\":\"https:\\\/\\\/atividademapa.com\\\/?product=mapa-gestao-dos-custos-logisticos-52-2025#primaryimage\"},\"thumbnailUrl\":\"https:\\\/\\\/i0.wp.com\\\/atividademapa.com\\\/wp-content\\\/uploads\\\/2023\\\/03\\\/Atividade-M.A.P.A-3.png?fit=300%2C300&ssl=1\",\"datePublished\":\"2025-07-06T02:42:38+00:00\",\"dateModified\":\"2025-07-06T02:42:40+00:00\",\"description\":\"Atividade MAPA - Gest\u00e3o dos Custos Log\u00edsticos - 52\\\/2025 &#8902; Unicesumar. Baixe agora mesmo um Mapa Pronto resolvido!\",\"breadcrumb\":{\"@id\":\"https:\\\/\\\/atividademapa.com\\\/?product=mapa-gestao-dos-custos-logisticos-52-2025#breadcrumb\"},\"inLanguage\":\"pt-BR\",\"potentialAction\":[{\"@type\":\"ReadAction\",\"target\":[\"https:\\\/\\\/atividademapa.com\\\/?product=mapa-gestao-dos-custos-logisticos-52-2025\"]}]},{\"@type\":\"ImageObject\",\"inLanguage\":\"pt-BR\",\"@id\":\"https:\\\/\\\/atividademapa.com\\\/?product=mapa-gestao-dos-custos-logisticos-52-2025#primaryimage\",\"url\":\"https:\\\/\\\/i0.wp.com\\\/atividademapa.com\\\/wp-content\\\/uploads\\\/2023\\\/03\\\/Atividade-M.A.P.A-3.png?fit=300%2C300&ssl=1\",\"contentUrl\":\"https:\\\/\\\/i0.wp.com\\\/atividademapa.com\\\/wp-content\\\/uploads\\\/2023\\\/03\\\/Atividade-M.A.P.A-3.png?fit=300%2C300&ssl=1\",\"width\":300,\"height\":300,\"caption\":\"Mapa Unicesumar Atividade\"},{\"@type\":\"BreadcrumbList\",\"@id\":\"https:\\\/\\\/atividademapa.com\\\/?product=mapa-gestao-dos-custos-logisticos-52-2025#breadcrumb\",\"itemListElement\":[{\"@type\":\"ListItem\",\"position\":1,\"name\":\"In\u00edcio\",\"item\":\"https:\\\/\\\/atividademapa.com\\\/\"},{\"@type\":\"ListItem\",\"position\":2,\"name\":\"MAPAS\",\"item\":\"https:\\\/\\\/atividademapa.com\\\/?page_id=5\"},{\"@type\":\"ListItem\",\"position\":3,\"name\":\"MAPA &#8211; Gest\u00e3o dos Custos Log\u00edsticos &#8211; 52\\\/2025\"}]},{\"@type\":\"WebSite\",\"@id\":\"https:\\\/\\\/atividademapa.com\\\/#website\",\"url\":\"https:\\\/\\\/atividademapa.com\\\/\",\"name\":\"Atividade Mapa\",\"description\":\"StudeO | Unicesumar\",\"publisher\":{\"@id\":\"https:\\\/\\\/atividademapa.com\\\/#organization\"},\"potentialAction\":[{\"@type\":\"SearchAction\",\"target\":{\"@type\":\"EntryPoint\",\"urlTemplate\":\"https:\\\/\\\/atividademapa.com\\\/?s={search_term_string}\"},\"query-input\":{\"@type\":\"PropertyValueSpecification\",\"valueRequired\":true,\"valueName\":\"search_term_string\"}}],\"inLanguage\":\"pt-BR\"},{\"@type\":\"Organization\",\"@id\":\"https:\\\/\\\/atividademapa.com\\\/#organization\",\"name\":\"Atividade MAPA\",\"url\":\"https:\\\/\\\/atividademapa.com\\\/\",\"logo\":{\"@type\":\"ImageObject\",\"inLanguage\":\"pt-BR\",\"@id\":\"https:\\\/\\\/atividademapa.com\\\/#\\\/schema\\\/logo\\\/image\\\/\",\"url\":\"https:\\\/\\\/i0.wp.com\\\/atividademapa.com\\\/wp-content\\\/uploads\\\/2023\\\/02\\\/ATIVIDADE.png?fit=600%2C300&ssl=1\",\"contentUrl\":\"https:\\\/\\\/i0.wp.com\\\/atividademapa.com\\\/wp-content\\\/uploads\\\/2023\\\/02\\\/ATIVIDADE.png?fit=600%2C300&ssl=1\",\"width\":600,\"height\":300,\"caption\":\"Atividade MAPA\"},\"image\":{\"@id\":\"https:\\\/\\\/atividademapa.com\\\/#\\\/schema\\\/logo\\\/image\\\/\"}}]}<\/script>\n<!-- \/ Yoast SEO plugin. -->","yoast_head_json":{"title":"MAPA - Gest\u00e3o dos Custos Log\u00edsticos - 52\/2025","description":"Atividade MAPA - Gest\u00e3o dos Custos Log\u00edsticos - 52\/2025 &#8902; Unicesumar. Baixe agora mesmo um Mapa Pronto resolvido!","robots":{"index":"index","follow":"follow","max-snippet":"max-snippet:-1","max-image-preview":"max-image-preview:large","max-video-preview":"max-video-preview:-1"},"canonical":"https:\/\/atividademapa.com\/?product=mapa-gestao-dos-custos-logisticos-52-2025","og_locale":"pt_BR","og_type":"article","og_title":"MAPA - Gest\u00e3o dos Custos Log\u00edsticos - 52\/2025","og_description":"Atividade MAPA - Gest\u00e3o dos Custos Log\u00edsticos - 52\/2025 &#8902; Unicesumar. Baixe agora mesmo um Mapa Pronto resolvido!","og_url":"https:\/\/atividademapa.com\/?product=mapa-gestao-dos-custos-logisticos-52-2025","og_site_name":"Atividade Mapa","article_modified_time":"2025-07-06T02:42:40+00:00","og_image":[{"width":300,"height":300,"url":"https:\/\/i0.wp.com\/atividademapa.com\/wp-content\/uploads\/2023\/03\/Atividade-M.A.P.A-3.png?fit=300%2C300&ssl=1","type":"image\/png"}],"twitter_card":"summary_large_image","twitter_misc":{"Est. tempo de leitura":"1 minuto"},"schema":{"@context":"https:\/\/schema.org","@graph":[{"@type":"WebPage","@id":"https:\/\/atividademapa.com\/?product=mapa-gestao-dos-custos-logisticos-52-2025","url":"https:\/\/atividademapa.com\/?product=mapa-gestao-dos-custos-logisticos-52-2025","name":"MAPA - Gest\u00e3o dos Custos Log\u00edsticos - 52\/2025","isPartOf":{"@id":"https:\/\/atividademapa.com\/#website"},"primaryImageOfPage":{"@id":"https:\/\/atividademapa.com\/?product=mapa-gestao-dos-custos-logisticos-52-2025#primaryimage"},"image":{"@id":"https:\/\/atividademapa.com\/?product=mapa-gestao-dos-custos-logisticos-52-2025#primaryimage"},"thumbnailUrl":"https:\/\/i0.wp.com\/atividademapa.com\/wp-content\/uploads\/2023\/03\/Atividade-M.A.P.A-3.png?fit=300%2C300&ssl=1","datePublished":"2025-07-06T02:42:38+00:00","dateModified":"2025-07-06T02:42:40+00:00","description":"Atividade MAPA - Gest\u00e3o dos Custos Log\u00edsticos - 52\/2025 &#8902; Unicesumar. Baixe agora mesmo um Mapa Pronto resolvido!","breadcrumb":{"@id":"https:\/\/atividademapa.com\/?product=mapa-gestao-dos-custos-logisticos-52-2025#breadcrumb"},"inLanguage":"pt-BR","potentialAction":[{"@type":"ReadAction","target":["https:\/\/atividademapa.com\/?product=mapa-gestao-dos-custos-logisticos-52-2025"]}]},{"@type":"ImageObject","inLanguage":"pt-BR","@id":"https:\/\/atividademapa.com\/?product=mapa-gestao-dos-custos-logisticos-52-2025#primaryimage","url":"https:\/\/i0.wp.com\/atividademapa.com\/wp-content\/uploads\/2023\/03\/Atividade-M.A.P.A-3.png?fit=300%2C300&ssl=1","contentUrl":"https:\/\/i0.wp.com\/atividademapa.com\/wp-content\/uploads\/2023\/03\/Atividade-M.A.P.A-3.png?fit=300%2C300&ssl=1","width":300,"height":300,"caption":"Mapa Unicesumar Atividade"},{"@type":"BreadcrumbList","@id":"https:\/\/atividademapa.com\/?product=mapa-gestao-dos-custos-logisticos-52-2025#breadcrumb","itemListElement":[{"@type":"ListItem","position":1,"name":"In\u00edcio","item":"https:\/\/atividademapa.com\/"},{"@type":"ListItem","position":2,"name":"MAPAS","item":"https:\/\/atividademapa.com\/?page_id=5"},{"@type":"ListItem","position":3,"name":"MAPA &#8211; Gest\u00e3o dos Custos Log\u00edsticos &#8211; 52\/2025"}]},{"@type":"WebSite","@id":"https:\/\/atividademapa.com\/#website","url":"https:\/\/atividademapa.com\/","name":"Atividade Mapa","description":"StudeO | Unicesumar","publisher":{"@id":"https:\/\/atividademapa.com\/#organization"},"potentialAction":[{"@type":"SearchAction","target":{"@type":"EntryPoint","urlTemplate":"https:\/\/atividademapa.com\/?s={search_term_string}"},"query-input":{"@type":"PropertyValueSpecification","valueRequired":true,"valueName":"search_term_string"}}],"inLanguage":"pt-BR"},{"@type":"Organization","@id":"https:\/\/atividademapa.com\/#organization","name":"Atividade MAPA","url":"https:\/\/atividademapa.com\/","logo":{"@type":"ImageObject","inLanguage":"pt-BR","@id":"https:\/\/atividademapa.com\/#\/schema\/logo\/image\/","url":"https:\/\/i0.wp.com\/atividademapa.com\/wp-content\/uploads\/2023\/02\/ATIVIDADE.png?fit=600%2C300&ssl=1","contentUrl":"https:\/\/i0.wp.com\/atividademapa.com\/wp-content\/uploads\/2023\/02\/ATIVIDADE.png?fit=600%2C300&ssl=1","width":600,"height":300,"caption":"Atividade MAPA"},"image":{"@id":"https:\/\/atividademapa.com\/#\/schema\/logo\/image\/"}}]}},"_links":{"self":[{"href":"https:\/\/atividademapa.com\/index.php?rest_route=\/wp\/v2\/product\/6040","targetHints":{"allow":["GET"]}}],"collection":[{"href":"https:\/\/atividademapa.com\/index.php?rest_route=\/wp\/v2\/product"}],"about":[{"href":"https:\/\/atividademapa.com\/index.php?rest_route=\/wp\/v2\/types\/product"}],"version-history":[{"count":1,"href":"https:\/\/atividademapa.com\/index.php?rest_route=\/wp\/v2\/product\/6040\/revisions"}],"predecessor-version":[{"id":6042,"href":"https:\/\/atividademapa.com\/index.php?rest_route=\/wp\/v2\/product\/6040\/revisions\/6042"}],"wp:featuredmedia":[{"embeddable":true,"href":"https:\/\/atividademapa.com\/index.php?rest_route=\/wp\/v2\/media\/2326"}],"wp:attachment":[{"href":"https:\/\/atividademapa.com\/index.php?rest_route=%2Fwp%2Fv2%2Fmedia&parent=6040"}],"wp:term":[{"taxonomy":"product_brand","embeddable":true,"href":"https:\/\/atividademapa.com\/index.php?rest_route=%2Fwp%2Fv2%2Fproduct_brand&post=6040"},{"taxonomy":"product_cat","embeddable":true,"href":"https:\/\/atividademapa.com\/index.php?rest_route=%2Fwp%2Fv2%2Fproduct_cat&post=6040"},{"taxonomy":"product_tag","embeddable":true,"href":"https:\/\/atividademapa.com\/index.php?rest_route=%2Fwp%2Fv2%2Fproduct_tag&post=6040"}],"curies":[{"name":"wp","href":"https:\/\/api.w.org\/{rel}","templated":true}]}}