{"id":6047,"date":"2025-07-06T11:01:49","date_gmt":"2025-07-06T14:01:49","guid":{"rendered":"https:\/\/atividademapa.com\/?post_type=product&#038;p=6047"},"modified":"2025-07-06T11:05:48","modified_gmt":"2025-07-06T14:05:48","slug":"6047","status":"publish","type":"product","link":"https:\/\/atividademapa.com\/?product=6047","title":{"rendered":"Mapa \u2013 Contabilidade e Analise Geral \u2013 52\/2025"},"content":{"rendered":"<p>ATIVIDADE PROPOSTA:<\/p>\n<p>A ind\u00fastria de m\u00f3veis Lar e Conforto Ltda., fabrica rack para TV oferecendo duas op\u00e7\u00f5es de modelos para produzir, sendo com duas e quatro gavetas, ambos utilizam o mesmo tipo de puxador, no qual o modelo com duas gavetas requer 2 puxadores por unidade, e o modelo com quatro gavetas requer 4 puxadores por unidade. Atualmente o mercado consome no m\u00e1ximo em torno de 500 unidades por m\u00eas de cada modelo de rack. As despesas vari\u00e1veis representam 5% do pre\u00e7o de venda, para as duas op\u00e7\u00f5es do m\u00f3vel. O departamento cont\u00e1bil informou outros dados do per\u00edodo por meio do relat\u00f3rio a seguir:<\/p>\n<p>Produto Pre\u00e7o de Venda Unit\u00e1rio Custo Vari\u00e1vel Unit\u00e1rio Custos Fixos Mensais Despesas Fixas Mensais<br \/>\nRack 2 gavetas R$ 700,00 R$ 200,00 R$ 65.000,00 R$ 15.000,00<br \/>\nRack 4 gavetas R$ 900,00 R$ 300,00<\/p>\n<p>Sabendo que a entidade utiliza o m\u00e9todo de custeio vari\u00e1vel, imagine que sua tarefa ser\u00e1 de auxiliar o contador a efetuar alguns c\u00e1lculos, realizar an\u00e1lises e tomar decis\u00f5es. Para tanto, seguem questionamentos que precisam ser respondidos:<\/p>\n<p>1 \u2013 Qual \u00e9 a Margem de Contribui\u00e7\u00e3o Unit\u00e1ria de cada modelo de rack?<\/p>\n<p>2 \u2013 Qual \u00e9 a Margem de Contribui\u00e7\u00e3o Total de cada modelo, considerando a produ\u00e7\u00e3o e venda do volume m\u00e1ximo que o mercado consome por m\u00eas?<\/p>\n<p>3 \u2013 Qual \u00e9 a Margem de Contribui\u00e7\u00e3o Unit\u00e1ria por Fator Limitante de cada modelo de rack, em caso de ocorrer, em determinado m\u00eas, apenas 2.000 puxadores dispon\u00edveis?<\/p>\n<p>4 \u2013 Analise e comente qual \u00e9 a quantidade de cada modelo que deve ser produzida e vendida considerando a limita\u00e7\u00e3o na quantidade de puxadores, conforme apresentado no item anterior.<\/p>\n<p>IMPORTANTE:<br \/>\nPara realizar essa atividade voc\u00ea dever\u00e1:<br \/>\n&#8211; Assistir o v\u00eddeo explicativo, dispon\u00edvel no campo &#8220;DESTAQUES DA DISCIPLINA\/ V\u00cdDEOS EXPLICATIVOS&#8221;.<br \/>\n&#8211; Baixar o arquivo \u201cFormul\u00e1rio MAPA \u2013 CONTABILIDADE E AN\u00c1LISE GERENCIAL\u201d dispon\u00edvel no Material da Disciplina e fazer o preenchimento.<br \/>\n&#8211; \u00c9 necess\u00e1rio salvar o arquivo com as respostas das quest\u00f5es e enviar no campo da atividade &#8220;MAPA&#8221; no ambiente da disciplina.<br \/>\nATEN\u00c7\u00c3O: O arquivo \u00e9 enviado apenas uma vez, portanto, certifique-se de que ele est\u00e1 finalizado e que voc\u00ea est\u00e1 enviando o arquivo correto.<\/p>\n","protected":false},"excerpt":{"rendered":"<p>ATIVIDADE PROPOSTA: A ind\u00fastria de m\u00f3veis Lar e Conforto Ltda., fabrica rack para TV oferecendo duas op\u00e7\u00f5es de modelos para<\/p>\n","protected":false},"featured_media":2326,"template":"","meta":{"_monsterinsights_skip_tracking":false,"_monsterinsights_sitenote_active":false,"_monsterinsights_sitenote_note":"","_monsterinsights_sitenote_category":0},"product_brand":[],"product_cat":[46],"product_tag":[],"class_list":{"0":"post-6047","1":"product","2":"type-product","3":"status-publish","4":"has-post-thumbnail","6":"product_cat-ciencias-contabeis","8":"first","9":"instock","10":"downloadable","11":"virtual","12":"purchasable","13":"product-type-simple"},"yoast_head":"<!-- This site is optimized with the Yoast SEO plugin v27.4 - https:\/\/yoast.com\/product\/yoast-seo-wordpress\/ -->\n<title>Mapa \u2013 Contabilidade e Analise Geral \u2013 52\/2025<\/title>\n<meta name=\"description\" content=\"Atividade Mapa \u2013 Contabilidade e Analise Geral \u2013 52\/2025 &#8902; Unicesumar. Baixe agora mesmo um Mapa Pronto resolvido!\" \/>\n<meta name=\"robots\" content=\"index, follow, max-snippet:-1, max-image-preview:large, max-video-preview:-1\" \/>\n<link rel=\"canonical\" href=\"https:\/\/atividademapa.com\/?product=6047\" \/>\n<meta property=\"og:locale\" content=\"pt_BR\" \/>\n<meta property=\"og:type\" content=\"article\" \/>\n<meta property=\"og:title\" content=\"Mapa \u2013 Contabilidade e Analise Geral \u2013 52\/2025\" \/>\n<meta property=\"og:description\" content=\"Atividade Mapa \u2013 Contabilidade e Analise Geral \u2013 52\/2025 &#8902; Unicesumar. Baixe agora mesmo um Mapa Pronto resolvido!\" \/>\n<meta property=\"og:url\" content=\"https:\/\/atividademapa.com\/?product=6047\" \/>\n<meta property=\"og:site_name\" content=\"Atividade Mapa\" \/>\n<meta property=\"article:modified_time\" content=\"2025-07-06T14:05:48+00:00\" \/>\n<meta property=\"og:image\" content=\"https:\/\/i0.wp.com\/atividademapa.com\/wp-content\/uploads\/2023\/03\/Atividade-M.A.P.A-3.png?fit=300%2C300&ssl=1\" \/>\n\t<meta property=\"og:image:width\" content=\"300\" \/>\n\t<meta property=\"og:image:height\" content=\"300\" \/>\n\t<meta property=\"og:image:type\" content=\"image\/png\" \/>\n<meta name=\"twitter:card\" content=\"summary_large_image\" \/>\n<meta name=\"twitter:label1\" content=\"Est. tempo de leitura\" \/>\n\t<meta name=\"twitter:data1\" content=\"2 minutos\" \/>\n<script type=\"application\/ld+json\" class=\"yoast-schema-graph\">{\"@context\":\"https:\\\/\\\/schema.org\",\"@graph\":[{\"@type\":\"WebPage\",\"@id\":\"https:\\\/\\\/atividademapa.com\\\/?product=6047\",\"url\":\"https:\\\/\\\/atividademapa.com\\\/?product=6047\",\"name\":\"Mapa \u2013 Contabilidade e Analise Geral \u2013 52\\\/2025\",\"isPartOf\":{\"@id\":\"https:\\\/\\\/atividademapa.com\\\/#website\"},\"primaryImageOfPage\":{\"@id\":\"https:\\\/\\\/atividademapa.com\\\/?product=6047#primaryimage\"},\"image\":{\"@id\":\"https:\\\/\\\/atividademapa.com\\\/?product=6047#primaryimage\"},\"thumbnailUrl\":\"https:\\\/\\\/i0.wp.com\\\/atividademapa.com\\\/wp-content\\\/uploads\\\/2023\\\/03\\\/Atividade-M.A.P.A-3.png?fit=300%2C300&ssl=1\",\"datePublished\":\"2025-07-06T14:01:49+00:00\",\"dateModified\":\"2025-07-06T14:05:48+00:00\",\"description\":\"Atividade Mapa \u2013 Contabilidade e Analise Geral \u2013 52\\\/2025 &#8902; Unicesumar. Baixe agora mesmo um Mapa Pronto resolvido!\",\"breadcrumb\":{\"@id\":\"https:\\\/\\\/atividademapa.com\\\/?product=6047#breadcrumb\"},\"inLanguage\":\"pt-BR\",\"potentialAction\":[{\"@type\":\"ReadAction\",\"target\":[\"https:\\\/\\\/atividademapa.com\\\/?product=6047\"]}]},{\"@type\":\"ImageObject\",\"inLanguage\":\"pt-BR\",\"@id\":\"https:\\\/\\\/atividademapa.com\\\/?product=6047#primaryimage\",\"url\":\"https:\\\/\\\/i0.wp.com\\\/atividademapa.com\\\/wp-content\\\/uploads\\\/2023\\\/03\\\/Atividade-M.A.P.A-3.png?fit=300%2C300&ssl=1\",\"contentUrl\":\"https:\\\/\\\/i0.wp.com\\\/atividademapa.com\\\/wp-content\\\/uploads\\\/2023\\\/03\\\/Atividade-M.A.P.A-3.png?fit=300%2C300&ssl=1\",\"width\":300,\"height\":300,\"caption\":\"Mapa Unicesumar Atividade\"},{\"@type\":\"BreadcrumbList\",\"@id\":\"https:\\\/\\\/atividademapa.com\\\/?product=6047#breadcrumb\",\"itemListElement\":[{\"@type\":\"ListItem\",\"position\":1,\"name\":\"In\u00edcio\",\"item\":\"https:\\\/\\\/atividademapa.com\\\/\"},{\"@type\":\"ListItem\",\"position\":2,\"name\":\"MAPAS\",\"item\":\"https:\\\/\\\/atividademapa.com\\\/?page_id=5\"},{\"@type\":\"ListItem\",\"position\":3,\"name\":\"Mapa \u2013 Contabilidade e Analise Geral \u2013 52\\\/2025\"}]},{\"@type\":\"WebSite\",\"@id\":\"https:\\\/\\\/atividademapa.com\\\/#website\",\"url\":\"https:\\\/\\\/atividademapa.com\\\/\",\"name\":\"Atividade Mapa\",\"description\":\"StudeO | Unicesumar\",\"publisher\":{\"@id\":\"https:\\\/\\\/atividademapa.com\\\/#organization\"},\"potentialAction\":[{\"@type\":\"SearchAction\",\"target\":{\"@type\":\"EntryPoint\",\"urlTemplate\":\"https:\\\/\\\/atividademapa.com\\\/?s={search_term_string}\"},\"query-input\":{\"@type\":\"PropertyValueSpecification\",\"valueRequired\":true,\"valueName\":\"search_term_string\"}}],\"inLanguage\":\"pt-BR\"},{\"@type\":\"Organization\",\"@id\":\"https:\\\/\\\/atividademapa.com\\\/#organization\",\"name\":\"Atividade MAPA\",\"url\":\"https:\\\/\\\/atividademapa.com\\\/\",\"logo\":{\"@type\":\"ImageObject\",\"inLanguage\":\"pt-BR\",\"@id\":\"https:\\\/\\\/atividademapa.com\\\/#\\\/schema\\\/logo\\\/image\\\/\",\"url\":\"https:\\\/\\\/i0.wp.com\\\/atividademapa.com\\\/wp-content\\\/uploads\\\/2023\\\/02\\\/ATIVIDADE.png?fit=600%2C300&ssl=1\",\"contentUrl\":\"https:\\\/\\\/i0.wp.com\\\/atividademapa.com\\\/wp-content\\\/uploads\\\/2023\\\/02\\\/ATIVIDADE.png?fit=600%2C300&ssl=1\",\"width\":600,\"height\":300,\"caption\":\"Atividade MAPA\"},\"image\":{\"@id\":\"https:\\\/\\\/atividademapa.com\\\/#\\\/schema\\\/logo\\\/image\\\/\"}}]}<\/script>\n<!-- \/ Yoast SEO plugin. -->","yoast_head_json":{"title":"Mapa \u2013 Contabilidade e Analise Geral \u2013 52\/2025","description":"Atividade Mapa \u2013 Contabilidade e Analise Geral \u2013 52\/2025 &#8902; Unicesumar. Baixe agora mesmo um Mapa Pronto resolvido!","robots":{"index":"index","follow":"follow","max-snippet":"max-snippet:-1","max-image-preview":"max-image-preview:large","max-video-preview":"max-video-preview:-1"},"canonical":"https:\/\/atividademapa.com\/?product=6047","og_locale":"pt_BR","og_type":"article","og_title":"Mapa \u2013 Contabilidade e Analise Geral \u2013 52\/2025","og_description":"Atividade Mapa \u2013 Contabilidade e Analise Geral \u2013 52\/2025 &#8902; Unicesumar. Baixe agora mesmo um Mapa Pronto resolvido!","og_url":"https:\/\/atividademapa.com\/?product=6047","og_site_name":"Atividade Mapa","article_modified_time":"2025-07-06T14:05:48+00:00","og_image":[{"width":300,"height":300,"url":"https:\/\/i0.wp.com\/atividademapa.com\/wp-content\/uploads\/2023\/03\/Atividade-M.A.P.A-3.png?fit=300%2C300&ssl=1","type":"image\/png"}],"twitter_card":"summary_large_image","twitter_misc":{"Est. tempo de leitura":"2 minutos"},"schema":{"@context":"https:\/\/schema.org","@graph":[{"@type":"WebPage","@id":"https:\/\/atividademapa.com\/?product=6047","url":"https:\/\/atividademapa.com\/?product=6047","name":"Mapa \u2013 Contabilidade e Analise Geral \u2013 52\/2025","isPartOf":{"@id":"https:\/\/atividademapa.com\/#website"},"primaryImageOfPage":{"@id":"https:\/\/atividademapa.com\/?product=6047#primaryimage"},"image":{"@id":"https:\/\/atividademapa.com\/?product=6047#primaryimage"},"thumbnailUrl":"https:\/\/i0.wp.com\/atividademapa.com\/wp-content\/uploads\/2023\/03\/Atividade-M.A.P.A-3.png?fit=300%2C300&ssl=1","datePublished":"2025-07-06T14:01:49+00:00","dateModified":"2025-07-06T14:05:48+00:00","description":"Atividade Mapa \u2013 Contabilidade e Analise Geral \u2013 52\/2025 &#8902; Unicesumar. Baixe agora mesmo um Mapa Pronto resolvido!","breadcrumb":{"@id":"https:\/\/atividademapa.com\/?product=6047#breadcrumb"},"inLanguage":"pt-BR","potentialAction":[{"@type":"ReadAction","target":["https:\/\/atividademapa.com\/?product=6047"]}]},{"@type":"ImageObject","inLanguage":"pt-BR","@id":"https:\/\/atividademapa.com\/?product=6047#primaryimage","url":"https:\/\/i0.wp.com\/atividademapa.com\/wp-content\/uploads\/2023\/03\/Atividade-M.A.P.A-3.png?fit=300%2C300&ssl=1","contentUrl":"https:\/\/i0.wp.com\/atividademapa.com\/wp-content\/uploads\/2023\/03\/Atividade-M.A.P.A-3.png?fit=300%2C300&ssl=1","width":300,"height":300,"caption":"Mapa Unicesumar Atividade"},{"@type":"BreadcrumbList","@id":"https:\/\/atividademapa.com\/?product=6047#breadcrumb","itemListElement":[{"@type":"ListItem","position":1,"name":"In\u00edcio","item":"https:\/\/atividademapa.com\/"},{"@type":"ListItem","position":2,"name":"MAPAS","item":"https:\/\/atividademapa.com\/?page_id=5"},{"@type":"ListItem","position":3,"name":"Mapa \u2013 Contabilidade e Analise Geral \u2013 52\/2025"}]},{"@type":"WebSite","@id":"https:\/\/atividademapa.com\/#website","url":"https:\/\/atividademapa.com\/","name":"Atividade Mapa","description":"StudeO | Unicesumar","publisher":{"@id":"https:\/\/atividademapa.com\/#organization"},"potentialAction":[{"@type":"SearchAction","target":{"@type":"EntryPoint","urlTemplate":"https:\/\/atividademapa.com\/?s={search_term_string}"},"query-input":{"@type":"PropertyValueSpecification","valueRequired":true,"valueName":"search_term_string"}}],"inLanguage":"pt-BR"},{"@type":"Organization","@id":"https:\/\/atividademapa.com\/#organization","name":"Atividade MAPA","url":"https:\/\/atividademapa.com\/","logo":{"@type":"ImageObject","inLanguage":"pt-BR","@id":"https:\/\/atividademapa.com\/#\/schema\/logo\/image\/","url":"https:\/\/i0.wp.com\/atividademapa.com\/wp-content\/uploads\/2023\/02\/ATIVIDADE.png?fit=600%2C300&ssl=1","contentUrl":"https:\/\/i0.wp.com\/atividademapa.com\/wp-content\/uploads\/2023\/02\/ATIVIDADE.png?fit=600%2C300&ssl=1","width":600,"height":300,"caption":"Atividade MAPA"},"image":{"@id":"https:\/\/atividademapa.com\/#\/schema\/logo\/image\/"}}]}},"_links":{"self":[{"href":"https:\/\/atividademapa.com\/index.php?rest_route=\/wp\/v2\/product\/6047","targetHints":{"allow":["GET"]}}],"collection":[{"href":"https:\/\/atividademapa.com\/index.php?rest_route=\/wp\/v2\/product"}],"about":[{"href":"https:\/\/atividademapa.com\/index.php?rest_route=\/wp\/v2\/types\/product"}],"version-history":[{"count":3,"href":"https:\/\/atividademapa.com\/index.php?rest_route=\/wp\/v2\/product\/6047\/revisions"}],"predecessor-version":[{"id":6051,"href":"https:\/\/atividademapa.com\/index.php?rest_route=\/wp\/v2\/product\/6047\/revisions\/6051"}],"wp:featuredmedia":[{"embeddable":true,"href":"https:\/\/atividademapa.com\/index.php?rest_route=\/wp\/v2\/media\/2326"}],"wp:attachment":[{"href":"https:\/\/atividademapa.com\/index.php?rest_route=%2Fwp%2Fv2%2Fmedia&parent=6047"}],"wp:term":[{"taxonomy":"product_brand","embeddable":true,"href":"https:\/\/atividademapa.com\/index.php?rest_route=%2Fwp%2Fv2%2Fproduct_brand&post=6047"},{"taxonomy":"product_cat","embeddable":true,"href":"https:\/\/atividademapa.com\/index.php?rest_route=%2Fwp%2Fv2%2Fproduct_cat&post=6047"},{"taxonomy":"product_tag","embeddable":true,"href":"https:\/\/atividademapa.com\/index.php?rest_route=%2Fwp%2Fv2%2Fproduct_tag&post=6047"}],"curies":[{"name":"wp","href":"https:\/\/api.w.org\/{rel}","templated":true}]}}