{"id":6145,"date":"2025-07-21T19:45:52","date_gmt":"2025-07-21T22:45:52","guid":{"rendered":"https:\/\/atividademapa.com\/?post_type=product&#038;p=6145"},"modified":"2025-07-21T19:45:53","modified_gmt":"2025-07-21T22:45:53","slug":"mapa-producao-de-conhecimento-cientifico-tecnologico-e-disrupcao-53-2025","status":"publish","type":"product","link":"https:\/\/atividademapa.com\/?product=mapa-producao-de-conhecimento-cientifico-tecnologico-e-disrupcao-53-2025","title":{"rendered":"Mapa &#8211; Produ\u00e7\u00e3o de Conhecimento Cient\u00edfico, Tecnol\u00f3gico e Disrup\u00e7\u00e3o 53\/2025"},"content":{"rendered":"<p>\u201cO lan\u00e7amento do ChatGPT no final de 2022, como a primeira ferramenta de intelig\u00eancia artificial generativa (lAGen) de f\u00e1cil utiliza\u00e7\u00e3o disponibilizada amplamente ao p\u00fablico&#8217; e seguida por vers\u00f5es iterativas mais sofisticadas, gerou uma como\u00e7\u00e3o ao redor do mundo e est\u00e1 impulsionando a corrida entre grandes empresas de tecnologia para se posicionarem no campo de desenvolvimento de modelos de lAGen. [&#8230;]<br \/>\nDe fato, a lAGen tem uma infinidade de usos poss\u00edveis. Ela pode automatizar o processamento de informa\u00e7\u00f5es e a apresenta\u00e7\u00e3o de resultados em todas as principais representa\u00e7\u00f5es simb\u00f3licas do pensamento humano. Al\u00e9m disso, ela possibilita a entrega de resultados, fornecendo produtos de conhecimento semiacabados. Ao libertar os humanos de algumas categorias de habilidades de pensamento de n\u00edvel inferior, essa nova gera\u00e7\u00e3o de ferramentas de lA pode ter implica\u00e7\u00f5es profundas para a compreens\u00e3o da intelig\u00eancia humana e da aprendizagem\u201d.<\/p>\n<p>Fonte: ORGANIZA\u00c7\u00c3O DAS NA\u00c7\u00d5ES UNIDAS PARA EDUCA\u00c7\u00c3O, A CI\u00caNCIA E A CULTURA (UNESCO). Guia para IA generativa na educa\u00e7\u00e3o e na pesquisa. Paris, 2024, p. 07. Dispon\u00edvel em: https:\/\/www.unesco.org\/pt\/articles\/guia-para-ia-generativa-na-educacao-e-na-pesquisa. Acesso em: 05 jun. 2025.<\/p>\n<p>As ferramentas de IA generativa s\u00e3o um exemplo de como o avan\u00e7o da tecnologia pode influenciar diretamente na produ\u00e7\u00e3o do conhecimento cient\u00edfico. Diante disso, a partir de uma investiga\u00e7\u00e3o pr\u00e1tica das tecnologias presentes no cotidiano e seus impactos sociais, \u00e9ticos e ambientais, esse MAPA prop\u00f5e uma an\u00e1lise cr\u00edtica entre ci\u00eancia, tecnologia e sociedade.<br \/>\nPara tanto, voc\u00ea deve escolher uma tecnologia amplamente utilizada no cotidiano da \u00e1rea do seu curso e elaborar um texto dissertativo-argumentativo, de 20 a 25 linhas, contendo as seguintes informa\u00e7\u00f5es:<\/p>\n<p>1. Qual ci\u00eancia por tr\u00e1s dessa tecnologia (como ela surgiu);<br \/>\n2. Quais os atores sociais envolvidos no seu desenvolvimento e implanta\u00e7\u00e3o (usu\u00e1rios, desenvolvedores, governos, empresas, etc.);<br \/>\n3. Quais os benef\u00edcios sociais, culturais ou econ\u00f4micos promovidos por ela;<br \/>\n4. Quais os riscos, controv\u00e9rsias ou desigualdades gerados por essa tecnologia;<br \/>\n5. Como diferentes grupos sociais s\u00e3o afetados (positiva ou negativamente) por essa tecnologia.<br \/>\n6. Fa\u00e7a uma an\u00e1lise cr\u00edtica sobre o uso e os impactos da tecnologia escolhida na produ\u00e7\u00e3o do conhecimento cient\u00edfico.<\/p>\n","protected":false},"excerpt":{"rendered":"<p>\u201cO lan\u00e7amento do ChatGPT no final de 2022, como a primeira ferramenta de intelig\u00eancia artificial generativa (lAGen) de f\u00e1cil utiliza\u00e7\u00e3o<\/p>\n","protected":false},"featured_media":2326,"template":"","meta":{"_monsterinsights_skip_tracking":false,"_monsterinsights_sitenote_active":false,"_monsterinsights_sitenote_note":"","_monsterinsights_sitenote_category":0},"product_brand":[],"product_cat":[22,49,117,46,42,68,35,152,45,31,98],"product_tag":[],"class_list":{"0":"post-6145","1":"product","2":"type-product","3":"status-publish","4":"has-post-thumbnail","6":"product_cat-administracao","7":"product_cat-agronomia","8":"product_cat-analise-e-desenvolvimento-de-sistemas","9":"product_cat-ciencias-contabeis","10":"product_cat-educacao-fisica","11":"product_cat-empreendedorismo","12":"product_cat-enfermagem","13":"product_cat-engenharia-da-producao","14":"product_cat-engenharias","15":"product_cat-farmacia","16":"product_cat-fisioterapia","18":"first","19":"instock","20":"downloadable","21":"virtual","22":"purchasable","23":"product-type-simple"},"yoast_head":"<!-- This site is optimized with the Yoast SEO plugin v27.4 - https:\/\/yoast.com\/product\/yoast-seo-wordpress\/ -->\n<title>Mapa - Produ\u00e7\u00e3o de Conhecimento Cient\u00edfico, Tecnol\u00f3gico e Disrup\u00e7\u00e3o 53\/2025<\/title>\n<meta name=\"description\" content=\"Atividade Mapa - Produ\u00e7\u00e3o de Conhecimento Cient\u00edfico, Tecnol\u00f3gico e Disrup\u00e7\u00e3o 53\/2025 &#8902; Unicesumar. Baixe agora mesmo um Mapa Pronto resolvido!\" \/>\n<meta name=\"robots\" content=\"index, follow, max-snippet:-1, max-image-preview:large, max-video-preview:-1\" \/>\n<link rel=\"canonical\" href=\"https:\/\/atividademapa.com\/?product=mapa-producao-de-conhecimento-cientifico-tecnologico-e-disrupcao-53-2025\" \/>\n<meta property=\"og:locale\" content=\"pt_BR\" \/>\n<meta property=\"og:type\" content=\"article\" \/>\n<meta property=\"og:title\" content=\"Mapa - Produ\u00e7\u00e3o de Conhecimento Cient\u00edfico, Tecnol\u00f3gico e Disrup\u00e7\u00e3o 53\/2025\" \/>\n<meta property=\"og:description\" content=\"Atividade Mapa - Produ\u00e7\u00e3o de Conhecimento Cient\u00edfico, Tecnol\u00f3gico e Disrup\u00e7\u00e3o 53\/2025 &#8902; Unicesumar. Baixe agora mesmo um Mapa Pronto resolvido!\" \/>\n<meta property=\"og:url\" content=\"https:\/\/atividademapa.com\/?product=mapa-producao-de-conhecimento-cientifico-tecnologico-e-disrupcao-53-2025\" \/>\n<meta property=\"og:site_name\" content=\"Atividade Mapa\" \/>\n<meta property=\"article:modified_time\" content=\"2025-07-21T22:45:53+00:00\" \/>\n<meta property=\"og:image\" content=\"https:\/\/i0.wp.com\/atividademapa.com\/wp-content\/uploads\/2023\/03\/Atividade-M.A.P.A-3.png?fit=300%2C300&ssl=1\" \/>\n\t<meta property=\"og:image:width\" content=\"300\" \/>\n\t<meta property=\"og:image:height\" content=\"300\" \/>\n\t<meta property=\"og:image:type\" content=\"image\/png\" \/>\n<meta name=\"twitter:card\" content=\"summary_large_image\" \/>\n<meta name=\"twitter:label1\" content=\"Est. tempo de leitura\" \/>\n\t<meta name=\"twitter:data1\" content=\"2 minutos\" \/>\n<script type=\"application\/ld+json\" class=\"yoast-schema-graph\">{\"@context\":\"https:\\\/\\\/schema.org\",\"@graph\":[{\"@type\":\"WebPage\",\"@id\":\"https:\\\/\\\/atividademapa.com\\\/?product=mapa-producao-de-conhecimento-cientifico-tecnologico-e-disrupcao-53-2025\",\"url\":\"https:\\\/\\\/atividademapa.com\\\/?product=mapa-producao-de-conhecimento-cientifico-tecnologico-e-disrupcao-53-2025\",\"name\":\"Mapa - Produ\u00e7\u00e3o de Conhecimento Cient\u00edfico, Tecnol\u00f3gico e Disrup\u00e7\u00e3o 53\\\/2025\",\"isPartOf\":{\"@id\":\"https:\\\/\\\/atividademapa.com\\\/#website\"},\"primaryImageOfPage\":{\"@id\":\"https:\\\/\\\/atividademapa.com\\\/?product=mapa-producao-de-conhecimento-cientifico-tecnologico-e-disrupcao-53-2025#primaryimage\"},\"image\":{\"@id\":\"https:\\\/\\\/atividademapa.com\\\/?product=mapa-producao-de-conhecimento-cientifico-tecnologico-e-disrupcao-53-2025#primaryimage\"},\"thumbnailUrl\":\"https:\\\/\\\/i0.wp.com\\\/atividademapa.com\\\/wp-content\\\/uploads\\\/2023\\\/03\\\/Atividade-M.A.P.A-3.png?fit=300%2C300&ssl=1\",\"datePublished\":\"2025-07-21T22:45:52+00:00\",\"dateModified\":\"2025-07-21T22:45:53+00:00\",\"description\":\"Atividade Mapa - Produ\u00e7\u00e3o de Conhecimento Cient\u00edfico, Tecnol\u00f3gico e Disrup\u00e7\u00e3o 53\\\/2025 &#8902; Unicesumar. Baixe agora mesmo um Mapa Pronto resolvido!\",\"breadcrumb\":{\"@id\":\"https:\\\/\\\/atividademapa.com\\\/?product=mapa-producao-de-conhecimento-cientifico-tecnologico-e-disrupcao-53-2025#breadcrumb\"},\"inLanguage\":\"pt-BR\",\"potentialAction\":[{\"@type\":\"ReadAction\",\"target\":[\"https:\\\/\\\/atividademapa.com\\\/?product=mapa-producao-de-conhecimento-cientifico-tecnologico-e-disrupcao-53-2025\"]}]},{\"@type\":\"ImageObject\",\"inLanguage\":\"pt-BR\",\"@id\":\"https:\\\/\\\/atividademapa.com\\\/?product=mapa-producao-de-conhecimento-cientifico-tecnologico-e-disrupcao-53-2025#primaryimage\",\"url\":\"https:\\\/\\\/i0.wp.com\\\/atividademapa.com\\\/wp-content\\\/uploads\\\/2023\\\/03\\\/Atividade-M.A.P.A-3.png?fit=300%2C300&ssl=1\",\"contentUrl\":\"https:\\\/\\\/i0.wp.com\\\/atividademapa.com\\\/wp-content\\\/uploads\\\/2023\\\/03\\\/Atividade-M.A.P.A-3.png?fit=300%2C300&ssl=1\",\"width\":300,\"height\":300,\"caption\":\"Mapa Unicesumar Atividade\"},{\"@type\":\"BreadcrumbList\",\"@id\":\"https:\\\/\\\/atividademapa.com\\\/?product=mapa-producao-de-conhecimento-cientifico-tecnologico-e-disrupcao-53-2025#breadcrumb\",\"itemListElement\":[{\"@type\":\"ListItem\",\"position\":1,\"name\":\"In\u00edcio\",\"item\":\"https:\\\/\\\/atividademapa.com\\\/\"},{\"@type\":\"ListItem\",\"position\":2,\"name\":\"MAPAS\",\"item\":\"https:\\\/\\\/atividademapa.com\\\/?page_id=5\"},{\"@type\":\"ListItem\",\"position\":3,\"name\":\"Mapa &#8211; Produ\u00e7\u00e3o de Conhecimento Cient\u00edfico, Tecnol\u00f3gico e Disrup\u00e7\u00e3o 53\\\/2025\"}]},{\"@type\":\"WebSite\",\"@id\":\"https:\\\/\\\/atividademapa.com\\\/#website\",\"url\":\"https:\\\/\\\/atividademapa.com\\\/\",\"name\":\"Atividade Mapa\",\"description\":\"StudeO | Unicesumar\",\"publisher\":{\"@id\":\"https:\\\/\\\/atividademapa.com\\\/#organization\"},\"potentialAction\":[{\"@type\":\"SearchAction\",\"target\":{\"@type\":\"EntryPoint\",\"urlTemplate\":\"https:\\\/\\\/atividademapa.com\\\/?s={search_term_string}\"},\"query-input\":{\"@type\":\"PropertyValueSpecification\",\"valueRequired\":true,\"valueName\":\"search_term_string\"}}],\"inLanguage\":\"pt-BR\"},{\"@type\":\"Organization\",\"@id\":\"https:\\\/\\\/atividademapa.com\\\/#organization\",\"name\":\"Atividade MAPA\",\"url\":\"https:\\\/\\\/atividademapa.com\\\/\",\"logo\":{\"@type\":\"ImageObject\",\"inLanguage\":\"pt-BR\",\"@id\":\"https:\\\/\\\/atividademapa.com\\\/#\\\/schema\\\/logo\\\/image\\\/\",\"url\":\"https:\\\/\\\/i0.wp.com\\\/atividademapa.com\\\/wp-content\\\/uploads\\\/2023\\\/02\\\/ATIVIDADE.png?fit=600%2C300&ssl=1\",\"contentUrl\":\"https:\\\/\\\/i0.wp.com\\\/atividademapa.com\\\/wp-content\\\/uploads\\\/2023\\\/02\\\/ATIVIDADE.png?fit=600%2C300&ssl=1\",\"width\":600,\"height\":300,\"caption\":\"Atividade MAPA\"},\"image\":{\"@id\":\"https:\\\/\\\/atividademapa.com\\\/#\\\/schema\\\/logo\\\/image\\\/\"}}]}<\/script>\n<!-- \/ Yoast SEO plugin. -->","yoast_head_json":{"title":"Mapa - Produ\u00e7\u00e3o de Conhecimento Cient\u00edfico, Tecnol\u00f3gico e Disrup\u00e7\u00e3o 53\/2025","description":"Atividade Mapa - Produ\u00e7\u00e3o de Conhecimento Cient\u00edfico, Tecnol\u00f3gico e Disrup\u00e7\u00e3o 53\/2025 &#8902; Unicesumar. Baixe agora mesmo um Mapa Pronto resolvido!","robots":{"index":"index","follow":"follow","max-snippet":"max-snippet:-1","max-image-preview":"max-image-preview:large","max-video-preview":"max-video-preview:-1"},"canonical":"https:\/\/atividademapa.com\/?product=mapa-producao-de-conhecimento-cientifico-tecnologico-e-disrupcao-53-2025","og_locale":"pt_BR","og_type":"article","og_title":"Mapa - Produ\u00e7\u00e3o de Conhecimento Cient\u00edfico, Tecnol\u00f3gico e Disrup\u00e7\u00e3o 53\/2025","og_description":"Atividade Mapa - Produ\u00e7\u00e3o de Conhecimento Cient\u00edfico, Tecnol\u00f3gico e Disrup\u00e7\u00e3o 53\/2025 &#8902; Unicesumar. Baixe agora mesmo um Mapa Pronto resolvido!","og_url":"https:\/\/atividademapa.com\/?product=mapa-producao-de-conhecimento-cientifico-tecnologico-e-disrupcao-53-2025","og_site_name":"Atividade Mapa","article_modified_time":"2025-07-21T22:45:53+00:00","og_image":[{"width":300,"height":300,"url":"https:\/\/i0.wp.com\/atividademapa.com\/wp-content\/uploads\/2023\/03\/Atividade-M.A.P.A-3.png?fit=300%2C300&ssl=1","type":"image\/png"}],"twitter_card":"summary_large_image","twitter_misc":{"Est. tempo de leitura":"2 minutos"},"schema":{"@context":"https:\/\/schema.org","@graph":[{"@type":"WebPage","@id":"https:\/\/atividademapa.com\/?product=mapa-producao-de-conhecimento-cientifico-tecnologico-e-disrupcao-53-2025","url":"https:\/\/atividademapa.com\/?product=mapa-producao-de-conhecimento-cientifico-tecnologico-e-disrupcao-53-2025","name":"Mapa - Produ\u00e7\u00e3o de Conhecimento Cient\u00edfico, Tecnol\u00f3gico e Disrup\u00e7\u00e3o 53\/2025","isPartOf":{"@id":"https:\/\/atividademapa.com\/#website"},"primaryImageOfPage":{"@id":"https:\/\/atividademapa.com\/?product=mapa-producao-de-conhecimento-cientifico-tecnologico-e-disrupcao-53-2025#primaryimage"},"image":{"@id":"https:\/\/atividademapa.com\/?product=mapa-producao-de-conhecimento-cientifico-tecnologico-e-disrupcao-53-2025#primaryimage"},"thumbnailUrl":"https:\/\/i0.wp.com\/atividademapa.com\/wp-content\/uploads\/2023\/03\/Atividade-M.A.P.A-3.png?fit=300%2C300&ssl=1","datePublished":"2025-07-21T22:45:52+00:00","dateModified":"2025-07-21T22:45:53+00:00","description":"Atividade Mapa - Produ\u00e7\u00e3o de Conhecimento Cient\u00edfico, Tecnol\u00f3gico e Disrup\u00e7\u00e3o 53\/2025 &#8902; Unicesumar. Baixe agora mesmo um Mapa Pronto resolvido!","breadcrumb":{"@id":"https:\/\/atividademapa.com\/?product=mapa-producao-de-conhecimento-cientifico-tecnologico-e-disrupcao-53-2025#breadcrumb"},"inLanguage":"pt-BR","potentialAction":[{"@type":"ReadAction","target":["https:\/\/atividademapa.com\/?product=mapa-producao-de-conhecimento-cientifico-tecnologico-e-disrupcao-53-2025"]}]},{"@type":"ImageObject","inLanguage":"pt-BR","@id":"https:\/\/atividademapa.com\/?product=mapa-producao-de-conhecimento-cientifico-tecnologico-e-disrupcao-53-2025#primaryimage","url":"https:\/\/i0.wp.com\/atividademapa.com\/wp-content\/uploads\/2023\/03\/Atividade-M.A.P.A-3.png?fit=300%2C300&ssl=1","contentUrl":"https:\/\/i0.wp.com\/atividademapa.com\/wp-content\/uploads\/2023\/03\/Atividade-M.A.P.A-3.png?fit=300%2C300&ssl=1","width":300,"height":300,"caption":"Mapa Unicesumar Atividade"},{"@type":"BreadcrumbList","@id":"https:\/\/atividademapa.com\/?product=mapa-producao-de-conhecimento-cientifico-tecnologico-e-disrupcao-53-2025#breadcrumb","itemListElement":[{"@type":"ListItem","position":1,"name":"In\u00edcio","item":"https:\/\/atividademapa.com\/"},{"@type":"ListItem","position":2,"name":"MAPAS","item":"https:\/\/atividademapa.com\/?page_id=5"},{"@type":"ListItem","position":3,"name":"Mapa &#8211; Produ\u00e7\u00e3o de Conhecimento Cient\u00edfico, Tecnol\u00f3gico e Disrup\u00e7\u00e3o 53\/2025"}]},{"@type":"WebSite","@id":"https:\/\/atividademapa.com\/#website","url":"https:\/\/atividademapa.com\/","name":"Atividade Mapa","description":"StudeO | Unicesumar","publisher":{"@id":"https:\/\/atividademapa.com\/#organization"},"potentialAction":[{"@type":"SearchAction","target":{"@type":"EntryPoint","urlTemplate":"https:\/\/atividademapa.com\/?s={search_term_string}"},"query-input":{"@type":"PropertyValueSpecification","valueRequired":true,"valueName":"search_term_string"}}],"inLanguage":"pt-BR"},{"@type":"Organization","@id":"https:\/\/atividademapa.com\/#organization","name":"Atividade MAPA","url":"https:\/\/atividademapa.com\/","logo":{"@type":"ImageObject","inLanguage":"pt-BR","@id":"https:\/\/atividademapa.com\/#\/schema\/logo\/image\/","url":"https:\/\/i0.wp.com\/atividademapa.com\/wp-content\/uploads\/2023\/02\/ATIVIDADE.png?fit=600%2C300&ssl=1","contentUrl":"https:\/\/i0.wp.com\/atividademapa.com\/wp-content\/uploads\/2023\/02\/ATIVIDADE.png?fit=600%2C300&ssl=1","width":600,"height":300,"caption":"Atividade MAPA"},"image":{"@id":"https:\/\/atividademapa.com\/#\/schema\/logo\/image\/"}}]}},"_links":{"self":[{"href":"https:\/\/atividademapa.com\/index.php?rest_route=\/wp\/v2\/product\/6145","targetHints":{"allow":["GET"]}}],"collection":[{"href":"https:\/\/atividademapa.com\/index.php?rest_route=\/wp\/v2\/product"}],"about":[{"href":"https:\/\/atividademapa.com\/index.php?rest_route=\/wp\/v2\/types\/product"}],"version-history":[{"count":2,"href":"https:\/\/atividademapa.com\/index.php?rest_route=\/wp\/v2\/product\/6145\/revisions"}],"predecessor-version":[{"id":6148,"href":"https:\/\/atividademapa.com\/index.php?rest_route=\/wp\/v2\/product\/6145\/revisions\/6148"}],"wp:featuredmedia":[{"embeddable":true,"href":"https:\/\/atividademapa.com\/index.php?rest_route=\/wp\/v2\/media\/2326"}],"wp:attachment":[{"href":"https:\/\/atividademapa.com\/index.php?rest_route=%2Fwp%2Fv2%2Fmedia&parent=6145"}],"wp:term":[{"taxonomy":"product_brand","embeddable":true,"href":"https:\/\/atividademapa.com\/index.php?rest_route=%2Fwp%2Fv2%2Fproduct_brand&post=6145"},{"taxonomy":"product_cat","embeddable":true,"href":"https:\/\/atividademapa.com\/index.php?rest_route=%2Fwp%2Fv2%2Fproduct_cat&post=6145"},{"taxonomy":"product_tag","embeddable":true,"href":"https:\/\/atividademapa.com\/index.php?rest_route=%2Fwp%2Fv2%2Fproduct_tag&post=6145"}],"curies":[{"name":"wp","href":"https:\/\/api.w.org\/{rel}","templated":true}]}}