{"id":6152,"date":"2025-07-21T19:57:07","date_gmt":"2025-07-21T22:57:07","guid":{"rendered":"https:\/\/atividademapa.com\/?post_type=product&#038;p=6152"},"modified":"2025-07-21T19:57:09","modified_gmt":"2025-07-21T22:57:09","slug":"atividade-1-biologia-e-bioquimica-humana-53_2025","status":"publish","type":"product","link":"https:\/\/atividademapa.com\/?product=atividade-1-biologia-e-bioquimica-humana-53_2025","title":{"rendered":"ATIVIDADE 1 &#8211; BIOLOGIA E BIOQU\u00cdMICA HUMANA &#8211; 53_2025"},"content":{"rendered":"<div class=\"panel-heading\">\n<div class=\"panel-title cursor ng-binding\" data-toggle=\"collapse\">Quest\u00e3o 1<\/div>\n<div class=\"panel-controls\">\n<ul>\n<li><\/li>\n<\/ul>\n<\/div>\n<\/div>\n<div class=\"panel-body p-t-20 b-t b-grey\">\n<div class=\"enunciado ng-binding\">\n<div class=\"ng-scope\">Em um trabalho de pesquisa, voc\u00ea e sua equipe ficaram respons\u00e1veis por encontrarem duas enzimas que sejam funcionais ao organismo humano. Uma das enzimas deve ser funcional no est\u00f4mago (pH aproximado de 2,5) durante a alimenta\u00e7\u00e3o, a outra enzima tem que ser funcional na regi\u00e3o do \u00edleo do intestino delgado (com pH aproximado de 7,5). Como ambas enzimas est\u00e3o no organismo humano, a temperatura \u00f3tima aproximada de ambas deve ser de 36,5<sup>o<\/sup>\u00a0C.<br \/>\nAo estudar a velocidade de rea\u00e7\u00e3o enzim\u00e1tica de tr\u00eas enzimas, foram encontrados os seguintes gr\u00e1ficos.<\/p>\n<p><img data-recalc-dims=\"1\" decoding=\"async\" src=\"https:\/\/i0.wp.com\/sistemasead.unicesumar.edu.br\/flex\/amfphp\/services\/Portal\/ImagemQuestionario2\/QUE_269765_666606_1.jpg?ssl=1\" alt=\"\" \/><\/div>\n<div class=\"ng-scope\">Fonte: o professor.<\/div>\n<div class=\"ng-scope\">\nAp\u00f3s a an\u00e1lise, sua equipe deve chegar a algumas conclus\u00f5es.<\/p>\n<p><strong>Agora responda:<\/strong><\/p>\n<p><strong>1)\u00a0<\/strong>\u00a0Levando em considera\u00e7\u00e3o a temperatura e pH \u00f3timos, indique qual \u00e9 a enzima ideal para o est\u00f4mago?<\/p>\n<p><strong>2)\u00a0<\/strong>\u00a0Levando em considera\u00e7\u00e3o a temperatura e pH \u00f3timos, indique qual \u00e9 a enzima ideal para o intestino?<\/p>\n<p><strong>3)\u00a0<\/strong>Caso as enzimas necess\u00e1rias para o est\u00f4mago e intestino estiverem em um pH diferentes e\/ou em temperaturas muito elevadas, elas ter\u00e3o sua a\u00e7\u00e3o corretamente? Justifique sua resposta.<\/div>\n<\/div>\n<\/div>\n","protected":false},"excerpt":{"rendered":"<p>Quest\u00e3o 1 Em um trabalho de pesquisa, voc\u00ea e sua equipe ficaram respons\u00e1veis por encontrarem duas enzimas que sejam funcionais<\/p>\n","protected":false},"featured_media":2326,"template":"","meta":{"_monsterinsights_skip_tracking":false,"_monsterinsights_sitenote_active":false,"_monsterinsights_sitenote_note":"","_monsterinsights_sitenote_category":0},"product_brand":[],"product_cat":[164,58,35],"product_tag":[],"class_list":{"0":"post-6152","1":"product","2":"type-product","3":"status-publish","4":"has-post-thumbnail","6":"product_cat-biologia","7":"product_cat-biomedicina","8":"product_cat-enfermagem","10":"first","11":"instock","12":"downloadable","13":"virtual","14":"purchasable","15":"product-type-simple"},"yoast_head":"<!-- This site is optimized with the Yoast SEO plugin v27.4 - https:\/\/yoast.com\/product\/yoast-seo-wordpress\/ -->\n<title>ATIVIDADE 1 - BIOLOGIA E BIOQU\u00cdMICA HUMANA - 53_2025<\/title>\n<meta name=\"description\" content=\"Atividade ATIVIDADE 1 - BIOLOGIA E BIOQU\u00cdMICA HUMANA - 53_2025 &#8902; Unicesumar. Baixe agora mesmo um Mapa Pronto resolvido!\" \/>\n<meta name=\"robots\" content=\"index, follow, max-snippet:-1, max-image-preview:large, max-video-preview:-1\" \/>\n<link rel=\"canonical\" href=\"https:\/\/atividademapa.com\/?product=atividade-1-biologia-e-bioquimica-humana-53_2025\" \/>\n<meta property=\"og:locale\" content=\"pt_BR\" \/>\n<meta property=\"og:type\" content=\"article\" \/>\n<meta property=\"og:title\" content=\"ATIVIDADE 1 - BIOLOGIA E BIOQU\u00cdMICA HUMANA - 53_2025\" \/>\n<meta property=\"og:description\" content=\"Atividade ATIVIDADE 1 - BIOLOGIA E BIOQU\u00cdMICA HUMANA - 53_2025 &#8902; Unicesumar. Baixe agora mesmo um Mapa Pronto resolvido!\" \/>\n<meta property=\"og:url\" content=\"https:\/\/atividademapa.com\/?product=atividade-1-biologia-e-bioquimica-humana-53_2025\" \/>\n<meta property=\"og:site_name\" content=\"Atividade Mapa\" \/>\n<meta property=\"article:modified_time\" content=\"2025-07-21T22:57:09+00:00\" \/>\n<meta property=\"og:image\" content=\"https:\/\/i0.wp.com\/atividademapa.com\/wp-content\/uploads\/2023\/03\/Atividade-M.A.P.A-3.png?fit=300%2C300&ssl=1\" \/>\n\t<meta property=\"og:image:width\" content=\"300\" \/>\n\t<meta property=\"og:image:height\" content=\"300\" \/>\n\t<meta property=\"og:image:type\" content=\"image\/png\" \/>\n<meta name=\"twitter:card\" content=\"summary_large_image\" \/>\n<meta name=\"twitter:label1\" content=\"Est. tempo de leitura\" \/>\n\t<meta name=\"twitter:data1\" content=\"1 minuto\" \/>\n<script type=\"application\/ld+json\" class=\"yoast-schema-graph\">{\"@context\":\"https:\\\/\\\/schema.org\",\"@graph\":[{\"@type\":\"WebPage\",\"@id\":\"https:\\\/\\\/atividademapa.com\\\/?product=atividade-1-biologia-e-bioquimica-humana-53_2025\",\"url\":\"https:\\\/\\\/atividademapa.com\\\/?product=atividade-1-biologia-e-bioquimica-humana-53_2025\",\"name\":\"ATIVIDADE 1 - BIOLOGIA E BIOQU\u00cdMICA HUMANA - 53_2025\",\"isPartOf\":{\"@id\":\"https:\\\/\\\/atividademapa.com\\\/#website\"},\"primaryImageOfPage\":{\"@id\":\"https:\\\/\\\/atividademapa.com\\\/?product=atividade-1-biologia-e-bioquimica-humana-53_2025#primaryimage\"},\"image\":{\"@id\":\"https:\\\/\\\/atividademapa.com\\\/?product=atividade-1-biologia-e-bioquimica-humana-53_2025#primaryimage\"},\"thumbnailUrl\":\"https:\\\/\\\/i0.wp.com\\\/atividademapa.com\\\/wp-content\\\/uploads\\\/2023\\\/03\\\/Atividade-M.A.P.A-3.png?fit=300%2C300&ssl=1\",\"datePublished\":\"2025-07-21T22:57:07+00:00\",\"dateModified\":\"2025-07-21T22:57:09+00:00\",\"description\":\"Atividade ATIVIDADE 1 - BIOLOGIA E BIOQU\u00cdMICA HUMANA - 53_2025 &#8902; Unicesumar. Baixe agora mesmo um Mapa Pronto resolvido!\",\"breadcrumb\":{\"@id\":\"https:\\\/\\\/atividademapa.com\\\/?product=atividade-1-biologia-e-bioquimica-humana-53_2025#breadcrumb\"},\"inLanguage\":\"pt-BR\",\"potentialAction\":[{\"@type\":\"ReadAction\",\"target\":[\"https:\\\/\\\/atividademapa.com\\\/?product=atividade-1-biologia-e-bioquimica-humana-53_2025\"]}]},{\"@type\":\"ImageObject\",\"inLanguage\":\"pt-BR\",\"@id\":\"https:\\\/\\\/atividademapa.com\\\/?product=atividade-1-biologia-e-bioquimica-humana-53_2025#primaryimage\",\"url\":\"https:\\\/\\\/i0.wp.com\\\/atividademapa.com\\\/wp-content\\\/uploads\\\/2023\\\/03\\\/Atividade-M.A.P.A-3.png?fit=300%2C300&ssl=1\",\"contentUrl\":\"https:\\\/\\\/i0.wp.com\\\/atividademapa.com\\\/wp-content\\\/uploads\\\/2023\\\/03\\\/Atividade-M.A.P.A-3.png?fit=300%2C300&ssl=1\",\"width\":300,\"height\":300,\"caption\":\"Mapa Unicesumar Atividade\"},{\"@type\":\"BreadcrumbList\",\"@id\":\"https:\\\/\\\/atividademapa.com\\\/?product=atividade-1-biologia-e-bioquimica-humana-53_2025#breadcrumb\",\"itemListElement\":[{\"@type\":\"ListItem\",\"position\":1,\"name\":\"In\u00edcio\",\"item\":\"https:\\\/\\\/atividademapa.com\\\/\"},{\"@type\":\"ListItem\",\"position\":2,\"name\":\"MAPAS\",\"item\":\"https:\\\/\\\/atividademapa.com\\\/?page_id=5\"},{\"@type\":\"ListItem\",\"position\":3,\"name\":\"ATIVIDADE 1 &#8211; BIOLOGIA E BIOQU\u00cdMICA HUMANA &#8211; 53_2025\"}]},{\"@type\":\"WebSite\",\"@id\":\"https:\\\/\\\/atividademapa.com\\\/#website\",\"url\":\"https:\\\/\\\/atividademapa.com\\\/\",\"name\":\"Atividade Mapa\",\"description\":\"StudeO | Unicesumar\",\"publisher\":{\"@id\":\"https:\\\/\\\/atividademapa.com\\\/#organization\"},\"potentialAction\":[{\"@type\":\"SearchAction\",\"target\":{\"@type\":\"EntryPoint\",\"urlTemplate\":\"https:\\\/\\\/atividademapa.com\\\/?s={search_term_string}\"},\"query-input\":{\"@type\":\"PropertyValueSpecification\",\"valueRequired\":true,\"valueName\":\"search_term_string\"}}],\"inLanguage\":\"pt-BR\"},{\"@type\":\"Organization\",\"@id\":\"https:\\\/\\\/atividademapa.com\\\/#organization\",\"name\":\"Atividade MAPA\",\"url\":\"https:\\\/\\\/atividademapa.com\\\/\",\"logo\":{\"@type\":\"ImageObject\",\"inLanguage\":\"pt-BR\",\"@id\":\"https:\\\/\\\/atividademapa.com\\\/#\\\/schema\\\/logo\\\/image\\\/\",\"url\":\"https:\\\/\\\/i0.wp.com\\\/atividademapa.com\\\/wp-content\\\/uploads\\\/2023\\\/02\\\/ATIVIDADE.png?fit=600%2C300&ssl=1\",\"contentUrl\":\"https:\\\/\\\/i0.wp.com\\\/atividademapa.com\\\/wp-content\\\/uploads\\\/2023\\\/02\\\/ATIVIDADE.png?fit=600%2C300&ssl=1\",\"width\":600,\"height\":300,\"caption\":\"Atividade MAPA\"},\"image\":{\"@id\":\"https:\\\/\\\/atividademapa.com\\\/#\\\/schema\\\/logo\\\/image\\\/\"}}]}<\/script>\n<!-- \/ Yoast SEO plugin. -->","yoast_head_json":{"title":"ATIVIDADE 1 - BIOLOGIA E BIOQU\u00cdMICA HUMANA - 53_2025","description":"Atividade ATIVIDADE 1 - BIOLOGIA E BIOQU\u00cdMICA HUMANA - 53_2025 &#8902; Unicesumar. Baixe agora mesmo um Mapa Pronto resolvido!","robots":{"index":"index","follow":"follow","max-snippet":"max-snippet:-1","max-image-preview":"max-image-preview:large","max-video-preview":"max-video-preview:-1"},"canonical":"https:\/\/atividademapa.com\/?product=atividade-1-biologia-e-bioquimica-humana-53_2025","og_locale":"pt_BR","og_type":"article","og_title":"ATIVIDADE 1 - BIOLOGIA E BIOQU\u00cdMICA HUMANA - 53_2025","og_description":"Atividade ATIVIDADE 1 - BIOLOGIA E BIOQU\u00cdMICA HUMANA - 53_2025 &#8902; Unicesumar. Baixe agora mesmo um Mapa Pronto resolvido!","og_url":"https:\/\/atividademapa.com\/?product=atividade-1-biologia-e-bioquimica-humana-53_2025","og_site_name":"Atividade Mapa","article_modified_time":"2025-07-21T22:57:09+00:00","og_image":[{"width":300,"height":300,"url":"https:\/\/i0.wp.com\/atividademapa.com\/wp-content\/uploads\/2023\/03\/Atividade-M.A.P.A-3.png?fit=300%2C300&ssl=1","type":"image\/png"}],"twitter_card":"summary_large_image","twitter_misc":{"Est. tempo de leitura":"1 minuto"},"schema":{"@context":"https:\/\/schema.org","@graph":[{"@type":"WebPage","@id":"https:\/\/atividademapa.com\/?product=atividade-1-biologia-e-bioquimica-humana-53_2025","url":"https:\/\/atividademapa.com\/?product=atividade-1-biologia-e-bioquimica-humana-53_2025","name":"ATIVIDADE 1 - BIOLOGIA E BIOQU\u00cdMICA HUMANA - 53_2025","isPartOf":{"@id":"https:\/\/atividademapa.com\/#website"},"primaryImageOfPage":{"@id":"https:\/\/atividademapa.com\/?product=atividade-1-biologia-e-bioquimica-humana-53_2025#primaryimage"},"image":{"@id":"https:\/\/atividademapa.com\/?product=atividade-1-biologia-e-bioquimica-humana-53_2025#primaryimage"},"thumbnailUrl":"https:\/\/i0.wp.com\/atividademapa.com\/wp-content\/uploads\/2023\/03\/Atividade-M.A.P.A-3.png?fit=300%2C300&ssl=1","datePublished":"2025-07-21T22:57:07+00:00","dateModified":"2025-07-21T22:57:09+00:00","description":"Atividade ATIVIDADE 1 - BIOLOGIA E BIOQU\u00cdMICA HUMANA - 53_2025 &#8902; Unicesumar. Baixe agora mesmo um Mapa Pronto resolvido!","breadcrumb":{"@id":"https:\/\/atividademapa.com\/?product=atividade-1-biologia-e-bioquimica-humana-53_2025#breadcrumb"},"inLanguage":"pt-BR","potentialAction":[{"@type":"ReadAction","target":["https:\/\/atividademapa.com\/?product=atividade-1-biologia-e-bioquimica-humana-53_2025"]}]},{"@type":"ImageObject","inLanguage":"pt-BR","@id":"https:\/\/atividademapa.com\/?product=atividade-1-biologia-e-bioquimica-humana-53_2025#primaryimage","url":"https:\/\/i0.wp.com\/atividademapa.com\/wp-content\/uploads\/2023\/03\/Atividade-M.A.P.A-3.png?fit=300%2C300&ssl=1","contentUrl":"https:\/\/i0.wp.com\/atividademapa.com\/wp-content\/uploads\/2023\/03\/Atividade-M.A.P.A-3.png?fit=300%2C300&ssl=1","width":300,"height":300,"caption":"Mapa Unicesumar Atividade"},{"@type":"BreadcrumbList","@id":"https:\/\/atividademapa.com\/?product=atividade-1-biologia-e-bioquimica-humana-53_2025#breadcrumb","itemListElement":[{"@type":"ListItem","position":1,"name":"In\u00edcio","item":"https:\/\/atividademapa.com\/"},{"@type":"ListItem","position":2,"name":"MAPAS","item":"https:\/\/atividademapa.com\/?page_id=5"},{"@type":"ListItem","position":3,"name":"ATIVIDADE 1 &#8211; BIOLOGIA E BIOQU\u00cdMICA HUMANA &#8211; 53_2025"}]},{"@type":"WebSite","@id":"https:\/\/atividademapa.com\/#website","url":"https:\/\/atividademapa.com\/","name":"Atividade Mapa","description":"StudeO | Unicesumar","publisher":{"@id":"https:\/\/atividademapa.com\/#organization"},"potentialAction":[{"@type":"SearchAction","target":{"@type":"EntryPoint","urlTemplate":"https:\/\/atividademapa.com\/?s={search_term_string}"},"query-input":{"@type":"PropertyValueSpecification","valueRequired":true,"valueName":"search_term_string"}}],"inLanguage":"pt-BR"},{"@type":"Organization","@id":"https:\/\/atividademapa.com\/#organization","name":"Atividade MAPA","url":"https:\/\/atividademapa.com\/","logo":{"@type":"ImageObject","inLanguage":"pt-BR","@id":"https:\/\/atividademapa.com\/#\/schema\/logo\/image\/","url":"https:\/\/i0.wp.com\/atividademapa.com\/wp-content\/uploads\/2023\/02\/ATIVIDADE.png?fit=600%2C300&ssl=1","contentUrl":"https:\/\/i0.wp.com\/atividademapa.com\/wp-content\/uploads\/2023\/02\/ATIVIDADE.png?fit=600%2C300&ssl=1","width":600,"height":300,"caption":"Atividade MAPA"},"image":{"@id":"https:\/\/atividademapa.com\/#\/schema\/logo\/image\/"}}]}},"_links":{"self":[{"href":"https:\/\/atividademapa.com\/index.php?rest_route=\/wp\/v2\/product\/6152","targetHints":{"allow":["GET"]}}],"collection":[{"href":"https:\/\/atividademapa.com\/index.php?rest_route=\/wp\/v2\/product"}],"about":[{"href":"https:\/\/atividademapa.com\/index.php?rest_route=\/wp\/v2\/types\/product"}],"version-history":[{"count":2,"href":"https:\/\/atividademapa.com\/index.php?rest_route=\/wp\/v2\/product\/6152\/revisions"}],"predecessor-version":[{"id":6158,"href":"https:\/\/atividademapa.com\/index.php?rest_route=\/wp\/v2\/product\/6152\/revisions\/6158"}],"wp:featuredmedia":[{"embeddable":true,"href":"https:\/\/atividademapa.com\/index.php?rest_route=\/wp\/v2\/media\/2326"}],"wp:attachment":[{"href":"https:\/\/atividademapa.com\/index.php?rest_route=%2Fwp%2Fv2%2Fmedia&parent=6152"}],"wp:term":[{"taxonomy":"product_brand","embeddable":true,"href":"https:\/\/atividademapa.com\/index.php?rest_route=%2Fwp%2Fv2%2Fproduct_brand&post=6152"},{"taxonomy":"product_cat","embeddable":true,"href":"https:\/\/atividademapa.com\/index.php?rest_route=%2Fwp%2Fv2%2Fproduct_cat&post=6152"},{"taxonomy":"product_tag","embeddable":true,"href":"https:\/\/atividademapa.com\/index.php?rest_route=%2Fwp%2Fv2%2Fproduct_tag&post=6152"}],"curies":[{"name":"wp","href":"https:\/\/api.w.org\/{rel}","templated":true}]}}