{"id":6166,"date":"2025-07-27T00:04:10","date_gmt":"2025-07-27T03:04:10","guid":{"rendered":"https:\/\/atividademapa.com\/?post_type=product&#038;p=6166"},"modified":"2025-07-27T00:04:11","modified_gmt":"2025-07-27T03:04:11","slug":"mapa-ccont-administracao-financeira-53_2025","status":"publish","type":"product","link":"https:\/\/atividademapa.com\/?product=mapa-ccont-administracao-financeira-53_2025","title":{"rendered":"MAPA &#8211; CCONT &#8211; Administra\u00e7\u00e3o Financeira &#8211; 53_2025"},"content":{"rendered":"<p>As principais preocupa\u00e7\u00f5es nas finan\u00e7as de curto prazo s\u00e3o as atividades operacionais e financeiras correntes da empresa. No caso de uma empresa t\u00edpica de produ\u00e7\u00e3o, essas atividades correntes podem consistir na seguinte sequ\u00eancia de eventos e decis\u00f5es:<br \/>\nEvento Decis\u00e3o<br \/>\n1. Compra de mat\u00e9ria-prima 1. Quanto de estoque deve ser encomendado?<br \/>\n2. Pagamento em dinheiro 2. Tomar um empr\u00e9stimo ou usar os saldos de caixa?<br \/>\n3. Fabrica\u00e7\u00e3o do produto 3. Que tecnologia de produ\u00e7\u00e3o escolher?<br \/>\n4. Venda dos produtos 4. Conceder ou n\u00e3o cr\u00e9dito a um determinado cliente?<br \/>\n5. Cobran\u00e7a das vendas 5. Como cobrar?<\/p>\n<p>Essas atividades criam sequ\u00eancias de fluxos de entradas e de sa\u00eddas de caixa. Esses fluxos de caixa s\u00e3o incertos e n\u00e3o sincronizados. Eles n\u00e3o s\u00e3o sincronizados porque, por exemplo, a sa\u00edda de caixa para pagamento da compra de mat\u00e9ria-prima n\u00e3o acontece ao mesmo tempo em que ocorre o recebimento do caixa pela venda dos produtos. Eles s\u00e3o incertos porque n\u00e3o \u00e9 poss\u00edvel prever com exatid\u00e3o as vendas e os custos futuros (e tamb\u00e9m porque os clientes podem inadimplir).<br \/>\nPara compreender ainda melhor sobre o assunto, leia a partir da p\u00e1gina 935 do livro complementar chamado Administra\u00e7\u00e3o Financeira, dispon\u00edvel na sua biblioteca virtual, acessando o menu inicial Bibliotecas &gt; Minha Biblioteca &gt; Pesquisar &gt; 9788580554328, ou ainda Bibliotecas &gt; Minha Biblioteca &gt; copie e cole no navegador da biblioteca o link:<br \/>\nhttps:\/\/app.minhabiblioteca.com.br\/reader\/books\/9788580554328\/pageid\/935.<br \/>\nSegunda etapa: an\u00e1lise e resolu\u00e7\u00e3o da situa\u00e7\u00e3o-problema<br \/>\nA Metal\u00fargica Forte &amp; Cia. \u00e9 uma empresa industrial que atua no ramo de fabrica\u00e7\u00e3o de componentes met\u00e1licos para a constru\u00e7\u00e3o civil. Para garantir uma gest\u00e3o financeira eficiente, a empresa monitora anualmente seus prazos m\u00e9dios de estoque, recebimento de vendas e pagamento a fornecedores. Esses indicadores s\u00e3o essenciais para avaliar a efici\u00eancia operacional e a necessidade de capital de giro. A empresa busca, cada vez mais, melhorar seus prazos sem comprometer suas opera\u00e7\u00f5es ou relacionamentos com clientes e fornecedores.<br \/>\nA seguir est\u00e3o os dados operacionais dos anos de 2023 e 2024 da empresa citada:<br \/>\nIndicador 2023 (dias) 2024 (dias)<br \/>\nPrazo M\u00e9dio de Estoque (PME) 75 65<br \/>\nPrazo M\u00e9dio de Recebimento (PMR) 60 50<br \/>\nPrazo M\u00e9dio de Pagamento (PMP) 45 55<\/p>\n<p>Elaborado pelo professor.<\/p>\n<p>Com base na situa\u00e7\u00e3o hipot\u00e9tica, responda \u00e0s quest\u00f5es:<\/p>\n<p>1. O Prazo M\u00e9dio de Estoque (PME) melhorou ou piorou em 2024 em compara\u00e7\u00e3o com 2023? Justifique sua resposta.<br \/>\n2. O Prazo M\u00e9dio de Recebimento (PMR) melhorou ou piorou em 2024 em compara\u00e7\u00e3o com 2023? Justifique sua resposta.<br \/>\n3. O Prazo M\u00e9dio de Pagamento (PMP) melhorou ou piorou em 2024 em compara\u00e7\u00e3o com 2023? Justifique sua resposta.<br \/>\n4. Calcule o Ciclo Operacional (CO) e o Ciclo Financeiro (CF) para ambos os anos.<br \/>\n5. Com base nos resultados da quest\u00e3o 4, explique se a situa\u00e7\u00e3o da empresa melhorou ou piorou em 2024 em rela\u00e7\u00e3o a 2023. Justifique a sua resposta.<\/p>\n","protected":false},"excerpt":{"rendered":"<p>As principais preocupa\u00e7\u00f5es nas finan\u00e7as de curto prazo s\u00e3o as atividades operacionais e financeiras correntes da empresa. No caso de<\/p>\n","protected":false},"featured_media":2326,"template":"","meta":{"_monsterinsights_skip_tracking":false,"_monsterinsights_sitenote_active":false,"_monsterinsights_sitenote_note":"","_monsterinsights_sitenote_category":0},"product_brand":[],"product_cat":[46],"product_tag":[],"class_list":{"0":"post-6166","1":"product","2":"type-product","3":"status-publish","4":"has-post-thumbnail","6":"product_cat-ciencias-contabeis","8":"first","9":"instock","10":"downloadable","11":"virtual","12":"purchasable","13":"product-type-simple"},"yoast_head":"<!-- This site is optimized with the Yoast SEO plugin v27.4 - https:\/\/yoast.com\/product\/yoast-seo-wordpress\/ -->\n<title>MAPA - CCONT - Administra\u00e7\u00e3o Financeira - 53_2025<\/title>\n<meta name=\"description\" content=\"Atividade MAPA - CCONT - Administra\u00e7\u00e3o Financeira - 53_2025 &#8902; Unicesumar. Baixe agora mesmo um Mapa Pronto resolvido!\" \/>\n<meta name=\"robots\" content=\"index, follow, max-snippet:-1, max-image-preview:large, max-video-preview:-1\" \/>\n<link rel=\"canonical\" href=\"https:\/\/atividademapa.com\/?product=mapa-ccont-administracao-financeira-53_2025\" \/>\n<meta property=\"og:locale\" content=\"pt_BR\" \/>\n<meta property=\"og:type\" content=\"article\" \/>\n<meta property=\"og:title\" content=\"MAPA - CCONT - Administra\u00e7\u00e3o Financeira - 53_2025\" \/>\n<meta property=\"og:description\" content=\"Atividade MAPA - CCONT - Administra\u00e7\u00e3o Financeira - 53_2025 &#8902; Unicesumar. Baixe agora mesmo um Mapa Pronto resolvido!\" \/>\n<meta property=\"og:url\" content=\"https:\/\/atividademapa.com\/?product=mapa-ccont-administracao-financeira-53_2025\" \/>\n<meta property=\"og:site_name\" content=\"Atividade Mapa\" \/>\n<meta property=\"article:modified_time\" content=\"2025-07-27T03:04:11+00:00\" \/>\n<meta property=\"og:image\" content=\"https:\/\/i0.wp.com\/atividademapa.com\/wp-content\/uploads\/2023\/03\/Atividade-M.A.P.A-3.png?fit=300%2C300&ssl=1\" \/>\n\t<meta property=\"og:image:width\" content=\"300\" \/>\n\t<meta property=\"og:image:height\" content=\"300\" \/>\n\t<meta property=\"og:image:type\" content=\"image\/png\" \/>\n<meta name=\"twitter:card\" content=\"summary_large_image\" \/>\n<meta name=\"twitter:label1\" content=\"Est. tempo de leitura\" \/>\n\t<meta name=\"twitter:data1\" content=\"2 minutos\" \/>\n<script type=\"application\/ld+json\" class=\"yoast-schema-graph\">{\"@context\":\"https:\\\/\\\/schema.org\",\"@graph\":[{\"@type\":\"WebPage\",\"@id\":\"https:\\\/\\\/atividademapa.com\\\/?product=mapa-ccont-administracao-financeira-53_2025\",\"url\":\"https:\\\/\\\/atividademapa.com\\\/?product=mapa-ccont-administracao-financeira-53_2025\",\"name\":\"MAPA - CCONT - Administra\u00e7\u00e3o Financeira - 53_2025\",\"isPartOf\":{\"@id\":\"https:\\\/\\\/atividademapa.com\\\/#website\"},\"primaryImageOfPage\":{\"@id\":\"https:\\\/\\\/atividademapa.com\\\/?product=mapa-ccont-administracao-financeira-53_2025#primaryimage\"},\"image\":{\"@id\":\"https:\\\/\\\/atividademapa.com\\\/?product=mapa-ccont-administracao-financeira-53_2025#primaryimage\"},\"thumbnailUrl\":\"https:\\\/\\\/i0.wp.com\\\/atividademapa.com\\\/wp-content\\\/uploads\\\/2023\\\/03\\\/Atividade-M.A.P.A-3.png?fit=300%2C300&ssl=1\",\"datePublished\":\"2025-07-27T03:04:10+00:00\",\"dateModified\":\"2025-07-27T03:04:11+00:00\",\"description\":\"Atividade MAPA - CCONT - Administra\u00e7\u00e3o Financeira - 53_2025 &#8902; Unicesumar. Baixe agora mesmo um Mapa Pronto resolvido!\",\"breadcrumb\":{\"@id\":\"https:\\\/\\\/atividademapa.com\\\/?product=mapa-ccont-administracao-financeira-53_2025#breadcrumb\"},\"inLanguage\":\"pt-BR\",\"potentialAction\":[{\"@type\":\"ReadAction\",\"target\":[\"https:\\\/\\\/atividademapa.com\\\/?product=mapa-ccont-administracao-financeira-53_2025\"]}]},{\"@type\":\"ImageObject\",\"inLanguage\":\"pt-BR\",\"@id\":\"https:\\\/\\\/atividademapa.com\\\/?product=mapa-ccont-administracao-financeira-53_2025#primaryimage\",\"url\":\"https:\\\/\\\/i0.wp.com\\\/atividademapa.com\\\/wp-content\\\/uploads\\\/2023\\\/03\\\/Atividade-M.A.P.A-3.png?fit=300%2C300&ssl=1\",\"contentUrl\":\"https:\\\/\\\/i0.wp.com\\\/atividademapa.com\\\/wp-content\\\/uploads\\\/2023\\\/03\\\/Atividade-M.A.P.A-3.png?fit=300%2C300&ssl=1\",\"width\":300,\"height\":300,\"caption\":\"Mapa Unicesumar Atividade\"},{\"@type\":\"BreadcrumbList\",\"@id\":\"https:\\\/\\\/atividademapa.com\\\/?product=mapa-ccont-administracao-financeira-53_2025#breadcrumb\",\"itemListElement\":[{\"@type\":\"ListItem\",\"position\":1,\"name\":\"In\u00edcio\",\"item\":\"https:\\\/\\\/atividademapa.com\\\/\"},{\"@type\":\"ListItem\",\"position\":2,\"name\":\"MAPAS\",\"item\":\"https:\\\/\\\/atividademapa.com\\\/?page_id=5\"},{\"@type\":\"ListItem\",\"position\":3,\"name\":\"MAPA &#8211; CCONT &#8211; Administra\u00e7\u00e3o Financeira &#8211; 53_2025\"}]},{\"@type\":\"WebSite\",\"@id\":\"https:\\\/\\\/atividademapa.com\\\/#website\",\"url\":\"https:\\\/\\\/atividademapa.com\\\/\",\"name\":\"Atividade Mapa\",\"description\":\"StudeO | Unicesumar\",\"publisher\":{\"@id\":\"https:\\\/\\\/atividademapa.com\\\/#organization\"},\"potentialAction\":[{\"@type\":\"SearchAction\",\"target\":{\"@type\":\"EntryPoint\",\"urlTemplate\":\"https:\\\/\\\/atividademapa.com\\\/?s={search_term_string}\"},\"query-input\":{\"@type\":\"PropertyValueSpecification\",\"valueRequired\":true,\"valueName\":\"search_term_string\"}}],\"inLanguage\":\"pt-BR\"},{\"@type\":\"Organization\",\"@id\":\"https:\\\/\\\/atividademapa.com\\\/#organization\",\"name\":\"Atividade MAPA\",\"url\":\"https:\\\/\\\/atividademapa.com\\\/\",\"logo\":{\"@type\":\"ImageObject\",\"inLanguage\":\"pt-BR\",\"@id\":\"https:\\\/\\\/atividademapa.com\\\/#\\\/schema\\\/logo\\\/image\\\/\",\"url\":\"https:\\\/\\\/i0.wp.com\\\/atividademapa.com\\\/wp-content\\\/uploads\\\/2023\\\/02\\\/ATIVIDADE.png?fit=600%2C300&ssl=1\",\"contentUrl\":\"https:\\\/\\\/i0.wp.com\\\/atividademapa.com\\\/wp-content\\\/uploads\\\/2023\\\/02\\\/ATIVIDADE.png?fit=600%2C300&ssl=1\",\"width\":600,\"height\":300,\"caption\":\"Atividade MAPA\"},\"image\":{\"@id\":\"https:\\\/\\\/atividademapa.com\\\/#\\\/schema\\\/logo\\\/image\\\/\"}}]}<\/script>\n<!-- \/ Yoast SEO plugin. -->","yoast_head_json":{"title":"MAPA - CCONT - Administra\u00e7\u00e3o Financeira - 53_2025","description":"Atividade MAPA - CCONT - Administra\u00e7\u00e3o Financeira - 53_2025 &#8902; Unicesumar. Baixe agora mesmo um Mapa Pronto resolvido!","robots":{"index":"index","follow":"follow","max-snippet":"max-snippet:-1","max-image-preview":"max-image-preview:large","max-video-preview":"max-video-preview:-1"},"canonical":"https:\/\/atividademapa.com\/?product=mapa-ccont-administracao-financeira-53_2025","og_locale":"pt_BR","og_type":"article","og_title":"MAPA - CCONT - Administra\u00e7\u00e3o Financeira - 53_2025","og_description":"Atividade MAPA - CCONT - Administra\u00e7\u00e3o Financeira - 53_2025 &#8902; Unicesumar. Baixe agora mesmo um Mapa Pronto resolvido!","og_url":"https:\/\/atividademapa.com\/?product=mapa-ccont-administracao-financeira-53_2025","og_site_name":"Atividade Mapa","article_modified_time":"2025-07-27T03:04:11+00:00","og_image":[{"width":300,"height":300,"url":"https:\/\/i0.wp.com\/atividademapa.com\/wp-content\/uploads\/2023\/03\/Atividade-M.A.P.A-3.png?fit=300%2C300&ssl=1","type":"image\/png"}],"twitter_card":"summary_large_image","twitter_misc":{"Est. tempo de leitura":"2 minutos"},"schema":{"@context":"https:\/\/schema.org","@graph":[{"@type":"WebPage","@id":"https:\/\/atividademapa.com\/?product=mapa-ccont-administracao-financeira-53_2025","url":"https:\/\/atividademapa.com\/?product=mapa-ccont-administracao-financeira-53_2025","name":"MAPA - CCONT - Administra\u00e7\u00e3o Financeira - 53_2025","isPartOf":{"@id":"https:\/\/atividademapa.com\/#website"},"primaryImageOfPage":{"@id":"https:\/\/atividademapa.com\/?product=mapa-ccont-administracao-financeira-53_2025#primaryimage"},"image":{"@id":"https:\/\/atividademapa.com\/?product=mapa-ccont-administracao-financeira-53_2025#primaryimage"},"thumbnailUrl":"https:\/\/i0.wp.com\/atividademapa.com\/wp-content\/uploads\/2023\/03\/Atividade-M.A.P.A-3.png?fit=300%2C300&ssl=1","datePublished":"2025-07-27T03:04:10+00:00","dateModified":"2025-07-27T03:04:11+00:00","description":"Atividade MAPA - CCONT - Administra\u00e7\u00e3o Financeira - 53_2025 &#8902; Unicesumar. Baixe agora mesmo um Mapa Pronto resolvido!","breadcrumb":{"@id":"https:\/\/atividademapa.com\/?product=mapa-ccont-administracao-financeira-53_2025#breadcrumb"},"inLanguage":"pt-BR","potentialAction":[{"@type":"ReadAction","target":["https:\/\/atividademapa.com\/?product=mapa-ccont-administracao-financeira-53_2025"]}]},{"@type":"ImageObject","inLanguage":"pt-BR","@id":"https:\/\/atividademapa.com\/?product=mapa-ccont-administracao-financeira-53_2025#primaryimage","url":"https:\/\/i0.wp.com\/atividademapa.com\/wp-content\/uploads\/2023\/03\/Atividade-M.A.P.A-3.png?fit=300%2C300&ssl=1","contentUrl":"https:\/\/i0.wp.com\/atividademapa.com\/wp-content\/uploads\/2023\/03\/Atividade-M.A.P.A-3.png?fit=300%2C300&ssl=1","width":300,"height":300,"caption":"Mapa Unicesumar Atividade"},{"@type":"BreadcrumbList","@id":"https:\/\/atividademapa.com\/?product=mapa-ccont-administracao-financeira-53_2025#breadcrumb","itemListElement":[{"@type":"ListItem","position":1,"name":"In\u00edcio","item":"https:\/\/atividademapa.com\/"},{"@type":"ListItem","position":2,"name":"MAPAS","item":"https:\/\/atividademapa.com\/?page_id=5"},{"@type":"ListItem","position":3,"name":"MAPA &#8211; CCONT &#8211; Administra\u00e7\u00e3o Financeira &#8211; 53_2025"}]},{"@type":"WebSite","@id":"https:\/\/atividademapa.com\/#website","url":"https:\/\/atividademapa.com\/","name":"Atividade Mapa","description":"StudeO | Unicesumar","publisher":{"@id":"https:\/\/atividademapa.com\/#organization"},"potentialAction":[{"@type":"SearchAction","target":{"@type":"EntryPoint","urlTemplate":"https:\/\/atividademapa.com\/?s={search_term_string}"},"query-input":{"@type":"PropertyValueSpecification","valueRequired":true,"valueName":"search_term_string"}}],"inLanguage":"pt-BR"},{"@type":"Organization","@id":"https:\/\/atividademapa.com\/#organization","name":"Atividade MAPA","url":"https:\/\/atividademapa.com\/","logo":{"@type":"ImageObject","inLanguage":"pt-BR","@id":"https:\/\/atividademapa.com\/#\/schema\/logo\/image\/","url":"https:\/\/i0.wp.com\/atividademapa.com\/wp-content\/uploads\/2023\/02\/ATIVIDADE.png?fit=600%2C300&ssl=1","contentUrl":"https:\/\/i0.wp.com\/atividademapa.com\/wp-content\/uploads\/2023\/02\/ATIVIDADE.png?fit=600%2C300&ssl=1","width":600,"height":300,"caption":"Atividade MAPA"},"image":{"@id":"https:\/\/atividademapa.com\/#\/schema\/logo\/image\/"}}]}},"_links":{"self":[{"href":"https:\/\/atividademapa.com\/index.php?rest_route=\/wp\/v2\/product\/6166","targetHints":{"allow":["GET"]}}],"collection":[{"href":"https:\/\/atividademapa.com\/index.php?rest_route=\/wp\/v2\/product"}],"about":[{"href":"https:\/\/atividademapa.com\/index.php?rest_route=\/wp\/v2\/types\/product"}],"version-history":[{"count":1,"href":"https:\/\/atividademapa.com\/index.php?rest_route=\/wp\/v2\/product\/6166\/revisions"}],"predecessor-version":[{"id":6168,"href":"https:\/\/atividademapa.com\/index.php?rest_route=\/wp\/v2\/product\/6166\/revisions\/6168"}],"wp:featuredmedia":[{"embeddable":true,"href":"https:\/\/atividademapa.com\/index.php?rest_route=\/wp\/v2\/media\/2326"}],"wp:attachment":[{"href":"https:\/\/atividademapa.com\/index.php?rest_route=%2Fwp%2Fv2%2Fmedia&parent=6166"}],"wp:term":[{"taxonomy":"product_brand","embeddable":true,"href":"https:\/\/atividademapa.com\/index.php?rest_route=%2Fwp%2Fv2%2Fproduct_brand&post=6166"},{"taxonomy":"product_cat","embeddable":true,"href":"https:\/\/atividademapa.com\/index.php?rest_route=%2Fwp%2Fv2%2Fproduct_cat&post=6166"},{"taxonomy":"product_tag","embeddable":true,"href":"https:\/\/atividademapa.com\/index.php?rest_route=%2Fwp%2Fv2%2Fproduct_tag&post=6166"}],"curies":[{"name":"wp","href":"https:\/\/api.w.org\/{rel}","templated":true}]}}