{"id":6169,"date":"2025-07-27T00:07:38","date_gmt":"2025-07-27T03:07:38","guid":{"rendered":"https:\/\/atividademapa.com\/?post_type=product&#038;p=6169"},"modified":"2025-07-27T00:07:39","modified_gmt":"2025-07-27T03:07:39","slug":"mapa-banco-de-dados-53_2025","status":"publish","type":"product","link":"https:\/\/atividademapa.com\/?product=mapa-banco-de-dados-53_2025","title":{"rendered":"MAPA &#8211; BANCO DE DADOS &#8211; 53_2025"},"content":{"rendered":"<div class=\"ng-scope\">Ol\u00e1 estudante! Agora \u00e9 hora de aplicar os conceitos aprendidos na disciplina, vamos l\u00e1?<\/p>\n<p>Um diagrama de entidade relacionamento (DER) \u00e9 uma representa\u00e7\u00e3o visual de um banco de dados que mostra como os elementos est\u00e3o relacionados. Um diagrama ER \u00e9 composto de dois tipos de objetos \u2014 entidades e relacionamentos. Uma entidade nesse contexto \u00e9 um componente de dados do conjunto de dados, mostrado como uma forma na tela. As rela\u00e7\u00f5es entre entidades s\u00e3o representadas como linhas que t\u00eam termina\u00e7\u00f5es de linha especiais, chamadas cardinalidades, que descrevem como dois elementos do banco de dados interagem entre si.<\/p><\/div>\n<p>&nbsp;<\/p>\n<div class=\"ng-scope\">Fonte: https:\/\/abre.ai\/mELF.\u00a0Acesso em: 26 jun. 2025.<\/div>\n<p><br class=\"ng-scope\" \/>Analise o DER (Diagrama de Entidade e Relacionamento) a seguir:<br class=\"ng-scope\" \/><br class=\"ng-scope\" \/><img data-recalc-dims=\"1\" decoding=\"async\" class=\"ng-scope\" src=\"https:\/\/i0.wp.com\/sistemasead.unicesumar.edu.br\/flex\/amfphp\/services\/Portal\/ImagemQuestionario2\/QUE_268700_668352_1.png?ssl=1\" alt=\"\" \/><br class=\"ng-scope\" \/>Baseando-se no DER (Diagrama Entidade-Relacionamento) fornecido, crie um script SQL contendo as seguintes atividades:<br class=\"ng-scope\" \/>\u00a0<br class=\"ng-scope\" \/>1) Elabore os comandos de cria\u00e7\u00e3o das tabelas (CREATE TABLE), respeitando as seguintes orienta\u00e7\u00f5es:<br class=\"ng-scope\" \/><br class=\"ng-scope\" \/>a) Para cada tabela, crie\u00a0<strong class=\"ng-scope\">no m\u00ednimo 3<\/strong>\u00a0e\u00a0<strong class=\"ng-scope\">no m\u00e1ximo 10 campos<\/strong>, definindo seus respectivos tipos de dados.<br class=\"ng-scope\" \/>b) Defina corretamente as\u00a0<strong class=\"ng-scope\">chaves prim\u00e1rias (PRIMARY KEY)<\/strong>\u00a0de cada tabela.<br class=\"ng-scope\" \/>c) Implemente as\u00a0<strong class=\"ng-scope\">chaves estrangeiras (FOREIGN KEY)<\/strong>\u00a0para representar os relacionamentos entre as tabelas.<br class=\"ng-scope\" \/>d) Configure os\u00a0<strong class=\"ng-scope\">tipos de dados adequados<\/strong>\u00a0para cada campo (por exemplo: INT, VARCHAR, DATE, DECIMAL, entre outros).<br class=\"ng-scope\" \/>e) Utilize a cl\u00e1usula\u00a0<strong class=\"ng-scope\">NOT NULL<\/strong>\u00a0para os campos que s\u00e3o obrigat\u00f3rios.<br class=\"ng-scope\" \/>f) Organize seu script de forma clara, usando\u00a0<strong class=\"ng-scope\">coment\u00e1rios<\/strong>\u00a0(&#8211;) para separar e identificar cada tabela.<br class=\"ng-scope\" \/>\u00a0<br class=\"ng-scope\" \/>2) Descreva as rela\u00e7\u00f5es entre as tabelas.<\/p>\n","protected":false},"excerpt":{"rendered":"<p>Ol\u00e1 estudante! Agora \u00e9 hora de aplicar os conceitos aprendidos na disciplina, vamos l\u00e1? Um diagrama de entidade relacionamento (DER)<\/p>\n","protected":false},"featured_media":2326,"template":"","meta":{"_monsterinsights_skip_tracking":false,"_monsterinsights_sitenote_active":false,"_monsterinsights_sitenote_note":"","_monsterinsights_sitenote_category":0},"product_brand":[],"product_cat":[117],"product_tag":[],"class_list":{"0":"post-6169","1":"product","2":"type-product","3":"status-publish","4":"has-post-thumbnail","6":"product_cat-analise-e-desenvolvimento-de-sistemas","8":"first","9":"instock","10":"downloadable","11":"virtual","12":"purchasable","13":"product-type-simple"},"yoast_head":"<!-- This site is optimized with the Yoast SEO plugin v27.4 - https:\/\/yoast.com\/product\/yoast-seo-wordpress\/ -->\n<title>MAPA - BANCO DE DADOS - 53_2025<\/title>\n<meta name=\"description\" content=\"Atividade MAPA - BANCO DE DADOS - 53_2025 &#8902; Unicesumar. Baixe agora mesmo um Mapa Pronto resolvido!\" \/>\n<meta name=\"robots\" content=\"index, follow, max-snippet:-1, max-image-preview:large, max-video-preview:-1\" \/>\n<link rel=\"canonical\" href=\"https:\/\/atividademapa.com\/?product=mapa-banco-de-dados-53_2025\" \/>\n<meta property=\"og:locale\" content=\"pt_BR\" \/>\n<meta property=\"og:type\" content=\"article\" \/>\n<meta property=\"og:title\" content=\"MAPA - BANCO DE DADOS - 53_2025\" \/>\n<meta property=\"og:description\" content=\"Atividade MAPA - BANCO DE DADOS - 53_2025 &#8902; Unicesumar. Baixe agora mesmo um Mapa Pronto resolvido!\" \/>\n<meta property=\"og:url\" content=\"https:\/\/atividademapa.com\/?product=mapa-banco-de-dados-53_2025\" \/>\n<meta property=\"og:site_name\" content=\"Atividade Mapa\" \/>\n<meta property=\"article:modified_time\" content=\"2025-07-27T03:07:39+00:00\" \/>\n<meta property=\"og:image\" content=\"https:\/\/i0.wp.com\/atividademapa.com\/wp-content\/uploads\/2023\/03\/Atividade-M.A.P.A-3.png?fit=300%2C300&ssl=1\" \/>\n\t<meta property=\"og:image:width\" content=\"300\" \/>\n\t<meta property=\"og:image:height\" content=\"300\" \/>\n\t<meta property=\"og:image:type\" content=\"image\/png\" \/>\n<meta name=\"twitter:card\" content=\"summary_large_image\" \/>\n<meta name=\"twitter:label1\" content=\"Est. tempo de leitura\" \/>\n\t<meta name=\"twitter:data1\" content=\"1 minuto\" \/>\n<script type=\"application\/ld+json\" class=\"yoast-schema-graph\">{\"@context\":\"https:\\\/\\\/schema.org\",\"@graph\":[{\"@type\":\"WebPage\",\"@id\":\"https:\\\/\\\/atividademapa.com\\\/?product=mapa-banco-de-dados-53_2025\",\"url\":\"https:\\\/\\\/atividademapa.com\\\/?product=mapa-banco-de-dados-53_2025\",\"name\":\"MAPA - BANCO DE DADOS - 53_2025\",\"isPartOf\":{\"@id\":\"https:\\\/\\\/atividademapa.com\\\/#website\"},\"primaryImageOfPage\":{\"@id\":\"https:\\\/\\\/atividademapa.com\\\/?product=mapa-banco-de-dados-53_2025#primaryimage\"},\"image\":{\"@id\":\"https:\\\/\\\/atividademapa.com\\\/?product=mapa-banco-de-dados-53_2025#primaryimage\"},\"thumbnailUrl\":\"https:\\\/\\\/i0.wp.com\\\/atividademapa.com\\\/wp-content\\\/uploads\\\/2023\\\/03\\\/Atividade-M.A.P.A-3.png?fit=300%2C300&ssl=1\",\"datePublished\":\"2025-07-27T03:07:38+00:00\",\"dateModified\":\"2025-07-27T03:07:39+00:00\",\"description\":\"Atividade MAPA - BANCO DE DADOS - 53_2025 &#8902; Unicesumar. Baixe agora mesmo um Mapa Pronto resolvido!\",\"breadcrumb\":{\"@id\":\"https:\\\/\\\/atividademapa.com\\\/?product=mapa-banco-de-dados-53_2025#breadcrumb\"},\"inLanguage\":\"pt-BR\",\"potentialAction\":[{\"@type\":\"ReadAction\",\"target\":[\"https:\\\/\\\/atividademapa.com\\\/?product=mapa-banco-de-dados-53_2025\"]}]},{\"@type\":\"ImageObject\",\"inLanguage\":\"pt-BR\",\"@id\":\"https:\\\/\\\/atividademapa.com\\\/?product=mapa-banco-de-dados-53_2025#primaryimage\",\"url\":\"https:\\\/\\\/i0.wp.com\\\/atividademapa.com\\\/wp-content\\\/uploads\\\/2023\\\/03\\\/Atividade-M.A.P.A-3.png?fit=300%2C300&ssl=1\",\"contentUrl\":\"https:\\\/\\\/i0.wp.com\\\/atividademapa.com\\\/wp-content\\\/uploads\\\/2023\\\/03\\\/Atividade-M.A.P.A-3.png?fit=300%2C300&ssl=1\",\"width\":300,\"height\":300,\"caption\":\"Mapa Unicesumar Atividade\"},{\"@type\":\"BreadcrumbList\",\"@id\":\"https:\\\/\\\/atividademapa.com\\\/?product=mapa-banco-de-dados-53_2025#breadcrumb\",\"itemListElement\":[{\"@type\":\"ListItem\",\"position\":1,\"name\":\"In\u00edcio\",\"item\":\"https:\\\/\\\/atividademapa.com\\\/\"},{\"@type\":\"ListItem\",\"position\":2,\"name\":\"MAPAS\",\"item\":\"https:\\\/\\\/atividademapa.com\\\/?page_id=5\"},{\"@type\":\"ListItem\",\"position\":3,\"name\":\"MAPA &#8211; BANCO DE DADOS &#8211; 53_2025\"}]},{\"@type\":\"WebSite\",\"@id\":\"https:\\\/\\\/atividademapa.com\\\/#website\",\"url\":\"https:\\\/\\\/atividademapa.com\\\/\",\"name\":\"Atividade Mapa\",\"description\":\"StudeO | Unicesumar\",\"publisher\":{\"@id\":\"https:\\\/\\\/atividademapa.com\\\/#organization\"},\"potentialAction\":[{\"@type\":\"SearchAction\",\"target\":{\"@type\":\"EntryPoint\",\"urlTemplate\":\"https:\\\/\\\/atividademapa.com\\\/?s={search_term_string}\"},\"query-input\":{\"@type\":\"PropertyValueSpecification\",\"valueRequired\":true,\"valueName\":\"search_term_string\"}}],\"inLanguage\":\"pt-BR\"},{\"@type\":\"Organization\",\"@id\":\"https:\\\/\\\/atividademapa.com\\\/#organization\",\"name\":\"Atividade MAPA\",\"url\":\"https:\\\/\\\/atividademapa.com\\\/\",\"logo\":{\"@type\":\"ImageObject\",\"inLanguage\":\"pt-BR\",\"@id\":\"https:\\\/\\\/atividademapa.com\\\/#\\\/schema\\\/logo\\\/image\\\/\",\"url\":\"https:\\\/\\\/i0.wp.com\\\/atividademapa.com\\\/wp-content\\\/uploads\\\/2023\\\/02\\\/ATIVIDADE.png?fit=600%2C300&ssl=1\",\"contentUrl\":\"https:\\\/\\\/i0.wp.com\\\/atividademapa.com\\\/wp-content\\\/uploads\\\/2023\\\/02\\\/ATIVIDADE.png?fit=600%2C300&ssl=1\",\"width\":600,\"height\":300,\"caption\":\"Atividade MAPA\"},\"image\":{\"@id\":\"https:\\\/\\\/atividademapa.com\\\/#\\\/schema\\\/logo\\\/image\\\/\"}}]}<\/script>\n<!-- \/ Yoast SEO plugin. -->","yoast_head_json":{"title":"MAPA - BANCO DE DADOS - 53_2025","description":"Atividade MAPA - BANCO DE DADOS - 53_2025 &#8902; Unicesumar. Baixe agora mesmo um Mapa Pronto resolvido!","robots":{"index":"index","follow":"follow","max-snippet":"max-snippet:-1","max-image-preview":"max-image-preview:large","max-video-preview":"max-video-preview:-1"},"canonical":"https:\/\/atividademapa.com\/?product=mapa-banco-de-dados-53_2025","og_locale":"pt_BR","og_type":"article","og_title":"MAPA - BANCO DE DADOS - 53_2025","og_description":"Atividade MAPA - BANCO DE DADOS - 53_2025 &#8902; Unicesumar. Baixe agora mesmo um Mapa Pronto resolvido!","og_url":"https:\/\/atividademapa.com\/?product=mapa-banco-de-dados-53_2025","og_site_name":"Atividade Mapa","article_modified_time":"2025-07-27T03:07:39+00:00","og_image":[{"width":300,"height":300,"url":"https:\/\/i0.wp.com\/atividademapa.com\/wp-content\/uploads\/2023\/03\/Atividade-M.A.P.A-3.png?fit=300%2C300&ssl=1","type":"image\/png"}],"twitter_card":"summary_large_image","twitter_misc":{"Est. tempo de leitura":"1 minuto"},"schema":{"@context":"https:\/\/schema.org","@graph":[{"@type":"WebPage","@id":"https:\/\/atividademapa.com\/?product=mapa-banco-de-dados-53_2025","url":"https:\/\/atividademapa.com\/?product=mapa-banco-de-dados-53_2025","name":"MAPA - BANCO DE DADOS - 53_2025","isPartOf":{"@id":"https:\/\/atividademapa.com\/#website"},"primaryImageOfPage":{"@id":"https:\/\/atividademapa.com\/?product=mapa-banco-de-dados-53_2025#primaryimage"},"image":{"@id":"https:\/\/atividademapa.com\/?product=mapa-banco-de-dados-53_2025#primaryimage"},"thumbnailUrl":"https:\/\/i0.wp.com\/atividademapa.com\/wp-content\/uploads\/2023\/03\/Atividade-M.A.P.A-3.png?fit=300%2C300&ssl=1","datePublished":"2025-07-27T03:07:38+00:00","dateModified":"2025-07-27T03:07:39+00:00","description":"Atividade MAPA - BANCO DE DADOS - 53_2025 &#8902; Unicesumar. Baixe agora mesmo um Mapa Pronto resolvido!","breadcrumb":{"@id":"https:\/\/atividademapa.com\/?product=mapa-banco-de-dados-53_2025#breadcrumb"},"inLanguage":"pt-BR","potentialAction":[{"@type":"ReadAction","target":["https:\/\/atividademapa.com\/?product=mapa-banco-de-dados-53_2025"]}]},{"@type":"ImageObject","inLanguage":"pt-BR","@id":"https:\/\/atividademapa.com\/?product=mapa-banco-de-dados-53_2025#primaryimage","url":"https:\/\/i0.wp.com\/atividademapa.com\/wp-content\/uploads\/2023\/03\/Atividade-M.A.P.A-3.png?fit=300%2C300&ssl=1","contentUrl":"https:\/\/i0.wp.com\/atividademapa.com\/wp-content\/uploads\/2023\/03\/Atividade-M.A.P.A-3.png?fit=300%2C300&ssl=1","width":300,"height":300,"caption":"Mapa Unicesumar Atividade"},{"@type":"BreadcrumbList","@id":"https:\/\/atividademapa.com\/?product=mapa-banco-de-dados-53_2025#breadcrumb","itemListElement":[{"@type":"ListItem","position":1,"name":"In\u00edcio","item":"https:\/\/atividademapa.com\/"},{"@type":"ListItem","position":2,"name":"MAPAS","item":"https:\/\/atividademapa.com\/?page_id=5"},{"@type":"ListItem","position":3,"name":"MAPA &#8211; BANCO DE DADOS &#8211; 53_2025"}]},{"@type":"WebSite","@id":"https:\/\/atividademapa.com\/#website","url":"https:\/\/atividademapa.com\/","name":"Atividade Mapa","description":"StudeO | Unicesumar","publisher":{"@id":"https:\/\/atividademapa.com\/#organization"},"potentialAction":[{"@type":"SearchAction","target":{"@type":"EntryPoint","urlTemplate":"https:\/\/atividademapa.com\/?s={search_term_string}"},"query-input":{"@type":"PropertyValueSpecification","valueRequired":true,"valueName":"search_term_string"}}],"inLanguage":"pt-BR"},{"@type":"Organization","@id":"https:\/\/atividademapa.com\/#organization","name":"Atividade MAPA","url":"https:\/\/atividademapa.com\/","logo":{"@type":"ImageObject","inLanguage":"pt-BR","@id":"https:\/\/atividademapa.com\/#\/schema\/logo\/image\/","url":"https:\/\/i0.wp.com\/atividademapa.com\/wp-content\/uploads\/2023\/02\/ATIVIDADE.png?fit=600%2C300&ssl=1","contentUrl":"https:\/\/i0.wp.com\/atividademapa.com\/wp-content\/uploads\/2023\/02\/ATIVIDADE.png?fit=600%2C300&ssl=1","width":600,"height":300,"caption":"Atividade MAPA"},"image":{"@id":"https:\/\/atividademapa.com\/#\/schema\/logo\/image\/"}}]}},"_links":{"self":[{"href":"https:\/\/atividademapa.com\/index.php?rest_route=\/wp\/v2\/product\/6169","targetHints":{"allow":["GET"]}}],"collection":[{"href":"https:\/\/atividademapa.com\/index.php?rest_route=\/wp\/v2\/product"}],"about":[{"href":"https:\/\/atividademapa.com\/index.php?rest_route=\/wp\/v2\/types\/product"}],"version-history":[{"count":1,"href":"https:\/\/atividademapa.com\/index.php?rest_route=\/wp\/v2\/product\/6169\/revisions"}],"predecessor-version":[{"id":6171,"href":"https:\/\/atividademapa.com\/index.php?rest_route=\/wp\/v2\/product\/6169\/revisions\/6171"}],"wp:featuredmedia":[{"embeddable":true,"href":"https:\/\/atividademapa.com\/index.php?rest_route=\/wp\/v2\/media\/2326"}],"wp:attachment":[{"href":"https:\/\/atividademapa.com\/index.php?rest_route=%2Fwp%2Fv2%2Fmedia&parent=6169"}],"wp:term":[{"taxonomy":"product_brand","embeddable":true,"href":"https:\/\/atividademapa.com\/index.php?rest_route=%2Fwp%2Fv2%2Fproduct_brand&post=6169"},{"taxonomy":"product_cat","embeddable":true,"href":"https:\/\/atividademapa.com\/index.php?rest_route=%2Fwp%2Fv2%2Fproduct_cat&post=6169"},{"taxonomy":"product_tag","embeddable":true,"href":"https:\/\/atividademapa.com\/index.php?rest_route=%2Fwp%2Fv2%2Fproduct_tag&post=6169"}],"curies":[{"name":"wp","href":"https:\/\/api.w.org\/{rel}","templated":true}]}}