{"id":6173,"date":"2025-07-27T12:59:36","date_gmt":"2025-07-27T15:59:36","guid":{"rendered":"https:\/\/atividademapa.com\/?post_type=product&#038;p=6173"},"modified":"2025-07-27T23:59:18","modified_gmt":"2025-07-28T02:59:18","slug":"mapa-gpub-economia-do-setor-publico-53_2025","status":"publish","type":"product","link":"https:\/\/atividademapa.com\/?product=mapa-gpub-economia-do-setor-publico-53_2025","title":{"rendered":"MAPA &#8211; GPUB &#8211; ECONOMIA DO SETOR P\u00daBLICO &#8211; 53_2025"},"content":{"rendered":"<p>Ol\u00e1, queridos (as) acad\u00eamicos(as). A atividade proposta corresponde ao M.A.P.A., Material de avalia\u00e7\u00e3o<br \/>\nPr\u00e1tica da Aprendizagem.<br \/>\nO objetivo desta atividade \u00e9 fazer com que voc\u00ea se sinta imersivo em uma an\u00e1lise acerca da baixa<br \/>\ncapacidade adaptativa dos munic\u00edpios brasileiros para desastres ambientais.<br \/>\nPROBLEMATIZA\u00c7\u00c3O: Qual capacidade adaptativa dos munic\u00edpios brasileiros para desastres geo<br \/>\nhidrol\u00f3gicos?<br \/>\nQuando a plataforma Adapta Brasil do Minist\u00e9rio da Ci\u00eancia, Tecnologia e Inova\u00e7\u00e3o aponta que 3.679<br \/>\nmunic\u00edpios brasileiros, ou seja, 66%, t\u00eam baixa ou baix\u00edssima capacidade adaptativa para desastres geo<br \/>\nhidrol\u00f3gicos, \u00e9 poss\u00edvel vislumbrar a severidade do problema a que est\u00e3o suscet\u00edveis os cidad\u00e3os brasileiros.<br \/>\nSIGNIFICA\u00c7\u00c3O:<br \/>\nEssa constata\u00e7\u00e3o de despreparo mostra que a adapta\u00e7\u00e3o clim\u00e1tica \u2014 que requer a\u00e7\u00f5es urgentes diante dos<br \/>\nefeitos das altera\u00e7\u00f5es do clima j\u00e1 sentidos \u00e0 pele \u2014 \u00e9 um ajuste que precisa ser incorporado por todo o pa\u00eds<br \/>\nde forma transversal.<br \/>\nEXPERIMENTA\u00c7\u00c3O:<br \/>\nAo apresentar o mapa da capacidade adaptativa dos munic\u00edpios em recente audi\u00eancia p\u00fablica na Comiss\u00e3o<br \/>\nMista Permanente sobre Mudan\u00e7a Clim\u00e1tica, a Secret\u00e1ria Nacional de Mudan\u00e7a do Clima, do Minist\u00e9rio do<br \/>\nMeio Ambiente e Mudan\u00e7a do Clima, Ana Toni classificou a situa\u00e7\u00e3o do pa\u00eds como muito vulner\u00e1vel.<br \/>\nREFLEX\u00c3O: Vamos refletir?<br \/>\nEm debate no governo federal, o Plano Clima para o per\u00edodo 2024-2035 tem entre seus planos setoriais de<br \/>\nmitiga\u00e7\u00e3o a agricultura e a pecu\u00e1ria; o uso da terra e florestas; cidades, incluindo a mobilidade urbana;<br \/>\nenergia (el\u00e9trica e de combust\u00edveis); ind\u00fastria; res\u00edduos e transportes. Al\u00e9m de incluir parte dessa lista, os de<br \/>\nadapta\u00e7\u00e3o tamb\u00e9m congregam quest\u00f5es como biodiversidade, igualdade racial e combate ao racismo,<br \/>\npovos ind\u00edgenas e comunidades tradicionais, seguran\u00e7a alimentar e nutricional e oceano e zona costeira.<br \/>\nCONCEITUALIZA\u00c7\u00c3O:<br \/>\nA adapta\u00e7\u00e3o clim\u00e1tica e a mitiga\u00e7\u00e3o s\u00e3o faces da mesma moeda, mas com diferen\u00e7as significativas,<br \/>\nsegundo o consultor legislativo do Senado em Meio Ambiente, Matheus Dalloz.<br \/>\n\u2014 Quando se fala em mitiga\u00e7\u00e3o em mat\u00e9ria de mudan\u00e7a do clima, na verdade est\u00e1 se falando em mudan\u00e7as<br \/>\nda economia e da sociedade para que se evite uma piora na situa\u00e7\u00e3o clim\u00e1tica. Ent\u00e3o, quando se fala dessas<br \/>\nmetas de corte de emiss\u00f5es dos gases de efeito estufa, \u00e9 a mitiga\u00e7\u00e3o, que \u00e9 diminuir as consequ\u00eancias das<br \/>\natividades contidas na economia e da sociedade humana sobre o clima.<br \/>\nJ\u00e1 a adapta\u00e7\u00e3o clim\u00e1tica \u00e9 o retorno disso. Ou seja, quando se cria consequ\u00eancias no clima, colhem-se os<br \/>\nproblemas.<br \/>\n\u2014 Como a gente reage para evitar que esse problema que n\u00f3s mesmos criamos n\u00e3o traga consequ\u00eancias<br \/>\ngraves sobre a sociedade diretamente? E a\u00ed, a gente est\u00e1 falando de adapta\u00e7\u00e3o. Perceba que s\u00e3o faces da<br \/>\nmesma moeda. A mitiga\u00e7\u00e3o \u00e9 a gente diminuir a consequ\u00eancia das nossas a\u00e7\u00f5es sobre o clima. E a<br \/>\nadapta\u00e7\u00e3o \u00e9 diminuir as consequ\u00eancias da mudan\u00e7a do clima sobre nossas vidas \u2014 exp\u00f5e Dalloz.<br \/>\nA\u00c7\u00c3O:<br \/>\nO pensar e o agir n\u00e3o podem ser s\u00f3 a curto prazo quando j\u00e1 h\u00e1 proje\u00e7\u00f5es fundamentadas que apontam<br \/>\nperdas significativas a m\u00e9dio e longo prazo, n\u00e3o s\u00f3 para os seres humanos, mas para a biodiversidade na<br \/>\ntotalidade.<br \/>\nO PL 4129\/2021, rec\u00e9m-aprovado no Senado, determina que as medidas previstas no plano nacional sejam<br \/>\nformuladas em articula\u00e7\u00e3o da Uni\u00e3o, estados, munic\u00edpios e os setores socioecon\u00f4micos, com participa\u00e7\u00e3o<br \/>\nsocial dos mais vulner\u00e1veis aos efeitos clim\u00e1ticos, assim como do setor privado.<br \/>\nFonte: Ag\u00eancia Senado<br \/>\n24\/07\/2025, 16:26 Unicesumar &#8211; Ensino a Dist\u00e2ncia<br \/>\nabout:blank 2\/3<br \/>\nDispon\u00edvel em &lt; https:\/\/www12.senado.leg.br\/noticias\/materias\/2024\/05\/24\/com-baixa-capacidadeadaptativa-para-desastres-municipios-correm-riscos&gt; Acesso em 06 jun de 2025.<br \/>\nAVALIA\u00c7\u00c3O:<br \/>\nSegundo a plataforma Adapta Brasil, 66% dos munic\u00edpios brasileiros apresentam baixa ou baix\u00edssima<br \/>\ncapacidade adaptativa para enfrentar desastres geo hidrol\u00f3gicos, evidenciando a vulnerabilidade de grande<br \/>\nparte do pa\u00eds diante das mudan\u00e7as clim\u00e1ticas. A mat\u00e9ria destaca a necessidade urgente de incorporar a\u00e7\u00f5es<br \/>\nde adapta\u00e7\u00e3o, preven\u00e7\u00e3o e mitiga\u00e7\u00e3o de forma transversal nas pol\u00edticas p\u00fablicas, considerando<br \/>\nespecialmente as diretrizes da Pol\u00edtica Nacional sobre Mudan\u00e7a do Clima (PNMC) e o PL 4.129\/2021, que<br \/>\nestabelece regras gerais para a formula\u00e7\u00e3o de planos de adapta\u00e7\u00e3o \u00e0s mudan\u00e7as clim\u00e1ticas<br \/>\nNessa toada, imagine que voc\u00ea foi rec\u00e9m-nomeado(a) gestor(a) municipal de uma cidade brasileira com<br \/>\nhist\u00f3rico recorrente de enchentes e deslizamentos de terra. O munic\u00edpio, como grande parte do territ\u00f3rio<br \/>\nnacional, foi classificado pela plataforma Adapta Brasil como tendo baixa capacidade adaptativa para lidar<br \/>\ncom desastres naturais. O cen\u00e1rio inclui or\u00e7amento limitado, car\u00eancia de dados t\u00e9cnicos atualizados e pouca<br \/>\narticula\u00e7\u00e3o entre os \u00f3rg\u00e3os locais de planejamento, meio ambiente e defesa civil.<br \/>\nDiante da crescente intensifica\u00e7\u00e3o dos eventos clim\u00e1ticos extremos, sua miss\u00e3o \u00e9 liderar um plano de<br \/>\nadapta\u00e7\u00e3o municipal eficiente, promovendo a\u00e7\u00f5es preventivas e integradas, mesmo com os desafios<br \/>\nestruturais existentes. Para isso, \u00e9 essencial compreender os entraves que impedem o avan\u00e7o das pol\u00edticas<br \/>\nclim\u00e1ticas e identificar estrat\u00e9gias de gest\u00e3o p\u00fablica vi\u00e1veis e transformadoras.<br \/>\nCom base nesse contexto, responda \u00e0 popula\u00e7\u00e3o desse munic\u00edpio:<br \/>\n(a) Quais s\u00e3o os principais obst\u00e1culos que os munic\u00edpios brasileiros enfrentam para desenvolver e implementar<br \/>\nplanos eficazes de adapta\u00e7\u00e3o \u00e0s mudan\u00e7as clim\u00e1ticas?<br \/>\n(b) Como pol\u00edticas p\u00fablicas e instrumentos de gest\u00e3o podem ser aprimorados para fortalecer a capacidade<br \/>\nadaptativa local e reduzir a vulnerabilidade a desastres?<br \/>\nIMPORTANTE:<br \/>\n&#8211; Assistir o v\u00eddeo gravado pela professora da disciplina com orienta\u00e7\u00f5es, dispon\u00edvel na sala do caf\u00e9.<br \/>\n&#8211; Para compreender melhor os desafios enfrentados pelos munic\u00edpios e as poss\u00edveis solu\u00e7\u00f5es, \u00e9 fundamental<br \/>\nanalisar os diferentes pontos de vista apresentados na mat\u00e9ria. Acesse o conte\u00fado completo no link a<br \/>\nseguir:<br \/>\n&#8211; https:\/\/www12.senado.leg.br\/noticias\/materias\/2024\/05\/24\/com-baixa-capacidade-adaptativapara-desastres-municipios-correm-riscos<br \/>\n&#8211; Utilizar o Formul\u00e1rio do MAPA, dispon\u00edvel no campo \u201cMaterial da Disciplina\u201d.<br \/>\n&#8211; N\u00e3o realizar c\u00f3pias da internet ou livros.<br \/>\n&#8211; N\u00e3o esquecer de apresentar refer\u00eancias das fontes de pesquisas, caso tenha realizado.<br \/>\n&#8211; Salvar o arquivo em formato Word antes de postar no ambiente.<br \/>\n&#8211; Ap\u00f3s realizar o MAPA, anexe no local indicado e, em seguida, clique em cima do arquivo para abri-lo e<br \/>\nconferir se o arquivo postado \u00e9 o correto.<br \/>\n&#8211; Aten\u00e7\u00e3o ao clicar em finalizar, pois sua atividade ser\u00e1 finalizada\/enviada ao sistema, e voc\u00ea n\u00e3o conseguir\u00e1<br \/>\nsubstituir o arquivo.<br \/>\n&#8211; Caso tenha d\u00favidas, n\u00e3o deixe de encaminh\u00e1-las ao professor mediador atrav\u00e9s do &#8220;Fale com o Mediador<\/p>\n","protected":false},"excerpt":{"rendered":"<p>Ol\u00e1, queridos (as) acad\u00eamicos(as). A atividade proposta corresponde ao M.A.P.A., Material de avalia\u00e7\u00e3o Pr\u00e1tica da Aprendizagem. O objetivo desta atividade<\/p>\n","protected":false},"featured_media":2326,"template":"","meta":{"_monsterinsights_skip_tracking":false,"_monsterinsights_sitenote_active":false,"_monsterinsights_sitenote_note":"","_monsterinsights_sitenote_category":0},"product_brand":[],"product_cat":[85],"product_tag":[],"class_list":{"0":"post-6173","1":"product","2":"type-product","3":"status-publish","4":"has-post-thumbnail","6":"product_cat-gestao-publica","8":"first","9":"instock","10":"downloadable","11":"virtual","12":"purchasable","13":"product-type-simple"},"yoast_head":"<!-- This site is optimized with the Yoast SEO plugin v27.4 - https:\/\/yoast.com\/product\/yoast-seo-wordpress\/ -->\n<title>MAPA - GPUB - ECONOMIA DO SETOR P\u00daBLICO - 53_2025<\/title>\n<meta name=\"description\" content=\"Atividade MAPA - GPUB - ECONOMIA DO SETOR P\u00daBLICO - 53_2025 &#8902; Unicesumar. Baixe agora mesmo um Mapa Pronto resolvido!\" \/>\n<meta name=\"robots\" content=\"index, follow, max-snippet:-1, max-image-preview:large, max-video-preview:-1\" \/>\n<link rel=\"canonical\" href=\"https:\/\/atividademapa.com\/?product=mapa-gpub-economia-do-setor-publico-53_2025\" \/>\n<meta property=\"og:locale\" content=\"pt_BR\" \/>\n<meta property=\"og:type\" content=\"article\" \/>\n<meta property=\"og:title\" content=\"MAPA - GPUB - ECONOMIA DO SETOR P\u00daBLICO - 53_2025\" \/>\n<meta property=\"og:description\" content=\"Atividade MAPA - GPUB - ECONOMIA DO SETOR P\u00daBLICO - 53_2025 &#8902; Unicesumar. Baixe agora mesmo um Mapa Pronto resolvido!\" \/>\n<meta property=\"og:url\" content=\"https:\/\/atividademapa.com\/?product=mapa-gpub-economia-do-setor-publico-53_2025\" \/>\n<meta property=\"og:site_name\" content=\"Atividade Mapa\" \/>\n<meta property=\"article:modified_time\" content=\"2025-07-28T02:59:18+00:00\" \/>\n<meta property=\"og:image\" content=\"https:\/\/i0.wp.com\/atividademapa.com\/wp-content\/uploads\/2023\/03\/Atividade-M.A.P.A-3.png?fit=300%2C300&ssl=1\" \/>\n\t<meta property=\"og:image:width\" content=\"300\" \/>\n\t<meta property=\"og:image:height\" content=\"300\" \/>\n\t<meta property=\"og:image:type\" content=\"image\/png\" \/>\n<meta name=\"twitter:card\" content=\"summary_large_image\" \/>\n<meta name=\"twitter:label1\" content=\"Est. tempo de leitura\" \/>\n\t<meta name=\"twitter:data1\" content=\"6 minutos\" \/>\n<script type=\"application\/ld+json\" class=\"yoast-schema-graph\">{\"@context\":\"https:\\\/\\\/schema.org\",\"@graph\":[{\"@type\":\"WebPage\",\"@id\":\"https:\\\/\\\/atividademapa.com\\\/?product=mapa-gpub-economia-do-setor-publico-53_2025\",\"url\":\"https:\\\/\\\/atividademapa.com\\\/?product=mapa-gpub-economia-do-setor-publico-53_2025\",\"name\":\"MAPA - GPUB - ECONOMIA DO SETOR P\u00daBLICO - 53_2025\",\"isPartOf\":{\"@id\":\"https:\\\/\\\/atividademapa.com\\\/#website\"},\"primaryImageOfPage\":{\"@id\":\"https:\\\/\\\/atividademapa.com\\\/?product=mapa-gpub-economia-do-setor-publico-53_2025#primaryimage\"},\"image\":{\"@id\":\"https:\\\/\\\/atividademapa.com\\\/?product=mapa-gpub-economia-do-setor-publico-53_2025#primaryimage\"},\"thumbnailUrl\":\"https:\\\/\\\/i0.wp.com\\\/atividademapa.com\\\/wp-content\\\/uploads\\\/2023\\\/03\\\/Atividade-M.A.P.A-3.png?fit=300%2C300&ssl=1\",\"datePublished\":\"2025-07-27T15:59:36+00:00\",\"dateModified\":\"2025-07-28T02:59:18+00:00\",\"description\":\"Atividade MAPA - GPUB - ECONOMIA DO SETOR P\u00daBLICO - 53_2025 &#8902; Unicesumar. Baixe agora mesmo um Mapa Pronto resolvido!\",\"breadcrumb\":{\"@id\":\"https:\\\/\\\/atividademapa.com\\\/?product=mapa-gpub-economia-do-setor-publico-53_2025#breadcrumb\"},\"inLanguage\":\"pt-BR\",\"potentialAction\":[{\"@type\":\"ReadAction\",\"target\":[\"https:\\\/\\\/atividademapa.com\\\/?product=mapa-gpub-economia-do-setor-publico-53_2025\"]}]},{\"@type\":\"ImageObject\",\"inLanguage\":\"pt-BR\",\"@id\":\"https:\\\/\\\/atividademapa.com\\\/?product=mapa-gpub-economia-do-setor-publico-53_2025#primaryimage\",\"url\":\"https:\\\/\\\/i0.wp.com\\\/atividademapa.com\\\/wp-content\\\/uploads\\\/2023\\\/03\\\/Atividade-M.A.P.A-3.png?fit=300%2C300&ssl=1\",\"contentUrl\":\"https:\\\/\\\/i0.wp.com\\\/atividademapa.com\\\/wp-content\\\/uploads\\\/2023\\\/03\\\/Atividade-M.A.P.A-3.png?fit=300%2C300&ssl=1\",\"width\":300,\"height\":300,\"caption\":\"Mapa Unicesumar Atividade\"},{\"@type\":\"BreadcrumbList\",\"@id\":\"https:\\\/\\\/atividademapa.com\\\/?product=mapa-gpub-economia-do-setor-publico-53_2025#breadcrumb\",\"itemListElement\":[{\"@type\":\"ListItem\",\"position\":1,\"name\":\"In\u00edcio\",\"item\":\"https:\\\/\\\/atividademapa.com\\\/\"},{\"@type\":\"ListItem\",\"position\":2,\"name\":\"MAPAS\",\"item\":\"https:\\\/\\\/atividademapa.com\\\/?page_id=5\"},{\"@type\":\"ListItem\",\"position\":3,\"name\":\"MAPA &#8211; GPUB &#8211; ECONOMIA DO SETOR P\u00daBLICO &#8211; 53_2025\"}]},{\"@type\":\"WebSite\",\"@id\":\"https:\\\/\\\/atividademapa.com\\\/#website\",\"url\":\"https:\\\/\\\/atividademapa.com\\\/\",\"name\":\"Atividade Mapa\",\"description\":\"StudeO | Unicesumar\",\"publisher\":{\"@id\":\"https:\\\/\\\/atividademapa.com\\\/#organization\"},\"potentialAction\":[{\"@type\":\"SearchAction\",\"target\":{\"@type\":\"EntryPoint\",\"urlTemplate\":\"https:\\\/\\\/atividademapa.com\\\/?s={search_term_string}\"},\"query-input\":{\"@type\":\"PropertyValueSpecification\",\"valueRequired\":true,\"valueName\":\"search_term_string\"}}],\"inLanguage\":\"pt-BR\"},{\"@type\":\"Organization\",\"@id\":\"https:\\\/\\\/atividademapa.com\\\/#organization\",\"name\":\"Atividade MAPA\",\"url\":\"https:\\\/\\\/atividademapa.com\\\/\",\"logo\":{\"@type\":\"ImageObject\",\"inLanguage\":\"pt-BR\",\"@id\":\"https:\\\/\\\/atividademapa.com\\\/#\\\/schema\\\/logo\\\/image\\\/\",\"url\":\"https:\\\/\\\/i0.wp.com\\\/atividademapa.com\\\/wp-content\\\/uploads\\\/2023\\\/02\\\/ATIVIDADE.png?fit=600%2C300&ssl=1\",\"contentUrl\":\"https:\\\/\\\/i0.wp.com\\\/atividademapa.com\\\/wp-content\\\/uploads\\\/2023\\\/02\\\/ATIVIDADE.png?fit=600%2C300&ssl=1\",\"width\":600,\"height\":300,\"caption\":\"Atividade MAPA\"},\"image\":{\"@id\":\"https:\\\/\\\/atividademapa.com\\\/#\\\/schema\\\/logo\\\/image\\\/\"}}]}<\/script>\n<!-- \/ Yoast SEO plugin. -->","yoast_head_json":{"title":"MAPA - GPUB - ECONOMIA DO SETOR P\u00daBLICO - 53_2025","description":"Atividade MAPA - GPUB - ECONOMIA DO SETOR P\u00daBLICO - 53_2025 &#8902; Unicesumar. Baixe agora mesmo um Mapa Pronto resolvido!","robots":{"index":"index","follow":"follow","max-snippet":"max-snippet:-1","max-image-preview":"max-image-preview:large","max-video-preview":"max-video-preview:-1"},"canonical":"https:\/\/atividademapa.com\/?product=mapa-gpub-economia-do-setor-publico-53_2025","og_locale":"pt_BR","og_type":"article","og_title":"MAPA - GPUB - ECONOMIA DO SETOR P\u00daBLICO - 53_2025","og_description":"Atividade MAPA - GPUB - ECONOMIA DO SETOR P\u00daBLICO - 53_2025 &#8902; Unicesumar. Baixe agora mesmo um Mapa Pronto resolvido!","og_url":"https:\/\/atividademapa.com\/?product=mapa-gpub-economia-do-setor-publico-53_2025","og_site_name":"Atividade Mapa","article_modified_time":"2025-07-28T02:59:18+00:00","og_image":[{"width":300,"height":300,"url":"https:\/\/i0.wp.com\/atividademapa.com\/wp-content\/uploads\/2023\/03\/Atividade-M.A.P.A-3.png?fit=300%2C300&ssl=1","type":"image\/png"}],"twitter_card":"summary_large_image","twitter_misc":{"Est. tempo de leitura":"6 minutos"},"schema":{"@context":"https:\/\/schema.org","@graph":[{"@type":"WebPage","@id":"https:\/\/atividademapa.com\/?product=mapa-gpub-economia-do-setor-publico-53_2025","url":"https:\/\/atividademapa.com\/?product=mapa-gpub-economia-do-setor-publico-53_2025","name":"MAPA - GPUB - ECONOMIA DO SETOR P\u00daBLICO - 53_2025","isPartOf":{"@id":"https:\/\/atividademapa.com\/#website"},"primaryImageOfPage":{"@id":"https:\/\/atividademapa.com\/?product=mapa-gpub-economia-do-setor-publico-53_2025#primaryimage"},"image":{"@id":"https:\/\/atividademapa.com\/?product=mapa-gpub-economia-do-setor-publico-53_2025#primaryimage"},"thumbnailUrl":"https:\/\/i0.wp.com\/atividademapa.com\/wp-content\/uploads\/2023\/03\/Atividade-M.A.P.A-3.png?fit=300%2C300&ssl=1","datePublished":"2025-07-27T15:59:36+00:00","dateModified":"2025-07-28T02:59:18+00:00","description":"Atividade MAPA - GPUB - ECONOMIA DO SETOR P\u00daBLICO - 53_2025 &#8902; Unicesumar. Baixe agora mesmo um Mapa Pronto resolvido!","breadcrumb":{"@id":"https:\/\/atividademapa.com\/?product=mapa-gpub-economia-do-setor-publico-53_2025#breadcrumb"},"inLanguage":"pt-BR","potentialAction":[{"@type":"ReadAction","target":["https:\/\/atividademapa.com\/?product=mapa-gpub-economia-do-setor-publico-53_2025"]}]},{"@type":"ImageObject","inLanguage":"pt-BR","@id":"https:\/\/atividademapa.com\/?product=mapa-gpub-economia-do-setor-publico-53_2025#primaryimage","url":"https:\/\/i0.wp.com\/atividademapa.com\/wp-content\/uploads\/2023\/03\/Atividade-M.A.P.A-3.png?fit=300%2C300&ssl=1","contentUrl":"https:\/\/i0.wp.com\/atividademapa.com\/wp-content\/uploads\/2023\/03\/Atividade-M.A.P.A-3.png?fit=300%2C300&ssl=1","width":300,"height":300,"caption":"Mapa Unicesumar Atividade"},{"@type":"BreadcrumbList","@id":"https:\/\/atividademapa.com\/?product=mapa-gpub-economia-do-setor-publico-53_2025#breadcrumb","itemListElement":[{"@type":"ListItem","position":1,"name":"In\u00edcio","item":"https:\/\/atividademapa.com\/"},{"@type":"ListItem","position":2,"name":"MAPAS","item":"https:\/\/atividademapa.com\/?page_id=5"},{"@type":"ListItem","position":3,"name":"MAPA &#8211; GPUB &#8211; ECONOMIA DO SETOR P\u00daBLICO &#8211; 53_2025"}]},{"@type":"WebSite","@id":"https:\/\/atividademapa.com\/#website","url":"https:\/\/atividademapa.com\/","name":"Atividade Mapa","description":"StudeO | Unicesumar","publisher":{"@id":"https:\/\/atividademapa.com\/#organization"},"potentialAction":[{"@type":"SearchAction","target":{"@type":"EntryPoint","urlTemplate":"https:\/\/atividademapa.com\/?s={search_term_string}"},"query-input":{"@type":"PropertyValueSpecification","valueRequired":true,"valueName":"search_term_string"}}],"inLanguage":"pt-BR"},{"@type":"Organization","@id":"https:\/\/atividademapa.com\/#organization","name":"Atividade MAPA","url":"https:\/\/atividademapa.com\/","logo":{"@type":"ImageObject","inLanguage":"pt-BR","@id":"https:\/\/atividademapa.com\/#\/schema\/logo\/image\/","url":"https:\/\/i0.wp.com\/atividademapa.com\/wp-content\/uploads\/2023\/02\/ATIVIDADE.png?fit=600%2C300&ssl=1","contentUrl":"https:\/\/i0.wp.com\/atividademapa.com\/wp-content\/uploads\/2023\/02\/ATIVIDADE.png?fit=600%2C300&ssl=1","width":600,"height":300,"caption":"Atividade MAPA"},"image":{"@id":"https:\/\/atividademapa.com\/#\/schema\/logo\/image\/"}}]}},"_links":{"self":[{"href":"https:\/\/atividademapa.com\/index.php?rest_route=\/wp\/v2\/product\/6173","targetHints":{"allow":["GET"]}}],"collection":[{"href":"https:\/\/atividademapa.com\/index.php?rest_route=\/wp\/v2\/product"}],"about":[{"href":"https:\/\/atividademapa.com\/index.php?rest_route=\/wp\/v2\/types\/product"}],"version-history":[{"count":1,"href":"https:\/\/atividademapa.com\/index.php?rest_route=\/wp\/v2\/product\/6173\/revisions"}],"predecessor-version":[{"id":6176,"href":"https:\/\/atividademapa.com\/index.php?rest_route=\/wp\/v2\/product\/6173\/revisions\/6176"}],"wp:featuredmedia":[{"embeddable":true,"href":"https:\/\/atividademapa.com\/index.php?rest_route=\/wp\/v2\/media\/2326"}],"wp:attachment":[{"href":"https:\/\/atividademapa.com\/index.php?rest_route=%2Fwp%2Fv2%2Fmedia&parent=6173"}],"wp:term":[{"taxonomy":"product_brand","embeddable":true,"href":"https:\/\/atividademapa.com\/index.php?rest_route=%2Fwp%2Fv2%2Fproduct_brand&post=6173"},{"taxonomy":"product_cat","embeddable":true,"href":"https:\/\/atividademapa.com\/index.php?rest_route=%2Fwp%2Fv2%2Fproduct_cat&post=6173"},{"taxonomy":"product_tag","embeddable":true,"href":"https:\/\/atividademapa.com\/index.php?rest_route=%2Fwp%2Fv2%2Fproduct_tag&post=6173"}],"curies":[{"name":"wp","href":"https:\/\/api.w.org\/{rel}","templated":true}]}}