{"id":6183,"date":"2025-07-27T18:32:12","date_gmt":"2025-07-27T21:32:12","guid":{"rendered":"https:\/\/atividademapa.com\/?post_type=product&#038;p=6183"},"modified":"2025-07-27T18:32:13","modified_gmt":"2025-07-27T21:32:13","slug":"mapa-gh-gestao-de-planos-de-saude-53_2025","status":"publish","type":"product","link":"https:\/\/atividademapa.com\/?product=mapa-gh-gestao-de-planos-de-saude-53_2025","title":{"rendered":"MAPA &#8211; GH &#8211; GEST\u00c3O DE PLANOS DE SA\u00daDE &#8211; 53_2025"},"content":{"rendered":"<p>No Brasil, a regula\u00e7\u00e3o da sa\u00fade suplementar \u00e9 uma atribui\u00e7\u00e3o da Ag\u00eancia Nacional de Sa\u00fade Suplementar (ANS), que define regras para garantir o equil\u00edbrio entre os interesses dos benefici\u00e1rios, operadoras e prestadores. As operadoras de planos de sa\u00fade s\u00e3o obrigadas a seguir normas de cobertura m\u00ednima, prazos m\u00e1ximos de atendimento, processos de reajuste, entre outros pontos regulat\u00f3rios. Com frequ\u00eancia, os consumidores se deparam com negativas de cobertura, desconhecimento dos seus direitos e aus\u00eancia de canais de comunica\u00e7\u00e3o eficazes.<br \/>\nDe acordo com Tironi (2018), a transpar\u00eancia nas rela\u00e7\u00f5es entre operadoras e benefici\u00e1rios \u00e9 um dos pilares para o bom funcionamento da sa\u00fade suplementar, sendo essencial a comunica\u00e7\u00e3o clara, acess\u00edvel e educativa como estrat\u00e9gia para fortalecer a confian\u00e7a e reduzir conflitos.<br \/>\nFONTE: TIRONI, N. M. Gest\u00e3o de Planos de Sa\u00fade: aspectos regulat\u00f3rios e operacionais. Maring\u00e1: Unicesumar, 2018.<\/p>\n<p>ATIVIDADE:<br \/>\n\u200bImagine que voc\u00ea foi contratado para atuar no setor de comunica\u00e7\u00e3o institucional de uma operadora de sa\u00fade de m\u00e9dio porte que deseja melhorar a rela\u00e7\u00e3o com os benefici\u00e1rios e demonstrar maior transpar\u00eancia no atendimento \u00e0s normas da ANS. Para isso, a diretoria solicitou a voc\u00ea a elabora\u00e7\u00e3o de um plano informativo e educativo, que tenha como objetivo explicar, de forma clara e acess\u00edvel, os principais direitos do benefici\u00e1rio previstos na regula\u00e7\u00e3o da ANS.<br \/>\n1)Pensando no seu papel no setor de comunica\u00e7\u00e3o da operadora, escolha dois direitos fundamentais dos benefici\u00e1rios regulados pela ANS que voc\u00ea considera essenciais destacar em uma campanha educativa.<br \/>\n2)Voc\u00ea precisar\u00e1 explicar ao p\u00fablico, de forma clara e acess\u00edvel, o que \u00e9 a Cobertura Parcial Tempor\u00e1ria (CPT). Como voc\u00ea descreveria esse conceito para um benefici\u00e1rio? Em quais situa\u00e7\u00f5es a CPT pode ser aplicada?<br \/>\n3) Por fim, elabore uma sugest\u00e3o de pe\u00e7a informativa (como um post, cartaz ou f\u00f4lder) com linguagem simples e objetiva, orientando o benefici\u00e1rio sobre o que fazer em caso de negativa de cobertura ou destacando um direito do consumidor importante.<\/p>\n<p>\u200bOrienta\u00e7\u00f5es finais:<br \/>\nCaro estudante, no item 1 e 2 voc\u00ea dever\u00e1 entregar um texto explicativo com m\u00ednimo de 10 e m\u00e1ximo de 20 linhas.<br \/>\nA terceira parte pode ser apresentada como texto corrido ou em formato descritivo de pe\u00e7a visual (com sugest\u00e3o de t\u00edtulo, slogan e texto informativo).<\/p>\n","protected":false},"excerpt":{"rendered":"<p>No Brasil, a regula\u00e7\u00e3o da sa\u00fade suplementar \u00e9 uma atribui\u00e7\u00e3o da Ag\u00eancia Nacional de Sa\u00fade Suplementar (ANS), que define regras<\/p>\n","protected":false},"featured_media":2326,"template":"","meta":{"_monsterinsights_skip_tracking":false,"_monsterinsights_sitenote_active":false,"_monsterinsights_sitenote_note":"","_monsterinsights_sitenote_category":0},"product_brand":[],"product_cat":[44],"product_tag":[],"class_list":{"0":"post-6183","1":"product","2":"type-product","3":"status-publish","4":"has-post-thumbnail","6":"product_cat-gestao-hospitalar","8":"first","9":"instock","10":"downloadable","11":"virtual","12":"purchasable","13":"product-type-simple"},"yoast_head":"<!-- This site is optimized with the Yoast SEO plugin v27.4 - https:\/\/yoast.com\/product\/yoast-seo-wordpress\/ -->\n<title>MAPA - GH - GEST\u00c3O DE PLANOS DE SA\u00daDE - 53_2025<\/title>\n<meta name=\"description\" content=\"Atividade MAPA - GH - GEST\u00c3O DE PLANOS DE SA\u00daDE - 53_2025 &#8902; Unicesumar. Baixe agora mesmo um Mapa Pronto resolvido!\" \/>\n<meta name=\"robots\" content=\"index, follow, max-snippet:-1, max-image-preview:large, max-video-preview:-1\" \/>\n<link rel=\"canonical\" href=\"https:\/\/atividademapa.com\/?product=mapa-gh-gestao-de-planos-de-saude-53_2025\" \/>\n<meta property=\"og:locale\" content=\"pt_BR\" \/>\n<meta property=\"og:type\" content=\"article\" \/>\n<meta property=\"og:title\" content=\"MAPA - GH - GEST\u00c3O DE PLANOS DE SA\u00daDE - 53_2025\" \/>\n<meta property=\"og:description\" content=\"Atividade MAPA - GH - GEST\u00c3O DE PLANOS DE SA\u00daDE - 53_2025 &#8902; Unicesumar. Baixe agora mesmo um Mapa Pronto resolvido!\" \/>\n<meta property=\"og:url\" content=\"https:\/\/atividademapa.com\/?product=mapa-gh-gestao-de-planos-de-saude-53_2025\" \/>\n<meta property=\"og:site_name\" content=\"Atividade Mapa\" \/>\n<meta property=\"article:modified_time\" content=\"2025-07-27T21:32:13+00:00\" \/>\n<meta property=\"og:image\" content=\"https:\/\/i0.wp.com\/atividademapa.com\/wp-content\/uploads\/2023\/03\/Atividade-M.A.P.A-3.png?fit=300%2C300&ssl=1\" \/>\n\t<meta property=\"og:image:width\" content=\"300\" \/>\n\t<meta property=\"og:image:height\" content=\"300\" \/>\n\t<meta property=\"og:image:type\" content=\"image\/png\" \/>\n<meta name=\"twitter:card\" content=\"summary_large_image\" \/>\n<meta name=\"twitter:label1\" content=\"Est. tempo de leitura\" \/>\n\t<meta name=\"twitter:data1\" content=\"2 minutos\" \/>\n<script type=\"application\/ld+json\" class=\"yoast-schema-graph\">{\"@context\":\"https:\\\/\\\/schema.org\",\"@graph\":[{\"@type\":\"WebPage\",\"@id\":\"https:\\\/\\\/atividademapa.com\\\/?product=mapa-gh-gestao-de-planos-de-saude-53_2025\",\"url\":\"https:\\\/\\\/atividademapa.com\\\/?product=mapa-gh-gestao-de-planos-de-saude-53_2025\",\"name\":\"MAPA - GH - GEST\u00c3O DE PLANOS DE SA\u00daDE - 53_2025\",\"isPartOf\":{\"@id\":\"https:\\\/\\\/atividademapa.com\\\/#website\"},\"primaryImageOfPage\":{\"@id\":\"https:\\\/\\\/atividademapa.com\\\/?product=mapa-gh-gestao-de-planos-de-saude-53_2025#primaryimage\"},\"image\":{\"@id\":\"https:\\\/\\\/atividademapa.com\\\/?product=mapa-gh-gestao-de-planos-de-saude-53_2025#primaryimage\"},\"thumbnailUrl\":\"https:\\\/\\\/i0.wp.com\\\/atividademapa.com\\\/wp-content\\\/uploads\\\/2023\\\/03\\\/Atividade-M.A.P.A-3.png?fit=300%2C300&ssl=1\",\"datePublished\":\"2025-07-27T21:32:12+00:00\",\"dateModified\":\"2025-07-27T21:32:13+00:00\",\"description\":\"Atividade MAPA - GH - GEST\u00c3O DE PLANOS DE SA\u00daDE - 53_2025 &#8902; Unicesumar. Baixe agora mesmo um Mapa Pronto resolvido!\",\"breadcrumb\":{\"@id\":\"https:\\\/\\\/atividademapa.com\\\/?product=mapa-gh-gestao-de-planos-de-saude-53_2025#breadcrumb\"},\"inLanguage\":\"pt-BR\",\"potentialAction\":[{\"@type\":\"ReadAction\",\"target\":[\"https:\\\/\\\/atividademapa.com\\\/?product=mapa-gh-gestao-de-planos-de-saude-53_2025\"]}]},{\"@type\":\"ImageObject\",\"inLanguage\":\"pt-BR\",\"@id\":\"https:\\\/\\\/atividademapa.com\\\/?product=mapa-gh-gestao-de-planos-de-saude-53_2025#primaryimage\",\"url\":\"https:\\\/\\\/i0.wp.com\\\/atividademapa.com\\\/wp-content\\\/uploads\\\/2023\\\/03\\\/Atividade-M.A.P.A-3.png?fit=300%2C300&ssl=1\",\"contentUrl\":\"https:\\\/\\\/i0.wp.com\\\/atividademapa.com\\\/wp-content\\\/uploads\\\/2023\\\/03\\\/Atividade-M.A.P.A-3.png?fit=300%2C300&ssl=1\",\"width\":300,\"height\":300,\"caption\":\"Mapa Unicesumar Atividade\"},{\"@type\":\"BreadcrumbList\",\"@id\":\"https:\\\/\\\/atividademapa.com\\\/?product=mapa-gh-gestao-de-planos-de-saude-53_2025#breadcrumb\",\"itemListElement\":[{\"@type\":\"ListItem\",\"position\":1,\"name\":\"In\u00edcio\",\"item\":\"https:\\\/\\\/atividademapa.com\\\/\"},{\"@type\":\"ListItem\",\"position\":2,\"name\":\"MAPAS\",\"item\":\"https:\\\/\\\/atividademapa.com\\\/?page_id=5\"},{\"@type\":\"ListItem\",\"position\":3,\"name\":\"MAPA &#8211; GH &#8211; GEST\u00c3O DE PLANOS DE SA\u00daDE &#8211; 53_2025\"}]},{\"@type\":\"WebSite\",\"@id\":\"https:\\\/\\\/atividademapa.com\\\/#website\",\"url\":\"https:\\\/\\\/atividademapa.com\\\/\",\"name\":\"Atividade Mapa\",\"description\":\"StudeO | Unicesumar\",\"publisher\":{\"@id\":\"https:\\\/\\\/atividademapa.com\\\/#organization\"},\"potentialAction\":[{\"@type\":\"SearchAction\",\"target\":{\"@type\":\"EntryPoint\",\"urlTemplate\":\"https:\\\/\\\/atividademapa.com\\\/?s={search_term_string}\"},\"query-input\":{\"@type\":\"PropertyValueSpecification\",\"valueRequired\":true,\"valueName\":\"search_term_string\"}}],\"inLanguage\":\"pt-BR\"},{\"@type\":\"Organization\",\"@id\":\"https:\\\/\\\/atividademapa.com\\\/#organization\",\"name\":\"Atividade MAPA\",\"url\":\"https:\\\/\\\/atividademapa.com\\\/\",\"logo\":{\"@type\":\"ImageObject\",\"inLanguage\":\"pt-BR\",\"@id\":\"https:\\\/\\\/atividademapa.com\\\/#\\\/schema\\\/logo\\\/image\\\/\",\"url\":\"https:\\\/\\\/i0.wp.com\\\/atividademapa.com\\\/wp-content\\\/uploads\\\/2023\\\/02\\\/ATIVIDADE.png?fit=600%2C300&ssl=1\",\"contentUrl\":\"https:\\\/\\\/i0.wp.com\\\/atividademapa.com\\\/wp-content\\\/uploads\\\/2023\\\/02\\\/ATIVIDADE.png?fit=600%2C300&ssl=1\",\"width\":600,\"height\":300,\"caption\":\"Atividade MAPA\"},\"image\":{\"@id\":\"https:\\\/\\\/atividademapa.com\\\/#\\\/schema\\\/logo\\\/image\\\/\"}}]}<\/script>\n<!-- \/ Yoast SEO plugin. -->","yoast_head_json":{"title":"MAPA - GH - GEST\u00c3O DE PLANOS DE SA\u00daDE - 53_2025","description":"Atividade MAPA - GH - GEST\u00c3O DE PLANOS DE SA\u00daDE - 53_2025 &#8902; Unicesumar. Baixe agora mesmo um Mapa Pronto resolvido!","robots":{"index":"index","follow":"follow","max-snippet":"max-snippet:-1","max-image-preview":"max-image-preview:large","max-video-preview":"max-video-preview:-1"},"canonical":"https:\/\/atividademapa.com\/?product=mapa-gh-gestao-de-planos-de-saude-53_2025","og_locale":"pt_BR","og_type":"article","og_title":"MAPA - GH - GEST\u00c3O DE PLANOS DE SA\u00daDE - 53_2025","og_description":"Atividade MAPA - GH - GEST\u00c3O DE PLANOS DE SA\u00daDE - 53_2025 &#8902; Unicesumar. Baixe agora mesmo um Mapa Pronto resolvido!","og_url":"https:\/\/atividademapa.com\/?product=mapa-gh-gestao-de-planos-de-saude-53_2025","og_site_name":"Atividade Mapa","article_modified_time":"2025-07-27T21:32:13+00:00","og_image":[{"width":300,"height":300,"url":"https:\/\/i0.wp.com\/atividademapa.com\/wp-content\/uploads\/2023\/03\/Atividade-M.A.P.A-3.png?fit=300%2C300&ssl=1","type":"image\/png"}],"twitter_card":"summary_large_image","twitter_misc":{"Est. tempo de leitura":"2 minutos"},"schema":{"@context":"https:\/\/schema.org","@graph":[{"@type":"WebPage","@id":"https:\/\/atividademapa.com\/?product=mapa-gh-gestao-de-planos-de-saude-53_2025","url":"https:\/\/atividademapa.com\/?product=mapa-gh-gestao-de-planos-de-saude-53_2025","name":"MAPA - GH - GEST\u00c3O DE PLANOS DE SA\u00daDE - 53_2025","isPartOf":{"@id":"https:\/\/atividademapa.com\/#website"},"primaryImageOfPage":{"@id":"https:\/\/atividademapa.com\/?product=mapa-gh-gestao-de-planos-de-saude-53_2025#primaryimage"},"image":{"@id":"https:\/\/atividademapa.com\/?product=mapa-gh-gestao-de-planos-de-saude-53_2025#primaryimage"},"thumbnailUrl":"https:\/\/i0.wp.com\/atividademapa.com\/wp-content\/uploads\/2023\/03\/Atividade-M.A.P.A-3.png?fit=300%2C300&ssl=1","datePublished":"2025-07-27T21:32:12+00:00","dateModified":"2025-07-27T21:32:13+00:00","description":"Atividade MAPA - GH - GEST\u00c3O DE PLANOS DE SA\u00daDE - 53_2025 &#8902; Unicesumar. Baixe agora mesmo um Mapa Pronto resolvido!","breadcrumb":{"@id":"https:\/\/atividademapa.com\/?product=mapa-gh-gestao-de-planos-de-saude-53_2025#breadcrumb"},"inLanguage":"pt-BR","potentialAction":[{"@type":"ReadAction","target":["https:\/\/atividademapa.com\/?product=mapa-gh-gestao-de-planos-de-saude-53_2025"]}]},{"@type":"ImageObject","inLanguage":"pt-BR","@id":"https:\/\/atividademapa.com\/?product=mapa-gh-gestao-de-planos-de-saude-53_2025#primaryimage","url":"https:\/\/i0.wp.com\/atividademapa.com\/wp-content\/uploads\/2023\/03\/Atividade-M.A.P.A-3.png?fit=300%2C300&ssl=1","contentUrl":"https:\/\/i0.wp.com\/atividademapa.com\/wp-content\/uploads\/2023\/03\/Atividade-M.A.P.A-3.png?fit=300%2C300&ssl=1","width":300,"height":300,"caption":"Mapa Unicesumar Atividade"},{"@type":"BreadcrumbList","@id":"https:\/\/atividademapa.com\/?product=mapa-gh-gestao-de-planos-de-saude-53_2025#breadcrumb","itemListElement":[{"@type":"ListItem","position":1,"name":"In\u00edcio","item":"https:\/\/atividademapa.com\/"},{"@type":"ListItem","position":2,"name":"MAPAS","item":"https:\/\/atividademapa.com\/?page_id=5"},{"@type":"ListItem","position":3,"name":"MAPA &#8211; GH &#8211; GEST\u00c3O DE PLANOS DE SA\u00daDE &#8211; 53_2025"}]},{"@type":"WebSite","@id":"https:\/\/atividademapa.com\/#website","url":"https:\/\/atividademapa.com\/","name":"Atividade Mapa","description":"StudeO | Unicesumar","publisher":{"@id":"https:\/\/atividademapa.com\/#organization"},"potentialAction":[{"@type":"SearchAction","target":{"@type":"EntryPoint","urlTemplate":"https:\/\/atividademapa.com\/?s={search_term_string}"},"query-input":{"@type":"PropertyValueSpecification","valueRequired":true,"valueName":"search_term_string"}}],"inLanguage":"pt-BR"},{"@type":"Organization","@id":"https:\/\/atividademapa.com\/#organization","name":"Atividade MAPA","url":"https:\/\/atividademapa.com\/","logo":{"@type":"ImageObject","inLanguage":"pt-BR","@id":"https:\/\/atividademapa.com\/#\/schema\/logo\/image\/","url":"https:\/\/i0.wp.com\/atividademapa.com\/wp-content\/uploads\/2023\/02\/ATIVIDADE.png?fit=600%2C300&ssl=1","contentUrl":"https:\/\/i0.wp.com\/atividademapa.com\/wp-content\/uploads\/2023\/02\/ATIVIDADE.png?fit=600%2C300&ssl=1","width":600,"height":300,"caption":"Atividade MAPA"},"image":{"@id":"https:\/\/atividademapa.com\/#\/schema\/logo\/image\/"}}]}},"_links":{"self":[{"href":"https:\/\/atividademapa.com\/index.php?rest_route=\/wp\/v2\/product\/6183","targetHints":{"allow":["GET"]}}],"collection":[{"href":"https:\/\/atividademapa.com\/index.php?rest_route=\/wp\/v2\/product"}],"about":[{"href":"https:\/\/atividademapa.com\/index.php?rest_route=\/wp\/v2\/types\/product"}],"version-history":[{"count":1,"href":"https:\/\/atividademapa.com\/index.php?rest_route=\/wp\/v2\/product\/6183\/revisions"}],"predecessor-version":[{"id":6185,"href":"https:\/\/atividademapa.com\/index.php?rest_route=\/wp\/v2\/product\/6183\/revisions\/6185"}],"wp:featuredmedia":[{"embeddable":true,"href":"https:\/\/atividademapa.com\/index.php?rest_route=\/wp\/v2\/media\/2326"}],"wp:attachment":[{"href":"https:\/\/atividademapa.com\/index.php?rest_route=%2Fwp%2Fv2%2Fmedia&parent=6183"}],"wp:term":[{"taxonomy":"product_brand","embeddable":true,"href":"https:\/\/atividademapa.com\/index.php?rest_route=%2Fwp%2Fv2%2Fproduct_brand&post=6183"},{"taxonomy":"product_cat","embeddable":true,"href":"https:\/\/atividademapa.com\/index.php?rest_route=%2Fwp%2Fv2%2Fproduct_cat&post=6183"},{"taxonomy":"product_tag","embeddable":true,"href":"https:\/\/atividademapa.com\/index.php?rest_route=%2Fwp%2Fv2%2Fproduct_tag&post=6183"}],"curies":[{"name":"wp","href":"https:\/\/api.w.org\/{rel}","templated":true}]}}