{"id":6202,"date":"2025-08-05T22:02:00","date_gmt":"2025-08-06T01:02:00","guid":{"rendered":"https:\/\/atividademapa.com\/?post_type=product&#038;p=6202"},"modified":"2025-08-05T22:02:01","modified_gmt":"2025-08-06T01:02:01","slug":"mapa-ped-psicologia-do-desenvolvimento-da-crianca-53_2025","status":"publish","type":"product","link":"https:\/\/atividademapa.com\/?product=mapa-ped-psicologia-do-desenvolvimento-da-crianca-53_2025","title":{"rendered":"MAPA &#8211; PED &#8211; PSICOLOGIA DO DESENVOLVIMENTO DA CRIAN\u00c7A &#8211; 53_2025"},"content":{"rendered":"<p>\u201cEm meu percurso como Psic\u00f3loga Escolar, pude constatar que grande parte dos obst\u00e1culos enfrentados pelos docentes na execu\u00e7\u00e3o de suas atividades junto aos alunos decorria da falta de conhecimento acerca dos princ\u00edpios b\u00e1sicos do desenvolvimento humano. Isso porque, ao planejar suas atividades, eles eram ex\u00edmios em pensar formas de apresentar o conte\u00fado pretendido, mas desconsideravam se os recursos e m\u00e9todos utilizados seriam coerentes com o momento evolutivo que os discentes estavam vivenciando naquela faixa et\u00e1ria\u201d.<\/p>\n<p>Fonte: a autora.<\/p>\n<p>Sobre o exposto, analise o caso a seguir:<\/p>\n<p>Caso:<br \/>\nJoana \u00e9 a professora regente de uma turma de 4\u00ba ano do Ensino Fundamental em uma escola p\u00fablica. Ao trabalhar g\u00eaneros textuais a professora quis oferecer uma experi\u00eancia imersiva aos alunos levando a m\u00fasica \u201c\u00c1guas de Mar\u00e7o\u201d, de Tom Jobim, pois estavam finalizando o g\u00eanero poema no m\u00eas de mar\u00e7o.<br \/>\nConhe\u00e7a a m\u00fasica acessando o link: https:\/\/youtu.be\/oURxta-s4-c.<\/p>\n<p>A professora planejou levar equipamento de som para a aula; apresentar a m\u00fasica para os alunos; discorrer sobre esse g\u00eanero textual; solicitar aos alunos que apresentassem, a partir de suas experi\u00eancias, um poema que tinham conhecimento; representar graficamente a parte da m\u00fasica que mais chamou a aten\u00e7\u00e3o de cada um e por fim, prop\u00f4s que em grupos de 4 alunos organizassem uma representa\u00e7\u00e3o teatral da interpreta\u00e7\u00e3o da m\u00fasica tema da aula.<\/p>\n<p>Todas as etapas correram muito bem, com participa\u00e7\u00e3o ativa e prazerosa da turma a deixando muito feliz. Entretanto, quando a \u00faltima etapa foi ser executada, tudo virou um caos.<\/p>\n<p>A turma que conta com idade entre 9 e 10 anos participou ativamente de todo o planejamento, mas ao reunirem-se em grupo para elaborar a apresenta\u00e7\u00e3o n\u00e3o conseguiam chegar a um consenso sobre o que fazer, pois passavam muito tempo discutindo quem iria ser o l\u00edder do grupo; quem seria o respons\u00e1vel pelo roteiro; quem iria representar o trecho selecionado. Al\u00e9m disso, todos os grupos montaram apresenta\u00e7\u00f5es que retratavam concretamente o que estava descrito no trecho selecionado.<\/p>\n<p>A professora explicou aos alunos que a m\u00fasica retratava o ciclo da vida, no qual as esta\u00e7\u00f5es, as experi\u00eancias e a pr\u00f3pria vida t\u00eam um in\u00edcio e um fim. Destacou aos alunos que \u00e1guas de mar\u00e7o era a met\u00e1fora do tempo de chuva deste m\u00eas, que o musicista utilizou para representar o fim do ver\u00e3o e in\u00edcio do outono, bem como dissertar sobre a perenidade que a vida e seus eventos t\u00eam.<\/p>\n<p>Joana ficou aturdida com esses comportamentos e, principalmente, com a dificuldade que os alunos tiveram de interpretar de forma metaf\u00f3rica o poema. Ao se queixar desse ocorrido com a equipe diretiva, foi poss\u00edvel pensar que o planejamento estava excelente, mas que a \u00faltima etapa n\u00e3o era condizente com o momento do desenvolvimento dos alunos.<br \/>\nConsiderando o exposto, sua atividade mapa consiste em fazer uma an\u00e1lise do ocorrido, justificando por meio de um \u00fanico texto argumentativo (m\u00ednimo 25 e m\u00e1ximo 35 linhas), fundamentado na teoria piagetiana do desenvolvimento cognitivo, os motivos pelos quais os alunos tiveram dificuldades em alcan\u00e7ar os objetivos propostos pela professora na \u00faltima etapa da atividade.<\/p>\n<p>Para estruturar seu texto, siga os passos a seguir:<br \/>\na) Primeiramente, identifique e defina em qual fase do desenvolvimento cognitivo os alunos est\u00e3o, tendo como refer\u00eancia a teoria piagetiana do desenvolvimento cognitivo. Explique sua escolha.<br \/>\nb) Em seguida, justifique os motivos pelos quais os alunos n\u00e3o estavam aptos a alcan\u00e7ar o resultado esperado pela professora.<\/p>\n<p>\u200bOBSERVA\u00c7\u00d5ES:<br \/>\n&#8211; Assista ao v\u00eddeo explicativo da professora Juliana Alencar, dispon\u00edvel na Sala do Caf\u00e9.<br \/>\n\u200b- Realize a sua Atividade MAPA no Formul\u00e1rio Padr\u00e3o em formato Word, que est\u00e1 dispon\u00edvel para download na pasta Material da Disciplina.<br \/>\n&#8211; Formatar a atividade de acordo com as normas da ABNT (cita\u00e7\u00f5es, refer\u00eancias, fonte Arial ou Times New Roman, tamanho 12, sem negrito, espa\u00e7amento entre linhas 1,5).<br \/>\n&#8211; Para anexar o arquivo na atividade, clique sobre o bot\u00e3o &#8220;Selecionar arquivo&#8221;. Ap\u00f3s anexar o trabalho e certificar-se de que se trata do arquivo correto, clique no bot\u00e3o &#8220;Responder&#8221; e, posteriormente, em &#8220;Finalizar&#8221;. Ap\u00f3s &#8220;Finalizar a atividade&#8221;, n\u00e3o ser\u00e1 poss\u00edvel reenvi\u00e1-la ou realizar qualquer modifica\u00e7\u00e3o no arquivo enviado.<br \/>\n&#8211; Em caso de c\u00f3pia literal, sem as devidas refer\u00eancias, a atividade ser\u00e1 zerada.<br \/>\n&#8211; Caso tenha d\u00favidas, entre em contato com sua professora mediadora pela ferramenta \u201cFale com o Mediador\u201d.<\/p>\n<p>Bons estudos!<\/p>\n","protected":false},"excerpt":{"rendered":"<p>\u201cEm meu percurso como Psic\u00f3loga Escolar, pude constatar que grande parte dos obst\u00e1culos enfrentados pelos docentes na execu\u00e7\u00e3o de suas<\/p>\n","protected":false},"featured_media":2326,"template":"","meta":{"_monsterinsights_skip_tracking":false,"_monsterinsights_sitenote_active":false,"_monsterinsights_sitenote_note":"","_monsterinsights_sitenote_category":0},"product_brand":[],"product_cat":[30],"product_tag":[],"class_list":{"0":"post-6202","1":"product","2":"type-product","3":"status-publish","4":"has-post-thumbnail","6":"product_cat-pedagogia","8":"first","9":"instock","10":"downloadable","11":"virtual","12":"purchasable","13":"product-type-simple"},"yoast_head":"<!-- This site is optimized with the Yoast SEO plugin v27.4 - https:\/\/yoast.com\/product\/yoast-seo-wordpress\/ -->\n<title>MAPA - PED - PSICOLOGIA DO DESENVOLVIMENTO DA CRIAN\u00c7A - 53_2025<\/title>\n<meta name=\"description\" content=\"Atividade MAPA - PED - PSICOLOGIA DO DESENVOLVIMENTO DA CRIAN\u00c7A - 53_2025 &#8902; Unicesumar. Baixe agora mesmo um Mapa Pronto resolvido!\" \/>\n<meta name=\"robots\" content=\"index, follow, max-snippet:-1, max-image-preview:large, max-video-preview:-1\" \/>\n<link rel=\"canonical\" href=\"https:\/\/atividademapa.com\/?product=mapa-ped-psicologia-do-desenvolvimento-da-crianca-53_2025\" \/>\n<meta property=\"og:locale\" content=\"pt_BR\" \/>\n<meta property=\"og:type\" content=\"article\" \/>\n<meta property=\"og:title\" content=\"MAPA - PED - PSICOLOGIA DO DESENVOLVIMENTO DA CRIAN\u00c7A - 53_2025\" \/>\n<meta property=\"og:description\" content=\"Atividade MAPA - PED - PSICOLOGIA DO DESENVOLVIMENTO DA CRIAN\u00c7A - 53_2025 &#8902; Unicesumar. Baixe agora mesmo um Mapa Pronto resolvido!\" \/>\n<meta property=\"og:url\" content=\"https:\/\/atividademapa.com\/?product=mapa-ped-psicologia-do-desenvolvimento-da-crianca-53_2025\" \/>\n<meta property=\"og:site_name\" content=\"Atividade Mapa\" \/>\n<meta property=\"article:modified_time\" content=\"2025-08-06T01:02:01+00:00\" \/>\n<meta property=\"og:image\" content=\"https:\/\/i0.wp.com\/atividademapa.com\/wp-content\/uploads\/2023\/03\/Atividade-M.A.P.A-3.png?fit=300%2C300&ssl=1\" \/>\n\t<meta property=\"og:image:width\" content=\"300\" \/>\n\t<meta property=\"og:image:height\" content=\"300\" \/>\n\t<meta property=\"og:image:type\" content=\"image\/png\" \/>\n<meta name=\"twitter:card\" content=\"summary_large_image\" \/>\n<meta name=\"twitter:label1\" content=\"Est. tempo de leitura\" \/>\n\t<meta name=\"twitter:data1\" content=\"4 minutos\" \/>\n<script type=\"application\/ld+json\" class=\"yoast-schema-graph\">{\"@context\":\"https:\\\/\\\/schema.org\",\"@graph\":[{\"@type\":\"WebPage\",\"@id\":\"https:\\\/\\\/atividademapa.com\\\/?product=mapa-ped-psicologia-do-desenvolvimento-da-crianca-53_2025\",\"url\":\"https:\\\/\\\/atividademapa.com\\\/?product=mapa-ped-psicologia-do-desenvolvimento-da-crianca-53_2025\",\"name\":\"MAPA - PED - PSICOLOGIA DO DESENVOLVIMENTO DA CRIAN\u00c7A - 53_2025\",\"isPartOf\":{\"@id\":\"https:\\\/\\\/atividademapa.com\\\/#website\"},\"primaryImageOfPage\":{\"@id\":\"https:\\\/\\\/atividademapa.com\\\/?product=mapa-ped-psicologia-do-desenvolvimento-da-crianca-53_2025#primaryimage\"},\"image\":{\"@id\":\"https:\\\/\\\/atividademapa.com\\\/?product=mapa-ped-psicologia-do-desenvolvimento-da-crianca-53_2025#primaryimage\"},\"thumbnailUrl\":\"https:\\\/\\\/i0.wp.com\\\/atividademapa.com\\\/wp-content\\\/uploads\\\/2023\\\/03\\\/Atividade-M.A.P.A-3.png?fit=300%2C300&ssl=1\",\"datePublished\":\"2025-08-06T01:02:00+00:00\",\"dateModified\":\"2025-08-06T01:02:01+00:00\",\"description\":\"Atividade MAPA - PED - PSICOLOGIA DO DESENVOLVIMENTO DA CRIAN\u00c7A - 53_2025 &#8902; Unicesumar. Baixe agora mesmo um Mapa Pronto resolvido!\",\"breadcrumb\":{\"@id\":\"https:\\\/\\\/atividademapa.com\\\/?product=mapa-ped-psicologia-do-desenvolvimento-da-crianca-53_2025#breadcrumb\"},\"inLanguage\":\"pt-BR\",\"potentialAction\":[{\"@type\":\"ReadAction\",\"target\":[\"https:\\\/\\\/atividademapa.com\\\/?product=mapa-ped-psicologia-do-desenvolvimento-da-crianca-53_2025\"]}]},{\"@type\":\"ImageObject\",\"inLanguage\":\"pt-BR\",\"@id\":\"https:\\\/\\\/atividademapa.com\\\/?product=mapa-ped-psicologia-do-desenvolvimento-da-crianca-53_2025#primaryimage\",\"url\":\"https:\\\/\\\/i0.wp.com\\\/atividademapa.com\\\/wp-content\\\/uploads\\\/2023\\\/03\\\/Atividade-M.A.P.A-3.png?fit=300%2C300&ssl=1\",\"contentUrl\":\"https:\\\/\\\/i0.wp.com\\\/atividademapa.com\\\/wp-content\\\/uploads\\\/2023\\\/03\\\/Atividade-M.A.P.A-3.png?fit=300%2C300&ssl=1\",\"width\":300,\"height\":300,\"caption\":\"Mapa Unicesumar Atividade\"},{\"@type\":\"BreadcrumbList\",\"@id\":\"https:\\\/\\\/atividademapa.com\\\/?product=mapa-ped-psicologia-do-desenvolvimento-da-crianca-53_2025#breadcrumb\",\"itemListElement\":[{\"@type\":\"ListItem\",\"position\":1,\"name\":\"In\u00edcio\",\"item\":\"https:\\\/\\\/atividademapa.com\\\/\"},{\"@type\":\"ListItem\",\"position\":2,\"name\":\"MAPAS\",\"item\":\"https:\\\/\\\/atividademapa.com\\\/?page_id=5\"},{\"@type\":\"ListItem\",\"position\":3,\"name\":\"MAPA &#8211; PED &#8211; PSICOLOGIA DO DESENVOLVIMENTO DA CRIAN\u00c7A &#8211; 53_2025\"}]},{\"@type\":\"WebSite\",\"@id\":\"https:\\\/\\\/atividademapa.com\\\/#website\",\"url\":\"https:\\\/\\\/atividademapa.com\\\/\",\"name\":\"Atividade Mapa\",\"description\":\"StudeO | Unicesumar\",\"publisher\":{\"@id\":\"https:\\\/\\\/atividademapa.com\\\/#organization\"},\"potentialAction\":[{\"@type\":\"SearchAction\",\"target\":{\"@type\":\"EntryPoint\",\"urlTemplate\":\"https:\\\/\\\/atividademapa.com\\\/?s={search_term_string}\"},\"query-input\":{\"@type\":\"PropertyValueSpecification\",\"valueRequired\":true,\"valueName\":\"search_term_string\"}}],\"inLanguage\":\"pt-BR\"},{\"@type\":\"Organization\",\"@id\":\"https:\\\/\\\/atividademapa.com\\\/#organization\",\"name\":\"Atividade MAPA\",\"url\":\"https:\\\/\\\/atividademapa.com\\\/\",\"logo\":{\"@type\":\"ImageObject\",\"inLanguage\":\"pt-BR\",\"@id\":\"https:\\\/\\\/atividademapa.com\\\/#\\\/schema\\\/logo\\\/image\\\/\",\"url\":\"https:\\\/\\\/i0.wp.com\\\/atividademapa.com\\\/wp-content\\\/uploads\\\/2023\\\/02\\\/ATIVIDADE.png?fit=600%2C300&ssl=1\",\"contentUrl\":\"https:\\\/\\\/i0.wp.com\\\/atividademapa.com\\\/wp-content\\\/uploads\\\/2023\\\/02\\\/ATIVIDADE.png?fit=600%2C300&ssl=1\",\"width\":600,\"height\":300,\"caption\":\"Atividade MAPA\"},\"image\":{\"@id\":\"https:\\\/\\\/atividademapa.com\\\/#\\\/schema\\\/logo\\\/image\\\/\"}}]}<\/script>\n<!-- \/ Yoast SEO plugin. -->","yoast_head_json":{"title":"MAPA - PED - PSICOLOGIA DO DESENVOLVIMENTO DA CRIAN\u00c7A - 53_2025","description":"Atividade MAPA - PED - PSICOLOGIA DO DESENVOLVIMENTO DA CRIAN\u00c7A - 53_2025 &#8902; Unicesumar. Baixe agora mesmo um Mapa Pronto resolvido!","robots":{"index":"index","follow":"follow","max-snippet":"max-snippet:-1","max-image-preview":"max-image-preview:large","max-video-preview":"max-video-preview:-1"},"canonical":"https:\/\/atividademapa.com\/?product=mapa-ped-psicologia-do-desenvolvimento-da-crianca-53_2025","og_locale":"pt_BR","og_type":"article","og_title":"MAPA - PED - PSICOLOGIA DO DESENVOLVIMENTO DA CRIAN\u00c7A - 53_2025","og_description":"Atividade MAPA - PED - PSICOLOGIA DO DESENVOLVIMENTO DA CRIAN\u00c7A - 53_2025 &#8902; Unicesumar. Baixe agora mesmo um Mapa Pronto resolvido!","og_url":"https:\/\/atividademapa.com\/?product=mapa-ped-psicologia-do-desenvolvimento-da-crianca-53_2025","og_site_name":"Atividade Mapa","article_modified_time":"2025-08-06T01:02:01+00:00","og_image":[{"width":300,"height":300,"url":"https:\/\/i0.wp.com\/atividademapa.com\/wp-content\/uploads\/2023\/03\/Atividade-M.A.P.A-3.png?fit=300%2C300&ssl=1","type":"image\/png"}],"twitter_card":"summary_large_image","twitter_misc":{"Est. tempo de leitura":"4 minutos"},"schema":{"@context":"https:\/\/schema.org","@graph":[{"@type":"WebPage","@id":"https:\/\/atividademapa.com\/?product=mapa-ped-psicologia-do-desenvolvimento-da-crianca-53_2025","url":"https:\/\/atividademapa.com\/?product=mapa-ped-psicologia-do-desenvolvimento-da-crianca-53_2025","name":"MAPA - PED - PSICOLOGIA DO DESENVOLVIMENTO DA CRIAN\u00c7A - 53_2025","isPartOf":{"@id":"https:\/\/atividademapa.com\/#website"},"primaryImageOfPage":{"@id":"https:\/\/atividademapa.com\/?product=mapa-ped-psicologia-do-desenvolvimento-da-crianca-53_2025#primaryimage"},"image":{"@id":"https:\/\/atividademapa.com\/?product=mapa-ped-psicologia-do-desenvolvimento-da-crianca-53_2025#primaryimage"},"thumbnailUrl":"https:\/\/i0.wp.com\/atividademapa.com\/wp-content\/uploads\/2023\/03\/Atividade-M.A.P.A-3.png?fit=300%2C300&ssl=1","datePublished":"2025-08-06T01:02:00+00:00","dateModified":"2025-08-06T01:02:01+00:00","description":"Atividade MAPA - PED - PSICOLOGIA DO DESENVOLVIMENTO DA CRIAN\u00c7A - 53_2025 &#8902; Unicesumar. Baixe agora mesmo um Mapa Pronto resolvido!","breadcrumb":{"@id":"https:\/\/atividademapa.com\/?product=mapa-ped-psicologia-do-desenvolvimento-da-crianca-53_2025#breadcrumb"},"inLanguage":"pt-BR","potentialAction":[{"@type":"ReadAction","target":["https:\/\/atividademapa.com\/?product=mapa-ped-psicologia-do-desenvolvimento-da-crianca-53_2025"]}]},{"@type":"ImageObject","inLanguage":"pt-BR","@id":"https:\/\/atividademapa.com\/?product=mapa-ped-psicologia-do-desenvolvimento-da-crianca-53_2025#primaryimage","url":"https:\/\/i0.wp.com\/atividademapa.com\/wp-content\/uploads\/2023\/03\/Atividade-M.A.P.A-3.png?fit=300%2C300&ssl=1","contentUrl":"https:\/\/i0.wp.com\/atividademapa.com\/wp-content\/uploads\/2023\/03\/Atividade-M.A.P.A-3.png?fit=300%2C300&ssl=1","width":300,"height":300,"caption":"Mapa Unicesumar Atividade"},{"@type":"BreadcrumbList","@id":"https:\/\/atividademapa.com\/?product=mapa-ped-psicologia-do-desenvolvimento-da-crianca-53_2025#breadcrumb","itemListElement":[{"@type":"ListItem","position":1,"name":"In\u00edcio","item":"https:\/\/atividademapa.com\/"},{"@type":"ListItem","position":2,"name":"MAPAS","item":"https:\/\/atividademapa.com\/?page_id=5"},{"@type":"ListItem","position":3,"name":"MAPA &#8211; PED &#8211; PSICOLOGIA DO DESENVOLVIMENTO DA CRIAN\u00c7A &#8211; 53_2025"}]},{"@type":"WebSite","@id":"https:\/\/atividademapa.com\/#website","url":"https:\/\/atividademapa.com\/","name":"Atividade Mapa","description":"StudeO | Unicesumar","publisher":{"@id":"https:\/\/atividademapa.com\/#organization"},"potentialAction":[{"@type":"SearchAction","target":{"@type":"EntryPoint","urlTemplate":"https:\/\/atividademapa.com\/?s={search_term_string}"},"query-input":{"@type":"PropertyValueSpecification","valueRequired":true,"valueName":"search_term_string"}}],"inLanguage":"pt-BR"},{"@type":"Organization","@id":"https:\/\/atividademapa.com\/#organization","name":"Atividade MAPA","url":"https:\/\/atividademapa.com\/","logo":{"@type":"ImageObject","inLanguage":"pt-BR","@id":"https:\/\/atividademapa.com\/#\/schema\/logo\/image\/","url":"https:\/\/i0.wp.com\/atividademapa.com\/wp-content\/uploads\/2023\/02\/ATIVIDADE.png?fit=600%2C300&ssl=1","contentUrl":"https:\/\/i0.wp.com\/atividademapa.com\/wp-content\/uploads\/2023\/02\/ATIVIDADE.png?fit=600%2C300&ssl=1","width":600,"height":300,"caption":"Atividade MAPA"},"image":{"@id":"https:\/\/atividademapa.com\/#\/schema\/logo\/image\/"}}]}},"_links":{"self":[{"href":"https:\/\/atividademapa.com\/index.php?rest_route=\/wp\/v2\/product\/6202","targetHints":{"allow":["GET"]}}],"collection":[{"href":"https:\/\/atividademapa.com\/index.php?rest_route=\/wp\/v2\/product"}],"about":[{"href":"https:\/\/atividademapa.com\/index.php?rest_route=\/wp\/v2\/types\/product"}],"version-history":[{"count":1,"href":"https:\/\/atividademapa.com\/index.php?rest_route=\/wp\/v2\/product\/6202\/revisions"}],"predecessor-version":[{"id":6204,"href":"https:\/\/atividademapa.com\/index.php?rest_route=\/wp\/v2\/product\/6202\/revisions\/6204"}],"wp:featuredmedia":[{"embeddable":true,"href":"https:\/\/atividademapa.com\/index.php?rest_route=\/wp\/v2\/media\/2326"}],"wp:attachment":[{"href":"https:\/\/atividademapa.com\/index.php?rest_route=%2Fwp%2Fv2%2Fmedia&parent=6202"}],"wp:term":[{"taxonomy":"product_brand","embeddable":true,"href":"https:\/\/atividademapa.com\/index.php?rest_route=%2Fwp%2Fv2%2Fproduct_brand&post=6202"},{"taxonomy":"product_cat","embeddable":true,"href":"https:\/\/atividademapa.com\/index.php?rest_route=%2Fwp%2Fv2%2Fproduct_cat&post=6202"},{"taxonomy":"product_tag","embeddable":true,"href":"https:\/\/atividademapa.com\/index.php?rest_route=%2Fwp%2Fv2%2Fproduct_tag&post=6202"}],"curies":[{"name":"wp","href":"https:\/\/api.w.org\/{rel}","templated":true}]}}