{"id":6205,"date":"2025-08-05T22:04:59","date_gmt":"2025-08-06T01:04:59","guid":{"rendered":"https:\/\/atividademapa.com\/?post_type=product&#038;p=6205"},"modified":"2025-08-05T22:05:00","modified_gmt":"2025-08-06T01:05:00","slug":"mapa-capoeira-53-2025","status":"publish","type":"product","link":"https:\/\/atividademapa.com\/?product=mapa-capoeira-53-2025","title":{"rendered":"MAPA &#8211; Capoeira &#8211; 53\/2025"},"content":{"rendered":"<p>A capoeira para o p\u00fablico infantil \u00e9 uma excelente ferramenta para desenvolver o aspecto psicomotor, cognitivo e social. Diante disso, a sess\u00e3o de treinamento deve ter uma caracter\u00edstica l\u00fadica, onde a crian\u00e7a possa desenvolver as t\u00e9cnicas de acordo com sua fase do desenvolvimento motor, estimule a imagina\u00e7\u00e3o e interaja com os demais colegas. Para isso, uma sess\u00e3o \u00e9 composta basicamente por tr\u00eas etapas, sendo eles, parte inicial, desenvolvimento e parte final. Na parte inicial, cont\u00e9m a\u00e7\u00f5es como sauda\u00e7\u00e3o, juramento, apresenta\u00e7\u00e3o dos objetivos, alongamento e aquecimento. No desenvolvimento, contempla atividades como treinamento das t\u00e9cnicas, defesa, ataque, contra-ataque e roda de capoeira e na parte final, pode haver um relaxamento, recados e feedback do aproveitamento da aula. Como se trata de crian\u00e7as, a introdu\u00e7\u00e3o de brincadeiras que estimule o objetivo principal da sess\u00e3o \u00e9 fundamental.<br \/>\nLIMA, Reginaldo Calado de. Capoeira. Maring\u00e1: Unicesumar, 2019.<\/p>\n<p>Nessa atividade MAPA voc\u00ea dever\u00e1:<br \/>\nElaborar um plano de aula para crian\u00e7as de 11 a 14 anos, todos iniciantes na capoeira, com o prop\u00f3sito de melhorar o desenvolvimento motor, desenvolver o aspecto cognitivo, social e aprender a movimenta\u00e7\u00e3o b\u00e1sica. Para isso, voc\u00ea dever\u00e1 escolher DOIS dos movimentos apresentados: Meia Lua de Frente, Queixada, Armada, Meia Lua de Compasso, Martelo, Chapa, Ben\u00e7\u00e3o, Ponteira. Lembre-se: a sua aula deve ser baseada no movimento escolhido. Essa aula deve conter basicamente as seguintes informa\u00e7\u00f5es:<br \/>\n1 &#8211; Dados da turma que a aula ser\u00e1 aplicada: local e hor\u00e1rio de realiza\u00e7\u00e3o, quantidade de participantes;<\/p>\n<p>2- Objetivo da aula proposta;<\/p>\n<p>3- Parte inicial: Apresentar como iniciar\u00e1 a aula descrevendo as atividades que ser\u00e3o realizadas (exemplo: alongamento, aquecimento com atividades l\u00fadicas);<br \/>\n4- Parte principal*: apresentar e explicar quais atividades ser\u00e3o trabalhadas, com as t\u00e9cnicas e o m\u00e9todo de ensino de acordo com o objetivo proposto. Lembre-se de utilizar de atividades para iniciante da capoeira de 11 a 14 anos, evitando apenas a repeti\u00e7\u00e3o de movimentos.<\/p>\n<p>5- Parte final: apresentar as atividades que ser\u00e3o realizada no final da aula (exemplo: volta a calma, conversa em grupo, alongamento);<\/p>\n<p>6- Avalia\u00e7\u00e3o: apresentar como ser\u00e1 avaliado o desenvolvimento dos participantes durante a aula;<\/p>\n<p>7-Recursos utilizados: Apresentar os recursos (materiais) a serem utilizados na aula. * A parte principal deve ter no m\u00ednimo 4 exerc\u00edcios , 2 de cada movimento escolhido, que desenvolvam o objetivo proposto. Para auxiliar no desenvolvimento da aula, o acad\u00eamico poder\u00e1 assistir ao v\u00eddeo sobre as t\u00e9cnicas da capoeira, copiando e colando os links abaixo em seu navegador:<\/p>\n<p><iframe loading=\"lazy\" title=\"movimientos basicos de capoeira\" width=\"500\" height=\"375\" src=\"https:\/\/www.youtube.com\/embed\/MF3VcmCCgzY?start=61&#038;feature=oembed\" frameborder=\"0\" allow=\"accelerometer; autoplay; clipboard-write; encrypted-media; gyroscope; picture-in-picture; web-share\" referrerpolicy=\"strict-origin-when-cross-origin\" allowfullscreen><\/iframe><br \/>\n<iframe loading=\"lazy\" title=\"Movimentos Avan\u00e7ados de Capoeira\" width=\"500\" height=\"375\" src=\"https:\/\/www.youtube.com\/embed\/OVb3_cMVipk?start=99&#038;feature=oembed\" frameborder=\"0\" allow=\"accelerometer; autoplay; clipboard-write; encrypted-media; gyroscope; picture-in-picture; web-share\" referrerpolicy=\"strict-origin-when-cross-origin\" allowfullscreen><\/iframe><\/p>\n<p>Resposta:<br \/>\nDados da turma vbb<br \/>\nObjetivo da aula proposta<br \/>\nParte inicial<br \/>\nParte principal<br \/>\nParte final<br \/>\nAvalia\u00e7\u00e3o<br \/>\nRecursos utilizados<\/p>\n","protected":false},"excerpt":{"rendered":"<p>A capoeira para o p\u00fablico infantil \u00e9 uma excelente ferramenta para desenvolver o aspecto psicomotor, cognitivo e social. Diante disso,<\/p>\n","protected":false},"featured_media":2326,"template":"","meta":{"_monsterinsights_skip_tracking":false,"_monsterinsights_sitenote_active":false,"_monsterinsights_sitenote_note":"","_monsterinsights_sitenote_category":0},"product_brand":[],"product_cat":[42],"product_tag":[],"class_list":{"0":"post-6205","1":"product","2":"type-product","3":"status-publish","4":"has-post-thumbnail","6":"product_cat-educacao-fisica","8":"first","9":"instock","10":"downloadable","11":"virtual","12":"purchasable","13":"product-type-simple"},"yoast_head":"<!-- This site is optimized with the Yoast SEO plugin v27.4 - https:\/\/yoast.com\/product\/yoast-seo-wordpress\/ -->\n<title>MAPA - Capoeira - 53\/2025<\/title>\n<meta name=\"description\" content=\"Atividade MAPA - Capoeira - 53\/2025 &#8902; Unicesumar. Baixe agora mesmo um Mapa Pronto resolvido!\" \/>\n<meta name=\"robots\" content=\"index, follow, max-snippet:-1, max-image-preview:large, max-video-preview:-1\" \/>\n<link rel=\"canonical\" href=\"https:\/\/atividademapa.com\/?product=mapa-capoeira-53-2025\" \/>\n<meta property=\"og:locale\" content=\"pt_BR\" \/>\n<meta property=\"og:type\" content=\"article\" \/>\n<meta property=\"og:title\" content=\"MAPA - Capoeira - 53\/2025\" \/>\n<meta property=\"og:description\" content=\"Atividade MAPA - Capoeira - 53\/2025 &#8902; Unicesumar. Baixe agora mesmo um Mapa Pronto resolvido!\" \/>\n<meta property=\"og:url\" content=\"https:\/\/atividademapa.com\/?product=mapa-capoeira-53-2025\" \/>\n<meta property=\"og:site_name\" content=\"Atividade Mapa\" \/>\n<meta property=\"article:modified_time\" content=\"2025-08-06T01:05:00+00:00\" \/>\n<meta property=\"og:image\" content=\"https:\/\/i0.wp.com\/atividademapa.com\/wp-content\/uploads\/2023\/03\/Atividade-M.A.P.A-3.png?fit=300%2C300&ssl=1\" \/>\n\t<meta property=\"og:image:width\" content=\"300\" \/>\n\t<meta property=\"og:image:height\" content=\"300\" \/>\n\t<meta property=\"og:image:type\" content=\"image\/png\" \/>\n<meta name=\"twitter:card\" content=\"summary_large_image\" \/>\n<meta name=\"twitter:label1\" content=\"Est. tempo de leitura\" \/>\n\t<meta name=\"twitter:data1\" content=\"2 minutos\" \/>\n<script type=\"application\/ld+json\" class=\"yoast-schema-graph\">{\"@context\":\"https:\\\/\\\/schema.org\",\"@graph\":[{\"@type\":\"WebPage\",\"@id\":\"https:\\\/\\\/atividademapa.com\\\/?product=mapa-capoeira-53-2025\",\"url\":\"https:\\\/\\\/atividademapa.com\\\/?product=mapa-capoeira-53-2025\",\"name\":\"MAPA - Capoeira - 53\\\/2025\",\"isPartOf\":{\"@id\":\"https:\\\/\\\/atividademapa.com\\\/#website\"},\"primaryImageOfPage\":{\"@id\":\"https:\\\/\\\/atividademapa.com\\\/?product=mapa-capoeira-53-2025#primaryimage\"},\"image\":{\"@id\":\"https:\\\/\\\/atividademapa.com\\\/?product=mapa-capoeira-53-2025#primaryimage\"},\"thumbnailUrl\":\"https:\\\/\\\/i0.wp.com\\\/atividademapa.com\\\/wp-content\\\/uploads\\\/2023\\\/03\\\/Atividade-M.A.P.A-3.png?fit=300%2C300&ssl=1\",\"datePublished\":\"2025-08-06T01:04:59+00:00\",\"dateModified\":\"2025-08-06T01:05:00+00:00\",\"description\":\"Atividade MAPA - Capoeira - 53\\\/2025 &#8902; Unicesumar. Baixe agora mesmo um Mapa Pronto resolvido!\",\"breadcrumb\":{\"@id\":\"https:\\\/\\\/atividademapa.com\\\/?product=mapa-capoeira-53-2025#breadcrumb\"},\"inLanguage\":\"pt-BR\",\"potentialAction\":[{\"@type\":\"ReadAction\",\"target\":[\"https:\\\/\\\/atividademapa.com\\\/?product=mapa-capoeira-53-2025\"]}]},{\"@type\":\"ImageObject\",\"inLanguage\":\"pt-BR\",\"@id\":\"https:\\\/\\\/atividademapa.com\\\/?product=mapa-capoeira-53-2025#primaryimage\",\"url\":\"https:\\\/\\\/i0.wp.com\\\/atividademapa.com\\\/wp-content\\\/uploads\\\/2023\\\/03\\\/Atividade-M.A.P.A-3.png?fit=300%2C300&ssl=1\",\"contentUrl\":\"https:\\\/\\\/i0.wp.com\\\/atividademapa.com\\\/wp-content\\\/uploads\\\/2023\\\/03\\\/Atividade-M.A.P.A-3.png?fit=300%2C300&ssl=1\",\"width\":300,\"height\":300,\"caption\":\"Mapa Unicesumar Atividade\"},{\"@type\":\"BreadcrumbList\",\"@id\":\"https:\\\/\\\/atividademapa.com\\\/?product=mapa-capoeira-53-2025#breadcrumb\",\"itemListElement\":[{\"@type\":\"ListItem\",\"position\":1,\"name\":\"In\u00edcio\",\"item\":\"https:\\\/\\\/atividademapa.com\\\/\"},{\"@type\":\"ListItem\",\"position\":2,\"name\":\"MAPAS\",\"item\":\"https:\\\/\\\/atividademapa.com\\\/?page_id=5\"},{\"@type\":\"ListItem\",\"position\":3,\"name\":\"MAPA &#8211; Capoeira &#8211; 53\\\/2025\"}]},{\"@type\":\"WebSite\",\"@id\":\"https:\\\/\\\/atividademapa.com\\\/#website\",\"url\":\"https:\\\/\\\/atividademapa.com\\\/\",\"name\":\"Atividade Mapa\",\"description\":\"StudeO | Unicesumar\",\"publisher\":{\"@id\":\"https:\\\/\\\/atividademapa.com\\\/#organization\"},\"potentialAction\":[{\"@type\":\"SearchAction\",\"target\":{\"@type\":\"EntryPoint\",\"urlTemplate\":\"https:\\\/\\\/atividademapa.com\\\/?s={search_term_string}\"},\"query-input\":{\"@type\":\"PropertyValueSpecification\",\"valueRequired\":true,\"valueName\":\"search_term_string\"}}],\"inLanguage\":\"pt-BR\"},{\"@type\":\"Organization\",\"@id\":\"https:\\\/\\\/atividademapa.com\\\/#organization\",\"name\":\"Atividade MAPA\",\"url\":\"https:\\\/\\\/atividademapa.com\\\/\",\"logo\":{\"@type\":\"ImageObject\",\"inLanguage\":\"pt-BR\",\"@id\":\"https:\\\/\\\/atividademapa.com\\\/#\\\/schema\\\/logo\\\/image\\\/\",\"url\":\"https:\\\/\\\/i0.wp.com\\\/atividademapa.com\\\/wp-content\\\/uploads\\\/2023\\\/02\\\/ATIVIDADE.png?fit=600%2C300&ssl=1\",\"contentUrl\":\"https:\\\/\\\/i0.wp.com\\\/atividademapa.com\\\/wp-content\\\/uploads\\\/2023\\\/02\\\/ATIVIDADE.png?fit=600%2C300&ssl=1\",\"width\":600,\"height\":300,\"caption\":\"Atividade MAPA\"},\"image\":{\"@id\":\"https:\\\/\\\/atividademapa.com\\\/#\\\/schema\\\/logo\\\/image\\\/\"}}]}<\/script>\n<!-- \/ Yoast SEO plugin. -->","yoast_head_json":{"title":"MAPA - Capoeira - 53\/2025","description":"Atividade MAPA - Capoeira - 53\/2025 &#8902; Unicesumar. Baixe agora mesmo um Mapa Pronto resolvido!","robots":{"index":"index","follow":"follow","max-snippet":"max-snippet:-1","max-image-preview":"max-image-preview:large","max-video-preview":"max-video-preview:-1"},"canonical":"https:\/\/atividademapa.com\/?product=mapa-capoeira-53-2025","og_locale":"pt_BR","og_type":"article","og_title":"MAPA - Capoeira - 53\/2025","og_description":"Atividade MAPA - Capoeira - 53\/2025 &#8902; Unicesumar. Baixe agora mesmo um Mapa Pronto resolvido!","og_url":"https:\/\/atividademapa.com\/?product=mapa-capoeira-53-2025","og_site_name":"Atividade Mapa","article_modified_time":"2025-08-06T01:05:00+00:00","og_image":[{"width":300,"height":300,"url":"https:\/\/i0.wp.com\/atividademapa.com\/wp-content\/uploads\/2023\/03\/Atividade-M.A.P.A-3.png?fit=300%2C300&ssl=1","type":"image\/png"}],"twitter_card":"summary_large_image","twitter_misc":{"Est. tempo de leitura":"2 minutos"},"schema":{"@context":"https:\/\/schema.org","@graph":[{"@type":"WebPage","@id":"https:\/\/atividademapa.com\/?product=mapa-capoeira-53-2025","url":"https:\/\/atividademapa.com\/?product=mapa-capoeira-53-2025","name":"MAPA - Capoeira - 53\/2025","isPartOf":{"@id":"https:\/\/atividademapa.com\/#website"},"primaryImageOfPage":{"@id":"https:\/\/atividademapa.com\/?product=mapa-capoeira-53-2025#primaryimage"},"image":{"@id":"https:\/\/atividademapa.com\/?product=mapa-capoeira-53-2025#primaryimage"},"thumbnailUrl":"https:\/\/i0.wp.com\/atividademapa.com\/wp-content\/uploads\/2023\/03\/Atividade-M.A.P.A-3.png?fit=300%2C300&ssl=1","datePublished":"2025-08-06T01:04:59+00:00","dateModified":"2025-08-06T01:05:00+00:00","description":"Atividade MAPA - Capoeira - 53\/2025 &#8902; Unicesumar. Baixe agora mesmo um Mapa Pronto resolvido!","breadcrumb":{"@id":"https:\/\/atividademapa.com\/?product=mapa-capoeira-53-2025#breadcrumb"},"inLanguage":"pt-BR","potentialAction":[{"@type":"ReadAction","target":["https:\/\/atividademapa.com\/?product=mapa-capoeira-53-2025"]}]},{"@type":"ImageObject","inLanguage":"pt-BR","@id":"https:\/\/atividademapa.com\/?product=mapa-capoeira-53-2025#primaryimage","url":"https:\/\/i0.wp.com\/atividademapa.com\/wp-content\/uploads\/2023\/03\/Atividade-M.A.P.A-3.png?fit=300%2C300&ssl=1","contentUrl":"https:\/\/i0.wp.com\/atividademapa.com\/wp-content\/uploads\/2023\/03\/Atividade-M.A.P.A-3.png?fit=300%2C300&ssl=1","width":300,"height":300,"caption":"Mapa Unicesumar Atividade"},{"@type":"BreadcrumbList","@id":"https:\/\/atividademapa.com\/?product=mapa-capoeira-53-2025#breadcrumb","itemListElement":[{"@type":"ListItem","position":1,"name":"In\u00edcio","item":"https:\/\/atividademapa.com\/"},{"@type":"ListItem","position":2,"name":"MAPAS","item":"https:\/\/atividademapa.com\/?page_id=5"},{"@type":"ListItem","position":3,"name":"MAPA &#8211; Capoeira &#8211; 53\/2025"}]},{"@type":"WebSite","@id":"https:\/\/atividademapa.com\/#website","url":"https:\/\/atividademapa.com\/","name":"Atividade Mapa","description":"StudeO | Unicesumar","publisher":{"@id":"https:\/\/atividademapa.com\/#organization"},"potentialAction":[{"@type":"SearchAction","target":{"@type":"EntryPoint","urlTemplate":"https:\/\/atividademapa.com\/?s={search_term_string}"},"query-input":{"@type":"PropertyValueSpecification","valueRequired":true,"valueName":"search_term_string"}}],"inLanguage":"pt-BR"},{"@type":"Organization","@id":"https:\/\/atividademapa.com\/#organization","name":"Atividade MAPA","url":"https:\/\/atividademapa.com\/","logo":{"@type":"ImageObject","inLanguage":"pt-BR","@id":"https:\/\/atividademapa.com\/#\/schema\/logo\/image\/","url":"https:\/\/i0.wp.com\/atividademapa.com\/wp-content\/uploads\/2023\/02\/ATIVIDADE.png?fit=600%2C300&ssl=1","contentUrl":"https:\/\/i0.wp.com\/atividademapa.com\/wp-content\/uploads\/2023\/02\/ATIVIDADE.png?fit=600%2C300&ssl=1","width":600,"height":300,"caption":"Atividade MAPA"},"image":{"@id":"https:\/\/atividademapa.com\/#\/schema\/logo\/image\/"}}]}},"_links":{"self":[{"href":"https:\/\/atividademapa.com\/index.php?rest_route=\/wp\/v2\/product\/6205","targetHints":{"allow":["GET"]}}],"collection":[{"href":"https:\/\/atividademapa.com\/index.php?rest_route=\/wp\/v2\/product"}],"about":[{"href":"https:\/\/atividademapa.com\/index.php?rest_route=\/wp\/v2\/types\/product"}],"version-history":[{"count":1,"href":"https:\/\/atividademapa.com\/index.php?rest_route=\/wp\/v2\/product\/6205\/revisions"}],"predecessor-version":[{"id":6207,"href":"https:\/\/atividademapa.com\/index.php?rest_route=\/wp\/v2\/product\/6205\/revisions\/6207"}],"wp:featuredmedia":[{"embeddable":true,"href":"https:\/\/atividademapa.com\/index.php?rest_route=\/wp\/v2\/media\/2326"}],"wp:attachment":[{"href":"https:\/\/atividademapa.com\/index.php?rest_route=%2Fwp%2Fv2%2Fmedia&parent=6205"}],"wp:term":[{"taxonomy":"product_brand","embeddable":true,"href":"https:\/\/atividademapa.com\/index.php?rest_route=%2Fwp%2Fv2%2Fproduct_brand&post=6205"},{"taxonomy":"product_cat","embeddable":true,"href":"https:\/\/atividademapa.com\/index.php?rest_route=%2Fwp%2Fv2%2Fproduct_cat&post=6205"},{"taxonomy":"product_tag","embeddable":true,"href":"https:\/\/atividademapa.com\/index.php?rest_route=%2Fwp%2Fv2%2Fproduct_tag&post=6205"}],"curies":[{"name":"wp","href":"https:\/\/api.w.org\/{rel}","templated":true}]}}