{"id":6220,"date":"2025-08-13T21:23:23","date_gmt":"2025-08-14T00:23:23","guid":{"rendered":"https:\/\/atividademapa.com\/?post_type=product&#038;p=6220"},"modified":"2025-08-13T21:23:24","modified_gmt":"2025-08-14T00:23:24","slug":"mapa-bedu-medidas-e-avaliacao-em-educacao-fisica-53_2025","status":"publish","type":"product","link":"https:\/\/atividademapa.com\/?product=mapa-bedu-medidas-e-avaliacao-em-educacao-fisica-53_2025","title":{"rendered":"MAPA &#8211; BEDU &#8211; MEDIDAS E AVALIA\u00c7\u00c3O EM EDUCA\u00c7\u00c3O F\u00cdSICA &#8211; 53_2025"},"content":{"rendered":"<div class=\"panel-heading\">\n<div class=\"panel-title cursor ng-binding\" data-toggle=\"collapse\">Quest\u00e3o 1<\/div>\n<div class=\"panel-controls\">\n<ul>\n<li><\/li>\n<\/ul>\n<\/div>\n<\/div>\n<div class=\"panel-body p-t-20 b-t b-grey\">\n<div class=\"enunciado ng-binding\">\n<div class=\"ng-scope\">Entre os campos de estudo da cineantropometria, a antropometria se destaca por fornecer informa\u00e7\u00f5es relativas \u00e0 an\u00e1lise das caracter\u00edsticas morfol\u00f3gicas de um indiv\u00edduo, como a forma, a proporcionalidade e a composi\u00e7\u00e3o corporal. Considerando que a antropometria envolve um conjunto de procedimentos destinados \u00e0 mensura\u00e7\u00e3o do corpo humano, sua aplica\u00e7\u00e3o \u00e9 amplamente difundida na \u00e1rea da Educa\u00e7\u00e3o F\u00edsica, sendo frequentemente incorporada \u00e0s rotinas de avalia\u00e7\u00e3o f\u00edsica.<\/div>\n<div class=\"ng-scope\">\nPITANGA, F. J. G.\u00a0<strong>Testes, medidas e avalia\u00e7\u00e3o em educa\u00e7\u00e3o f\u00edsica.<\/strong>\u00a03. ed. S\u00e3o Paulo: Phorte, 2004 (adaptado).<\/div>\n<div class=\"ng-scope\">\nA antropometria corresponde a uma importante ferramenta para o acompanhamento de aspectos relacionados tanto da sa\u00fade, quanto da performance esportiva. Nesse sentido, ela \u00e9 uma grande aliada da \u00e1rea da educa\u00e7\u00e3o f\u00edsica para o monitoramento dos indiv\u00edduos. Sendo assim, nesta atividade MAPA, testaremos seus conhecimentos na pr\u00e1tica em 3 etapas que ilustram a sequ\u00eancia l\u00f3gica de uma avalia\u00e7\u00e3o f\u00edsica. Estas etapas est\u00e3o descritas no\u00a0<strong>MODELO DE MAPA \u2013 MEDIDAS E AVALIA\u00c7\u00c3O EM EDUCA\u00c7\u00c3O F\u00cdSICA<\/strong>.<br \/>\nSendo assim, siga as orienta\u00e7\u00f5es abaixo.<\/p>\n<p><strong>Orienta\u00e7\u00f5es para a realiza\u00e7\u00e3o da atividade<\/strong><br \/>\n&#8211; Fa\u00e7a o download do arquivo MODELO DE MAPA \u2013 MEDIDAS E AVALIA\u00c7\u00c3O EM EDUCA\u00c7\u00c3O F\u00cdSICA, que se encontra no Material da Disciplina;<br \/>\n&#8211; Leia atentamente todas as informa\u00e7\u00f5es e tire suas d\u00favidas com o professor mediador antes de entregar sua atividade;<br \/>\n&#8211; Utilize o livro (PDF) da disciplina como principal fonte de apoio.<br \/>\n&#8211; Antes de entregar a atividade, confira se o arquivo est\u00e1 correto (poder\u00e1 ser entregue o arquivo em formato Word ou PDF).<\/p>\n<p><strong>Orienta\u00e7\u00f5es gerais<\/strong><br \/>\n&#8211; Muito importante! Voc\u00ea dever\u00e1 entregar essa atividade, apenas, por meio do MODELO DE MAPA \u2013 MEDIDAS E AVALIA\u00c7\u00c3O EM EDUCA\u00c7\u00c3O F\u00cdSICA.<br \/>\n&#8211; C\u00f3pias parcial ou total ser\u00e3o zeradas.<br \/>\n&#8211; Todas as atividades do curso s\u00e3o avaliadas conforme o que est\u00e1 sendo solicitado e as instru\u00e7\u00f5es fornecidas. Sendo assim, o descumprimento dessas orienta\u00e7\u00f5es sempre acarreta algum desconto na nota.<\/p>\n<p>*Todas as informa\u00e7\u00f5es e perguntas abaixo est\u00e3o descritas e organizadas no MODELO DE MAPA \u2013 MEDIDAS E AVALIA\u00c7\u00c3O EM EDUCA\u00c7\u00c3O F\u00cdSICA.<\/p>\n<p><strong># FICHA DE AVALIA\u00c7\u00c3O<\/strong><br \/>\nData da avalia\u00e7\u00e3o: 21\/07\/2025<br \/>\nAvaliado(a): Larissa<br \/>\nSexo: feminino<br \/>\nData de nascimento: 11\/09\/1994<br \/>\nMassa Corporal: 57,4kg<br \/>\nEstatura: 1,65m<br \/>\nCircunfer\u00eancia da Cintura: 65cm<\/div>\n<div class=\"table-responsive no-border ng-scope\">\n<table border=\"1\" cellspacing=\"0\" cellpadding=\"0\">\n<tbody>\n<tr>\n<td colspan=\"4\"><strong>Dobras cut\u00e2neas<\/strong><\/td>\n<\/tr>\n<tr>\n<td><\/td>\n<td><strong>1\u00b0 medida<\/strong><\/td>\n<td><strong>2\u00b0 medida<\/strong><\/td>\n<td><strong>3\u00b0 medida<\/strong><\/td>\n<\/tr>\n<tr>\n<td>Dobra cut\u00e2nea do Peitoral:<\/td>\n<td>13,1 mm<\/td>\n<td>12,9 mm<\/td>\n<td>13,3 mm<\/td>\n<\/tr>\n<tr>\n<td>Dobra cut\u00e2nea do Abd\u00f4men:<\/td>\n<td>21,0 mm<\/td>\n<td>20,8 mm<\/td>\n<td>21,2 mm<\/td>\n<\/tr>\n<tr>\n<td>Dobra cut\u00e2nea do Tr\u00edceps:<\/td>\n<td>15,5 mm<\/td>\n<td>15,7 mm<\/td>\n<td>15,9 mm<\/td>\n<\/tr>\n<tr>\n<td>Dobra cut\u00e2nea da Coxa:<\/td>\n<td>20,1 mm<\/td>\n<td>20,3 mm<\/td>\n<td>20,5 mm<\/td>\n<\/tr>\n<tr>\n<td>Dobra cut\u00e2nea da Suprail\u00edaca:<\/td>\n<td>19,5 mm<\/td>\n<td>19,1 mm<\/td>\n<td>19,3 mm<\/td>\n<\/tr>\n<tr>\n<td>Dobra cut\u00e2nea da Axilar m\u00e9dia:<\/td>\n<td>11,3 mm<\/td>\n<td>10,9 mm<\/td>\n<td>11,1 mm<\/td>\n<\/tr>\n<tr>\n<td>Dobra cut\u00e2nea da Subescapular:<\/td>\n<td>19,1 mm<\/td>\n<td>18,7 mm<\/td>\n<td>18,9 mm<\/td>\n<\/tr>\n<\/tbody>\n<\/table>\n<\/div>\n<div class=\"ng-scope\">\n<strong>ETAPA 1 \u2013 PROTOCOLO E PROCEDIMENTO DE COLETA DAS MEDIDAS<\/strong><br \/>\nQuando vamos aplicar um teste devemos verificar, primeiramente, para qual popula\u00e7\u00e3o ele foi desenvolvido, e na sequ\u00eancia, respeitar e seguir as orienta\u00e7\u00f5es dos protocolos, para que as medidas\/resultados, forne\u00e7am informa\u00e7\u00f5es confi\u00e1veis.<\/p>\n<p>Nesse contexto, responda \u00e0s quest\u00f5es que seguem abaixo:<br \/>\n<strong>1)<\/strong>\u00a0Para a condu\u00e7\u00e3o das medidas antropom\u00e9tricas \u00e9 importante que o avaliado esteja apropriadamente vestido. Segundo o material da disciplina, quais s\u00e3o as recomenda\u00e7\u00f5es de vestimenta para uma avalia\u00e7\u00e3o?<br \/>\n<strong>2)<\/strong>\u00a0Segundo o material da disciplina, quais as orienta\u00e7\u00f5es para realizar a medida da massa corporal?<br \/>\n<strong>3)<\/strong>\u00a0Conforme o material da disciplina, quais as orienta\u00e7\u00f5es para realizar a medida da estatura?<br \/>\n<strong>4)<\/strong>\u00a0Conforme consta no material da disciplina, quais s\u00e3o as duas formas de se realizar a medida da circunfer\u00eancia da cintura?<br \/>\n<strong>5)<\/strong>\u00a0A figura 1, logo abaixo, ilustra a localiza\u00e7\u00e3o de alguns dos pontos anat\u00f4micos para a mensura\u00e7\u00e3o das dobras cut\u00e2neas.<\/p>\n<p><img data-recalc-dims=\"1\" decoding=\"async\" src=\"https:\/\/i0.wp.com\/sistemasead.unicesumar.edu.br\/flex\/amfphp\/services\/Portal\/ImagemQuestionario2\/QUE_269752_664941_1.png?ssl=1\" alt=\"\" \/><br \/>\n\u200b<strong>Figura 1<\/strong>\u00a0\u2013 Pontos anat\u00f4micos para a mensura\u00e7\u00e3o das dobras cut\u00e2neas.<br \/>\nFonte: o Professor.<\/p>\n<p>Considerando essa figura, de acordo com a identifica\u00e7\u00e3o da localiza\u00e7\u00e3o, preencha o quadro a seguir com o nome da dobra cut\u00e2nea.<\/p><\/div>\n<div class=\"table-responsive no-border ng-scope\">\n<table border=\"1\" cellspacing=\"0\" cellpadding=\"0\">\n<tbody>\n<tr>\n<td><strong>Identifica\u00e7\u00e3o da localiza\u00e7\u00e3o<\/strong><\/td>\n<td><strong>Nome da dobra cut\u00e2nea<\/strong><\/td>\n<\/tr>\n<tr>\n<td><strong>1<\/strong><\/td>\n<td><\/td>\n<\/tr>\n<tr>\n<td><strong>2<\/strong><\/td>\n<td><\/td>\n<\/tr>\n<tr>\n<td><strong>3<\/strong><\/td>\n<td><\/td>\n<\/tr>\n<tr>\n<td><strong>4<\/strong><\/td>\n<td><\/td>\n<\/tr>\n<tr>\n<td><strong>5<\/strong><\/td>\n<td><\/td>\n<\/tr>\n<tr>\n<td><strong>6<\/strong><\/td>\n<td><\/td>\n<\/tr>\n<tr>\n<td><strong>7<\/strong><\/td>\n<td><\/td>\n<\/tr>\n<\/tbody>\n<\/table>\n<\/div>\n<div class=\"ng-scope\"><strong>6)<\/strong>\u00a0De acordo com o material da disciplina, para a correta obten\u00e7\u00e3o da medida das dobras cut\u00e2neas, \u00e9 necess\u00e1rio seguir algumas normas. De acordo com o material, quais s\u00e3o essas normas?<br \/>\n<strong>7)\u00a0<\/strong>Ainda sobre import\u00e2ncia de seguir as orienta\u00e7\u00f5es dos protocolos, \u00e9 constatado que as informa\u00e7\u00f5es coletadas em uma avalia\u00e7\u00e3o est\u00e3o suscet\u00edveis a incoer\u00eancias decorrentes de erros conhecidos como \u201cErro de Medida\u201d. Nesse sentido, quais s\u00e3o as quatro subdivis\u00f5es do erro de medida apresentadas no material da disciplina? Explique e exemplifique cada uma delas.<\/p>\n<p><strong>ETAPA 2 \u2013 AN\u00c1LISE DA COMPOSI\u00c7\u00c3O CORPORAL<\/strong><br \/>\nConsiderando as informa\u00e7\u00f5es das fichas de avalia\u00e7\u00e3o, nessa etapa voc\u00ea ir\u00e1 estimar o percentual de gordura corporal, a massa gorda e a massa isenta de gordura da Larissa. Aten\u00e7\u00e3o, para realizar essas estimativas, voc\u00ea dever\u00e1 consultar o livro da disciplina.<br \/>\nPara responder essa atividade, preencha os campos abaixo com as informa\u00e7\u00f5es solicitadas.<\/p>\n<p><strong>1)<\/strong>\u00a0C\u00e1lculo completo e o resultado da densidade corporal da Larissa. Utilize a f\u00f3rmula de sete dobras de Jackson, Pollock e Ward (1980).<br \/>\n<strong>2)<\/strong>\u00a0C\u00e1lculo completo e o resultado do percentual de gordura corporal da Larissa. Utilize a f\u00f3rmula de Siri (1961).<br \/>\n<strong>3)\u00a0<\/strong>C\u00e1lculo completo e o resultado da massa gorda e massa isenta de gordura da Larissa.<\/p>\n<p><strong>ETAPA 3 \u2013 DIAGN\u00d3STICO DA AVALIA\u00c7\u00c3O<\/strong><br \/>\nA partir das informa\u00e7\u00f5es das fichas de avalia\u00e7\u00e3o, nessa etapa voc\u00ea ir\u00e1 fazer algumas an\u00e1lises e infer\u00eancias relacionadas a aspectos da sa\u00fade da Larissa.<br \/>\nPara responder essa atividade, preencha os campos abaixo com as informa\u00e7\u00f5es solicitadas.<\/p>\n<p><strong>1)\u00a0<\/strong>Resultado e diagn\u00f3stico do IMC da Larissa.<br \/>\n<strong>2)\u00a0<\/strong>Considere a medida da circunfer\u00eancia de cintura da Larissa. De acordo com as informa\u00e7\u00f5es do livro da disciplina, ela est\u00e1 exposta a maiores riscos \u00e0 sa\u00fade? Por qu\u00ea?<br \/>\n<strong>3)\u00a0<\/strong>Considere o percentual de gordura corporal da Larissa. De acordo a proposta de Heyward e Stolarczyk (2000), apresentada no livro da disciplina, como est\u00e1 classificado o percentual de gordura dela?<\/div>\n<\/div>\n<\/div>\n","protected":false},"excerpt":{"rendered":"<p>Quest\u00e3o 1 Entre os campos de estudo da cineantropometria, a antropometria se destaca por fornecer informa\u00e7\u00f5es relativas \u00e0 an\u00e1lise das<\/p>\n","protected":false},"featured_media":2326,"template":"","meta":{"_monsterinsights_skip_tracking":false,"_monsterinsights_sitenote_active":false,"_monsterinsights_sitenote_note":"","_monsterinsights_sitenote_category":0},"product_brand":[],"product_cat":[42],"product_tag":[],"class_list":{"0":"post-6220","1":"product","2":"type-product","3":"status-publish","4":"has-post-thumbnail","6":"product_cat-educacao-fisica","8":"first","9":"instock","10":"downloadable","11":"virtual","12":"purchasable","13":"product-type-simple"},"yoast_head":"<!-- This site is optimized with the Yoast SEO plugin v27.4 - https:\/\/yoast.com\/product\/yoast-seo-wordpress\/ -->\n<title>MAPA - BEDU - MEDIDAS E AVALIA\u00c7\u00c3O EM EDUCA\u00c7\u00c3O F\u00cdSICA - 53_2025<\/title>\n<meta name=\"description\" content=\"Atividade MAPA - BEDU - MEDIDAS E AVALIA\u00c7\u00c3O EM EDUCA\u00c7\u00c3O F\u00cdSICA - 53_2025 &#8902; Unicesumar. Baixe agora mesmo um Mapa Pronto resolvido!\" \/>\n<meta name=\"robots\" content=\"index, follow, max-snippet:-1, max-image-preview:large, max-video-preview:-1\" \/>\n<link rel=\"canonical\" href=\"https:\/\/atividademapa.com\/?product=mapa-bedu-medidas-e-avaliacao-em-educacao-fisica-53_2025\" \/>\n<meta property=\"og:locale\" content=\"pt_BR\" \/>\n<meta property=\"og:type\" content=\"article\" \/>\n<meta property=\"og:title\" content=\"MAPA - BEDU - MEDIDAS E AVALIA\u00c7\u00c3O EM EDUCA\u00c7\u00c3O F\u00cdSICA - 53_2025\" \/>\n<meta property=\"og:description\" content=\"Atividade MAPA - BEDU - MEDIDAS E AVALIA\u00c7\u00c3O EM EDUCA\u00c7\u00c3O F\u00cdSICA - 53_2025 &#8902; Unicesumar. Baixe agora mesmo um Mapa Pronto resolvido!\" \/>\n<meta property=\"og:url\" content=\"https:\/\/atividademapa.com\/?product=mapa-bedu-medidas-e-avaliacao-em-educacao-fisica-53_2025\" \/>\n<meta property=\"og:site_name\" content=\"Atividade Mapa\" \/>\n<meta property=\"article:modified_time\" content=\"2025-08-14T00:23:24+00:00\" \/>\n<meta property=\"og:image\" content=\"https:\/\/i0.wp.com\/atividademapa.com\/wp-content\/uploads\/2023\/03\/Atividade-M.A.P.A-3.png?fit=300%2C300&ssl=1\" \/>\n\t<meta property=\"og:image:width\" content=\"300\" \/>\n\t<meta property=\"og:image:height\" content=\"300\" \/>\n\t<meta property=\"og:image:type\" content=\"image\/png\" \/>\n<meta name=\"twitter:card\" content=\"summary_large_image\" \/>\n<meta name=\"twitter:label1\" content=\"Est. tempo de leitura\" \/>\n\t<meta name=\"twitter:data1\" content=\"5 minutos\" \/>\n<script type=\"application\/ld+json\" class=\"yoast-schema-graph\">{\"@context\":\"https:\\\/\\\/schema.org\",\"@graph\":[{\"@type\":\"WebPage\",\"@id\":\"https:\\\/\\\/atividademapa.com\\\/?product=mapa-bedu-medidas-e-avaliacao-em-educacao-fisica-53_2025\",\"url\":\"https:\\\/\\\/atividademapa.com\\\/?product=mapa-bedu-medidas-e-avaliacao-em-educacao-fisica-53_2025\",\"name\":\"MAPA - BEDU - MEDIDAS E AVALIA\u00c7\u00c3O EM EDUCA\u00c7\u00c3O F\u00cdSICA - 53_2025\",\"isPartOf\":{\"@id\":\"https:\\\/\\\/atividademapa.com\\\/#website\"},\"primaryImageOfPage\":{\"@id\":\"https:\\\/\\\/atividademapa.com\\\/?product=mapa-bedu-medidas-e-avaliacao-em-educacao-fisica-53_2025#primaryimage\"},\"image\":{\"@id\":\"https:\\\/\\\/atividademapa.com\\\/?product=mapa-bedu-medidas-e-avaliacao-em-educacao-fisica-53_2025#primaryimage\"},\"thumbnailUrl\":\"https:\\\/\\\/i0.wp.com\\\/atividademapa.com\\\/wp-content\\\/uploads\\\/2023\\\/03\\\/Atividade-M.A.P.A-3.png?fit=300%2C300&ssl=1\",\"datePublished\":\"2025-08-14T00:23:23+00:00\",\"dateModified\":\"2025-08-14T00:23:24+00:00\",\"description\":\"Atividade MAPA - BEDU - MEDIDAS E AVALIA\u00c7\u00c3O EM EDUCA\u00c7\u00c3O F\u00cdSICA - 53_2025 &#8902; Unicesumar. Baixe agora mesmo um Mapa Pronto resolvido!\",\"breadcrumb\":{\"@id\":\"https:\\\/\\\/atividademapa.com\\\/?product=mapa-bedu-medidas-e-avaliacao-em-educacao-fisica-53_2025#breadcrumb\"},\"inLanguage\":\"pt-BR\",\"potentialAction\":[{\"@type\":\"ReadAction\",\"target\":[\"https:\\\/\\\/atividademapa.com\\\/?product=mapa-bedu-medidas-e-avaliacao-em-educacao-fisica-53_2025\"]}]},{\"@type\":\"ImageObject\",\"inLanguage\":\"pt-BR\",\"@id\":\"https:\\\/\\\/atividademapa.com\\\/?product=mapa-bedu-medidas-e-avaliacao-em-educacao-fisica-53_2025#primaryimage\",\"url\":\"https:\\\/\\\/i0.wp.com\\\/atividademapa.com\\\/wp-content\\\/uploads\\\/2023\\\/03\\\/Atividade-M.A.P.A-3.png?fit=300%2C300&ssl=1\",\"contentUrl\":\"https:\\\/\\\/i0.wp.com\\\/atividademapa.com\\\/wp-content\\\/uploads\\\/2023\\\/03\\\/Atividade-M.A.P.A-3.png?fit=300%2C300&ssl=1\",\"width\":300,\"height\":300,\"caption\":\"Mapa Unicesumar Atividade\"},{\"@type\":\"BreadcrumbList\",\"@id\":\"https:\\\/\\\/atividademapa.com\\\/?product=mapa-bedu-medidas-e-avaliacao-em-educacao-fisica-53_2025#breadcrumb\",\"itemListElement\":[{\"@type\":\"ListItem\",\"position\":1,\"name\":\"In\u00edcio\",\"item\":\"https:\\\/\\\/atividademapa.com\\\/\"},{\"@type\":\"ListItem\",\"position\":2,\"name\":\"MAPAS\",\"item\":\"https:\\\/\\\/atividademapa.com\\\/?page_id=5\"},{\"@type\":\"ListItem\",\"position\":3,\"name\":\"MAPA &#8211; BEDU &#8211; MEDIDAS E AVALIA\u00c7\u00c3O EM EDUCA\u00c7\u00c3O F\u00cdSICA &#8211; 53_2025\"}]},{\"@type\":\"WebSite\",\"@id\":\"https:\\\/\\\/atividademapa.com\\\/#website\",\"url\":\"https:\\\/\\\/atividademapa.com\\\/\",\"name\":\"Atividade Mapa\",\"description\":\"StudeO | Unicesumar\",\"publisher\":{\"@id\":\"https:\\\/\\\/atividademapa.com\\\/#organization\"},\"potentialAction\":[{\"@type\":\"SearchAction\",\"target\":{\"@type\":\"EntryPoint\",\"urlTemplate\":\"https:\\\/\\\/atividademapa.com\\\/?s={search_term_string}\"},\"query-input\":{\"@type\":\"PropertyValueSpecification\",\"valueRequired\":true,\"valueName\":\"search_term_string\"}}],\"inLanguage\":\"pt-BR\"},{\"@type\":\"Organization\",\"@id\":\"https:\\\/\\\/atividademapa.com\\\/#organization\",\"name\":\"Atividade MAPA\",\"url\":\"https:\\\/\\\/atividademapa.com\\\/\",\"logo\":{\"@type\":\"ImageObject\",\"inLanguage\":\"pt-BR\",\"@id\":\"https:\\\/\\\/atividademapa.com\\\/#\\\/schema\\\/logo\\\/image\\\/\",\"url\":\"https:\\\/\\\/i0.wp.com\\\/atividademapa.com\\\/wp-content\\\/uploads\\\/2023\\\/02\\\/ATIVIDADE.png?fit=600%2C300&ssl=1\",\"contentUrl\":\"https:\\\/\\\/i0.wp.com\\\/atividademapa.com\\\/wp-content\\\/uploads\\\/2023\\\/02\\\/ATIVIDADE.png?fit=600%2C300&ssl=1\",\"width\":600,\"height\":300,\"caption\":\"Atividade MAPA\"},\"image\":{\"@id\":\"https:\\\/\\\/atividademapa.com\\\/#\\\/schema\\\/logo\\\/image\\\/\"}}]}<\/script>\n<!-- \/ Yoast SEO plugin. -->","yoast_head_json":{"title":"MAPA - BEDU - MEDIDAS E AVALIA\u00c7\u00c3O EM EDUCA\u00c7\u00c3O F\u00cdSICA - 53_2025","description":"Atividade MAPA - BEDU - MEDIDAS E AVALIA\u00c7\u00c3O EM EDUCA\u00c7\u00c3O F\u00cdSICA - 53_2025 &#8902; Unicesumar. Baixe agora mesmo um Mapa Pronto resolvido!","robots":{"index":"index","follow":"follow","max-snippet":"max-snippet:-1","max-image-preview":"max-image-preview:large","max-video-preview":"max-video-preview:-1"},"canonical":"https:\/\/atividademapa.com\/?product=mapa-bedu-medidas-e-avaliacao-em-educacao-fisica-53_2025","og_locale":"pt_BR","og_type":"article","og_title":"MAPA - BEDU - MEDIDAS E AVALIA\u00c7\u00c3O EM EDUCA\u00c7\u00c3O F\u00cdSICA - 53_2025","og_description":"Atividade MAPA - BEDU - MEDIDAS E AVALIA\u00c7\u00c3O EM EDUCA\u00c7\u00c3O F\u00cdSICA - 53_2025 &#8902; Unicesumar. Baixe agora mesmo um Mapa Pronto resolvido!","og_url":"https:\/\/atividademapa.com\/?product=mapa-bedu-medidas-e-avaliacao-em-educacao-fisica-53_2025","og_site_name":"Atividade Mapa","article_modified_time":"2025-08-14T00:23:24+00:00","og_image":[{"width":300,"height":300,"url":"https:\/\/i0.wp.com\/atividademapa.com\/wp-content\/uploads\/2023\/03\/Atividade-M.A.P.A-3.png?fit=300%2C300&ssl=1","type":"image\/png"}],"twitter_card":"summary_large_image","twitter_misc":{"Est. tempo de leitura":"5 minutos"},"schema":{"@context":"https:\/\/schema.org","@graph":[{"@type":"WebPage","@id":"https:\/\/atividademapa.com\/?product=mapa-bedu-medidas-e-avaliacao-em-educacao-fisica-53_2025","url":"https:\/\/atividademapa.com\/?product=mapa-bedu-medidas-e-avaliacao-em-educacao-fisica-53_2025","name":"MAPA - BEDU - MEDIDAS E AVALIA\u00c7\u00c3O EM EDUCA\u00c7\u00c3O F\u00cdSICA - 53_2025","isPartOf":{"@id":"https:\/\/atividademapa.com\/#website"},"primaryImageOfPage":{"@id":"https:\/\/atividademapa.com\/?product=mapa-bedu-medidas-e-avaliacao-em-educacao-fisica-53_2025#primaryimage"},"image":{"@id":"https:\/\/atividademapa.com\/?product=mapa-bedu-medidas-e-avaliacao-em-educacao-fisica-53_2025#primaryimage"},"thumbnailUrl":"https:\/\/i0.wp.com\/atividademapa.com\/wp-content\/uploads\/2023\/03\/Atividade-M.A.P.A-3.png?fit=300%2C300&ssl=1","datePublished":"2025-08-14T00:23:23+00:00","dateModified":"2025-08-14T00:23:24+00:00","description":"Atividade MAPA - BEDU - MEDIDAS E AVALIA\u00c7\u00c3O EM EDUCA\u00c7\u00c3O F\u00cdSICA - 53_2025 &#8902; Unicesumar. Baixe agora mesmo um Mapa Pronto resolvido!","breadcrumb":{"@id":"https:\/\/atividademapa.com\/?product=mapa-bedu-medidas-e-avaliacao-em-educacao-fisica-53_2025#breadcrumb"},"inLanguage":"pt-BR","potentialAction":[{"@type":"ReadAction","target":["https:\/\/atividademapa.com\/?product=mapa-bedu-medidas-e-avaliacao-em-educacao-fisica-53_2025"]}]},{"@type":"ImageObject","inLanguage":"pt-BR","@id":"https:\/\/atividademapa.com\/?product=mapa-bedu-medidas-e-avaliacao-em-educacao-fisica-53_2025#primaryimage","url":"https:\/\/i0.wp.com\/atividademapa.com\/wp-content\/uploads\/2023\/03\/Atividade-M.A.P.A-3.png?fit=300%2C300&ssl=1","contentUrl":"https:\/\/i0.wp.com\/atividademapa.com\/wp-content\/uploads\/2023\/03\/Atividade-M.A.P.A-3.png?fit=300%2C300&ssl=1","width":300,"height":300,"caption":"Mapa Unicesumar Atividade"},{"@type":"BreadcrumbList","@id":"https:\/\/atividademapa.com\/?product=mapa-bedu-medidas-e-avaliacao-em-educacao-fisica-53_2025#breadcrumb","itemListElement":[{"@type":"ListItem","position":1,"name":"In\u00edcio","item":"https:\/\/atividademapa.com\/"},{"@type":"ListItem","position":2,"name":"MAPAS","item":"https:\/\/atividademapa.com\/?page_id=5"},{"@type":"ListItem","position":3,"name":"MAPA &#8211; BEDU &#8211; MEDIDAS E AVALIA\u00c7\u00c3O EM EDUCA\u00c7\u00c3O F\u00cdSICA &#8211; 53_2025"}]},{"@type":"WebSite","@id":"https:\/\/atividademapa.com\/#website","url":"https:\/\/atividademapa.com\/","name":"Atividade Mapa","description":"StudeO | Unicesumar","publisher":{"@id":"https:\/\/atividademapa.com\/#organization"},"potentialAction":[{"@type":"SearchAction","target":{"@type":"EntryPoint","urlTemplate":"https:\/\/atividademapa.com\/?s={search_term_string}"},"query-input":{"@type":"PropertyValueSpecification","valueRequired":true,"valueName":"search_term_string"}}],"inLanguage":"pt-BR"},{"@type":"Organization","@id":"https:\/\/atividademapa.com\/#organization","name":"Atividade MAPA","url":"https:\/\/atividademapa.com\/","logo":{"@type":"ImageObject","inLanguage":"pt-BR","@id":"https:\/\/atividademapa.com\/#\/schema\/logo\/image\/","url":"https:\/\/i0.wp.com\/atividademapa.com\/wp-content\/uploads\/2023\/02\/ATIVIDADE.png?fit=600%2C300&ssl=1","contentUrl":"https:\/\/i0.wp.com\/atividademapa.com\/wp-content\/uploads\/2023\/02\/ATIVIDADE.png?fit=600%2C300&ssl=1","width":600,"height":300,"caption":"Atividade MAPA"},"image":{"@id":"https:\/\/atividademapa.com\/#\/schema\/logo\/image\/"}}]}},"_links":{"self":[{"href":"https:\/\/atividademapa.com\/index.php?rest_route=\/wp\/v2\/product\/6220","targetHints":{"allow":["GET"]}}],"collection":[{"href":"https:\/\/atividademapa.com\/index.php?rest_route=\/wp\/v2\/product"}],"about":[{"href":"https:\/\/atividademapa.com\/index.php?rest_route=\/wp\/v2\/types\/product"}],"version-history":[{"count":1,"href":"https:\/\/atividademapa.com\/index.php?rest_route=\/wp\/v2\/product\/6220\/revisions"}],"predecessor-version":[{"id":6222,"href":"https:\/\/atividademapa.com\/index.php?rest_route=\/wp\/v2\/product\/6220\/revisions\/6222"}],"wp:featuredmedia":[{"embeddable":true,"href":"https:\/\/atividademapa.com\/index.php?rest_route=\/wp\/v2\/media\/2326"}],"wp:attachment":[{"href":"https:\/\/atividademapa.com\/index.php?rest_route=%2Fwp%2Fv2%2Fmedia&parent=6220"}],"wp:term":[{"taxonomy":"product_brand","embeddable":true,"href":"https:\/\/atividademapa.com\/index.php?rest_route=%2Fwp%2Fv2%2Fproduct_brand&post=6220"},{"taxonomy":"product_cat","embeddable":true,"href":"https:\/\/atividademapa.com\/index.php?rest_route=%2Fwp%2Fv2%2Fproduct_cat&post=6220"},{"taxonomy":"product_tag","embeddable":true,"href":"https:\/\/atividademapa.com\/index.php?rest_route=%2Fwp%2Fv2%2Fproduct_tag&post=6220"}],"curies":[{"name":"wp","href":"https:\/\/api.w.org\/{rel}","templated":true}]}}