{"id":6231,"date":"2025-08-13T21:42:37","date_gmt":"2025-08-14T00:42:37","guid":{"rendered":"https:\/\/atividademapa.com\/?post_type=product&#038;p=6231"},"modified":"2025-08-27T21:08:32","modified_gmt":"2025-08-28T00:08:32","slug":"mapa-patologia-geral-53_2025","status":"publish","type":"product","link":"https:\/\/atividademapa.com\/?product=mapa-patologia-geral-53_2025","title":{"rendered":"MAPA &#8211; PATOLOGIA GERAL &#8211; 53_2025"},"content":{"rendered":"<div class=\"panel-heading\">\n<div class=\"panel-title cursor ng-binding\" data-toggle=\"collapse\">Quest\u00e3o 1<\/div>\n<div class=\"panel-controls\">\n<ul>\n<li><\/li>\n<\/ul>\n<\/div>\n<\/div>\n<div class=\"panel-body p-t-20 b-t b-grey\">\n<div class=\"enunciado ng-binding\">\n<p class=\"ng-scope\"><strong>ATIVIDADE MAPA DE PATOLOGIA GERAL<\/strong><\/p>\n<p class=\"ng-scope\">Ol\u00e1, estudante!<\/p>\n<p class=\"ng-scope\">Seja bem-vindo \u00e0 atividade M.A.P.A. (Material de Avalia\u00e7\u00e3o Pr\u00e1tica de Aprendizagem) da disciplina de Patologia Geral.<\/p>\n<p class=\"ng-scope\"><strong>Instru\u00e7\u00f5es iniciais:<\/strong><br \/>\n&#8211; Utilize o formul\u00e1rio de resposta padr\u00e3o do M.A.P.A. para realizar esta atividade. Ele se encontra dispon\u00edvel para download em &#8220;Material da Disciplina&#8221;. Siga todas as instru\u00e7\u00f5es que constam no formul\u00e1rio.<\/p>\n<p class=\"ng-scope\">&#8211; Assista aos v\u00eddeos de instru\u00e7\u00f5es para a realiza\u00e7\u00e3o do M.A.P.A., dispon\u00edveis na &#8220;Sala do Caf\u00e9&#8221;.<\/p>\n<p class=\"ng-scope\"><strong>CONTEXTUALIZA\u00c7\u00c3O\u00a0\u00a0<\/strong><\/p>\n<p class=\"ng-scope\">A homeostasia \u00e9 um processo de equil\u00edbrio do qual as c\u00e9lulas interagem ativamente com o seu ambiente a fim de ajustar a sua estrutura e fun\u00e7\u00e3o e se adaptarem, quando submetidas a situa\u00e7\u00f5es de mudan\u00e7as e estresses extracelulares. Se a capacidade de adapta\u00e7\u00e3o for excedida, ocorre a les\u00e3o celular, podendo ser revers\u00edvel, quando n\u00e3o excede os limites celulares, ou irrevers\u00edvel, quando h\u00e1 a morte celular, evento que \u00e9 crucial no desenvolvimento de muitas doen\u00e7as (Kumar et al., 2025).<\/p>\n<p class=\"ng-scope\"><strong>Processo de desenvolvimento de uma doen\u00e7a:\u00a0<\/strong><\/p>\n<p class=\"ng-scope\">C\u00c9LULA SAUD\u00c1VEL (Homeostasia) -&gt; est\u00edmulos nocivos -&gt; LES\u00c3O REVERS\u00cdVEL -&gt; grave, progressiva -&gt; LES\u00c3O IRREVERS\u00cdVEL -&gt; necrose \/ apoptose (morte celular).<\/p>\n<p class=\"ng-scope\">Um importante processo fisiol\u00f3gico para o funcionamento de nossas c\u00e9lulas, tecidos e \u00f3rg\u00e3os est\u00e1 relacionado \u00e0 circula\u00e7\u00e3o sangu\u00ednea. Se um indiv\u00edduo permanecer por um longo per\u00edodo sem oxig\u00eanio, s\u00e3o secretados muitos produtos t\u00f3xicos para o nosso organismo, dois quais causam altera\u00e7\u00f5es cruciais em v\u00e1rias estruturas celulares. Existem v\u00e1rios fen\u00f4menos celulares relacionados ao desenvolvimento de uma les\u00e3o, mas o que determina a natureza da les\u00e3o como revers\u00edvel ou irrevers\u00edvel \u00e9 o fato da circula\u00e7\u00e3o sangu\u00ednea prejudicada\u00a0e a dr\u00e1stica redu\u00e7\u00e3o na concentra\u00e7\u00e3o de oxig\u00eanio (Besson, 2023).<\/p>\n<p class=\"ng-scope\"><strong>CASO CL\u00cdNICO:\u00a0<\/strong><\/p>\n<p class=\"ng-scope\">Imagine que voc\u00ea \u00e9 estagi\u00e1rio(a) de uma equipe multiprofissional em um hospital universit\u00e1rio e est\u00e1 acompanhando o plant\u00e3o. Um homem de 58 anos \u00e9 trazido pelo SAMU ap\u00f3s ser encontrado, pelos familiares, desacordado em casa. Relatos familiares indicam que ele se queixou de dor no peito e dispneia nas \u00faltimas 24 horas. O homem \u00e9 tabagista h\u00e1 30 anos, hipertenso, sem controle da press\u00e3o arterial, dislipid\u00eamico e sedent\u00e1rio. O ECG (eletrocardiograma) inicial sugere altera\u00e7\u00f5es isqu\u00eamicas e os exames laboratoriais indicam n\u00edveis elevados de CK-MB e troponina, leucocitose e PCR aumentado. Durante o atendimento, o paciente apresentou epis\u00f3dios de hip\u00f3xia o que sugeriu uma isquemia mioc\u00e1rdica aguda, possivelmente um infarto. Foi submetido \u00e0 oxigenoterapia, analgesia e monitoramento hemodin\u00e2mico intensivo.<\/p>\n<p class=\"ng-scope\">Materiais indicados para realiza\u00e7\u00e3o da atividade:<\/p>\n<p class=\"ng-scope\">KUMAR, Vinay; ABBAS, Abul K.; Jon C. Aster; et al. Robbins &amp; Kumar Patologia B\u00e1sica. 11. ed. Rio de Janeiro: GEN Guanabara Koogan, 2025. E-book. p.2. ISBN 9786561110143. Dispon\u00edvel em: https:\/\/app.minhabiblioteca.com.br\/reader\/books\/9786561110143\/. Acesso em: 26 jun. 2025.\u00a0Cap\u00edtulo 1.<\/p>\n<p class=\"ng-scope\">BESSON, Jean Carlos Fernando. Patologia Geral \/ Indaial, SC: Arqu\u00e9, 2023. Reimpresso em 2024.\u00a0Unidades: 2, 4 e 5.<\/p>\n<p class=\"ng-scope\">Com base na situa\u00e7\u00e3o cl\u00ednica descrita, e no estudo dos materiais indicados acima, responda sobre os processos fisiopatol\u00f3gicos envolvidos:<\/p>\n<p class=\"ng-scope\"><strong>QUEST\u00c3O 1) Levando em considera\u00e7\u00e3o que o caso cl\u00ednico trata de uma les\u00e3o irrevers\u00edvel, na qual ocorre ac\u00famulo de radicais livres, quais s\u00e3o os dois processos de les\u00e3o causados por esses radicais livres? Explique.\u00a0<\/strong><\/p>\n<p class=\"ng-scope\"><strong>QUEST\u00c3O 2) Diferencie os tipos de morte celular: necrose e apoptose por meio de um esquema, tabela ou fluxograma com base nas seguintes caracter\u00edsticas: conceito; altera\u00e7\u00f5es celulares e tipos. Depois cite qual tipo de morte celular estaria envolvida em um infarto agudo do mioc\u00e1rdio.<\/strong><\/p>\n<p class=\"ng-scope\"><strong>QUEST\u00c3O 3) H\u00e1 ind\u00edcios para investiga\u00e7\u00e3o de calcifica\u00e7\u00f5es patol\u00f3gicas? Qual o tipo de calcifica\u00e7\u00e3o patol\u00f3gica seria esperado para esse caso cl\u00ednico? \u00a0<\/strong><\/p>\n<p class=\"ng-scope\"><strong>QUEST\u00c3O 4) Dentre os fatores de risco apresentados pelo paciente, explique as poss\u00edveis adapta\u00e7\u00f5es celulares que podem estar presente em fun\u00e7\u00e3o do tabagismo e da hipertens\u00e3o?<\/strong><\/p>\n<p class=\"ng-scope\"><strong>QUEST\u00c3O 5) Considerando a gera\u00e7\u00e3o de radicais livres devido ao processo isqu\u00eamico do infarto agudo do mioc\u00e1rdio, quais estrat\u00e9gias poderiam neutralizam os radicais livres? Quais produtos naturais ajudariam em tal estrat\u00e9gia?<\/strong><\/p>\n<p class=\"ng-scope\"><strong>ORIENTA\u00c7\u00d5ES FINAIS<\/strong><\/p>\n<p><strong class=\"ng-scope\">Sobre o arquivo a ser enviado:<\/strong><br class=\"ng-scope\" \/>O arquivo deve ser enviado \u00fanica e exclusivamente pelo seu Studeo, no campo &#8220;M.A.P.A.&#8221; dessa disciplina.<br class=\"ng-scope\" \/>Toda e qualquer outra forma de entrega deste Modelo de Resposta MAPA n\u00e3o \u00e9 considerada. Apenas o formato de PDF ser\u00e1 aceito.\u00a0<br class=\"ng-scope\" \/><u class=\"ng-scope\">SOMENTE UM ARQUIVO PODE SER ANEXADO NO STUDEO.<\/u><br class=\"ng-scope\" \/>A qualidade do trabalho ser\u00e1 considerada na hora da avalia\u00e7\u00e3o, ent\u00e3o fa\u00e7a tudo com cuidado, responda \u00e0 demanda adequadamente e mostre sempre o seu racioc\u00ednio de modo claro e direto.<br class=\"ng-scope\" \/><strong class=\"ng-scope\">Problemas frequentes a evitar:<\/strong><br class=\"ng-scope\" \/>\u2192 Coloque um nome simples no seu arquivo. Se o nome tiver caracteres estranhos (principalmente pontos) ou for muito grande, a equipe de corre\u00e7\u00e3o pode n\u00e3o conseguir abrir o seu trabalho, e ele pode ser zerado.<br class=\"ng-scope\" \/>\u2192 Se voc\u00ea usa OPEN OFFICE ou MAC, transforme o arquivo em .pdf para evitar incompatibilidades.<br class=\"ng-scope\" \/>\u2192 Verifique se voc\u00ea est\u00e1 enviando o arquivo correto! Identifique o arquivo com o seu primeiro e \u00faltimo nome e a disciplina, para evitar que voc\u00ea troque o arquivo na hora de anexar.<br class=\"ng-scope\" \/>Exemplo: MAPA_PATOLOGIAGERAL_Maria.pdf.<br class=\"ng-scope\" \/><strong class=\"ng-scope\">Como enviar o seu arquivo:<\/strong><br class=\"ng-scope\" \/>\u2192 Ao final do enunciado desta atividade, no Studeo, tem uma caixa de envio de arquivo. Basta clicar e selecionar sua atividade, ou arrastar o arquivo at\u00e9 ela.<br class=\"ng-scope\" \/>\u2192 Antes de clicar em FINALIZAR, certifique-se de que est\u00e1 tudo certo, pois uma vez finalizado voc\u00ea n\u00e3o poder\u00e1 mais modificar o arquivo.<br class=\"ng-scope\" \/>Bons estudos!!<\/p>\n<\/div>\n<\/div>\n","protected":false},"excerpt":{"rendered":"<p>Quest\u00e3o 1 ATIVIDADE MAPA DE PATOLOGIA GERAL Ol\u00e1, estudante! Seja bem-vindo \u00e0 atividade M.A.P.A. (Material de Avalia\u00e7\u00e3o Pr\u00e1tica de Aprendizagem)<\/p>\n","protected":false},"featured_media":2326,"template":"","meta":{"_monsterinsights_skip_tracking":false,"_monsterinsights_sitenote_active":false,"_monsterinsights_sitenote_note":"","_monsterinsights_sitenote_category":0},"product_brand":[],"product_cat":[58,35,31],"product_tag":[],"class_list":{"0":"post-6231","1":"product","2":"type-product","3":"status-publish","4":"has-post-thumbnail","6":"product_cat-biomedicina","7":"product_cat-enfermagem","8":"product_cat-farmacia","10":"first","11":"instock","12":"downloadable","13":"virtual","14":"purchasable","15":"product-type-simple"},"yoast_head":"<!-- This site is optimized with the Yoast SEO plugin v27.4 - https:\/\/yoast.com\/product\/yoast-seo-wordpress\/ -->\n<title>MAPA - PATOLOGIA GERAL - 53_2025<\/title>\n<meta name=\"description\" content=\"Atividade MAPA - PATOLOGIA GERAL - 53_2025 &#8902; Unicesumar. Baixe agora mesmo um Mapa Pronto resolvido!\" \/>\n<meta name=\"robots\" content=\"index, follow, max-snippet:-1, max-image-preview:large, max-video-preview:-1\" \/>\n<link rel=\"canonical\" href=\"https:\/\/atividademapa.com\/?product=mapa-patologia-geral-53_2025\" \/>\n<meta property=\"og:locale\" content=\"pt_BR\" \/>\n<meta property=\"og:type\" content=\"article\" \/>\n<meta property=\"og:title\" content=\"MAPA - PATOLOGIA GERAL - 53_2025\" \/>\n<meta property=\"og:description\" content=\"Atividade MAPA - PATOLOGIA GERAL - 53_2025 &#8902; Unicesumar. Baixe agora mesmo um Mapa Pronto resolvido!\" \/>\n<meta property=\"og:url\" content=\"https:\/\/atividademapa.com\/?product=mapa-patologia-geral-53_2025\" \/>\n<meta property=\"og:site_name\" content=\"Atividade Mapa\" \/>\n<meta property=\"article:modified_time\" content=\"2025-08-28T00:08:32+00:00\" \/>\n<meta property=\"og:image\" content=\"https:\/\/i0.wp.com\/atividademapa.com\/wp-content\/uploads\/2023\/03\/Atividade-M.A.P.A-3.png?fit=300%2C300&ssl=1\" \/>\n\t<meta property=\"og:image:width\" content=\"300\" \/>\n\t<meta property=\"og:image:height\" content=\"300\" \/>\n\t<meta property=\"og:image:type\" content=\"image\/png\" \/>\n<meta name=\"twitter:card\" content=\"summary_large_image\" \/>\n<meta name=\"twitter:label1\" content=\"Est. tempo de leitura\" \/>\n\t<meta name=\"twitter:data1\" content=\"5 minutos\" \/>\n<script type=\"application\/ld+json\" class=\"yoast-schema-graph\">{\"@context\":\"https:\\\/\\\/schema.org\",\"@graph\":[{\"@type\":\"WebPage\",\"@id\":\"https:\\\/\\\/atividademapa.com\\\/?product=mapa-patologia-geral-53_2025\",\"url\":\"https:\\\/\\\/atividademapa.com\\\/?product=mapa-patologia-geral-53_2025\",\"name\":\"MAPA - PATOLOGIA GERAL - 53_2025\",\"isPartOf\":{\"@id\":\"https:\\\/\\\/atividademapa.com\\\/#website\"},\"primaryImageOfPage\":{\"@id\":\"https:\\\/\\\/atividademapa.com\\\/?product=mapa-patologia-geral-53_2025#primaryimage\"},\"image\":{\"@id\":\"https:\\\/\\\/atividademapa.com\\\/?product=mapa-patologia-geral-53_2025#primaryimage\"},\"thumbnailUrl\":\"https:\\\/\\\/i0.wp.com\\\/atividademapa.com\\\/wp-content\\\/uploads\\\/2023\\\/03\\\/Atividade-M.A.P.A-3.png?fit=300%2C300&ssl=1\",\"datePublished\":\"2025-08-14T00:42:37+00:00\",\"dateModified\":\"2025-08-28T00:08:32+00:00\",\"description\":\"Atividade MAPA - PATOLOGIA GERAL - 53_2025 &#8902; Unicesumar. Baixe agora mesmo um Mapa Pronto resolvido!\",\"breadcrumb\":{\"@id\":\"https:\\\/\\\/atividademapa.com\\\/?product=mapa-patologia-geral-53_2025#breadcrumb\"},\"inLanguage\":\"pt-BR\",\"potentialAction\":[{\"@type\":\"ReadAction\",\"target\":[\"https:\\\/\\\/atividademapa.com\\\/?product=mapa-patologia-geral-53_2025\"]}]},{\"@type\":\"ImageObject\",\"inLanguage\":\"pt-BR\",\"@id\":\"https:\\\/\\\/atividademapa.com\\\/?product=mapa-patologia-geral-53_2025#primaryimage\",\"url\":\"https:\\\/\\\/i0.wp.com\\\/atividademapa.com\\\/wp-content\\\/uploads\\\/2023\\\/03\\\/Atividade-M.A.P.A-3.png?fit=300%2C300&ssl=1\",\"contentUrl\":\"https:\\\/\\\/i0.wp.com\\\/atividademapa.com\\\/wp-content\\\/uploads\\\/2023\\\/03\\\/Atividade-M.A.P.A-3.png?fit=300%2C300&ssl=1\",\"width\":300,\"height\":300,\"caption\":\"Mapa Unicesumar Atividade\"},{\"@type\":\"BreadcrumbList\",\"@id\":\"https:\\\/\\\/atividademapa.com\\\/?product=mapa-patologia-geral-53_2025#breadcrumb\",\"itemListElement\":[{\"@type\":\"ListItem\",\"position\":1,\"name\":\"In\u00edcio\",\"item\":\"https:\\\/\\\/atividademapa.com\\\/\"},{\"@type\":\"ListItem\",\"position\":2,\"name\":\"MAPAS\",\"item\":\"https:\\\/\\\/atividademapa.com\\\/?page_id=5\"},{\"@type\":\"ListItem\",\"position\":3,\"name\":\"MAPA &#8211; PATOLOGIA GERAL &#8211; 53_2025\"}]},{\"@type\":\"WebSite\",\"@id\":\"https:\\\/\\\/atividademapa.com\\\/#website\",\"url\":\"https:\\\/\\\/atividademapa.com\\\/\",\"name\":\"Atividade Mapa\",\"description\":\"StudeO | Unicesumar\",\"publisher\":{\"@id\":\"https:\\\/\\\/atividademapa.com\\\/#organization\"},\"potentialAction\":[{\"@type\":\"SearchAction\",\"target\":{\"@type\":\"EntryPoint\",\"urlTemplate\":\"https:\\\/\\\/atividademapa.com\\\/?s={search_term_string}\"},\"query-input\":{\"@type\":\"PropertyValueSpecification\",\"valueRequired\":true,\"valueName\":\"search_term_string\"}}],\"inLanguage\":\"pt-BR\"},{\"@type\":\"Organization\",\"@id\":\"https:\\\/\\\/atividademapa.com\\\/#organization\",\"name\":\"Atividade MAPA\",\"url\":\"https:\\\/\\\/atividademapa.com\\\/\",\"logo\":{\"@type\":\"ImageObject\",\"inLanguage\":\"pt-BR\",\"@id\":\"https:\\\/\\\/atividademapa.com\\\/#\\\/schema\\\/logo\\\/image\\\/\",\"url\":\"https:\\\/\\\/i0.wp.com\\\/atividademapa.com\\\/wp-content\\\/uploads\\\/2023\\\/02\\\/ATIVIDADE.png?fit=600%2C300&ssl=1\",\"contentUrl\":\"https:\\\/\\\/i0.wp.com\\\/atividademapa.com\\\/wp-content\\\/uploads\\\/2023\\\/02\\\/ATIVIDADE.png?fit=600%2C300&ssl=1\",\"width\":600,\"height\":300,\"caption\":\"Atividade MAPA\"},\"image\":{\"@id\":\"https:\\\/\\\/atividademapa.com\\\/#\\\/schema\\\/logo\\\/image\\\/\"}}]}<\/script>\n<!-- \/ Yoast SEO plugin. -->","yoast_head_json":{"title":"MAPA - PATOLOGIA GERAL - 53_2025","description":"Atividade MAPA - PATOLOGIA GERAL - 53_2025 &#8902; Unicesumar. Baixe agora mesmo um Mapa Pronto resolvido!","robots":{"index":"index","follow":"follow","max-snippet":"max-snippet:-1","max-image-preview":"max-image-preview:large","max-video-preview":"max-video-preview:-1"},"canonical":"https:\/\/atividademapa.com\/?product=mapa-patologia-geral-53_2025","og_locale":"pt_BR","og_type":"article","og_title":"MAPA - PATOLOGIA GERAL - 53_2025","og_description":"Atividade MAPA - PATOLOGIA GERAL - 53_2025 &#8902; Unicesumar. Baixe agora mesmo um Mapa Pronto resolvido!","og_url":"https:\/\/atividademapa.com\/?product=mapa-patologia-geral-53_2025","og_site_name":"Atividade Mapa","article_modified_time":"2025-08-28T00:08:32+00:00","og_image":[{"width":300,"height":300,"url":"https:\/\/i0.wp.com\/atividademapa.com\/wp-content\/uploads\/2023\/03\/Atividade-M.A.P.A-3.png?fit=300%2C300&ssl=1","type":"image\/png"}],"twitter_card":"summary_large_image","twitter_misc":{"Est. tempo de leitura":"5 minutos"},"schema":{"@context":"https:\/\/schema.org","@graph":[{"@type":"WebPage","@id":"https:\/\/atividademapa.com\/?product=mapa-patologia-geral-53_2025","url":"https:\/\/atividademapa.com\/?product=mapa-patologia-geral-53_2025","name":"MAPA - PATOLOGIA GERAL - 53_2025","isPartOf":{"@id":"https:\/\/atividademapa.com\/#website"},"primaryImageOfPage":{"@id":"https:\/\/atividademapa.com\/?product=mapa-patologia-geral-53_2025#primaryimage"},"image":{"@id":"https:\/\/atividademapa.com\/?product=mapa-patologia-geral-53_2025#primaryimage"},"thumbnailUrl":"https:\/\/i0.wp.com\/atividademapa.com\/wp-content\/uploads\/2023\/03\/Atividade-M.A.P.A-3.png?fit=300%2C300&ssl=1","datePublished":"2025-08-14T00:42:37+00:00","dateModified":"2025-08-28T00:08:32+00:00","description":"Atividade MAPA - PATOLOGIA GERAL - 53_2025 &#8902; Unicesumar. Baixe agora mesmo um Mapa Pronto resolvido!","breadcrumb":{"@id":"https:\/\/atividademapa.com\/?product=mapa-patologia-geral-53_2025#breadcrumb"},"inLanguage":"pt-BR","potentialAction":[{"@type":"ReadAction","target":["https:\/\/atividademapa.com\/?product=mapa-patologia-geral-53_2025"]}]},{"@type":"ImageObject","inLanguage":"pt-BR","@id":"https:\/\/atividademapa.com\/?product=mapa-patologia-geral-53_2025#primaryimage","url":"https:\/\/i0.wp.com\/atividademapa.com\/wp-content\/uploads\/2023\/03\/Atividade-M.A.P.A-3.png?fit=300%2C300&ssl=1","contentUrl":"https:\/\/i0.wp.com\/atividademapa.com\/wp-content\/uploads\/2023\/03\/Atividade-M.A.P.A-3.png?fit=300%2C300&ssl=1","width":300,"height":300,"caption":"Mapa Unicesumar Atividade"},{"@type":"BreadcrumbList","@id":"https:\/\/atividademapa.com\/?product=mapa-patologia-geral-53_2025#breadcrumb","itemListElement":[{"@type":"ListItem","position":1,"name":"In\u00edcio","item":"https:\/\/atividademapa.com\/"},{"@type":"ListItem","position":2,"name":"MAPAS","item":"https:\/\/atividademapa.com\/?page_id=5"},{"@type":"ListItem","position":3,"name":"MAPA &#8211; PATOLOGIA GERAL &#8211; 53_2025"}]},{"@type":"WebSite","@id":"https:\/\/atividademapa.com\/#website","url":"https:\/\/atividademapa.com\/","name":"Atividade Mapa","description":"StudeO | Unicesumar","publisher":{"@id":"https:\/\/atividademapa.com\/#organization"},"potentialAction":[{"@type":"SearchAction","target":{"@type":"EntryPoint","urlTemplate":"https:\/\/atividademapa.com\/?s={search_term_string}"},"query-input":{"@type":"PropertyValueSpecification","valueRequired":true,"valueName":"search_term_string"}}],"inLanguage":"pt-BR"},{"@type":"Organization","@id":"https:\/\/atividademapa.com\/#organization","name":"Atividade MAPA","url":"https:\/\/atividademapa.com\/","logo":{"@type":"ImageObject","inLanguage":"pt-BR","@id":"https:\/\/atividademapa.com\/#\/schema\/logo\/image\/","url":"https:\/\/i0.wp.com\/atividademapa.com\/wp-content\/uploads\/2023\/02\/ATIVIDADE.png?fit=600%2C300&ssl=1","contentUrl":"https:\/\/i0.wp.com\/atividademapa.com\/wp-content\/uploads\/2023\/02\/ATIVIDADE.png?fit=600%2C300&ssl=1","width":600,"height":300,"caption":"Atividade MAPA"},"image":{"@id":"https:\/\/atividademapa.com\/#\/schema\/logo\/image\/"}}]}},"_links":{"self":[{"href":"https:\/\/atividademapa.com\/index.php?rest_route=\/wp\/v2\/product\/6231","targetHints":{"allow":["GET"]}}],"collection":[{"href":"https:\/\/atividademapa.com\/index.php?rest_route=\/wp\/v2\/product"}],"about":[{"href":"https:\/\/atividademapa.com\/index.php?rest_route=\/wp\/v2\/types\/product"}],"version-history":[{"count":2,"href":"https:\/\/atividademapa.com\/index.php?rest_route=\/wp\/v2\/product\/6231\/revisions"}],"predecessor-version":[{"id":6269,"href":"https:\/\/atividademapa.com\/index.php?rest_route=\/wp\/v2\/product\/6231\/revisions\/6269"}],"wp:featuredmedia":[{"embeddable":true,"href":"https:\/\/atividademapa.com\/index.php?rest_route=\/wp\/v2\/media\/2326"}],"wp:attachment":[{"href":"https:\/\/atividademapa.com\/index.php?rest_route=%2Fwp%2Fv2%2Fmedia&parent=6231"}],"wp:term":[{"taxonomy":"product_brand","embeddable":true,"href":"https:\/\/atividademapa.com\/index.php?rest_route=%2Fwp%2Fv2%2Fproduct_brand&post=6231"},{"taxonomy":"product_cat","embeddable":true,"href":"https:\/\/atividademapa.com\/index.php?rest_route=%2Fwp%2Fv2%2Fproduct_cat&post=6231"},{"taxonomy":"product_tag","embeddable":true,"href":"https:\/\/atividademapa.com\/index.php?rest_route=%2Fwp%2Fv2%2Fproduct_tag&post=6231"}],"curies":[{"name":"wp","href":"https:\/\/api.w.org\/{rel}","templated":true}]}}