{"id":6263,"date":"2025-08-27T20:58:36","date_gmt":"2025-08-27T23:58:36","guid":{"rendered":"https:\/\/atividademapa.com\/?post_type=product&#038;p=6263"},"modified":"2025-08-27T21:06:35","modified_gmt":"2025-08-28T00:06:35","slug":"6263","status":"publish","type":"product","link":"https:\/\/atividademapa.com\/?product=6263","title":{"rendered":"Mapa &#8211; Administra\u00e7\u00e3o Or\u00e7amentaria &#8211; 53\/2025"},"content":{"rendered":"<div class=\"ng-scope\">\n<p>Ol\u00e1, estudante!<\/p>\n<p>Chegou o momento de explorar de forma PR\u00c1TICA os conte\u00fados aprendidos na nossa disciplina. Para realizar a atividade MAPA, voc\u00ea precisa cumprir algumas etapas, a saber:<\/p>\n<p><strong>(1) PRIMEIRA ETAPA: An\u00e1lise do contexto<\/strong><\/p>\n<\/div>\n<p class=\"ng-scope\">A Horizonte Fashion On-line (fict\u00edcia), fundada em 2015, \u00e9 uma varejista de moda que opera exclusivamente on-line, especializada em roupas produzidas de forma sustent\u00e1vel e \u00e9tica. A empresa adquire seus produtos de fornecedores em diversas partes do mundo e os distribui por todo o Brasil. Ap\u00f3s um per\u00edodo de r\u00e1pido crescimento inicial, a Horizonte Fashion On-line enfrenta atualmente um aumento da concorr\u00eancia e a volatilidade nas tend\u00eancias de consumo no setor da moda. Recentemente, a empresa adquiriu uma pequena instala\u00e7\u00e3o de produ\u00e7\u00e3o local com o objetivo de experimentar a cria\u00e7\u00e3o de sua pr\u00f3pria linha de roupas.<\/p>\n<p class=\"ng-scope\">A gest\u00e3o da empresa \u00e9 liderada por Sofia C., a fundadora e CEO, com Bruno A. como Chefe de Opera\u00e7\u00f5es e Clara L. como Diretora de Marketing. A Horizonte Fashion On-line mant\u00e9m um plano estrat\u00e9gico de 3 anos, mas sua opera\u00e7\u00e3o e planejamento s\u00e3o muito \u00e1geis, com ajustes trimestrais para se adaptar aos ciclos r\u00e1pidos da moda.<\/p>\n<p class=\"ng-scope\">Historicamente, o processo or\u00e7ament\u00e1rio da Horizonte Fashion On-line tem sido fortemente impulsionado pelas vendas, com grande foco no desempenho de vendas passadas e nos per\u00edodos promocionais. A previs\u00e3o de vendas \u00e9 o principal motor para a defini\u00e7\u00e3o dos or\u00e7amentos de compra e, mais recentemente, de produ\u00e7\u00e3o. A equipe financeira utiliza planilhas eletr\u00f4nicas para projetar receitas e custos. A empresa depende intensamente de marketing em m\u00eddias sociais e colabora\u00e7\u00f5es com influenciadores, cujos custos s\u00e3o altamente vari\u00e1veis e os retornos, frequentemente incertos. Com a introdu\u00e7\u00e3o da instala\u00e7\u00e3o de produ\u00e7\u00e3o local, a empresa agora lida com novos custos de produ\u00e7\u00e3o (mat\u00e9rias-primas, m\u00e3o de obra direta) que n\u00e3o eram uma parte significativa do seu modelo anterior, que era puramente varejista. O or\u00e7amento atual n\u00e3o integra de forma robusta a variabilidade do marketing digital nem os detalhes operacionais da nova produ\u00e7\u00e3o.<\/p>\n<p><strong>(2) SEGUNDA ETAPA: Realiza\u00e7\u00e3o do MAPA<\/strong><\/p>\n<p class=\"ng-scope\">Com base nas informa\u00e7\u00f5es do livro\u00a0<em>Administra\u00e7\u00e3o Or\u00e7ament\u00e1ria<\/em>\u00a0e no estudo de caso da Horizonte Fashion On-line, responda aos seguintes questionamentos:<\/p>\n<p class=\"ng-scope\">1. A Horizonte Fashion On-line possui um or\u00e7amento predominantemente impulsionado por vendas passadas. Dada a alta variabilidade dos custos de marketing digital e a complexidade rec\u00e9m-adquirida com a produ\u00e7\u00e3o pr\u00f3pria, como a aus\u00eancia de uma maior participa\u00e7\u00e3o direta de respons\u00e1veis de outras \u00e1reas, como Marketing e Produ\u00e7\u00e3o, pode impactar a precis\u00e3o e a utilidade do or\u00e7amento para a tomada de decis\u00f5es da empresa?<\/p>\n<p class=\"ng-scope\">2. O ciclo da moda \u00e9 conhecido por suas r\u00e1pidas mudan\u00e7as, e os gastos com marketing digital da Horizonte Fashion On-line s\u00e3o altamente vol\u00e1teis. O or\u00e7amento atual, que parece ser mais est\u00e1tico e focado no passado, \u00e9 o mais adequado para a empresa? Qual tipo de or\u00e7amento, explorado no livro, se adaptaria melhor a essa realidade de constantes transforma\u00e7\u00f5es e \u00e0 velocidade das mudan\u00e7as, e por qu\u00ea?<\/p>\n<p class=\"ng-scope\">3. Com a recente aquisi\u00e7\u00e3o da instala\u00e7\u00e3o de produ\u00e7\u00e3o local, a Horizonte Fashion On-line agora lida com novos custos de fabrica\u00e7\u00e3o (mat\u00e9rias-primas, m\u00e3o de obra). Quais novas premissas or\u00e7ament\u00e1rias operacionais e econ\u00f4mico-financeiras, espec\u00edficas da produ\u00e7\u00e3o, deveriam ser consideradas e detalhadas para garantir um or\u00e7amento mais robusto e completo para a empresa?<\/p>\n<p><strong>Para responder \u00e0 atividade MAPA deve:<\/strong><\/p>\n<p>a. Acesse o link com um v\u00eddeo tutorial para ajud\u00e1-lo nesse processo de cria\u00e7\u00e3o e desenvolvimento. O acesso dever\u00e1 ser realizado em: Materiais &gt;&gt; Material da Disciplina.<br class=\"ng-scope\" \/>b. Disserte a respeito do tema, seguindo como roteiro os t\u00f3picos elencados anteriormente.\u00a0<br class=\"ng-scope\" \/>c. A entrega deve ser feita exclusivamente por meio do\u00a0<em class=\"ng-scope\">Template\u00a0<\/em>de entrega da atividade MAPA dispon\u00edvel no material da disciplina.<br class=\"ng-scope\" \/>d. Antes de enviar sua atividade, certifique-se de que respondeu a todas as perguntas e realize uma cuidadosa corre\u00e7\u00e3o ortogr\u00e1fica.<br class=\"ng-scope\" \/>e. Ap\u00f3s o envio n\u00e3o s\u00e3o permitas altera\u00e7\u00f5es, ou modifica\u00e7\u00f5es. Logo, voc\u00ea tem apenas uma chance de enviar o arquivo corretamente. Revise bem antes de enviar!<br class=\"ng-scope\" \/>f. Lembre-se de que evid\u00eancias de c\u00f3pias de materiais, incluindo de outros acad\u00eamicos, sem as devidas refer\u00eancias, ser\u00e3o inquestionavelmente zeradas. As cita\u00e7\u00f5es e refer\u00eancias, mesmo que do livro da disciplina, devem ser realizadas conforme normas da Institui\u00e7\u00e3o de Ensino.<br class=\"ng-scope\" \/>g. N\u00e3o s\u00e3o permitidas corre\u00e7\u00f5es parciais no decorrer do m\u00f3dulo, ou seja, o famoso: \u201cprofessor, veja se minha atividade est\u00e1 certa?\u201d. Isso invalida seu processo avaliativo. Lembre-se de que a interpreta\u00e7\u00e3o da atividade tamb\u00e9m faz parte da avalia\u00e7\u00e3o.<br class=\"ng-scope\" \/>h. Procure sanar suas d\u00favidas junto \u00e0 media\u00e7\u00e3o em tempo h\u00e1bil sobre o conte\u00fado exigido na atividade, de modo que consiga realizar sua participa\u00e7\u00e3o.<br class=\"ng-scope\" \/>i. Aten\u00e7\u00e3o ao prazo de entrega, evite envio de atividade em cima do prazo. Voc\u00ea pode ter algum problema com internet, computador, software etc., e os prazos n\u00e3o ser\u00e3o flexibilizados, mesmo em caso de comprova\u00e7\u00e3o.<br class=\"ng-scope\" \/><br class=\"ng-scope\" \/>Bons estudos!<br class=\"ng-scope\" \/><br class=\"ng-scope\" \/>Em caso de d\u00favidas, encaminhar mensagem ao seu Professor Mediador.<\/p>\n","protected":false},"excerpt":{"rendered":"<p>Ol\u00e1, estudante! Chegou o momento de explorar de forma PR\u00c1TICA os conte\u00fados aprendidos na nossa disciplina. Para realizar a atividade<\/p>\n","protected":false},"featured_media":2326,"template":"","meta":{"_monsterinsights_skip_tracking":false,"_monsterinsights_sitenote_active":false,"_monsterinsights_sitenote_note":"","_monsterinsights_sitenote_category":0},"product_brand":[],"product_cat":[22,46],"product_tag":[],"class_list":{"0":"post-6263","1":"product","2":"type-product","3":"status-publish","4":"has-post-thumbnail","6":"product_cat-administracao","7":"product_cat-ciencias-contabeis","9":"first","10":"instock","11":"downloadable","12":"virtual","13":"purchasable","14":"product-type-simple"},"yoast_head":"<!-- This site is optimized with the Yoast SEO plugin v27.4 - https:\/\/yoast.com\/product\/yoast-seo-wordpress\/ -->\n<title>Mapa - Administra\u00e7\u00e3o Or\u00e7amentaria - 53\/2025<\/title>\n<meta name=\"description\" content=\"Atividade Mapa - Administra\u00e7\u00e3o Or\u00e7amentaria - 53\/2025 &#8902; Unicesumar. Baixe agora mesmo um Mapa Pronto resolvido!\" \/>\n<meta name=\"robots\" content=\"index, follow, max-snippet:-1, max-image-preview:large, max-video-preview:-1\" \/>\n<link rel=\"canonical\" href=\"https:\/\/atividademapa.com\/?product=6263\" \/>\n<meta property=\"og:locale\" content=\"pt_BR\" \/>\n<meta property=\"og:type\" content=\"article\" \/>\n<meta property=\"og:title\" content=\"Mapa - Administra\u00e7\u00e3o Or\u00e7amentaria - 53\/2025\" \/>\n<meta property=\"og:description\" content=\"Atividade Mapa - Administra\u00e7\u00e3o Or\u00e7amentaria - 53\/2025 &#8902; Unicesumar. Baixe agora mesmo um Mapa Pronto resolvido!\" \/>\n<meta property=\"og:url\" content=\"https:\/\/atividademapa.com\/?product=6263\" \/>\n<meta property=\"og:site_name\" content=\"Atividade Mapa\" \/>\n<meta property=\"article:modified_time\" content=\"2025-08-28T00:06:35+00:00\" \/>\n<meta property=\"og:image\" content=\"https:\/\/i0.wp.com\/atividademapa.com\/wp-content\/uploads\/2023\/03\/Atividade-M.A.P.A-3.png?fit=300%2C300&ssl=1\" \/>\n\t<meta property=\"og:image:width\" content=\"300\" \/>\n\t<meta property=\"og:image:height\" content=\"300\" \/>\n\t<meta property=\"og:image:type\" content=\"image\/png\" \/>\n<meta name=\"twitter:card\" content=\"summary_large_image\" \/>\n<meta name=\"twitter:label1\" content=\"Est. tempo de leitura\" \/>\n\t<meta name=\"twitter:data1\" content=\"4 minutos\" \/>\n<script type=\"application\/ld+json\" class=\"yoast-schema-graph\">{\"@context\":\"https:\\\/\\\/schema.org\",\"@graph\":[{\"@type\":\"WebPage\",\"@id\":\"https:\\\/\\\/atividademapa.com\\\/?product=6263\",\"url\":\"https:\\\/\\\/atividademapa.com\\\/?product=6263\",\"name\":\"Mapa - Administra\u00e7\u00e3o Or\u00e7amentaria - 53\\\/2025\",\"isPartOf\":{\"@id\":\"https:\\\/\\\/atividademapa.com\\\/#website\"},\"primaryImageOfPage\":{\"@id\":\"https:\\\/\\\/atividademapa.com\\\/?product=6263#primaryimage\"},\"image\":{\"@id\":\"https:\\\/\\\/atividademapa.com\\\/?product=6263#primaryimage\"},\"thumbnailUrl\":\"https:\\\/\\\/i0.wp.com\\\/atividademapa.com\\\/wp-content\\\/uploads\\\/2023\\\/03\\\/Atividade-M.A.P.A-3.png?fit=300%2C300&ssl=1\",\"datePublished\":\"2025-08-27T23:58:36+00:00\",\"dateModified\":\"2025-08-28T00:06:35+00:00\",\"description\":\"Atividade Mapa - Administra\u00e7\u00e3o Or\u00e7amentaria - 53\\\/2025 &#8902; Unicesumar. Baixe agora mesmo um Mapa Pronto resolvido!\",\"breadcrumb\":{\"@id\":\"https:\\\/\\\/atividademapa.com\\\/?product=6263#breadcrumb\"},\"inLanguage\":\"pt-BR\",\"potentialAction\":[{\"@type\":\"ReadAction\",\"target\":[\"https:\\\/\\\/atividademapa.com\\\/?product=6263\"]}]},{\"@type\":\"ImageObject\",\"inLanguage\":\"pt-BR\",\"@id\":\"https:\\\/\\\/atividademapa.com\\\/?product=6263#primaryimage\",\"url\":\"https:\\\/\\\/i0.wp.com\\\/atividademapa.com\\\/wp-content\\\/uploads\\\/2023\\\/03\\\/Atividade-M.A.P.A-3.png?fit=300%2C300&ssl=1\",\"contentUrl\":\"https:\\\/\\\/i0.wp.com\\\/atividademapa.com\\\/wp-content\\\/uploads\\\/2023\\\/03\\\/Atividade-M.A.P.A-3.png?fit=300%2C300&ssl=1\",\"width\":300,\"height\":300,\"caption\":\"Mapa Unicesumar Atividade\"},{\"@type\":\"BreadcrumbList\",\"@id\":\"https:\\\/\\\/atividademapa.com\\\/?product=6263#breadcrumb\",\"itemListElement\":[{\"@type\":\"ListItem\",\"position\":1,\"name\":\"In\u00edcio\",\"item\":\"https:\\\/\\\/atividademapa.com\\\/\"},{\"@type\":\"ListItem\",\"position\":2,\"name\":\"MAPAS\",\"item\":\"https:\\\/\\\/atividademapa.com\\\/?page_id=5\"},{\"@type\":\"ListItem\",\"position\":3,\"name\":\"Mapa &#8211; Administra\u00e7\u00e3o Or\u00e7amentaria &#8211; 53\\\/2025\"}]},{\"@type\":\"WebSite\",\"@id\":\"https:\\\/\\\/atividademapa.com\\\/#website\",\"url\":\"https:\\\/\\\/atividademapa.com\\\/\",\"name\":\"Atividade Mapa\",\"description\":\"StudeO | Unicesumar\",\"publisher\":{\"@id\":\"https:\\\/\\\/atividademapa.com\\\/#organization\"},\"potentialAction\":[{\"@type\":\"SearchAction\",\"target\":{\"@type\":\"EntryPoint\",\"urlTemplate\":\"https:\\\/\\\/atividademapa.com\\\/?s={search_term_string}\"},\"query-input\":{\"@type\":\"PropertyValueSpecification\",\"valueRequired\":true,\"valueName\":\"search_term_string\"}}],\"inLanguage\":\"pt-BR\"},{\"@type\":\"Organization\",\"@id\":\"https:\\\/\\\/atividademapa.com\\\/#organization\",\"name\":\"Atividade MAPA\",\"url\":\"https:\\\/\\\/atividademapa.com\\\/\",\"logo\":{\"@type\":\"ImageObject\",\"inLanguage\":\"pt-BR\",\"@id\":\"https:\\\/\\\/atividademapa.com\\\/#\\\/schema\\\/logo\\\/image\\\/\",\"url\":\"https:\\\/\\\/i0.wp.com\\\/atividademapa.com\\\/wp-content\\\/uploads\\\/2023\\\/02\\\/ATIVIDADE.png?fit=600%2C300&ssl=1\",\"contentUrl\":\"https:\\\/\\\/i0.wp.com\\\/atividademapa.com\\\/wp-content\\\/uploads\\\/2023\\\/02\\\/ATIVIDADE.png?fit=600%2C300&ssl=1\",\"width\":600,\"height\":300,\"caption\":\"Atividade MAPA\"},\"image\":{\"@id\":\"https:\\\/\\\/atividademapa.com\\\/#\\\/schema\\\/logo\\\/image\\\/\"}}]}<\/script>\n<!-- \/ Yoast SEO plugin. -->","yoast_head_json":{"title":"Mapa - Administra\u00e7\u00e3o Or\u00e7amentaria - 53\/2025","description":"Atividade Mapa - Administra\u00e7\u00e3o Or\u00e7amentaria - 53\/2025 &#8902; Unicesumar. Baixe agora mesmo um Mapa Pronto resolvido!","robots":{"index":"index","follow":"follow","max-snippet":"max-snippet:-1","max-image-preview":"max-image-preview:large","max-video-preview":"max-video-preview:-1"},"canonical":"https:\/\/atividademapa.com\/?product=6263","og_locale":"pt_BR","og_type":"article","og_title":"Mapa - Administra\u00e7\u00e3o Or\u00e7amentaria - 53\/2025","og_description":"Atividade Mapa - Administra\u00e7\u00e3o Or\u00e7amentaria - 53\/2025 &#8902; Unicesumar. Baixe agora mesmo um Mapa Pronto resolvido!","og_url":"https:\/\/atividademapa.com\/?product=6263","og_site_name":"Atividade Mapa","article_modified_time":"2025-08-28T00:06:35+00:00","og_image":[{"width":300,"height":300,"url":"https:\/\/i0.wp.com\/atividademapa.com\/wp-content\/uploads\/2023\/03\/Atividade-M.A.P.A-3.png?fit=300%2C300&ssl=1","type":"image\/png"}],"twitter_card":"summary_large_image","twitter_misc":{"Est. tempo de leitura":"4 minutos"},"schema":{"@context":"https:\/\/schema.org","@graph":[{"@type":"WebPage","@id":"https:\/\/atividademapa.com\/?product=6263","url":"https:\/\/atividademapa.com\/?product=6263","name":"Mapa - Administra\u00e7\u00e3o Or\u00e7amentaria - 53\/2025","isPartOf":{"@id":"https:\/\/atividademapa.com\/#website"},"primaryImageOfPage":{"@id":"https:\/\/atividademapa.com\/?product=6263#primaryimage"},"image":{"@id":"https:\/\/atividademapa.com\/?product=6263#primaryimage"},"thumbnailUrl":"https:\/\/i0.wp.com\/atividademapa.com\/wp-content\/uploads\/2023\/03\/Atividade-M.A.P.A-3.png?fit=300%2C300&ssl=1","datePublished":"2025-08-27T23:58:36+00:00","dateModified":"2025-08-28T00:06:35+00:00","description":"Atividade Mapa - Administra\u00e7\u00e3o Or\u00e7amentaria - 53\/2025 &#8902; Unicesumar. Baixe agora mesmo um Mapa Pronto resolvido!","breadcrumb":{"@id":"https:\/\/atividademapa.com\/?product=6263#breadcrumb"},"inLanguage":"pt-BR","potentialAction":[{"@type":"ReadAction","target":["https:\/\/atividademapa.com\/?product=6263"]}]},{"@type":"ImageObject","inLanguage":"pt-BR","@id":"https:\/\/atividademapa.com\/?product=6263#primaryimage","url":"https:\/\/i0.wp.com\/atividademapa.com\/wp-content\/uploads\/2023\/03\/Atividade-M.A.P.A-3.png?fit=300%2C300&ssl=1","contentUrl":"https:\/\/i0.wp.com\/atividademapa.com\/wp-content\/uploads\/2023\/03\/Atividade-M.A.P.A-3.png?fit=300%2C300&ssl=1","width":300,"height":300,"caption":"Mapa Unicesumar Atividade"},{"@type":"BreadcrumbList","@id":"https:\/\/atividademapa.com\/?product=6263#breadcrumb","itemListElement":[{"@type":"ListItem","position":1,"name":"In\u00edcio","item":"https:\/\/atividademapa.com\/"},{"@type":"ListItem","position":2,"name":"MAPAS","item":"https:\/\/atividademapa.com\/?page_id=5"},{"@type":"ListItem","position":3,"name":"Mapa &#8211; Administra\u00e7\u00e3o Or\u00e7amentaria &#8211; 53\/2025"}]},{"@type":"WebSite","@id":"https:\/\/atividademapa.com\/#website","url":"https:\/\/atividademapa.com\/","name":"Atividade Mapa","description":"StudeO | Unicesumar","publisher":{"@id":"https:\/\/atividademapa.com\/#organization"},"potentialAction":[{"@type":"SearchAction","target":{"@type":"EntryPoint","urlTemplate":"https:\/\/atividademapa.com\/?s={search_term_string}"},"query-input":{"@type":"PropertyValueSpecification","valueRequired":true,"valueName":"search_term_string"}}],"inLanguage":"pt-BR"},{"@type":"Organization","@id":"https:\/\/atividademapa.com\/#organization","name":"Atividade MAPA","url":"https:\/\/atividademapa.com\/","logo":{"@type":"ImageObject","inLanguage":"pt-BR","@id":"https:\/\/atividademapa.com\/#\/schema\/logo\/image\/","url":"https:\/\/i0.wp.com\/atividademapa.com\/wp-content\/uploads\/2023\/02\/ATIVIDADE.png?fit=600%2C300&ssl=1","contentUrl":"https:\/\/i0.wp.com\/atividademapa.com\/wp-content\/uploads\/2023\/02\/ATIVIDADE.png?fit=600%2C300&ssl=1","width":600,"height":300,"caption":"Atividade MAPA"},"image":{"@id":"https:\/\/atividademapa.com\/#\/schema\/logo\/image\/"}}]}},"_links":{"self":[{"href":"https:\/\/atividademapa.com\/index.php?rest_route=\/wp\/v2\/product\/6263","targetHints":{"allow":["GET"]}}],"collection":[{"href":"https:\/\/atividademapa.com\/index.php?rest_route=\/wp\/v2\/product"}],"about":[{"href":"https:\/\/atividademapa.com\/index.php?rest_route=\/wp\/v2\/types\/product"}],"version-history":[{"count":2,"href":"https:\/\/atividademapa.com\/index.php?rest_route=\/wp\/v2\/product\/6263\/revisions"}],"predecessor-version":[{"id":6266,"href":"https:\/\/atividademapa.com\/index.php?rest_route=\/wp\/v2\/product\/6263\/revisions\/6266"}],"wp:featuredmedia":[{"embeddable":true,"href":"https:\/\/atividademapa.com\/index.php?rest_route=\/wp\/v2\/media\/2326"}],"wp:attachment":[{"href":"https:\/\/atividademapa.com\/index.php?rest_route=%2Fwp%2Fv2%2Fmedia&parent=6263"}],"wp:term":[{"taxonomy":"product_brand","embeddable":true,"href":"https:\/\/atividademapa.com\/index.php?rest_route=%2Fwp%2Fv2%2Fproduct_brand&post=6263"},{"taxonomy":"product_cat","embeddable":true,"href":"https:\/\/atividademapa.com\/index.php?rest_route=%2Fwp%2Fv2%2Fproduct_cat&post=6263"},{"taxonomy":"product_tag","embeddable":true,"href":"https:\/\/atividademapa.com\/index.php?rest_route=%2Fwp%2Fv2%2Fproduct_tag&post=6263"}],"curies":[{"name":"wp","href":"https:\/\/api.w.org\/{rel}","templated":true}]}}