{"id":6271,"date":"2025-08-27T21:48:45","date_gmt":"2025-08-28T00:48:45","guid":{"rendered":"https:\/\/atividademapa.com\/?post_type=product&#038;p=6271"},"modified":"2025-08-27T21:48:46","modified_gmt":"2025-08-28T00:48:46","slug":"mapa-far-quimica-medicinal-53_2025","status":"publish","type":"product","link":"https:\/\/atividademapa.com\/?product=mapa-far-quimica-medicinal-53_2025","title":{"rendered":"MAPA &#8211; FAR &#8211; QU\u00cdMICA MEDICINAL &#8211; 53_2025"},"content":{"rendered":"<div class=\"panel-heading\">\n<div class=\"panel-title cursor ng-binding\" data-toggle=\"collapse\">Quest\u00e3o 1<\/div>\n<div class=\"panel-controls\">\n<ul>\n<li><\/li>\n<\/ul>\n<\/div>\n<\/div>\n<div class=\"panel-body p-t-20 b-t b-grey\">\n<div class=\"enunciado ng-binding\">\n<div class=\"ng-scope\"><strong>MAPA DE QU\u00cdMICA MEDICINAL<\/strong><\/div>\n<p class=\"ng-scope\">CARO(A) ESTUDANTE, seja bem-vindo(a) ao MAPA (Material de Avalia\u00e7\u00e3o Pr\u00e1tica de Aprendizagem) da disciplina de Qu\u00edmica Medicinal.<\/p>\n<p class=\"ng-scope\"><strong>Instru\u00e7\u00f5es iniciais:<\/strong><br \/>\n1. Leia o enunciado com aten\u00e7\u00e3o, verificando o que est\u00e1 sendo pedido na quest\u00e3o.<br \/>\n2. \u00c9\u00a0<u>obrigat\u00f3rio<\/u>\u00a0utilizar o Modelo Padr\u00e3o da Atividade MAPA para realizar esta atividade. Ele se encontra em &#8220;Material da Disciplina&#8221;. Siga todas as instru\u00e7\u00f5es constantes nesse modelo.<br \/>\n3. Assista ao V\u00eddeo de Orienta\u00e7\u00e3o da Atividade MAPA, que estar\u00e1 em\u00a0<u>Arquivo \u2013 Material da Disciplina e na Sala do Caf\u00e9.<\/u><\/p>\n<p><strong>CONTEXTUALIZA\u00c7\u00c3O<\/strong><br \/>\nAo longo desta disciplina, estamos compreendendo como as caracter\u00edsticas qu\u00edmicas de uma mol\u00e9cula influenciam diretamente sua a\u00e7\u00e3o no organismo. Agora, vamos integrar esse conhecimento e aplic\u00e1-lo na an\u00e1lise dos fatores estruturais que determinam a efic\u00e1cia, a seletividade e a seguran\u00e7a de um f\u00e1rmaco.<br \/>\nNesta atividade, voc\u00ea ser\u00e1 desafiado(a) a pensar como um(a) profissional que atua na interface entre a qu\u00edmica e a farmacologia, analisando por que algumas mol\u00e9culas se ligam fortemente ao seu alvo biol\u00f3gico, enquanto outras falham e como pequenas mudan\u00e7as estruturais podem transformar um composto inativo em um medicamento eficaz \u2014 ou vice-versa. As perguntas a seguir ir\u00e3o gui\u00e1-lo(a) por uma investiga\u00e7\u00e3o sobre\u00a0<strong>intera\u00e7\u00f5es f\u00e1rmaco-receptor<\/strong>,\u00a0<strong>estereoqu\u00edmica<\/strong>,\u00a0<strong>modifica\u00e7\u00f5es estruturais<\/strong>\u00a0e os princ\u00edpios fundamentais da\u00a0<strong>Rela\u00e7\u00e3o Estrutura-Atividade (REA)<\/strong>. Sua miss\u00e3o ser\u00e1 refletir, analisar e aplicar os conceitos para construir respostas fundamentadas, que demonstrem n\u00e3o apenas dom\u00ednio te\u00f3rico, mas tamb\u00e9m a capacidade de racioc\u00ednio cr\u00edtico e cient\u00edfico.<\/p>\n<p class=\"ng-scope\"><strong>Fonte:<\/strong>\u00a0SANTOS, R. A. M. dos.\u00a0<strong>Qu\u00edmica Medicinal<\/strong>. Indaial, SC: Arqu\u00e9, 2023.<\/p>\n<p class=\"ng-scope\"><strong><u>Material complementar para pesquisa<\/u><\/strong><br \/>\nFerreira, E. I.; Barreiro, E. J.; Giarolla, J.; et al. Fundamentos de qu\u00edmica farmac\u00eautica medicinal. Barueri: Manole, 2022. E-book.\u00a0\u00a0\u00a0\u00a0\u00a0\u00a0 (Dispon\u00edvel na \u201cMinha Biblioteca\u201d \u2013 Studeo &gt; Menu &gt; Bibliotecas &gt; Minha Biblioteca).<br \/>\nSilva, P. C; Perassolo, M. S., Suyenaga, E. S. Revista Eletr\u00f4nica de Farm\u00e1cia Vol 7(2), 14 &#8211; 33, 2010. Dispon\u00edvel em: https:\/\/revistas.ufg.br\/REF\/article\/view\/11857. Acesso em: 08 jun. 2025. (Dispon\u00edvel em Arquivo &#8211; Material da Disciplina).<\/p>\n<p><strong>DESENVOLVENDO O TRABALHO<\/strong><\/p>\n<p class=\"ng-scope\">Para realizar esta atividade MAPA, voc\u00ea dever\u00e1 utilizar os conhecimentos adquiridos na disciplina e seus estudos complementares sobre os mecanismos de a\u00e7\u00e3o dos f\u00e1rmacos e REA. Responda \u00e0s quest\u00f5es abaixo de forma clara e fundamentada.<\/p>\n<p class=\"ng-scope\">1. Descreva quatro tipos de intera\u00e7\u00f5es intermoleculares que ocorrem entre f\u00e1rmacos e seus receptores. Para cada tipo de intera\u00e7\u00e3o, fa\u00e7a uma ilustra\u00e7\u00e3o \u00e0 m\u00e3o representando como ela ocorre entre o f\u00e1rmaco e o receptor.<br \/>\n<strong>Aten\u00e7\u00e3o:\u00a0<\/strong>As imagens devem ser desenhadas por voc\u00ea, \u00e0 m\u00e3o, fotografadas e inseridas no modelo da atividade. N\u00e3o utilize imagens da internet ou feitas em programas de computador.<\/p>\n<p>2. Explique a import\u00e2ncia da estereoqu\u00edmica na a\u00e7\u00e3o dos f\u00e1rmacos. Inclua em sua resposta as defini\u00e7\u00f5es de eut\u00f4mero e dist\u00f4mero e justifique por que esses enanti\u00f4meros podem apresentar diferen\u00e7as de atividade biol\u00f3gica. Cite um exemplo de f\u00e1rmaco em que os enanti\u00f4meros apresentam efeitos diferentes.<\/p>\n<p>3. Qual o objetivo dos estudos de Rela\u00e7\u00e3o Estrutura-Atividade (REA) no processo de descoberta e desenvolvimento de f\u00e1rmacos?<\/p>\n<p>4. Durante a disciplina, discutimos como modifica\u00e7\u00f5es na estrutura qu\u00edmica de um f\u00e1rmaco podem afetar sua atividade. Escolha duas modifica\u00e7\u00f5es estruturais gerais (por exemplo: altera\u00e7\u00e3o de tamanho\/forma, troca de grupos funcionais, bioisosterismo) e explique como cada uma pode influenciar propriedades farmacol\u00f3gicas relevantes.<\/p>\n<p>5. Os anti-inflamat\u00f3rios n\u00e3o esteroidais (AINEs) compreendem uma ampla fam\u00edlia de f\u00e1rmacos, estruturalmente distintos, providos de a\u00e7\u00e3o analg\u00e9sica, antipir\u00e9tica e anti-inflamat\u00f3ria. Os AINEs exercem seu mecanismo de a\u00e7\u00e3o por meio da inibi\u00e7\u00e3o da enzima prostaglandina endoper\u00f3xido sintase ou prostaglandina H\/G sintase, comumente conhecida como ciclooxigenase.<\/p>\n<p class=\"ng-scope\">FERREIRA, E. I. et al. Fundamentos de qu\u00edmica farmac\u00eautica medicinal. Barueri: Manole, 2022.<\/p>\n<p class=\"ng-scope\">Considerando o exposto acima:<br \/>\na) Explique qual \u00e9 o papel das prostaglandinas no organismo e como ocorre sua s\u00edntese.<br \/>\nb) Defina o papel das isoformas COX-1 e COX-2 e explique por que essa diferen\u00e7a \u00e9 importante para a a\u00e7\u00e3o dos AINEs.<br \/>\nc) Analise as estruturas dos compostos da classe dos coxibes (rofecoxibe, celecoxibe e parecoxibe) mostradas na Figura 1 abaixo. Indique quais caracter\u00edsticas qu\u00edmicas est\u00e3o associadas \u00e0 seletividade por COX-2, justificando sua resposta com base nas diferen\u00e7as estruturais da enzima.<br \/>\n<img data-recalc-dims=\"1\" decoding=\"async\" src=\"https:\/\/i0.wp.com\/sistemasead.unicesumar.edu.br\/flex\/amfphp\/services\/Portal\/ImagemQuestionario2\/QUE_269906_662985_1.png?ssl=1\" alt=\"\" \/><br \/>\nFigura 1 \u2013 Estruturas qu\u00edmicas dos coxibes (Rofecoxibe, celecoxibe e parecoxibe).<br \/>\nFonte: Dos Santos (2023)<\/p>\n<p><strong>Refer\u00eancias bibliogr\u00e1ficas:\u00a0<\/strong><br \/>\nInsira as refer\u00eancias bibliogr\u00e1ficas de todos os materiais utilizados na pesquisa, incluindo os indicados no MAPA, no formato ABNT.<\/p>\n<p class=\"ng-scope\">\n<strong>Sobre o arquivo a ser enviado:<\/strong><br \/>\n\u2192 O arquivo deve ser enviado \u00fanica e exclusivamente pelo seu Studeo, no espa\u00e7o espec\u00edfico para envio na atividade &#8220;MAPA&#8221; desta disciplina. Toda e qualquer outra forma de entrega desta atividade n\u00e3o \u00e9 considerada.<br \/>\n<strong>\u2192 SOMENTE UM ARQUIVO PODE SER ANEXADO NO STUDEO.<\/strong><br \/>\n\u2192 Coloque um nome simples no seu arquivo. Se o nome tiver caracteres estranhos (principalmente, pontos) ou for muito grande, a equipe de corre\u00e7\u00e3o pode n\u00e3o conseguir abrir o seu trabalho, e ele pode ser zerado.<br \/>\n\u2192 Sugerimos que envie o arquivo em PDF para evitar incompatibilidades e arquivos corrompidos, principalmente se voc\u00ea utiliza MAC ou OpenOffice.<br \/>\n\u2192\u00a0<strong>Verifique se voc\u00ea est\u00e1 enviando o arquivo correto!<\/strong>\u00a0Identifique o arquivo com o seu primeiro e \u00faltimo nome e a disciplina para evitar que voc\u00ea troque o arquivo na hora de anexar. Ex.: MAPA_QuimicaMedicinal_JoseLemos.pdf<br \/>\n\u2192 Antes de clicar em FINALIZAR, certifique-se de que est\u00e1 tudo certo, pois, uma vez finalizado, voc\u00ea n\u00e3o poder\u00e1 mais modificar o arquivo. Sugerimos que voc\u00ea clique no link gerado da sua atividade e fa\u00e7a o download para conferir.<br \/>\n\u2192 Salve o comprovante de envio da atividade, clicando em Imprimir, acima do cabe\u00e7alho da atividade.<\/p>\n<p><strong>BOM TRABALHO!!!<\/strong><\/p>\n<\/div>\n<\/div>\n","protected":false},"excerpt":{"rendered":"<p>Quest\u00e3o 1 MAPA DE QU\u00cdMICA MEDICINAL CARO(A) ESTUDANTE, seja bem-vindo(a) ao MAPA (Material de Avalia\u00e7\u00e3o Pr\u00e1tica de Aprendizagem) da disciplina<\/p>\n","protected":false},"featured_media":2326,"template":"","meta":{"_monsterinsights_skip_tracking":false,"_monsterinsights_sitenote_active":false,"_monsterinsights_sitenote_note":"","_monsterinsights_sitenote_category":0},"product_brand":[],"product_cat":[58,35,31],"product_tag":[],"class_list":{"0":"post-6271","1":"product","2":"type-product","3":"status-publish","4":"has-post-thumbnail","6":"product_cat-biomedicina","7":"product_cat-enfermagem","8":"product_cat-farmacia","10":"first","11":"instock","12":"downloadable","13":"virtual","14":"purchasable","15":"product-type-simple"},"yoast_head":"<!-- This site is optimized with the Yoast SEO plugin v27.4 - https:\/\/yoast.com\/product\/yoast-seo-wordpress\/ -->\n<title>MAPA - FAR - QU\u00cdMICA MEDICINAL - 53_2025<\/title>\n<meta name=\"description\" content=\"Atividade MAPA - FAR - QU\u00cdMICA MEDICINAL - 53_2025 &#8902; Unicesumar. Baixe agora mesmo um Mapa Pronto resolvido!\" \/>\n<meta name=\"robots\" content=\"index, follow, max-snippet:-1, max-image-preview:large, max-video-preview:-1\" \/>\n<link rel=\"canonical\" href=\"https:\/\/atividademapa.com\/?product=mapa-far-quimica-medicinal-53_2025\" \/>\n<meta property=\"og:locale\" content=\"pt_BR\" \/>\n<meta property=\"og:type\" content=\"article\" \/>\n<meta property=\"og:title\" content=\"MAPA - FAR - QU\u00cdMICA MEDICINAL - 53_2025\" \/>\n<meta property=\"og:description\" content=\"Atividade MAPA - FAR - QU\u00cdMICA MEDICINAL - 53_2025 &#8902; Unicesumar. Baixe agora mesmo um Mapa Pronto resolvido!\" \/>\n<meta property=\"og:url\" content=\"https:\/\/atividademapa.com\/?product=mapa-far-quimica-medicinal-53_2025\" \/>\n<meta property=\"og:site_name\" content=\"Atividade Mapa\" \/>\n<meta property=\"article:modified_time\" content=\"2025-08-28T00:48:46+00:00\" \/>\n<meta property=\"og:image\" content=\"https:\/\/i0.wp.com\/atividademapa.com\/wp-content\/uploads\/2023\/03\/Atividade-M.A.P.A-3.png?fit=300%2C300&ssl=1\" \/>\n\t<meta property=\"og:image:width\" content=\"300\" \/>\n\t<meta property=\"og:image:height\" content=\"300\" \/>\n\t<meta property=\"og:image:type\" content=\"image\/png\" \/>\n<meta name=\"twitter:card\" content=\"summary_large_image\" \/>\n<meta name=\"twitter:label1\" content=\"Est. tempo de leitura\" \/>\n\t<meta name=\"twitter:data1\" content=\"5 minutos\" \/>\n<script type=\"application\/ld+json\" class=\"yoast-schema-graph\">{\"@context\":\"https:\\\/\\\/schema.org\",\"@graph\":[{\"@type\":\"WebPage\",\"@id\":\"https:\\\/\\\/atividademapa.com\\\/?product=mapa-far-quimica-medicinal-53_2025\",\"url\":\"https:\\\/\\\/atividademapa.com\\\/?product=mapa-far-quimica-medicinal-53_2025\",\"name\":\"MAPA - FAR - QU\u00cdMICA MEDICINAL - 53_2025\",\"isPartOf\":{\"@id\":\"https:\\\/\\\/atividademapa.com\\\/#website\"},\"primaryImageOfPage\":{\"@id\":\"https:\\\/\\\/atividademapa.com\\\/?product=mapa-far-quimica-medicinal-53_2025#primaryimage\"},\"image\":{\"@id\":\"https:\\\/\\\/atividademapa.com\\\/?product=mapa-far-quimica-medicinal-53_2025#primaryimage\"},\"thumbnailUrl\":\"https:\\\/\\\/i0.wp.com\\\/atividademapa.com\\\/wp-content\\\/uploads\\\/2023\\\/03\\\/Atividade-M.A.P.A-3.png?fit=300%2C300&ssl=1\",\"datePublished\":\"2025-08-28T00:48:45+00:00\",\"dateModified\":\"2025-08-28T00:48:46+00:00\",\"description\":\"Atividade MAPA - FAR - QU\u00cdMICA MEDICINAL - 53_2025 &#8902; Unicesumar. Baixe agora mesmo um Mapa Pronto resolvido!\",\"breadcrumb\":{\"@id\":\"https:\\\/\\\/atividademapa.com\\\/?product=mapa-far-quimica-medicinal-53_2025#breadcrumb\"},\"inLanguage\":\"pt-BR\",\"potentialAction\":[{\"@type\":\"ReadAction\",\"target\":[\"https:\\\/\\\/atividademapa.com\\\/?product=mapa-far-quimica-medicinal-53_2025\"]}]},{\"@type\":\"ImageObject\",\"inLanguage\":\"pt-BR\",\"@id\":\"https:\\\/\\\/atividademapa.com\\\/?product=mapa-far-quimica-medicinal-53_2025#primaryimage\",\"url\":\"https:\\\/\\\/i0.wp.com\\\/atividademapa.com\\\/wp-content\\\/uploads\\\/2023\\\/03\\\/Atividade-M.A.P.A-3.png?fit=300%2C300&ssl=1\",\"contentUrl\":\"https:\\\/\\\/i0.wp.com\\\/atividademapa.com\\\/wp-content\\\/uploads\\\/2023\\\/03\\\/Atividade-M.A.P.A-3.png?fit=300%2C300&ssl=1\",\"width\":300,\"height\":300,\"caption\":\"Mapa Unicesumar Atividade\"},{\"@type\":\"BreadcrumbList\",\"@id\":\"https:\\\/\\\/atividademapa.com\\\/?product=mapa-far-quimica-medicinal-53_2025#breadcrumb\",\"itemListElement\":[{\"@type\":\"ListItem\",\"position\":1,\"name\":\"In\u00edcio\",\"item\":\"https:\\\/\\\/atividademapa.com\\\/\"},{\"@type\":\"ListItem\",\"position\":2,\"name\":\"MAPAS\",\"item\":\"https:\\\/\\\/atividademapa.com\\\/?page_id=5\"},{\"@type\":\"ListItem\",\"position\":3,\"name\":\"MAPA &#8211; FAR &#8211; QU\u00cdMICA MEDICINAL &#8211; 53_2025\"}]},{\"@type\":\"WebSite\",\"@id\":\"https:\\\/\\\/atividademapa.com\\\/#website\",\"url\":\"https:\\\/\\\/atividademapa.com\\\/\",\"name\":\"Atividade Mapa\",\"description\":\"StudeO | Unicesumar\",\"publisher\":{\"@id\":\"https:\\\/\\\/atividademapa.com\\\/#organization\"},\"potentialAction\":[{\"@type\":\"SearchAction\",\"target\":{\"@type\":\"EntryPoint\",\"urlTemplate\":\"https:\\\/\\\/atividademapa.com\\\/?s={search_term_string}\"},\"query-input\":{\"@type\":\"PropertyValueSpecification\",\"valueRequired\":true,\"valueName\":\"search_term_string\"}}],\"inLanguage\":\"pt-BR\"},{\"@type\":\"Organization\",\"@id\":\"https:\\\/\\\/atividademapa.com\\\/#organization\",\"name\":\"Atividade MAPA\",\"url\":\"https:\\\/\\\/atividademapa.com\\\/\",\"logo\":{\"@type\":\"ImageObject\",\"inLanguage\":\"pt-BR\",\"@id\":\"https:\\\/\\\/atividademapa.com\\\/#\\\/schema\\\/logo\\\/image\\\/\",\"url\":\"https:\\\/\\\/i0.wp.com\\\/atividademapa.com\\\/wp-content\\\/uploads\\\/2023\\\/02\\\/ATIVIDADE.png?fit=600%2C300&ssl=1\",\"contentUrl\":\"https:\\\/\\\/i0.wp.com\\\/atividademapa.com\\\/wp-content\\\/uploads\\\/2023\\\/02\\\/ATIVIDADE.png?fit=600%2C300&ssl=1\",\"width\":600,\"height\":300,\"caption\":\"Atividade MAPA\"},\"image\":{\"@id\":\"https:\\\/\\\/atividademapa.com\\\/#\\\/schema\\\/logo\\\/image\\\/\"}}]}<\/script>\n<!-- \/ Yoast SEO plugin. -->","yoast_head_json":{"title":"MAPA - FAR - QU\u00cdMICA MEDICINAL - 53_2025","description":"Atividade MAPA - FAR - QU\u00cdMICA MEDICINAL - 53_2025 &#8902; Unicesumar. Baixe agora mesmo um Mapa Pronto resolvido!","robots":{"index":"index","follow":"follow","max-snippet":"max-snippet:-1","max-image-preview":"max-image-preview:large","max-video-preview":"max-video-preview:-1"},"canonical":"https:\/\/atividademapa.com\/?product=mapa-far-quimica-medicinal-53_2025","og_locale":"pt_BR","og_type":"article","og_title":"MAPA - FAR - QU\u00cdMICA MEDICINAL - 53_2025","og_description":"Atividade MAPA - FAR - QU\u00cdMICA MEDICINAL - 53_2025 &#8902; Unicesumar. Baixe agora mesmo um Mapa Pronto resolvido!","og_url":"https:\/\/atividademapa.com\/?product=mapa-far-quimica-medicinal-53_2025","og_site_name":"Atividade Mapa","article_modified_time":"2025-08-28T00:48:46+00:00","og_image":[{"width":300,"height":300,"url":"https:\/\/i0.wp.com\/atividademapa.com\/wp-content\/uploads\/2023\/03\/Atividade-M.A.P.A-3.png?fit=300%2C300&ssl=1","type":"image\/png"}],"twitter_card":"summary_large_image","twitter_misc":{"Est. tempo de leitura":"5 minutos"},"schema":{"@context":"https:\/\/schema.org","@graph":[{"@type":"WebPage","@id":"https:\/\/atividademapa.com\/?product=mapa-far-quimica-medicinal-53_2025","url":"https:\/\/atividademapa.com\/?product=mapa-far-quimica-medicinal-53_2025","name":"MAPA - FAR - QU\u00cdMICA MEDICINAL - 53_2025","isPartOf":{"@id":"https:\/\/atividademapa.com\/#website"},"primaryImageOfPage":{"@id":"https:\/\/atividademapa.com\/?product=mapa-far-quimica-medicinal-53_2025#primaryimage"},"image":{"@id":"https:\/\/atividademapa.com\/?product=mapa-far-quimica-medicinal-53_2025#primaryimage"},"thumbnailUrl":"https:\/\/i0.wp.com\/atividademapa.com\/wp-content\/uploads\/2023\/03\/Atividade-M.A.P.A-3.png?fit=300%2C300&ssl=1","datePublished":"2025-08-28T00:48:45+00:00","dateModified":"2025-08-28T00:48:46+00:00","description":"Atividade MAPA - FAR - QU\u00cdMICA MEDICINAL - 53_2025 &#8902; Unicesumar. Baixe agora mesmo um Mapa Pronto resolvido!","breadcrumb":{"@id":"https:\/\/atividademapa.com\/?product=mapa-far-quimica-medicinal-53_2025#breadcrumb"},"inLanguage":"pt-BR","potentialAction":[{"@type":"ReadAction","target":["https:\/\/atividademapa.com\/?product=mapa-far-quimica-medicinal-53_2025"]}]},{"@type":"ImageObject","inLanguage":"pt-BR","@id":"https:\/\/atividademapa.com\/?product=mapa-far-quimica-medicinal-53_2025#primaryimage","url":"https:\/\/i0.wp.com\/atividademapa.com\/wp-content\/uploads\/2023\/03\/Atividade-M.A.P.A-3.png?fit=300%2C300&ssl=1","contentUrl":"https:\/\/i0.wp.com\/atividademapa.com\/wp-content\/uploads\/2023\/03\/Atividade-M.A.P.A-3.png?fit=300%2C300&ssl=1","width":300,"height":300,"caption":"Mapa Unicesumar Atividade"},{"@type":"BreadcrumbList","@id":"https:\/\/atividademapa.com\/?product=mapa-far-quimica-medicinal-53_2025#breadcrumb","itemListElement":[{"@type":"ListItem","position":1,"name":"In\u00edcio","item":"https:\/\/atividademapa.com\/"},{"@type":"ListItem","position":2,"name":"MAPAS","item":"https:\/\/atividademapa.com\/?page_id=5"},{"@type":"ListItem","position":3,"name":"MAPA &#8211; FAR &#8211; QU\u00cdMICA MEDICINAL &#8211; 53_2025"}]},{"@type":"WebSite","@id":"https:\/\/atividademapa.com\/#website","url":"https:\/\/atividademapa.com\/","name":"Atividade Mapa","description":"StudeO | Unicesumar","publisher":{"@id":"https:\/\/atividademapa.com\/#organization"},"potentialAction":[{"@type":"SearchAction","target":{"@type":"EntryPoint","urlTemplate":"https:\/\/atividademapa.com\/?s={search_term_string}"},"query-input":{"@type":"PropertyValueSpecification","valueRequired":true,"valueName":"search_term_string"}}],"inLanguage":"pt-BR"},{"@type":"Organization","@id":"https:\/\/atividademapa.com\/#organization","name":"Atividade MAPA","url":"https:\/\/atividademapa.com\/","logo":{"@type":"ImageObject","inLanguage":"pt-BR","@id":"https:\/\/atividademapa.com\/#\/schema\/logo\/image\/","url":"https:\/\/i0.wp.com\/atividademapa.com\/wp-content\/uploads\/2023\/02\/ATIVIDADE.png?fit=600%2C300&ssl=1","contentUrl":"https:\/\/i0.wp.com\/atividademapa.com\/wp-content\/uploads\/2023\/02\/ATIVIDADE.png?fit=600%2C300&ssl=1","width":600,"height":300,"caption":"Atividade MAPA"},"image":{"@id":"https:\/\/atividademapa.com\/#\/schema\/logo\/image\/"}}]}},"_links":{"self":[{"href":"https:\/\/atividademapa.com\/index.php?rest_route=\/wp\/v2\/product\/6271","targetHints":{"allow":["GET"]}}],"collection":[{"href":"https:\/\/atividademapa.com\/index.php?rest_route=\/wp\/v2\/product"}],"about":[{"href":"https:\/\/atividademapa.com\/index.php?rest_route=\/wp\/v2\/types\/product"}],"version-history":[{"count":1,"href":"https:\/\/atividademapa.com\/index.php?rest_route=\/wp\/v2\/product\/6271\/revisions"}],"predecessor-version":[{"id":6273,"href":"https:\/\/atividademapa.com\/index.php?rest_route=\/wp\/v2\/product\/6271\/revisions\/6273"}],"wp:featuredmedia":[{"embeddable":true,"href":"https:\/\/atividademapa.com\/index.php?rest_route=\/wp\/v2\/media\/2326"}],"wp:attachment":[{"href":"https:\/\/atividademapa.com\/index.php?rest_route=%2Fwp%2Fv2%2Fmedia&parent=6271"}],"wp:term":[{"taxonomy":"product_brand","embeddable":true,"href":"https:\/\/atividademapa.com\/index.php?rest_route=%2Fwp%2Fv2%2Fproduct_brand&post=6271"},{"taxonomy":"product_cat","embeddable":true,"href":"https:\/\/atividademapa.com\/index.php?rest_route=%2Fwp%2Fv2%2Fproduct_cat&post=6271"},{"taxonomy":"product_tag","embeddable":true,"href":"https:\/\/atividademapa.com\/index.php?rest_route=%2Fwp%2Fv2%2Fproduct_tag&post=6271"}],"curies":[{"name":"wp","href":"https:\/\/api.w.org\/{rel}","templated":true}]}}