{"id":6276,"date":"2025-08-31T07:44:55","date_gmt":"2025-08-31T10:44:55","guid":{"rendered":"https:\/\/atividademapa.com\/?post_type=product&#038;p=6276"},"modified":"2025-08-31T07:44:57","modified_gmt":"2025-08-31T10:44:57","slug":"mapa-logistica-internacional-53-2025","status":"publish","type":"product","link":"https:\/\/atividademapa.com\/?product=mapa-logistica-internacional-53-2025","title":{"rendered":"MAPA &#8211; Logistica Internacional &#8211;\u00a053\/2025"},"content":{"rendered":"<p>Micro e pequenas empresas tamb\u00e9m podem exportar seus produtos<\/p>\n<p>Vender a produ\u00e7\u00e3o no exterior possibilita que pequenos neg\u00f3cios tenham lucro mesmo em cen\u00e1rios de incerteza econ\u00f4mica no mercado interno. Entenda como exportar na mat\u00e9ria a seguir:<\/p>\n<p>Fonte: https:\/\/sebrae.com.br\/sites\/PortalSebrae\/artigos\/micro-e-pequenas-empresas-tambem-podem-exportar-seus-produtos,b6f22c41cadde45f1809VCM100000b90d03aRCRD<br \/>\n. Acesso em: 15 jul. 2025.<\/p>\n<p>O Com\u00e9rcio Exterior est\u00e1 presente em diversas empresas, de distintos tamanhos, desde a pequena, m\u00e9dia, grande ou at\u00e9 gigantes do mercado como as Multinacionais. O que difere uma opera\u00e7\u00e3o de sucesso \u00e9 uma vis\u00e3o de mercado, a constru\u00e7\u00e3o do relacionamento com o cliente, a compreens\u00e3o de barreiras e exig\u00eancias de mercado, planejamento, a adequa\u00e7\u00e3o do produto ao mercado externo, o conhecimento atrav\u00e9s de contato direto, feiras e outros meios para entender a necessidade, a geografia, a cultura, e demais formas para se atingir o mercado alvo. Em todo esse caminho \u00e9 importante ter um profissional atualizado em tudo o que concerne a procedimentos de mercado, inclusive muito atento aos pormenores de uma negocia\u00e7\u00e3o internacional refletida atrav\u00e9s dos INCOTERMS, contratos e documenta\u00e7\u00f5es s\u00e3o primordiais. Mas n\u00e3o \u00e9 preciso seguir esse caminho sozinho. No Brasil temos algumas entidades e incentivos, os quais as micro<\/p>\n<p>e pequenas empresas se apoiar para tornar a exporta\u00e7\u00e3o uma realidade, simples, transparente e eficiente.<\/p>\n<p>Convido voc\u00ea a assistir este v\u00eddeo e ficar por dentro dos v\u00e1rios programas, os quais poder\u00e3o fazer parte:<\/p>\n<p>Acesse o link: https:\/\/www.youtube.com\/watch?v=ep0Q0ONQyqMO<br \/>\n.<\/p>\n<p>Ap\u00f3s assistir ao v\u00eddeo, gostaria que refletisse sobre o planejamento necess\u00e1rio que uma empresa precisa ter para atrair e realizar vendas internacionais.<\/p>\n<p>Chegou o momento mais esperado em sua atividade MAPA, aquele em que voc\u00ea colocar\u00e1 a m\u00e3o na massa e partir\u00e1 para a A\u00e7\u00e3o. Nesta atividade MAPA, voc\u00ea ser\u00e1 convidado a ter uma experi\u00eancia de uma situa\u00e7\u00e3o profissional para desenvolver suas habilidades sobre log\u00edstica internacional. Sendo assim, vamos contextualizar que a sua empresa ir\u00e1 participar de uma RODADA DE NEG\u00d3CIOS atrav\u00e9s da Apex. Voc\u00ea ter\u00e1 que assumir o papel de um futuro profissional do com\u00e9rcio exterior. Para atingir o seu objetivo nessa atividade, voc\u00ea ter\u00e1 algumas a\u00e7\u00f5es, vamos para cada uma delas:<\/p>\n<p>A\u00e7\u00e3o 1 \u2013 Defini\u00e7\u00e3o da Empresa e do Cen\u00e1rio de Exporta\u00e7\u00e3o<br \/>\nCrie um cen\u00e1rio real de uma empresa fict\u00edcia exportadora.<br \/>\nResponda:<br \/>\nQual o nome da sua empresa?<br \/>\nQual \u00e9 a atividade da empresa?<br \/>\nQual \u00e9 o produto\/servi\u00e7o essa empresa ir\u00e1 exportar?<br \/>\nQual o pa\u00eds escolhido para exportar e por que esse pa\u00eds foi eleito?<\/p>\n<p>Justifique a escolha com informa\u00e7\u00f5es relevantes sobre o pa\u00eds (mercado consumidor, localiza\u00e7\u00e3o, acordos comerciais, demanda pelo produto, competitividade etc.). Exemplo: \u201cEscolhi a Col\u00f4mbia devido \u00e0 alta demanda por produtos org\u00e2nicos e pela proximidade log\u00edstica com o Brasil\u201d.<\/p>\n<p>A\u00e7\u00e3o 2 \u2013 An\u00e1lise de Mercado e Adapta\u00e7\u00f5es Necess\u00e1rias<br \/>\nListe os aspectos que precisam ser considerados para vender esse produto no mercado externo:<br \/>\nQual a capacidade produtiva dispon\u00edvel para atender esse novo mercado?<br \/>\nHouve necessidade de adaptar o produto para exporta\u00e7\u00e3o? Se sim, quais adapta\u00e7\u00f5es e por qu\u00ea?<br \/>\nExistem barreiras comerciais, sanit\u00e1rias ou t\u00e9cnicas para a entrada do produto no pa\u00eds de destino? Fa\u00e7a uma breve pesquisa e apresente as informa\u00e7\u00f5es.<\/p>\n<p>A\u00e7\u00e3o 3 \u2013 Planejamento da Opera\u00e7\u00e3o de Exporta\u00e7\u00e3o<br \/>\nOrganize e apresente, em formato de t\u00f3picos, as etapas necess\u00e1rias para realizar essa exporta\u00e7\u00e3o, desde o planejamento at\u00e9 o embarque:<br \/>\nExemplos:<br \/>\nFoi necess\u00e1ria adequa\u00e7\u00e3o documental e fiscal?<br \/>\nA negocia\u00e7\u00e3o com importador foi atrav\u00e9s da Rodada de Neg\u00f3cios ou ampliou para feira ou visita internacional?<br \/>\nComo foi feita a contrata\u00e7\u00e3o de transporte e seguros?<br \/>\nQual o modal ser\u00e1 feito o envio da mercadoria?<br \/>\nAdapte os t\u00f3picos conforme o cen\u00e1rio que voc\u00ea criou, voc\u00ea pode fazer pesquisas sobre os assuntos na internet e em livros;<\/p>\n<p>A\u00e7\u00e3o 4: Pesquisa e Aplica\u00e7\u00e3o de Incoterms<br \/>\nPesquise e liste tr\u00eas Incoterms mais utilizados no com\u00e9rcio internacional atualmente e fa\u00e7a uma breve explica\u00e7\u00e3o. Depois, escolha um Incoterm diferente desses tr\u00eas para a sua opera\u00e7\u00e3o de exporta\u00e7\u00e3o. Explicar: Por que essa escolha \u00e9 a mais adequada para o seu cen\u00e1rio? Como esse Incoterm afeta o fluxo log\u00edstico da opera\u00e7\u00e3o? Quais as implica\u00e7\u00f5es desde o ponto de vista de pre\u00e7os (forma\u00e7\u00e3o, seguro, desembara\u00e7o aduaneiro\u00a0etc.)?<\/p>\n","protected":false},"excerpt":{"rendered":"<p>Micro e pequenas empresas tamb\u00e9m podem exportar seus produtos Vender a produ\u00e7\u00e3o no exterior possibilita que pequenos neg\u00f3cios tenham lucro<\/p>\n","protected":false},"featured_media":2326,"template":"","meta":{"_monsterinsights_skip_tracking":false,"_monsterinsights_sitenote_active":false,"_monsterinsights_sitenote_note":"","_monsterinsights_sitenote_category":0},"product_brand":[],"product_cat":[65],"product_tag":[],"class_list":{"0":"post-6276","1":"product","2":"type-product","3":"status-publish","4":"has-post-thumbnail","6":"product_cat-comercio-exterior","8":"first","9":"instock","10":"downloadable","11":"virtual","12":"purchasable","13":"product-type-simple"},"yoast_head":"<!-- This site is optimized with the Yoast SEO plugin v27.4 - https:\/\/yoast.com\/product\/yoast-seo-wordpress\/ -->\n<title>MAPA - Logistica Internacional -\u00a053\/2025<\/title>\n<meta name=\"description\" content=\"Atividade MAPA - Logistica Internacional -\u00a053\/2025 &#8902; Unicesumar. Baixe agora mesmo um Mapa Pronto resolvido!\" \/>\n<meta name=\"robots\" content=\"index, follow, max-snippet:-1, max-image-preview:large, max-video-preview:-1\" \/>\n<link rel=\"canonical\" href=\"https:\/\/atividademapa.com\/?product=mapa-logistica-internacional-53-2025\" \/>\n<meta property=\"og:locale\" content=\"pt_BR\" \/>\n<meta property=\"og:type\" content=\"article\" \/>\n<meta property=\"og:title\" content=\"MAPA - Logistica Internacional -\u00a053\/2025\" \/>\n<meta property=\"og:description\" content=\"Atividade MAPA - Logistica Internacional -\u00a053\/2025 &#8902; Unicesumar. Baixe agora mesmo um Mapa Pronto resolvido!\" \/>\n<meta property=\"og:url\" content=\"https:\/\/atividademapa.com\/?product=mapa-logistica-internacional-53-2025\" \/>\n<meta property=\"og:site_name\" content=\"Atividade Mapa\" \/>\n<meta property=\"article:modified_time\" content=\"2025-08-31T10:44:57+00:00\" \/>\n<meta property=\"og:image\" content=\"https:\/\/i0.wp.com\/atividademapa.com\/wp-content\/uploads\/2023\/03\/Atividade-M.A.P.A-3.png?fit=300%2C300&ssl=1\" \/>\n\t<meta property=\"og:image:width\" content=\"300\" \/>\n\t<meta property=\"og:image:height\" content=\"300\" \/>\n\t<meta property=\"og:image:type\" content=\"image\/png\" \/>\n<meta name=\"twitter:card\" content=\"summary_large_image\" \/>\n<meta name=\"twitter:label1\" content=\"Est. tempo de leitura\" \/>\n\t<meta name=\"twitter:data1\" content=\"4 minutos\" \/>\n<script type=\"application\/ld+json\" class=\"yoast-schema-graph\">{\"@context\":\"https:\\\/\\\/schema.org\",\"@graph\":[{\"@type\":\"WebPage\",\"@id\":\"https:\\\/\\\/atividademapa.com\\\/?product=mapa-logistica-internacional-53-2025\",\"url\":\"https:\\\/\\\/atividademapa.com\\\/?product=mapa-logistica-internacional-53-2025\",\"name\":\"MAPA - Logistica Internacional -\u00a053\\\/2025\",\"isPartOf\":{\"@id\":\"https:\\\/\\\/atividademapa.com\\\/#website\"},\"primaryImageOfPage\":{\"@id\":\"https:\\\/\\\/atividademapa.com\\\/?product=mapa-logistica-internacional-53-2025#primaryimage\"},\"image\":{\"@id\":\"https:\\\/\\\/atividademapa.com\\\/?product=mapa-logistica-internacional-53-2025#primaryimage\"},\"thumbnailUrl\":\"https:\\\/\\\/i0.wp.com\\\/atividademapa.com\\\/wp-content\\\/uploads\\\/2023\\\/03\\\/Atividade-M.A.P.A-3.png?fit=300%2C300&ssl=1\",\"datePublished\":\"2025-08-31T10:44:55+00:00\",\"dateModified\":\"2025-08-31T10:44:57+00:00\",\"description\":\"Atividade MAPA - Logistica Internacional -\u00a053\\\/2025 &#8902; Unicesumar. Baixe agora mesmo um Mapa Pronto resolvido!\",\"breadcrumb\":{\"@id\":\"https:\\\/\\\/atividademapa.com\\\/?product=mapa-logistica-internacional-53-2025#breadcrumb\"},\"inLanguage\":\"pt-BR\",\"potentialAction\":[{\"@type\":\"ReadAction\",\"target\":[\"https:\\\/\\\/atividademapa.com\\\/?product=mapa-logistica-internacional-53-2025\"]}]},{\"@type\":\"ImageObject\",\"inLanguage\":\"pt-BR\",\"@id\":\"https:\\\/\\\/atividademapa.com\\\/?product=mapa-logistica-internacional-53-2025#primaryimage\",\"url\":\"https:\\\/\\\/i0.wp.com\\\/atividademapa.com\\\/wp-content\\\/uploads\\\/2023\\\/03\\\/Atividade-M.A.P.A-3.png?fit=300%2C300&ssl=1\",\"contentUrl\":\"https:\\\/\\\/i0.wp.com\\\/atividademapa.com\\\/wp-content\\\/uploads\\\/2023\\\/03\\\/Atividade-M.A.P.A-3.png?fit=300%2C300&ssl=1\",\"width\":300,\"height\":300,\"caption\":\"Mapa Unicesumar Atividade\"},{\"@type\":\"BreadcrumbList\",\"@id\":\"https:\\\/\\\/atividademapa.com\\\/?product=mapa-logistica-internacional-53-2025#breadcrumb\",\"itemListElement\":[{\"@type\":\"ListItem\",\"position\":1,\"name\":\"In\u00edcio\",\"item\":\"https:\\\/\\\/atividademapa.com\\\/\"},{\"@type\":\"ListItem\",\"position\":2,\"name\":\"MAPAS\",\"item\":\"https:\\\/\\\/atividademapa.com\\\/?page_id=5\"},{\"@type\":\"ListItem\",\"position\":3,\"name\":\"MAPA &#8211; Logistica Internacional &#8211;\u00a053\\\/2025\"}]},{\"@type\":\"WebSite\",\"@id\":\"https:\\\/\\\/atividademapa.com\\\/#website\",\"url\":\"https:\\\/\\\/atividademapa.com\\\/\",\"name\":\"Atividade Mapa\",\"description\":\"StudeO | Unicesumar\",\"publisher\":{\"@id\":\"https:\\\/\\\/atividademapa.com\\\/#organization\"},\"potentialAction\":[{\"@type\":\"SearchAction\",\"target\":{\"@type\":\"EntryPoint\",\"urlTemplate\":\"https:\\\/\\\/atividademapa.com\\\/?s={search_term_string}\"},\"query-input\":{\"@type\":\"PropertyValueSpecification\",\"valueRequired\":true,\"valueName\":\"search_term_string\"}}],\"inLanguage\":\"pt-BR\"},{\"@type\":\"Organization\",\"@id\":\"https:\\\/\\\/atividademapa.com\\\/#organization\",\"name\":\"Atividade MAPA\",\"url\":\"https:\\\/\\\/atividademapa.com\\\/\",\"logo\":{\"@type\":\"ImageObject\",\"inLanguage\":\"pt-BR\",\"@id\":\"https:\\\/\\\/atividademapa.com\\\/#\\\/schema\\\/logo\\\/image\\\/\",\"url\":\"https:\\\/\\\/i0.wp.com\\\/atividademapa.com\\\/wp-content\\\/uploads\\\/2023\\\/02\\\/ATIVIDADE.png?fit=600%2C300&ssl=1\",\"contentUrl\":\"https:\\\/\\\/i0.wp.com\\\/atividademapa.com\\\/wp-content\\\/uploads\\\/2023\\\/02\\\/ATIVIDADE.png?fit=600%2C300&ssl=1\",\"width\":600,\"height\":300,\"caption\":\"Atividade MAPA\"},\"image\":{\"@id\":\"https:\\\/\\\/atividademapa.com\\\/#\\\/schema\\\/logo\\\/image\\\/\"}}]}<\/script>\n<!-- \/ Yoast SEO plugin. -->","yoast_head_json":{"title":"MAPA - Logistica Internacional -\u00a053\/2025","description":"Atividade MAPA - Logistica Internacional -\u00a053\/2025 &#8902; Unicesumar. Baixe agora mesmo um Mapa Pronto resolvido!","robots":{"index":"index","follow":"follow","max-snippet":"max-snippet:-1","max-image-preview":"max-image-preview:large","max-video-preview":"max-video-preview:-1"},"canonical":"https:\/\/atividademapa.com\/?product=mapa-logistica-internacional-53-2025","og_locale":"pt_BR","og_type":"article","og_title":"MAPA - Logistica Internacional -\u00a053\/2025","og_description":"Atividade MAPA - Logistica Internacional -\u00a053\/2025 &#8902; Unicesumar. Baixe agora mesmo um Mapa Pronto resolvido!","og_url":"https:\/\/atividademapa.com\/?product=mapa-logistica-internacional-53-2025","og_site_name":"Atividade Mapa","article_modified_time":"2025-08-31T10:44:57+00:00","og_image":[{"width":300,"height":300,"url":"https:\/\/i0.wp.com\/atividademapa.com\/wp-content\/uploads\/2023\/03\/Atividade-M.A.P.A-3.png?fit=300%2C300&ssl=1","type":"image\/png"}],"twitter_card":"summary_large_image","twitter_misc":{"Est. tempo de leitura":"4 minutos"},"schema":{"@context":"https:\/\/schema.org","@graph":[{"@type":"WebPage","@id":"https:\/\/atividademapa.com\/?product=mapa-logistica-internacional-53-2025","url":"https:\/\/atividademapa.com\/?product=mapa-logistica-internacional-53-2025","name":"MAPA - Logistica Internacional -\u00a053\/2025","isPartOf":{"@id":"https:\/\/atividademapa.com\/#website"},"primaryImageOfPage":{"@id":"https:\/\/atividademapa.com\/?product=mapa-logistica-internacional-53-2025#primaryimage"},"image":{"@id":"https:\/\/atividademapa.com\/?product=mapa-logistica-internacional-53-2025#primaryimage"},"thumbnailUrl":"https:\/\/i0.wp.com\/atividademapa.com\/wp-content\/uploads\/2023\/03\/Atividade-M.A.P.A-3.png?fit=300%2C300&ssl=1","datePublished":"2025-08-31T10:44:55+00:00","dateModified":"2025-08-31T10:44:57+00:00","description":"Atividade MAPA - Logistica Internacional -\u00a053\/2025 &#8902; Unicesumar. Baixe agora mesmo um Mapa Pronto resolvido!","breadcrumb":{"@id":"https:\/\/atividademapa.com\/?product=mapa-logistica-internacional-53-2025#breadcrumb"},"inLanguage":"pt-BR","potentialAction":[{"@type":"ReadAction","target":["https:\/\/atividademapa.com\/?product=mapa-logistica-internacional-53-2025"]}]},{"@type":"ImageObject","inLanguage":"pt-BR","@id":"https:\/\/atividademapa.com\/?product=mapa-logistica-internacional-53-2025#primaryimage","url":"https:\/\/i0.wp.com\/atividademapa.com\/wp-content\/uploads\/2023\/03\/Atividade-M.A.P.A-3.png?fit=300%2C300&ssl=1","contentUrl":"https:\/\/i0.wp.com\/atividademapa.com\/wp-content\/uploads\/2023\/03\/Atividade-M.A.P.A-3.png?fit=300%2C300&ssl=1","width":300,"height":300,"caption":"Mapa Unicesumar Atividade"},{"@type":"BreadcrumbList","@id":"https:\/\/atividademapa.com\/?product=mapa-logistica-internacional-53-2025#breadcrumb","itemListElement":[{"@type":"ListItem","position":1,"name":"In\u00edcio","item":"https:\/\/atividademapa.com\/"},{"@type":"ListItem","position":2,"name":"MAPAS","item":"https:\/\/atividademapa.com\/?page_id=5"},{"@type":"ListItem","position":3,"name":"MAPA &#8211; Logistica Internacional &#8211;\u00a053\/2025"}]},{"@type":"WebSite","@id":"https:\/\/atividademapa.com\/#website","url":"https:\/\/atividademapa.com\/","name":"Atividade Mapa","description":"StudeO | Unicesumar","publisher":{"@id":"https:\/\/atividademapa.com\/#organization"},"potentialAction":[{"@type":"SearchAction","target":{"@type":"EntryPoint","urlTemplate":"https:\/\/atividademapa.com\/?s={search_term_string}"},"query-input":{"@type":"PropertyValueSpecification","valueRequired":true,"valueName":"search_term_string"}}],"inLanguage":"pt-BR"},{"@type":"Organization","@id":"https:\/\/atividademapa.com\/#organization","name":"Atividade MAPA","url":"https:\/\/atividademapa.com\/","logo":{"@type":"ImageObject","inLanguage":"pt-BR","@id":"https:\/\/atividademapa.com\/#\/schema\/logo\/image\/","url":"https:\/\/i0.wp.com\/atividademapa.com\/wp-content\/uploads\/2023\/02\/ATIVIDADE.png?fit=600%2C300&ssl=1","contentUrl":"https:\/\/i0.wp.com\/atividademapa.com\/wp-content\/uploads\/2023\/02\/ATIVIDADE.png?fit=600%2C300&ssl=1","width":600,"height":300,"caption":"Atividade MAPA"},"image":{"@id":"https:\/\/atividademapa.com\/#\/schema\/logo\/image\/"}}]}},"_links":{"self":[{"href":"https:\/\/atividademapa.com\/index.php?rest_route=\/wp\/v2\/product\/6276","targetHints":{"allow":["GET"]}}],"collection":[{"href":"https:\/\/atividademapa.com\/index.php?rest_route=\/wp\/v2\/product"}],"about":[{"href":"https:\/\/atividademapa.com\/index.php?rest_route=\/wp\/v2\/types\/product"}],"version-history":[{"count":1,"href":"https:\/\/atividademapa.com\/index.php?rest_route=\/wp\/v2\/product\/6276\/revisions"}],"predecessor-version":[{"id":6278,"href":"https:\/\/atividademapa.com\/index.php?rest_route=\/wp\/v2\/product\/6276\/revisions\/6278"}],"wp:featuredmedia":[{"embeddable":true,"href":"https:\/\/atividademapa.com\/index.php?rest_route=\/wp\/v2\/media\/2326"}],"wp:attachment":[{"href":"https:\/\/atividademapa.com\/index.php?rest_route=%2Fwp%2Fv2%2Fmedia&parent=6276"}],"wp:term":[{"taxonomy":"product_brand","embeddable":true,"href":"https:\/\/atividademapa.com\/index.php?rest_route=%2Fwp%2Fv2%2Fproduct_brand&post=6276"},{"taxonomy":"product_cat","embeddable":true,"href":"https:\/\/atividademapa.com\/index.php?rest_route=%2Fwp%2Fv2%2Fproduct_cat&post=6276"},{"taxonomy":"product_tag","embeddable":true,"href":"https:\/\/atividademapa.com\/index.php?rest_route=%2Fwp%2Fv2%2Fproduct_tag&post=6276"}],"curies":[{"name":"wp","href":"https:\/\/api.w.org\/{rel}","templated":true}]}}