{"id":6293,"date":"2025-09-09T20:53:31","date_gmt":"2025-09-09T23:53:31","guid":{"rendered":"https:\/\/atividademapa.com\/?post_type=product&#038;p=6293"},"modified":"2025-09-09T20:53:32","modified_gmt":"2025-09-09T23:53:32","slug":"mapa-edu-fundamentos-da-educacao-53_2025","status":"publish","type":"product","link":"https:\/\/atividademapa.com\/?product=mapa-edu-fundamentos-da-educacao-53_2025","title":{"rendered":"MAPA &#8211; EDU &#8211; FUNDAMENTOS DA EDUCA\u00c7\u00c3O &#8211;\u00a053_2025"},"content":{"rendered":"<p>Quest\u00e3o 1<br \/>\nNo contexto atual da educa\u00e7\u00e3o brasileira, a Base Nacional Comum Curricular (BNCC) estabelece diretrizes essenciais para garantir uma forma\u00e7\u00e3o integral dos estudantes. A Filosofia desempenha pap\u00e9is fundamentais nesse processo, n\u00e3o apenas para professores dessa disciplina, mas para todos os educadores. A compreens\u00e3o dos fundamentos filos\u00f3ficos contribui para a constru\u00e7\u00e3o de uma vis\u00e3o cr\u00edtica e reflexiva da sociedade e do pr\u00f3prio processo educativo.<\/p>\n<p>Por esse motivo, em nossa atividade MAPA, propomos uma atividade cujo objetivo \u00e9 refletir sobre a import\u00e2ncia da Filosofia na forma\u00e7\u00e3o de professores de todas as \u00e1reas, considerando a BNCC e sua aplica\u00e7\u00e3o pr\u00e1tica no cotidiano escolar.<\/p>\n<p>Partindo desse pressuposto, sugerimos a seguinte atividade:<\/p>\n<p>1) Leia e analise os seguintes materiais:<\/p>\n<p>a) Base Nacional Comum Curricular (BNCC). Leia e analise a Introdu\u00e7\u00e3o e a Primeira Compet\u00eancia Geral (p. 5-8). Dispon\u00edvel em: https:\/\/portal.mec.gov.br\/index.php?option=com_docman&amp;view=download&amp;alias=79601-anexo-texto-bncc-reexportado-pdf-2&amp;category_slug=dezembro-2017-pdf&amp;Itemid=30192. Acesso em: 12 jul. 2024.<br \/>\nb) Artigo: &#8220;A import\u00e2ncia da Filosofia na forma\u00e7\u00e3o do educador: uma reflex\u00e3o a partir de substratos te\u00f3ricos e pesquisa de campo em uma universidade em Parana\u00edba-PI&#8221;. Leia e analise, especificamente, o subitem &#8220;Refletindo acerca da import\u00e2ncia da Filosofia na forma\u00e7\u00e3o do educador&#8221; (p. 4 a 11). Dispon\u00edvel em: https:\/\/www.editorarealize.com.br\/editora\/anais\/fiped\/2012\/c215b446bcdf956d848a8419c1b5a920.pdf. Acesso em: 12 jul. 2024.<\/p>\n<p>2) Reflex\u00e3o e Produ\u00e7\u00e3o Textual:<\/p>\n<p>A partir do conhecimento adquirido com as leituras indicadas, elabore um texto dissertativo respondendo \u00e0 seguinte situa\u00e7\u00e3o problema:<\/p>\n<p>Voc\u00ea \u00e9 um coordenador pedag\u00f3gico em uma escola de Ensino Fundamental. Sua tarefa \u00e9 ajudar na forma\u00e7\u00e3o dos professores. Por isso, voc\u00ea precisa preparar uma disserta\u00e7\u00e3o para os professores de diversas disciplinas, destacando a import\u00e2ncia da Filosofia para todos os educadores.<\/p>\n<p>Em seu texto, aborde os seguintes pontos:<\/p>\n<p>&#8211; Explique a Primeira Compet\u00eancia Geral da BNCC e como ela se relaciona com o ensino de Filosofia.<br \/>\n&#8211; Argumente sobre a import\u00e2ncia da Filosofia na forma\u00e7\u00e3o de professores de todas as \u00e1reas.<br \/>\n&#8211; D\u00ea exemplos pr\u00e1ticos de como os conceitos filos\u00f3ficos podem ser integrados em diferentes disciplinas para promover um ensino mais cr\u00edtico\u00a0e\u00a0reflexivo.<\/p>\n","protected":false},"excerpt":{"rendered":"<p>Quest\u00e3o 1 No contexto atual da educa\u00e7\u00e3o brasileira, a Base Nacional Comum Curricular (BNCC) estabelece diretrizes essenciais para garantir uma<\/p>\n","protected":false},"featured_media":2326,"template":"","meta":{"_monsterinsights_skip_tracking":false,"_monsterinsights_sitenote_active":false,"_monsterinsights_sitenote_note":"","_monsterinsights_sitenote_category":0},"product_brand":[],"product_cat":[30],"product_tag":[],"class_list":{"0":"post-6293","1":"product","2":"type-product","3":"status-publish","4":"has-post-thumbnail","6":"product_cat-pedagogia","8":"first","9":"instock","10":"downloadable","11":"virtual","12":"purchasable","13":"product-type-simple"},"yoast_head":"<!-- This site is optimized with the Yoast SEO plugin v27.4 - https:\/\/yoast.com\/product\/yoast-seo-wordpress\/ -->\n<title>MAPA - EDU - FUNDAMENTOS DA EDUCA\u00c7\u00c3O -\u00a053_2025<\/title>\n<meta name=\"description\" content=\"Atividade MAPA - EDU - FUNDAMENTOS DA EDUCA\u00c7\u00c3O -\u00a053_2025 &#8902; Unicesumar. Baixe agora mesmo um Mapa Pronto resolvido!\" \/>\n<meta name=\"robots\" content=\"index, follow, max-snippet:-1, max-image-preview:large, max-video-preview:-1\" \/>\n<link rel=\"canonical\" href=\"https:\/\/atividademapa.com\/?product=mapa-edu-fundamentos-da-educacao-53_2025\" \/>\n<meta property=\"og:locale\" content=\"pt_BR\" \/>\n<meta property=\"og:type\" content=\"article\" \/>\n<meta property=\"og:title\" content=\"MAPA - EDU - FUNDAMENTOS DA EDUCA\u00c7\u00c3O -\u00a053_2025\" \/>\n<meta property=\"og:description\" content=\"Atividade MAPA - EDU - FUNDAMENTOS DA EDUCA\u00c7\u00c3O -\u00a053_2025 &#8902; Unicesumar. Baixe agora mesmo um Mapa Pronto resolvido!\" \/>\n<meta property=\"og:url\" content=\"https:\/\/atividademapa.com\/?product=mapa-edu-fundamentos-da-educacao-53_2025\" \/>\n<meta property=\"og:site_name\" content=\"Atividade Mapa\" \/>\n<meta property=\"article:modified_time\" content=\"2025-09-09T23:53:32+00:00\" \/>\n<meta property=\"og:image\" content=\"https:\/\/i0.wp.com\/atividademapa.com\/wp-content\/uploads\/2023\/03\/Atividade-M.A.P.A-3.png?fit=300%2C300&ssl=1\" \/>\n\t<meta property=\"og:image:width\" content=\"300\" \/>\n\t<meta property=\"og:image:height\" content=\"300\" \/>\n\t<meta property=\"og:image:type\" content=\"image\/png\" \/>\n<meta name=\"twitter:card\" content=\"summary_large_image\" \/>\n<meta name=\"twitter:label1\" content=\"Est. tempo de leitura\" \/>\n\t<meta name=\"twitter:data1\" content=\"2 minutos\" \/>\n<script type=\"application\/ld+json\" class=\"yoast-schema-graph\">{\"@context\":\"https:\\\/\\\/schema.org\",\"@graph\":[{\"@type\":\"WebPage\",\"@id\":\"https:\\\/\\\/atividademapa.com\\\/?product=mapa-edu-fundamentos-da-educacao-53_2025\",\"url\":\"https:\\\/\\\/atividademapa.com\\\/?product=mapa-edu-fundamentos-da-educacao-53_2025\",\"name\":\"MAPA - EDU - FUNDAMENTOS DA EDUCA\u00c7\u00c3O -\u00a053_2025\",\"isPartOf\":{\"@id\":\"https:\\\/\\\/atividademapa.com\\\/#website\"},\"primaryImageOfPage\":{\"@id\":\"https:\\\/\\\/atividademapa.com\\\/?product=mapa-edu-fundamentos-da-educacao-53_2025#primaryimage\"},\"image\":{\"@id\":\"https:\\\/\\\/atividademapa.com\\\/?product=mapa-edu-fundamentos-da-educacao-53_2025#primaryimage\"},\"thumbnailUrl\":\"https:\\\/\\\/i0.wp.com\\\/atividademapa.com\\\/wp-content\\\/uploads\\\/2023\\\/03\\\/Atividade-M.A.P.A-3.png?fit=300%2C300&ssl=1\",\"datePublished\":\"2025-09-09T23:53:31+00:00\",\"dateModified\":\"2025-09-09T23:53:32+00:00\",\"description\":\"Atividade MAPA - EDU - FUNDAMENTOS DA EDUCA\u00c7\u00c3O -\u00a053_2025 &#8902; Unicesumar. Baixe agora mesmo um Mapa Pronto resolvido!\",\"breadcrumb\":{\"@id\":\"https:\\\/\\\/atividademapa.com\\\/?product=mapa-edu-fundamentos-da-educacao-53_2025#breadcrumb\"},\"inLanguage\":\"pt-BR\",\"potentialAction\":[{\"@type\":\"ReadAction\",\"target\":[\"https:\\\/\\\/atividademapa.com\\\/?product=mapa-edu-fundamentos-da-educacao-53_2025\"]}]},{\"@type\":\"ImageObject\",\"inLanguage\":\"pt-BR\",\"@id\":\"https:\\\/\\\/atividademapa.com\\\/?product=mapa-edu-fundamentos-da-educacao-53_2025#primaryimage\",\"url\":\"https:\\\/\\\/i0.wp.com\\\/atividademapa.com\\\/wp-content\\\/uploads\\\/2023\\\/03\\\/Atividade-M.A.P.A-3.png?fit=300%2C300&ssl=1\",\"contentUrl\":\"https:\\\/\\\/i0.wp.com\\\/atividademapa.com\\\/wp-content\\\/uploads\\\/2023\\\/03\\\/Atividade-M.A.P.A-3.png?fit=300%2C300&ssl=1\",\"width\":300,\"height\":300,\"caption\":\"Mapa Unicesumar Atividade\"},{\"@type\":\"BreadcrumbList\",\"@id\":\"https:\\\/\\\/atividademapa.com\\\/?product=mapa-edu-fundamentos-da-educacao-53_2025#breadcrumb\",\"itemListElement\":[{\"@type\":\"ListItem\",\"position\":1,\"name\":\"In\u00edcio\",\"item\":\"https:\\\/\\\/atividademapa.com\\\/\"},{\"@type\":\"ListItem\",\"position\":2,\"name\":\"MAPAS\",\"item\":\"https:\\\/\\\/atividademapa.com\\\/?page_id=5\"},{\"@type\":\"ListItem\",\"position\":3,\"name\":\"MAPA &#8211; EDU &#8211; FUNDAMENTOS DA EDUCA\u00c7\u00c3O &#8211;\u00a053_2025\"}]},{\"@type\":\"WebSite\",\"@id\":\"https:\\\/\\\/atividademapa.com\\\/#website\",\"url\":\"https:\\\/\\\/atividademapa.com\\\/\",\"name\":\"Atividade Mapa\",\"description\":\"StudeO | Unicesumar\",\"publisher\":{\"@id\":\"https:\\\/\\\/atividademapa.com\\\/#organization\"},\"potentialAction\":[{\"@type\":\"SearchAction\",\"target\":{\"@type\":\"EntryPoint\",\"urlTemplate\":\"https:\\\/\\\/atividademapa.com\\\/?s={search_term_string}\"},\"query-input\":{\"@type\":\"PropertyValueSpecification\",\"valueRequired\":true,\"valueName\":\"search_term_string\"}}],\"inLanguage\":\"pt-BR\"},{\"@type\":\"Organization\",\"@id\":\"https:\\\/\\\/atividademapa.com\\\/#organization\",\"name\":\"Atividade MAPA\",\"url\":\"https:\\\/\\\/atividademapa.com\\\/\",\"logo\":{\"@type\":\"ImageObject\",\"inLanguage\":\"pt-BR\",\"@id\":\"https:\\\/\\\/atividademapa.com\\\/#\\\/schema\\\/logo\\\/image\\\/\",\"url\":\"https:\\\/\\\/i0.wp.com\\\/atividademapa.com\\\/wp-content\\\/uploads\\\/2023\\\/02\\\/ATIVIDADE.png?fit=600%2C300&ssl=1\",\"contentUrl\":\"https:\\\/\\\/i0.wp.com\\\/atividademapa.com\\\/wp-content\\\/uploads\\\/2023\\\/02\\\/ATIVIDADE.png?fit=600%2C300&ssl=1\",\"width\":600,\"height\":300,\"caption\":\"Atividade MAPA\"},\"image\":{\"@id\":\"https:\\\/\\\/atividademapa.com\\\/#\\\/schema\\\/logo\\\/image\\\/\"}}]}<\/script>\n<!-- \/ Yoast SEO plugin. -->","yoast_head_json":{"title":"MAPA - EDU - FUNDAMENTOS DA EDUCA\u00c7\u00c3O -\u00a053_2025","description":"Atividade MAPA - EDU - FUNDAMENTOS DA EDUCA\u00c7\u00c3O -\u00a053_2025 &#8902; Unicesumar. Baixe agora mesmo um Mapa Pronto resolvido!","robots":{"index":"index","follow":"follow","max-snippet":"max-snippet:-1","max-image-preview":"max-image-preview:large","max-video-preview":"max-video-preview:-1"},"canonical":"https:\/\/atividademapa.com\/?product=mapa-edu-fundamentos-da-educacao-53_2025","og_locale":"pt_BR","og_type":"article","og_title":"MAPA - EDU - FUNDAMENTOS DA EDUCA\u00c7\u00c3O -\u00a053_2025","og_description":"Atividade MAPA - EDU - FUNDAMENTOS DA EDUCA\u00c7\u00c3O -\u00a053_2025 &#8902; Unicesumar. Baixe agora mesmo um Mapa Pronto resolvido!","og_url":"https:\/\/atividademapa.com\/?product=mapa-edu-fundamentos-da-educacao-53_2025","og_site_name":"Atividade Mapa","article_modified_time":"2025-09-09T23:53:32+00:00","og_image":[{"width":300,"height":300,"url":"https:\/\/i0.wp.com\/atividademapa.com\/wp-content\/uploads\/2023\/03\/Atividade-M.A.P.A-3.png?fit=300%2C300&ssl=1","type":"image\/png"}],"twitter_card":"summary_large_image","twitter_misc":{"Est. tempo de leitura":"2 minutos"},"schema":{"@context":"https:\/\/schema.org","@graph":[{"@type":"WebPage","@id":"https:\/\/atividademapa.com\/?product=mapa-edu-fundamentos-da-educacao-53_2025","url":"https:\/\/atividademapa.com\/?product=mapa-edu-fundamentos-da-educacao-53_2025","name":"MAPA - EDU - FUNDAMENTOS DA EDUCA\u00c7\u00c3O -\u00a053_2025","isPartOf":{"@id":"https:\/\/atividademapa.com\/#website"},"primaryImageOfPage":{"@id":"https:\/\/atividademapa.com\/?product=mapa-edu-fundamentos-da-educacao-53_2025#primaryimage"},"image":{"@id":"https:\/\/atividademapa.com\/?product=mapa-edu-fundamentos-da-educacao-53_2025#primaryimage"},"thumbnailUrl":"https:\/\/i0.wp.com\/atividademapa.com\/wp-content\/uploads\/2023\/03\/Atividade-M.A.P.A-3.png?fit=300%2C300&ssl=1","datePublished":"2025-09-09T23:53:31+00:00","dateModified":"2025-09-09T23:53:32+00:00","description":"Atividade MAPA - EDU - FUNDAMENTOS DA EDUCA\u00c7\u00c3O -\u00a053_2025 &#8902; Unicesumar. Baixe agora mesmo um Mapa Pronto resolvido!","breadcrumb":{"@id":"https:\/\/atividademapa.com\/?product=mapa-edu-fundamentos-da-educacao-53_2025#breadcrumb"},"inLanguage":"pt-BR","potentialAction":[{"@type":"ReadAction","target":["https:\/\/atividademapa.com\/?product=mapa-edu-fundamentos-da-educacao-53_2025"]}]},{"@type":"ImageObject","inLanguage":"pt-BR","@id":"https:\/\/atividademapa.com\/?product=mapa-edu-fundamentos-da-educacao-53_2025#primaryimage","url":"https:\/\/i0.wp.com\/atividademapa.com\/wp-content\/uploads\/2023\/03\/Atividade-M.A.P.A-3.png?fit=300%2C300&ssl=1","contentUrl":"https:\/\/i0.wp.com\/atividademapa.com\/wp-content\/uploads\/2023\/03\/Atividade-M.A.P.A-3.png?fit=300%2C300&ssl=1","width":300,"height":300,"caption":"Mapa Unicesumar Atividade"},{"@type":"BreadcrumbList","@id":"https:\/\/atividademapa.com\/?product=mapa-edu-fundamentos-da-educacao-53_2025#breadcrumb","itemListElement":[{"@type":"ListItem","position":1,"name":"In\u00edcio","item":"https:\/\/atividademapa.com\/"},{"@type":"ListItem","position":2,"name":"MAPAS","item":"https:\/\/atividademapa.com\/?page_id=5"},{"@type":"ListItem","position":3,"name":"MAPA &#8211; EDU &#8211; FUNDAMENTOS DA EDUCA\u00c7\u00c3O &#8211;\u00a053_2025"}]},{"@type":"WebSite","@id":"https:\/\/atividademapa.com\/#website","url":"https:\/\/atividademapa.com\/","name":"Atividade Mapa","description":"StudeO | Unicesumar","publisher":{"@id":"https:\/\/atividademapa.com\/#organization"},"potentialAction":[{"@type":"SearchAction","target":{"@type":"EntryPoint","urlTemplate":"https:\/\/atividademapa.com\/?s={search_term_string}"},"query-input":{"@type":"PropertyValueSpecification","valueRequired":true,"valueName":"search_term_string"}}],"inLanguage":"pt-BR"},{"@type":"Organization","@id":"https:\/\/atividademapa.com\/#organization","name":"Atividade MAPA","url":"https:\/\/atividademapa.com\/","logo":{"@type":"ImageObject","inLanguage":"pt-BR","@id":"https:\/\/atividademapa.com\/#\/schema\/logo\/image\/","url":"https:\/\/i0.wp.com\/atividademapa.com\/wp-content\/uploads\/2023\/02\/ATIVIDADE.png?fit=600%2C300&ssl=1","contentUrl":"https:\/\/i0.wp.com\/atividademapa.com\/wp-content\/uploads\/2023\/02\/ATIVIDADE.png?fit=600%2C300&ssl=1","width":600,"height":300,"caption":"Atividade MAPA"},"image":{"@id":"https:\/\/atividademapa.com\/#\/schema\/logo\/image\/"}}]}},"_links":{"self":[{"href":"https:\/\/atividademapa.com\/index.php?rest_route=\/wp\/v2\/product\/6293","targetHints":{"allow":["GET"]}}],"collection":[{"href":"https:\/\/atividademapa.com\/index.php?rest_route=\/wp\/v2\/product"}],"about":[{"href":"https:\/\/atividademapa.com\/index.php?rest_route=\/wp\/v2\/types\/product"}],"version-history":[{"count":1,"href":"https:\/\/atividademapa.com\/index.php?rest_route=\/wp\/v2\/product\/6293\/revisions"}],"predecessor-version":[{"id":6299,"href":"https:\/\/atividademapa.com\/index.php?rest_route=\/wp\/v2\/product\/6293\/revisions\/6299"}],"wp:featuredmedia":[{"embeddable":true,"href":"https:\/\/atividademapa.com\/index.php?rest_route=\/wp\/v2\/media\/2326"}],"wp:attachment":[{"href":"https:\/\/atividademapa.com\/index.php?rest_route=%2Fwp%2Fv2%2Fmedia&parent=6293"}],"wp:term":[{"taxonomy":"product_brand","embeddable":true,"href":"https:\/\/atividademapa.com\/index.php?rest_route=%2Fwp%2Fv2%2Fproduct_brand&post=6293"},{"taxonomy":"product_cat","embeddable":true,"href":"https:\/\/atividademapa.com\/index.php?rest_route=%2Fwp%2Fv2%2Fproduct_cat&post=6293"},{"taxonomy":"product_tag","embeddable":true,"href":"https:\/\/atividademapa.com\/index.php?rest_route=%2Fwp%2Fv2%2Fproduct_tag&post=6293"}],"curies":[{"name":"wp","href":"https:\/\/api.w.org\/{rel}","templated":true}]}}