{"id":6335,"date":"2025-09-20T12:01:34","date_gmt":"2025-09-20T15:01:34","guid":{"rendered":"https:\/\/atividademapa.com\/?post_type=product&#038;p=6335"},"modified":"2025-09-21T01:14:44","modified_gmt":"2025-09-21T04:14:44","slug":"mapa-esoft-sistemas-operacionais-53_2025","status":"publish","type":"product","link":"https:\/\/atividademapa.com\/?product=mapa-esoft-sistemas-operacionais-53_2025","title":{"rendered":"MAPA &#8211; ESOFT &#8211; Sistemas Operacionais &#8211; 53_2025"},"content":{"rendered":"<p>MAPA &#8211; ESOFT &#8211; SISTEMAS OPERACIONAIS &#8211; 53_2025<\/p>\n<p>(1) PRIMEIRA ETAPA: An\u00e1lise da Situa\u00e7\u00e3o Problema<\/p>\n<p>O que \u00e9 e como fazer a virtualiza\u00e7\u00e3o de sistemas operacionais<\/p>\n<p>Virtualiza\u00e7\u00e3o de sistemas operacionais \u00e9 um tipo de virtualiza\u00e7\u00e3o cuja t\u00e9cnica permite que um sistema \u2014 ou uma aplica\u00e7\u00e3o dele \u2014 possa ser operado dentro de outro. O objetivo \u00e9 possibilitar um maior interc\u00e2mbio de funcionalidades e romper a barreira do sistema operacional, para que tudo o que \u00e9 \u00fatil em um possa ser aproveitado em outro, sem restri\u00e7\u00f5es.<br \/>\nUm exemplo \u00e9 a instala\u00e7\u00e3o e execu\u00e7\u00e3o de um aplicativo de Windows no sistema operacional Linux, atrav\u00e9s de uma m\u00e1quina virtual, com funcionamento perfeito. Um grande benef\u00edcio de utilizar a virtualiza\u00e7\u00e3o de sistemas operacionais \u00e9 a possibilidade de montar uma m\u00e1quina completa que disponha de todos os recursos e softwares desejados pelo seu usu\u00e1rio, independentemente do sistema operacional no qual ela opera.<\/p>\n<p>O que \u00e9 virtualiza\u00e7\u00e3o de sistemas operacionais<\/p>\n<p>Colocando a express\u00e3o em termos t\u00e9cnicos, virtualiza\u00e7\u00e3o de sistemas operacionais \u00e9 a tecnologia de cria\u00e7\u00e3o de uma m\u00e1quina virtual para funcionar dentro de um sistema operacional. Essa nova m\u00e1quina \u00e9 o que possibilita a execu\u00e7\u00e3o de sistemas operacionais ou softwares distintos que podem ser experimentados e testados pelo usu\u00e1rio sem a necessidade de aquisi\u00e7\u00e3o de cada um.<br \/>\nO processo de virtualiza\u00e7\u00e3o tende a ser mais familiarmente conhecido para aplica\u00e7\u00e3o em grandes servidores ou datacenters de empresas, onde diversos sistemas operacionais rodam simultaneamente, e o processo \u00e9 gerenciado por profissionais de TI. No entanto, o usu\u00e1rio comum tamb\u00e9m pode se utilizar da virtualiza\u00e7\u00e3o e obter benef\u00edcios com ela.<\/p>\n<p>Fonte: https:\/\/esr.rnp.br\/administracao-de-sistemas\/o-que-e-e-como-fazer-a-virtualizacao-de-sistemas-operacionais\/. Acesso em: 26 jun. 2025.<\/p>\n<p>(2) SEGUNDA ETAPA: Realiza\u00e7\u00e3o da atividade<\/p>\n<p>Tarefas:<br \/>\nCom base no material da disciplina, nas refer\u00eancias bibliogr\u00e1ficas e pesquisa em outras fontes, elabore um relat\u00f3rio com a estrutura a seguir, respondendo cada um dos questionamentos.<\/p>\n<p>1. Defini\u00e7\u00e3o e Diferencia\u00e7\u00e3o (50% da nota):<br \/>\n&#8211; Conceito de virtualiza\u00e7\u00e3o de sistemas operacionais: Explique o que \u00e9 virtualiza\u00e7\u00e3o de sistemas operacionais e como ela funciona na pr\u00e1tica.<br \/>\n&#8211; Benef\u00edcios da virtualiza\u00e7\u00e3o: Discuta as vantagens da virtualiza\u00e7\u00e3o tanto para usu\u00e1rios comuns quanto para empresas, destacando os ganhos em termos de flexibilidade, custo e efici\u00eancia.<br \/>\n&#8211; Limita\u00e7\u00f5es da virtualiza\u00e7\u00e3o: Apresente os desafios e as limita\u00e7\u00f5es da virtualiza\u00e7\u00e3o, como o desempenho e a aloca\u00e7\u00e3o de recursos.<br \/>\n&#8211; Aplica\u00e7\u00f5es da virtualiza\u00e7\u00e3o: Cite exemplos de como a virtualiza\u00e7\u00e3o pode ser utilizada em diferentes cen\u00e1rios, como desenvolvimento de software, testes e ambientes de produ\u00e7\u00e3o.<br \/>\n&#8211; Escolha da ferramenta de virtualiza\u00e7\u00e3o: Discuta os crit\u00e9rios para escolher a ferramenta de virtualiza\u00e7\u00e3o mais adequada para cada necessidade, considerando fatores como recursos do sistema, funcionalidades e custo.<\/p>\n<p>2. Al\u00e9m disso, sua disserta\u00e7\u00e3o deve responder \u00e0s seguintes perguntas (50% da nota):<br \/>\n&#8211; Qual a principal diferen\u00e7a entre um sistema operacional e uma m\u00e1quina virtual?<br \/>\n&#8211; Como a virtualiza\u00e7\u00e3o pode contribuir para a redu\u00e7\u00e3o de custos em uma empresa?<br \/>\n&#8211; Quais s\u00e3o os principais riscos associados \u00e0 utiliza\u00e7\u00e3o da virtualiza\u00e7\u00e3o?<br \/>\n&#8211; Qual o futuro da virtualiza\u00e7\u00e3o de sistemas operacionais?<\/p>\n","protected":false},"excerpt":{"rendered":"<p>MAPA &#8211; ESOFT &#8211; SISTEMAS OPERACIONAIS &#8211; 53_2025 (1) PRIMEIRA ETAPA: An\u00e1lise da Situa\u00e7\u00e3o Problema O que \u00e9 e como<\/p>\n","protected":false},"featured_media":2326,"template":"","meta":{"_monsterinsights_skip_tracking":false,"_monsterinsights_sitenote_active":false,"_monsterinsights_sitenote_note":"","_monsterinsights_sitenote_category":0},"product_brand":[],"product_cat":[165],"product_tag":[],"class_list":{"0":"post-6335","1":"product","2":"type-product","3":"status-publish","4":"has-post-thumbnail","6":"product_cat-engenharia-de-software","8":"first","9":"instock","10":"downloadable","11":"virtual","12":"purchasable","13":"product-type-simple"},"yoast_head":"<!-- This site is optimized with the Yoast SEO plugin v27.4 - https:\/\/yoast.com\/product\/yoast-seo-wordpress\/ -->\n<title>MAPA - ESOFT - Sistemas Operacionais - 53_2025<\/title>\n<meta name=\"description\" content=\"Atividade MAPA - ESOFT - Sistemas Operacionais - 53_2025 &#8902; Unicesumar. Baixe agora mesmo um Mapa Pronto resolvido!\" \/>\n<meta name=\"robots\" content=\"index, follow, max-snippet:-1, max-image-preview:large, max-video-preview:-1\" \/>\n<link rel=\"canonical\" href=\"https:\/\/atividademapa.com\/?product=mapa-esoft-sistemas-operacionais-53_2025\" \/>\n<meta property=\"og:locale\" content=\"pt_BR\" \/>\n<meta property=\"og:type\" content=\"article\" \/>\n<meta property=\"og:title\" content=\"MAPA - ESOFT - Sistemas Operacionais - 53_2025\" \/>\n<meta property=\"og:description\" content=\"Atividade MAPA - ESOFT - Sistemas Operacionais - 53_2025 &#8902; Unicesumar. Baixe agora mesmo um Mapa Pronto resolvido!\" \/>\n<meta property=\"og:url\" content=\"https:\/\/atividademapa.com\/?product=mapa-esoft-sistemas-operacionais-53_2025\" \/>\n<meta property=\"og:site_name\" content=\"Atividade Mapa\" \/>\n<meta property=\"article:modified_time\" content=\"2025-09-21T04:14:44+00:00\" \/>\n<meta property=\"og:image\" content=\"https:\/\/i0.wp.com\/atividademapa.com\/wp-content\/uploads\/2023\/03\/Atividade-M.A.P.A-3.png?fit=300%2C300&ssl=1\" \/>\n\t<meta property=\"og:image:width\" content=\"300\" \/>\n\t<meta property=\"og:image:height\" content=\"300\" \/>\n\t<meta property=\"og:image:type\" content=\"image\/png\" \/>\n<meta name=\"twitter:card\" content=\"summary_large_image\" \/>\n<meta name=\"twitter:label1\" content=\"Est. tempo de leitura\" \/>\n\t<meta name=\"twitter:data1\" content=\"3 minutos\" \/>\n<script type=\"application\/ld+json\" class=\"yoast-schema-graph\">{\"@context\":\"https:\\\/\\\/schema.org\",\"@graph\":[{\"@type\":\"WebPage\",\"@id\":\"https:\\\/\\\/atividademapa.com\\\/?product=mapa-esoft-sistemas-operacionais-53_2025\",\"url\":\"https:\\\/\\\/atividademapa.com\\\/?product=mapa-esoft-sistemas-operacionais-53_2025\",\"name\":\"MAPA - ESOFT - Sistemas Operacionais - 53_2025\",\"isPartOf\":{\"@id\":\"https:\\\/\\\/atividademapa.com\\\/#website\"},\"primaryImageOfPage\":{\"@id\":\"https:\\\/\\\/atividademapa.com\\\/?product=mapa-esoft-sistemas-operacionais-53_2025#primaryimage\"},\"image\":{\"@id\":\"https:\\\/\\\/atividademapa.com\\\/?product=mapa-esoft-sistemas-operacionais-53_2025#primaryimage\"},\"thumbnailUrl\":\"https:\\\/\\\/i0.wp.com\\\/atividademapa.com\\\/wp-content\\\/uploads\\\/2023\\\/03\\\/Atividade-M.A.P.A-3.png?fit=300%2C300&ssl=1\",\"datePublished\":\"2025-09-20T15:01:34+00:00\",\"dateModified\":\"2025-09-21T04:14:44+00:00\",\"description\":\"Atividade MAPA - ESOFT - Sistemas Operacionais - 53_2025 &#8902; Unicesumar. Baixe agora mesmo um Mapa Pronto resolvido!\",\"breadcrumb\":{\"@id\":\"https:\\\/\\\/atividademapa.com\\\/?product=mapa-esoft-sistemas-operacionais-53_2025#breadcrumb\"},\"inLanguage\":\"pt-BR\",\"potentialAction\":[{\"@type\":\"ReadAction\",\"target\":[\"https:\\\/\\\/atividademapa.com\\\/?product=mapa-esoft-sistemas-operacionais-53_2025\"]}]},{\"@type\":\"ImageObject\",\"inLanguage\":\"pt-BR\",\"@id\":\"https:\\\/\\\/atividademapa.com\\\/?product=mapa-esoft-sistemas-operacionais-53_2025#primaryimage\",\"url\":\"https:\\\/\\\/i0.wp.com\\\/atividademapa.com\\\/wp-content\\\/uploads\\\/2023\\\/03\\\/Atividade-M.A.P.A-3.png?fit=300%2C300&ssl=1\",\"contentUrl\":\"https:\\\/\\\/i0.wp.com\\\/atividademapa.com\\\/wp-content\\\/uploads\\\/2023\\\/03\\\/Atividade-M.A.P.A-3.png?fit=300%2C300&ssl=1\",\"width\":300,\"height\":300,\"caption\":\"Mapa Unicesumar Atividade\"},{\"@type\":\"BreadcrumbList\",\"@id\":\"https:\\\/\\\/atividademapa.com\\\/?product=mapa-esoft-sistemas-operacionais-53_2025#breadcrumb\",\"itemListElement\":[{\"@type\":\"ListItem\",\"position\":1,\"name\":\"In\u00edcio\",\"item\":\"https:\\\/\\\/atividademapa.com\\\/\"},{\"@type\":\"ListItem\",\"position\":2,\"name\":\"MAPAS\",\"item\":\"https:\\\/\\\/atividademapa.com\\\/?page_id=5\"},{\"@type\":\"ListItem\",\"position\":3,\"name\":\"MAPA &#8211; ESOFT &#8211; Sistemas Operacionais &#8211; 53_2025\"}]},{\"@type\":\"WebSite\",\"@id\":\"https:\\\/\\\/atividademapa.com\\\/#website\",\"url\":\"https:\\\/\\\/atividademapa.com\\\/\",\"name\":\"Atividade Mapa\",\"description\":\"StudeO | Unicesumar\",\"publisher\":{\"@id\":\"https:\\\/\\\/atividademapa.com\\\/#organization\"},\"potentialAction\":[{\"@type\":\"SearchAction\",\"target\":{\"@type\":\"EntryPoint\",\"urlTemplate\":\"https:\\\/\\\/atividademapa.com\\\/?s={search_term_string}\"},\"query-input\":{\"@type\":\"PropertyValueSpecification\",\"valueRequired\":true,\"valueName\":\"search_term_string\"}}],\"inLanguage\":\"pt-BR\"},{\"@type\":\"Organization\",\"@id\":\"https:\\\/\\\/atividademapa.com\\\/#organization\",\"name\":\"Atividade MAPA\",\"url\":\"https:\\\/\\\/atividademapa.com\\\/\",\"logo\":{\"@type\":\"ImageObject\",\"inLanguage\":\"pt-BR\",\"@id\":\"https:\\\/\\\/atividademapa.com\\\/#\\\/schema\\\/logo\\\/image\\\/\",\"url\":\"https:\\\/\\\/i0.wp.com\\\/atividademapa.com\\\/wp-content\\\/uploads\\\/2023\\\/02\\\/ATIVIDADE.png?fit=600%2C300&ssl=1\",\"contentUrl\":\"https:\\\/\\\/i0.wp.com\\\/atividademapa.com\\\/wp-content\\\/uploads\\\/2023\\\/02\\\/ATIVIDADE.png?fit=600%2C300&ssl=1\",\"width\":600,\"height\":300,\"caption\":\"Atividade MAPA\"},\"image\":{\"@id\":\"https:\\\/\\\/atividademapa.com\\\/#\\\/schema\\\/logo\\\/image\\\/\"}}]}<\/script>\n<!-- \/ Yoast SEO plugin. -->","yoast_head_json":{"title":"MAPA - ESOFT - Sistemas Operacionais - 53_2025","description":"Atividade MAPA - ESOFT - Sistemas Operacionais - 53_2025 &#8902; Unicesumar. Baixe agora mesmo um Mapa Pronto resolvido!","robots":{"index":"index","follow":"follow","max-snippet":"max-snippet:-1","max-image-preview":"max-image-preview:large","max-video-preview":"max-video-preview:-1"},"canonical":"https:\/\/atividademapa.com\/?product=mapa-esoft-sistemas-operacionais-53_2025","og_locale":"pt_BR","og_type":"article","og_title":"MAPA - ESOFT - Sistemas Operacionais - 53_2025","og_description":"Atividade MAPA - ESOFT - Sistemas Operacionais - 53_2025 &#8902; Unicesumar. Baixe agora mesmo um Mapa Pronto resolvido!","og_url":"https:\/\/atividademapa.com\/?product=mapa-esoft-sistemas-operacionais-53_2025","og_site_name":"Atividade Mapa","article_modified_time":"2025-09-21T04:14:44+00:00","og_image":[{"width":300,"height":300,"url":"https:\/\/i0.wp.com\/atividademapa.com\/wp-content\/uploads\/2023\/03\/Atividade-M.A.P.A-3.png?fit=300%2C300&ssl=1","type":"image\/png"}],"twitter_card":"summary_large_image","twitter_misc":{"Est. tempo de leitura":"3 minutos"},"schema":{"@context":"https:\/\/schema.org","@graph":[{"@type":"WebPage","@id":"https:\/\/atividademapa.com\/?product=mapa-esoft-sistemas-operacionais-53_2025","url":"https:\/\/atividademapa.com\/?product=mapa-esoft-sistemas-operacionais-53_2025","name":"MAPA - ESOFT - Sistemas Operacionais - 53_2025","isPartOf":{"@id":"https:\/\/atividademapa.com\/#website"},"primaryImageOfPage":{"@id":"https:\/\/atividademapa.com\/?product=mapa-esoft-sistemas-operacionais-53_2025#primaryimage"},"image":{"@id":"https:\/\/atividademapa.com\/?product=mapa-esoft-sistemas-operacionais-53_2025#primaryimage"},"thumbnailUrl":"https:\/\/i0.wp.com\/atividademapa.com\/wp-content\/uploads\/2023\/03\/Atividade-M.A.P.A-3.png?fit=300%2C300&ssl=1","datePublished":"2025-09-20T15:01:34+00:00","dateModified":"2025-09-21T04:14:44+00:00","description":"Atividade MAPA - ESOFT - Sistemas Operacionais - 53_2025 &#8902; Unicesumar. Baixe agora mesmo um Mapa Pronto resolvido!","breadcrumb":{"@id":"https:\/\/atividademapa.com\/?product=mapa-esoft-sistemas-operacionais-53_2025#breadcrumb"},"inLanguage":"pt-BR","potentialAction":[{"@type":"ReadAction","target":["https:\/\/atividademapa.com\/?product=mapa-esoft-sistemas-operacionais-53_2025"]}]},{"@type":"ImageObject","inLanguage":"pt-BR","@id":"https:\/\/atividademapa.com\/?product=mapa-esoft-sistemas-operacionais-53_2025#primaryimage","url":"https:\/\/i0.wp.com\/atividademapa.com\/wp-content\/uploads\/2023\/03\/Atividade-M.A.P.A-3.png?fit=300%2C300&ssl=1","contentUrl":"https:\/\/i0.wp.com\/atividademapa.com\/wp-content\/uploads\/2023\/03\/Atividade-M.A.P.A-3.png?fit=300%2C300&ssl=1","width":300,"height":300,"caption":"Mapa Unicesumar Atividade"},{"@type":"BreadcrumbList","@id":"https:\/\/atividademapa.com\/?product=mapa-esoft-sistemas-operacionais-53_2025#breadcrumb","itemListElement":[{"@type":"ListItem","position":1,"name":"In\u00edcio","item":"https:\/\/atividademapa.com\/"},{"@type":"ListItem","position":2,"name":"MAPAS","item":"https:\/\/atividademapa.com\/?page_id=5"},{"@type":"ListItem","position":3,"name":"MAPA &#8211; ESOFT &#8211; Sistemas Operacionais &#8211; 53_2025"}]},{"@type":"WebSite","@id":"https:\/\/atividademapa.com\/#website","url":"https:\/\/atividademapa.com\/","name":"Atividade Mapa","description":"StudeO | Unicesumar","publisher":{"@id":"https:\/\/atividademapa.com\/#organization"},"potentialAction":[{"@type":"SearchAction","target":{"@type":"EntryPoint","urlTemplate":"https:\/\/atividademapa.com\/?s={search_term_string}"},"query-input":{"@type":"PropertyValueSpecification","valueRequired":true,"valueName":"search_term_string"}}],"inLanguage":"pt-BR"},{"@type":"Organization","@id":"https:\/\/atividademapa.com\/#organization","name":"Atividade MAPA","url":"https:\/\/atividademapa.com\/","logo":{"@type":"ImageObject","inLanguage":"pt-BR","@id":"https:\/\/atividademapa.com\/#\/schema\/logo\/image\/","url":"https:\/\/i0.wp.com\/atividademapa.com\/wp-content\/uploads\/2023\/02\/ATIVIDADE.png?fit=600%2C300&ssl=1","contentUrl":"https:\/\/i0.wp.com\/atividademapa.com\/wp-content\/uploads\/2023\/02\/ATIVIDADE.png?fit=600%2C300&ssl=1","width":600,"height":300,"caption":"Atividade MAPA"},"image":{"@id":"https:\/\/atividademapa.com\/#\/schema\/logo\/image\/"}}]}},"_links":{"self":[{"href":"https:\/\/atividademapa.com\/index.php?rest_route=\/wp\/v2\/product\/6335","targetHints":{"allow":["GET"]}}],"collection":[{"href":"https:\/\/atividademapa.com\/index.php?rest_route=\/wp\/v2\/product"}],"about":[{"href":"https:\/\/atividademapa.com\/index.php?rest_route=\/wp\/v2\/types\/product"}],"version-history":[{"count":1,"href":"https:\/\/atividademapa.com\/index.php?rest_route=\/wp\/v2\/product\/6335\/revisions"}],"predecessor-version":[{"id":6337,"href":"https:\/\/atividademapa.com\/index.php?rest_route=\/wp\/v2\/product\/6335\/revisions\/6337"}],"wp:featuredmedia":[{"embeddable":true,"href":"https:\/\/atividademapa.com\/index.php?rest_route=\/wp\/v2\/media\/2326"}],"wp:attachment":[{"href":"https:\/\/atividademapa.com\/index.php?rest_route=%2Fwp%2Fv2%2Fmedia&parent=6335"}],"wp:term":[{"taxonomy":"product_brand","embeddable":true,"href":"https:\/\/atividademapa.com\/index.php?rest_route=%2Fwp%2Fv2%2Fproduct_brand&post=6335"},{"taxonomy":"product_cat","embeddable":true,"href":"https:\/\/atividademapa.com\/index.php?rest_route=%2Fwp%2Fv2%2Fproduct_cat&post=6335"},{"taxonomy":"product_tag","embeddable":true,"href":"https:\/\/atividademapa.com\/index.php?rest_route=%2Fwp%2Fv2%2Fproduct_tag&post=6335"}],"curies":[{"name":"wp","href":"https:\/\/api.w.org\/{rel}","templated":true}]}}