{"id":6340,"date":"2025-09-21T01:27:50","date_gmt":"2025-09-21T04:27:50","guid":{"rendered":"https:\/\/atividademapa.com\/?post_type=product&#038;p=6340"},"modified":"2025-09-21T01:28:20","modified_gmt":"2025-09-21T04:28:20","slug":"mapa-engenharia-de-tempos-e-metodos-53-2025","status":"publish","type":"product","link":"https:\/\/atividademapa.com\/?product=mapa-engenharia-de-tempos-e-metodos-53-2025","title":{"rendered":"MAPA &#8211; Engenharia de Tempos e M\u00e9todos &#8211; 53\/2025"},"content":{"rendered":"<p>MAPA &#8211; ENGENHARIA DE TEMPOS E M\u00c9TODOS &#8211; 53\/2025<\/p>\n<p>A empresa Auto X Montadora de Ve\u00edculos Ltda., sediada no interior do Paran\u00e1, atua h\u00e1 mais de 20 anos no setor automotivo nacional, com foco na montagem de SUVs para o mercado interno e para exporta\u00e7\u00e3o. A planta opera com tr\u00eas turnos di\u00e1rios e adota o sistema de produ\u00e7\u00e3o em linha cont\u00ednua.<br \/>\nEm 2024, a empresa iniciou um projeto de reestrutura\u00e7\u00e3o fabril, com foco no aumento da produtividade, elimina\u00e7\u00e3o de desperd\u00edcios e melhorias na qualidade dos processos.<br \/>\nComo parte desse projeto, a engenharia industrial decidiu aplicar os conceitos da Engenharia de Tempos e M\u00e9todos (ETM) para mapear e padronizar as atividades da linha de montagem final do SUV modelo Alfa. O objetivo principal \u00e9 mensurar o tempo necess\u00e1rio para cada opera\u00e7\u00e3o, identificar gargalos e projetar a real capacidade de produ\u00e7\u00e3o da linha.<br \/>\nA equipe de engenharia selecionou as 15 opera\u00e7\u00f5es da linha de montagem e realizou cronometragens por opera\u00e7\u00e3o, utilizando operadores experientes, em ritmo normal de trabalho, conforme a Tabela 1:<\/p>\n<p><img data-recalc-dims=\"1\" loading=\"lazy\" decoding=\"async\" class=\"alignnone wp-image-6342\" src=\"https:\/\/i0.wp.com\/atividademapa.com\/wp-content\/uploads\/2025\/09\/77ba12fd-9616-4814-b213-a2f3a4ca6b54.png?resize=337%2C99&#038;ssl=1\" alt=\"\" width=\"337\" height=\"99\" srcset=\"https:\/\/i0.wp.com\/atividademapa.com\/wp-content\/uploads\/2025\/09\/77ba12fd-9616-4814-b213-a2f3a4ca6b54.png?resize=300%2C88&amp;ssl=1 300w, https:\/\/i0.wp.com\/atividademapa.com\/wp-content\/uploads\/2025\/09\/77ba12fd-9616-4814-b213-a2f3a4ca6b54.png?resize=768%2C225&amp;ssl=1 768w, https:\/\/i0.wp.com\/atividademapa.com\/wp-content\/uploads\/2025\/09\/77ba12fd-9616-4814-b213-a2f3a4ca6b54.png?resize=600%2C176&amp;ssl=1 600w, https:\/\/i0.wp.com\/atividademapa.com\/wp-content\/uploads\/2025\/09\/77ba12fd-9616-4814-b213-a2f3a4ca6b54.png?resize=150%2C44&amp;ssl=1 150w, https:\/\/i0.wp.com\/atividademapa.com\/wp-content\/uploads\/2025\/09\/77ba12fd-9616-4814-b213-a2f3a4ca6b54.png?w=1004&amp;ssl=1 1004w\" sizes=\"auto, (max-width: 337px) 100vw, 337px\" \/><\/p>\n<p>Para a realiza\u00e7\u00e3o deste estudo, devem ser considerados os seguintes crit\u00e9rios t\u00e9cnicos e par\u00e2metros operacionais. A jornada de trabalho \u00e9 de 8 horas di\u00e1rias. No entanto, o tempo efetivamente dispon\u00edvel para produ\u00e7\u00e3o corresponde a 7,5 horas, sendo que os 30 minutos restantes s\u00e3o destinados \u00e0 toler\u00e2ncia, sendo 20 minutos para necessidades pessoais e 10 minutos para fadiga).<br \/>\nAl\u00e9m disso, deve-se considerar que o ritmo m\u00e9dio dos operadores \u00e9 de 104%, o que indica um desempenho acima do ritmo padr\u00e3o. Para garantir a precis\u00e3o estat\u00edstica das medi\u00e7\u00f5es, o estudo deve ser realizado com um erro relativo de 5% e um n\u00edvel de confian\u00e7a de 95%.<br \/>\nCom base nos dados apresentados e nos conhecimentos adquiridos na disciplina, voc\u00ea dever\u00e1:<\/p>\n<p>a) Determinar o n\u00famero de cronometragens necess\u00e1rias.<br \/>\nb) Calcular o Tempo Normal (TN) de cada opera\u00e7\u00e3o.<br \/>\nc) Calcular o Tempo Padr\u00e3o (TP).<br \/>\nd) Estimar a Capacidade Produtiva Di\u00e1ria e Semanal.<br \/>\ne) Elaborar um relato t\u00e9cnico apresentando as conclus\u00f5es obtidas com a an\u00e1lise dos dados de tempos e m\u00e9todos aplicados na linha de montagem da Auto X.<\/p>\n<p>&nbsp;<\/p>\n<p>&nbsp;<\/p>\n","protected":false},"excerpt":{"rendered":"<p>MAPA &#8211; ENGENHARIA DE TEMPOS E M\u00c9TODOS &#8211; 53\/2025 A empresa Auto X Montadora de Ve\u00edculos Ltda., sediada no interior<\/p>\n","protected":false},"featured_media":2326,"template":"","meta":{"_monsterinsights_skip_tracking":false,"_monsterinsights_sitenote_active":false,"_monsterinsights_sitenote_note":"","_monsterinsights_sitenote_category":0},"product_brand":[],"product_cat":[45],"product_tag":[],"class_list":{"0":"post-6340","1":"product","2":"type-product","3":"status-publish","4":"has-post-thumbnail","6":"product_cat-engenharias","8":"first","9":"instock","10":"downloadable","11":"virtual","12":"purchasable","13":"product-type-simple"},"yoast_head":"<!-- This site is optimized with the Yoast SEO plugin v27.4 - https:\/\/yoast.com\/product\/yoast-seo-wordpress\/ -->\n<title>MAPA - Engenharia de Tempos e M\u00e9todos - 53\/2025<\/title>\n<meta name=\"description\" content=\"Atividade MAPA - Engenharia de Tempos e M\u00e9todos - 53\/2025 &#8902; Unicesumar. Baixe agora mesmo um Mapa Pronto resolvido!\" \/>\n<meta name=\"robots\" content=\"index, follow, max-snippet:-1, max-image-preview:large, max-video-preview:-1\" \/>\n<link rel=\"canonical\" href=\"https:\/\/atividademapa.com\/?product=mapa-engenharia-de-tempos-e-metodos-53-2025\" \/>\n<meta property=\"og:locale\" content=\"pt_BR\" \/>\n<meta property=\"og:type\" content=\"article\" \/>\n<meta property=\"og:title\" content=\"MAPA - Engenharia de Tempos e M\u00e9todos - 53\/2025\" \/>\n<meta property=\"og:description\" content=\"Atividade MAPA - Engenharia de Tempos e M\u00e9todos - 53\/2025 &#8902; Unicesumar. Baixe agora mesmo um Mapa Pronto resolvido!\" \/>\n<meta property=\"og:url\" content=\"https:\/\/atividademapa.com\/?product=mapa-engenharia-de-tempos-e-metodos-53-2025\" \/>\n<meta property=\"og:site_name\" content=\"Atividade Mapa\" \/>\n<meta property=\"article:modified_time\" content=\"2025-09-21T04:28:20+00:00\" \/>\n<meta property=\"og:image\" content=\"https:\/\/i0.wp.com\/atividademapa.com\/wp-content\/uploads\/2023\/03\/Atividade-M.A.P.A-3.png?fit=300%2C300&ssl=1\" \/>\n\t<meta property=\"og:image:width\" content=\"300\" \/>\n\t<meta property=\"og:image:height\" content=\"300\" \/>\n\t<meta property=\"og:image:type\" content=\"image\/png\" \/>\n<meta name=\"twitter:card\" content=\"summary_large_image\" \/>\n<meta name=\"twitter:label1\" content=\"Est. tempo de leitura\" \/>\n\t<meta name=\"twitter:data1\" content=\"2 minutos\" \/>\n<script type=\"application\/ld+json\" class=\"yoast-schema-graph\">{\"@context\":\"https:\\\/\\\/schema.org\",\"@graph\":[{\"@type\":\"WebPage\",\"@id\":\"https:\\\/\\\/atividademapa.com\\\/?product=mapa-engenharia-de-tempos-e-metodos-53-2025\",\"url\":\"https:\\\/\\\/atividademapa.com\\\/?product=mapa-engenharia-de-tempos-e-metodos-53-2025\",\"name\":\"MAPA - Engenharia de Tempos e M\u00e9todos - 53\\\/2025\",\"isPartOf\":{\"@id\":\"https:\\\/\\\/atividademapa.com\\\/#website\"},\"primaryImageOfPage\":{\"@id\":\"https:\\\/\\\/atividademapa.com\\\/?product=mapa-engenharia-de-tempos-e-metodos-53-2025#primaryimage\"},\"image\":{\"@id\":\"https:\\\/\\\/atividademapa.com\\\/?product=mapa-engenharia-de-tempos-e-metodos-53-2025#primaryimage\"},\"thumbnailUrl\":\"https:\\\/\\\/i0.wp.com\\\/atividademapa.com\\\/wp-content\\\/uploads\\\/2023\\\/03\\\/Atividade-M.A.P.A-3.png?fit=300%2C300&ssl=1\",\"datePublished\":\"2025-09-21T04:27:50+00:00\",\"dateModified\":\"2025-09-21T04:28:20+00:00\",\"description\":\"Atividade MAPA - Engenharia de Tempos e M\u00e9todos - 53\\\/2025 &#8902; Unicesumar. Baixe agora mesmo um Mapa Pronto resolvido!\",\"breadcrumb\":{\"@id\":\"https:\\\/\\\/atividademapa.com\\\/?product=mapa-engenharia-de-tempos-e-metodos-53-2025#breadcrumb\"},\"inLanguage\":\"pt-BR\",\"potentialAction\":[{\"@type\":\"ReadAction\",\"target\":[\"https:\\\/\\\/atividademapa.com\\\/?product=mapa-engenharia-de-tempos-e-metodos-53-2025\"]}]},{\"@type\":\"ImageObject\",\"inLanguage\":\"pt-BR\",\"@id\":\"https:\\\/\\\/atividademapa.com\\\/?product=mapa-engenharia-de-tempos-e-metodos-53-2025#primaryimage\",\"url\":\"https:\\\/\\\/i0.wp.com\\\/atividademapa.com\\\/wp-content\\\/uploads\\\/2023\\\/03\\\/Atividade-M.A.P.A-3.png?fit=300%2C300&ssl=1\",\"contentUrl\":\"https:\\\/\\\/i0.wp.com\\\/atividademapa.com\\\/wp-content\\\/uploads\\\/2023\\\/03\\\/Atividade-M.A.P.A-3.png?fit=300%2C300&ssl=1\",\"width\":300,\"height\":300,\"caption\":\"Mapa Unicesumar Atividade\"},{\"@type\":\"BreadcrumbList\",\"@id\":\"https:\\\/\\\/atividademapa.com\\\/?product=mapa-engenharia-de-tempos-e-metodos-53-2025#breadcrumb\",\"itemListElement\":[{\"@type\":\"ListItem\",\"position\":1,\"name\":\"In\u00edcio\",\"item\":\"https:\\\/\\\/atividademapa.com\\\/\"},{\"@type\":\"ListItem\",\"position\":2,\"name\":\"MAPAS\",\"item\":\"https:\\\/\\\/atividademapa.com\\\/?page_id=5\"},{\"@type\":\"ListItem\",\"position\":3,\"name\":\"MAPA &#8211; Engenharia de Tempos e M\u00e9todos &#8211; 53\\\/2025\"}]},{\"@type\":\"WebSite\",\"@id\":\"https:\\\/\\\/atividademapa.com\\\/#website\",\"url\":\"https:\\\/\\\/atividademapa.com\\\/\",\"name\":\"Atividade Mapa\",\"description\":\"StudeO | Unicesumar\",\"publisher\":{\"@id\":\"https:\\\/\\\/atividademapa.com\\\/#organization\"},\"potentialAction\":[{\"@type\":\"SearchAction\",\"target\":{\"@type\":\"EntryPoint\",\"urlTemplate\":\"https:\\\/\\\/atividademapa.com\\\/?s={search_term_string}\"},\"query-input\":{\"@type\":\"PropertyValueSpecification\",\"valueRequired\":true,\"valueName\":\"search_term_string\"}}],\"inLanguage\":\"pt-BR\"},{\"@type\":\"Organization\",\"@id\":\"https:\\\/\\\/atividademapa.com\\\/#organization\",\"name\":\"Atividade MAPA\",\"url\":\"https:\\\/\\\/atividademapa.com\\\/\",\"logo\":{\"@type\":\"ImageObject\",\"inLanguage\":\"pt-BR\",\"@id\":\"https:\\\/\\\/atividademapa.com\\\/#\\\/schema\\\/logo\\\/image\\\/\",\"url\":\"https:\\\/\\\/i0.wp.com\\\/atividademapa.com\\\/wp-content\\\/uploads\\\/2023\\\/02\\\/ATIVIDADE.png?fit=600%2C300&ssl=1\",\"contentUrl\":\"https:\\\/\\\/i0.wp.com\\\/atividademapa.com\\\/wp-content\\\/uploads\\\/2023\\\/02\\\/ATIVIDADE.png?fit=600%2C300&ssl=1\",\"width\":600,\"height\":300,\"caption\":\"Atividade MAPA\"},\"image\":{\"@id\":\"https:\\\/\\\/atividademapa.com\\\/#\\\/schema\\\/logo\\\/image\\\/\"}}]}<\/script>\n<!-- \/ Yoast SEO plugin. -->","yoast_head_json":{"title":"MAPA - Engenharia de Tempos e M\u00e9todos - 53\/2025","description":"Atividade MAPA - Engenharia de Tempos e M\u00e9todos - 53\/2025 &#8902; Unicesumar. Baixe agora mesmo um Mapa Pronto resolvido!","robots":{"index":"index","follow":"follow","max-snippet":"max-snippet:-1","max-image-preview":"max-image-preview:large","max-video-preview":"max-video-preview:-1"},"canonical":"https:\/\/atividademapa.com\/?product=mapa-engenharia-de-tempos-e-metodos-53-2025","og_locale":"pt_BR","og_type":"article","og_title":"MAPA - Engenharia de Tempos e M\u00e9todos - 53\/2025","og_description":"Atividade MAPA - Engenharia de Tempos e M\u00e9todos - 53\/2025 &#8902; Unicesumar. Baixe agora mesmo um Mapa Pronto resolvido!","og_url":"https:\/\/atividademapa.com\/?product=mapa-engenharia-de-tempos-e-metodos-53-2025","og_site_name":"Atividade Mapa","article_modified_time":"2025-09-21T04:28:20+00:00","og_image":[{"width":300,"height":300,"url":"https:\/\/i0.wp.com\/atividademapa.com\/wp-content\/uploads\/2023\/03\/Atividade-M.A.P.A-3.png?fit=300%2C300&ssl=1","type":"image\/png"}],"twitter_card":"summary_large_image","twitter_misc":{"Est. tempo de leitura":"2 minutos"},"schema":{"@context":"https:\/\/schema.org","@graph":[{"@type":"WebPage","@id":"https:\/\/atividademapa.com\/?product=mapa-engenharia-de-tempos-e-metodos-53-2025","url":"https:\/\/atividademapa.com\/?product=mapa-engenharia-de-tempos-e-metodos-53-2025","name":"MAPA - Engenharia de Tempos e M\u00e9todos - 53\/2025","isPartOf":{"@id":"https:\/\/atividademapa.com\/#website"},"primaryImageOfPage":{"@id":"https:\/\/atividademapa.com\/?product=mapa-engenharia-de-tempos-e-metodos-53-2025#primaryimage"},"image":{"@id":"https:\/\/atividademapa.com\/?product=mapa-engenharia-de-tempos-e-metodos-53-2025#primaryimage"},"thumbnailUrl":"https:\/\/i0.wp.com\/atividademapa.com\/wp-content\/uploads\/2023\/03\/Atividade-M.A.P.A-3.png?fit=300%2C300&ssl=1","datePublished":"2025-09-21T04:27:50+00:00","dateModified":"2025-09-21T04:28:20+00:00","description":"Atividade MAPA - Engenharia de Tempos e M\u00e9todos - 53\/2025 &#8902; Unicesumar. Baixe agora mesmo um Mapa Pronto resolvido!","breadcrumb":{"@id":"https:\/\/atividademapa.com\/?product=mapa-engenharia-de-tempos-e-metodos-53-2025#breadcrumb"},"inLanguage":"pt-BR","potentialAction":[{"@type":"ReadAction","target":["https:\/\/atividademapa.com\/?product=mapa-engenharia-de-tempos-e-metodos-53-2025"]}]},{"@type":"ImageObject","inLanguage":"pt-BR","@id":"https:\/\/atividademapa.com\/?product=mapa-engenharia-de-tempos-e-metodos-53-2025#primaryimage","url":"https:\/\/i0.wp.com\/atividademapa.com\/wp-content\/uploads\/2023\/03\/Atividade-M.A.P.A-3.png?fit=300%2C300&ssl=1","contentUrl":"https:\/\/i0.wp.com\/atividademapa.com\/wp-content\/uploads\/2023\/03\/Atividade-M.A.P.A-3.png?fit=300%2C300&ssl=1","width":300,"height":300,"caption":"Mapa Unicesumar Atividade"},{"@type":"BreadcrumbList","@id":"https:\/\/atividademapa.com\/?product=mapa-engenharia-de-tempos-e-metodos-53-2025#breadcrumb","itemListElement":[{"@type":"ListItem","position":1,"name":"In\u00edcio","item":"https:\/\/atividademapa.com\/"},{"@type":"ListItem","position":2,"name":"MAPAS","item":"https:\/\/atividademapa.com\/?page_id=5"},{"@type":"ListItem","position":3,"name":"MAPA &#8211; Engenharia de Tempos e M\u00e9todos &#8211; 53\/2025"}]},{"@type":"WebSite","@id":"https:\/\/atividademapa.com\/#website","url":"https:\/\/atividademapa.com\/","name":"Atividade Mapa","description":"StudeO | Unicesumar","publisher":{"@id":"https:\/\/atividademapa.com\/#organization"},"potentialAction":[{"@type":"SearchAction","target":{"@type":"EntryPoint","urlTemplate":"https:\/\/atividademapa.com\/?s={search_term_string}"},"query-input":{"@type":"PropertyValueSpecification","valueRequired":true,"valueName":"search_term_string"}}],"inLanguage":"pt-BR"},{"@type":"Organization","@id":"https:\/\/atividademapa.com\/#organization","name":"Atividade MAPA","url":"https:\/\/atividademapa.com\/","logo":{"@type":"ImageObject","inLanguage":"pt-BR","@id":"https:\/\/atividademapa.com\/#\/schema\/logo\/image\/","url":"https:\/\/i0.wp.com\/atividademapa.com\/wp-content\/uploads\/2023\/02\/ATIVIDADE.png?fit=600%2C300&ssl=1","contentUrl":"https:\/\/i0.wp.com\/atividademapa.com\/wp-content\/uploads\/2023\/02\/ATIVIDADE.png?fit=600%2C300&ssl=1","width":600,"height":300,"caption":"Atividade MAPA"},"image":{"@id":"https:\/\/atividademapa.com\/#\/schema\/logo\/image\/"}}]}},"_links":{"self":[{"href":"https:\/\/atividademapa.com\/index.php?rest_route=\/wp\/v2\/product\/6340","targetHints":{"allow":["GET"]}}],"collection":[{"href":"https:\/\/atividademapa.com\/index.php?rest_route=\/wp\/v2\/product"}],"about":[{"href":"https:\/\/atividademapa.com\/index.php?rest_route=\/wp\/v2\/types\/product"}],"version-history":[{"count":1,"href":"https:\/\/atividademapa.com\/index.php?rest_route=\/wp\/v2\/product\/6340\/revisions"}],"predecessor-version":[{"id":6343,"href":"https:\/\/atividademapa.com\/index.php?rest_route=\/wp\/v2\/product\/6340\/revisions\/6343"}],"wp:featuredmedia":[{"embeddable":true,"href":"https:\/\/atividademapa.com\/index.php?rest_route=\/wp\/v2\/media\/2326"}],"wp:attachment":[{"href":"https:\/\/atividademapa.com\/index.php?rest_route=%2Fwp%2Fv2%2Fmedia&parent=6340"}],"wp:term":[{"taxonomy":"product_brand","embeddable":true,"href":"https:\/\/atividademapa.com\/index.php?rest_route=%2Fwp%2Fv2%2Fproduct_brand&post=6340"},{"taxonomy":"product_cat","embeddable":true,"href":"https:\/\/atividademapa.com\/index.php?rest_route=%2Fwp%2Fv2%2Fproduct_cat&post=6340"},{"taxonomy":"product_tag","embeddable":true,"href":"https:\/\/atividademapa.com\/index.php?rest_route=%2Fwp%2Fv2%2Fproduct_tag&post=6340"}],"curies":[{"name":"wp","href":"https:\/\/api.w.org\/{rel}","templated":true}]}}