{"id":6347,"date":"2025-09-21T01:43:04","date_gmt":"2025-09-21T04:43:04","guid":{"rendered":"https:\/\/atividademapa.com\/?post_type=product&#038;p=6347"},"modified":"2025-09-21T01:43:05","modified_gmt":"2025-09-21T04:43:05","slug":"mapa-planejamento-estrategico-53_2025","status":"publish","type":"product","link":"https:\/\/atividademapa.com\/?product=mapa-planejamento-estrategico-53_2025","title":{"rendered":"MAPA &#8211; Planejamento Estrat\u00e9gico &#8211; 53_2025"},"content":{"rendered":"<p>MAPA &#8211; PLANEJAMENTO ESTRAT\u00c9GICO &#8211; 53_2025<\/p>\n<p class=\"ng-scope\">\u200b<strong>PROBLEMATIZA\u00c7\u00c3O<\/strong><\/p>\n<p class=\"ng-scope\">\u201cDefinir uma miss\u00e3o, vis\u00e3o e valores claros para a empresa \u00e9 fundamental para estabelecer um prop\u00f3sito e dar um norte para onde a organiza\u00e7\u00e3o quer chegar. Ter essas defini\u00e7\u00f5es bem estruturadas ajuda a tra\u00e7ar objetivos, criar estrat\u00e9gias, tomar decis\u00f5es e guiar as a\u00e7\u00f5es no dia a dia\u201d.<\/p>\n<p class=\"ng-scope\">Fonte: https:\/\/respostas.sebrae.com.br\/missao-visao-valores-as-3-chaves-para-moldar-o-proposito-e-identidade-da-sua-empresa\/.<\/p>\n<div class=\"ng-scope\">Ter um norte em uma organiza\u00e7\u00e3o \u00e9 saber onde a sua empresa quer chegar, \u00e9 definir caminhos e mostrar com clareza o que ela faz e seus diferenciais. E para atingir esse objetivo surge a miss\u00e3o, vis\u00e3o e valores de uma empresa, que permite essa visibilidade interna e externa para todos que se relacionam com a empresa.<\/div>\n<div class=\"ng-scope\"><\/div>\n<p class=\"ng-scope\"><strong>SIGNIFICA\u00c7\u00c3O<\/strong><\/p>\n<p class=\"ng-scope\">Assim surge a nossa disciplina de planejamento estrat\u00e9gico para trazer at\u00e9 voc\u00ea os conhecimentos do diagn\u00f3stico para miss\u00e3o, vis\u00e3o, valores e objetivos organizacionais. Aplicar esses conceitos \u00e9 se posicionar como empresa, saber quem somos, onde estamos, aonde queremos chegar e quais s\u00e3o os objetivos necess\u00e1rios para chegar l\u00e1.<\/p>\n<div class=\"ng-scope\"><strong>EXPERIMENTA\u00c7\u00c3O<\/strong><\/div>\n<p class=\"ng-scope\">Bom, e que tal experimentar uma forma de elaborar uma miss\u00e3o para uma empresa.<\/p>\n<p class=\"ng-scope\">Sendo assim, lhe convido a assistir ao v\u00eddeo do link a seguir:<\/p>\n<p class=\"ng-scope\"><iframe loading=\"lazy\" title=\"Como elaborar a miss\u00e3o da minha empresa\" width=\"500\" height=\"281\" src=\"https:\/\/www.youtube.com\/embed\/MtDtncecW24?feature=oembed\" frameborder=\"0\" allow=\"accelerometer; autoplay; clipboard-write; encrypted-media; gyroscope; picture-in-picture; web-share\" referrerpolicy=\"strict-origin-when-cross-origin\" allowfullscreen><\/iframe><\/p>\n<p class=\"ng-scope\">Vamos experimentar esse caso e aprender!<\/p>\n<div class=\"ng-scope\"><\/div>\n<p class=\"ng-scope\"><strong>REFLEX\u00c3O<\/strong><\/p>\n<p class=\"ng-scope\">Ap\u00f3s ter essa experimenta\u00e7\u00e3o, gostaria que voc\u00ea refletisse sobre as miss\u00f5es empresariais que voc\u00ea j\u00e1 teve contato com alguma empresa ou pesquise sobre, reflita se essas empresas colocam em pr\u00e1tica aquilo que mencionam em suas miss\u00f5es? Realize essa reflex\u00e3o, ela ser\u00e1 importante para o desenvolvimento de sua atividade.<\/p>\n<div class=\"ng-scope\"><\/div>\n<p class=\"ng-scope\"><strong>CONCEITUALIZA\u00c7\u00c3O<\/strong><\/p>\n<p class=\"ng-scope\">No nosso pr\u00f3prio livro did\u00e1tico de planejamento estrat\u00e9gico, estudamos e aprendemos sobre a import\u00e2ncia da miss\u00e3o empresarial.<\/p>\n<p class=\"ng-scope\">\u201cTorna-se claro que a declara\u00e7\u00e3o da miss\u00e3o empresarial n\u00e3o deve ser um exerc\u00edcio de marketing interno ou mesmo externo, em que uma bela frase \u00e9 colocada no site da organiza\u00e7\u00e3o ou emoldurada nas salas dos diversos departamentos. Deve, sim, ter um significado profundo, sendo um direcionador dos esfor\u00e7os da organiza\u00e7\u00e3o para atender os seus stakeholders\u201d.<\/p>\n<p class=\"ng-scope\">PARDO, P.; PAI\u00c3O, L.\u202fS.\u00a0<strong>Planejamento estrat\u00e9gico<\/strong>. Maring\u00e1: Unicesumar, 2022.\u00a0p. 75.<\/p>\n<div class=\"ng-scope\"><\/div>\n<p class=\"ng-scope\"><strong>A\u00c7\u00c3O<\/strong><\/p>\n<p class=\"ng-scope\">Chegou o momento mais esperado em sua atividade Mapa, aquele em que voc\u00ea ir\u00e1 colocar a m\u00e3o na massa, e partir para a A\u00e7\u00e3o.<\/p>\n<p class=\"ng-scope\">Nesta atividade Mapa, voc\u00ea ser\u00e1 convidado a preparar um diagn\u00f3stico de miss\u00e3o, vis\u00e3o e valores para uma empresa na \u00e1rea industrial e definir objetivos organizacionais.<\/p>\n<p class=\"ng-scope\">Para realizar a sua atividade Mapa, voc\u00ea ter\u00e1 algumas etapas, vamos para cada uma delas.<\/p>\n<div class=\"ng-scope\"><\/div>\n<p class=\"ng-scope\"><strong>Etapa 1 \u2013 Escolhendo a empresa na \u00e1rea industrial.<\/strong><\/p>\n<p class=\"ng-scope\">Voc\u00ea dever\u00e1 escolher uma empresa que voc\u00ea j\u00e1 atuou, ou est\u00e1 atuando obrigatoriamente na \u00e1rea industrial, caso voc\u00ea n\u00e3o teve essa oportunidade poder\u00e1 ser escolhida uma empresa da sua cidade ou regi\u00e3o.<\/p>\n<p class=\"ng-scope\">Caso n\u00e3o queira citar o nome da empresa na \u00e1rea industrial, poder\u00e1 ser citado o seguimento dentro da \u00e1rea industrial que ela atua.<\/p>\n<div class=\"ng-scope\"><\/div>\n<p class=\"ng-scope\"><strong>Etapa 2 \u2013 Boas pr\u00e1ticas na elabora\u00e7\u00e3o da miss\u00e3o empresarial.<\/strong><\/p>\n<p class=\"ng-scope\">Agora, nesta etapa voc\u00ea dever\u00e1 pontuar quais s\u00e3o as boas pr\u00e1ticas na elabora\u00e7\u00e3o de uma miss\u00e3o empresarial e a sua resposta ter\u00e1 como base o v\u00eddeo da experimenta\u00e7\u00e3o assistido anteriormente.<\/p>\n<p class=\"ng-scope\">No v\u00eddeo da experimenta\u00e7\u00e3o \u00e9 listado perguntas que devem ser respondidas na constru\u00e7\u00e3o de uma miss\u00e3o empresarial. Portanto, em sua resposta, apenas pontue quais s\u00e3o essas perguntas.<\/p>\n<div class=\"ng-scope\"><\/div>\n<p class=\"ng-scope\"><strong>Etapa 3 \u2013 Definindo a miss\u00e3o da empresa na \u00e1rea industrial.<\/strong><\/p>\n<p class=\"ng-scope\">Nesta etapa, voc\u00ea dever\u00e1 definir uma miss\u00e3o para a empresa na \u00e1rea industrial escolhida na etapa 1. Por\u00e9m, essa miss\u00e3o dever\u00e1 ser elaborada utilizando as boas pr\u00e1ticas listadas na etapa 2, ou seja, a miss\u00e3o que voc\u00ea ir\u00e1 descrever com suas palavras ter\u00e1 que atender cada uma das perguntas listadas na etapa 2.<\/p>\n<p class=\"ng-scope\">Desta forma, voc\u00ea ter\u00e1 em sua resposta uma miss\u00e3o para a empresa da \u00e1rea industrial com as boas pr\u00e1ticas em sua elabora\u00e7\u00e3o.<\/p>\n<div class=\"ng-scope\"><\/div>\n<p class=\"ng-scope\"><strong>Etapa 4 \u2013 Definindo objetivos organizacionais da empresa na \u00e1rea industrial.<\/strong><\/p>\n<p class=\"ng-scope\">Por fim, com a miss\u00e3o elaborada na etapa 3, voc\u00ea dever\u00e1 definir no m\u00ednimo dois objetivos organizacionais para atender essa miss\u00e3o.<\/p>\n<p class=\"ng-scope\">Ou seja, pensa com um gestor dentro da empresa na \u00e1rea industrial, que ela possui uma miss\u00e3o, uma raz\u00e3o de existir e elabore com suas palavras dois objetivos para alcan\u00e7ar essa miss\u00e3o empresarial.<\/p>\n","protected":false},"excerpt":{"rendered":"<p>MAPA &#8211; PLANEJAMENTO ESTRAT\u00c9GICO &#8211; 53_2025 \u200bPROBLEMATIZA\u00c7\u00c3O \u201cDefinir uma miss\u00e3o, vis\u00e3o e valores claros para a empresa \u00e9 fundamental para<\/p>\n","protected":false},"featured_media":2326,"template":"","meta":{"_monsterinsights_skip_tracking":false,"_monsterinsights_sitenote_active":false,"_monsterinsights_sitenote_note":"","_monsterinsights_sitenote_category":0},"product_brand":[],"product_cat":[152,45],"product_tag":[],"class_list":{"0":"post-6347","1":"product","2":"type-product","3":"status-publish","4":"has-post-thumbnail","6":"product_cat-engenharia-da-producao","7":"product_cat-engenharias","9":"first","10":"instock","11":"downloadable","12":"virtual","13":"purchasable","14":"product-type-simple"},"yoast_head":"<!-- This site is optimized with the Yoast SEO plugin v27.4 - https:\/\/yoast.com\/product\/yoast-seo-wordpress\/ -->\n<title>MAPA - Planejamento Estrat\u00e9gico - 53_2025<\/title>\n<meta name=\"description\" content=\"Atividade MAPA - Planejamento Estrat\u00e9gico - 53_2025 &#8902; Unicesumar. Baixe agora mesmo um Mapa Pronto resolvido!\" \/>\n<meta name=\"robots\" content=\"index, follow, max-snippet:-1, max-image-preview:large, max-video-preview:-1\" \/>\n<link rel=\"canonical\" href=\"https:\/\/atividademapa.com\/?product=mapa-planejamento-estrategico-53_2025\" \/>\n<meta property=\"og:locale\" content=\"pt_BR\" \/>\n<meta property=\"og:type\" content=\"article\" \/>\n<meta property=\"og:title\" content=\"MAPA - Planejamento Estrat\u00e9gico - 53_2025\" \/>\n<meta property=\"og:description\" content=\"Atividade MAPA - Planejamento Estrat\u00e9gico - 53_2025 &#8902; Unicesumar. Baixe agora mesmo um Mapa Pronto resolvido!\" \/>\n<meta property=\"og:url\" content=\"https:\/\/atividademapa.com\/?product=mapa-planejamento-estrategico-53_2025\" \/>\n<meta property=\"og:site_name\" content=\"Atividade Mapa\" \/>\n<meta property=\"article:modified_time\" content=\"2025-09-21T04:43:05+00:00\" \/>\n<meta property=\"og:image\" content=\"https:\/\/i0.wp.com\/atividademapa.com\/wp-content\/uploads\/2023\/03\/Atividade-M.A.P.A-3.png?fit=300%2C300&ssl=1\" \/>\n\t<meta property=\"og:image:width\" content=\"300\" \/>\n\t<meta property=\"og:image:height\" content=\"300\" \/>\n\t<meta property=\"og:image:type\" content=\"image\/png\" \/>\n<meta name=\"twitter:card\" content=\"summary_large_image\" \/>\n<meta name=\"twitter:label1\" content=\"Est. tempo de leitura\" \/>\n\t<meta name=\"twitter:data1\" content=\"4 minutos\" \/>\n<script type=\"application\/ld+json\" class=\"yoast-schema-graph\">{\"@context\":\"https:\\\/\\\/schema.org\",\"@graph\":[{\"@type\":\"WebPage\",\"@id\":\"https:\\\/\\\/atividademapa.com\\\/?product=mapa-planejamento-estrategico-53_2025\",\"url\":\"https:\\\/\\\/atividademapa.com\\\/?product=mapa-planejamento-estrategico-53_2025\",\"name\":\"MAPA - Planejamento Estrat\u00e9gico - 53_2025\",\"isPartOf\":{\"@id\":\"https:\\\/\\\/atividademapa.com\\\/#website\"},\"primaryImageOfPage\":{\"@id\":\"https:\\\/\\\/atividademapa.com\\\/?product=mapa-planejamento-estrategico-53_2025#primaryimage\"},\"image\":{\"@id\":\"https:\\\/\\\/atividademapa.com\\\/?product=mapa-planejamento-estrategico-53_2025#primaryimage\"},\"thumbnailUrl\":\"https:\\\/\\\/i0.wp.com\\\/atividademapa.com\\\/wp-content\\\/uploads\\\/2023\\\/03\\\/Atividade-M.A.P.A-3.png?fit=300%2C300&ssl=1\",\"datePublished\":\"2025-09-21T04:43:04+00:00\",\"dateModified\":\"2025-09-21T04:43:05+00:00\",\"description\":\"Atividade MAPA - Planejamento Estrat\u00e9gico - 53_2025 &#8902; Unicesumar. Baixe agora mesmo um Mapa Pronto resolvido!\",\"breadcrumb\":{\"@id\":\"https:\\\/\\\/atividademapa.com\\\/?product=mapa-planejamento-estrategico-53_2025#breadcrumb\"},\"inLanguage\":\"pt-BR\",\"potentialAction\":[{\"@type\":\"ReadAction\",\"target\":[\"https:\\\/\\\/atividademapa.com\\\/?product=mapa-planejamento-estrategico-53_2025\"]}]},{\"@type\":\"ImageObject\",\"inLanguage\":\"pt-BR\",\"@id\":\"https:\\\/\\\/atividademapa.com\\\/?product=mapa-planejamento-estrategico-53_2025#primaryimage\",\"url\":\"https:\\\/\\\/i0.wp.com\\\/atividademapa.com\\\/wp-content\\\/uploads\\\/2023\\\/03\\\/Atividade-M.A.P.A-3.png?fit=300%2C300&ssl=1\",\"contentUrl\":\"https:\\\/\\\/i0.wp.com\\\/atividademapa.com\\\/wp-content\\\/uploads\\\/2023\\\/03\\\/Atividade-M.A.P.A-3.png?fit=300%2C300&ssl=1\",\"width\":300,\"height\":300,\"caption\":\"Mapa Unicesumar Atividade\"},{\"@type\":\"BreadcrumbList\",\"@id\":\"https:\\\/\\\/atividademapa.com\\\/?product=mapa-planejamento-estrategico-53_2025#breadcrumb\",\"itemListElement\":[{\"@type\":\"ListItem\",\"position\":1,\"name\":\"In\u00edcio\",\"item\":\"https:\\\/\\\/atividademapa.com\\\/\"},{\"@type\":\"ListItem\",\"position\":2,\"name\":\"MAPAS\",\"item\":\"https:\\\/\\\/atividademapa.com\\\/?page_id=5\"},{\"@type\":\"ListItem\",\"position\":3,\"name\":\"MAPA &#8211; Planejamento Estrat\u00e9gico &#8211; 53_2025\"}]},{\"@type\":\"WebSite\",\"@id\":\"https:\\\/\\\/atividademapa.com\\\/#website\",\"url\":\"https:\\\/\\\/atividademapa.com\\\/\",\"name\":\"Atividade Mapa\",\"description\":\"StudeO | Unicesumar\",\"publisher\":{\"@id\":\"https:\\\/\\\/atividademapa.com\\\/#organization\"},\"potentialAction\":[{\"@type\":\"SearchAction\",\"target\":{\"@type\":\"EntryPoint\",\"urlTemplate\":\"https:\\\/\\\/atividademapa.com\\\/?s={search_term_string}\"},\"query-input\":{\"@type\":\"PropertyValueSpecification\",\"valueRequired\":true,\"valueName\":\"search_term_string\"}}],\"inLanguage\":\"pt-BR\"},{\"@type\":\"Organization\",\"@id\":\"https:\\\/\\\/atividademapa.com\\\/#organization\",\"name\":\"Atividade MAPA\",\"url\":\"https:\\\/\\\/atividademapa.com\\\/\",\"logo\":{\"@type\":\"ImageObject\",\"inLanguage\":\"pt-BR\",\"@id\":\"https:\\\/\\\/atividademapa.com\\\/#\\\/schema\\\/logo\\\/image\\\/\",\"url\":\"https:\\\/\\\/i0.wp.com\\\/atividademapa.com\\\/wp-content\\\/uploads\\\/2023\\\/02\\\/ATIVIDADE.png?fit=600%2C300&ssl=1\",\"contentUrl\":\"https:\\\/\\\/i0.wp.com\\\/atividademapa.com\\\/wp-content\\\/uploads\\\/2023\\\/02\\\/ATIVIDADE.png?fit=600%2C300&ssl=1\",\"width\":600,\"height\":300,\"caption\":\"Atividade MAPA\"},\"image\":{\"@id\":\"https:\\\/\\\/atividademapa.com\\\/#\\\/schema\\\/logo\\\/image\\\/\"}}]}<\/script>\n<!-- \/ Yoast SEO plugin. -->","yoast_head_json":{"title":"MAPA - Planejamento Estrat\u00e9gico - 53_2025","description":"Atividade MAPA - Planejamento Estrat\u00e9gico - 53_2025 &#8902; Unicesumar. Baixe agora mesmo um Mapa Pronto resolvido!","robots":{"index":"index","follow":"follow","max-snippet":"max-snippet:-1","max-image-preview":"max-image-preview:large","max-video-preview":"max-video-preview:-1"},"canonical":"https:\/\/atividademapa.com\/?product=mapa-planejamento-estrategico-53_2025","og_locale":"pt_BR","og_type":"article","og_title":"MAPA - Planejamento Estrat\u00e9gico - 53_2025","og_description":"Atividade MAPA - Planejamento Estrat\u00e9gico - 53_2025 &#8902; Unicesumar. Baixe agora mesmo um Mapa Pronto resolvido!","og_url":"https:\/\/atividademapa.com\/?product=mapa-planejamento-estrategico-53_2025","og_site_name":"Atividade Mapa","article_modified_time":"2025-09-21T04:43:05+00:00","og_image":[{"width":300,"height":300,"url":"https:\/\/i0.wp.com\/atividademapa.com\/wp-content\/uploads\/2023\/03\/Atividade-M.A.P.A-3.png?fit=300%2C300&ssl=1","type":"image\/png"}],"twitter_card":"summary_large_image","twitter_misc":{"Est. tempo de leitura":"4 minutos"},"schema":{"@context":"https:\/\/schema.org","@graph":[{"@type":"WebPage","@id":"https:\/\/atividademapa.com\/?product=mapa-planejamento-estrategico-53_2025","url":"https:\/\/atividademapa.com\/?product=mapa-planejamento-estrategico-53_2025","name":"MAPA - Planejamento Estrat\u00e9gico - 53_2025","isPartOf":{"@id":"https:\/\/atividademapa.com\/#website"},"primaryImageOfPage":{"@id":"https:\/\/atividademapa.com\/?product=mapa-planejamento-estrategico-53_2025#primaryimage"},"image":{"@id":"https:\/\/atividademapa.com\/?product=mapa-planejamento-estrategico-53_2025#primaryimage"},"thumbnailUrl":"https:\/\/i0.wp.com\/atividademapa.com\/wp-content\/uploads\/2023\/03\/Atividade-M.A.P.A-3.png?fit=300%2C300&ssl=1","datePublished":"2025-09-21T04:43:04+00:00","dateModified":"2025-09-21T04:43:05+00:00","description":"Atividade MAPA - Planejamento Estrat\u00e9gico - 53_2025 &#8902; Unicesumar. Baixe agora mesmo um Mapa Pronto resolvido!","breadcrumb":{"@id":"https:\/\/atividademapa.com\/?product=mapa-planejamento-estrategico-53_2025#breadcrumb"},"inLanguage":"pt-BR","potentialAction":[{"@type":"ReadAction","target":["https:\/\/atividademapa.com\/?product=mapa-planejamento-estrategico-53_2025"]}]},{"@type":"ImageObject","inLanguage":"pt-BR","@id":"https:\/\/atividademapa.com\/?product=mapa-planejamento-estrategico-53_2025#primaryimage","url":"https:\/\/i0.wp.com\/atividademapa.com\/wp-content\/uploads\/2023\/03\/Atividade-M.A.P.A-3.png?fit=300%2C300&ssl=1","contentUrl":"https:\/\/i0.wp.com\/atividademapa.com\/wp-content\/uploads\/2023\/03\/Atividade-M.A.P.A-3.png?fit=300%2C300&ssl=1","width":300,"height":300,"caption":"Mapa Unicesumar Atividade"},{"@type":"BreadcrumbList","@id":"https:\/\/atividademapa.com\/?product=mapa-planejamento-estrategico-53_2025#breadcrumb","itemListElement":[{"@type":"ListItem","position":1,"name":"In\u00edcio","item":"https:\/\/atividademapa.com\/"},{"@type":"ListItem","position":2,"name":"MAPAS","item":"https:\/\/atividademapa.com\/?page_id=5"},{"@type":"ListItem","position":3,"name":"MAPA &#8211; Planejamento Estrat\u00e9gico &#8211; 53_2025"}]},{"@type":"WebSite","@id":"https:\/\/atividademapa.com\/#website","url":"https:\/\/atividademapa.com\/","name":"Atividade Mapa","description":"StudeO | Unicesumar","publisher":{"@id":"https:\/\/atividademapa.com\/#organization"},"potentialAction":[{"@type":"SearchAction","target":{"@type":"EntryPoint","urlTemplate":"https:\/\/atividademapa.com\/?s={search_term_string}"},"query-input":{"@type":"PropertyValueSpecification","valueRequired":true,"valueName":"search_term_string"}}],"inLanguage":"pt-BR"},{"@type":"Organization","@id":"https:\/\/atividademapa.com\/#organization","name":"Atividade MAPA","url":"https:\/\/atividademapa.com\/","logo":{"@type":"ImageObject","inLanguage":"pt-BR","@id":"https:\/\/atividademapa.com\/#\/schema\/logo\/image\/","url":"https:\/\/i0.wp.com\/atividademapa.com\/wp-content\/uploads\/2023\/02\/ATIVIDADE.png?fit=600%2C300&ssl=1","contentUrl":"https:\/\/i0.wp.com\/atividademapa.com\/wp-content\/uploads\/2023\/02\/ATIVIDADE.png?fit=600%2C300&ssl=1","width":600,"height":300,"caption":"Atividade MAPA"},"image":{"@id":"https:\/\/atividademapa.com\/#\/schema\/logo\/image\/"}}]}},"_links":{"self":[{"href":"https:\/\/atividademapa.com\/index.php?rest_route=\/wp\/v2\/product\/6347","targetHints":{"allow":["GET"]}}],"collection":[{"href":"https:\/\/atividademapa.com\/index.php?rest_route=\/wp\/v2\/product"}],"about":[{"href":"https:\/\/atividademapa.com\/index.php?rest_route=\/wp\/v2\/types\/product"}],"version-history":[{"count":1,"href":"https:\/\/atividademapa.com\/index.php?rest_route=\/wp\/v2\/product\/6347\/revisions"}],"predecessor-version":[{"id":6349,"href":"https:\/\/atividademapa.com\/index.php?rest_route=\/wp\/v2\/product\/6347\/revisions\/6349"}],"wp:featuredmedia":[{"embeddable":true,"href":"https:\/\/atividademapa.com\/index.php?rest_route=\/wp\/v2\/media\/2326"}],"wp:attachment":[{"href":"https:\/\/atividademapa.com\/index.php?rest_route=%2Fwp%2Fv2%2Fmedia&parent=6347"}],"wp:term":[{"taxonomy":"product_brand","embeddable":true,"href":"https:\/\/atividademapa.com\/index.php?rest_route=%2Fwp%2Fv2%2Fproduct_brand&post=6347"},{"taxonomy":"product_cat","embeddable":true,"href":"https:\/\/atividademapa.com\/index.php?rest_route=%2Fwp%2Fv2%2Fproduct_cat&post=6347"},{"taxonomy":"product_tag","embeddable":true,"href":"https:\/\/atividademapa.com\/index.php?rest_route=%2Fwp%2Fv2%2Fproduct_tag&post=6347"}],"curies":[{"name":"wp","href":"https:\/\/api.w.org\/{rel}","templated":true}]}}