{"id":6367,"date":"2025-09-24T20:30:01","date_gmt":"2025-09-24T23:30:01","guid":{"rendered":"https:\/\/atividademapa.com\/?post_type=product&#038;p=6367"},"modified":"2025-10-19T14:06:34","modified_gmt":"2025-10-19T17:06:34","slug":"mapa-fundamentos-de-microbiologia-e-imunologia-54-2025","status":"publish","type":"product","link":"https:\/\/atividademapa.com\/?product=mapa-fundamentos-de-microbiologia-e-imunologia-54-2025","title":{"rendered":"MAPA &#8211; FUNDAMENTOS DE MICROBIOLOGIA E IMUNOLOGIA 54\/2025"},"content":{"rendered":"<p><strong class=\"ng-scope\">MAPA DE FUNDAMENTOS DE MICROBIOLOGIA E IMUNOLOGIA<\/strong><br class=\"ng-scope\" \/>\u00a0<br class=\"ng-scope\" \/>CARO(A) ESTUDANTE, seja bem-vindo(a) \u00e0 atividade MAPA (Material de Avalia\u00e7\u00e3o Pr\u00e1tica de Aprendizagem) da disciplina de Fundamentos de Microbiologia e Imunologia.<br class=\"ng-scope\" \/>\u00a0<br class=\"ng-scope\" \/><strong class=\"ng-scope\">Instru\u00e7\u00f5es iniciais:<\/strong><br class=\"ng-scope\" \/>1. Leia o enunciado com aten\u00e7\u00e3o, verificando o que est\u00e1 sendo pedido na quest\u00e3o.<br class=\"ng-scope\" \/>2. Utilize o Modelo Padr\u00e3o da Atividade MAPA para realizar esta atividade. Ele se encontra em &#8220;Material da Disciplina&#8221;. Siga todas as instru\u00e7\u00f5es constantes nesse modelo.<br class=\"ng-scope\" \/>3. Assista ao V\u00eddeo de Orienta\u00e7\u00e3o da Atividade MAPA, que estar\u00e1 na &#8220;Sala do Caf\u00e9\u201d.<br class=\"ng-scope\" \/>\u00a0<br class=\"ng-scope\" \/><strong class=\"ng-scope\">CONTEXTUALIZA\u00c7\u00c3O<\/strong><\/p>\n<div class=\"ng-scope\">As doen\u00e7as autoimunes representam um extenso grupo de patologias nas quais o sistema imunol\u00f3gico, por motivos pouco\u00a0esclarecidos, inicia um processo de ataque contra c\u00e9lulas e tecidos saud\u00e1veis do pr\u00f3prio corpo. O desenvolvimento dessas doen\u00e7as est\u00e1 associado a uma combina\u00e7\u00e3o de diversos fatores de risco, incluindo predisposi\u00e7\u00f5es gen\u00e9ticas, exposi\u00e7\u00f5es ambientais e certos estilos de vida. Compreender como esses elementos interagem para promover a autoimunidade \u00e9 essencial para a elabora\u00e7\u00e3o de estrat\u00e9gias preventivas e terap\u00eauticas mais eficientes. A identifica\u00e7\u00e3o desses fatores n\u00e3o apenas facilita um diagn\u00f3stico mais precoce, mas tamb\u00e9m viabiliza a aplica\u00e7\u00e3o de tratamentos personalizados.<\/div>\n<div class=\"ng-scope\"><em>Fonte: ANDRADE, Pedro Henrique de Almeida et al. Doen\u00e7as autoimunes: atualiza\u00e7\u00e3o no diagn\u00f3stico e tratamento em cl\u00ednica geral. Brazilian Journal of Implantology and Health Sciences, v. 6, n. 10, p. 1999-2009, 13 out. 2024. DOI: https:\/\/doi.org\/10.36557\/2674-8169.2024v6n10p1999-2009. Dispon\u00edvel em: https:\/\/bjihs.emnuvens.com.br\/bjihs\/article\/view\/3821. Acesso em: 12 ago. 2025.<\/em><\/div>\n<p><br class=\"ng-scope\" \/><strong class=\"ng-scope\">ESTUDO DE CASO<\/strong><\/p>\n<div class=\"ng-scope\">Paciente feminino, 28 anos, procurou atendimento m\u00e9dico com queixas de fadiga intensa, artralgias nas articula\u00e7\u00f5es das m\u00e3os e dos p\u00e9s, al\u00e9m de epis\u00f3dios recorrentes de febre baixa, les\u00f5es cut\u00e2neas ap\u00f3s exposi\u00e7\u00e3o solar e queda de cabelo difusa nos \u00faltimos meses. Ap\u00f3s uma s\u00e9rie de exames, o\u00a0m\u00e9dico suspeitou de ser uma doen\u00e7a relacionada a desregula\u00e7\u00e3o da resposta imunol\u00f3gica. Os principais achados cl\u00ednicos que levaram a essa suspeita foram os seguintes:<\/div>\n<p><br class=\"ng-scope\" \/>&#8211; FAN (Fator Anti-Nuclear) fortemente positivo<br class=\"ng-scope\" \/>&#8211; Anticorpos anti-DNA dupla-h\u00e9lice reagente \/ positivo<br class=\"ng-scope\" \/>&#8211; VHS e PCR elevados<br class=\"ng-scope\" \/>&#8211; Anemia hemol\u00edtica presente<br class=\"ng-scope\" \/>&#8211; Protein\u00faria persistente<br class=\"ng-scope\" \/>\u00a0<br class=\"ng-scope\" \/><strong class=\"ng-scope\">DESENVOLVENDO O TRABALHO<\/strong><br class=\"ng-scope\" \/>\u00a0<br class=\"ng-scope\" \/>Considerando o texto apresentado, a hist\u00f3ria cl\u00ednica e os resultados laboratoriais,\u00a0<strong class=\"ng-scope\">RESPONDA\u00a0<\/strong>as quest\u00f5es abaixo:<br class=\"ng-scope\" \/>1.\u00a0<strong class=\"ng-scope\">INDIQUE<\/strong>\u00a0a patologia que o m\u00e9dico suspeita estar acometendo a paciente.<br class=\"ng-scope\" \/>2.\u00a0<strong class=\"ng-scope\">EXPLIQUE<\/strong>\u00a0o papel da resposta imunol\u00f3gica adaptativa no desenvolvimento da doen\u00e7a suspeita, destacando o desequil\u00edbrio entre linf\u00f3citos T e B.<br class=\"ng-scope\" \/>3. O caso cl\u00ednico apresenta duas rea\u00e7\u00f5es de hipersensibilidade.\u00a0<strong class=\"ng-scope\">INDIQUE\u00a0<\/strong>e\u00a0<strong class=\"ng-scope\">JUSTIFIQUE\u00a0<\/strong>quais s\u00e3o as rea\u00e7\u00f5es de hipersensibilidade envolvidas,<strong class=\"ng-scope\">\u00a0<\/strong>correlacionando cada uma delas a uma manifesta\u00e7\u00e3o cl\u00ednica.<br class=\"ng-scope\" \/>4.\u00a0<strong class=\"ng-scope\">DESCREVA<\/strong>\u00a0a import\u00e2ncia dos autoanticorpos anti-DNA dupla-h\u00e9lice no diagn\u00f3stico do LES, relacionando-os com sua fisiopatologia.<br class=\"ng-scope\" \/>5.\u00a0<strong class=\"ng-scope\">CITE<\/strong>\u00a0e\u00a0<strong class=\"ng-scope\">EXPLIQUE<\/strong>\u00a0uma manifesta\u00e7\u00e3o cl\u00ednica decorrente da deposi\u00e7\u00e3o de imunocomplexos em tecidos, relacionando-a ao mecanismo envolvido.<br class=\"ng-scope\" \/>6.\u00a0<strong class=\"ng-scope\">EXPLIQUE<\/strong>\u00a0uma estrat\u00e9gia terap\u00eautica imunol\u00f3gica empregada no tratamento da doen\u00e7a suspeita, relacionando seu mecanismo de a\u00e7\u00e3o \u00e0 modula\u00e7\u00e3o da resposta imune.\u200b<br class=\"ng-scope\" \/><br class=\"ng-scope\" \/><strong class=\"ng-scope\">MATERIAL COMPLEMENTAR PARA PESQUISA:<\/strong><br class=\"ng-scope\" \/>\u200bLUQUETTI, Camilla Maganhin et al. L\u00fapus eritematoso sist\u00eamico: manifesta\u00e7\u00f5es cl\u00ednicas e diagn\u00f3stico. Brazilian Journal of Implantology and Health Sciences, v. 6, n. 8, p. 5565-5576, 30 ago. 2024. DOI: https:\/\/doi.org\/10.36557\/2674-8169.2024v6n8p5565-5576. Dispon\u00edvel em: https:\/\/bjihs.emnuvens.com.br\/bjihs\/article\/download\/3254\/3430\/7249. Acesso em: 12 ago. 2025.<br class=\"ng-scope\" \/>\u200bNAZAR\u00c9, Kelvin Alves\u00a0<em class=\"ng-scope\">et al<\/em>. L\u00daPUS ERITEMATOSO SIST\u00caMICO: M\u00c9TODOS DE DIAGN\u00d3STICO E ESTRAT\u00c9GIAS DE TRATAMENTO.\u00a0<em class=\"ng-scope\">Brazilian Journal of Surgery and Clinical Research \u2013 BJSCR<\/em>, v. 34, n. 3, p. 36-41, 23 abril 2021. Dispon\u00edvel em: https:\/\/www.mastereditora.com.br\/download-3751. Acesso em: 15 ago. 2025.<br class=\"ng-scope\" \/>\u00a0<br class=\"ng-scope\" \/><br class=\"ng-scope\" \/><strong class=\"ng-scope\">ORIENTA\u00c7\u00d5ES FINAIS<\/strong><br class=\"ng-scope\" \/>\u2192 O arquivo deve ser enviado \u00fanica e exclusivamente pelo seu Studeo, no espa\u00e7o espec\u00edfico para envio na atividade &#8220;MAPA&#8221; desta disciplina. Toda e qualquer outra forma de entrega desta atividade n\u00e3o \u00e9 considerada.<br class=\"ng-scope\" \/><strong class=\"ng-scope\">\u2192 SOMENTE UM ARQUIVO PODE SER ANEXADO NO STUDEO.<\/strong><br class=\"ng-scope\" \/>\u2192 Coloque um nome simples no seu arquivo. Se o nome tiver caracteres estranhos (principalmente, pontos) ou for muito grande, a equipe de corre\u00e7\u00e3o pode n\u00e3o conseguir abrir o seu trabalho, e ele pode ser zerado.<br class=\"ng-scope\" \/>\u2192 Sugerimos que envie o arquivo em PDF para evitar incompatibilidades e arquivos corrompidos, principalmente se voc\u00ea utiliza MAC ou OpenOffice.<br class=\"ng-scope\" \/>\u2192\u00a0<strong class=\"ng-scope\">Verifique se voc\u00ea est\u00e1 enviando o arquivo correto!<\/strong>\u00a0Identifique o arquivo com o seu primeiro e \u00faltimo nome e a disciplina para evitar que voc\u00ea troque o arquivo na hora de anexar. Ex.: MAPA_FundMI_JoseLemos.pdf<br class=\"ng-scope\" \/>\u2192 Antes de clicar em FINALIZAR, certifique-se de que est\u00e1 tudo certo, pois, uma vez finalizado, voc\u00ea n\u00e3o poder\u00e1 mais modificar o arquivo. Sugerimos que voc\u00ea clique no link gerado da sua atividade e fa\u00e7a o download para conferir.<br class=\"ng-scope\" \/>\u2192 Salve o comprovante de envio da atividade, clicando em Imprimir, acima do cabe\u00e7alho da atividade.<br class=\"ng-scope\" \/>\u00a0<br class=\"ng-scope\" \/><strong class=\"ng-scope\">BOM TRABALHO!!!<\/strong><\/p>\n","protected":false},"excerpt":{"rendered":"<p>MAPA DE FUNDAMENTOS DE MICROBIOLOGIA E IMUNOLOGIA\u00a0CARO(A) ESTUDANTE, seja bem-vindo(a) \u00e0 atividade MAPA (Material de Avalia\u00e7\u00e3o Pr\u00e1tica de Aprendizagem) da<\/p>\n","protected":false},"featured_media":2326,"template":"","meta":{"_monsterinsights_skip_tracking":false,"_monsterinsights_sitenote_active":false,"_monsterinsights_sitenote_note":"","_monsterinsights_sitenote_category":0},"product_brand":[],"product_cat":[58,35],"product_tag":[],"class_list":{"0":"post-6367","1":"product","2":"type-product","3":"status-publish","4":"has-post-thumbnail","6":"product_cat-biomedicina","7":"product_cat-enfermagem","9":"first","10":"instock","11":"downloadable","12":"virtual","13":"purchasable","14":"product-type-simple"},"yoast_head":"<!-- This site is optimized with the Yoast SEO plugin v27.4 - https:\/\/yoast.com\/product\/yoast-seo-wordpress\/ -->\n<title>MAPA - FUNDAMENTOS DE MICROBIOLOGIA E IMUNOLOGIA 54\/2025<\/title>\n<meta name=\"description\" content=\"Atividade MAPA - FUNDAMENTOS DE MICROBIOLOGIA E IMUNOLOGIA 54\/2025 &#8902; Unicesumar. Baixe agora mesmo um Mapa Pronto resolvido!\" \/>\n<meta name=\"robots\" content=\"index, follow, max-snippet:-1, max-image-preview:large, max-video-preview:-1\" \/>\n<link rel=\"canonical\" href=\"https:\/\/atividademapa.com\/?product=mapa-fundamentos-de-microbiologia-e-imunologia-54-2025\" \/>\n<meta property=\"og:locale\" content=\"pt_BR\" \/>\n<meta property=\"og:type\" content=\"article\" \/>\n<meta property=\"og:title\" content=\"MAPA - FUNDAMENTOS DE MICROBIOLOGIA E IMUNOLOGIA 54\/2025\" \/>\n<meta property=\"og:description\" content=\"Atividade MAPA - FUNDAMENTOS DE MICROBIOLOGIA E IMUNOLOGIA 54\/2025 &#8902; Unicesumar. Baixe agora mesmo um Mapa Pronto resolvido!\" \/>\n<meta property=\"og:url\" content=\"https:\/\/atividademapa.com\/?product=mapa-fundamentos-de-microbiologia-e-imunologia-54-2025\" \/>\n<meta property=\"og:site_name\" content=\"Atividade Mapa\" \/>\n<meta property=\"article:modified_time\" content=\"2025-10-19T17:06:34+00:00\" \/>\n<meta property=\"og:image\" content=\"https:\/\/i0.wp.com\/atividademapa.com\/wp-content\/uploads\/2023\/03\/Atividade-M.A.P.A-3.png?fit=300%2C300&ssl=1\" \/>\n\t<meta property=\"og:image:width\" content=\"300\" \/>\n\t<meta property=\"og:image:height\" content=\"300\" \/>\n\t<meta property=\"og:image:type\" content=\"image\/png\" \/>\n<meta name=\"twitter:card\" content=\"summary_large_image\" \/>\n<meta name=\"twitter:label1\" content=\"Est. tempo de leitura\" \/>\n\t<meta name=\"twitter:data1\" content=\"4 minutos\" \/>\n<script type=\"application\/ld+json\" class=\"yoast-schema-graph\">{\"@context\":\"https:\\\/\\\/schema.org\",\"@graph\":[{\"@type\":\"WebPage\",\"@id\":\"https:\\\/\\\/atividademapa.com\\\/?product=mapa-fundamentos-de-microbiologia-e-imunologia-54-2025\",\"url\":\"https:\\\/\\\/atividademapa.com\\\/?product=mapa-fundamentos-de-microbiologia-e-imunologia-54-2025\",\"name\":\"MAPA - FUNDAMENTOS DE MICROBIOLOGIA E IMUNOLOGIA 54\\\/2025\",\"isPartOf\":{\"@id\":\"https:\\\/\\\/atividademapa.com\\\/#website\"},\"primaryImageOfPage\":{\"@id\":\"https:\\\/\\\/atividademapa.com\\\/?product=mapa-fundamentos-de-microbiologia-e-imunologia-54-2025#primaryimage\"},\"image\":{\"@id\":\"https:\\\/\\\/atividademapa.com\\\/?product=mapa-fundamentos-de-microbiologia-e-imunologia-54-2025#primaryimage\"},\"thumbnailUrl\":\"https:\\\/\\\/i0.wp.com\\\/atividademapa.com\\\/wp-content\\\/uploads\\\/2023\\\/03\\\/Atividade-M.A.P.A-3.png?fit=300%2C300&ssl=1\",\"datePublished\":\"2025-09-24T23:30:01+00:00\",\"dateModified\":\"2025-10-19T17:06:34+00:00\",\"description\":\"Atividade MAPA - FUNDAMENTOS DE MICROBIOLOGIA E IMUNOLOGIA 54\\\/2025 &#8902; Unicesumar. Baixe agora mesmo um Mapa Pronto resolvido!\",\"breadcrumb\":{\"@id\":\"https:\\\/\\\/atividademapa.com\\\/?product=mapa-fundamentos-de-microbiologia-e-imunologia-54-2025#breadcrumb\"},\"inLanguage\":\"pt-BR\",\"potentialAction\":[{\"@type\":\"ReadAction\",\"target\":[\"https:\\\/\\\/atividademapa.com\\\/?product=mapa-fundamentos-de-microbiologia-e-imunologia-54-2025\"]}]},{\"@type\":\"ImageObject\",\"inLanguage\":\"pt-BR\",\"@id\":\"https:\\\/\\\/atividademapa.com\\\/?product=mapa-fundamentos-de-microbiologia-e-imunologia-54-2025#primaryimage\",\"url\":\"https:\\\/\\\/i0.wp.com\\\/atividademapa.com\\\/wp-content\\\/uploads\\\/2023\\\/03\\\/Atividade-M.A.P.A-3.png?fit=300%2C300&ssl=1\",\"contentUrl\":\"https:\\\/\\\/i0.wp.com\\\/atividademapa.com\\\/wp-content\\\/uploads\\\/2023\\\/03\\\/Atividade-M.A.P.A-3.png?fit=300%2C300&ssl=1\",\"width\":300,\"height\":300,\"caption\":\"Mapa Unicesumar Atividade\"},{\"@type\":\"BreadcrumbList\",\"@id\":\"https:\\\/\\\/atividademapa.com\\\/?product=mapa-fundamentos-de-microbiologia-e-imunologia-54-2025#breadcrumb\",\"itemListElement\":[{\"@type\":\"ListItem\",\"position\":1,\"name\":\"In\u00edcio\",\"item\":\"https:\\\/\\\/atividademapa.com\\\/\"},{\"@type\":\"ListItem\",\"position\":2,\"name\":\"MAPAS\",\"item\":\"https:\\\/\\\/atividademapa.com\\\/?page_id=5\"},{\"@type\":\"ListItem\",\"position\":3,\"name\":\"MAPA &#8211; FUNDAMENTOS DE MICROBIOLOGIA E IMUNOLOGIA 54\\\/2025\"}]},{\"@type\":\"WebSite\",\"@id\":\"https:\\\/\\\/atividademapa.com\\\/#website\",\"url\":\"https:\\\/\\\/atividademapa.com\\\/\",\"name\":\"Atividade Mapa\",\"description\":\"StudeO | Unicesumar\",\"publisher\":{\"@id\":\"https:\\\/\\\/atividademapa.com\\\/#organization\"},\"potentialAction\":[{\"@type\":\"SearchAction\",\"target\":{\"@type\":\"EntryPoint\",\"urlTemplate\":\"https:\\\/\\\/atividademapa.com\\\/?s={search_term_string}\"},\"query-input\":{\"@type\":\"PropertyValueSpecification\",\"valueRequired\":true,\"valueName\":\"search_term_string\"}}],\"inLanguage\":\"pt-BR\"},{\"@type\":\"Organization\",\"@id\":\"https:\\\/\\\/atividademapa.com\\\/#organization\",\"name\":\"Atividade MAPA\",\"url\":\"https:\\\/\\\/atividademapa.com\\\/\",\"logo\":{\"@type\":\"ImageObject\",\"inLanguage\":\"pt-BR\",\"@id\":\"https:\\\/\\\/atividademapa.com\\\/#\\\/schema\\\/logo\\\/image\\\/\",\"url\":\"https:\\\/\\\/i0.wp.com\\\/atividademapa.com\\\/wp-content\\\/uploads\\\/2023\\\/02\\\/ATIVIDADE.png?fit=600%2C300&ssl=1\",\"contentUrl\":\"https:\\\/\\\/i0.wp.com\\\/atividademapa.com\\\/wp-content\\\/uploads\\\/2023\\\/02\\\/ATIVIDADE.png?fit=600%2C300&ssl=1\",\"width\":600,\"height\":300,\"caption\":\"Atividade MAPA\"},\"image\":{\"@id\":\"https:\\\/\\\/atividademapa.com\\\/#\\\/schema\\\/logo\\\/image\\\/\"}}]}<\/script>\n<!-- \/ Yoast SEO plugin. -->","yoast_head_json":{"title":"MAPA - FUNDAMENTOS DE MICROBIOLOGIA E IMUNOLOGIA 54\/2025","description":"Atividade MAPA - FUNDAMENTOS DE MICROBIOLOGIA E IMUNOLOGIA 54\/2025 &#8902; Unicesumar. Baixe agora mesmo um Mapa Pronto resolvido!","robots":{"index":"index","follow":"follow","max-snippet":"max-snippet:-1","max-image-preview":"max-image-preview:large","max-video-preview":"max-video-preview:-1"},"canonical":"https:\/\/atividademapa.com\/?product=mapa-fundamentos-de-microbiologia-e-imunologia-54-2025","og_locale":"pt_BR","og_type":"article","og_title":"MAPA - FUNDAMENTOS DE MICROBIOLOGIA E IMUNOLOGIA 54\/2025","og_description":"Atividade MAPA - FUNDAMENTOS DE MICROBIOLOGIA E IMUNOLOGIA 54\/2025 &#8902; Unicesumar. Baixe agora mesmo um Mapa Pronto resolvido!","og_url":"https:\/\/atividademapa.com\/?product=mapa-fundamentos-de-microbiologia-e-imunologia-54-2025","og_site_name":"Atividade Mapa","article_modified_time":"2025-10-19T17:06:34+00:00","og_image":[{"width":300,"height":300,"url":"https:\/\/i0.wp.com\/atividademapa.com\/wp-content\/uploads\/2023\/03\/Atividade-M.A.P.A-3.png?fit=300%2C300&ssl=1","type":"image\/png"}],"twitter_card":"summary_large_image","twitter_misc":{"Est. tempo de leitura":"4 minutos"},"schema":{"@context":"https:\/\/schema.org","@graph":[{"@type":"WebPage","@id":"https:\/\/atividademapa.com\/?product=mapa-fundamentos-de-microbiologia-e-imunologia-54-2025","url":"https:\/\/atividademapa.com\/?product=mapa-fundamentos-de-microbiologia-e-imunologia-54-2025","name":"MAPA - FUNDAMENTOS DE MICROBIOLOGIA E IMUNOLOGIA 54\/2025","isPartOf":{"@id":"https:\/\/atividademapa.com\/#website"},"primaryImageOfPage":{"@id":"https:\/\/atividademapa.com\/?product=mapa-fundamentos-de-microbiologia-e-imunologia-54-2025#primaryimage"},"image":{"@id":"https:\/\/atividademapa.com\/?product=mapa-fundamentos-de-microbiologia-e-imunologia-54-2025#primaryimage"},"thumbnailUrl":"https:\/\/i0.wp.com\/atividademapa.com\/wp-content\/uploads\/2023\/03\/Atividade-M.A.P.A-3.png?fit=300%2C300&ssl=1","datePublished":"2025-09-24T23:30:01+00:00","dateModified":"2025-10-19T17:06:34+00:00","description":"Atividade MAPA - FUNDAMENTOS DE MICROBIOLOGIA E IMUNOLOGIA 54\/2025 &#8902; Unicesumar. Baixe agora mesmo um Mapa Pronto resolvido!","breadcrumb":{"@id":"https:\/\/atividademapa.com\/?product=mapa-fundamentos-de-microbiologia-e-imunologia-54-2025#breadcrumb"},"inLanguage":"pt-BR","potentialAction":[{"@type":"ReadAction","target":["https:\/\/atividademapa.com\/?product=mapa-fundamentos-de-microbiologia-e-imunologia-54-2025"]}]},{"@type":"ImageObject","inLanguage":"pt-BR","@id":"https:\/\/atividademapa.com\/?product=mapa-fundamentos-de-microbiologia-e-imunologia-54-2025#primaryimage","url":"https:\/\/i0.wp.com\/atividademapa.com\/wp-content\/uploads\/2023\/03\/Atividade-M.A.P.A-3.png?fit=300%2C300&ssl=1","contentUrl":"https:\/\/i0.wp.com\/atividademapa.com\/wp-content\/uploads\/2023\/03\/Atividade-M.A.P.A-3.png?fit=300%2C300&ssl=1","width":300,"height":300,"caption":"Mapa Unicesumar Atividade"},{"@type":"BreadcrumbList","@id":"https:\/\/atividademapa.com\/?product=mapa-fundamentos-de-microbiologia-e-imunologia-54-2025#breadcrumb","itemListElement":[{"@type":"ListItem","position":1,"name":"In\u00edcio","item":"https:\/\/atividademapa.com\/"},{"@type":"ListItem","position":2,"name":"MAPAS","item":"https:\/\/atividademapa.com\/?page_id=5"},{"@type":"ListItem","position":3,"name":"MAPA &#8211; FUNDAMENTOS DE MICROBIOLOGIA E IMUNOLOGIA 54\/2025"}]},{"@type":"WebSite","@id":"https:\/\/atividademapa.com\/#website","url":"https:\/\/atividademapa.com\/","name":"Atividade Mapa","description":"StudeO | Unicesumar","publisher":{"@id":"https:\/\/atividademapa.com\/#organization"},"potentialAction":[{"@type":"SearchAction","target":{"@type":"EntryPoint","urlTemplate":"https:\/\/atividademapa.com\/?s={search_term_string}"},"query-input":{"@type":"PropertyValueSpecification","valueRequired":true,"valueName":"search_term_string"}}],"inLanguage":"pt-BR"},{"@type":"Organization","@id":"https:\/\/atividademapa.com\/#organization","name":"Atividade MAPA","url":"https:\/\/atividademapa.com\/","logo":{"@type":"ImageObject","inLanguage":"pt-BR","@id":"https:\/\/atividademapa.com\/#\/schema\/logo\/image\/","url":"https:\/\/i0.wp.com\/atividademapa.com\/wp-content\/uploads\/2023\/02\/ATIVIDADE.png?fit=600%2C300&ssl=1","contentUrl":"https:\/\/i0.wp.com\/atividademapa.com\/wp-content\/uploads\/2023\/02\/ATIVIDADE.png?fit=600%2C300&ssl=1","width":600,"height":300,"caption":"Atividade MAPA"},"image":{"@id":"https:\/\/atividademapa.com\/#\/schema\/logo\/image\/"}}]}},"_links":{"self":[{"href":"https:\/\/atividademapa.com\/index.php?rest_route=\/wp\/v2\/product\/6367","targetHints":{"allow":["GET"]}}],"collection":[{"href":"https:\/\/atividademapa.com\/index.php?rest_route=\/wp\/v2\/product"}],"about":[{"href":"https:\/\/atividademapa.com\/index.php?rest_route=\/wp\/v2\/types\/product"}],"version-history":[{"count":2,"href":"https:\/\/atividademapa.com\/index.php?rest_route=\/wp\/v2\/product\/6367\/revisions"}],"predecessor-version":[{"id":6476,"href":"https:\/\/atividademapa.com\/index.php?rest_route=\/wp\/v2\/product\/6367\/revisions\/6476"}],"wp:featuredmedia":[{"embeddable":true,"href":"https:\/\/atividademapa.com\/index.php?rest_route=\/wp\/v2\/media\/2326"}],"wp:attachment":[{"href":"https:\/\/atividademapa.com\/index.php?rest_route=%2Fwp%2Fv2%2Fmedia&parent=6367"}],"wp:term":[{"taxonomy":"product_brand","embeddable":true,"href":"https:\/\/atividademapa.com\/index.php?rest_route=%2Fwp%2Fv2%2Fproduct_brand&post=6367"},{"taxonomy":"product_cat","embeddable":true,"href":"https:\/\/atividademapa.com\/index.php?rest_route=%2Fwp%2Fv2%2Fproduct_cat&post=6367"},{"taxonomy":"product_tag","embeddable":true,"href":"https:\/\/atividademapa.com\/index.php?rest_route=%2Fwp%2Fv2%2Fproduct_tag&post=6367"}],"curies":[{"name":"wp","href":"https:\/\/api.w.org\/{rel}","templated":true}]}}