{"id":6370,"date":"2025-09-24T20:33:10","date_gmt":"2025-09-24T23:33:10","guid":{"rendered":"https:\/\/atividademapa.com\/?post_type=product&#038;p=6370"},"modified":"2025-11-26T20:13:41","modified_gmt":"2025-11-26T23:13:41","slug":"mapa-fundamentos-de-farmacologia-54-2025","status":"publish","type":"product","link":"https:\/\/atividademapa.com\/?product=mapa-fundamentos-de-farmacologia-54-2025","title":{"rendered":"MAPA &#8211; FUNDAMENTOS DE FARMACOLOGIA 54\/2025"},"content":{"rendered":"<div class=\"panel-heading\" style=\"box-sizing: border-box; padding: 20px 20px 7px; border-bottom: 0px; border-radius: 0px; background: 0px 0px; border-top-color: #dddddd; border-right-color: #dddddd; border-left-color: #dddddd; position: relative; z-index: 3; min-height: 48px; font-family: 'Segoe UI', Arial, sans-serif; font-size: 13px; letter-spacing: 0.13px;\">\n<div class=\"panel-title cursor ng-binding\" style=\"box-sizing: border-box; margin: 0px; font-size: 12px; color: inherit; cursor: pointer; font-family: Montserrat; text-transform: uppercase; display: inline-block; letter-spacing: 0.02em; font-weight: 600; padding: 0px; line-height: normal; overflow: hidden; text-overflow: ellipsis; -webkit-text-stroke-color: initial; transition: opacity 0.3s; text-wrap-mode: nowrap; max-width: 80%;\" data-toggle=\"collapse\">Quest\u00e3o 1<\/div>\n<div class=\"panel-controls\" style=\"box-sizing: border-box; float: right; margin-top: -3px;\">\n<ul style=\"box-sizing: border-box; margin: 0px; padding: 0px;\">\n<li style=\"box-sizing: border-box; padding-left: 3px; line-height: 0; display: inline-block; list-style: none;\"><\/li>\n<\/ul>\n<\/div>\n<\/div>\n<div class=\"panel-body p-t-20 b-t b-grey\" style=\"box-sizing: border-box; padding: 0px 20px 20px; border-style: solid; border-width: 1px 0px 0px; border-color: #e6e6e6; height: calc(100% - 50px); width: 741.25px; color: #626262; font-family: 'Segoe UI', Arial, sans-serif; font-size: 13px; letter-spacing: 0.13px;\">\n<div class=\"enunciado ng-binding\" style=\"box-sizing: border-box; font-size: 14px; word-break: break-word; text-align: justify !important;\">Ol\u00e1, estudante!<\/p>\n<p class=\"ng-scope\" style=\"box-sizing: border-box; margin: 0px 0px 10px; font-size: 13px; letter-spacing: normal; line-height: 20px; word-break: break-word;\">Seja bem-vindo \u00e0 atividade M.A.P.A. (Material de Avalia\u00e7\u00e3o Pr\u00e1tica de Aprendizagem) da disciplina de Fundamentos de Farmacologia.<\/p>\n<p class=\"ng-scope\" style=\"box-sizing: border-box; margin: 0px 0px 10px; font-size: 13px; letter-spacing: normal; line-height: 20px; word-break: break-word;\"><span style=\"box-sizing: border-box; font-weight: bold; font-size: 14px; word-break: break-word;\">Instru\u00e7\u00f5es iniciais:<\/span><br style=\"box-sizing: border-box; line-height: normal; clear: both; font-size: 14px; word-break: break-word;\" \/>&#8211; Utilize o formul\u00e1rio de resposta padr\u00e3o do M.A.P.A. para realizar esta atividade. Ele se encontra dispon\u00edvel para download em &#8220;Material da Disciplina&#8221;. Siga todas as instru\u00e7\u00f5es que constam no formul\u00e1rio.<br style=\"box-sizing: border-box; line-height: normal; clear: both; font-size: 14px; word-break: break-word;\" \/>&#8211; Assista aos v\u00eddeos de instru\u00e7\u00f5es para a realiza\u00e7\u00e3o do M.A.P.A., dispon\u00edveis na &#8220;Sala do Caf\u00e9&#8221;.<br style=\"box-sizing: border-box; line-height: normal; clear: both; font-size: 14px; word-break: break-word;\" \/><br style=\"box-sizing: border-box; line-height: normal; clear: both; font-size: 14px; word-break: break-word;\" \/><span style=\"box-sizing: border-box; font-weight: bold; font-size: 14px; word-break: break-word;\">CONTEXTUALIZA\u00c7\u00c3O<\/span><\/p>\n<div class=\"ng-scope\" style=\"box-sizing: border-box; word-break: break-word;\">\u200bA farmacocin\u00e9tica pode ser definida como a medida e a interpreta\u00e7\u00e3o formal de altera\u00e7\u00f5es temporais nas concentra\u00e7\u00f5es de um f\u00e1rmaco em uma ou mais regi\u00f5es do organismo em rela\u00e7\u00e3o \u00e0 dose administrada (<span dir=\"RTL\" style=\"box-sizing: border-box; word-break: break-word;\">\u201c<\/span>o que o organismo faz com o f\u00e1rmaco\u201d). Isso a distingue da farmacodin\u00e2mica (<span dir=\"RTL\" style=\"box-sizing: border-box; word-break: break-word;\">\u201c<\/span>o que o f\u00e1rmaco faz com o organismo\u201d; ou seja,\u00a0eventos consequentes \u00e0 intera\u00e7\u00e3o do f\u00e1rmaco com o seu receptor e outros pontos prim\u00e1rios de a\u00e7\u00e3o). Essa distin\u00e7\u00e3o \u00e9 \u00fatil, embora as palavras causem descontentamento aos puristas etimol\u00f3gicos. A palavra\u00a0<span dir=\"RTL\" style=\"box-sizing: border-box; word-break: break-word;\">\u201c<\/span>farmacodin\u00e2mica\u201d teve sua primeira cita\u00e7\u00e3o em um dicion\u00e1rio em 1890 (<span dir=\"RTL\" style=\"box-sizing: border-box; word-break: break-word;\">\u201c<\/span>relacionada com os poderes ou efeitos dos f\u00e1rmacos\u201d), enquanto os estudos farmacocin\u00e9ticos somente se tornaram poss\u00edveis na segunda metade do s\u00e9culo XX com o desenvolvimento de t\u00e9cnicas anal\u00edticas f\u00edsico-qu\u00edmicas sens\u00edveis, espec\u00edficas e acuradas, especialmente a cromatografia de alta efici\u00eancia e a espectrometria de massa, para a medida das concentra\u00e7\u00f5es do f\u00e1rmaco nos fluidos biol\u00f3gicos. A evolu\u00e7\u00e3o temporal da concentra\u00e7\u00e3o de um f\u00e1rmaco ap\u00f3s a sua administra\u00e7\u00e3o depende dos processos de absor\u00e7\u00e3o, distribui\u00e7\u00e3o, metabolismo e excre\u00e7\u00e3o.<\/div>\n<div class=\"ng-scope\" style=\"box-sizing: border-box; word-break: break-word;\">Fonte: RITTER, J. M.\u00a0<em style=\"box-sizing: border-box; word-break: break-word;\">et al.<\/em>\u00a0Rang &amp; Dale Farmacologia. 10. ed. Rio de Janeiro: GEN Guanabara Koogan, 2025.<\/div>\n<div class=\"ng-scope\" style=\"box-sizing: border-box; word-break: break-word;\">Maria, 35 anos, foi ao m\u00e9dico com queixas de dor de cabe\u00e7a frequente. O profissional prescreveu um analg\u00e9sico oral para uso di\u00e1rio. Durante a consulta, Maria perguntou ao m\u00e9dico como o medicamento age no organismo e por que ele precisa ser tomado em hor\u00e1rios espec\u00edficos. O m\u00e9dico explicou que o efeito terap\u00eautico depende de como o f\u00e1rmaco \u00e9 absorvido, distribu\u00eddo, metabolizado e eliminado pelo corpo.<br style=\"box-sizing: border-box; line-height: normal; clear: both; word-break: break-word;\" \/><\/div>\n<div class=\"ng-scope\" style=\"box-sizing: border-box; word-break: break-word;\">Considerando a farmacocin\u00e9tica, RESPONDA:<br style=\"box-sizing: border-box; line-height: normal; clear: both; word-break: break-word;\" \/>1. ELABORE um fluxograma demonstrando as etapas do processo farmacocin\u00e9tico de um f\u00e1rmaco administrado por via oral: absor\u00e7\u00e3o, distribui\u00e7\u00e3o, metabolismo (ou biotransforma\u00e7\u00e3o) e excre\u00e7\u00e3o, sem especificar uma classe de medicamento.\u00a0<br style=\"box-sizing: border-box; line-height: normal; clear: both; word-break: break-word;\" \/>O fluxograma deve apresentar uma defini\u00e7\u00e3o de cada das etapas e anota\u00e7\u00f5es explicativas sobre fatores que podem alterar cada processo (ex.: idade, gen\u00e9tica, outros medicamentos).<br style=\"box-sizing: border-box; line-height: normal; clear: both; word-break: break-word;\" \/>&#8211; Dicas de organiza\u00e7\u00e3o: Use setas para indicar a sequ\u00eancia das etapas; diferencie cada etapa com cores e formas. Voc\u00ea pode desenhar o fluxograma \u00e0 m\u00e3o ou utilizando programas de computador (word, powerpoint, canva, etc).<br style=\"box-sizing: border-box; line-height: normal; clear: both; word-break: break-word;\" \/><br style=\"box-sizing: border-box; line-height: normal; clear: both; word-break: break-word;\" \/>2. A etapa de absor\u00e7\u00e3o de um f\u00e1rmaco \u00e9 influenciada pelo pH do meio e pelo pKa da subst\u00e2ncia. Considerando o equil\u00edbrio \u00e1cido-base, INDIQUE E JUSTIFIQUE em qual local do trato gastrointestinal (est\u00f4mago ou intestino) o f\u00e1rmaco permanecer\u00e1 predominantemente em sua forma molecular, favorecendo a absor\u00e7\u00e3o.<br style=\"box-sizing: border-box; line-height: normal; clear: both; word-break: break-word;\" \/>&#8211; F\u00e1rmaco \u00e9 uma base fraca, pKa = 6,8<br style=\"box-sizing: border-box; line-height: normal; clear: both; word-break: break-word;\" \/>&#8211; pH do est\u00f4mago = 1,5<br style=\"box-sizing: border-box; line-height: normal; clear: both; word-break: break-word;\" \/>&#8211; pH do duodeno = 8,0<br style=\"box-sizing: border-box; line-height: normal; clear: both; word-break: break-word;\" \/><br style=\"box-sizing: border-box; line-height: normal; clear: both; word-break: break-word;\" \/>3. A liga\u00e7\u00e3o \u00e0s prote\u00ednas plasm\u00e1ticas \u00e9 um fator determinante na distribui\u00e7\u00e3o dos f\u00e1rmacos. Considere a seguinte situa\u00e7\u00e3o:<br style=\"box-sizing: border-box; line-height: normal; clear: both; word-break: break-word;\" \/>&#8211; O paciente recebe inicialmente o f\u00e1rmaco A, cuja taxa de liga\u00e7\u00e3o \u00e0 albumina \u00e9 de 70%.<br style=\"box-sizing: border-box; line-height: normal; clear: both; word-break: break-word;\" \/>&#8211; Em seguida, recebe o f\u00e1rmaco B, cuja taxa de liga\u00e7\u00e3o \u00e0 albumina \u00e9 de 95%.<br style=\"box-sizing: border-box; line-height: normal; clear: both; word-break: break-word;\" \/>Com base nesses dados, EXPLIQUE o que ocorre na competi\u00e7\u00e3o entre os dois f\u00e1rmacos pela albumina e quais as consequ\u00eancias para as respostas farmacol\u00f3gicas no sangue e nos tecidos.<br style=\"box-sizing: border-box; line-height: normal; clear: both; word-break: break-word;\" \/><\/p>\n<p style=\"box-sizing: border-box; margin: 0px 0px 10px; font-size: 13px; letter-spacing: normal; line-height: 20px; word-break: break-word;\"><span style=\"box-sizing: border-box; font-weight: bold; font-size: 14px; word-break: break-word;\">ORIENTA\u00c7\u00d5ES FINAIS<\/span><br style=\"box-sizing: border-box; line-height: normal; clear: both; font-size: 14px; word-break: break-word;\" \/><br style=\"box-sizing: border-box; line-height: normal; clear: both; font-size: 14px; word-break: break-word;\" \/><span style=\"box-sizing: border-box; font-weight: bold; font-size: 14px; word-break: break-word;\">Sobre o arquivo a ser enviado:<\/span><br style=\"box-sizing: border-box; line-height: normal; clear: both; font-size: 14px; word-break: break-word;\" \/>\u2192 O arquivo deve ser enviado \u00fanica e exclusivamente pelo seu Studeo, no campo &#8220;M.A.P.A.&#8221; desta disciplina. Toda e qualquer outra forma de entrega deste Modelo de Resposta MAPA n\u00e3o \u00e9 considerada. **SOMENTE UM ARQUIVO PODE SER ANEXADO NO STUDEO**. De prefer\u00eancia para o formato PDF!<br style=\"box-sizing: border-box; line-height: normal; clear: both; font-size: 14px; word-break: break-word;\" \/>\u2192 A qualidade do trabalho ser\u00e1 considerada na hora da avalia\u00e7\u00e3o, ent\u00e3o fa\u00e7a tudo com cuidado, responda \u00e0 demanda adequadamente e mostre sempre o seu racioc\u00ednio de modo claro e direto.<br style=\"box-sizing: border-box; line-height: normal; clear: both; font-size: 14px; word-break: break-word;\" \/><br style=\"box-sizing: border-box; line-height: normal; clear: both; font-size: 14px; word-break: break-word;\" \/><span style=\"box-sizing: border-box; font-weight: bold; font-size: 14px; word-break: break-word;\">Problemas frequentes a evitar:<\/span><br style=\"box-sizing: border-box; line-height: normal; clear: both; font-size: 14px; word-break: break-word;\" \/>\u2192 Coloque um nome simples no seu arquivo. Se o nome tiver caracteres estranhos (principalmente pontos) ou for muito grande, a equipe de corre\u00e7\u00e3o pode n\u00e3o conseguir abrir o seu trabalho, e ele pode ser zerado.<br style=\"box-sizing: border-box; line-height: normal; clear: both; font-size: 14px; word-break: break-word;\" \/>\u2192 Se voc\u00ea usa OPEN OFFICE ou MAC, transforme o arquivo em .pdf para evitar incompatibilidades.<br style=\"box-sizing: border-box; line-height: normal; clear: both; font-size: 14px; word-break: break-word;\" \/>\u2192 Verifique se voc\u00ea est\u00e1 enviando o arquivo correto! Identifique o arquivo com o seu primeiro e \u00faltimo nome e a disciplina, para evitar que voc\u00ea troque o arquivo na hora de anexar. Ex: MAPA_Farmacologia_Maria.pdf.<br style=\"box-sizing: border-box; line-height: normal; clear: both; font-size: 14px; word-break: break-word;\" \/><br style=\"box-sizing: border-box; line-height: normal; clear: both; font-size: 14px; word-break: break-word;\" \/><span style=\"box-sizing: border-box; font-weight: bold; font-size: 14px; word-break: break-word;\">Como enviar o seu arquivo:<\/span><br style=\"box-sizing: border-box; line-height: normal; clear: both; font-size: 14px; word-break: break-word;\" \/>\u2192 Ao final do enunciado desta atividade, no Studeo, tem uma caixa de envio de arquivo. Basta clicar e selecionar sua atividade, ou arrastar o arquivo at\u00e9 ela.<br style=\"box-sizing: border-box; line-height: normal; clear: both; font-size: 14px; word-break: break-word;\" \/>\u2192 Antes de clicar em FINALIZAR, certifique-se de que est\u00e1 tudo certo, pois uma vez finalizado voc\u00ea n\u00e3o poder\u00e1 mais modificar o arquivo.<br style=\"box-sizing: border-box; line-height: normal; clear: both; font-size: 14px; word-break: break-word;\" \/>\u2192 Ap\u00f3s a finaliza\u00e7\u00e3o, imprima o comprovante de finaliza\u00e7\u00e3o, clicando em IMPRIMIR &gt; COMPROVANTE DE FINALIZA\u00c7\u00c3O, no canto superior direito da p\u00e1gina da atividade.<br style=\"box-sizing: border-box; line-height: normal; clear: both; font-size: 14px; word-break: break-word;\" \/>\u2192\u00a0Diante de qualquer problema na hora do envio, entre em contato imediatamente pelo Fale com o Mediador!<\/p>\n<\/div>\n<\/div>\n<\/div>\n","protected":false},"excerpt":{"rendered":"<p>Quest\u00e3o 1 Ol\u00e1, estudante! Seja bem-vindo \u00e0 atividade M.A.P.A. (Material de Avalia\u00e7\u00e3o Pr\u00e1tica de Aprendizagem) da disciplina de Fundamentos de<\/p>\n","protected":false},"featured_media":2326,"template":"","meta":{"_monsterinsights_skip_tracking":false,"_monsterinsights_sitenote_active":false,"_monsterinsights_sitenote_note":"","_monsterinsights_sitenote_category":0},"product_brand":[],"product_cat":[58,35],"product_tag":[],"class_list":{"0":"post-6370","1":"product","2":"type-product","3":"status-publish","4":"has-post-thumbnail","6":"product_cat-biomedicina","7":"product_cat-enfermagem","9":"first","10":"instock","11":"downloadable","12":"virtual","13":"purchasable","14":"product-type-simple"},"yoast_head":"<!-- This site is optimized with the Yoast SEO plugin v27.4 - https:\/\/yoast.com\/product\/yoast-seo-wordpress\/ -->\n<title>MAPA - FUNDAMENTOS DE FARMACOLOGIA 54\/2025<\/title>\n<meta name=\"description\" content=\"Atividade MAPA - FUNDAMENTOS DE FARMACOLOGIA 54\/2025 &#8902; Unicesumar. Baixe agora mesmo um Mapa Pronto resolvido!\" \/>\n<meta name=\"robots\" content=\"index, follow, max-snippet:-1, max-image-preview:large, max-video-preview:-1\" \/>\n<link rel=\"canonical\" href=\"https:\/\/atividademapa.com\/?product=mapa-fundamentos-de-farmacologia-54-2025\" \/>\n<meta property=\"og:locale\" content=\"pt_BR\" \/>\n<meta property=\"og:type\" content=\"article\" \/>\n<meta property=\"og:title\" content=\"MAPA - FUNDAMENTOS DE FARMACOLOGIA 54\/2025\" \/>\n<meta property=\"og:description\" content=\"Atividade MAPA - FUNDAMENTOS DE FARMACOLOGIA 54\/2025 &#8902; Unicesumar. Baixe agora mesmo um Mapa Pronto resolvido!\" \/>\n<meta property=\"og:url\" content=\"https:\/\/atividademapa.com\/?product=mapa-fundamentos-de-farmacologia-54-2025\" \/>\n<meta property=\"og:site_name\" content=\"Atividade Mapa\" \/>\n<meta property=\"article:modified_time\" content=\"2025-11-26T23:13:41+00:00\" \/>\n<meta property=\"og:image\" content=\"https:\/\/i0.wp.com\/atividademapa.com\/wp-content\/uploads\/2023\/03\/Atividade-M.A.P.A-3.png?fit=300%2C300&ssl=1\" \/>\n\t<meta property=\"og:image:width\" content=\"300\" \/>\n\t<meta property=\"og:image:height\" content=\"300\" \/>\n\t<meta property=\"og:image:type\" content=\"image\/png\" \/>\n<meta name=\"twitter:card\" content=\"summary_large_image\" \/>\n<meta name=\"twitter:label1\" content=\"Est. tempo de leitura\" \/>\n\t<meta name=\"twitter:data1\" content=\"5 minutos\" \/>\n<script type=\"application\/ld+json\" class=\"yoast-schema-graph\">{\"@context\":\"https:\\\/\\\/schema.org\",\"@graph\":[{\"@type\":\"WebPage\",\"@id\":\"https:\\\/\\\/atividademapa.com\\\/?product=mapa-fundamentos-de-farmacologia-54-2025\",\"url\":\"https:\\\/\\\/atividademapa.com\\\/?product=mapa-fundamentos-de-farmacologia-54-2025\",\"name\":\"MAPA - FUNDAMENTOS DE FARMACOLOGIA 54\\\/2025\",\"isPartOf\":{\"@id\":\"https:\\\/\\\/atividademapa.com\\\/#website\"},\"primaryImageOfPage\":{\"@id\":\"https:\\\/\\\/atividademapa.com\\\/?product=mapa-fundamentos-de-farmacologia-54-2025#primaryimage\"},\"image\":{\"@id\":\"https:\\\/\\\/atividademapa.com\\\/?product=mapa-fundamentos-de-farmacologia-54-2025#primaryimage\"},\"thumbnailUrl\":\"https:\\\/\\\/i0.wp.com\\\/atividademapa.com\\\/wp-content\\\/uploads\\\/2023\\\/03\\\/Atividade-M.A.P.A-3.png?fit=300%2C300&ssl=1\",\"datePublished\":\"2025-09-24T23:33:10+00:00\",\"dateModified\":\"2025-11-26T23:13:41+00:00\",\"description\":\"Atividade MAPA - FUNDAMENTOS DE FARMACOLOGIA 54\\\/2025 &#8902; Unicesumar. Baixe agora mesmo um Mapa Pronto resolvido!\",\"breadcrumb\":{\"@id\":\"https:\\\/\\\/atividademapa.com\\\/?product=mapa-fundamentos-de-farmacologia-54-2025#breadcrumb\"},\"inLanguage\":\"pt-BR\",\"potentialAction\":[{\"@type\":\"ReadAction\",\"target\":[\"https:\\\/\\\/atividademapa.com\\\/?product=mapa-fundamentos-de-farmacologia-54-2025\"]}]},{\"@type\":\"ImageObject\",\"inLanguage\":\"pt-BR\",\"@id\":\"https:\\\/\\\/atividademapa.com\\\/?product=mapa-fundamentos-de-farmacologia-54-2025#primaryimage\",\"url\":\"https:\\\/\\\/i0.wp.com\\\/atividademapa.com\\\/wp-content\\\/uploads\\\/2023\\\/03\\\/Atividade-M.A.P.A-3.png?fit=300%2C300&ssl=1\",\"contentUrl\":\"https:\\\/\\\/i0.wp.com\\\/atividademapa.com\\\/wp-content\\\/uploads\\\/2023\\\/03\\\/Atividade-M.A.P.A-3.png?fit=300%2C300&ssl=1\",\"width\":300,\"height\":300,\"caption\":\"Mapa Unicesumar Atividade\"},{\"@type\":\"BreadcrumbList\",\"@id\":\"https:\\\/\\\/atividademapa.com\\\/?product=mapa-fundamentos-de-farmacologia-54-2025#breadcrumb\",\"itemListElement\":[{\"@type\":\"ListItem\",\"position\":1,\"name\":\"In\u00edcio\",\"item\":\"https:\\\/\\\/atividademapa.com\\\/\"},{\"@type\":\"ListItem\",\"position\":2,\"name\":\"MAPAS\",\"item\":\"https:\\\/\\\/atividademapa.com\\\/?page_id=5\"},{\"@type\":\"ListItem\",\"position\":3,\"name\":\"MAPA &#8211; FUNDAMENTOS DE FARMACOLOGIA 54\\\/2025\"}]},{\"@type\":\"WebSite\",\"@id\":\"https:\\\/\\\/atividademapa.com\\\/#website\",\"url\":\"https:\\\/\\\/atividademapa.com\\\/\",\"name\":\"Atividade Mapa\",\"description\":\"StudeO | Unicesumar\",\"publisher\":{\"@id\":\"https:\\\/\\\/atividademapa.com\\\/#organization\"},\"potentialAction\":[{\"@type\":\"SearchAction\",\"target\":{\"@type\":\"EntryPoint\",\"urlTemplate\":\"https:\\\/\\\/atividademapa.com\\\/?s={search_term_string}\"},\"query-input\":{\"@type\":\"PropertyValueSpecification\",\"valueRequired\":true,\"valueName\":\"search_term_string\"}}],\"inLanguage\":\"pt-BR\"},{\"@type\":\"Organization\",\"@id\":\"https:\\\/\\\/atividademapa.com\\\/#organization\",\"name\":\"Atividade MAPA\",\"url\":\"https:\\\/\\\/atividademapa.com\\\/\",\"logo\":{\"@type\":\"ImageObject\",\"inLanguage\":\"pt-BR\",\"@id\":\"https:\\\/\\\/atividademapa.com\\\/#\\\/schema\\\/logo\\\/image\\\/\",\"url\":\"https:\\\/\\\/i0.wp.com\\\/atividademapa.com\\\/wp-content\\\/uploads\\\/2023\\\/02\\\/ATIVIDADE.png?fit=600%2C300&ssl=1\",\"contentUrl\":\"https:\\\/\\\/i0.wp.com\\\/atividademapa.com\\\/wp-content\\\/uploads\\\/2023\\\/02\\\/ATIVIDADE.png?fit=600%2C300&ssl=1\",\"width\":600,\"height\":300,\"caption\":\"Atividade MAPA\"},\"image\":{\"@id\":\"https:\\\/\\\/atividademapa.com\\\/#\\\/schema\\\/logo\\\/image\\\/\"}}]}<\/script>\n<!-- \/ Yoast SEO plugin. -->","yoast_head_json":{"title":"MAPA - FUNDAMENTOS DE FARMACOLOGIA 54\/2025","description":"Atividade MAPA - FUNDAMENTOS DE FARMACOLOGIA 54\/2025 &#8902; Unicesumar. Baixe agora mesmo um Mapa Pronto resolvido!","robots":{"index":"index","follow":"follow","max-snippet":"max-snippet:-1","max-image-preview":"max-image-preview:large","max-video-preview":"max-video-preview:-1"},"canonical":"https:\/\/atividademapa.com\/?product=mapa-fundamentos-de-farmacologia-54-2025","og_locale":"pt_BR","og_type":"article","og_title":"MAPA - FUNDAMENTOS DE FARMACOLOGIA 54\/2025","og_description":"Atividade MAPA - FUNDAMENTOS DE FARMACOLOGIA 54\/2025 &#8902; Unicesumar. Baixe agora mesmo um Mapa Pronto resolvido!","og_url":"https:\/\/atividademapa.com\/?product=mapa-fundamentos-de-farmacologia-54-2025","og_site_name":"Atividade Mapa","article_modified_time":"2025-11-26T23:13:41+00:00","og_image":[{"width":300,"height":300,"url":"https:\/\/i0.wp.com\/atividademapa.com\/wp-content\/uploads\/2023\/03\/Atividade-M.A.P.A-3.png?fit=300%2C300&ssl=1","type":"image\/png"}],"twitter_card":"summary_large_image","twitter_misc":{"Est. tempo de leitura":"5 minutos"},"schema":{"@context":"https:\/\/schema.org","@graph":[{"@type":"WebPage","@id":"https:\/\/atividademapa.com\/?product=mapa-fundamentos-de-farmacologia-54-2025","url":"https:\/\/atividademapa.com\/?product=mapa-fundamentos-de-farmacologia-54-2025","name":"MAPA - FUNDAMENTOS DE FARMACOLOGIA 54\/2025","isPartOf":{"@id":"https:\/\/atividademapa.com\/#website"},"primaryImageOfPage":{"@id":"https:\/\/atividademapa.com\/?product=mapa-fundamentos-de-farmacologia-54-2025#primaryimage"},"image":{"@id":"https:\/\/atividademapa.com\/?product=mapa-fundamentos-de-farmacologia-54-2025#primaryimage"},"thumbnailUrl":"https:\/\/i0.wp.com\/atividademapa.com\/wp-content\/uploads\/2023\/03\/Atividade-M.A.P.A-3.png?fit=300%2C300&ssl=1","datePublished":"2025-09-24T23:33:10+00:00","dateModified":"2025-11-26T23:13:41+00:00","description":"Atividade MAPA - FUNDAMENTOS DE FARMACOLOGIA 54\/2025 &#8902; Unicesumar. Baixe agora mesmo um Mapa Pronto resolvido!","breadcrumb":{"@id":"https:\/\/atividademapa.com\/?product=mapa-fundamentos-de-farmacologia-54-2025#breadcrumb"},"inLanguage":"pt-BR","potentialAction":[{"@type":"ReadAction","target":["https:\/\/atividademapa.com\/?product=mapa-fundamentos-de-farmacologia-54-2025"]}]},{"@type":"ImageObject","inLanguage":"pt-BR","@id":"https:\/\/atividademapa.com\/?product=mapa-fundamentos-de-farmacologia-54-2025#primaryimage","url":"https:\/\/i0.wp.com\/atividademapa.com\/wp-content\/uploads\/2023\/03\/Atividade-M.A.P.A-3.png?fit=300%2C300&ssl=1","contentUrl":"https:\/\/i0.wp.com\/atividademapa.com\/wp-content\/uploads\/2023\/03\/Atividade-M.A.P.A-3.png?fit=300%2C300&ssl=1","width":300,"height":300,"caption":"Mapa Unicesumar Atividade"},{"@type":"BreadcrumbList","@id":"https:\/\/atividademapa.com\/?product=mapa-fundamentos-de-farmacologia-54-2025#breadcrumb","itemListElement":[{"@type":"ListItem","position":1,"name":"In\u00edcio","item":"https:\/\/atividademapa.com\/"},{"@type":"ListItem","position":2,"name":"MAPAS","item":"https:\/\/atividademapa.com\/?page_id=5"},{"@type":"ListItem","position":3,"name":"MAPA &#8211; FUNDAMENTOS DE FARMACOLOGIA 54\/2025"}]},{"@type":"WebSite","@id":"https:\/\/atividademapa.com\/#website","url":"https:\/\/atividademapa.com\/","name":"Atividade Mapa","description":"StudeO | Unicesumar","publisher":{"@id":"https:\/\/atividademapa.com\/#organization"},"potentialAction":[{"@type":"SearchAction","target":{"@type":"EntryPoint","urlTemplate":"https:\/\/atividademapa.com\/?s={search_term_string}"},"query-input":{"@type":"PropertyValueSpecification","valueRequired":true,"valueName":"search_term_string"}}],"inLanguage":"pt-BR"},{"@type":"Organization","@id":"https:\/\/atividademapa.com\/#organization","name":"Atividade MAPA","url":"https:\/\/atividademapa.com\/","logo":{"@type":"ImageObject","inLanguage":"pt-BR","@id":"https:\/\/atividademapa.com\/#\/schema\/logo\/image\/","url":"https:\/\/i0.wp.com\/atividademapa.com\/wp-content\/uploads\/2023\/02\/ATIVIDADE.png?fit=600%2C300&ssl=1","contentUrl":"https:\/\/i0.wp.com\/atividademapa.com\/wp-content\/uploads\/2023\/02\/ATIVIDADE.png?fit=600%2C300&ssl=1","width":600,"height":300,"caption":"Atividade MAPA"},"image":{"@id":"https:\/\/atividademapa.com\/#\/schema\/logo\/image\/"}}]}},"_links":{"self":[{"href":"https:\/\/atividademapa.com\/index.php?rest_route=\/wp\/v2\/product\/6370","targetHints":{"allow":["GET"]}}],"collection":[{"href":"https:\/\/atividademapa.com\/index.php?rest_route=\/wp\/v2\/product"}],"about":[{"href":"https:\/\/atividademapa.com\/index.php?rest_route=\/wp\/v2\/types\/product"}],"version-history":[{"count":2,"href":"https:\/\/atividademapa.com\/index.php?rest_route=\/wp\/v2\/product\/6370\/revisions"}],"predecessor-version":[{"id":6534,"href":"https:\/\/atividademapa.com\/index.php?rest_route=\/wp\/v2\/product\/6370\/revisions\/6534"}],"wp:featuredmedia":[{"embeddable":true,"href":"https:\/\/atividademapa.com\/index.php?rest_route=\/wp\/v2\/media\/2326"}],"wp:attachment":[{"href":"https:\/\/atividademapa.com\/index.php?rest_route=%2Fwp%2Fv2%2Fmedia&parent=6370"}],"wp:term":[{"taxonomy":"product_brand","embeddable":true,"href":"https:\/\/atividademapa.com\/index.php?rest_route=%2Fwp%2Fv2%2Fproduct_brand&post=6370"},{"taxonomy":"product_cat","embeddable":true,"href":"https:\/\/atividademapa.com\/index.php?rest_route=%2Fwp%2Fv2%2Fproduct_cat&post=6370"},{"taxonomy":"product_tag","embeddable":true,"href":"https:\/\/atividademapa.com\/index.php?rest_route=%2Fwp%2Fv2%2Fproduct_tag&post=6370"}],"curies":[{"name":"wp","href":"https:\/\/api.w.org\/{rel}","templated":true}]}}