{"id":6374,"date":"2025-09-24T20:36:56","date_gmt":"2025-09-24T23:36:56","guid":{"rendered":"https:\/\/atividademapa.com\/?post_type=product&#038;p=6374"},"modified":"2025-11-26T20:27:44","modified_gmt":"2025-11-26T23:27:44","slug":"mapa-enfermagem-em-centro-cirurgico-54-2025","status":"publish","type":"product","link":"https:\/\/atividademapa.com\/?product=mapa-enfermagem-em-centro-cirurgico-54-2025","title":{"rendered":"MAPA &#8211; ENFERMAGEM EM CENTRO CIR\u00daRGICO 54\/2025"},"content":{"rendered":"<p>A express\u00e3o &#8220;tempo cir\u00fargico&#8221; caracteriza a sequ\u00eancia de procedimentos utilizada na manipula\u00e7\u00e3o dos tecidos e v\u00edsceras durante o ato operat\u00f3rio, sendo identificada por quatro tempos b\u00e1sicos. Os instrumentos cir\u00fargicos s\u00e3o essenciais para o desenvolvimento da sequ\u00eancia que comp\u00f5e os tempos cir\u00fargicos.<\/p>\n<div class=\"ng-scope\">\nFonte: adaptado de: CARVALHO, R.; BIANCHI, E. R. F.\u00a0<strong>Enfermagem em Centro Cir\u00fargico e Recupera\u00e7\u00e3o<\/strong>.\u00a02. ed.\u00a0Barueri: Manole, 2016.<\/div>\n<div class=\"ng-scope\">\nAp\u00f3s seus estudos sobre os tempos cir\u00fargicos, leia com\u00a0aten\u00e7\u00e3o os comandos a seguir e responda.<\/div>\n<p><br class=\"ng-scope\" \/>1)\u00a0<strong class=\"ng-scope\">Indique<\/strong>\u00a0quais s\u00e3o os tempos cir\u00fargicos e\u00a0<strong class=\"ng-scope\">explique<\/strong>\u00a0o que ocorre durante cada um dos tempos cir\u00fargicos.<br class=\"ng-scope\" \/>\u00a0<br class=\"ng-scope\" \/>2)\u00a0<strong class=\"ng-scope\">Cite<\/strong>\u00a0um exemplo de instrumental utilizado em cada um dos tempos cir\u00fargicos.<br class=\"ng-scope\" \/>\u00a0<br class=\"ng-scope\" \/>3) Agora voc\u00ea dever\u00e1\u00a0<strong class=\"ng-scope\">elaborar<\/strong>\u00a0a montagem de uma mesa cir\u00fargica simulada, dividindo os instrumentais conforme os quatro tempos cir\u00fargicos.<br class=\"ng-scope\" \/>Para isso voc\u00ea dever\u00e1:<br class=\"ng-scope\" \/><strong class=\"ng-scope\">&#8211; Escolher uma mesa ou superf\u00edcie plana<\/strong>, que ser\u00e1 utilizada como a mesa cir\u00fargica.<br class=\"ng-scope\" \/><strong class=\"ng-scope\">&#8211; Forrar a superf\u00edcie com um pano limpo ou uma toalha<\/strong>, que representar\u00e1 o\u00a0<strong class=\"ng-scope\">campo cir\u00fargico est\u00e9ril<\/strong>.<br class=\"ng-scope\" \/><strong class=\"ng-scope\">&#8211; Separar objetos alternativos (no m\u00ednimo um instrumental por tempo)<\/strong>\u00a0que simular\u00e3o os instrumentais cir\u00fargicos, como:<\/p>\n<div class=\"ng-scope\">&#8211; Tesoura, faca sem ponta, estilete sem l\u00e2mina ou outros: representam o bisturi ou tesoura cir\u00fargica.<\/div>\n<div class=\"ng-scope\">&#8211; Pregadores de roupa, pin\u00e7as culin\u00e1rias, pin\u00e7as de costura ou outros: representam as pin\u00e7as.<\/div>\n<div class=\"ng-scope\">&#8211; Linha com agulha, clipes de papel ou outros: representam o fio cir\u00fargico e os instrumentos de s\u00edntese.<br \/>\n&#8211; Talheres, canetas ou outros objetos alongados: representam afastadores e pin\u00e7as auxiliares.<\/div>\n<p><strong class=\"ng-scope\">&#8211; Organize a mesa em quatro \u00e1reas distintas<\/strong>, de forma que cada \u00e1rea represente um dos tempos cir\u00fargicos. Cada grupo de objetos deve ser posicionado de forma\u00a0<strong class=\"ng-scope\">separada e identificada<\/strong>, simulando a organiza\u00e7\u00e3o real da mesa cir\u00fargica. Voc\u00ea deve acrescentar\u00a0<strong class=\"ng-scope\">etiquetas, legendas ou cart\u00f5es de papel<\/strong>, para que seja poss\u00edvel identificar cada tempo.<br class=\"ng-scope\" \/><strong class=\"ng-scope\">&#8211; Tire uma foto\u00a0<\/strong>da sua mesa montada e com os tempos devidamente identificados e leg\u00edveis e<strong class=\"ng-scope\">\u00a0insira\u00a0<\/strong>dentro do formul\u00e1rio-padr\u00e3o MAPA.<br class=\"ng-scope\" \/>\u00a0<br class=\"ng-scope\" \/><strong class=\"ng-scope\">Orienta\u00e7\u00f5es importantes:<\/strong><br class=\"ng-scope\" \/>&#8211; Voc\u00ea deve elaborar a quest\u00e3o 3 de forma pr\u00e1tica, n\u00e3o ser\u00e3o aceitas mesas montadas de forma digital.<br class=\"ng-scope\" \/>&#8211; Utilize sua criatividade para representar os instrumentais.<br class=\"ng-scope\" \/>&#8211; Assista ao v\u00eddeo de Orienta\u00e7\u00e3o para realiza\u00e7\u00e3o da Atividade MAPA.<br class=\"ng-scope\" \/>&#8211; Lembre-se de que \u00e9 obrigat\u00f3ria a inser\u00e7\u00e3o das refer\u00eancias utilizadas nas normas da ABNT.<br class=\"ng-scope\" \/>&#8211; A atividade \u00e9 individual, vale a sua capacidade criativa para elabora\u00e7\u00e3o do material solicitado.<br class=\"ng-scope\" \/>&#8211; Qualquer d\u00favida nos chame pelo Fale com o Mediador.<\/p>\n","protected":false},"excerpt":{"rendered":"<p>A express\u00e3o &#8220;tempo cir\u00fargico&#8221; caracteriza a sequ\u00eancia de procedimentos utilizada na manipula\u00e7\u00e3o dos tecidos e v\u00edsceras durante o ato operat\u00f3rio,<\/p>\n","protected":false},"featured_media":2326,"template":"","meta":{"_monsterinsights_skip_tracking":false,"_monsterinsights_sitenote_active":false,"_monsterinsights_sitenote_note":"","_monsterinsights_sitenote_category":0},"product_brand":[],"product_cat":[35],"product_tag":[],"class_list":{"0":"post-6374","1":"product","2":"type-product","3":"status-publish","4":"has-post-thumbnail","6":"product_cat-enfermagem","8":"first","9":"instock","10":"downloadable","11":"virtual","12":"purchasable","13":"product-type-simple"},"yoast_head":"<!-- This site is optimized with the Yoast SEO plugin v27.4 - https:\/\/yoast.com\/product\/yoast-seo-wordpress\/ -->\n<title>MAPA - ENFERMAGEM EM CENTRO CIR\u00daRGICO 54\/2025<\/title>\n<meta name=\"description\" content=\"Atividade MAPA - ENFERMAGEM EM CENTRO CIR\u00daRGICO 54\/2025 &#8902; Unicesumar. Baixe agora mesmo um Mapa Pronto resolvido!\" \/>\n<meta name=\"robots\" content=\"index, follow, max-snippet:-1, max-image-preview:large, max-video-preview:-1\" \/>\n<link rel=\"canonical\" href=\"https:\/\/atividademapa.com\/?product=mapa-enfermagem-em-centro-cirurgico-54-2025\" \/>\n<meta property=\"og:locale\" content=\"pt_BR\" \/>\n<meta property=\"og:type\" content=\"article\" \/>\n<meta property=\"og:title\" content=\"MAPA - ENFERMAGEM EM CENTRO CIR\u00daRGICO 54\/2025\" \/>\n<meta property=\"og:description\" content=\"Atividade MAPA - ENFERMAGEM EM CENTRO CIR\u00daRGICO 54\/2025 &#8902; Unicesumar. Baixe agora mesmo um Mapa Pronto resolvido!\" \/>\n<meta property=\"og:url\" content=\"https:\/\/atividademapa.com\/?product=mapa-enfermagem-em-centro-cirurgico-54-2025\" \/>\n<meta property=\"og:site_name\" content=\"Atividade Mapa\" \/>\n<meta property=\"article:modified_time\" content=\"2025-11-26T23:27:44+00:00\" \/>\n<meta property=\"og:image\" content=\"https:\/\/i0.wp.com\/atividademapa.com\/wp-content\/uploads\/2023\/03\/Atividade-M.A.P.A-3.png?fit=300%2C300&ssl=1\" \/>\n\t<meta property=\"og:image:width\" content=\"300\" \/>\n\t<meta property=\"og:image:height\" content=\"300\" \/>\n\t<meta property=\"og:image:type\" content=\"image\/png\" \/>\n<meta name=\"twitter:card\" content=\"summary_large_image\" \/>\n<meta name=\"twitter:label1\" content=\"Est. tempo de leitura\" \/>\n\t<meta name=\"twitter:data1\" content=\"2 minutos\" \/>\n<script type=\"application\/ld+json\" class=\"yoast-schema-graph\">{\"@context\":\"https:\\\/\\\/schema.org\",\"@graph\":[{\"@type\":\"WebPage\",\"@id\":\"https:\\\/\\\/atividademapa.com\\\/?product=mapa-enfermagem-em-centro-cirurgico-54-2025\",\"url\":\"https:\\\/\\\/atividademapa.com\\\/?product=mapa-enfermagem-em-centro-cirurgico-54-2025\",\"name\":\"MAPA - ENFERMAGEM EM CENTRO CIR\u00daRGICO 54\\\/2025\",\"isPartOf\":{\"@id\":\"https:\\\/\\\/atividademapa.com\\\/#website\"},\"primaryImageOfPage\":{\"@id\":\"https:\\\/\\\/atividademapa.com\\\/?product=mapa-enfermagem-em-centro-cirurgico-54-2025#primaryimage\"},\"image\":{\"@id\":\"https:\\\/\\\/atividademapa.com\\\/?product=mapa-enfermagem-em-centro-cirurgico-54-2025#primaryimage\"},\"thumbnailUrl\":\"https:\\\/\\\/i0.wp.com\\\/atividademapa.com\\\/wp-content\\\/uploads\\\/2023\\\/03\\\/Atividade-M.A.P.A-3.png?fit=300%2C300&ssl=1\",\"datePublished\":\"2025-09-24T23:36:56+00:00\",\"dateModified\":\"2025-11-26T23:27:44+00:00\",\"description\":\"Atividade MAPA - ENFERMAGEM EM CENTRO CIR\u00daRGICO 54\\\/2025 &#8902; Unicesumar. Baixe agora mesmo um Mapa Pronto resolvido!\",\"breadcrumb\":{\"@id\":\"https:\\\/\\\/atividademapa.com\\\/?product=mapa-enfermagem-em-centro-cirurgico-54-2025#breadcrumb\"},\"inLanguage\":\"pt-BR\",\"potentialAction\":[{\"@type\":\"ReadAction\",\"target\":[\"https:\\\/\\\/atividademapa.com\\\/?product=mapa-enfermagem-em-centro-cirurgico-54-2025\"]}]},{\"@type\":\"ImageObject\",\"inLanguage\":\"pt-BR\",\"@id\":\"https:\\\/\\\/atividademapa.com\\\/?product=mapa-enfermagem-em-centro-cirurgico-54-2025#primaryimage\",\"url\":\"https:\\\/\\\/i0.wp.com\\\/atividademapa.com\\\/wp-content\\\/uploads\\\/2023\\\/03\\\/Atividade-M.A.P.A-3.png?fit=300%2C300&ssl=1\",\"contentUrl\":\"https:\\\/\\\/i0.wp.com\\\/atividademapa.com\\\/wp-content\\\/uploads\\\/2023\\\/03\\\/Atividade-M.A.P.A-3.png?fit=300%2C300&ssl=1\",\"width\":300,\"height\":300,\"caption\":\"Mapa Unicesumar Atividade\"},{\"@type\":\"BreadcrumbList\",\"@id\":\"https:\\\/\\\/atividademapa.com\\\/?product=mapa-enfermagem-em-centro-cirurgico-54-2025#breadcrumb\",\"itemListElement\":[{\"@type\":\"ListItem\",\"position\":1,\"name\":\"In\u00edcio\",\"item\":\"https:\\\/\\\/atividademapa.com\\\/\"},{\"@type\":\"ListItem\",\"position\":2,\"name\":\"MAPAS\",\"item\":\"https:\\\/\\\/atividademapa.com\\\/?page_id=5\"},{\"@type\":\"ListItem\",\"position\":3,\"name\":\"MAPA &#8211; ENFERMAGEM EM CENTRO CIR\u00daRGICO 54\\\/2025\"}]},{\"@type\":\"WebSite\",\"@id\":\"https:\\\/\\\/atividademapa.com\\\/#website\",\"url\":\"https:\\\/\\\/atividademapa.com\\\/\",\"name\":\"Atividade Mapa\",\"description\":\"StudeO | Unicesumar\",\"publisher\":{\"@id\":\"https:\\\/\\\/atividademapa.com\\\/#organization\"},\"potentialAction\":[{\"@type\":\"SearchAction\",\"target\":{\"@type\":\"EntryPoint\",\"urlTemplate\":\"https:\\\/\\\/atividademapa.com\\\/?s={search_term_string}\"},\"query-input\":{\"@type\":\"PropertyValueSpecification\",\"valueRequired\":true,\"valueName\":\"search_term_string\"}}],\"inLanguage\":\"pt-BR\"},{\"@type\":\"Organization\",\"@id\":\"https:\\\/\\\/atividademapa.com\\\/#organization\",\"name\":\"Atividade MAPA\",\"url\":\"https:\\\/\\\/atividademapa.com\\\/\",\"logo\":{\"@type\":\"ImageObject\",\"inLanguage\":\"pt-BR\",\"@id\":\"https:\\\/\\\/atividademapa.com\\\/#\\\/schema\\\/logo\\\/image\\\/\",\"url\":\"https:\\\/\\\/i0.wp.com\\\/atividademapa.com\\\/wp-content\\\/uploads\\\/2023\\\/02\\\/ATIVIDADE.png?fit=600%2C300&ssl=1\",\"contentUrl\":\"https:\\\/\\\/i0.wp.com\\\/atividademapa.com\\\/wp-content\\\/uploads\\\/2023\\\/02\\\/ATIVIDADE.png?fit=600%2C300&ssl=1\",\"width\":600,\"height\":300,\"caption\":\"Atividade MAPA\"},\"image\":{\"@id\":\"https:\\\/\\\/atividademapa.com\\\/#\\\/schema\\\/logo\\\/image\\\/\"}}]}<\/script>\n<!-- \/ Yoast SEO plugin. -->","yoast_head_json":{"title":"MAPA - ENFERMAGEM EM CENTRO CIR\u00daRGICO 54\/2025","description":"Atividade MAPA - ENFERMAGEM EM CENTRO CIR\u00daRGICO 54\/2025 &#8902; Unicesumar. Baixe agora mesmo um Mapa Pronto resolvido!","robots":{"index":"index","follow":"follow","max-snippet":"max-snippet:-1","max-image-preview":"max-image-preview:large","max-video-preview":"max-video-preview:-1"},"canonical":"https:\/\/atividademapa.com\/?product=mapa-enfermagem-em-centro-cirurgico-54-2025","og_locale":"pt_BR","og_type":"article","og_title":"MAPA - ENFERMAGEM EM CENTRO CIR\u00daRGICO 54\/2025","og_description":"Atividade MAPA - ENFERMAGEM EM CENTRO CIR\u00daRGICO 54\/2025 &#8902; Unicesumar. Baixe agora mesmo um Mapa Pronto resolvido!","og_url":"https:\/\/atividademapa.com\/?product=mapa-enfermagem-em-centro-cirurgico-54-2025","og_site_name":"Atividade Mapa","article_modified_time":"2025-11-26T23:27:44+00:00","og_image":[{"width":300,"height":300,"url":"https:\/\/i0.wp.com\/atividademapa.com\/wp-content\/uploads\/2023\/03\/Atividade-M.A.P.A-3.png?fit=300%2C300&ssl=1","type":"image\/png"}],"twitter_card":"summary_large_image","twitter_misc":{"Est. tempo de leitura":"2 minutos"},"schema":{"@context":"https:\/\/schema.org","@graph":[{"@type":"WebPage","@id":"https:\/\/atividademapa.com\/?product=mapa-enfermagem-em-centro-cirurgico-54-2025","url":"https:\/\/atividademapa.com\/?product=mapa-enfermagem-em-centro-cirurgico-54-2025","name":"MAPA - ENFERMAGEM EM CENTRO CIR\u00daRGICO 54\/2025","isPartOf":{"@id":"https:\/\/atividademapa.com\/#website"},"primaryImageOfPage":{"@id":"https:\/\/atividademapa.com\/?product=mapa-enfermagem-em-centro-cirurgico-54-2025#primaryimage"},"image":{"@id":"https:\/\/atividademapa.com\/?product=mapa-enfermagem-em-centro-cirurgico-54-2025#primaryimage"},"thumbnailUrl":"https:\/\/i0.wp.com\/atividademapa.com\/wp-content\/uploads\/2023\/03\/Atividade-M.A.P.A-3.png?fit=300%2C300&ssl=1","datePublished":"2025-09-24T23:36:56+00:00","dateModified":"2025-11-26T23:27:44+00:00","description":"Atividade MAPA - ENFERMAGEM EM CENTRO CIR\u00daRGICO 54\/2025 &#8902; Unicesumar. Baixe agora mesmo um Mapa Pronto resolvido!","breadcrumb":{"@id":"https:\/\/atividademapa.com\/?product=mapa-enfermagem-em-centro-cirurgico-54-2025#breadcrumb"},"inLanguage":"pt-BR","potentialAction":[{"@type":"ReadAction","target":["https:\/\/atividademapa.com\/?product=mapa-enfermagem-em-centro-cirurgico-54-2025"]}]},{"@type":"ImageObject","inLanguage":"pt-BR","@id":"https:\/\/atividademapa.com\/?product=mapa-enfermagem-em-centro-cirurgico-54-2025#primaryimage","url":"https:\/\/i0.wp.com\/atividademapa.com\/wp-content\/uploads\/2023\/03\/Atividade-M.A.P.A-3.png?fit=300%2C300&ssl=1","contentUrl":"https:\/\/i0.wp.com\/atividademapa.com\/wp-content\/uploads\/2023\/03\/Atividade-M.A.P.A-3.png?fit=300%2C300&ssl=1","width":300,"height":300,"caption":"Mapa Unicesumar Atividade"},{"@type":"BreadcrumbList","@id":"https:\/\/atividademapa.com\/?product=mapa-enfermagem-em-centro-cirurgico-54-2025#breadcrumb","itemListElement":[{"@type":"ListItem","position":1,"name":"In\u00edcio","item":"https:\/\/atividademapa.com\/"},{"@type":"ListItem","position":2,"name":"MAPAS","item":"https:\/\/atividademapa.com\/?page_id=5"},{"@type":"ListItem","position":3,"name":"MAPA &#8211; ENFERMAGEM EM CENTRO CIR\u00daRGICO 54\/2025"}]},{"@type":"WebSite","@id":"https:\/\/atividademapa.com\/#website","url":"https:\/\/atividademapa.com\/","name":"Atividade Mapa","description":"StudeO | Unicesumar","publisher":{"@id":"https:\/\/atividademapa.com\/#organization"},"potentialAction":[{"@type":"SearchAction","target":{"@type":"EntryPoint","urlTemplate":"https:\/\/atividademapa.com\/?s={search_term_string}"},"query-input":{"@type":"PropertyValueSpecification","valueRequired":true,"valueName":"search_term_string"}}],"inLanguage":"pt-BR"},{"@type":"Organization","@id":"https:\/\/atividademapa.com\/#organization","name":"Atividade MAPA","url":"https:\/\/atividademapa.com\/","logo":{"@type":"ImageObject","inLanguage":"pt-BR","@id":"https:\/\/atividademapa.com\/#\/schema\/logo\/image\/","url":"https:\/\/i0.wp.com\/atividademapa.com\/wp-content\/uploads\/2023\/02\/ATIVIDADE.png?fit=600%2C300&ssl=1","contentUrl":"https:\/\/i0.wp.com\/atividademapa.com\/wp-content\/uploads\/2023\/02\/ATIVIDADE.png?fit=600%2C300&ssl=1","width":600,"height":300,"caption":"Atividade MAPA"},"image":{"@id":"https:\/\/atividademapa.com\/#\/schema\/logo\/image\/"}}]}},"_links":{"self":[{"href":"https:\/\/atividademapa.com\/index.php?rest_route=\/wp\/v2\/product\/6374","targetHints":{"allow":["GET"]}}],"collection":[{"href":"https:\/\/atividademapa.com\/index.php?rest_route=\/wp\/v2\/product"}],"about":[{"href":"https:\/\/atividademapa.com\/index.php?rest_route=\/wp\/v2\/types\/product"}],"version-history":[{"count":3,"href":"https:\/\/atividademapa.com\/index.php?rest_route=\/wp\/v2\/product\/6374\/revisions"}],"predecessor-version":[{"id":6535,"href":"https:\/\/atividademapa.com\/index.php?rest_route=\/wp\/v2\/product\/6374\/revisions\/6535"}],"wp:featuredmedia":[{"embeddable":true,"href":"https:\/\/atividademapa.com\/index.php?rest_route=\/wp\/v2\/media\/2326"}],"wp:attachment":[{"href":"https:\/\/atividademapa.com\/index.php?rest_route=%2Fwp%2Fv2%2Fmedia&parent=6374"}],"wp:term":[{"taxonomy":"product_brand","embeddable":true,"href":"https:\/\/atividademapa.com\/index.php?rest_route=%2Fwp%2Fv2%2Fproduct_brand&post=6374"},{"taxonomy":"product_cat","embeddable":true,"href":"https:\/\/atividademapa.com\/index.php?rest_route=%2Fwp%2Fv2%2Fproduct_cat&post=6374"},{"taxonomy":"product_tag","embeddable":true,"href":"https:\/\/atividademapa.com\/index.php?rest_route=%2Fwp%2Fv2%2Fproduct_tag&post=6374"}],"curies":[{"name":"wp","href":"https:\/\/api.w.org\/{rel}","templated":true}]}}