{"id":6376,"date":"2025-09-24T20:39:05","date_gmt":"2025-09-24T23:39:05","guid":{"rendered":"https:\/\/atividademapa.com\/?post_type=product&#038;p=6376"},"modified":"2025-10-19T14:16:50","modified_gmt":"2025-10-19T17:16:50","slug":"mapa-lingua-inglesa-i-54-2025","status":"publish","type":"product","link":"https:\/\/atividademapa.com\/?product=mapa-lingua-inglesa-i-54-2025","title":{"rendered":"MAPA &#8211; L\u00cdNGUA INGLESA I 54\/2025"},"content":{"rendered":"<div class=\"panel-heading\">\n<div class=\"panel-title cursor ng-binding\" data-toggle=\"collapse\">Quest\u00e3o 1<\/div>\n<div class=\"panel-controls\">\n<ul>\n<li><\/li>\n<\/ul>\n<\/div>\n<\/div>\n<div class=\"panel-body p-t-20 b-t b-grey\">\n<div class=\"enunciado ng-binding\">\n<div class=\"ng-scope\">A abordagem comunicativa defende a aprendizagem centrada no aluno n\u00e3o s\u00f3 em termos o conte\u00fado, mas tamb\u00e9m de t\u00e9cnicas usadas em sala de aula, o professor deixa de exercer seu papel de orientador devendo subordinar seu comportamento \u00e0s necessidades de aprendizagem dos alunos, mostrando sensibilidade aos seus interesses, conduzindo-os a participa\u00e7\u00e3o e aceitando sugest\u00f5es. O aluno torna-se respons\u00e1vel pela sua pr\u00f3pria aprendizagem e t\u00e9cnicas de trabalhos em grupo s\u00e3o muito encorajadoras para que haja uma maior troca de conhecimentos entre os alunos sem a participa\u00e7\u00e3o direta do professor.\n<\/div>\n<div class=\"ng-scope\">PORTELA, K. C. A. Abordagem comunicativa na aquisi\u00e7\u00e3o de l\u00edngua estrangeira.\u00a0<strong>Revista Expectativa<\/strong>, [S.l.], v. 5, n. 1, p. 51-68, jun. 2007. DOI: 10.48075\/revex.v5i1.84. Dispon\u00edvel em: https:\/\/e-revista.unioeste.br\/index.php\/expectativa\/article\/view\/84. Acesso em: 13 ago. 2025.<\/div>\n<div class=\"ng-scope\">\n<p>Como futuro professor de L\u00edngua Inglesa, \u00e9 fundamental que voc\u00ea conhe\u00e7a e aplique metodologias e teorias de ensino adequadas ao contexto escolar. De acordo com a Base Nacional Comum Curricular (BNCC), o ensino da l\u00edngua deve ser estruturado a partir da abordagem comunicativa, ou seja, priorizando situa\u00e7\u00f5es em que os alunos usem a l\u00edngua para se comunicar de forma significativa. Pensando nisso, sua tarefa ser\u00e1 elaborar uma proposta de atividade comunicativa de L\u00edngua Inglesa para uma turma de 8\u00ba ano do Ensino Fundamental II, utilizando o conte\u00fado\u00a0<em>Simple Past<\/em>, estudado em nossa disciplina.<\/p>\n<p>A atividade deve ter car\u00e1ter comunicativo, de modo que os alunos n\u00e3o apenas reconhe\u00e7am a estrutura gramatical, mas a utilizem em situa\u00e7\u00f5es reais ou simuladas de comunica\u00e7\u00e3o.<\/p>\n<p>Sua proposta deve incluir, obrigatoriamente:<\/p>\n<p>1. Uma\u00a0<strong>atividade comunicativa<\/strong>\u00a0em que os alunos utilizem o\u00a0<em>Simple Past<\/em>\u00a0para falar, escrever ou interagir. (Evite atividades apenas de completar lacunas ou marcar alternativas).<br \/>\n2. A atividade deve ser em um\u00a0f<strong>ormato din\u00e2mico<\/strong>, como entrevistas em pares, jogos, storytelling, dramatiza\u00e7\u00f5es, produ\u00e7\u00e3o escrita colaborativa, entre outros.<\/p>\n<p>Para entregar sua atividade final voc\u00ea deve apresentar a\u00a0<strong>descri\u00e7\u00e3o da atividade<\/strong>\u00a0em forma de mini-roteiro, contendo:<\/p>\n<p>&#8211;\u00a0Nome da atividade (criativo e simples).<br \/>\n&#8211;\u00a0Objetivo da atividade.<br \/>\n&#8211;\u00a0Passo a passo de aplica\u00e7\u00e3o em sala.<br \/>\n&#8211;\u00a0Recursos necess\u00e1rios.<br \/>\n&#8211; A atividade a ser aplicada em si (proposta com eventuais links, imagens, etc.)<br \/>\n&#8211;\u00a0Exemplo de produ\u00e7\u00e3o esperada dos alunos.<\/p>\n<p>\u200bUse sua criatividade e recursos que achar interessante para elaborar uma atividade din\u00e2mica. Utilize o formul\u00e1rio padr\u00e3o do MAPA dispon\u00edvel no Studeo e lembre-se de que o conte\u00fado a ser trabalhado deve ser, obrigatoriamente, o\u00a0<em>Simple Past<\/em>, e que p\u00fablico alvo \u00e9 uma turma de 8\u00ba\u00a0ano do ensino fundamental II.<\/p>\n<\/div>\n<p class=\"ng-scope\">\n<p class=\"ng-scope\">\u200b<strong>Al\u00e9m disso, para uma boa execu\u00e7\u00e3o da atividade:<\/strong><\/p>\n<p class=\"ng-scope\">a) Atente-se \u00e0s instru\u00e7\u00f5es e interven\u00e7\u00f5es realizadas pelos professores formadores e mediadores em aulas ao vivo e no ambiente on-line de aprendizagem (Studeo), por meio do Mural de avisos e Mensagem.<br \/>\nb) Assista ao v\u00eddeo com explica\u00e7\u00f5es sobre a realiza\u00e7\u00e3o da atividade que est\u00e1 dispon\u00edvel no mural de avisos.<br \/>\nc) A atividade deve ser apresentada no formul\u00e1rio padr\u00e3o que est\u00e1 dispon\u00edvel na pasta\u00a0Material da Disciplina.<br \/>\nd) A atividade precisa ser desenvolvida por voc\u00ea, portanto, n\u00e3o utilize c\u00f3pias indevidas de atividades j\u00e1 realizadas por terceiros, assim como c\u00f3pias indevidas de textos dispon\u00edveis na web.<br \/>\ne) Use sua criatividade para elaborar uma aula interessante e din\u00e2mica para alunos de s\u00e9timo ano do Ensino Fundamental. Voc\u00ea pode usar recursos digitais, atividades escritas, ou outros materiais de sua escolha.<br \/>\nf) Aten\u00e7\u00e3o ao uso coeso e coerente na exposi\u00e7\u00e3o das informa\u00e7\u00f5es e no uso da l\u00edngua portuguesa.<br \/>\ng) Em caso de se basear em textos, livros, artigos ou websites, fa\u00e7a as devidas refer\u00eancias em um \u00faltimo slide, conforme as normas da ABNT.<\/p>\n<p>Em caso de d\u00favida, entre em contato com seu professor(a) mediador(a).<\/p>\n<\/div>\n<\/div>\n","protected":false},"excerpt":{"rendered":"<p>Quest\u00e3o 1 A abordagem comunicativa defende a aprendizagem centrada no aluno n\u00e3o s\u00f3 em termos o conte\u00fado, mas tamb\u00e9m de<\/p>\n","protected":false},"featured_media":2326,"template":"","meta":{"_monsterinsights_skip_tracking":false,"_monsterinsights_sitenote_active":false,"_monsterinsights_sitenote_note":"","_monsterinsights_sitenote_category":0},"product_brand":[],"product_cat":[55],"product_tag":[],"class_list":{"0":"post-6376","1":"product","2":"type-product","3":"status-publish","4":"has-post-thumbnail","6":"product_cat-letras","8":"first","9":"instock","10":"downloadable","11":"virtual","12":"purchasable","13":"product-type-simple"},"yoast_head":"<!-- This site is optimized with the Yoast SEO plugin v27.4 - https:\/\/yoast.com\/product\/yoast-seo-wordpress\/ -->\n<title>MAPA - L\u00cdNGUA INGLESA I 54\/2025<\/title>\n<meta name=\"description\" content=\"Atividade MAPA - L\u00cdNGUA INGLESA I 54\/2025 &#8902; Unicesumar. Baixe agora mesmo um Mapa Pronto resolvido!\" \/>\n<meta name=\"robots\" content=\"index, follow, max-snippet:-1, max-image-preview:large, max-video-preview:-1\" \/>\n<link rel=\"canonical\" href=\"https:\/\/atividademapa.com\/?product=mapa-lingua-inglesa-i-54-2025\" \/>\n<meta property=\"og:locale\" content=\"pt_BR\" \/>\n<meta property=\"og:type\" content=\"article\" \/>\n<meta property=\"og:title\" content=\"MAPA - L\u00cdNGUA INGLESA I 54\/2025\" \/>\n<meta property=\"og:description\" content=\"Atividade MAPA - L\u00cdNGUA INGLESA I 54\/2025 &#8902; Unicesumar. Baixe agora mesmo um Mapa Pronto resolvido!\" \/>\n<meta property=\"og:url\" content=\"https:\/\/atividademapa.com\/?product=mapa-lingua-inglesa-i-54-2025\" \/>\n<meta property=\"og:site_name\" content=\"Atividade Mapa\" \/>\n<meta property=\"article:modified_time\" content=\"2025-10-19T17:16:50+00:00\" \/>\n<meta property=\"og:image\" content=\"https:\/\/i0.wp.com\/atividademapa.com\/wp-content\/uploads\/2023\/03\/Atividade-M.A.P.A-3.png?fit=300%2C300&ssl=1\" \/>\n\t<meta property=\"og:image:width\" content=\"300\" \/>\n\t<meta property=\"og:image:height\" content=\"300\" \/>\n\t<meta property=\"og:image:type\" content=\"image\/png\" \/>\n<meta name=\"twitter:card\" content=\"summary_large_image\" \/>\n<meta name=\"twitter:label1\" content=\"Est. tempo de leitura\" \/>\n\t<meta name=\"twitter:data1\" content=\"3 minutos\" \/>\n<script type=\"application\/ld+json\" class=\"yoast-schema-graph\">{\"@context\":\"https:\\\/\\\/schema.org\",\"@graph\":[{\"@type\":\"WebPage\",\"@id\":\"https:\\\/\\\/atividademapa.com\\\/?product=mapa-lingua-inglesa-i-54-2025\",\"url\":\"https:\\\/\\\/atividademapa.com\\\/?product=mapa-lingua-inglesa-i-54-2025\",\"name\":\"MAPA - L\u00cdNGUA INGLESA I 54\\\/2025\",\"isPartOf\":{\"@id\":\"https:\\\/\\\/atividademapa.com\\\/#website\"},\"primaryImageOfPage\":{\"@id\":\"https:\\\/\\\/atividademapa.com\\\/?product=mapa-lingua-inglesa-i-54-2025#primaryimage\"},\"image\":{\"@id\":\"https:\\\/\\\/atividademapa.com\\\/?product=mapa-lingua-inglesa-i-54-2025#primaryimage\"},\"thumbnailUrl\":\"https:\\\/\\\/i0.wp.com\\\/atividademapa.com\\\/wp-content\\\/uploads\\\/2023\\\/03\\\/Atividade-M.A.P.A-3.png?fit=300%2C300&ssl=1\",\"datePublished\":\"2025-09-24T23:39:05+00:00\",\"dateModified\":\"2025-10-19T17:16:50+00:00\",\"description\":\"Atividade MAPA - L\u00cdNGUA INGLESA I 54\\\/2025 &#8902; Unicesumar. Baixe agora mesmo um Mapa Pronto resolvido!\",\"breadcrumb\":{\"@id\":\"https:\\\/\\\/atividademapa.com\\\/?product=mapa-lingua-inglesa-i-54-2025#breadcrumb\"},\"inLanguage\":\"pt-BR\",\"potentialAction\":[{\"@type\":\"ReadAction\",\"target\":[\"https:\\\/\\\/atividademapa.com\\\/?product=mapa-lingua-inglesa-i-54-2025\"]}]},{\"@type\":\"ImageObject\",\"inLanguage\":\"pt-BR\",\"@id\":\"https:\\\/\\\/atividademapa.com\\\/?product=mapa-lingua-inglesa-i-54-2025#primaryimage\",\"url\":\"https:\\\/\\\/i0.wp.com\\\/atividademapa.com\\\/wp-content\\\/uploads\\\/2023\\\/03\\\/Atividade-M.A.P.A-3.png?fit=300%2C300&ssl=1\",\"contentUrl\":\"https:\\\/\\\/i0.wp.com\\\/atividademapa.com\\\/wp-content\\\/uploads\\\/2023\\\/03\\\/Atividade-M.A.P.A-3.png?fit=300%2C300&ssl=1\",\"width\":300,\"height\":300,\"caption\":\"Mapa Unicesumar Atividade\"},{\"@type\":\"BreadcrumbList\",\"@id\":\"https:\\\/\\\/atividademapa.com\\\/?product=mapa-lingua-inglesa-i-54-2025#breadcrumb\",\"itemListElement\":[{\"@type\":\"ListItem\",\"position\":1,\"name\":\"In\u00edcio\",\"item\":\"https:\\\/\\\/atividademapa.com\\\/\"},{\"@type\":\"ListItem\",\"position\":2,\"name\":\"MAPAS\",\"item\":\"https:\\\/\\\/atividademapa.com\\\/?page_id=5\"},{\"@type\":\"ListItem\",\"position\":3,\"name\":\"MAPA &#8211; L\u00cdNGUA INGLESA I 54\\\/2025\"}]},{\"@type\":\"WebSite\",\"@id\":\"https:\\\/\\\/atividademapa.com\\\/#website\",\"url\":\"https:\\\/\\\/atividademapa.com\\\/\",\"name\":\"Atividade Mapa\",\"description\":\"StudeO | Unicesumar\",\"publisher\":{\"@id\":\"https:\\\/\\\/atividademapa.com\\\/#organization\"},\"potentialAction\":[{\"@type\":\"SearchAction\",\"target\":{\"@type\":\"EntryPoint\",\"urlTemplate\":\"https:\\\/\\\/atividademapa.com\\\/?s={search_term_string}\"},\"query-input\":{\"@type\":\"PropertyValueSpecification\",\"valueRequired\":true,\"valueName\":\"search_term_string\"}}],\"inLanguage\":\"pt-BR\"},{\"@type\":\"Organization\",\"@id\":\"https:\\\/\\\/atividademapa.com\\\/#organization\",\"name\":\"Atividade MAPA\",\"url\":\"https:\\\/\\\/atividademapa.com\\\/\",\"logo\":{\"@type\":\"ImageObject\",\"inLanguage\":\"pt-BR\",\"@id\":\"https:\\\/\\\/atividademapa.com\\\/#\\\/schema\\\/logo\\\/image\\\/\",\"url\":\"https:\\\/\\\/i0.wp.com\\\/atividademapa.com\\\/wp-content\\\/uploads\\\/2023\\\/02\\\/ATIVIDADE.png?fit=600%2C300&ssl=1\",\"contentUrl\":\"https:\\\/\\\/i0.wp.com\\\/atividademapa.com\\\/wp-content\\\/uploads\\\/2023\\\/02\\\/ATIVIDADE.png?fit=600%2C300&ssl=1\",\"width\":600,\"height\":300,\"caption\":\"Atividade MAPA\"},\"image\":{\"@id\":\"https:\\\/\\\/atividademapa.com\\\/#\\\/schema\\\/logo\\\/image\\\/\"}}]}<\/script>\n<!-- \/ Yoast SEO plugin. -->","yoast_head_json":{"title":"MAPA - L\u00cdNGUA INGLESA I 54\/2025","description":"Atividade MAPA - L\u00cdNGUA INGLESA I 54\/2025 &#8902; Unicesumar. Baixe agora mesmo um Mapa Pronto resolvido!","robots":{"index":"index","follow":"follow","max-snippet":"max-snippet:-1","max-image-preview":"max-image-preview:large","max-video-preview":"max-video-preview:-1"},"canonical":"https:\/\/atividademapa.com\/?product=mapa-lingua-inglesa-i-54-2025","og_locale":"pt_BR","og_type":"article","og_title":"MAPA - L\u00cdNGUA INGLESA I 54\/2025","og_description":"Atividade MAPA - L\u00cdNGUA INGLESA I 54\/2025 &#8902; Unicesumar. Baixe agora mesmo um Mapa Pronto resolvido!","og_url":"https:\/\/atividademapa.com\/?product=mapa-lingua-inglesa-i-54-2025","og_site_name":"Atividade Mapa","article_modified_time":"2025-10-19T17:16:50+00:00","og_image":[{"width":300,"height":300,"url":"https:\/\/i0.wp.com\/atividademapa.com\/wp-content\/uploads\/2023\/03\/Atividade-M.A.P.A-3.png?fit=300%2C300&ssl=1","type":"image\/png"}],"twitter_card":"summary_large_image","twitter_misc":{"Est. tempo de leitura":"3 minutos"},"schema":{"@context":"https:\/\/schema.org","@graph":[{"@type":"WebPage","@id":"https:\/\/atividademapa.com\/?product=mapa-lingua-inglesa-i-54-2025","url":"https:\/\/atividademapa.com\/?product=mapa-lingua-inglesa-i-54-2025","name":"MAPA - L\u00cdNGUA INGLESA I 54\/2025","isPartOf":{"@id":"https:\/\/atividademapa.com\/#website"},"primaryImageOfPage":{"@id":"https:\/\/atividademapa.com\/?product=mapa-lingua-inglesa-i-54-2025#primaryimage"},"image":{"@id":"https:\/\/atividademapa.com\/?product=mapa-lingua-inglesa-i-54-2025#primaryimage"},"thumbnailUrl":"https:\/\/i0.wp.com\/atividademapa.com\/wp-content\/uploads\/2023\/03\/Atividade-M.A.P.A-3.png?fit=300%2C300&ssl=1","datePublished":"2025-09-24T23:39:05+00:00","dateModified":"2025-10-19T17:16:50+00:00","description":"Atividade MAPA - L\u00cdNGUA INGLESA I 54\/2025 &#8902; Unicesumar. Baixe agora mesmo um Mapa Pronto resolvido!","breadcrumb":{"@id":"https:\/\/atividademapa.com\/?product=mapa-lingua-inglesa-i-54-2025#breadcrumb"},"inLanguage":"pt-BR","potentialAction":[{"@type":"ReadAction","target":["https:\/\/atividademapa.com\/?product=mapa-lingua-inglesa-i-54-2025"]}]},{"@type":"ImageObject","inLanguage":"pt-BR","@id":"https:\/\/atividademapa.com\/?product=mapa-lingua-inglesa-i-54-2025#primaryimage","url":"https:\/\/i0.wp.com\/atividademapa.com\/wp-content\/uploads\/2023\/03\/Atividade-M.A.P.A-3.png?fit=300%2C300&ssl=1","contentUrl":"https:\/\/i0.wp.com\/atividademapa.com\/wp-content\/uploads\/2023\/03\/Atividade-M.A.P.A-3.png?fit=300%2C300&ssl=1","width":300,"height":300,"caption":"Mapa Unicesumar Atividade"},{"@type":"BreadcrumbList","@id":"https:\/\/atividademapa.com\/?product=mapa-lingua-inglesa-i-54-2025#breadcrumb","itemListElement":[{"@type":"ListItem","position":1,"name":"In\u00edcio","item":"https:\/\/atividademapa.com\/"},{"@type":"ListItem","position":2,"name":"MAPAS","item":"https:\/\/atividademapa.com\/?page_id=5"},{"@type":"ListItem","position":3,"name":"MAPA &#8211; L\u00cdNGUA INGLESA I 54\/2025"}]},{"@type":"WebSite","@id":"https:\/\/atividademapa.com\/#website","url":"https:\/\/atividademapa.com\/","name":"Atividade Mapa","description":"StudeO | Unicesumar","publisher":{"@id":"https:\/\/atividademapa.com\/#organization"},"potentialAction":[{"@type":"SearchAction","target":{"@type":"EntryPoint","urlTemplate":"https:\/\/atividademapa.com\/?s={search_term_string}"},"query-input":{"@type":"PropertyValueSpecification","valueRequired":true,"valueName":"search_term_string"}}],"inLanguage":"pt-BR"},{"@type":"Organization","@id":"https:\/\/atividademapa.com\/#organization","name":"Atividade MAPA","url":"https:\/\/atividademapa.com\/","logo":{"@type":"ImageObject","inLanguage":"pt-BR","@id":"https:\/\/atividademapa.com\/#\/schema\/logo\/image\/","url":"https:\/\/i0.wp.com\/atividademapa.com\/wp-content\/uploads\/2023\/02\/ATIVIDADE.png?fit=600%2C300&ssl=1","contentUrl":"https:\/\/i0.wp.com\/atividademapa.com\/wp-content\/uploads\/2023\/02\/ATIVIDADE.png?fit=600%2C300&ssl=1","width":600,"height":300,"caption":"Atividade MAPA"},"image":{"@id":"https:\/\/atividademapa.com\/#\/schema\/logo\/image\/"}}]}},"_links":{"self":[{"href":"https:\/\/atividademapa.com\/index.php?rest_route=\/wp\/v2\/product\/6376","targetHints":{"allow":["GET"]}}],"collection":[{"href":"https:\/\/atividademapa.com\/index.php?rest_route=\/wp\/v2\/product"}],"about":[{"href":"https:\/\/atividademapa.com\/index.php?rest_route=\/wp\/v2\/types\/product"}],"version-history":[{"count":2,"href":"https:\/\/atividademapa.com\/index.php?rest_route=\/wp\/v2\/product\/6376\/revisions"}],"predecessor-version":[{"id":6478,"href":"https:\/\/atividademapa.com\/index.php?rest_route=\/wp\/v2\/product\/6376\/revisions\/6478"}],"wp:featuredmedia":[{"embeddable":true,"href":"https:\/\/atividademapa.com\/index.php?rest_route=\/wp\/v2\/media\/2326"}],"wp:attachment":[{"href":"https:\/\/atividademapa.com\/index.php?rest_route=%2Fwp%2Fv2%2Fmedia&parent=6376"}],"wp:term":[{"taxonomy":"product_brand","embeddable":true,"href":"https:\/\/atividademapa.com\/index.php?rest_route=%2Fwp%2Fv2%2Fproduct_brand&post=6376"},{"taxonomy":"product_cat","embeddable":true,"href":"https:\/\/atividademapa.com\/index.php?rest_route=%2Fwp%2Fv2%2Fproduct_cat&post=6376"},{"taxonomy":"product_tag","embeddable":true,"href":"https:\/\/atividademapa.com\/index.php?rest_route=%2Fwp%2Fv2%2Fproduct_tag&post=6376"}],"curies":[{"name":"wp","href":"https:\/\/api.w.org\/{rel}","templated":true}]}}