{"id":6382,"date":"2025-09-24T20:46:10","date_gmt":"2025-09-24T23:46:10","guid":{"rendered":"https:\/\/atividademapa.com\/?post_type=product&#038;p=6382"},"modified":"2025-11-26T20:05:50","modified_gmt":"2025-11-26T23:05:50","slug":"mapa-imersao-profissional-tecnologia-e-podologia-clinica-54-2025","status":"publish","type":"product","link":"https:\/\/atividademapa.com\/?product=mapa-imersao-profissional-tecnologia-e-podologia-clinica-54-2025","title":{"rendered":"MAPA &#8211; IMERS\u00c3O PROFISSIONAL: TECNOLOGIA E PODOLOGIA CL\u00cdNICA 54\/2025"},"content":{"rendered":"<p>Este material \u00e9 norteador para a elabora\u00e7\u00e3o da Atividade MAPA da disciplina de Compet\u00eancias e Habilidades Profissionais B\u00e1sicas do curso de Podologia.<\/p>\n<p>A elabora\u00e7\u00e3o do MAPA ser\u00e1 atrav\u00e9s da descri\u00e7\u00e3o por escrito de 4 (quatro) t\u00e9cnicas, das que est\u00e3o apresentadas nos 8 (oito) protocolos de atendimento do Material Did\u00e1tico Digital (MDD), elencados na disciplina de Compet\u00eancias e Habilidades Profissionais B\u00e1sicas, sendo de livre escolha do estudante, conforme os recursos que o mesmo tem em sua cidade como disponibilidade dos materiais e do paciente\/modelo.<\/p>\n<p>&nbsp;<\/p>\n<p>Os Protocolos e T\u00e9cnicas para o curso de Podologia.<\/p>\n<table width=\"642\">\n<tbody>\n<tr>\n<td width=\"217\"><strong>PROTOCOLO<\/strong><\/td>\n<td width=\"425\"><strong>T\u00c9CNICAS<\/strong><\/td>\n<\/tr>\n<tr>\n<td width=\"217\">BIOSSEGURAN\u00c7A NA PODOLOGIA<\/td>\n<td width=\"425\">-T\u00e9cnicas de Paramenta\u00e7\u00e3o e Biosseguran\u00e7a;<\/p>\n<p>-T\u00e9cnicas de limpeza, descontamina\u00e7\u00e3o, desinfec\u00e7\u00e3o e esteriliza\u00e7\u00e3o de artigos e superf\u00edcie;<\/p>\n<p>-T\u00e9cnica de manuseio dos instrumentos e autoclave, recomendadas pela vigil\u00e2ncia Sanit\u00e1ria no ambiente de trabalho.<\/td>\n<\/tr>\n<tr>\n<td width=\"217\">PODOLOGIA CL\u00cdNICA<\/td>\n<td width=\"425\">-Manuseio dos instrumentos perfurocortantes, subst\u00e2ncias qu\u00edmicas e materiais biol\u00f3gicos,<\/p>\n<p>-Farmacodin\u00e2mica e Farmacocin\u00e9tica aplicada \u00e0 podologia);<\/td>\n<\/tr>\n<tr>\n<td width=\"217\">AVALIA\u00c7\u00c3O NA PODOLOGIA CL\u00cdNICA<\/td>\n<td width=\"425\">-Avalia\u00e7\u00e3o do paciente, diagn\u00f3stico e escolha do tratamento\/Ortoniquia;<\/p>\n<p>-Sele\u00e7\u00e3o dos instrumentos adequados \u00e0 execu\u00e7\u00e3o das t\u00e9cnicas para cada caso e a import\u00e2ncia de realizar um Book de fotos com termo de consentimento;<\/td>\n<\/tr>\n<tr>\n<td width=\"217\">PODOPATOLOGIAS F\u00daNGICAS<\/td>\n<td width=\"425\">-Tratamento de Onicomicose;<\/p>\n<p>-Tinea Pedis e Tinea Interdigital e orienta\u00e7\u00f5es para pacientes com infec\u00e7\u00f5es f\u00fangicas.<\/td>\n<\/tr>\n<tr>\n<td width=\"217\">PODOPATOLOGIAS DAS UNHAS<\/td>\n<td width=\"425\">-Tratamento de Onicocriptose;<\/p>\n<p>-Tratamento de Onicofose.<\/td>\n<\/tr>\n<tr>\n<td width=\"217\">PODOPATOLOGIAS DA REGI\u00c3O PLANTAR<\/td>\n<td width=\"425\">-Tratamento para Calos e Calosidades;<\/p>\n<p>-Tratamentos para Ceratodermia.<\/td>\n<\/tr>\n<tr>\n<td width=\"217\">ATEN\u00c7\u00c3O INTEGRAL AO P\u00c9 DIAB\u00c9TICO<\/td>\n<td width=\"425\">-P\u00e9 de risco e \u00falceras;<\/p>\n<p>-Plantares, P\u00e9 de risco\/P\u00e9 diab\u00e9tico);<\/td>\n<\/tr>\n<tr>\n<td width=\"217\">PODOLOGIA CL\u00cdNICA<\/td>\n<td width=\"425\">-T\u00e9cnicas de curativos em Podologia;<\/p>\n<p>-Atendimento ao paciente psori\u00e1tico.<\/td>\n<\/tr>\n<\/tbody>\n<\/table>\n<p>&nbsp;<\/p>\n<p>O acad\u00eamico dever\u00e1 descrever sobre cada uma das t\u00e9cnicas que escolheu, podendo utilizar o Material Did\u00e1tico Digital (MDD), livros das disciplinas do curso e da Biblioteca Digital Unicesumar (BDU) para referenciar o descritivo.<\/p>\n<p>Para a elabora\u00e7\u00e3o o discente dever\u00e1 descrever as seguintes informa\u00e7\u00f5es sobre cada t\u00e9cnica: 1) Introdu\u00e7\u00e3o; 2) Justificativa dos elementos utilizados para a realiza\u00e7\u00e3o da t\u00e9cnica; e 3) Indica\u00e7\u00f5es e Contraindica\u00e7\u00f5es.<\/p>\n<p>Segue abaixo um quadro com exemplos de como organizar seu trabalho e em seguida a explica\u00e7\u00e3o do que deve conter em cada t\u00f3pico.<\/p>\n<p>&nbsp;<\/p>\n<table width=\"633\">\n<tbody>\n<tr>\n<td width=\"312\"><strong>EXEMPLO 1:<\/strong><\/p>\n<p><strong>1 Introdu\u00e7\u00e3o<\/strong><\/p>\n<p>A) Tratamento de Onicocriptose.<\/p>\n<p>Descrever sobre a mesma.<\/p>\n<p><strong>2. Justificativa dos elementos utilizados para a realiza\u00e7\u00e3o da t\u00e9cnica<\/strong><\/p>\n<p>2.1 Equipamentos<\/p>\n<p>2.2 Produtos &#8211; Princ\u00edpios ativos<\/p>\n<p><strong>3. Indica\u00e7\u00f5es e Contraindica\u00e7\u00f5es<\/strong><\/p>\n<p>Apontar 4 indica\u00e7\u00f5es e 4 contraindica\u00e7\u00f5es<\/td>\n<td width=\"321\"><strong>EXEMPLO 2:<\/strong><\/p>\n<p><strong>1 Introdu\u00e7\u00e3o<\/strong><\/p>\n<p>B) Tratamentos para Calos e Calosidades<\/p>\n<p>Descrever sobre a mesma.<\/p>\n<p><strong>2. Justificativa dos elementos utilizados para a realiza\u00e7\u00e3o da t\u00e9cnica<\/strong><\/p>\n<p>2.1 Equipamentos<\/p>\n<p>2.2 Produtos &#8211; Princ\u00edpios ativos<\/p>\n<p><strong>3. Indica\u00e7\u00f5es e Contraindica\u00e7\u00f5es<\/strong><\/p>\n<p>Apontar 4 indica\u00e7\u00f5es e 4 contraindica\u00e7\u00f5es<\/td>\n<\/tr>\n<\/tbody>\n<\/table>\n<p>&nbsp;<\/p>\n<p><strong>1 Introdu\u00e7\u00e3o<\/strong><\/p>\n<p>&nbsp;<\/p>\n<p>Na introdu\u00e7\u00e3o deve conter o nome da t\u00e9cnica e a descri\u00e7\u00e3o completa da mesma (o que \u00e9; qual a forma de execu\u00e7\u00e3o sequencial, sendo relatado o passo a passo com o tempo de execu\u00e7\u00e3o de cada etapa, etc.).<\/p>\n<p>&nbsp;<\/p>\n<ol start=\"2\">\n<li><strong> Justificativa dos elementos para a realiza\u00e7\u00e3o da t\u00e9cnica<\/strong><\/li>\n<\/ol>\n<p><strong>\u00a0<\/strong><\/p>\n<p>Descri\u00e7\u00e3o dos recursos que s\u00e3o utilizados para a realiza\u00e7\u00e3o da t\u00e9cnica, como por exemplo, as t\u00e9cnicas manuais, os equipamentos e os produtos, seguindo a sequ\u00eancia abaixo:<\/p>\n<p>&nbsp;<\/p>\n<p>&nbsp;<\/p>\n<p>2.1 Equipamentos<\/p>\n<p>&nbsp;<\/p>\n<p>&nbsp;<\/p>\n<p>Caso seja utilizado algum equipamento el\u00e9trico ou n\u00e3o, este deve ser descrito neste item, indicando o nome do mesmo (ex: Tesoura Kelly, Therapy XT Laser vermelha e infravermelha da DMC) e da corrente el\u00e9trica, se for o caso.<\/p>\n<p>Tamb\u00e9m \u00e9 necess\u00e1ria a indica\u00e7\u00e3o dos par\u00e2metros utilizados no equipamento como o tipo de corrente el\u00e9trica, tempo de aplica\u00e7\u00e3o, a regi\u00e3o da aplica\u00e7\u00e3o, nome ou n\u00famero dos alicates, bisturis e os indicativos necess\u00e1rios para que seja identificado todos os insumos dur\u00e1veis usados no atendimento.<\/p>\n<p>Se na t\u00e9cnica n\u00e3o forem utilizados equipamentos, escrever a seguinte frase neste t\u00f3pico: \u201cn\u00e3o se aplica\u201d.<\/p>\n<p>&nbsp;<\/p>\n<p>2.2 Produtos &#8211; Princ\u00edpios ativos<\/p>\n<p>&nbsp;<\/p>\n<p>Devem ser descritos os produtos usados na t\u00e9cnica e seus princ\u00edpios ativos e a regi\u00e3o em que foram aplicados. O estudante deve descrever a sequ\u00eancia de aplica\u00e7\u00e3o de cada produto no paciente, em cada t\u00e9cnica, em todos os atendimentos.<\/p>\n<p>Se na t\u00e9cnica n\u00e3o forem utilizados produtos, escrever a seguinte frase neste t\u00f3pico: \u201cn\u00e3o se aplica\u201d.<\/p>\n<p><strong>\u00a0<\/strong><\/p>\n<p><strong>\u00a0<\/strong><\/p>\n<p>&nbsp;<\/p>\n<p>&nbsp;<\/p>\n<ol start=\"3\">\n<li><strong> Indica\u00e7\u00f5es e Contraindica\u00e7\u00f5es<\/strong><\/li>\n<\/ol>\n<p><strong>\u00a0<\/strong><\/p>\n<p>O discente deve apontar aqui 4 indica\u00e7\u00f5es e 4 contraindica\u00e7\u00f5es da t\u00e9cnica.<\/p>\n<p>&nbsp;<\/p>\n<p><strong>\u00a0<\/strong><\/p>\n<p><strong>Obs:<\/strong> suas respostas dever\u00e3o ser inseridas nesse arquivo, logo abaixo. N\u00e3o apague as orienta\u00e7\u00f5es inseridas no Modelo de Entrega e n\u00e3o insira as respostas em formato de tabela. Todas as respostas dever\u00e3o ser digitadas em sequ\u00eancia textual, sem a inser\u00e7\u00e3o de tabelas, fotos, fichas e outros anexos.<\/p>\n<p><u>Caso tenha mais d\u00favidas, assista ao v\u00eddeo com orienta\u00e7\u00f5es de como realizar a atividade<\/u>: <a href=\"https:\/\/youtu.be\/55-PWPYeMzA\">\u00a0<\/a><a href=\"https:\/\/youtu.be\/55-PWPYeMzA\"><strong>https:\/\/youtu.be\/55-PWPYeMzA<\/strong><\/a><\/p>\n","protected":false},"excerpt":{"rendered":"<p>Este material \u00e9 norteador para a elabora\u00e7\u00e3o da Atividade MAPA da disciplina de Compet\u00eancias e Habilidades Profissionais B\u00e1sicas do curso<\/p>\n","protected":false},"featured_media":2326,"template":"","meta":{"_monsterinsights_skip_tracking":false,"_monsterinsights_sitenote_active":false,"_monsterinsights_sitenote_note":"","_monsterinsights_sitenote_category":0},"product_brand":[],"product_cat":[90],"product_tag":[],"class_list":{"0":"post-6382","1":"product","2":"type-product","3":"status-publish","4":"has-post-thumbnail","6":"product_cat-podologia","8":"first","9":"instock","10":"downloadable","11":"virtual","12":"purchasable","13":"product-type-simple"},"yoast_head":"<!-- This site is optimized with the Yoast SEO plugin v27.4 - https:\/\/yoast.com\/product\/yoast-seo-wordpress\/ -->\n<title>MAPA - IMERS\u00c3O PROFISSIONAL: TECNOLOGIA E PODOLOGIA CL\u00cdNICA 54\/2025<\/title>\n<meta name=\"description\" content=\"Atividade MAPA - IMERS\u00c3O PROFISSIONAL: TECNOLOGIA E PODOLOGIA CL\u00cdNICA 54\/2025 &#8902; Unicesumar. Baixe agora mesmo um Mapa Pronto resolvido!\" \/>\n<meta name=\"robots\" content=\"index, follow, max-snippet:-1, max-image-preview:large, max-video-preview:-1\" \/>\n<link rel=\"canonical\" href=\"https:\/\/atividademapa.com\/?product=mapa-imersao-profissional-tecnologia-e-podologia-clinica-54-2025\" \/>\n<meta property=\"og:locale\" content=\"pt_BR\" \/>\n<meta property=\"og:type\" content=\"article\" \/>\n<meta property=\"og:title\" content=\"MAPA - IMERS\u00c3O PROFISSIONAL: TECNOLOGIA E PODOLOGIA CL\u00cdNICA 54\/2025\" \/>\n<meta property=\"og:description\" content=\"Atividade MAPA - IMERS\u00c3O PROFISSIONAL: TECNOLOGIA E PODOLOGIA CL\u00cdNICA 54\/2025 &#8902; Unicesumar. Baixe agora mesmo um Mapa Pronto resolvido!\" \/>\n<meta property=\"og:url\" content=\"https:\/\/atividademapa.com\/?product=mapa-imersao-profissional-tecnologia-e-podologia-clinica-54-2025\" \/>\n<meta property=\"og:site_name\" content=\"Atividade Mapa\" \/>\n<meta property=\"article:modified_time\" content=\"2025-11-26T23:05:50+00:00\" \/>\n<meta property=\"og:image\" content=\"https:\/\/i0.wp.com\/atividademapa.com\/wp-content\/uploads\/2023\/03\/Atividade-M.A.P.A-3.png?fit=300%2C300&ssl=1\" \/>\n\t<meta property=\"og:image:width\" content=\"300\" \/>\n\t<meta property=\"og:image:height\" content=\"300\" \/>\n\t<meta property=\"og:image:type\" content=\"image\/png\" \/>\n<meta name=\"twitter:card\" content=\"summary_large_image\" \/>\n<meta name=\"twitter:label1\" content=\"Est. tempo de leitura\" \/>\n\t<meta name=\"twitter:data1\" content=\"4 minutos\" \/>\n<script type=\"application\/ld+json\" class=\"yoast-schema-graph\">{\"@context\":\"https:\\\/\\\/schema.org\",\"@graph\":[{\"@type\":\"WebPage\",\"@id\":\"https:\\\/\\\/atividademapa.com\\\/?product=mapa-imersao-profissional-tecnologia-e-podologia-clinica-54-2025\",\"url\":\"https:\\\/\\\/atividademapa.com\\\/?product=mapa-imersao-profissional-tecnologia-e-podologia-clinica-54-2025\",\"name\":\"MAPA - IMERS\u00c3O PROFISSIONAL: TECNOLOGIA E PODOLOGIA CL\u00cdNICA 54\\\/2025\",\"isPartOf\":{\"@id\":\"https:\\\/\\\/atividademapa.com\\\/#website\"},\"primaryImageOfPage\":{\"@id\":\"https:\\\/\\\/atividademapa.com\\\/?product=mapa-imersao-profissional-tecnologia-e-podologia-clinica-54-2025#primaryimage\"},\"image\":{\"@id\":\"https:\\\/\\\/atividademapa.com\\\/?product=mapa-imersao-profissional-tecnologia-e-podologia-clinica-54-2025#primaryimage\"},\"thumbnailUrl\":\"https:\\\/\\\/i0.wp.com\\\/atividademapa.com\\\/wp-content\\\/uploads\\\/2023\\\/03\\\/Atividade-M.A.P.A-3.png?fit=300%2C300&ssl=1\",\"datePublished\":\"2025-09-24T23:46:10+00:00\",\"dateModified\":\"2025-11-26T23:05:50+00:00\",\"description\":\"Atividade MAPA - IMERS\u00c3O PROFISSIONAL: TECNOLOGIA E PODOLOGIA CL\u00cdNICA 54\\\/2025 &#8902; Unicesumar. Baixe agora mesmo um Mapa Pronto resolvido!\",\"breadcrumb\":{\"@id\":\"https:\\\/\\\/atividademapa.com\\\/?product=mapa-imersao-profissional-tecnologia-e-podologia-clinica-54-2025#breadcrumb\"},\"inLanguage\":\"pt-BR\",\"potentialAction\":[{\"@type\":\"ReadAction\",\"target\":[\"https:\\\/\\\/atividademapa.com\\\/?product=mapa-imersao-profissional-tecnologia-e-podologia-clinica-54-2025\"]}]},{\"@type\":\"ImageObject\",\"inLanguage\":\"pt-BR\",\"@id\":\"https:\\\/\\\/atividademapa.com\\\/?product=mapa-imersao-profissional-tecnologia-e-podologia-clinica-54-2025#primaryimage\",\"url\":\"https:\\\/\\\/i0.wp.com\\\/atividademapa.com\\\/wp-content\\\/uploads\\\/2023\\\/03\\\/Atividade-M.A.P.A-3.png?fit=300%2C300&ssl=1\",\"contentUrl\":\"https:\\\/\\\/i0.wp.com\\\/atividademapa.com\\\/wp-content\\\/uploads\\\/2023\\\/03\\\/Atividade-M.A.P.A-3.png?fit=300%2C300&ssl=1\",\"width\":300,\"height\":300,\"caption\":\"Mapa Unicesumar Atividade\"},{\"@type\":\"BreadcrumbList\",\"@id\":\"https:\\\/\\\/atividademapa.com\\\/?product=mapa-imersao-profissional-tecnologia-e-podologia-clinica-54-2025#breadcrumb\",\"itemListElement\":[{\"@type\":\"ListItem\",\"position\":1,\"name\":\"In\u00edcio\",\"item\":\"https:\\\/\\\/atividademapa.com\\\/\"},{\"@type\":\"ListItem\",\"position\":2,\"name\":\"MAPAS\",\"item\":\"https:\\\/\\\/atividademapa.com\\\/?page_id=5\"},{\"@type\":\"ListItem\",\"position\":3,\"name\":\"MAPA &#8211; IMERS\u00c3O PROFISSIONAL: TECNOLOGIA E PODOLOGIA CL\u00cdNICA 54\\\/2025\"}]},{\"@type\":\"WebSite\",\"@id\":\"https:\\\/\\\/atividademapa.com\\\/#website\",\"url\":\"https:\\\/\\\/atividademapa.com\\\/\",\"name\":\"Atividade Mapa\",\"description\":\"StudeO | Unicesumar\",\"publisher\":{\"@id\":\"https:\\\/\\\/atividademapa.com\\\/#organization\"},\"potentialAction\":[{\"@type\":\"SearchAction\",\"target\":{\"@type\":\"EntryPoint\",\"urlTemplate\":\"https:\\\/\\\/atividademapa.com\\\/?s={search_term_string}\"},\"query-input\":{\"@type\":\"PropertyValueSpecification\",\"valueRequired\":true,\"valueName\":\"search_term_string\"}}],\"inLanguage\":\"pt-BR\"},{\"@type\":\"Organization\",\"@id\":\"https:\\\/\\\/atividademapa.com\\\/#organization\",\"name\":\"Atividade MAPA\",\"url\":\"https:\\\/\\\/atividademapa.com\\\/\",\"logo\":{\"@type\":\"ImageObject\",\"inLanguage\":\"pt-BR\",\"@id\":\"https:\\\/\\\/atividademapa.com\\\/#\\\/schema\\\/logo\\\/image\\\/\",\"url\":\"https:\\\/\\\/i0.wp.com\\\/atividademapa.com\\\/wp-content\\\/uploads\\\/2023\\\/02\\\/ATIVIDADE.png?fit=600%2C300&ssl=1\",\"contentUrl\":\"https:\\\/\\\/i0.wp.com\\\/atividademapa.com\\\/wp-content\\\/uploads\\\/2023\\\/02\\\/ATIVIDADE.png?fit=600%2C300&ssl=1\",\"width\":600,\"height\":300,\"caption\":\"Atividade MAPA\"},\"image\":{\"@id\":\"https:\\\/\\\/atividademapa.com\\\/#\\\/schema\\\/logo\\\/image\\\/\"}}]}<\/script>\n<!-- \/ Yoast SEO plugin. -->","yoast_head_json":{"title":"MAPA - IMERS\u00c3O PROFISSIONAL: TECNOLOGIA E PODOLOGIA CL\u00cdNICA 54\/2025","description":"Atividade MAPA - IMERS\u00c3O PROFISSIONAL: TECNOLOGIA E PODOLOGIA CL\u00cdNICA 54\/2025 &#8902; Unicesumar. Baixe agora mesmo um Mapa Pronto resolvido!","robots":{"index":"index","follow":"follow","max-snippet":"max-snippet:-1","max-image-preview":"max-image-preview:large","max-video-preview":"max-video-preview:-1"},"canonical":"https:\/\/atividademapa.com\/?product=mapa-imersao-profissional-tecnologia-e-podologia-clinica-54-2025","og_locale":"pt_BR","og_type":"article","og_title":"MAPA - IMERS\u00c3O PROFISSIONAL: TECNOLOGIA E PODOLOGIA CL\u00cdNICA 54\/2025","og_description":"Atividade MAPA - IMERS\u00c3O PROFISSIONAL: TECNOLOGIA E PODOLOGIA CL\u00cdNICA 54\/2025 &#8902; Unicesumar. Baixe agora mesmo um Mapa Pronto resolvido!","og_url":"https:\/\/atividademapa.com\/?product=mapa-imersao-profissional-tecnologia-e-podologia-clinica-54-2025","og_site_name":"Atividade Mapa","article_modified_time":"2025-11-26T23:05:50+00:00","og_image":[{"width":300,"height":300,"url":"https:\/\/i0.wp.com\/atividademapa.com\/wp-content\/uploads\/2023\/03\/Atividade-M.A.P.A-3.png?fit=300%2C300&ssl=1","type":"image\/png"}],"twitter_card":"summary_large_image","twitter_misc":{"Est. tempo de leitura":"4 minutos"},"schema":{"@context":"https:\/\/schema.org","@graph":[{"@type":"WebPage","@id":"https:\/\/atividademapa.com\/?product=mapa-imersao-profissional-tecnologia-e-podologia-clinica-54-2025","url":"https:\/\/atividademapa.com\/?product=mapa-imersao-profissional-tecnologia-e-podologia-clinica-54-2025","name":"MAPA - IMERS\u00c3O PROFISSIONAL: TECNOLOGIA E PODOLOGIA CL\u00cdNICA 54\/2025","isPartOf":{"@id":"https:\/\/atividademapa.com\/#website"},"primaryImageOfPage":{"@id":"https:\/\/atividademapa.com\/?product=mapa-imersao-profissional-tecnologia-e-podologia-clinica-54-2025#primaryimage"},"image":{"@id":"https:\/\/atividademapa.com\/?product=mapa-imersao-profissional-tecnologia-e-podologia-clinica-54-2025#primaryimage"},"thumbnailUrl":"https:\/\/i0.wp.com\/atividademapa.com\/wp-content\/uploads\/2023\/03\/Atividade-M.A.P.A-3.png?fit=300%2C300&ssl=1","datePublished":"2025-09-24T23:46:10+00:00","dateModified":"2025-11-26T23:05:50+00:00","description":"Atividade MAPA - IMERS\u00c3O PROFISSIONAL: TECNOLOGIA E PODOLOGIA CL\u00cdNICA 54\/2025 &#8902; Unicesumar. Baixe agora mesmo um Mapa Pronto resolvido!","breadcrumb":{"@id":"https:\/\/atividademapa.com\/?product=mapa-imersao-profissional-tecnologia-e-podologia-clinica-54-2025#breadcrumb"},"inLanguage":"pt-BR","potentialAction":[{"@type":"ReadAction","target":["https:\/\/atividademapa.com\/?product=mapa-imersao-profissional-tecnologia-e-podologia-clinica-54-2025"]}]},{"@type":"ImageObject","inLanguage":"pt-BR","@id":"https:\/\/atividademapa.com\/?product=mapa-imersao-profissional-tecnologia-e-podologia-clinica-54-2025#primaryimage","url":"https:\/\/i0.wp.com\/atividademapa.com\/wp-content\/uploads\/2023\/03\/Atividade-M.A.P.A-3.png?fit=300%2C300&ssl=1","contentUrl":"https:\/\/i0.wp.com\/atividademapa.com\/wp-content\/uploads\/2023\/03\/Atividade-M.A.P.A-3.png?fit=300%2C300&ssl=1","width":300,"height":300,"caption":"Mapa Unicesumar Atividade"},{"@type":"BreadcrumbList","@id":"https:\/\/atividademapa.com\/?product=mapa-imersao-profissional-tecnologia-e-podologia-clinica-54-2025#breadcrumb","itemListElement":[{"@type":"ListItem","position":1,"name":"In\u00edcio","item":"https:\/\/atividademapa.com\/"},{"@type":"ListItem","position":2,"name":"MAPAS","item":"https:\/\/atividademapa.com\/?page_id=5"},{"@type":"ListItem","position":3,"name":"MAPA &#8211; IMERS\u00c3O PROFISSIONAL: TECNOLOGIA E PODOLOGIA CL\u00cdNICA 54\/2025"}]},{"@type":"WebSite","@id":"https:\/\/atividademapa.com\/#website","url":"https:\/\/atividademapa.com\/","name":"Atividade Mapa","description":"StudeO | Unicesumar","publisher":{"@id":"https:\/\/atividademapa.com\/#organization"},"potentialAction":[{"@type":"SearchAction","target":{"@type":"EntryPoint","urlTemplate":"https:\/\/atividademapa.com\/?s={search_term_string}"},"query-input":{"@type":"PropertyValueSpecification","valueRequired":true,"valueName":"search_term_string"}}],"inLanguage":"pt-BR"},{"@type":"Organization","@id":"https:\/\/atividademapa.com\/#organization","name":"Atividade MAPA","url":"https:\/\/atividademapa.com\/","logo":{"@type":"ImageObject","inLanguage":"pt-BR","@id":"https:\/\/atividademapa.com\/#\/schema\/logo\/image\/","url":"https:\/\/i0.wp.com\/atividademapa.com\/wp-content\/uploads\/2023\/02\/ATIVIDADE.png?fit=600%2C300&ssl=1","contentUrl":"https:\/\/i0.wp.com\/atividademapa.com\/wp-content\/uploads\/2023\/02\/ATIVIDADE.png?fit=600%2C300&ssl=1","width":600,"height":300,"caption":"Atividade MAPA"},"image":{"@id":"https:\/\/atividademapa.com\/#\/schema\/logo\/image\/"}}]}},"_links":{"self":[{"href":"https:\/\/atividademapa.com\/index.php?rest_route=\/wp\/v2\/product\/6382","targetHints":{"allow":["GET"]}}],"collection":[{"href":"https:\/\/atividademapa.com\/index.php?rest_route=\/wp\/v2\/product"}],"about":[{"href":"https:\/\/atividademapa.com\/index.php?rest_route=\/wp\/v2\/types\/product"}],"version-history":[{"count":3,"href":"https:\/\/atividademapa.com\/index.php?rest_route=\/wp\/v2\/product\/6382\/revisions"}],"predecessor-version":[{"id":6532,"href":"https:\/\/atividademapa.com\/index.php?rest_route=\/wp\/v2\/product\/6382\/revisions\/6532"}],"wp:featuredmedia":[{"embeddable":true,"href":"https:\/\/atividademapa.com\/index.php?rest_route=\/wp\/v2\/media\/2326"}],"wp:attachment":[{"href":"https:\/\/atividademapa.com\/index.php?rest_route=%2Fwp%2Fv2%2Fmedia&parent=6382"}],"wp:term":[{"taxonomy":"product_brand","embeddable":true,"href":"https:\/\/atividademapa.com\/index.php?rest_route=%2Fwp%2Fv2%2Fproduct_brand&post=6382"},{"taxonomy":"product_cat","embeddable":true,"href":"https:\/\/atividademapa.com\/index.php?rest_route=%2Fwp%2Fv2%2Fproduct_cat&post=6382"},{"taxonomy":"product_tag","embeddable":true,"href":"https:\/\/atividademapa.com\/index.php?rest_route=%2Fwp%2Fv2%2Fproduct_tag&post=6382"}],"curies":[{"name":"wp","href":"https:\/\/api.w.org\/{rel}","templated":true}]}}