{"id":6399,"date":"2025-09-27T18:42:25","date_gmt":"2025-09-27T21:42:25","guid":{"rendered":"https:\/\/atividademapa.com\/?post_type=product&#038;p=6399"},"modified":"2025-09-27T18:42:26","modified_gmt":"2025-09-27T21:42:26","slug":"mapa-imersao-profissional-automacao-de-processos-industriais-53-2025","status":"publish","type":"product","link":"https:\/\/atividademapa.com\/?product=mapa-imersao-profissional-automacao-de-processos-industriais-53-2025","title":{"rendered":"MAPA Imers\u00e3o Profissional Automa\u00e7\u00e3o de Processos Industriais 53\/2025"},"content":{"rendered":"<p>MAPA Imers\u00e3o Profissional Automa\u00e7\u00e3o de Processos Industriais 53\/2025<\/p>\n<p><img decoding=\"async\" src=\"https:\/\/encrypted-tbn0.gstatic.com\/images?q=tbn:ANd9GcT3ve2-Rv1ylInRj5awtS7kMy1efDq5MtxOYA&amp;s\" \/><\/p>\n<p>Figura 1: Furadeira automatizada (<em>retroffiting<\/em>).<br \/>\nO funcionamento da furadeira \u00e9 o seguinte:<br \/>\nAo pressionar o bot\u00e3o\u00a0<strong>LIGA<\/strong>, se a coluna estiver na posi\u00e7\u00e3o inicial (verificado pelo sensor \u201c<strong><u>H<\/u><\/strong>\u201d) e houver pe\u00e7a na posi\u00e7\u00e3o de usinagem (verificado pelo sensor \u201c<strong>SP<\/strong>\u201d), e o bot\u00e3o \u201c<strong>LIGA<\/strong>\u201d, o processo de usinagem deve entrar em opera\u00e7\u00e3o, acionando os seguintes dispositivos:<br \/>\n&#8211; o motor da furadeira no sentido hor\u00e1rio;<br \/>\n&#8211; avan\u00e7o da coluna descendente;<br \/>\n&#8211; velocidade de avan\u00e7o r\u00e1pido.<br \/>\nEste comportamento deve prevalecer at\u00e9 a coluna atingir o sensor intermedi\u00e1rio \u201c<strong><u>b1<\/u><\/strong>\u201d (in\u00edcio da usinagem), onde devem ser executados os acionamentos:<br \/>\n&#8211; motor da furadeira no sentido hor\u00e1rio;<br \/>\n&#8211; avan\u00e7o da coluna descendente;<br \/>\n&#8211; velocidade de avan\u00e7o lento.<br \/>\nAo final da usinagem da pe\u00e7a, verificado pelo fim de curso \u201c<strong><u>b2<\/u><\/strong>\u201d, em que a coluna deve retornar a posi\u00e7\u00e3o inicial da seguinte forma:<br \/>\n&#8211; motor da furadeira no sentido anti-hor\u00e1rio;<br \/>\n&#8211; avan\u00e7o da coluna ascendente;<br \/>\n&#8211; velocidade de avan\u00e7o r\u00e1pido.<br \/>\nEsta din\u00e2mica deve prevalecer at\u00e9 que a coluna atinja a posi\u00e7\u00e3o inicial novamente (<strong>H<\/strong>). Neste momento, a furadeira deve permanecer desligada at\u00e9 novamente seja pressionado o bot\u00e3o liga.<br \/>\nSe pressionado o bot\u00e3o \u201c<strong><u>DESLIGA<\/u><\/strong>\u201d em qualquer etapa do processo, a furadeira deve ser desligada.<br \/>\nCaso pressionado o bot\u00e3o \u201c<strong><u>EMERG\u00caNCIA<\/u><\/strong>\u201d, o processo deve interromper seu funcionamento imediatamente. Se solto este bot\u00e3o, o sistema de controle deve reiniciar de onde parou.<br \/>\nEm qualquer momento, se o sensor de pe\u00e7a (<strong><u>SP<\/u><\/strong>) detectar a falta da pe\u00e7a, o sistema deve ser desligado imediatamente.<\/p>\n<p>Fonte: GENTILIN, F. A.\u00a0<strong>Automa\u00e7\u00e3o Industrial<\/strong>. Maring\u00e1: UniCesumar, 2020.<\/p>\n<p><strong>ATIVIDADE MAPA<\/strong><br \/>\nPara resolver esta atividade, utilize o ambiente<strong>\u00a0Zelio Soft2<\/strong>\u00a0adotando o modelo do controlador\u00a0<strong>ZELIO LOIGIC \u2013 SR2B201FU<\/strong>.<br \/>\nDe acordo com o funcionamento da furadeira, resolva o que se pede,<\/p>\n<p>1) Apresentar a imagem (print) do programa que automatiza a furadeira desenvolvido em linguagem SFC contemplando:<br \/>\na) (1,0 ponto): acionamento do motor da furadeira no sentido hor\u00e1rio com\u00a0avan\u00e7o da coluna descendente e\u00a0velocidade de avan\u00e7o r\u00e1pido at\u00e9 encontrar o sensor b1.<br \/>\nb)\u00a0(1,0 ponto): acionamento do motor da furadeira no sentido hor\u00e1rio com\u00a0avan\u00e7o da coluna descendente e\u00a0velocidade de avan\u00e7o lento at\u00e9 encontrar o sensor b2.<br \/>\nc)\u00a0(1,0 ponto): acionamento do motor da furadeira no sentido anti-hor\u00e1rio com\u00a0avan\u00e7o da coluna ascendente e\u00a0velocidade de avan\u00e7o r\u00e1pido at\u00e9 encontrar o sensor H.<br \/>\nd) (1,0 ponto): recurso que caso pressionado o bot\u00e3o \u201c<strong><u>DESLIGA<\/u><\/strong>\u201d em qualquer etapa do processo, a furadeira deve ser desligada.<br \/>\ne)\u00a0(1,0 ponto): recurso que caso\u00a0pressionado o bot\u00e3o \u201c<strong><u>EMERG\u00caNCIA<\/u><\/strong>\u201d o processo deve interromper seu funcionamento imediatamente. Se solto este bot\u00e3o, o sistema de controle deve reiniciar de onde parou.<br \/>\nf) (1,0 ponto): recurso que em qualquer momento, se o sensor de pe\u00e7a (<strong><u>SP<\/u><\/strong>) detectar a falta da pe\u00e7a, o sistema deve ser desligado imediatamente e retornar do in\u00edcio.<\/p>\n<p>2) (1,0 ponto): lista de Entradas e as Sa\u00eddas utilizadas no programa e\u00a0Lista das fun\u00e7\u00f5es parametriz\u00e1veis.<\/p>\n","protected":false},"excerpt":{"rendered":"<p>MAPA Imers\u00e3o Profissional Automa\u00e7\u00e3o de Processos Industriais 53\/2025 Figura 1: Furadeira automatizada (retroffiting). O funcionamento da furadeira \u00e9 o seguinte:<\/p>\n","protected":false},"featured_media":6401,"template":"","meta":{"_monsterinsights_skip_tracking":false,"_monsterinsights_sitenote_active":false,"_monsterinsights_sitenote_note":"","_monsterinsights_sitenote_category":0},"product_brand":[],"product_cat":[152,45],"product_tag":[],"class_list":{"0":"post-6399","1":"product","2":"type-product","3":"status-publish","4":"has-post-thumbnail","6":"product_cat-engenharia-da-producao","7":"product_cat-engenharias","9":"first","10":"instock","11":"downloadable","12":"virtual","13":"purchasable","14":"product-type-simple"},"yoast_head":"<!-- This site is optimized with the Yoast SEO plugin v27.4 - https:\/\/yoast.com\/product\/yoast-seo-wordpress\/ -->\n<title>MAPA Imers\u00e3o Profissional Automa\u00e7\u00e3o de Processos Industriais 53\/2025<\/title>\n<meta name=\"description\" content=\"Atividade MAPA Imers\u00e3o Profissional Automa\u00e7\u00e3o de Processos Industriais 53\/2025 &#8902; Unicesumar. Baixe agora mesmo um Mapa Pronto resolvido!\" \/>\n<meta name=\"robots\" content=\"index, follow, max-snippet:-1, max-image-preview:large, max-video-preview:-1\" \/>\n<link rel=\"canonical\" href=\"https:\/\/atividademapa.com\/?product=mapa-imersao-profissional-automacao-de-processos-industriais-53-2025\" \/>\n<meta property=\"og:locale\" content=\"pt_BR\" \/>\n<meta property=\"og:type\" content=\"article\" \/>\n<meta property=\"og:title\" content=\"MAPA Imers\u00e3o Profissional Automa\u00e7\u00e3o de Processos Industriais 53\/2025\" \/>\n<meta property=\"og:description\" content=\"Atividade MAPA Imers\u00e3o Profissional Automa\u00e7\u00e3o de Processos Industriais 53\/2025 &#8902; Unicesumar. Baixe agora mesmo um Mapa Pronto resolvido!\" \/>\n<meta property=\"og:url\" content=\"https:\/\/atividademapa.com\/?product=mapa-imersao-profissional-automacao-de-processos-industriais-53-2025\" \/>\n<meta property=\"og:site_name\" content=\"Atividade Mapa\" \/>\n<meta property=\"article:modified_time\" content=\"2025-09-27T21:42:26+00:00\" \/>\n<meta property=\"og:image\" content=\"https:\/\/i0.wp.com\/atividademapa.com\/wp-content\/uploads\/2025\/09\/Furadeira.png?fit=249%2C202&ssl=1\" \/>\n\t<meta property=\"og:image:width\" content=\"249\" \/>\n\t<meta property=\"og:image:height\" content=\"202\" \/>\n\t<meta property=\"og:image:type\" content=\"image\/png\" \/>\n<meta name=\"twitter:card\" content=\"summary_large_image\" \/>\n<meta name=\"twitter:label1\" content=\"Est. tempo de leitura\" \/>\n\t<meta name=\"twitter:data1\" content=\"3 minutos\" \/>\n<script type=\"application\/ld+json\" class=\"yoast-schema-graph\">{\"@context\":\"https:\\\/\\\/schema.org\",\"@graph\":[{\"@type\":\"WebPage\",\"@id\":\"https:\\\/\\\/atividademapa.com\\\/?product=mapa-imersao-profissional-automacao-de-processos-industriais-53-2025\",\"url\":\"https:\\\/\\\/atividademapa.com\\\/?product=mapa-imersao-profissional-automacao-de-processos-industriais-53-2025\",\"name\":\"MAPA Imers\u00e3o Profissional Automa\u00e7\u00e3o de Processos Industriais 53\\\/2025\",\"isPartOf\":{\"@id\":\"https:\\\/\\\/atividademapa.com\\\/#website\"},\"primaryImageOfPage\":{\"@id\":\"https:\\\/\\\/atividademapa.com\\\/?product=mapa-imersao-profissional-automacao-de-processos-industriais-53-2025#primaryimage\"},\"image\":{\"@id\":\"https:\\\/\\\/atividademapa.com\\\/?product=mapa-imersao-profissional-automacao-de-processos-industriais-53-2025#primaryimage\"},\"thumbnailUrl\":\"https:\\\/\\\/i0.wp.com\\\/atividademapa.com\\\/wp-content\\\/uploads\\\/2025\\\/09\\\/Furadeira.png?fit=249%2C202&ssl=1\",\"datePublished\":\"2025-09-27T21:42:25+00:00\",\"dateModified\":\"2025-09-27T21:42:26+00:00\",\"description\":\"Atividade MAPA Imers\u00e3o Profissional Automa\u00e7\u00e3o de Processos Industriais 53\\\/2025 &#8902; Unicesumar. Baixe agora mesmo um Mapa Pronto resolvido!\",\"breadcrumb\":{\"@id\":\"https:\\\/\\\/atividademapa.com\\\/?product=mapa-imersao-profissional-automacao-de-processos-industriais-53-2025#breadcrumb\"},\"inLanguage\":\"pt-BR\",\"potentialAction\":[{\"@type\":\"ReadAction\",\"target\":[\"https:\\\/\\\/atividademapa.com\\\/?product=mapa-imersao-profissional-automacao-de-processos-industriais-53-2025\"]}]},{\"@type\":\"ImageObject\",\"inLanguage\":\"pt-BR\",\"@id\":\"https:\\\/\\\/atividademapa.com\\\/?product=mapa-imersao-profissional-automacao-de-processos-industriais-53-2025#primaryimage\",\"url\":\"https:\\\/\\\/i0.wp.com\\\/atividademapa.com\\\/wp-content\\\/uploads\\\/2025\\\/09\\\/Furadeira.png?fit=249%2C202&ssl=1\",\"contentUrl\":\"https:\\\/\\\/i0.wp.com\\\/atividademapa.com\\\/wp-content\\\/uploads\\\/2025\\\/09\\\/Furadeira.png?fit=249%2C202&ssl=1\",\"width\":249,\"height\":202},{\"@type\":\"BreadcrumbList\",\"@id\":\"https:\\\/\\\/atividademapa.com\\\/?product=mapa-imersao-profissional-automacao-de-processos-industriais-53-2025#breadcrumb\",\"itemListElement\":[{\"@type\":\"ListItem\",\"position\":1,\"name\":\"In\u00edcio\",\"item\":\"https:\\\/\\\/atividademapa.com\\\/\"},{\"@type\":\"ListItem\",\"position\":2,\"name\":\"MAPAS\",\"item\":\"https:\\\/\\\/atividademapa.com\\\/?page_id=5\"},{\"@type\":\"ListItem\",\"position\":3,\"name\":\"MAPA Imers\u00e3o Profissional Automa\u00e7\u00e3o de Processos Industriais 53\\\/2025\"}]},{\"@type\":\"WebSite\",\"@id\":\"https:\\\/\\\/atividademapa.com\\\/#website\",\"url\":\"https:\\\/\\\/atividademapa.com\\\/\",\"name\":\"Atividade Mapa\",\"description\":\"StudeO | Unicesumar\",\"publisher\":{\"@id\":\"https:\\\/\\\/atividademapa.com\\\/#organization\"},\"potentialAction\":[{\"@type\":\"SearchAction\",\"target\":{\"@type\":\"EntryPoint\",\"urlTemplate\":\"https:\\\/\\\/atividademapa.com\\\/?s={search_term_string}\"},\"query-input\":{\"@type\":\"PropertyValueSpecification\",\"valueRequired\":true,\"valueName\":\"search_term_string\"}}],\"inLanguage\":\"pt-BR\"},{\"@type\":\"Organization\",\"@id\":\"https:\\\/\\\/atividademapa.com\\\/#organization\",\"name\":\"Atividade MAPA\",\"url\":\"https:\\\/\\\/atividademapa.com\\\/\",\"logo\":{\"@type\":\"ImageObject\",\"inLanguage\":\"pt-BR\",\"@id\":\"https:\\\/\\\/atividademapa.com\\\/#\\\/schema\\\/logo\\\/image\\\/\",\"url\":\"https:\\\/\\\/i0.wp.com\\\/atividademapa.com\\\/wp-content\\\/uploads\\\/2023\\\/02\\\/ATIVIDADE.png?fit=600%2C300&ssl=1\",\"contentUrl\":\"https:\\\/\\\/i0.wp.com\\\/atividademapa.com\\\/wp-content\\\/uploads\\\/2023\\\/02\\\/ATIVIDADE.png?fit=600%2C300&ssl=1\",\"width\":600,\"height\":300,\"caption\":\"Atividade MAPA\"},\"image\":{\"@id\":\"https:\\\/\\\/atividademapa.com\\\/#\\\/schema\\\/logo\\\/image\\\/\"}}]}<\/script>\n<!-- \/ Yoast SEO plugin. -->","yoast_head_json":{"title":"MAPA Imers\u00e3o Profissional Automa\u00e7\u00e3o de Processos Industriais 53\/2025","description":"Atividade MAPA Imers\u00e3o Profissional Automa\u00e7\u00e3o de Processos Industriais 53\/2025 &#8902; Unicesumar. Baixe agora mesmo um Mapa Pronto resolvido!","robots":{"index":"index","follow":"follow","max-snippet":"max-snippet:-1","max-image-preview":"max-image-preview:large","max-video-preview":"max-video-preview:-1"},"canonical":"https:\/\/atividademapa.com\/?product=mapa-imersao-profissional-automacao-de-processos-industriais-53-2025","og_locale":"pt_BR","og_type":"article","og_title":"MAPA Imers\u00e3o Profissional Automa\u00e7\u00e3o de Processos Industriais 53\/2025","og_description":"Atividade MAPA Imers\u00e3o Profissional Automa\u00e7\u00e3o de Processos Industriais 53\/2025 &#8902; Unicesumar. Baixe agora mesmo um Mapa Pronto resolvido!","og_url":"https:\/\/atividademapa.com\/?product=mapa-imersao-profissional-automacao-de-processos-industriais-53-2025","og_site_name":"Atividade Mapa","article_modified_time":"2025-09-27T21:42:26+00:00","og_image":[{"width":249,"height":202,"url":"https:\/\/i0.wp.com\/atividademapa.com\/wp-content\/uploads\/2025\/09\/Furadeira.png?fit=249%2C202&ssl=1","type":"image\/png"}],"twitter_card":"summary_large_image","twitter_misc":{"Est. tempo de leitura":"3 minutos"},"schema":{"@context":"https:\/\/schema.org","@graph":[{"@type":"WebPage","@id":"https:\/\/atividademapa.com\/?product=mapa-imersao-profissional-automacao-de-processos-industriais-53-2025","url":"https:\/\/atividademapa.com\/?product=mapa-imersao-profissional-automacao-de-processos-industriais-53-2025","name":"MAPA Imers\u00e3o Profissional Automa\u00e7\u00e3o de Processos Industriais 53\/2025","isPartOf":{"@id":"https:\/\/atividademapa.com\/#website"},"primaryImageOfPage":{"@id":"https:\/\/atividademapa.com\/?product=mapa-imersao-profissional-automacao-de-processos-industriais-53-2025#primaryimage"},"image":{"@id":"https:\/\/atividademapa.com\/?product=mapa-imersao-profissional-automacao-de-processos-industriais-53-2025#primaryimage"},"thumbnailUrl":"https:\/\/i0.wp.com\/atividademapa.com\/wp-content\/uploads\/2025\/09\/Furadeira.png?fit=249%2C202&ssl=1","datePublished":"2025-09-27T21:42:25+00:00","dateModified":"2025-09-27T21:42:26+00:00","description":"Atividade MAPA Imers\u00e3o Profissional Automa\u00e7\u00e3o de Processos Industriais 53\/2025 &#8902; Unicesumar. Baixe agora mesmo um Mapa Pronto resolvido!","breadcrumb":{"@id":"https:\/\/atividademapa.com\/?product=mapa-imersao-profissional-automacao-de-processos-industriais-53-2025#breadcrumb"},"inLanguage":"pt-BR","potentialAction":[{"@type":"ReadAction","target":["https:\/\/atividademapa.com\/?product=mapa-imersao-profissional-automacao-de-processos-industriais-53-2025"]}]},{"@type":"ImageObject","inLanguage":"pt-BR","@id":"https:\/\/atividademapa.com\/?product=mapa-imersao-profissional-automacao-de-processos-industriais-53-2025#primaryimage","url":"https:\/\/i0.wp.com\/atividademapa.com\/wp-content\/uploads\/2025\/09\/Furadeira.png?fit=249%2C202&ssl=1","contentUrl":"https:\/\/i0.wp.com\/atividademapa.com\/wp-content\/uploads\/2025\/09\/Furadeira.png?fit=249%2C202&ssl=1","width":249,"height":202},{"@type":"BreadcrumbList","@id":"https:\/\/atividademapa.com\/?product=mapa-imersao-profissional-automacao-de-processos-industriais-53-2025#breadcrumb","itemListElement":[{"@type":"ListItem","position":1,"name":"In\u00edcio","item":"https:\/\/atividademapa.com\/"},{"@type":"ListItem","position":2,"name":"MAPAS","item":"https:\/\/atividademapa.com\/?page_id=5"},{"@type":"ListItem","position":3,"name":"MAPA Imers\u00e3o Profissional Automa\u00e7\u00e3o de Processos Industriais 53\/2025"}]},{"@type":"WebSite","@id":"https:\/\/atividademapa.com\/#website","url":"https:\/\/atividademapa.com\/","name":"Atividade Mapa","description":"StudeO | Unicesumar","publisher":{"@id":"https:\/\/atividademapa.com\/#organization"},"potentialAction":[{"@type":"SearchAction","target":{"@type":"EntryPoint","urlTemplate":"https:\/\/atividademapa.com\/?s={search_term_string}"},"query-input":{"@type":"PropertyValueSpecification","valueRequired":true,"valueName":"search_term_string"}}],"inLanguage":"pt-BR"},{"@type":"Organization","@id":"https:\/\/atividademapa.com\/#organization","name":"Atividade MAPA","url":"https:\/\/atividademapa.com\/","logo":{"@type":"ImageObject","inLanguage":"pt-BR","@id":"https:\/\/atividademapa.com\/#\/schema\/logo\/image\/","url":"https:\/\/i0.wp.com\/atividademapa.com\/wp-content\/uploads\/2023\/02\/ATIVIDADE.png?fit=600%2C300&ssl=1","contentUrl":"https:\/\/i0.wp.com\/atividademapa.com\/wp-content\/uploads\/2023\/02\/ATIVIDADE.png?fit=600%2C300&ssl=1","width":600,"height":300,"caption":"Atividade MAPA"},"image":{"@id":"https:\/\/atividademapa.com\/#\/schema\/logo\/image\/"}}]}},"_links":{"self":[{"href":"https:\/\/atividademapa.com\/index.php?rest_route=\/wp\/v2\/product\/6399","targetHints":{"allow":["GET"]}}],"collection":[{"href":"https:\/\/atividademapa.com\/index.php?rest_route=\/wp\/v2\/product"}],"about":[{"href":"https:\/\/atividademapa.com\/index.php?rest_route=\/wp\/v2\/types\/product"}],"version-history":[{"count":1,"href":"https:\/\/atividademapa.com\/index.php?rest_route=\/wp\/v2\/product\/6399\/revisions"}],"predecessor-version":[{"id":6402,"href":"https:\/\/atividademapa.com\/index.php?rest_route=\/wp\/v2\/product\/6399\/revisions\/6402"}],"wp:featuredmedia":[{"embeddable":true,"href":"https:\/\/atividademapa.com\/index.php?rest_route=\/wp\/v2\/media\/6401"}],"wp:attachment":[{"href":"https:\/\/atividademapa.com\/index.php?rest_route=%2Fwp%2Fv2%2Fmedia&parent=6399"}],"wp:term":[{"taxonomy":"product_brand","embeddable":true,"href":"https:\/\/atividademapa.com\/index.php?rest_route=%2Fwp%2Fv2%2Fproduct_brand&post=6399"},{"taxonomy":"product_cat","embeddable":true,"href":"https:\/\/atividademapa.com\/index.php?rest_route=%2Fwp%2Fv2%2Fproduct_cat&post=6399"},{"taxonomy":"product_tag","embeddable":true,"href":"https:\/\/atividademapa.com\/index.php?rest_route=%2Fwp%2Fv2%2Fproduct_tag&post=6399"}],"curies":[{"name":"wp","href":"https:\/\/api.w.org\/{rel}","templated":true}]}}