{"id":6415,"date":"2025-10-08T22:02:59","date_gmt":"2025-10-09T01:02:59","guid":{"rendered":"https:\/\/atividademapa.com\/?post_type=product&#038;p=6415"},"modified":"2025-10-08T22:12:02","modified_gmt":"2025-10-09T01:12:02","slug":"mapa-imersao-profissional-documentos-de-seguranca-do-trabalho-54-2025","status":"publish","type":"product","link":"https:\/\/atividademapa.com\/?product=mapa-imersao-profissional-documentos-de-seguranca-do-trabalho-54-2025","title":{"rendered":"MAPA &#8211; IMERS\u00c3O PROFISSIONAL DOCUMENTOS DE SEGURAN\u00c7A DO TRABALHO 54\/2025"},"content":{"rendered":"<div class=\"enunciado\">\n<div class=\"panel-body p-t-20 b-t b-grey\">\n<div class=\"painel-questao\">\n<div class=\"painel-questao-titulo cursor\">QUEST\u00c3O 1<\/div>\n<\/div>\n<\/div>\n<\/div>\n<div>\n<p>Voc\u00ea sabe quando deve ser elaborado um laudo de insalubridade e periculosidade? Voc\u00ea sabe qual lei deve-se basear na elabora\u00e7\u00e3o e nas conclus\u00f5es dos laudos?<\/p>\n<p>Os profissionais da seguran\u00e7a devem saber entender as conclus\u00f5es dos laudos de insalubridade e periculosidade para que possam ser realizadas\u00a0as melhorias necess\u00e1rias, fornecimentos dos EPIs caso seja necess\u00e1rio e, caso n\u00e3o consiga melhorar o ambiente e a neutraliza\u00e7\u00e3o n\u00e3o seja eficiente, ent\u00e3o deve ser pago os adicionais devidos aos trabalhadores.<\/p>\n<p>Diante disso leia o estudo de caso desta quest\u00e3o:<\/p>\n<p>Em uma ind\u00fastria de fabrica\u00e7\u00e3o de produtos de carne, com grau de risco 3 \u2013 CNAE 10.13-9 que \u00e9 um setor essencial,\u00a0exp\u00f5e seus trabalhadores a condi\u00e7\u00f5es ambientais insalubres, principalmente em rela\u00e7\u00e3o ao ru\u00eddo e ao frio. Compreender os riscos associados a esses fatores e implementar medidas de controle eficazes \u00e9 crucial para garantir a sa\u00fade e a seguran\u00e7a dos funcion\u00e1rios.<\/p>\n<p>Dessa forma foi contratado um profissional da seguran\u00e7a do trabalho para avaliar a desossa dos bovinos, o profissional fez a inspe\u00e7\u00e3o no setor de desossa levando em considera\u00e7\u00e3o os riscos de frio e ru\u00eddo e fez o laudo de insalubridade e periculosidade.<\/p>\n<p>Esse\u00a0setor possui v\u00e1rias fun\u00e7\u00f5es, sendo que a fun\u00e7\u00e3o analisada foi os desossadores. A\u00a0ind\u00fastria est\u00e1 localizada na zona clim\u00e1tica subquente, e a temperatura de bulbo seco medido no ambiente de trabalho foi de 11 \u00baC. Ao trabalhador foram dados\u00a0os seguintes EPIs: capacete, capuz, \u00f3culos, blusa e cal\u00e7a para o frio compat\u00edveis\u00a0com o ambiente, meia de algod\u00e3o e sapato de seguran\u00e7a para o frio. Os trabalhadores deste setor realizam trabalho cont\u00ednuo por 2 horas e possuem tempo de repouso em ambiente termicamente mais quente por 20 minutos alternados at\u00e9 a jornada de 6 horas e 40 minutos.<\/p>\n<p>J\u00e1 na avalia\u00e7\u00e3o do ru\u00eddo, foi utilizado uma dosimetria com uma avalia\u00e7\u00e3o de 8 horas, ou seja, jornada completa do trabalhador, obtendo um valor de 91 dB(A).<\/p>\n<p>A exposi\u00e7\u00e3o do frio pode causar hipotermia, congelamento e les\u00f5es por frio n\u00e3o congelante (como a s\u00edndrome de Reynaud), e o ru\u00eddo pode causar zumbido, estresse, fadiga e dificuldade de comunica\u00e7\u00e3o, sendo que nos dois casos h\u00e1\u00a0a possibilidade de comprometer a seguran\u00e7a.<\/p>\n<p>A n\u00e3o observ\u00e2ncia do laudo de insalubridade e periculosidade pode acarretar o desencadeamento de doen\u00e7as ocupacionais\u00a0no trabalhador, e com isso a organiza\u00e7\u00e3o pode ser autuada pelo descumprimento do laudo e obrigada ao pagamento dos adicionais devidos aos trabalhadores.<\/p>\n<p>Diante disso leio o excerto a seguir:<\/p>\n<p>O laudo de insalubridade \u00e9 um documento que atesta se um determinado ambiente de trabalho oferece condi\u00e7\u00f5es insalubres, ou seja, prejudiciais \u00e0 sa\u00fade do trabalhador. J\u00e1 o laudo de periculosidade \u00e9 um documento que atesta se uma atividade profissional apresenta riscos iminentes \u00e0 integridade f\u00edsica do trabalhador, como explos\u00f5es, inc\u00eandios, choques el\u00e9tricos, entre outros.<\/p>\n<p>Os laudos de insalubridade e periculosidade devem ser elaborados por profissionais especializados em seguran\u00e7a do trabalho. Esses profissionais devem possuir forma\u00e7\u00e3o em engenharia de seguran\u00e7a do trabalho ou medicina do trabalho, e devem estar registrados no Conselho Regional de Engenharia e Agronomia (CREA) ou no Conselho Regional de Medicina (CRM), respectivamente.<\/p>\n<p>A elabora\u00e7\u00e3o dos laudos de insalubridade e periculosidade envolve a realiza\u00e7\u00e3o de uma s\u00e9rie de procedimentos t\u00e9cnicos, que incluem: identifica\u00e7\u00e3o dos agentes nocivos \u00e0 sa\u00fade ou \u00e0 integridade f\u00edsica do trabalhador; medi\u00e7\u00e3o dos n\u00edveis de exposi\u00e7\u00e3o aos agentes nocivos; compara\u00e7\u00e3o dos n\u00edveis de exposi\u00e7\u00e3o com os limites de toler\u00e2ncia estabelecidos pela NR 15, no caso do laudo de insalubridade; an\u00e1lise dos riscos inerentes \u00e0 atividade profissional, no caso do laudo de periculosidade; elabora\u00e7\u00e3o do laudo com as conclus\u00f5es.<\/p>\n<\/div>\n<p>&nbsp;<\/p>\n<div><\/div>\n<p>&nbsp;<\/p>\n<div>Fonte: https:\/\/esocialbrasil.com.br\/blog\/laudos-insalubridade-periculosidade\/. Acesso em: 1 set. 2025.<\/div>\n<p>&nbsp;<\/p>\n<div>\n<p>A partir das descri\u00e7\u00f5es sobre ru\u00eddos e frio e as orienta\u00e7\u00f5es explicadas pela NR 15 &#8211; Anexo 1 e 9, NR 36,\u00a0CLT Art 253, Mapa Brasil Climas,\u00a0Mapa da disciplina de Imers\u00e3o Profissional \u2013 Documentos de Seguran\u00e7a do Trabalho, seu papel \u00e9 responder aos seguintes itens:<\/p>\n<p>a) A partir das informa\u00e7\u00f5es apresentadas, informar quais tipo de equipamentos s\u00e3o necess\u00e1rios para a medi\u00e7\u00e3o dos agentes frio e ru\u00eddo em quest\u00e3o. N\u00e3o esque\u00e7a de anexar uma foto de cada.<\/p>\n<p>b) A partir das informa\u00e7\u00f5es apresentadas, informar qual \u00e9 a atenua\u00e7\u00e3o do protetor auricular recomendada\u00a0para o trabalho no setor de desossa. Explique sua opini\u00e3o.<\/p>\n<p>c) Indique se a atividade do trabalhador se encontra salubre ou insalubre\u00a0para o agente frio e defenda sua opini\u00e3o. Indique as medidas necess\u00e1rias para melhorias\u00a0no setor da desossa. Se o ambiente for insalubre, qual adicional seria devido ao trabalhador?<\/p>\n<p>d) Indique se a atividade do trabalhador se encontra salubre ou insalubre\u00a0para o agente ru\u00eddo e defenda sua opini\u00e3o. Indique as medidas necess\u00e1rias para melhorias\u00a0no setor da desossa. Se o ambiente for insalubre, qual adicional seria devido ao trabalhador?<\/p>\n<p>e) No caso de o trabalhador ter direito aos adicionais de frio e ru\u00eddo, conforme a legisla\u00e7\u00e3o vigente, ele\u00a0receberia os dois ou teria que escolher entre eles? Explique sua opini\u00e3o.<\/p>\n<p>f) Para finalizar, explique com suas palavras a import\u00e2ncia do laudo de insalubridade e periculosidade.<\/p>\n<p>\u200b<strong>Orienta\u00e7\u00f5es adicionais:<\/strong><\/p>\n<p>&#8211; Esta \u00e9 uma atividade INDIVIDUAL, portanto trabalhos com pl\u00e1gios, copiados da internet ou de outros estudantes ser\u00e3o zerados.<\/p>\n<p>&#8211; Baixe\u00a0o formul\u00e1rio-padr\u00e3o para resposta (obrigat\u00f3rio) do MAPA\u00a0no &#8220;Material da Disciplina&#8221;.<\/p>\n<p>&#8211; Assista\u00a0ao v\u00eddeo de explica\u00e7\u00e3o presente na &#8220;Sala do Caf\u00e9&#8221;.<\/p>\n<p>&#8211; Leia\u00a0com calma e aten\u00e7\u00e3o o Estudo de Caso\u00a0apresentado na atividade.<\/p>\n<p>&#8211; Salve\u00a0o formul\u00e1rio-padr\u00e3o\u00a0com todos os itens solicitados\u00a0e coloque um nome simples no seu arquivo\u00a0para n\u00e3o haver confus\u00e3o no momento do envio.<\/p>\n<p>&#8211; Anexe seu arquivo no espa\u00e7o da atividade MAPA e clique em &#8220;Responder&#8221;.<\/p>\n<p>&#8211;\u00a0Certifique-se que o arquivo a ser enviado \u00e9 o correto\u00a0no momento do envio. Sugerimos que voc\u00ea clique no link gerado da sua atividade e fa\u00e7a o download para conferir. Posteriormente, clique em \u201cFinalizar\u201d.<\/p>\n<p>&#8211; N\u00e3o ser\u00e1 atribu\u00eddo\u00a0nota aos\u00a0trabalhos que apresentarem c\u00f3pia indevida.<\/p>\n<p>Bons estudos!<\/p>\n<\/div>\n","protected":false},"excerpt":{"rendered":"<p>QUEST\u00c3O 1 Voc\u00ea sabe quando deve ser elaborado um laudo de insalubridade e periculosidade? Voc\u00ea sabe qual lei deve-se basear<\/p>\n","protected":false},"featured_media":2326,"template":"","meta":{"_monsterinsights_skip_tracking":false,"_monsterinsights_sitenote_active":false,"_monsterinsights_sitenote_note":"","_monsterinsights_sitenote_category":0},"product_brand":[],"product_cat":[113],"product_tag":[],"class_list":{"0":"post-6415","1":"product","2":"type-product","3":"status-publish","4":"has-post-thumbnail","6":"product_cat-seguranca-do-trabalho","8":"first","9":"instock","10":"downloadable","11":"virtual","12":"purchasable","13":"product-type-simple"},"yoast_head":"<!-- This site is optimized with the Yoast SEO plugin v27.4 - https:\/\/yoast.com\/product\/yoast-seo-wordpress\/ -->\n<title>MAPA - IMERS\u00c3O PROFISSIONAL DOCUMENTOS DE SEGURAN\u00c7A DO TRABALHO 54\/2025<\/title>\n<meta name=\"description\" content=\"Atividade MAPA - IMERS\u00c3O PROFISSIONAL DOCUMENTOS DE SEGURAN\u00c7A DO TRABALHO 54\/2025 &#8902; Unicesumar. Baixe agora mesmo um Mapa Pronto resolvido!\" \/>\n<meta name=\"robots\" content=\"index, follow, max-snippet:-1, max-image-preview:large, max-video-preview:-1\" \/>\n<link rel=\"canonical\" href=\"https:\/\/atividademapa.com\/?product=mapa-imersao-profissional-documentos-de-seguranca-do-trabalho-54-2025\" \/>\n<meta property=\"og:locale\" content=\"pt_BR\" \/>\n<meta property=\"og:type\" content=\"article\" \/>\n<meta property=\"og:title\" content=\"MAPA - IMERS\u00c3O PROFISSIONAL DOCUMENTOS DE SEGURAN\u00c7A DO TRABALHO 54\/2025\" \/>\n<meta property=\"og:description\" content=\"Atividade MAPA - IMERS\u00c3O PROFISSIONAL DOCUMENTOS DE SEGURAN\u00c7A DO TRABALHO 54\/2025 &#8902; Unicesumar. Baixe agora mesmo um Mapa Pronto resolvido!\" \/>\n<meta property=\"og:url\" content=\"https:\/\/atividademapa.com\/?product=mapa-imersao-profissional-documentos-de-seguranca-do-trabalho-54-2025\" \/>\n<meta property=\"og:site_name\" content=\"Atividade Mapa\" \/>\n<meta property=\"article:modified_time\" content=\"2025-10-09T01:12:02+00:00\" \/>\n<meta property=\"og:image\" content=\"https:\/\/i0.wp.com\/atividademapa.com\/wp-content\/uploads\/2023\/03\/Atividade-M.A.P.A-3.png?fit=300%2C300&ssl=1\" \/>\n\t<meta property=\"og:image:width\" content=\"300\" \/>\n\t<meta property=\"og:image:height\" content=\"300\" \/>\n\t<meta property=\"og:image:type\" content=\"image\/png\" \/>\n<meta name=\"twitter:card\" content=\"summary_large_image\" \/>\n<meta name=\"twitter:label1\" content=\"Est. tempo de leitura\" \/>\n\t<meta name=\"twitter:data1\" content=\"5 minutos\" \/>\n<script type=\"application\/ld+json\" class=\"yoast-schema-graph\">{\"@context\":\"https:\\\/\\\/schema.org\",\"@graph\":[{\"@type\":\"WebPage\",\"@id\":\"https:\\\/\\\/atividademapa.com\\\/?product=mapa-imersao-profissional-documentos-de-seguranca-do-trabalho-54-2025\",\"url\":\"https:\\\/\\\/atividademapa.com\\\/?product=mapa-imersao-profissional-documentos-de-seguranca-do-trabalho-54-2025\",\"name\":\"MAPA - IMERS\u00c3O PROFISSIONAL DOCUMENTOS DE SEGURAN\u00c7A DO TRABALHO 54\\\/2025\",\"isPartOf\":{\"@id\":\"https:\\\/\\\/atividademapa.com\\\/#website\"},\"primaryImageOfPage\":{\"@id\":\"https:\\\/\\\/atividademapa.com\\\/?product=mapa-imersao-profissional-documentos-de-seguranca-do-trabalho-54-2025#primaryimage\"},\"image\":{\"@id\":\"https:\\\/\\\/atividademapa.com\\\/?product=mapa-imersao-profissional-documentos-de-seguranca-do-trabalho-54-2025#primaryimage\"},\"thumbnailUrl\":\"https:\\\/\\\/i0.wp.com\\\/atividademapa.com\\\/wp-content\\\/uploads\\\/2023\\\/03\\\/Atividade-M.A.P.A-3.png?fit=300%2C300&ssl=1\",\"datePublished\":\"2025-10-09T01:02:59+00:00\",\"dateModified\":\"2025-10-09T01:12:02+00:00\",\"description\":\"Atividade MAPA - IMERS\u00c3O PROFISSIONAL DOCUMENTOS DE SEGURAN\u00c7A DO TRABALHO 54\\\/2025 &#8902; Unicesumar. Baixe agora mesmo um Mapa Pronto resolvido!\",\"breadcrumb\":{\"@id\":\"https:\\\/\\\/atividademapa.com\\\/?product=mapa-imersao-profissional-documentos-de-seguranca-do-trabalho-54-2025#breadcrumb\"},\"inLanguage\":\"pt-BR\",\"potentialAction\":[{\"@type\":\"ReadAction\",\"target\":[\"https:\\\/\\\/atividademapa.com\\\/?product=mapa-imersao-profissional-documentos-de-seguranca-do-trabalho-54-2025\"]}]},{\"@type\":\"ImageObject\",\"inLanguage\":\"pt-BR\",\"@id\":\"https:\\\/\\\/atividademapa.com\\\/?product=mapa-imersao-profissional-documentos-de-seguranca-do-trabalho-54-2025#primaryimage\",\"url\":\"https:\\\/\\\/i0.wp.com\\\/atividademapa.com\\\/wp-content\\\/uploads\\\/2023\\\/03\\\/Atividade-M.A.P.A-3.png?fit=300%2C300&ssl=1\",\"contentUrl\":\"https:\\\/\\\/i0.wp.com\\\/atividademapa.com\\\/wp-content\\\/uploads\\\/2023\\\/03\\\/Atividade-M.A.P.A-3.png?fit=300%2C300&ssl=1\",\"width\":300,\"height\":300,\"caption\":\"Mapa Unicesumar Atividade\"},{\"@type\":\"BreadcrumbList\",\"@id\":\"https:\\\/\\\/atividademapa.com\\\/?product=mapa-imersao-profissional-documentos-de-seguranca-do-trabalho-54-2025#breadcrumb\",\"itemListElement\":[{\"@type\":\"ListItem\",\"position\":1,\"name\":\"In\u00edcio\",\"item\":\"https:\\\/\\\/atividademapa.com\\\/\"},{\"@type\":\"ListItem\",\"position\":2,\"name\":\"MAPAS\",\"item\":\"https:\\\/\\\/atividademapa.com\\\/?page_id=5\"},{\"@type\":\"ListItem\",\"position\":3,\"name\":\"MAPA &#8211; IMERS\u00c3O PROFISSIONAL DOCUMENTOS DE SEGURAN\u00c7A DO TRABALHO 54\\\/2025\"}]},{\"@type\":\"WebSite\",\"@id\":\"https:\\\/\\\/atividademapa.com\\\/#website\",\"url\":\"https:\\\/\\\/atividademapa.com\\\/\",\"name\":\"Atividade Mapa\",\"description\":\"StudeO | Unicesumar\",\"publisher\":{\"@id\":\"https:\\\/\\\/atividademapa.com\\\/#organization\"},\"potentialAction\":[{\"@type\":\"SearchAction\",\"target\":{\"@type\":\"EntryPoint\",\"urlTemplate\":\"https:\\\/\\\/atividademapa.com\\\/?s={search_term_string}\"},\"query-input\":{\"@type\":\"PropertyValueSpecification\",\"valueRequired\":true,\"valueName\":\"search_term_string\"}}],\"inLanguage\":\"pt-BR\"},{\"@type\":\"Organization\",\"@id\":\"https:\\\/\\\/atividademapa.com\\\/#organization\",\"name\":\"Atividade MAPA\",\"url\":\"https:\\\/\\\/atividademapa.com\\\/\",\"logo\":{\"@type\":\"ImageObject\",\"inLanguage\":\"pt-BR\",\"@id\":\"https:\\\/\\\/atividademapa.com\\\/#\\\/schema\\\/logo\\\/image\\\/\",\"url\":\"https:\\\/\\\/i0.wp.com\\\/atividademapa.com\\\/wp-content\\\/uploads\\\/2023\\\/02\\\/ATIVIDADE.png?fit=600%2C300&ssl=1\",\"contentUrl\":\"https:\\\/\\\/i0.wp.com\\\/atividademapa.com\\\/wp-content\\\/uploads\\\/2023\\\/02\\\/ATIVIDADE.png?fit=600%2C300&ssl=1\",\"width\":600,\"height\":300,\"caption\":\"Atividade MAPA\"},\"image\":{\"@id\":\"https:\\\/\\\/atividademapa.com\\\/#\\\/schema\\\/logo\\\/image\\\/\"}}]}<\/script>\n<!-- \/ Yoast SEO plugin. -->","yoast_head_json":{"title":"MAPA - IMERS\u00c3O PROFISSIONAL DOCUMENTOS DE SEGURAN\u00c7A DO TRABALHO 54\/2025","description":"Atividade MAPA - IMERS\u00c3O PROFISSIONAL DOCUMENTOS DE SEGURAN\u00c7A DO TRABALHO 54\/2025 &#8902; Unicesumar. Baixe agora mesmo um Mapa Pronto resolvido!","robots":{"index":"index","follow":"follow","max-snippet":"max-snippet:-1","max-image-preview":"max-image-preview:large","max-video-preview":"max-video-preview:-1"},"canonical":"https:\/\/atividademapa.com\/?product=mapa-imersao-profissional-documentos-de-seguranca-do-trabalho-54-2025","og_locale":"pt_BR","og_type":"article","og_title":"MAPA - IMERS\u00c3O PROFISSIONAL DOCUMENTOS DE SEGURAN\u00c7A DO TRABALHO 54\/2025","og_description":"Atividade MAPA - IMERS\u00c3O PROFISSIONAL DOCUMENTOS DE SEGURAN\u00c7A DO TRABALHO 54\/2025 &#8902; Unicesumar. Baixe agora mesmo um Mapa Pronto resolvido!","og_url":"https:\/\/atividademapa.com\/?product=mapa-imersao-profissional-documentos-de-seguranca-do-trabalho-54-2025","og_site_name":"Atividade Mapa","article_modified_time":"2025-10-09T01:12:02+00:00","og_image":[{"width":300,"height":300,"url":"https:\/\/i0.wp.com\/atividademapa.com\/wp-content\/uploads\/2023\/03\/Atividade-M.A.P.A-3.png?fit=300%2C300&ssl=1","type":"image\/png"}],"twitter_card":"summary_large_image","twitter_misc":{"Est. tempo de leitura":"5 minutos"},"schema":{"@context":"https:\/\/schema.org","@graph":[{"@type":"WebPage","@id":"https:\/\/atividademapa.com\/?product=mapa-imersao-profissional-documentos-de-seguranca-do-trabalho-54-2025","url":"https:\/\/atividademapa.com\/?product=mapa-imersao-profissional-documentos-de-seguranca-do-trabalho-54-2025","name":"MAPA - IMERS\u00c3O PROFISSIONAL DOCUMENTOS DE SEGURAN\u00c7A DO TRABALHO 54\/2025","isPartOf":{"@id":"https:\/\/atividademapa.com\/#website"},"primaryImageOfPage":{"@id":"https:\/\/atividademapa.com\/?product=mapa-imersao-profissional-documentos-de-seguranca-do-trabalho-54-2025#primaryimage"},"image":{"@id":"https:\/\/atividademapa.com\/?product=mapa-imersao-profissional-documentos-de-seguranca-do-trabalho-54-2025#primaryimage"},"thumbnailUrl":"https:\/\/i0.wp.com\/atividademapa.com\/wp-content\/uploads\/2023\/03\/Atividade-M.A.P.A-3.png?fit=300%2C300&ssl=1","datePublished":"2025-10-09T01:02:59+00:00","dateModified":"2025-10-09T01:12:02+00:00","description":"Atividade MAPA - IMERS\u00c3O PROFISSIONAL DOCUMENTOS DE SEGURAN\u00c7A DO TRABALHO 54\/2025 &#8902; Unicesumar. Baixe agora mesmo um Mapa Pronto resolvido!","breadcrumb":{"@id":"https:\/\/atividademapa.com\/?product=mapa-imersao-profissional-documentos-de-seguranca-do-trabalho-54-2025#breadcrumb"},"inLanguage":"pt-BR","potentialAction":[{"@type":"ReadAction","target":["https:\/\/atividademapa.com\/?product=mapa-imersao-profissional-documentos-de-seguranca-do-trabalho-54-2025"]}]},{"@type":"ImageObject","inLanguage":"pt-BR","@id":"https:\/\/atividademapa.com\/?product=mapa-imersao-profissional-documentos-de-seguranca-do-trabalho-54-2025#primaryimage","url":"https:\/\/i0.wp.com\/atividademapa.com\/wp-content\/uploads\/2023\/03\/Atividade-M.A.P.A-3.png?fit=300%2C300&ssl=1","contentUrl":"https:\/\/i0.wp.com\/atividademapa.com\/wp-content\/uploads\/2023\/03\/Atividade-M.A.P.A-3.png?fit=300%2C300&ssl=1","width":300,"height":300,"caption":"Mapa Unicesumar Atividade"},{"@type":"BreadcrumbList","@id":"https:\/\/atividademapa.com\/?product=mapa-imersao-profissional-documentos-de-seguranca-do-trabalho-54-2025#breadcrumb","itemListElement":[{"@type":"ListItem","position":1,"name":"In\u00edcio","item":"https:\/\/atividademapa.com\/"},{"@type":"ListItem","position":2,"name":"MAPAS","item":"https:\/\/atividademapa.com\/?page_id=5"},{"@type":"ListItem","position":3,"name":"MAPA &#8211; IMERS\u00c3O PROFISSIONAL DOCUMENTOS DE SEGURAN\u00c7A DO TRABALHO 54\/2025"}]},{"@type":"WebSite","@id":"https:\/\/atividademapa.com\/#website","url":"https:\/\/atividademapa.com\/","name":"Atividade Mapa","description":"StudeO | Unicesumar","publisher":{"@id":"https:\/\/atividademapa.com\/#organization"},"potentialAction":[{"@type":"SearchAction","target":{"@type":"EntryPoint","urlTemplate":"https:\/\/atividademapa.com\/?s={search_term_string}"},"query-input":{"@type":"PropertyValueSpecification","valueRequired":true,"valueName":"search_term_string"}}],"inLanguage":"pt-BR"},{"@type":"Organization","@id":"https:\/\/atividademapa.com\/#organization","name":"Atividade MAPA","url":"https:\/\/atividademapa.com\/","logo":{"@type":"ImageObject","inLanguage":"pt-BR","@id":"https:\/\/atividademapa.com\/#\/schema\/logo\/image\/","url":"https:\/\/i0.wp.com\/atividademapa.com\/wp-content\/uploads\/2023\/02\/ATIVIDADE.png?fit=600%2C300&ssl=1","contentUrl":"https:\/\/i0.wp.com\/atividademapa.com\/wp-content\/uploads\/2023\/02\/ATIVIDADE.png?fit=600%2C300&ssl=1","width":600,"height":300,"caption":"Atividade MAPA"},"image":{"@id":"https:\/\/atividademapa.com\/#\/schema\/logo\/image\/"}}]}},"_links":{"self":[{"href":"https:\/\/atividademapa.com\/index.php?rest_route=\/wp\/v2\/product\/6415","targetHints":{"allow":["GET"]}}],"collection":[{"href":"https:\/\/atividademapa.com\/index.php?rest_route=\/wp\/v2\/product"}],"about":[{"href":"https:\/\/atividademapa.com\/index.php?rest_route=\/wp\/v2\/types\/product"}],"version-history":[{"count":2,"href":"https:\/\/atividademapa.com\/index.php?rest_route=\/wp\/v2\/product\/6415\/revisions"}],"predecessor-version":[{"id":6421,"href":"https:\/\/atividademapa.com\/index.php?rest_route=\/wp\/v2\/product\/6415\/revisions\/6421"}],"wp:featuredmedia":[{"embeddable":true,"href":"https:\/\/atividademapa.com\/index.php?rest_route=\/wp\/v2\/media\/2326"}],"wp:attachment":[{"href":"https:\/\/atividademapa.com\/index.php?rest_route=%2Fwp%2Fv2%2Fmedia&parent=6415"}],"wp:term":[{"taxonomy":"product_brand","embeddable":true,"href":"https:\/\/atividademapa.com\/index.php?rest_route=%2Fwp%2Fv2%2Fproduct_brand&post=6415"},{"taxonomy":"product_cat","embeddable":true,"href":"https:\/\/atividademapa.com\/index.php?rest_route=%2Fwp%2Fv2%2Fproduct_cat&post=6415"},{"taxonomy":"product_tag","embeddable":true,"href":"https:\/\/atividademapa.com\/index.php?rest_route=%2Fwp%2Fv2%2Fproduct_tag&post=6415"}],"curies":[{"name":"wp","href":"https:\/\/api.w.org\/{rel}","templated":true}]}}