{"id":6425,"date":"2025-10-08T22:24:19","date_gmt":"2025-10-09T01:24:19","guid":{"rendered":"https:\/\/atividademapa.com\/?post_type=product&#038;p=6425"},"modified":"2025-10-08T22:24:21","modified_gmt":"2025-10-09T01:24:21","slug":"mapa-imersao-profissional-gestao-estrategica-logistica-54-2025","status":"publish","type":"product","link":"https:\/\/atividademapa.com\/?product=mapa-imersao-profissional-gestao-estrategica-logistica-54-2025","title":{"rendered":"Mapa Imers\u00e3o Profissional: gest\u00e3o estrat\u00e9gica log\u00edstica 54\/2025"},"content":{"rendered":"<div class=\"enunciado\">\n<div class=\"panel-body p-t-20 b-t b-grey\">\n<div class=\"painel-questao\">\n<div class=\"painel-questao-titulo cursor\">QUEST\u00c3O 1<\/div>\n<\/div>\n<\/div>\n<\/div>\n<div>A Tarifa extra anunciada pelos Estados Unidos ao Brasil nos faz atentarmos nas parcerias comerciais. O mundo est\u00e1 cada vez mais din\u00e2mico e interligado, e uma situa\u00e7\u00e3o pode afetar diretamente a popula\u00e7\u00e3o, os colaboradores e os diretores dos neg\u00f3cios. Ao mesmo tempo em que tudo parece estar em sintonia gerando bons resultados, uma mudan\u00e7a pode influenciar a ponto de inviabilizar a continua\u00e7\u00e3o do neg\u00f3cio. \u00c9 preciso estar atento aos movimentos do mercado e buscar por alternativas que possam diminuir os preju\u00edzos ou at\u00e9 que consiga fazer a empresa sair ainda mais fortalecida.<\/p>\n<p><strong>Apresenta\u00e7\u00e3o do caso<\/strong><\/p>\n<p>Uma empresa que produz e distribui bebidas l\u00e1cteas, que \u00e9 conhecido e consumido nas capitais brasileiras do Sul, Sudeste e Nordeste, est\u00e1 ampliando a atua\u00e7\u00e3o para pa\u00edses da Am\u00e9rica Latina e \u00c1sia. Tem f\u00e1bricas e centros de distribui\u00e7\u00e3o espalhados em diferentes lugares estrat\u00e9gicas que facilitam a exporta\u00e7\u00e3o tanto por portos como tamb\u00e9m por aeroportos. Os diretores est\u00e3o conscientes que esse passo representa um marco que pode fazer a empresa se tornar internacionalmente conhecida, mas se n\u00e3o for devidamente planejado vai comprometer a opera\u00e7\u00e3o nacional. Financeiramente, os diretores se prepararam para a realiza\u00e7\u00e3o dos investimentos necess\u00e1rios.<\/p>\n<div><\/div>\n<p><strong>Comando da atividade:<\/strong><\/p>\n<p>a) Considerando o contexto, realize a An\u00e1lise PESTEL para a empresa de bebidas l\u00e1cteas que decidiu exportar os produtos, apresentando e justificando cada uma das partes da ferramenta.<\/p>\n<p>b) Com base no material da disciplina na etapa 3 do processo (elabora\u00e7\u00e3o do Planejamento Estrat\u00e9gico em Log\u00edstica) que considera a necessidade de elabora\u00e7\u00e3o de estrat\u00e9gias e, considerando o caso apresentado, apresente um elemento importante para a estrat\u00e9gia da empresa que deseja exportar os produtos l\u00e1cteos.<\/p>\n<div><strong>Orienta\u00e7\u00f5es:<\/strong><\/p>\n<p>1. Acesse o material da disciplina.<\/p>\n<p>2. Assista \u00e0s aulas dispon\u00edveis no ambiente virtual.<\/p>\n<p>3. Baixe o \u201cFormul\u00e1rio Padr\u00e3o do MAPA\u201d, dispon\u00edvel na pasta\u00a0<em>Material da Disciplina<\/em>, no ambiente Studeo.<\/p>\n<p>4. Preencha corretamente todos os campos do formul\u00e1rio conforme as orienta\u00e7\u00f5es da disciplina.<\/p>\n<p>5. Se utilizar materiais de outros autores, fa\u00e7a as devidas refer\u00eancias. O uso de trechos ou textos sem cita\u00e7\u00e3o ser\u00e1 considerado pl\u00e1gio.<\/p>\n<p>6. Anexe o formul\u00e1rio respondido no espa\u00e7o destinado \u00e0 atividade MAPA. O arquivo pode estar em formato Word ou PDF.<\/p>\n<p>7. Revise o arquivo antes de enviar, certificando-se de que \u00e9 o documento correto.<\/p>\n<p>8. Clique em \u201cFinalizar\u201d para confirmar e concluir sua participa\u00e7\u00e3o na atividade.<\/p>\n<p>Bons estudos!<\/p><\/div>\n<\/div>\n","protected":false},"excerpt":{"rendered":"<p>QUEST\u00c3O 1 A Tarifa extra anunciada pelos Estados Unidos ao Brasil nos faz atentarmos nas parcerias comerciais. O mundo est\u00e1<\/p>\n","protected":false},"featured_media":2326,"template":"","meta":{"_monsterinsights_skip_tracking":false,"_monsterinsights_sitenote_active":false,"_monsterinsights_sitenote_note":"","_monsterinsights_sitenote_category":0},"product_brand":[],"product_cat":[32],"product_tag":[],"class_list":{"0":"post-6425","1":"product","2":"type-product","3":"status-publish","4":"has-post-thumbnail","6":"product_cat-logistica","8":"first","9":"instock","10":"downloadable","11":"virtual","12":"purchasable","13":"product-type-simple"},"yoast_head":"<!-- This site is optimized with the Yoast SEO plugin v27.4 - https:\/\/yoast.com\/product\/yoast-seo-wordpress\/ -->\n<title>Mapa Imers\u00e3o Profissional: gest\u00e3o estrat\u00e9gica log\u00edstica 54\/2025<\/title>\n<meta name=\"description\" content=\"Atividade Mapa Imers\u00e3o Profissional: gest\u00e3o estrat\u00e9gica log\u00edstica 54\/2025 &#8902; Unicesumar. Baixe agora mesmo um Mapa Pronto resolvido!\" \/>\n<meta name=\"robots\" content=\"index, follow, max-snippet:-1, max-image-preview:large, max-video-preview:-1\" \/>\n<link rel=\"canonical\" href=\"https:\/\/atividademapa.com\/?product=mapa-imersao-profissional-gestao-estrategica-logistica-54-2025\" \/>\n<meta property=\"og:locale\" content=\"pt_BR\" \/>\n<meta property=\"og:type\" content=\"article\" \/>\n<meta property=\"og:title\" content=\"Mapa Imers\u00e3o Profissional: gest\u00e3o estrat\u00e9gica log\u00edstica 54\/2025\" \/>\n<meta property=\"og:description\" content=\"Atividade Mapa Imers\u00e3o Profissional: gest\u00e3o estrat\u00e9gica log\u00edstica 54\/2025 &#8902; Unicesumar. Baixe agora mesmo um Mapa Pronto resolvido!\" \/>\n<meta property=\"og:url\" content=\"https:\/\/atividademapa.com\/?product=mapa-imersao-profissional-gestao-estrategica-logistica-54-2025\" \/>\n<meta property=\"og:site_name\" content=\"Atividade Mapa\" \/>\n<meta property=\"article:modified_time\" content=\"2025-10-09T01:24:21+00:00\" \/>\n<meta property=\"og:image\" content=\"https:\/\/i0.wp.com\/atividademapa.com\/wp-content\/uploads\/2023\/03\/Atividade-M.A.P.A-3.png?fit=300%2C300&ssl=1\" \/>\n\t<meta property=\"og:image:width\" content=\"300\" \/>\n\t<meta property=\"og:image:height\" content=\"300\" \/>\n\t<meta property=\"og:image:type\" content=\"image\/png\" \/>\n<meta name=\"twitter:card\" content=\"summary_large_image\" \/>\n<meta name=\"twitter:label1\" content=\"Est. tempo de leitura\" \/>\n\t<meta name=\"twitter:data1\" content=\"2 minutos\" \/>\n<script type=\"application\/ld+json\" class=\"yoast-schema-graph\">{\"@context\":\"https:\\\/\\\/schema.org\",\"@graph\":[{\"@type\":\"WebPage\",\"@id\":\"https:\\\/\\\/atividademapa.com\\\/?product=mapa-imersao-profissional-gestao-estrategica-logistica-54-2025\",\"url\":\"https:\\\/\\\/atividademapa.com\\\/?product=mapa-imersao-profissional-gestao-estrategica-logistica-54-2025\",\"name\":\"Mapa Imers\u00e3o Profissional: gest\u00e3o estrat\u00e9gica log\u00edstica 54\\\/2025\",\"isPartOf\":{\"@id\":\"https:\\\/\\\/atividademapa.com\\\/#website\"},\"primaryImageOfPage\":{\"@id\":\"https:\\\/\\\/atividademapa.com\\\/?product=mapa-imersao-profissional-gestao-estrategica-logistica-54-2025#primaryimage\"},\"image\":{\"@id\":\"https:\\\/\\\/atividademapa.com\\\/?product=mapa-imersao-profissional-gestao-estrategica-logistica-54-2025#primaryimage\"},\"thumbnailUrl\":\"https:\\\/\\\/i0.wp.com\\\/atividademapa.com\\\/wp-content\\\/uploads\\\/2023\\\/03\\\/Atividade-M.A.P.A-3.png?fit=300%2C300&ssl=1\",\"datePublished\":\"2025-10-09T01:24:19+00:00\",\"dateModified\":\"2025-10-09T01:24:21+00:00\",\"description\":\"Atividade Mapa Imers\u00e3o Profissional: gest\u00e3o estrat\u00e9gica log\u00edstica 54\\\/2025 &#8902; Unicesumar. Baixe agora mesmo um Mapa Pronto resolvido!\",\"breadcrumb\":{\"@id\":\"https:\\\/\\\/atividademapa.com\\\/?product=mapa-imersao-profissional-gestao-estrategica-logistica-54-2025#breadcrumb\"},\"inLanguage\":\"pt-BR\",\"potentialAction\":[{\"@type\":\"ReadAction\",\"target\":[\"https:\\\/\\\/atividademapa.com\\\/?product=mapa-imersao-profissional-gestao-estrategica-logistica-54-2025\"]}]},{\"@type\":\"ImageObject\",\"inLanguage\":\"pt-BR\",\"@id\":\"https:\\\/\\\/atividademapa.com\\\/?product=mapa-imersao-profissional-gestao-estrategica-logistica-54-2025#primaryimage\",\"url\":\"https:\\\/\\\/i0.wp.com\\\/atividademapa.com\\\/wp-content\\\/uploads\\\/2023\\\/03\\\/Atividade-M.A.P.A-3.png?fit=300%2C300&ssl=1\",\"contentUrl\":\"https:\\\/\\\/i0.wp.com\\\/atividademapa.com\\\/wp-content\\\/uploads\\\/2023\\\/03\\\/Atividade-M.A.P.A-3.png?fit=300%2C300&ssl=1\",\"width\":300,\"height\":300,\"caption\":\"Mapa Unicesumar Atividade\"},{\"@type\":\"BreadcrumbList\",\"@id\":\"https:\\\/\\\/atividademapa.com\\\/?product=mapa-imersao-profissional-gestao-estrategica-logistica-54-2025#breadcrumb\",\"itemListElement\":[{\"@type\":\"ListItem\",\"position\":1,\"name\":\"In\u00edcio\",\"item\":\"https:\\\/\\\/atividademapa.com\\\/\"},{\"@type\":\"ListItem\",\"position\":2,\"name\":\"MAPAS\",\"item\":\"https:\\\/\\\/atividademapa.com\\\/?page_id=5\"},{\"@type\":\"ListItem\",\"position\":3,\"name\":\"Mapa Imers\u00e3o Profissional: gest\u00e3o estrat\u00e9gica log\u00edstica 54\\\/2025\"}]},{\"@type\":\"WebSite\",\"@id\":\"https:\\\/\\\/atividademapa.com\\\/#website\",\"url\":\"https:\\\/\\\/atividademapa.com\\\/\",\"name\":\"Atividade Mapa\",\"description\":\"StudeO | Unicesumar\",\"publisher\":{\"@id\":\"https:\\\/\\\/atividademapa.com\\\/#organization\"},\"potentialAction\":[{\"@type\":\"SearchAction\",\"target\":{\"@type\":\"EntryPoint\",\"urlTemplate\":\"https:\\\/\\\/atividademapa.com\\\/?s={search_term_string}\"},\"query-input\":{\"@type\":\"PropertyValueSpecification\",\"valueRequired\":true,\"valueName\":\"search_term_string\"}}],\"inLanguage\":\"pt-BR\"},{\"@type\":\"Organization\",\"@id\":\"https:\\\/\\\/atividademapa.com\\\/#organization\",\"name\":\"Atividade MAPA\",\"url\":\"https:\\\/\\\/atividademapa.com\\\/\",\"logo\":{\"@type\":\"ImageObject\",\"inLanguage\":\"pt-BR\",\"@id\":\"https:\\\/\\\/atividademapa.com\\\/#\\\/schema\\\/logo\\\/image\\\/\",\"url\":\"https:\\\/\\\/i0.wp.com\\\/atividademapa.com\\\/wp-content\\\/uploads\\\/2023\\\/02\\\/ATIVIDADE.png?fit=600%2C300&ssl=1\",\"contentUrl\":\"https:\\\/\\\/i0.wp.com\\\/atividademapa.com\\\/wp-content\\\/uploads\\\/2023\\\/02\\\/ATIVIDADE.png?fit=600%2C300&ssl=1\",\"width\":600,\"height\":300,\"caption\":\"Atividade MAPA\"},\"image\":{\"@id\":\"https:\\\/\\\/atividademapa.com\\\/#\\\/schema\\\/logo\\\/image\\\/\"}}]}<\/script>\n<!-- \/ Yoast SEO plugin. -->","yoast_head_json":{"title":"Mapa Imers\u00e3o Profissional: gest\u00e3o estrat\u00e9gica log\u00edstica 54\/2025","description":"Atividade Mapa Imers\u00e3o Profissional: gest\u00e3o estrat\u00e9gica log\u00edstica 54\/2025 &#8902; Unicesumar. Baixe agora mesmo um Mapa Pronto resolvido!","robots":{"index":"index","follow":"follow","max-snippet":"max-snippet:-1","max-image-preview":"max-image-preview:large","max-video-preview":"max-video-preview:-1"},"canonical":"https:\/\/atividademapa.com\/?product=mapa-imersao-profissional-gestao-estrategica-logistica-54-2025","og_locale":"pt_BR","og_type":"article","og_title":"Mapa Imers\u00e3o Profissional: gest\u00e3o estrat\u00e9gica log\u00edstica 54\/2025","og_description":"Atividade Mapa Imers\u00e3o Profissional: gest\u00e3o estrat\u00e9gica log\u00edstica 54\/2025 &#8902; Unicesumar. Baixe agora mesmo um Mapa Pronto resolvido!","og_url":"https:\/\/atividademapa.com\/?product=mapa-imersao-profissional-gestao-estrategica-logistica-54-2025","og_site_name":"Atividade Mapa","article_modified_time":"2025-10-09T01:24:21+00:00","og_image":[{"width":300,"height":300,"url":"https:\/\/i0.wp.com\/atividademapa.com\/wp-content\/uploads\/2023\/03\/Atividade-M.A.P.A-3.png?fit=300%2C300&ssl=1","type":"image\/png"}],"twitter_card":"summary_large_image","twitter_misc":{"Est. tempo de leitura":"2 minutos"},"schema":{"@context":"https:\/\/schema.org","@graph":[{"@type":"WebPage","@id":"https:\/\/atividademapa.com\/?product=mapa-imersao-profissional-gestao-estrategica-logistica-54-2025","url":"https:\/\/atividademapa.com\/?product=mapa-imersao-profissional-gestao-estrategica-logistica-54-2025","name":"Mapa Imers\u00e3o Profissional: gest\u00e3o estrat\u00e9gica log\u00edstica 54\/2025","isPartOf":{"@id":"https:\/\/atividademapa.com\/#website"},"primaryImageOfPage":{"@id":"https:\/\/atividademapa.com\/?product=mapa-imersao-profissional-gestao-estrategica-logistica-54-2025#primaryimage"},"image":{"@id":"https:\/\/atividademapa.com\/?product=mapa-imersao-profissional-gestao-estrategica-logistica-54-2025#primaryimage"},"thumbnailUrl":"https:\/\/i0.wp.com\/atividademapa.com\/wp-content\/uploads\/2023\/03\/Atividade-M.A.P.A-3.png?fit=300%2C300&ssl=1","datePublished":"2025-10-09T01:24:19+00:00","dateModified":"2025-10-09T01:24:21+00:00","description":"Atividade Mapa Imers\u00e3o Profissional: gest\u00e3o estrat\u00e9gica log\u00edstica 54\/2025 &#8902; Unicesumar. Baixe agora mesmo um Mapa Pronto resolvido!","breadcrumb":{"@id":"https:\/\/atividademapa.com\/?product=mapa-imersao-profissional-gestao-estrategica-logistica-54-2025#breadcrumb"},"inLanguage":"pt-BR","potentialAction":[{"@type":"ReadAction","target":["https:\/\/atividademapa.com\/?product=mapa-imersao-profissional-gestao-estrategica-logistica-54-2025"]}]},{"@type":"ImageObject","inLanguage":"pt-BR","@id":"https:\/\/atividademapa.com\/?product=mapa-imersao-profissional-gestao-estrategica-logistica-54-2025#primaryimage","url":"https:\/\/i0.wp.com\/atividademapa.com\/wp-content\/uploads\/2023\/03\/Atividade-M.A.P.A-3.png?fit=300%2C300&ssl=1","contentUrl":"https:\/\/i0.wp.com\/atividademapa.com\/wp-content\/uploads\/2023\/03\/Atividade-M.A.P.A-3.png?fit=300%2C300&ssl=1","width":300,"height":300,"caption":"Mapa Unicesumar Atividade"},{"@type":"BreadcrumbList","@id":"https:\/\/atividademapa.com\/?product=mapa-imersao-profissional-gestao-estrategica-logistica-54-2025#breadcrumb","itemListElement":[{"@type":"ListItem","position":1,"name":"In\u00edcio","item":"https:\/\/atividademapa.com\/"},{"@type":"ListItem","position":2,"name":"MAPAS","item":"https:\/\/atividademapa.com\/?page_id=5"},{"@type":"ListItem","position":3,"name":"Mapa Imers\u00e3o Profissional: gest\u00e3o estrat\u00e9gica log\u00edstica 54\/2025"}]},{"@type":"WebSite","@id":"https:\/\/atividademapa.com\/#website","url":"https:\/\/atividademapa.com\/","name":"Atividade Mapa","description":"StudeO | Unicesumar","publisher":{"@id":"https:\/\/atividademapa.com\/#organization"},"potentialAction":[{"@type":"SearchAction","target":{"@type":"EntryPoint","urlTemplate":"https:\/\/atividademapa.com\/?s={search_term_string}"},"query-input":{"@type":"PropertyValueSpecification","valueRequired":true,"valueName":"search_term_string"}}],"inLanguage":"pt-BR"},{"@type":"Organization","@id":"https:\/\/atividademapa.com\/#organization","name":"Atividade MAPA","url":"https:\/\/atividademapa.com\/","logo":{"@type":"ImageObject","inLanguage":"pt-BR","@id":"https:\/\/atividademapa.com\/#\/schema\/logo\/image\/","url":"https:\/\/i0.wp.com\/atividademapa.com\/wp-content\/uploads\/2023\/02\/ATIVIDADE.png?fit=600%2C300&ssl=1","contentUrl":"https:\/\/i0.wp.com\/atividademapa.com\/wp-content\/uploads\/2023\/02\/ATIVIDADE.png?fit=600%2C300&ssl=1","width":600,"height":300,"caption":"Atividade MAPA"},"image":{"@id":"https:\/\/atividademapa.com\/#\/schema\/logo\/image\/"}}]}},"_links":{"self":[{"href":"https:\/\/atividademapa.com\/index.php?rest_route=\/wp\/v2\/product\/6425","targetHints":{"allow":["GET"]}}],"collection":[{"href":"https:\/\/atividademapa.com\/index.php?rest_route=\/wp\/v2\/product"}],"about":[{"href":"https:\/\/atividademapa.com\/index.php?rest_route=\/wp\/v2\/types\/product"}],"version-history":[{"count":1,"href":"https:\/\/atividademapa.com\/index.php?rest_route=\/wp\/v2\/product\/6425\/revisions"}],"predecessor-version":[{"id":6427,"href":"https:\/\/atividademapa.com\/index.php?rest_route=\/wp\/v2\/product\/6425\/revisions\/6427"}],"wp:featuredmedia":[{"embeddable":true,"href":"https:\/\/atividademapa.com\/index.php?rest_route=\/wp\/v2\/media\/2326"}],"wp:attachment":[{"href":"https:\/\/atividademapa.com\/index.php?rest_route=%2Fwp%2Fv2%2Fmedia&parent=6425"}],"wp:term":[{"taxonomy":"product_brand","embeddable":true,"href":"https:\/\/atividademapa.com\/index.php?rest_route=%2Fwp%2Fv2%2Fproduct_brand&post=6425"},{"taxonomy":"product_cat","embeddable":true,"href":"https:\/\/atividademapa.com\/index.php?rest_route=%2Fwp%2Fv2%2Fproduct_cat&post=6425"},{"taxonomy":"product_tag","embeddable":true,"href":"https:\/\/atividademapa.com\/index.php?rest_route=%2Fwp%2Fv2%2Fproduct_tag&post=6425"}],"curies":[{"name":"wp","href":"https:\/\/api.w.org\/{rel}","templated":true}]}}