{"id":6436,"date":"2025-10-08T22:44:56","date_gmt":"2025-10-09T01:44:56","guid":{"rendered":"https:\/\/atividademapa.com\/?post_type=product&#038;p=6436"},"modified":"2025-10-14T12:35:54","modified_gmt":"2025-10-14T15:35:54","slug":"mapa-ccont-estrutura-das-demonstracoes-contabeis-54_2025","status":"publish","type":"product","link":"https:\/\/atividademapa.com\/?product=mapa-ccont-estrutura-das-demonstracoes-contabeis-54_2025","title":{"rendered":"MAPA &#8211; CCONT &#8211; ESTRUTURA DAS DEMONSTRA\u00c7\u00d5\u00caS CONT\u00c1BEIS &#8211; 54_2025"},"content":{"rendered":"<div class=\"enunciado\">\n<div class=\"panel-body p-t-20 b-t b-grey\">\n<div class=\"painel-questao\">\n<div class=\"painel-questao-titulo cursor\">QUEST\u00c3O 1<\/div>\n<\/div>\n<\/div>\n<\/div>\n<div>Chegou o momento de explorar de forma pr\u00e1tica os conte\u00fados aprendidos na disciplina de Estruturas das Demonstra\u00e7\u00f5es Cont\u00e1beis. Para isso, a atividade proposta corresponde ao M.A.P.A (Material de Avalia\u00e7\u00e3o Pr\u00e1tica da Aprendizagem). O objetivo desta atividade \u00e9 que voc\u00ea se sinta imerso em rela\u00e7\u00e3o \u00e0 elabora\u00e7\u00e3o de duas das demonstra\u00e7\u00f5es cont\u00e1beis: Balan\u00e7o Patrimonial e Demonstra\u00e7\u00e3o do Resultado do Exerc\u00edcio (DRE).<\/p>\n<p>Vamos l\u00e1!<\/p><\/div>\n<div>Voc\u00ea sabe qual \u00e9 a import\u00e2ncia do Balan\u00e7o Patrimonial e da DRE para as empresas? Sabe como s\u00e3o suas estruturas? Voc\u00ea consegue identificar quais s\u00e3o os grupos e contas que pertencem ao ativo e ao passivo no Balan\u00e7o Patrimonial? E quais informa\u00e7\u00f5es devem ser evidenciadas na DRE?<\/p>\n<p>O profissional da contabilidade deve seguir, sempre, as normas e procedimentos cont\u00e1beis para a elabora\u00e7\u00e3o de qualquer uma das demonstra\u00e7\u00f5es financeiras.<\/p>\n<p>O Balan\u00e7o Patrimonial \u00e9 uma demonstra\u00e7\u00e3o cont\u00e1bil que apresenta a posi\u00e7\u00e3o financeira e patrimonial de uma empresa em um determinado per\u00edodo. Assim, \u00e9 dividido em duas grandes partes: Ativo e Passivo (incluindo o Patrim\u00f4nio L\u00edquido). J\u00e1 a Demonstra\u00e7\u00e3o do Resultado do Exerc\u00edcio (DRE), \u00e9 um relat\u00f3rio que tem como objetivo evidenciar as opera\u00e7\u00f5es ocorridas que promovem o resultado do exerc\u00edcio.<\/p>\n<p><strong><u>ATIVIDADE PROPOSTA<\/u><\/strong><\/p>\n<\/div>\n<div>\n<p>A empresa Mundo Estilo M\u00f3veis Ind\u00fastria e Com\u00e9rcio Ltda., iniciou suas atividades em 02\/01\/20X2 no ramo de Fabrica\u00e7\u00e3o de M\u00f3veis. A organiza\u00e7\u00e3o desenvolveu suas opera\u00e7\u00f5es durante o ano de 20X2 e, agora, ao final do ano, voc\u00ea como contador da empresa precisa apurar o\u00a0Balan\u00e7o Patrimonial e a DRE da mesma. Para isso, dever\u00e1 utilizar as seguintes informa\u00e7\u00f5es:<\/p><\/div>\n<p><u>1. Informa\u00e7\u00f5es para a estrutura\u00e7\u00e3o do Balan\u00e7o Patrimonial:<\/u><\/p>\n<table border=\"0\" cellspacing=\"0\" cellpadding=\"0\">\n<tbody>\n<tr>\n<td><strong>Contas Cont\u00e1beis.<\/strong><\/td>\n<td><strong>\u00a0Valores em Reais (R$)<\/strong><\/td>\n<\/tr>\n<tr>\n<td>Capital Subscrito.<\/td>\n<td>\u00a0\u00a0\u00a0\u00a0\u00a0\u00a0\u00a0\u00a0\u00a0\u00a0\u00a0\u00a0\u00a0\u00a0\u00a0\u00a0\u00a0\u00a0\u00a0 500.000,00<\/td>\n<\/tr>\n<tr>\n<td>Banco TFG.<\/td>\n<td>\u00a0\u00a0\u00a0\u00a0\u00a0\u00a0\u00a0\u00a0\u00a0\u00a0\u00a0\u00a0\u00a0\u00a0\u00a0\u00a0\u00a0\u00a0\u00a0 254.494,79<\/td>\n<\/tr>\n<tr>\n<td>Computadores e Perif\u00e9ricos.<\/td>\n<td>\u00a0\u00a0\u00a0\u00a0\u00a0\u00a0\u00a0\u00a0\u00a0\u00a0\u00a0\u00a0\u00a0\u00a0\u00a0\u00a0\u00a0\u00a0\u00a0\u00a0\u00a0 26.708,89<\/td>\n<\/tr>\n<tr>\n<td>M\u00e1quinas e Equipamentos.<\/td>\n<td>\u00a0\u00a0\u00a0\u00a0\u00a0\u00a0\u00a0\u00a0\u00a0\u00a0\u00a0\u00a0\u00a0\u00a0\u00a0\u00a0\u00a0\u00a0\u00a0\u00a0\u00a0 33.532,03<\/td>\n<\/tr>\n<tr>\n<td>Ve\u00edculos.<\/td>\n<td>\u00a0\u00a0\u00a0\u00a0\u00a0\u00a0\u00a0\u00a0\u00a0\u00a0\u00a0\u00a0\u00a0\u00a0\u00a0\u00a0\u00a0\u00a0\u00a0\u00a0\u00a0 61.790,00<\/td>\n<\/tr>\n<tr>\n<td>Fornecedores Nacionais.<\/td>\n<td>\u00a0\u00a0\u00a0\u00a0\u00a0\u00a0\u00a0\u00a0\u00a0\u00a0\u00a0\u00a0\u00a0\u00a0\u00a0\u00a0\u00a0\u00a0\u00a0\u00a0\u00a0 48.885,29<\/td>\n<\/tr>\n<tr>\n<td>M\u00f3veis e Utens\u00edlios.<\/td>\n<td>\u00a0\u00a0\u00a0\u00a0\u00a0\u00a0\u00a0\u00a0\u00a0\u00a0\u00a0\u00a0\u00a0\u00a0\u00a0\u00a0\u00a0\u00a0\u00a0\u00a0\u00a0\u00a0\u00a0 8.040,00<\/td>\n<\/tr>\n<tr>\n<td>Mat\u00e9ria-prima.<\/td>\n<td>\u00a0\u00a0\u00a0\u00a0\u00a0\u00a0\u00a0\u00a0\u00a0\u00a0\u00a0\u00a0\u00a0\u00a0\u00a0\u00a0\u00a0\u00a0\u00a0\u00a0\u00a0 17.977,00<\/td>\n<\/tr>\n<tr>\n<td>Almoxarifado.<\/td>\n<td>\u00a0\u00a0\u00a0\u00a0\u00a0\u00a0\u00a0\u00a0\u00a0\u00a0\u00a0\u00a0\u00a0\u00a0\u00a0\u00a0\u00a0\u00a0\u00a0\u00a0\u00a0 33.535,18<\/td>\n<\/tr>\n<tr>\n<td>Adiantamentos a Fornecedores.<\/td>\n<td>\u00a0\u00a0\u00a0\u00a0\u00a0\u00a0\u00a0\u00a0\u00a0\u00a0\u00a0\u00a0\u00a0\u00a0\u00a0\u00a0\u00a0\u00a0\u00a0\u00a0\u00a0\u00a0\u00a0 1.549,45<\/td>\n<\/tr>\n<tr>\n<td>INSS a Recolher.<\/td>\n<td>\u00a0\u00a0\u00a0\u00a0\u00a0\u00a0\u00a0\u00a0\u00a0\u00a0\u00a0\u00a0\u00a0\u00a0\u00a0\u00a0\u00a0\u00a0\u00a0\u00a0\u00a0\u00a0\u00a0 8.118,52<\/td>\n<\/tr>\n<tr>\n<td>IRRF a Recolher.<\/td>\n<td>\u00a0\u00a0\u00a0\u00a0\u00a0\u00a0\u00a0\u00a0\u00a0\u00a0\u00a0\u00a0\u00a0\u00a0\u00a0\u00a0\u00a0\u00a0\u00a0\u00a0\u00a0\u00a0\u00a0\u00a0\u00a0\u00a0 375,80<\/td>\n<\/tr>\n<tr>\n<td>Sal\u00e1rios a Pagar.<\/td>\n<td>\u00a0\u00a0\u00a0\u00a0\u00a0\u00a0\u00a0\u00a0\u00a0\u00a0\u00a0\u00a0\u00a0\u00a0\u00a0\u00a0\u00a0\u00a0\u00a0\u00a0\u00a0 15.310,15<\/td>\n<\/tr>\n<tr>\n<td>FGTS a Recolher.<\/td>\n<td>\u00a0\u00a0\u00a0\u00a0\u00a0\u00a0\u00a0\u00a0\u00a0\u00a0\u00a0\u00a0\u00a0\u00a0\u00a0\u00a0\u00a0\u00a0\u00a0\u00a0\u00a0\u00a0\u00a0 1.407,79<\/td>\n<\/tr>\n<tr>\n<td>F\u00e9rias a Pagar.<\/td>\n<td>\u00a0\u00a0\u00a0\u00a0\u00a0\u00a0\u00a0\u00a0\u00a0\u00a0\u00a0\u00a0\u00a0\u00a0\u00a0\u00a0\u00a0\u00a0\u00a0\u00a0\u00a0\u00a0\u00a0 2.674,80<\/td>\n<\/tr>\n<tr>\n<td>13\u00ba Sal\u00e1rios a Pagar.<\/td>\n<td>\u00a0\u00a0\u00a0\u00a0\u00a0\u00a0\u00a0\u00a0\u00a0\u00a0\u00a0\u00a0\u00a0\u00a0\u00a0\u00a0\u00a0\u00a0\u00a0\u00a0\u00a0\u00a0\u00a0 2.006,10<\/td>\n<\/tr>\n<tr>\n<td>Pr\u00f3-labore a pagar.<\/td>\n<td>\u00a0\u00a0\u00a0\u00a0\u00a0\u00a0\u00a0\u00a0\u00a0\u00a0\u00a0\u00a0\u00a0\u00a0\u00a0\u00a0\u00a0\u00a0\u00a0\u00a0\u00a0\u00a0\u00a0 4.314,72<\/td>\n<\/tr>\n<tr>\n<td>(-) Deprecia\u00e7\u00e3o Acumulada de M\u00e1quinas e Equipamentos.<\/td>\n<td>\u00a0\u00a0\u00a0\u00a0\u00a0\u00a0\u00a0\u00a0\u00a0\u00a0\u00a0\u00a0\u00a0\u00a0\u00a0\u00a0\u00a0\u00a0\u00a0\u00a0\u00a0\u00a0\u00a0\u00a0\u00a0\u00a0 279,43<\/td>\n<\/tr>\n<tr>\n<td>(-) Deprecia\u00e7\u00e3o Acumulada de M\u00f3veis e Utens\u00edlios.<\/td>\n<td>\u00a0\u00a0\u00a0\u00a0\u00a0\u00a0\u00a0\u00a0\u00a0\u00a0\u00a0\u00a0\u00a0\u00a0\u00a0\u00a0\u00a0\u00a0\u00a0\u00a0\u00a0\u00a0\u00a0\u00a0\u00a0\u00a0\u00a0 67,00<\/td>\n<\/tr>\n<tr>\n<td>(-) Deprecia\u00e7\u00e3o Acumulada de Computadores e Perif\u00e9ricos.<\/td>\n<td>\u00a0\u00a0\u00a0\u00a0\u00a0\u00a0\u00a0\u00a0\u00a0\u00a0\u00a0\u00a0\u00a0\u00a0\u00a0\u00a0\u00a0\u00a0\u00a0\u00a0\u00a0\u00a0\u00a0\u00a0\u00a0\u00a0 445,15<\/td>\n<\/tr>\n<tr>\n<td>(-) Deprecia\u00e7\u00e3o Acumulada de Ve\u00edculos.<\/td>\n<td>\u00a0\u00a0\u00a0\u00a0\u00a0\u00a0\u00a0\u00a0\u00a0\u00a0\u00a0\u00a0\u00a0\u00a0\u00a0\u00a0\u00a0\u00a0\u00a0\u00a0\u00a0\u00a0\u00a0 1.029,83<\/td>\n<\/tr>\n<tr>\n<td>Produtos Acabados.<\/td>\n<td>\u00a0\u00a0\u00a0\u00a0\u00a0\u00a0\u00a0\u00a0\u00a0\u00a0\u00a0\u00a0\u00a0\u00a0\u00a0\u00a0\u00a0\u00a0\u00a0\u00a0\u00a0\u00a0\u00a0 4.500,40<\/td>\n<\/tr>\n<tr>\n<td>Duplicatas a Receber.<\/td>\n<td>\u00a0\u00a0\u00a0\u00a0\u00a0\u00a0\u00a0\u00a0\u00a0\u00a0\u00a0\u00a0\u00a0\u00a0\u00a0\u00a0\u00a0\u00a0\u00a0 197.886,19<\/td>\n<\/tr>\n<tr>\n<td>ICMS a Recolher.<\/td>\n<td>\u00a0\u00a0\u00a0\u00a0\u00a0\u00a0\u00a0\u00a0\u00a0\u00a0\u00a0\u00a0\u00a0\u00a0\u00a0\u00a0\u00a0\u00a0\u00a0\u00a0\u00a0\u00a0\u00a0 3.716,33<\/td>\n<\/tr>\n<tr>\n<td>PIS a Recolher.<\/td>\n<td>\u00a0\u00a0\u00a0\u00a0\u00a0\u00a0\u00a0\u00a0\u00a0\u00a0\u00a0\u00a0\u00a0\u00a0\u00a0\u00a0\u00a0\u00a0\u00a0\u00a0\u00a0\u00a0\u00a0\u00a0\u00a0\u00a0 994,90<\/td>\n<\/tr>\n<tr>\n<td>COFINS a Recolher.<\/td>\n<td>\u00a0\u00a0\u00a0\u00a0\u00a0\u00a0\u00a0\u00a0\u00a0\u00a0\u00a0\u00a0\u00a0\u00a0\u00a0\u00a0\u00a0\u00a0\u00a0\u00a0\u00a0\u00a0\u00a0 4.582,58<\/td>\n<\/tr>\n<tr>\n<td>CSLL a Recolher.<\/td>\n<td>\u00a0\u00a0\u00a0\u00a0\u00a0\u00a0\u00a0\u00a0\u00a0\u00a0\u00a0\u00a0\u00a0\u00a0\u00a0\u00a0\u00a0\u00a0\u00a0\u00a0\u00a0\u00a0\u00a0\u00a0\u00a0\u00a0 494,70<\/td>\n<\/tr>\n<tr>\n<td>IRPJ a Recolher.<\/td>\n<td>\u00a0\u00a0\u00a0\u00a0\u00a0\u00a0\u00a0\u00a0\u00a0\u00a0\u00a0\u00a0\u00a0\u00a0\u00a0\u00a0\u00a0\u00a0\u00a0\u00a0\u00a0\u00a0\u00a0\u00a0\u00a0\u00a0 604,63<\/td>\n<\/tr>\n<tr>\n<td>Lucros Acumulados.<\/td>\n<td>\u00a0\u00a0\u00a0\u00a0\u00a0\u00a0\u00a0\u00a0\u00a0\u00a0\u00a0\u00a0\u00a0\u00a0\u00a0\u00a0\u00a0\u00a0\u00a0\u00a0\u00a0 44.706,21<\/td>\n<\/tr>\n<\/tbody>\n<\/table>\n<p><u>2. Informa\u00e7\u00f5es para a estrutura\u00e7\u00e3o da Demonstra\u00e7\u00e3o do Resultado do Exerc\u00edcio (DRE):<\/u><\/p>\n<table border=\"0\" cellspacing=\"0\" cellpadding=\"0\">\n<tbody>\n<tr>\n<td><strong>CONTAS<\/strong><\/td>\n<td><strong>SALDO<\/strong><\/td>\n<\/tr>\n<tr>\n<td>Aluguel (Despesa Administrativa).<\/td>\n<td>10.000,00<\/td>\n<\/tr>\n<tr>\n<td>Telefone (Despesa Administrativa).<\/td>\n<td>248,59<\/td>\n<\/tr>\n<tr>\n<td>Energia El\u00e9trica (Despesa Administrativa).<\/td>\n<td>2.000,00<\/td>\n<\/tr>\n<tr>\n<td>\u00c1gua (Despesa Administrativa).<\/td>\n<td>930,00<\/td>\n<\/tr>\n<tr>\n<td>Sal\u00e1rios (Despesa Vendas).<\/td>\n<td>11.400,00<\/td>\n<\/tr>\n<tr>\n<td>INSS (Despesa Vendas).<\/td>\n<td>1.700,00<\/td>\n<\/tr>\n<tr>\n<td>FGTS (Despesa Vendas).<\/td>\n<td>2.680,00<\/td>\n<\/tr>\n<tr>\n<td>F\u00e9rias (Despesa Vendas).<\/td>\n<td>940,00<\/td>\n<\/tr>\n<tr>\n<td>13\u00ba Sal\u00e1rio (Despesa Vendas).<\/td>\n<td>1.280,00<\/td>\n<\/tr>\n<tr>\n<td>Sal\u00e1rios (Despesa Administrativa).<\/td>\n<td>13.925,00<\/td>\n<\/tr>\n<tr>\n<td>INSS (Despesa Administrativa).<\/td>\n<td>3.080,00<\/td>\n<\/tr>\n<tr>\n<td>FGTS (Despesa Administrativa).<\/td>\n<td>1.230,00<\/td>\n<\/tr>\n<tr>\n<td>F\u00e9rias (Despesa Administrativa).<\/td>\n<td>705,00<\/td>\n<\/tr>\n<tr>\n<td>13\u00ba Sal\u00e1rio (Despesa Administrativa).<\/td>\n<td>1.060,00<\/td>\n<\/tr>\n<tr>\n<td>Deprecia\u00e7\u00e3o (Despesa Administrativa).<\/td>\n<td>1.821,41<\/td>\n<\/tr>\n<tr>\n<td>Custo dos Produtos Vendidos.<\/td>\n<td>250.000,00<\/td>\n<\/tr>\n<tr>\n<td>Vendas de Produtos.<\/td>\n<td>500.000,00<\/td>\n<\/tr>\n<tr>\n<td>ICMS s\/ Venda.<\/td>\n<td>75.000,00<\/td>\n<\/tr>\n<tr>\n<td>PIS s\/ Venda.<\/td>\n<td>4.500,00<\/td>\n<\/tr>\n<tr>\n<td>COFINS s\/ Venda.<\/td>\n<td>20.000,00<\/td>\n<\/tr>\n<tr>\n<td>Despesas Banc\u00e1rias.<\/td>\n<td>3.000,00<\/td>\n<\/tr>\n<tr>\n<td>Juros Recebidos.<\/td>\n<td>2.500,00<\/td>\n<\/tr>\n<tr>\n<td>Devolu\u00e7\u00f5es de Vendas.<\/td>\n<td>5.000,00<\/td>\n<\/tr>\n<tr>\n<td>Provis\u00e3o para Imposto de Renda.<\/td>\n<td>27.600,00<\/td>\n<\/tr>\n<tr>\n<td>Provis\u00e3o para Contribui\u00e7\u00e3o Social s\/ Lucro.<\/td>\n<td>19.693,79<\/td>\n<\/tr>\n<\/tbody>\n<\/table>\n<p>Com base nos dados apresentados,<strong>\u00a0pede-se:<\/strong><\/p>\n<div>\n<p>1) Elaborar o Balan\u00e7o Patrimonial referente ao exerc\u00edcio de 20X2, conforme\u00a0Plano de Contas do CFC (dispon\u00edvel no Material da Disciplina) &#8211; preencher todos os campos em amarelo, sendo eles:\u00a0nomes das contas anal\u00edticas e seus respectivos valores, assim como tamb\u00e9m os valores de todos os grupos e subgrupos cujos nomes j\u00e1 est\u00e3o preenchidos no formul\u00e1rio.<\/p>\n<p>2) Elaborar a DRE referente ao exerc\u00edcio de 20X2, conforme estrutura dispon\u00edvel no livro da disciplina (a partir da p\u00e1gina 44) &#8211;\u00a0preencher todos os campos em amarelo, sendo eles:\u00a0nomes das contas e seus respectivos valores, assim como tamb\u00e9m os valores de todos os grupos\u00a0cujos nomes j\u00e1 est\u00e3o preenchidos no formul\u00e1rio.<\/p><\/div>\n<p>&nbsp;<\/p>\n<div>Orienta\u00e7\u00f5es para realiza\u00e7\u00e3o da atividade:<\/p>\n<p>1. Assista ao\u00a0<strong>V\u00eddeo Explicativo da Atividade M.A.P.A<\/strong>\u00a0para ajud\u00e1-lo nesse processo de cria\u00e7\u00e3o e desenvolvimento. O acesso se d\u00e1 pelo item\u00a0<strong>&#8220;V\u00cdDEOS EXPLICATIVOS&#8221;.<\/strong><\/p>\n<p>2. Baixe o arquivo\u00a0<strong>&#8220;Formul\u00e1rio MAPA \u2013 Estruturas das Demonstra\u00e7\u00f5es Cont\u00e1beis<\/strong>, dispon\u00edvel no\u00a0<strong>MATERIAL DA DISCIPLINA<\/strong>, e preencha os campos solicitados, respondendo \u00e0s quest\u00f5es elencadas.<\/p>\n<p>3. Antes de enviar sua atividade, certifique-se de que preencheu a todas as c\u00e9lulas em amarelo, conforme os comandos solicitados (guias vermelhas).<\/p>\n<p>4. Ap\u00f3s revisar, salve o arquivo preenchido em seu computador, anexe no campo indicado<strong>\u00a0\u201cSua resposta\u201d<\/strong>, clique em\u00a0<strong>\u201cResponder\u201d<\/strong>\u00a0e, posteriormente, em\u00a0<strong>\u201cFinalizar o question\u00e1rio\u201d.<\/strong><\/p>\n<p>5.\u00a0<strong>Ap\u00f3s o envio, n\u00e3o s\u00e3o permitidas altera\u00e7\u00f5es ou modifica\u00e7\u00f5es. Logo, voc\u00ea tem apenas uma chance de enviar o arquivo corretamente.<\/strong><\/p>\n<p>6. N\u00e3o s\u00e3o permitidas corre\u00e7\u00f5es parciais no decorrer do m\u00f3dulo, ou seja, o famoso: \u201cprofessor, veja se minha atividade est\u00e1 certa\u201d. Isso invalida seu processo avaliativo. Lembre-se de que a interpreta\u00e7\u00e3o da atividade tamb\u00e9m faz parte da avalia\u00e7\u00e3o.<\/p>\n<p>7. Procure sanar suas d\u00favidas junto \u00e0 media\u00e7\u00e3o em tempo h\u00e1bil sobre o conte\u00fado exigido na atividade, de modo que consiga realizar sua participa\u00e7\u00e3o de forma satisfat\u00f3ria.<\/p>\n<p>8.<strong>\u00a0Atente-se ao prazo de entrega, evite envio de atividade em cima do prazo.<\/strong>\u00a0Voc\u00ea pode ter algum problema com internet, computador, software etc., e os prazos n\u00e3o ser\u00e3o flexibilizados, mesmo em caso de comprova\u00e7\u00e3o.<\/p>\n<p><strong>Agora \u00e9 com voc\u00ea, bons estudos!<\/strong><\/div>\n","protected":false},"excerpt":{"rendered":"<p>QUEST\u00c3O 1 Chegou o momento de explorar de forma pr\u00e1tica os conte\u00fados aprendidos na disciplina de Estruturas das Demonstra\u00e7\u00f5es Cont\u00e1beis.<\/p>\n","protected":false},"featured_media":2326,"template":"","meta":{"_monsterinsights_skip_tracking":false,"_monsterinsights_sitenote_active":false,"_monsterinsights_sitenote_note":"","_monsterinsights_sitenote_category":0},"product_brand":[],"product_cat":[46],"product_tag":[],"class_list":{"0":"post-6436","1":"product","2":"type-product","3":"status-publish","4":"has-post-thumbnail","6":"product_cat-ciencias-contabeis","8":"first","9":"instock","10":"featured","11":"downloadable","12":"virtual","13":"purchasable","14":"product-type-simple"},"yoast_head":"<!-- This site is optimized with the Yoast SEO plugin v27.4 - https:\/\/yoast.com\/product\/yoast-seo-wordpress\/ -->\n<title>MAPA - CCONT - ESTRUTURA DAS DEMONSTRA\u00c7\u00d5\u00caS CONT\u00c1BEIS - 54_2025<\/title>\n<meta name=\"description\" content=\"Atividade MAPA - CCONT - ESTRUTURA DAS DEMONSTRA\u00c7\u00d5\u00caS CONT\u00c1BEIS - 54_2025 &#8902; Unicesumar. Baixe agora mesmo um Mapa Pronto resolvido!\" \/>\n<meta name=\"robots\" content=\"index, follow, max-snippet:-1, max-image-preview:large, max-video-preview:-1\" \/>\n<link rel=\"canonical\" href=\"https:\/\/atividademapa.com\/?product=mapa-ccont-estrutura-das-demonstracoes-contabeis-54_2025\" \/>\n<meta property=\"og:locale\" content=\"pt_BR\" \/>\n<meta property=\"og:type\" content=\"article\" \/>\n<meta property=\"og:title\" content=\"MAPA - CCONT - ESTRUTURA DAS DEMONSTRA\u00c7\u00d5\u00caS CONT\u00c1BEIS - 54_2025\" \/>\n<meta property=\"og:description\" content=\"Atividade MAPA - CCONT - ESTRUTURA DAS DEMONSTRA\u00c7\u00d5\u00caS CONT\u00c1BEIS - 54_2025 &#8902; Unicesumar. Baixe agora mesmo um Mapa Pronto resolvido!\" \/>\n<meta property=\"og:url\" content=\"https:\/\/atividademapa.com\/?product=mapa-ccont-estrutura-das-demonstracoes-contabeis-54_2025\" \/>\n<meta property=\"og:site_name\" content=\"Atividade Mapa\" \/>\n<meta property=\"article:modified_time\" content=\"2025-10-14T15:35:54+00:00\" \/>\n<meta property=\"og:image\" content=\"https:\/\/i0.wp.com\/atividademapa.com\/wp-content\/uploads\/2023\/03\/Atividade-M.A.P.A-3.png?fit=300%2C300&ssl=1\" \/>\n\t<meta property=\"og:image:width\" content=\"300\" \/>\n\t<meta property=\"og:image:height\" content=\"300\" \/>\n\t<meta property=\"og:image:type\" content=\"image\/png\" \/>\n<meta name=\"twitter:card\" content=\"summary_large_image\" \/>\n<meta name=\"twitter:label1\" content=\"Est. tempo de leitura\" \/>\n\t<meta name=\"twitter:data1\" content=\"5 minutos\" \/>\n<script type=\"application\/ld+json\" class=\"yoast-schema-graph\">{\"@context\":\"https:\\\/\\\/schema.org\",\"@graph\":[{\"@type\":\"WebPage\",\"@id\":\"https:\\\/\\\/atividademapa.com\\\/?product=mapa-ccont-estrutura-das-demonstracoes-contabeis-54_2025\",\"url\":\"https:\\\/\\\/atividademapa.com\\\/?product=mapa-ccont-estrutura-das-demonstracoes-contabeis-54_2025\",\"name\":\"MAPA - CCONT - ESTRUTURA DAS DEMONSTRA\u00c7\u00d5\u00caS CONT\u00c1BEIS - 54_2025\",\"isPartOf\":{\"@id\":\"https:\\\/\\\/atividademapa.com\\\/#website\"},\"primaryImageOfPage\":{\"@id\":\"https:\\\/\\\/atividademapa.com\\\/?product=mapa-ccont-estrutura-das-demonstracoes-contabeis-54_2025#primaryimage\"},\"image\":{\"@id\":\"https:\\\/\\\/atividademapa.com\\\/?product=mapa-ccont-estrutura-das-demonstracoes-contabeis-54_2025#primaryimage\"},\"thumbnailUrl\":\"https:\\\/\\\/i0.wp.com\\\/atividademapa.com\\\/wp-content\\\/uploads\\\/2023\\\/03\\\/Atividade-M.A.P.A-3.png?fit=300%2C300&ssl=1\",\"datePublished\":\"2025-10-09T01:44:56+00:00\",\"dateModified\":\"2025-10-14T15:35:54+00:00\",\"description\":\"Atividade MAPA - CCONT - ESTRUTURA DAS DEMONSTRA\u00c7\u00d5\u00caS CONT\u00c1BEIS - 54_2025 &#8902; Unicesumar. Baixe agora mesmo um Mapa Pronto resolvido!\",\"breadcrumb\":{\"@id\":\"https:\\\/\\\/atividademapa.com\\\/?product=mapa-ccont-estrutura-das-demonstracoes-contabeis-54_2025#breadcrumb\"},\"inLanguage\":\"pt-BR\",\"potentialAction\":[{\"@type\":\"ReadAction\",\"target\":[\"https:\\\/\\\/atividademapa.com\\\/?product=mapa-ccont-estrutura-das-demonstracoes-contabeis-54_2025\"]}]},{\"@type\":\"ImageObject\",\"inLanguage\":\"pt-BR\",\"@id\":\"https:\\\/\\\/atividademapa.com\\\/?product=mapa-ccont-estrutura-das-demonstracoes-contabeis-54_2025#primaryimage\",\"url\":\"https:\\\/\\\/i0.wp.com\\\/atividademapa.com\\\/wp-content\\\/uploads\\\/2023\\\/03\\\/Atividade-M.A.P.A-3.png?fit=300%2C300&ssl=1\",\"contentUrl\":\"https:\\\/\\\/i0.wp.com\\\/atividademapa.com\\\/wp-content\\\/uploads\\\/2023\\\/03\\\/Atividade-M.A.P.A-3.png?fit=300%2C300&ssl=1\",\"width\":300,\"height\":300,\"caption\":\"Mapa Unicesumar Atividade\"},{\"@type\":\"BreadcrumbList\",\"@id\":\"https:\\\/\\\/atividademapa.com\\\/?product=mapa-ccont-estrutura-das-demonstracoes-contabeis-54_2025#breadcrumb\",\"itemListElement\":[{\"@type\":\"ListItem\",\"position\":1,\"name\":\"In\u00edcio\",\"item\":\"https:\\\/\\\/atividademapa.com\\\/\"},{\"@type\":\"ListItem\",\"position\":2,\"name\":\"MAPAS\",\"item\":\"https:\\\/\\\/atividademapa.com\\\/?page_id=5\"},{\"@type\":\"ListItem\",\"position\":3,\"name\":\"MAPA &#8211; CCONT &#8211; ESTRUTURA DAS DEMONSTRA\u00c7\u00d5\u00caS CONT\u00c1BEIS &#8211; 54_2025\"}]},{\"@type\":\"WebSite\",\"@id\":\"https:\\\/\\\/atividademapa.com\\\/#website\",\"url\":\"https:\\\/\\\/atividademapa.com\\\/\",\"name\":\"Atividade Mapa\",\"description\":\"StudeO | Unicesumar\",\"publisher\":{\"@id\":\"https:\\\/\\\/atividademapa.com\\\/#organization\"},\"potentialAction\":[{\"@type\":\"SearchAction\",\"target\":{\"@type\":\"EntryPoint\",\"urlTemplate\":\"https:\\\/\\\/atividademapa.com\\\/?s={search_term_string}\"},\"query-input\":{\"@type\":\"PropertyValueSpecification\",\"valueRequired\":true,\"valueName\":\"search_term_string\"}}],\"inLanguage\":\"pt-BR\"},{\"@type\":\"Organization\",\"@id\":\"https:\\\/\\\/atividademapa.com\\\/#organization\",\"name\":\"Atividade MAPA\",\"url\":\"https:\\\/\\\/atividademapa.com\\\/\",\"logo\":{\"@type\":\"ImageObject\",\"inLanguage\":\"pt-BR\",\"@id\":\"https:\\\/\\\/atividademapa.com\\\/#\\\/schema\\\/logo\\\/image\\\/\",\"url\":\"https:\\\/\\\/i0.wp.com\\\/atividademapa.com\\\/wp-content\\\/uploads\\\/2023\\\/02\\\/ATIVIDADE.png?fit=600%2C300&ssl=1\",\"contentUrl\":\"https:\\\/\\\/i0.wp.com\\\/atividademapa.com\\\/wp-content\\\/uploads\\\/2023\\\/02\\\/ATIVIDADE.png?fit=600%2C300&ssl=1\",\"width\":600,\"height\":300,\"caption\":\"Atividade MAPA\"},\"image\":{\"@id\":\"https:\\\/\\\/atividademapa.com\\\/#\\\/schema\\\/logo\\\/image\\\/\"}}]}<\/script>\n<!-- \/ Yoast SEO plugin. -->","yoast_head_json":{"title":"MAPA - CCONT - ESTRUTURA DAS DEMONSTRA\u00c7\u00d5\u00caS CONT\u00c1BEIS - 54_2025","description":"Atividade MAPA - CCONT - ESTRUTURA DAS DEMONSTRA\u00c7\u00d5\u00caS CONT\u00c1BEIS - 54_2025 &#8902; Unicesumar. Baixe agora mesmo um Mapa Pronto resolvido!","robots":{"index":"index","follow":"follow","max-snippet":"max-snippet:-1","max-image-preview":"max-image-preview:large","max-video-preview":"max-video-preview:-1"},"canonical":"https:\/\/atividademapa.com\/?product=mapa-ccont-estrutura-das-demonstracoes-contabeis-54_2025","og_locale":"pt_BR","og_type":"article","og_title":"MAPA - CCONT - ESTRUTURA DAS DEMONSTRA\u00c7\u00d5\u00caS CONT\u00c1BEIS - 54_2025","og_description":"Atividade MAPA - CCONT - ESTRUTURA DAS DEMONSTRA\u00c7\u00d5\u00caS CONT\u00c1BEIS - 54_2025 &#8902; Unicesumar. Baixe agora mesmo um Mapa Pronto resolvido!","og_url":"https:\/\/atividademapa.com\/?product=mapa-ccont-estrutura-das-demonstracoes-contabeis-54_2025","og_site_name":"Atividade Mapa","article_modified_time":"2025-10-14T15:35:54+00:00","og_image":[{"width":300,"height":300,"url":"https:\/\/i0.wp.com\/atividademapa.com\/wp-content\/uploads\/2023\/03\/Atividade-M.A.P.A-3.png?fit=300%2C300&ssl=1","type":"image\/png"}],"twitter_card":"summary_large_image","twitter_misc":{"Est. tempo de leitura":"5 minutos"},"schema":{"@context":"https:\/\/schema.org","@graph":[{"@type":"WebPage","@id":"https:\/\/atividademapa.com\/?product=mapa-ccont-estrutura-das-demonstracoes-contabeis-54_2025","url":"https:\/\/atividademapa.com\/?product=mapa-ccont-estrutura-das-demonstracoes-contabeis-54_2025","name":"MAPA - CCONT - ESTRUTURA DAS DEMONSTRA\u00c7\u00d5\u00caS CONT\u00c1BEIS - 54_2025","isPartOf":{"@id":"https:\/\/atividademapa.com\/#website"},"primaryImageOfPage":{"@id":"https:\/\/atividademapa.com\/?product=mapa-ccont-estrutura-das-demonstracoes-contabeis-54_2025#primaryimage"},"image":{"@id":"https:\/\/atividademapa.com\/?product=mapa-ccont-estrutura-das-demonstracoes-contabeis-54_2025#primaryimage"},"thumbnailUrl":"https:\/\/i0.wp.com\/atividademapa.com\/wp-content\/uploads\/2023\/03\/Atividade-M.A.P.A-3.png?fit=300%2C300&ssl=1","datePublished":"2025-10-09T01:44:56+00:00","dateModified":"2025-10-14T15:35:54+00:00","description":"Atividade MAPA - CCONT - ESTRUTURA DAS DEMONSTRA\u00c7\u00d5\u00caS CONT\u00c1BEIS - 54_2025 &#8902; Unicesumar. Baixe agora mesmo um Mapa Pronto resolvido!","breadcrumb":{"@id":"https:\/\/atividademapa.com\/?product=mapa-ccont-estrutura-das-demonstracoes-contabeis-54_2025#breadcrumb"},"inLanguage":"pt-BR","potentialAction":[{"@type":"ReadAction","target":["https:\/\/atividademapa.com\/?product=mapa-ccont-estrutura-das-demonstracoes-contabeis-54_2025"]}]},{"@type":"ImageObject","inLanguage":"pt-BR","@id":"https:\/\/atividademapa.com\/?product=mapa-ccont-estrutura-das-demonstracoes-contabeis-54_2025#primaryimage","url":"https:\/\/i0.wp.com\/atividademapa.com\/wp-content\/uploads\/2023\/03\/Atividade-M.A.P.A-3.png?fit=300%2C300&ssl=1","contentUrl":"https:\/\/i0.wp.com\/atividademapa.com\/wp-content\/uploads\/2023\/03\/Atividade-M.A.P.A-3.png?fit=300%2C300&ssl=1","width":300,"height":300,"caption":"Mapa Unicesumar Atividade"},{"@type":"BreadcrumbList","@id":"https:\/\/atividademapa.com\/?product=mapa-ccont-estrutura-das-demonstracoes-contabeis-54_2025#breadcrumb","itemListElement":[{"@type":"ListItem","position":1,"name":"In\u00edcio","item":"https:\/\/atividademapa.com\/"},{"@type":"ListItem","position":2,"name":"MAPAS","item":"https:\/\/atividademapa.com\/?page_id=5"},{"@type":"ListItem","position":3,"name":"MAPA &#8211; CCONT &#8211; ESTRUTURA DAS DEMONSTRA\u00c7\u00d5\u00caS CONT\u00c1BEIS &#8211; 54_2025"}]},{"@type":"WebSite","@id":"https:\/\/atividademapa.com\/#website","url":"https:\/\/atividademapa.com\/","name":"Atividade Mapa","description":"StudeO | Unicesumar","publisher":{"@id":"https:\/\/atividademapa.com\/#organization"},"potentialAction":[{"@type":"SearchAction","target":{"@type":"EntryPoint","urlTemplate":"https:\/\/atividademapa.com\/?s={search_term_string}"},"query-input":{"@type":"PropertyValueSpecification","valueRequired":true,"valueName":"search_term_string"}}],"inLanguage":"pt-BR"},{"@type":"Organization","@id":"https:\/\/atividademapa.com\/#organization","name":"Atividade MAPA","url":"https:\/\/atividademapa.com\/","logo":{"@type":"ImageObject","inLanguage":"pt-BR","@id":"https:\/\/atividademapa.com\/#\/schema\/logo\/image\/","url":"https:\/\/i0.wp.com\/atividademapa.com\/wp-content\/uploads\/2023\/02\/ATIVIDADE.png?fit=600%2C300&ssl=1","contentUrl":"https:\/\/i0.wp.com\/atividademapa.com\/wp-content\/uploads\/2023\/02\/ATIVIDADE.png?fit=600%2C300&ssl=1","width":600,"height":300,"caption":"Atividade MAPA"},"image":{"@id":"https:\/\/atividademapa.com\/#\/schema\/logo\/image\/"}}]}},"_links":{"self":[{"href":"https:\/\/atividademapa.com\/index.php?rest_route=\/wp\/v2\/product\/6436","targetHints":{"allow":["GET"]}}],"collection":[{"href":"https:\/\/atividademapa.com\/index.php?rest_route=\/wp\/v2\/product"}],"about":[{"href":"https:\/\/atividademapa.com\/index.php?rest_route=\/wp\/v2\/types\/product"}],"version-history":[{"count":1,"href":"https:\/\/atividademapa.com\/index.php?rest_route=\/wp\/v2\/product\/6436\/revisions"}],"predecessor-version":[{"id":6438,"href":"https:\/\/atividademapa.com\/index.php?rest_route=\/wp\/v2\/product\/6436\/revisions\/6438"}],"wp:featuredmedia":[{"embeddable":true,"href":"https:\/\/atividademapa.com\/index.php?rest_route=\/wp\/v2\/media\/2326"}],"wp:attachment":[{"href":"https:\/\/atividademapa.com\/index.php?rest_route=%2Fwp%2Fv2%2Fmedia&parent=6436"}],"wp:term":[{"taxonomy":"product_brand","embeddable":true,"href":"https:\/\/atividademapa.com\/index.php?rest_route=%2Fwp%2Fv2%2Fproduct_brand&post=6436"},{"taxonomy":"product_cat","embeddable":true,"href":"https:\/\/atividademapa.com\/index.php?rest_route=%2Fwp%2Fv2%2Fproduct_cat&post=6436"},{"taxonomy":"product_tag","embeddable":true,"href":"https:\/\/atividademapa.com\/index.php?rest_route=%2Fwp%2Fv2%2Fproduct_tag&post=6436"}],"curies":[{"name":"wp","href":"https:\/\/api.w.org\/{rel}","templated":true}]}}