{"id":6443,"date":"2025-10-08T22:54:06","date_gmt":"2025-10-09T01:54:06","guid":{"rendered":"https:\/\/atividademapa.com\/?post_type=product&#038;p=6443"},"modified":"2025-10-08T22:54:07","modified_gmt":"2025-10-09T01:54:07","slug":"mapa-assistencia-tecnica-em-pericias-54_2025","status":"publish","type":"product","link":"https:\/\/atividademapa.com\/?product=mapa-assistencia-tecnica-em-pericias-54_2025","title":{"rendered":"MAPA &#8211; ASSIST\u00caNCIA T\u00c9CNICA EM PER\u00cdCIAS &#8211; 54_2025"},"content":{"rendered":"<div class=\"enunciado\">\n<div class=\"panel-body p-t-20 b-t b-grey\">\n<div class=\"painel-questao\">\n<div class=\"painel-questao-titulo cursor\">QUEST\u00c3O 1<\/div>\n<\/div>\n<\/div>\n<\/div>\n<div>O objetivo desta atividade \u00e9 que voc\u00ea se sinta imersivo em como conduzir, enquanto profissional da Seguran\u00e7a do Trabalho, a assist\u00eancia t\u00e9cnica durante uma dilig\u00eancia pericial, a fim de auxiliar as partes que lhe nomearam da melhor forma poss\u00edvel.<\/p>\n<p><strong>An\u00e1lise de Acidente com M\u00e1quinas e Conformidade com a NR-12 em Per\u00edcia Trabalhista<\/strong><\/p>\n<p>Acidentes envolvendo m\u00e1quinas e equipamentos s\u00e3o recorrentes e demandam investiga\u00e7\u00f5es complexas para determinar responsabilidades e prevenir futuras ocorr\u00eancias. Como o profissional de Seguran\u00e7a do Trabalho, atuando como assistente t\u00e9cnico, pode conduzir uma an\u00e1lise aprofundada de um acidente com m\u00e1quinas, considerando as particularidades da NR-12, para subsidiar a defesa t\u00e9cnica de seu contratante?<\/p>\n<p>Os profissionais de seguran\u00e7a do trabalho envolvidos na dilig\u00eancia, sobretudo os assistenciais como chamados os assistentes t\u00e9cnicos, s\u00e3o os maiores respons\u00e1veis pelo sucesso de quem os nomeou para tal feito, haja vista sua participa\u00e7\u00e3o efetiva no sentido de prover informa\u00e7\u00f5es e ainda questionamentos ao \u201cPerito T\u00e9cnico\u201d, evitando que tome posi\u00e7\u00e3o para um lado ou outro, ou que haja com tendenciosidade a fim de obter vantagens pessoais quanto ao recebimento de quesitos. Haja vista que a parte considerada errada ser\u00e1 a que dever\u00e1 arcar com as custas periciais. Esses questionamentos s\u00e3o, na maioria das vezes, realizados formalmente com a apresenta\u00e7\u00e3o de quesitos a fim de direcionar o perito durante a dilig\u00eancia pericial, feitos dentro da realidade e com clareza, com toda a certeza ir\u00e3o proporcionar bons resultados \u00e0 parte que estiver correta, n\u00e3o vindo a prejudicar inclusive, a outra parte, mas sim esclarecer a verdade.<\/p><\/div>\n<p>&nbsp;<\/p>\n<div><\/div>\n<p>&nbsp;<\/p>\n<div>Fonte: https:\/\/onsafety.com.br\/a-nr-12-e-a-importancia-da-protecao-de-maquinas-e-equipamentos\/. Acesso em: 08 set. 2025.<\/div>\n<p>&nbsp;<\/p>\n<div>\n<p>Leia o Case:<\/p>\n<p>\u201cVoc\u00ea, Tecn\u00f3logo de Seguran\u00e7a do Trabalho, foi contratado como assistente t\u00e9cnico por uma ind\u00fastria de componentes automotivos para acompanhar uma per\u00edcia trabalhista. Um operador de prensa hidr\u00e1ulica, Sr. Carlos, de 48 anos, sofreu um acidente grave, tendo a m\u00e3o direita esmagada durante o ciclo de opera\u00e7\u00e3o da m\u00e1quina. O acidente ocorreu h\u00e1 6 meses, e o Sr. Carlos alega que a prensa n\u00e3o possu\u00eda guarda de seguran\u00e7a adequada e que o sistema de parada de emerg\u00eancia era de dif\u00edcil acesso. A empresa, por sua vez, sustenta que a m\u00e1quina estava conforme as normas, que o Sr. Carlos havia recebido treinamento e que o acidente foi resultado de uma &#8220;distra\u00e7\u00e3o&#8221; ou &#8220;mau uso&#8221; do equipamento. A prensa em quest\u00e3o \u00e9 um modelo antigo, que passou por adequa\u00e7\u00f5es em 2017 para atender \u00e0 NR-12, mas a \u00faltima inspe\u00e7\u00e3o de seguran\u00e7a registrada \u00e9 de 2022.\u201d<\/p>\n<p>Considerando os materiais estudados nesta disciplina, sendo voc\u00ea uma profissional da seguran\u00e7a do trabalho, buscando conhecer a empresa sempre e aplicando seus conhecimentos nas orienta\u00e7\u00f5es gerais, juntamente com a chefia e lideran\u00e7a, estando os programas de seguran\u00e7a e sa\u00fade da empresa todos atualizados e em dia. Que, tamb\u00e9m, nunca houve nenhuma intercorr\u00eancia e nem t\u00e3o pouco dilig\u00eancia anteriores, haja vista a concep\u00e7\u00e3o da empresa em cumprir de forma correta os preceitos da sa\u00fade e seguran\u00e7a nos ambientes laborais, contribuindo para um ambiente laboral mais seguro! Voc\u00ea deve sempre buscar fazer quesitos, ou seja, perguntas que visem refor\u00e7ar assim o papel de destaque e relev\u00e2ncia da Seguran\u00e7a do Trabalho nos processos desenvolvidos pela empresa.<\/p>\n<p>O nosso material did\u00e1tico, como os livros de apoio, bem como as aulas ao vivo, ser\u00e1 important\u00edssimo para assimila\u00e7\u00e3o do conte\u00fado, e servir de facilitador para a execu\u00e7\u00e3o desta atividade proposta.<\/p>\n<p>Diante da contextualiza\u00e7\u00e3o desta atividade, bem como relev\u00e2ncia apresentada durante nossas aulas na disciplina, e o conte\u00fado exposto em nosso material de apoio, \u00e9 hora de colocarmos nosso conhecimento, na pr\u00e1tica, vamos l\u00e1?<\/p>\n<p>Voc\u00ea como a profissional de seguran\u00e7a do trabalho que vai acompanhar uma per\u00edcia t\u00e9cnica determinada pelo Juiz, sendo o profissional da empresa designada e indicada para esta assist\u00eancia t\u00e9cnica pericial, devendo assim tomar conhecimento do processo e elaborar o seguinte:<\/p>\n<p><strong>A) An\u00e1lise de Causas do Acidente:<\/strong>\u00a0utilizando o Diagrama de Ishikawa (Espinha de Peixe), identifique e categorize as poss\u00edveis causas (m\u00e3o de obra, m\u00e1quina, m\u00e9todo, meio ambiente, material, gest\u00e3o) que podem ter contribu\u00eddo para o acidente do Sr. Carlos, considerando as informa\u00e7\u00f5es fornecidas no cen\u00e1rio e os conhecimentos da apostila sobre an\u00e1lise de acidentes. Dica: pense em fatores que contribuem para acidentes de trabalho conforme a apostila, como causas operacionais, ambientais, organizacionais e pessoais.<\/p>\n<p><strong>B) NR-12 e Medidas de Prote\u00e7\u00e3o:<\/strong>\u00a0explique quais s\u00e3o os requisitos fundamentais da NR-12 (Seguran\u00e7a no Trabalho em M\u00e1quinas e Equipamentos) que seriam foco principal da per\u00edcia neste caso. Al\u00e9m disso, discuta as medidas de prote\u00e7\u00e3o (coletivas e individuais) que deveriam estar implementadas na prensa hidr\u00e1ulica, conforme a norma, e como a sua aus\u00eancia ou falha poderia ter contribu\u00eddo para o acidente.\u00a0Dica: Recorde as per\u00edcias de m\u00e1quinas e equipamentos, bem como as medidas de prote\u00e7\u00e3o.<\/p>\n<p><strong>C) Estrat\u00e9gia de Coleta de Evid\u00eancias como Assistente T\u00e9cnico:<\/strong>\u00a0para subsidiar a defesa da empresa, quais tipos de evid\u00eancias e documentos voc\u00ea, como assistente t\u00e9cnico, priorizaria a coleta e an\u00e1lise neste cen\u00e1rio espec\u00edfico? Justifique a relev\u00e2ncia de cada um, com base nas orienta\u00e7\u00f5es do livro sobre atua\u00e7\u00e3o do assistente t\u00e9cnico.\u00a0Dica: pense nos documentos que podem comprovar a conformidade e os treinamentos.<\/p>\n<p><strong>D) Implica\u00e7\u00f5es Legais e \u00c9ticas para a Empresa e para Voc\u00ea:<\/strong>\u00a0considerando a alega\u00e7\u00e3o de &#8220;m\u00e1quina antiga, mas adequada em 2017&#8221; e a \u00faltima inspe\u00e7\u00e3o em 2022, quais s\u00e3o as poss\u00edveis implica\u00e7\u00f5es legais para a empresa (al\u00e9m do processo trabalhista) e qual a sua responsabilidade \u00e9tica como assistente t\u00e9cnico ao lidar com a documenta\u00e7\u00e3o de conformidade da m\u00e1quina?\u00a0Dica: reveja as responsabilidades civis, penais e administrativas do perito e a \u00e9tica profissional.<\/p>\n<p><strong>Orienta\u00e7\u00f5es Adicionais:<\/strong><\/p>\n<p>&#8211; Esta \u00e9 uma atividade INDIVIDUAL, portanto trabalhos com pl\u00e1gios, copiados da internet ou de outros estudantes ser\u00e3o zerados.<\/p>\n<p>&#8211; Baixar o Formul\u00e1rio Padr\u00e3o para resposta (obrigat\u00f3rio) do MAPA, no &#8220;Material da Disciplina\u201d.<\/p>\n<p>&#8211; Consultar o livro da disciplina &#8211; &#8220;Assist\u00eancia T\u00e9cnica em Per\u00edcias&#8221; como principal material de apoio.<\/p>\n<p>&#8211; Assistir ao v\u00eddeo de explica\u00e7\u00e3o da atividade, presente na \u201cSala do Caf\u00e9\u201d.<\/p>\n<p>&#8211; Consultar a NR 12 dispon\u00edvel no \u201cMaterial da Disciplina\u201d.<\/p>\n<p>&#8211; Caso o estudante julgar necess\u00e1rio, poder\u00e3o ser utilizadas pesquisas p\u00fablicas por sites ou materiais na internet, que julguem complementar o entendimento e assimila\u00e7\u00e3o da atividade proposta, considerando sempre sites confi\u00e1veis e com refer\u00eancia bibliogr\u00e1fica.<\/p>\n<p>&#8211; Ler atentamente as informa\u00e7\u00f5es disponibilizadas.<\/p>\n<p>&#8211; Responder todos os itens solicitados, conforme a estrutura apresentada no Formul\u00e1rio Padr\u00e3o.<\/p>\n<p>&#8211; Fundamentar sua resposta com cita\u00e7\u00f5es da apostila e\/ou documentos da \u00e1rea de Seguran\u00e7a do Trabalho, n\u00e3o se esquecendo de colocar corretamente a refer\u00eancia.<\/p>\n<p>&#8211; Salvar o formul\u00e1rio padr\u00e3o, com todos os itens solicitados.<\/p>\n<p>&#8211; Certifique-se de que o arquivo a ser enviado \u00e9 o correto, no momento do envio.<\/p>\n<p>&#8211; Anexar seu arquivo no espa\u00e7o da atividade MAPA e clique em &#8220;Responder&#8221;.<\/p>\n<p>Bons Estudos!<\/p><\/div>\n","protected":false},"excerpt":{"rendered":"<p>QUEST\u00c3O 1 O objetivo desta atividade \u00e9 que voc\u00ea se sinta imersivo em como conduzir, enquanto profissional da Seguran\u00e7a do<\/p>\n","protected":false},"featured_media":2326,"template":"","meta":{"_monsterinsights_skip_tracking":false,"_monsterinsights_sitenote_active":false,"_monsterinsights_sitenote_note":"","_monsterinsights_sitenote_category":0},"product_brand":[],"product_cat":[113],"product_tag":[],"class_list":{"0":"post-6443","1":"product","2":"type-product","3":"status-publish","4":"has-post-thumbnail","6":"product_cat-seguranca-do-trabalho","8":"first","9":"instock","10":"downloadable","11":"virtual","12":"purchasable","13":"product-type-simple"},"yoast_head":"<!-- This site is optimized with the Yoast SEO plugin v27.4 - https:\/\/yoast.com\/product\/yoast-seo-wordpress\/ -->\n<title>MAPA - ASSIST\u00caNCIA T\u00c9CNICA EM PER\u00cdCIAS - 54_2025<\/title>\n<meta name=\"description\" content=\"Atividade MAPA - ASSIST\u00caNCIA T\u00c9CNICA EM PER\u00cdCIAS - 54_2025 &#8902; Unicesumar. Baixe agora mesmo um Mapa Pronto resolvido!\" \/>\n<meta name=\"robots\" content=\"index, follow, max-snippet:-1, max-image-preview:large, max-video-preview:-1\" \/>\n<link rel=\"canonical\" href=\"https:\/\/atividademapa.com\/?product=mapa-assistencia-tecnica-em-pericias-54_2025\" \/>\n<meta property=\"og:locale\" content=\"pt_BR\" \/>\n<meta property=\"og:type\" content=\"article\" \/>\n<meta property=\"og:title\" content=\"MAPA - ASSIST\u00caNCIA T\u00c9CNICA EM PER\u00cdCIAS - 54_2025\" \/>\n<meta property=\"og:description\" content=\"Atividade MAPA - ASSIST\u00caNCIA T\u00c9CNICA EM PER\u00cdCIAS - 54_2025 &#8902; Unicesumar. Baixe agora mesmo um Mapa Pronto resolvido!\" \/>\n<meta property=\"og:url\" content=\"https:\/\/atividademapa.com\/?product=mapa-assistencia-tecnica-em-pericias-54_2025\" \/>\n<meta property=\"og:site_name\" content=\"Atividade Mapa\" \/>\n<meta property=\"article:modified_time\" content=\"2025-10-09T01:54:07+00:00\" \/>\n<meta property=\"og:image\" content=\"https:\/\/i0.wp.com\/atividademapa.com\/wp-content\/uploads\/2023\/03\/Atividade-M.A.P.A-3.png?fit=300%2C300&ssl=1\" \/>\n\t<meta property=\"og:image:width\" content=\"300\" \/>\n\t<meta property=\"og:image:height\" content=\"300\" \/>\n\t<meta property=\"og:image:type\" content=\"image\/png\" \/>\n<meta name=\"twitter:card\" content=\"summary_large_image\" \/>\n<meta name=\"twitter:label1\" content=\"Est. tempo de leitura\" \/>\n\t<meta name=\"twitter:data1\" content=\"6 minutos\" \/>\n<script type=\"application\/ld+json\" class=\"yoast-schema-graph\">{\"@context\":\"https:\\\/\\\/schema.org\",\"@graph\":[{\"@type\":\"WebPage\",\"@id\":\"https:\\\/\\\/atividademapa.com\\\/?product=mapa-assistencia-tecnica-em-pericias-54_2025\",\"url\":\"https:\\\/\\\/atividademapa.com\\\/?product=mapa-assistencia-tecnica-em-pericias-54_2025\",\"name\":\"MAPA - ASSIST\u00caNCIA T\u00c9CNICA EM PER\u00cdCIAS - 54_2025\",\"isPartOf\":{\"@id\":\"https:\\\/\\\/atividademapa.com\\\/#website\"},\"primaryImageOfPage\":{\"@id\":\"https:\\\/\\\/atividademapa.com\\\/?product=mapa-assistencia-tecnica-em-pericias-54_2025#primaryimage\"},\"image\":{\"@id\":\"https:\\\/\\\/atividademapa.com\\\/?product=mapa-assistencia-tecnica-em-pericias-54_2025#primaryimage\"},\"thumbnailUrl\":\"https:\\\/\\\/i0.wp.com\\\/atividademapa.com\\\/wp-content\\\/uploads\\\/2023\\\/03\\\/Atividade-M.A.P.A-3.png?fit=300%2C300&ssl=1\",\"datePublished\":\"2025-10-09T01:54:06+00:00\",\"dateModified\":\"2025-10-09T01:54:07+00:00\",\"description\":\"Atividade MAPA - ASSIST\u00caNCIA T\u00c9CNICA EM PER\u00cdCIAS - 54_2025 &#8902; Unicesumar. Baixe agora mesmo um Mapa Pronto resolvido!\",\"breadcrumb\":{\"@id\":\"https:\\\/\\\/atividademapa.com\\\/?product=mapa-assistencia-tecnica-em-pericias-54_2025#breadcrumb\"},\"inLanguage\":\"pt-BR\",\"potentialAction\":[{\"@type\":\"ReadAction\",\"target\":[\"https:\\\/\\\/atividademapa.com\\\/?product=mapa-assistencia-tecnica-em-pericias-54_2025\"]}]},{\"@type\":\"ImageObject\",\"inLanguage\":\"pt-BR\",\"@id\":\"https:\\\/\\\/atividademapa.com\\\/?product=mapa-assistencia-tecnica-em-pericias-54_2025#primaryimage\",\"url\":\"https:\\\/\\\/i0.wp.com\\\/atividademapa.com\\\/wp-content\\\/uploads\\\/2023\\\/03\\\/Atividade-M.A.P.A-3.png?fit=300%2C300&ssl=1\",\"contentUrl\":\"https:\\\/\\\/i0.wp.com\\\/atividademapa.com\\\/wp-content\\\/uploads\\\/2023\\\/03\\\/Atividade-M.A.P.A-3.png?fit=300%2C300&ssl=1\",\"width\":300,\"height\":300,\"caption\":\"Mapa Unicesumar Atividade\"},{\"@type\":\"BreadcrumbList\",\"@id\":\"https:\\\/\\\/atividademapa.com\\\/?product=mapa-assistencia-tecnica-em-pericias-54_2025#breadcrumb\",\"itemListElement\":[{\"@type\":\"ListItem\",\"position\":1,\"name\":\"In\u00edcio\",\"item\":\"https:\\\/\\\/atividademapa.com\\\/\"},{\"@type\":\"ListItem\",\"position\":2,\"name\":\"MAPAS\",\"item\":\"https:\\\/\\\/atividademapa.com\\\/?page_id=5\"},{\"@type\":\"ListItem\",\"position\":3,\"name\":\"MAPA &#8211; ASSIST\u00caNCIA T\u00c9CNICA EM PER\u00cdCIAS &#8211; 54_2025\"}]},{\"@type\":\"WebSite\",\"@id\":\"https:\\\/\\\/atividademapa.com\\\/#website\",\"url\":\"https:\\\/\\\/atividademapa.com\\\/\",\"name\":\"Atividade Mapa\",\"description\":\"StudeO | Unicesumar\",\"publisher\":{\"@id\":\"https:\\\/\\\/atividademapa.com\\\/#organization\"},\"potentialAction\":[{\"@type\":\"SearchAction\",\"target\":{\"@type\":\"EntryPoint\",\"urlTemplate\":\"https:\\\/\\\/atividademapa.com\\\/?s={search_term_string}\"},\"query-input\":{\"@type\":\"PropertyValueSpecification\",\"valueRequired\":true,\"valueName\":\"search_term_string\"}}],\"inLanguage\":\"pt-BR\"},{\"@type\":\"Organization\",\"@id\":\"https:\\\/\\\/atividademapa.com\\\/#organization\",\"name\":\"Atividade MAPA\",\"url\":\"https:\\\/\\\/atividademapa.com\\\/\",\"logo\":{\"@type\":\"ImageObject\",\"inLanguage\":\"pt-BR\",\"@id\":\"https:\\\/\\\/atividademapa.com\\\/#\\\/schema\\\/logo\\\/image\\\/\",\"url\":\"https:\\\/\\\/i0.wp.com\\\/atividademapa.com\\\/wp-content\\\/uploads\\\/2023\\\/02\\\/ATIVIDADE.png?fit=600%2C300&ssl=1\",\"contentUrl\":\"https:\\\/\\\/i0.wp.com\\\/atividademapa.com\\\/wp-content\\\/uploads\\\/2023\\\/02\\\/ATIVIDADE.png?fit=600%2C300&ssl=1\",\"width\":600,\"height\":300,\"caption\":\"Atividade MAPA\"},\"image\":{\"@id\":\"https:\\\/\\\/atividademapa.com\\\/#\\\/schema\\\/logo\\\/image\\\/\"}}]}<\/script>\n<!-- \/ Yoast SEO plugin. -->","yoast_head_json":{"title":"MAPA - ASSIST\u00caNCIA T\u00c9CNICA EM PER\u00cdCIAS - 54_2025","description":"Atividade MAPA - ASSIST\u00caNCIA T\u00c9CNICA EM PER\u00cdCIAS - 54_2025 &#8902; Unicesumar. Baixe agora mesmo um Mapa Pronto resolvido!","robots":{"index":"index","follow":"follow","max-snippet":"max-snippet:-1","max-image-preview":"max-image-preview:large","max-video-preview":"max-video-preview:-1"},"canonical":"https:\/\/atividademapa.com\/?product=mapa-assistencia-tecnica-em-pericias-54_2025","og_locale":"pt_BR","og_type":"article","og_title":"MAPA - ASSIST\u00caNCIA T\u00c9CNICA EM PER\u00cdCIAS - 54_2025","og_description":"Atividade MAPA - ASSIST\u00caNCIA T\u00c9CNICA EM PER\u00cdCIAS - 54_2025 &#8902; Unicesumar. Baixe agora mesmo um Mapa Pronto resolvido!","og_url":"https:\/\/atividademapa.com\/?product=mapa-assistencia-tecnica-em-pericias-54_2025","og_site_name":"Atividade Mapa","article_modified_time":"2025-10-09T01:54:07+00:00","og_image":[{"width":300,"height":300,"url":"https:\/\/i0.wp.com\/atividademapa.com\/wp-content\/uploads\/2023\/03\/Atividade-M.A.P.A-3.png?fit=300%2C300&ssl=1","type":"image\/png"}],"twitter_card":"summary_large_image","twitter_misc":{"Est. tempo de leitura":"6 minutos"},"schema":{"@context":"https:\/\/schema.org","@graph":[{"@type":"WebPage","@id":"https:\/\/atividademapa.com\/?product=mapa-assistencia-tecnica-em-pericias-54_2025","url":"https:\/\/atividademapa.com\/?product=mapa-assistencia-tecnica-em-pericias-54_2025","name":"MAPA - ASSIST\u00caNCIA T\u00c9CNICA EM PER\u00cdCIAS - 54_2025","isPartOf":{"@id":"https:\/\/atividademapa.com\/#website"},"primaryImageOfPage":{"@id":"https:\/\/atividademapa.com\/?product=mapa-assistencia-tecnica-em-pericias-54_2025#primaryimage"},"image":{"@id":"https:\/\/atividademapa.com\/?product=mapa-assistencia-tecnica-em-pericias-54_2025#primaryimage"},"thumbnailUrl":"https:\/\/i0.wp.com\/atividademapa.com\/wp-content\/uploads\/2023\/03\/Atividade-M.A.P.A-3.png?fit=300%2C300&ssl=1","datePublished":"2025-10-09T01:54:06+00:00","dateModified":"2025-10-09T01:54:07+00:00","description":"Atividade MAPA - ASSIST\u00caNCIA T\u00c9CNICA EM PER\u00cdCIAS - 54_2025 &#8902; Unicesumar. Baixe agora mesmo um Mapa Pronto resolvido!","breadcrumb":{"@id":"https:\/\/atividademapa.com\/?product=mapa-assistencia-tecnica-em-pericias-54_2025#breadcrumb"},"inLanguage":"pt-BR","potentialAction":[{"@type":"ReadAction","target":["https:\/\/atividademapa.com\/?product=mapa-assistencia-tecnica-em-pericias-54_2025"]}]},{"@type":"ImageObject","inLanguage":"pt-BR","@id":"https:\/\/atividademapa.com\/?product=mapa-assistencia-tecnica-em-pericias-54_2025#primaryimage","url":"https:\/\/i0.wp.com\/atividademapa.com\/wp-content\/uploads\/2023\/03\/Atividade-M.A.P.A-3.png?fit=300%2C300&ssl=1","contentUrl":"https:\/\/i0.wp.com\/atividademapa.com\/wp-content\/uploads\/2023\/03\/Atividade-M.A.P.A-3.png?fit=300%2C300&ssl=1","width":300,"height":300,"caption":"Mapa Unicesumar Atividade"},{"@type":"BreadcrumbList","@id":"https:\/\/atividademapa.com\/?product=mapa-assistencia-tecnica-em-pericias-54_2025#breadcrumb","itemListElement":[{"@type":"ListItem","position":1,"name":"In\u00edcio","item":"https:\/\/atividademapa.com\/"},{"@type":"ListItem","position":2,"name":"MAPAS","item":"https:\/\/atividademapa.com\/?page_id=5"},{"@type":"ListItem","position":3,"name":"MAPA &#8211; ASSIST\u00caNCIA T\u00c9CNICA EM PER\u00cdCIAS &#8211; 54_2025"}]},{"@type":"WebSite","@id":"https:\/\/atividademapa.com\/#website","url":"https:\/\/atividademapa.com\/","name":"Atividade Mapa","description":"StudeO | Unicesumar","publisher":{"@id":"https:\/\/atividademapa.com\/#organization"},"potentialAction":[{"@type":"SearchAction","target":{"@type":"EntryPoint","urlTemplate":"https:\/\/atividademapa.com\/?s={search_term_string}"},"query-input":{"@type":"PropertyValueSpecification","valueRequired":true,"valueName":"search_term_string"}}],"inLanguage":"pt-BR"},{"@type":"Organization","@id":"https:\/\/atividademapa.com\/#organization","name":"Atividade MAPA","url":"https:\/\/atividademapa.com\/","logo":{"@type":"ImageObject","inLanguage":"pt-BR","@id":"https:\/\/atividademapa.com\/#\/schema\/logo\/image\/","url":"https:\/\/i0.wp.com\/atividademapa.com\/wp-content\/uploads\/2023\/02\/ATIVIDADE.png?fit=600%2C300&ssl=1","contentUrl":"https:\/\/i0.wp.com\/atividademapa.com\/wp-content\/uploads\/2023\/02\/ATIVIDADE.png?fit=600%2C300&ssl=1","width":600,"height":300,"caption":"Atividade MAPA"},"image":{"@id":"https:\/\/atividademapa.com\/#\/schema\/logo\/image\/"}}]}},"_links":{"self":[{"href":"https:\/\/atividademapa.com\/index.php?rest_route=\/wp\/v2\/product\/6443","targetHints":{"allow":["GET"]}}],"collection":[{"href":"https:\/\/atividademapa.com\/index.php?rest_route=\/wp\/v2\/product"}],"about":[{"href":"https:\/\/atividademapa.com\/index.php?rest_route=\/wp\/v2\/types\/product"}],"version-history":[{"count":1,"href":"https:\/\/atividademapa.com\/index.php?rest_route=\/wp\/v2\/product\/6443\/revisions"}],"predecessor-version":[{"id":6445,"href":"https:\/\/atividademapa.com\/index.php?rest_route=\/wp\/v2\/product\/6443\/revisions\/6445"}],"wp:featuredmedia":[{"embeddable":true,"href":"https:\/\/atividademapa.com\/index.php?rest_route=\/wp\/v2\/media\/2326"}],"wp:attachment":[{"href":"https:\/\/atividademapa.com\/index.php?rest_route=%2Fwp%2Fv2%2Fmedia&parent=6443"}],"wp:term":[{"taxonomy":"product_brand","embeddable":true,"href":"https:\/\/atividademapa.com\/index.php?rest_route=%2Fwp%2Fv2%2Fproduct_brand&post=6443"},{"taxonomy":"product_cat","embeddable":true,"href":"https:\/\/atividademapa.com\/index.php?rest_route=%2Fwp%2Fv2%2Fproduct_cat&post=6443"},{"taxonomy":"product_tag","embeddable":true,"href":"https:\/\/atividademapa.com\/index.php?rest_route=%2Fwp%2Fv2%2Fproduct_tag&post=6443"}],"curies":[{"name":"wp","href":"https:\/\/api.w.org\/{rel}","templated":true}]}}