{"id":6446,"date":"2025-10-08T22:57:38","date_gmt":"2025-10-09T01:57:38","guid":{"rendered":"https:\/\/atividademapa.com\/?post_type=product&#038;p=6446"},"modified":"2025-10-08T22:57:39","modified_gmt":"2025-10-09T01:57:39","slug":"mapa-abordagens-inovadoras-em-administracao-54-2025","status":"publish","type":"product","link":"https:\/\/atividademapa.com\/?product=mapa-abordagens-inovadoras-em-administracao-54-2025","title":{"rendered":"Mapa &#8211; Abordagens Inovadoras em Administra\u00e7\u00e3o\u00a0&#8211;\u00a054\/2025"},"content":{"rendered":"<div class=\"enunciado\">\n<div class=\"panel-body p-t-20 b-t b-grey\">\n<div class=\"painel-questao\">\n<div class=\"painel-questao-titulo cursor\">QUEST\u00c3O 1<\/div>\n<\/div>\n<\/div>\n<\/div>\n<div>Para iniciarmos, leia atentamente o trecho a seguir:<\/p>\n<p>Quando uma organiza\u00e7\u00e3o deseja inovar em seus produtos ou servi\u00e7os, muitas vezes n\u00e3o \u00e9 necess\u00e1rio criar algo totalmente novo, mas sim repensar, modificar ou combinar elementos j\u00e1 existentes. Para isso, a ferramenta\u00a0<strong>SCAMPER<\/strong>\u00a0pode ser utilizada como est\u00edmulo \u00e0 criatividade. SCAMPER \u00e9 um acr\u00f4nimo que representa sete t\u00e9cnicas para explorar melhorias em um produto:\u00a0<strong>Substituir, Combinar, Adaptar, Modificar, Propor novos usos, Eliminar e Reorganizar<\/strong>. Essa abordagem permite que gestores e equipes repensem solu\u00e7\u00f5es j\u00e1 conhecidas, identifiquem novas utilidades e proponham inova\u00e7\u00f5es capazes de agregar valor para os clientes.<\/div>\n<p>&nbsp;<\/p>\n<div>\n<p>Fonte: MIYATAKE, A. K.; IBA, F. L.\u00a0<strong>Abordagens inovadoras em administra\u00e7\u00e3o<\/strong>. Maring\u00e1: Unicesumar, 2021.<\/div>\n<p>&nbsp;<\/p>\n<div>\n<p><strong>Estudo de caso<\/strong><\/p>\n<p>Considere como base de an\u00e1lise uma garrafa pl\u00e1stica reutiliz\u00e1vel<strong>\u00a0(<em>squeeze<\/em>)<\/strong>, um produto bastante comum no dia a dia das pessoas, utilizado para transportar \u00e1gua ou outras bebidas. Ainda que seu uso pare\u00e7a \u00f3bvio, diferentes grupos de pessoas podem empregar o produto de formas variadas, dependendo de suas necessidades (academia, escrit\u00f3rio, escola, esportes ao ar livre, viagens etc.).<\/p>\n<p><strong>Para realizar a atividade, siga o passo a passo:<\/strong><\/p>\n<p>a) Escolha tr\u00eas pessoas (n\u00e3o podem ser esportistas profissionais) que utilizam o produto citado. Pergunte como usam a garrafa pl\u00e1stica em sua rotina. Anote e descreva os usos relatados.<\/p>\n<p>b) Aplique as\u00a0<strong>sete t\u00e9cnicas do SCAMPER<\/strong>\u00a0ao produto analisado, gerando ideias de inova\u00e7\u00e3o (por exemplo: substituir o material, combinar com outro acess\u00f3rio, adaptar para diferentes p\u00fablicos etc.).<\/p>\n<p>c) Das ideias geradas, escolha duas que considere mais vi\u00e1veis para aplica\u00e7\u00e3o no mercado e justifique sua escolha.<\/p>\n<p>d) Compare as duas ideias escolhidas com um produto concorrente ou substituto, explicando as diferen\u00e7as e vantagens competitivas.<\/p>\n<p>e) Elabore uma proposta de campanha publicit\u00e1ria ou experi\u00eancia de consumo que evidencie os benef\u00edcios das inova\u00e7\u00f5es apresentadas.<\/p>\n<p>f) Sugira uma estrat\u00e9gia para aumentar a atratividade do produto e gerar novas vendas, considerando o perfil dos clientes.<\/p>\n<p><strong>Orienta\u00e7\u00f5es gerais:<\/strong><\/p>\n<p>Utilize o\u00a0<strong>formul\u00e1rio padr\u00e3o<\/strong>\u00a0dispon\u00edvel no \u00edcone Material da Disciplina para registrar sua atividade.<\/p>\n<p>Ap\u00f3s anexar o arquivo, clique em\u00a0<em>Responder<\/em>\u00a0e em seguida em\u00a0<em>Finalizar Question\u00e1rio<\/em>\u00a0(ap\u00f3s finalizar, n\u00e3o ser\u00e1 poss\u00edvel reenviar ou editar o arquivo).<\/p>\n<p>Atividades entregues fora do prazo\u00a0<strong>n\u00e3o ser\u00e3o aceitas<\/strong>.<\/p>\n<p>Em caso de d\u00favidas, entre em contato pelo\u00a0<em>Fale com o mediador<\/em>.<\/p>\n<p><strong>ATEN\u00c7\u00c3O, ESTUDANTE:<\/strong><\/p>\n<p>&#8211; Realize a sua atividade MAPA no Formul\u00e1rio Padr\u00e3o que est\u00e1 dispon\u00edvel para download no Material da Disciplina.<\/p>\n<p>&#8211; Certifique-se sempre de que est\u00e1 encaminhando o arquivo correto no seu Studeo antes de finalizar, pois n\u00e3o haver\u00e1 como editar e\/ou enviar outro arquivo ap\u00f3s a finaliza\u00e7\u00e3o.<\/p>\n<p>&#8211; N\u00e3o esque\u00e7a de utilizar as cita\u00e7\u00f5es e refer\u00eancias de modo correto. Em Material da disciplina h\u00e1 um arquivo com normas para realiza\u00e7\u00e3o de cita\u00e7\u00f5es e refer\u00eancias.<\/p>\n<p>&#8211; Qualquer d\u00favida entre em contato com a media\u00e7\u00e3o.<\/p>\n<p>Bom trabalho!<\/p><\/div>\n","protected":false},"excerpt":{"rendered":"<p>QUEST\u00c3O 1 Para iniciarmos, leia atentamente o trecho a seguir: Quando uma organiza\u00e7\u00e3o deseja inovar em seus produtos ou servi\u00e7os,<\/p>\n","protected":false},"featured_media":2326,"template":"","meta":{"_monsterinsights_skip_tracking":false,"_monsterinsights_sitenote_active":false,"_monsterinsights_sitenote_note":"","_monsterinsights_sitenote_category":0},"product_brand":[],"product_cat":[22],"product_tag":[],"class_list":{"0":"post-6446","1":"product","2":"type-product","3":"status-publish","4":"has-post-thumbnail","6":"product_cat-administracao","8":"first","9":"instock","10":"downloadable","11":"virtual","12":"purchasable","13":"product-type-simple"},"yoast_head":"<!-- This site is optimized with the Yoast SEO plugin v27.4 - https:\/\/yoast.com\/product\/yoast-seo-wordpress\/ -->\n<title>Mapa - Abordagens Inovadoras em Administra\u00e7\u00e3o\u00a0-\u00a054\/2025<\/title>\n<meta name=\"description\" content=\"Atividade Mapa - Abordagens Inovadoras em Administra\u00e7\u00e3o\u00a0-\u00a054\/2025 &#8902; Unicesumar. Baixe agora mesmo um Mapa Pronto resolvido!\" \/>\n<meta name=\"robots\" content=\"index, follow, max-snippet:-1, max-image-preview:large, max-video-preview:-1\" \/>\n<link rel=\"canonical\" href=\"https:\/\/atividademapa.com\/?product=mapa-abordagens-inovadoras-em-administracao-54-2025\" \/>\n<meta property=\"og:locale\" content=\"pt_BR\" \/>\n<meta property=\"og:type\" content=\"article\" \/>\n<meta property=\"og:title\" content=\"Mapa - Abordagens Inovadoras em Administra\u00e7\u00e3o\u00a0-\u00a054\/2025\" \/>\n<meta property=\"og:description\" content=\"Atividade Mapa - Abordagens Inovadoras em Administra\u00e7\u00e3o\u00a0-\u00a054\/2025 &#8902; Unicesumar. Baixe agora mesmo um Mapa Pronto resolvido!\" \/>\n<meta property=\"og:url\" content=\"https:\/\/atividademapa.com\/?product=mapa-abordagens-inovadoras-em-administracao-54-2025\" \/>\n<meta property=\"og:site_name\" content=\"Atividade Mapa\" \/>\n<meta property=\"article:modified_time\" content=\"2025-10-09T01:57:39+00:00\" \/>\n<meta property=\"og:image\" content=\"https:\/\/i0.wp.com\/atividademapa.com\/wp-content\/uploads\/2023\/03\/Atividade-M.A.P.A-3.png?fit=300%2C300&ssl=1\" \/>\n\t<meta property=\"og:image:width\" content=\"300\" \/>\n\t<meta property=\"og:image:height\" content=\"300\" \/>\n\t<meta property=\"og:image:type\" content=\"image\/png\" \/>\n<meta name=\"twitter:card\" content=\"summary_large_image\" \/>\n<meta name=\"twitter:label1\" content=\"Est. tempo de leitura\" \/>\n\t<meta name=\"twitter:data1\" content=\"3 minutos\" \/>\n<script type=\"application\/ld+json\" class=\"yoast-schema-graph\">{\"@context\":\"https:\\\/\\\/schema.org\",\"@graph\":[{\"@type\":\"WebPage\",\"@id\":\"https:\\\/\\\/atividademapa.com\\\/?product=mapa-abordagens-inovadoras-em-administracao-54-2025\",\"url\":\"https:\\\/\\\/atividademapa.com\\\/?product=mapa-abordagens-inovadoras-em-administracao-54-2025\",\"name\":\"Mapa - Abordagens Inovadoras em Administra\u00e7\u00e3o\u00a0-\u00a054\\\/2025\",\"isPartOf\":{\"@id\":\"https:\\\/\\\/atividademapa.com\\\/#website\"},\"primaryImageOfPage\":{\"@id\":\"https:\\\/\\\/atividademapa.com\\\/?product=mapa-abordagens-inovadoras-em-administracao-54-2025#primaryimage\"},\"image\":{\"@id\":\"https:\\\/\\\/atividademapa.com\\\/?product=mapa-abordagens-inovadoras-em-administracao-54-2025#primaryimage\"},\"thumbnailUrl\":\"https:\\\/\\\/i0.wp.com\\\/atividademapa.com\\\/wp-content\\\/uploads\\\/2023\\\/03\\\/Atividade-M.A.P.A-3.png?fit=300%2C300&ssl=1\",\"datePublished\":\"2025-10-09T01:57:38+00:00\",\"dateModified\":\"2025-10-09T01:57:39+00:00\",\"description\":\"Atividade Mapa - Abordagens Inovadoras em Administra\u00e7\u00e3o\u00a0-\u00a054\\\/2025 &#8902; Unicesumar. Baixe agora mesmo um Mapa Pronto resolvido!\",\"breadcrumb\":{\"@id\":\"https:\\\/\\\/atividademapa.com\\\/?product=mapa-abordagens-inovadoras-em-administracao-54-2025#breadcrumb\"},\"inLanguage\":\"pt-BR\",\"potentialAction\":[{\"@type\":\"ReadAction\",\"target\":[\"https:\\\/\\\/atividademapa.com\\\/?product=mapa-abordagens-inovadoras-em-administracao-54-2025\"]}]},{\"@type\":\"ImageObject\",\"inLanguage\":\"pt-BR\",\"@id\":\"https:\\\/\\\/atividademapa.com\\\/?product=mapa-abordagens-inovadoras-em-administracao-54-2025#primaryimage\",\"url\":\"https:\\\/\\\/i0.wp.com\\\/atividademapa.com\\\/wp-content\\\/uploads\\\/2023\\\/03\\\/Atividade-M.A.P.A-3.png?fit=300%2C300&ssl=1\",\"contentUrl\":\"https:\\\/\\\/i0.wp.com\\\/atividademapa.com\\\/wp-content\\\/uploads\\\/2023\\\/03\\\/Atividade-M.A.P.A-3.png?fit=300%2C300&ssl=1\",\"width\":300,\"height\":300,\"caption\":\"Mapa Unicesumar Atividade\"},{\"@type\":\"BreadcrumbList\",\"@id\":\"https:\\\/\\\/atividademapa.com\\\/?product=mapa-abordagens-inovadoras-em-administracao-54-2025#breadcrumb\",\"itemListElement\":[{\"@type\":\"ListItem\",\"position\":1,\"name\":\"In\u00edcio\",\"item\":\"https:\\\/\\\/atividademapa.com\\\/\"},{\"@type\":\"ListItem\",\"position\":2,\"name\":\"MAPAS\",\"item\":\"https:\\\/\\\/atividademapa.com\\\/?page_id=5\"},{\"@type\":\"ListItem\",\"position\":3,\"name\":\"Mapa &#8211; Abordagens Inovadoras em Administra\u00e7\u00e3o\u00a0&#8211;\u00a054\\\/2025\"}]},{\"@type\":\"WebSite\",\"@id\":\"https:\\\/\\\/atividademapa.com\\\/#website\",\"url\":\"https:\\\/\\\/atividademapa.com\\\/\",\"name\":\"Atividade Mapa\",\"description\":\"StudeO | Unicesumar\",\"publisher\":{\"@id\":\"https:\\\/\\\/atividademapa.com\\\/#organization\"},\"potentialAction\":[{\"@type\":\"SearchAction\",\"target\":{\"@type\":\"EntryPoint\",\"urlTemplate\":\"https:\\\/\\\/atividademapa.com\\\/?s={search_term_string}\"},\"query-input\":{\"@type\":\"PropertyValueSpecification\",\"valueRequired\":true,\"valueName\":\"search_term_string\"}}],\"inLanguage\":\"pt-BR\"},{\"@type\":\"Organization\",\"@id\":\"https:\\\/\\\/atividademapa.com\\\/#organization\",\"name\":\"Atividade MAPA\",\"url\":\"https:\\\/\\\/atividademapa.com\\\/\",\"logo\":{\"@type\":\"ImageObject\",\"inLanguage\":\"pt-BR\",\"@id\":\"https:\\\/\\\/atividademapa.com\\\/#\\\/schema\\\/logo\\\/image\\\/\",\"url\":\"https:\\\/\\\/i0.wp.com\\\/atividademapa.com\\\/wp-content\\\/uploads\\\/2023\\\/02\\\/ATIVIDADE.png?fit=600%2C300&ssl=1\",\"contentUrl\":\"https:\\\/\\\/i0.wp.com\\\/atividademapa.com\\\/wp-content\\\/uploads\\\/2023\\\/02\\\/ATIVIDADE.png?fit=600%2C300&ssl=1\",\"width\":600,\"height\":300,\"caption\":\"Atividade MAPA\"},\"image\":{\"@id\":\"https:\\\/\\\/atividademapa.com\\\/#\\\/schema\\\/logo\\\/image\\\/\"}}]}<\/script>\n<!-- \/ Yoast SEO plugin. -->","yoast_head_json":{"title":"Mapa - Abordagens Inovadoras em Administra\u00e7\u00e3o\u00a0-\u00a054\/2025","description":"Atividade Mapa - Abordagens Inovadoras em Administra\u00e7\u00e3o\u00a0-\u00a054\/2025 &#8902; Unicesumar. Baixe agora mesmo um Mapa Pronto resolvido!","robots":{"index":"index","follow":"follow","max-snippet":"max-snippet:-1","max-image-preview":"max-image-preview:large","max-video-preview":"max-video-preview:-1"},"canonical":"https:\/\/atividademapa.com\/?product=mapa-abordagens-inovadoras-em-administracao-54-2025","og_locale":"pt_BR","og_type":"article","og_title":"Mapa - Abordagens Inovadoras em Administra\u00e7\u00e3o\u00a0-\u00a054\/2025","og_description":"Atividade Mapa - Abordagens Inovadoras em Administra\u00e7\u00e3o\u00a0-\u00a054\/2025 &#8902; Unicesumar. Baixe agora mesmo um Mapa Pronto resolvido!","og_url":"https:\/\/atividademapa.com\/?product=mapa-abordagens-inovadoras-em-administracao-54-2025","og_site_name":"Atividade Mapa","article_modified_time":"2025-10-09T01:57:39+00:00","og_image":[{"width":300,"height":300,"url":"https:\/\/i0.wp.com\/atividademapa.com\/wp-content\/uploads\/2023\/03\/Atividade-M.A.P.A-3.png?fit=300%2C300&ssl=1","type":"image\/png"}],"twitter_card":"summary_large_image","twitter_misc":{"Est. tempo de leitura":"3 minutos"},"schema":{"@context":"https:\/\/schema.org","@graph":[{"@type":"WebPage","@id":"https:\/\/atividademapa.com\/?product=mapa-abordagens-inovadoras-em-administracao-54-2025","url":"https:\/\/atividademapa.com\/?product=mapa-abordagens-inovadoras-em-administracao-54-2025","name":"Mapa - Abordagens Inovadoras em Administra\u00e7\u00e3o\u00a0-\u00a054\/2025","isPartOf":{"@id":"https:\/\/atividademapa.com\/#website"},"primaryImageOfPage":{"@id":"https:\/\/atividademapa.com\/?product=mapa-abordagens-inovadoras-em-administracao-54-2025#primaryimage"},"image":{"@id":"https:\/\/atividademapa.com\/?product=mapa-abordagens-inovadoras-em-administracao-54-2025#primaryimage"},"thumbnailUrl":"https:\/\/i0.wp.com\/atividademapa.com\/wp-content\/uploads\/2023\/03\/Atividade-M.A.P.A-3.png?fit=300%2C300&ssl=1","datePublished":"2025-10-09T01:57:38+00:00","dateModified":"2025-10-09T01:57:39+00:00","description":"Atividade Mapa - Abordagens Inovadoras em Administra\u00e7\u00e3o\u00a0-\u00a054\/2025 &#8902; Unicesumar. Baixe agora mesmo um Mapa Pronto resolvido!","breadcrumb":{"@id":"https:\/\/atividademapa.com\/?product=mapa-abordagens-inovadoras-em-administracao-54-2025#breadcrumb"},"inLanguage":"pt-BR","potentialAction":[{"@type":"ReadAction","target":["https:\/\/atividademapa.com\/?product=mapa-abordagens-inovadoras-em-administracao-54-2025"]}]},{"@type":"ImageObject","inLanguage":"pt-BR","@id":"https:\/\/atividademapa.com\/?product=mapa-abordagens-inovadoras-em-administracao-54-2025#primaryimage","url":"https:\/\/i0.wp.com\/atividademapa.com\/wp-content\/uploads\/2023\/03\/Atividade-M.A.P.A-3.png?fit=300%2C300&ssl=1","contentUrl":"https:\/\/i0.wp.com\/atividademapa.com\/wp-content\/uploads\/2023\/03\/Atividade-M.A.P.A-3.png?fit=300%2C300&ssl=1","width":300,"height":300,"caption":"Mapa Unicesumar Atividade"},{"@type":"BreadcrumbList","@id":"https:\/\/atividademapa.com\/?product=mapa-abordagens-inovadoras-em-administracao-54-2025#breadcrumb","itemListElement":[{"@type":"ListItem","position":1,"name":"In\u00edcio","item":"https:\/\/atividademapa.com\/"},{"@type":"ListItem","position":2,"name":"MAPAS","item":"https:\/\/atividademapa.com\/?page_id=5"},{"@type":"ListItem","position":3,"name":"Mapa &#8211; Abordagens Inovadoras em Administra\u00e7\u00e3o\u00a0&#8211;\u00a054\/2025"}]},{"@type":"WebSite","@id":"https:\/\/atividademapa.com\/#website","url":"https:\/\/atividademapa.com\/","name":"Atividade Mapa","description":"StudeO | Unicesumar","publisher":{"@id":"https:\/\/atividademapa.com\/#organization"},"potentialAction":[{"@type":"SearchAction","target":{"@type":"EntryPoint","urlTemplate":"https:\/\/atividademapa.com\/?s={search_term_string}"},"query-input":{"@type":"PropertyValueSpecification","valueRequired":true,"valueName":"search_term_string"}}],"inLanguage":"pt-BR"},{"@type":"Organization","@id":"https:\/\/atividademapa.com\/#organization","name":"Atividade MAPA","url":"https:\/\/atividademapa.com\/","logo":{"@type":"ImageObject","inLanguage":"pt-BR","@id":"https:\/\/atividademapa.com\/#\/schema\/logo\/image\/","url":"https:\/\/i0.wp.com\/atividademapa.com\/wp-content\/uploads\/2023\/02\/ATIVIDADE.png?fit=600%2C300&ssl=1","contentUrl":"https:\/\/i0.wp.com\/atividademapa.com\/wp-content\/uploads\/2023\/02\/ATIVIDADE.png?fit=600%2C300&ssl=1","width":600,"height":300,"caption":"Atividade MAPA"},"image":{"@id":"https:\/\/atividademapa.com\/#\/schema\/logo\/image\/"}}]}},"_links":{"self":[{"href":"https:\/\/atividademapa.com\/index.php?rest_route=\/wp\/v2\/product\/6446","targetHints":{"allow":["GET"]}}],"collection":[{"href":"https:\/\/atividademapa.com\/index.php?rest_route=\/wp\/v2\/product"}],"about":[{"href":"https:\/\/atividademapa.com\/index.php?rest_route=\/wp\/v2\/types\/product"}],"version-history":[{"count":1,"href":"https:\/\/atividademapa.com\/index.php?rest_route=\/wp\/v2\/product\/6446\/revisions"}],"predecessor-version":[{"id":6448,"href":"https:\/\/atividademapa.com\/index.php?rest_route=\/wp\/v2\/product\/6446\/revisions\/6448"}],"wp:featuredmedia":[{"embeddable":true,"href":"https:\/\/atividademapa.com\/index.php?rest_route=\/wp\/v2\/media\/2326"}],"wp:attachment":[{"href":"https:\/\/atividademapa.com\/index.php?rest_route=%2Fwp%2Fv2%2Fmedia&parent=6446"}],"wp:term":[{"taxonomy":"product_brand","embeddable":true,"href":"https:\/\/atividademapa.com\/index.php?rest_route=%2Fwp%2Fv2%2Fproduct_brand&post=6446"},{"taxonomy":"product_cat","embeddable":true,"href":"https:\/\/atividademapa.com\/index.php?rest_route=%2Fwp%2Fv2%2Fproduct_cat&post=6446"},{"taxonomy":"product_tag","embeddable":true,"href":"https:\/\/atividademapa.com\/index.php?rest_route=%2Fwp%2Fv2%2Fproduct_tag&post=6446"}],"curies":[{"name":"wp","href":"https:\/\/api.w.org\/{rel}","templated":true}]}}